{"id":318784,"date":"2025-06-12T13:44:07","date_gmt":"2025-06-12T13:44:07","guid":{"rendered":"http:\/\/theuncommonshop.ch\/produkt\/318784\/"},"modified":"2026-03-28T16:16:21","modified_gmt":"2026-03-28T15:16:21","slug":"pokemon-sword-shield-base-set-swsh01-elite-trainer-box-zamazenta-2","status":"publish","type":"product","link":"https:\/\/theuncommonshop.ch\/fr\/product\/pokemon-sword-shield-base-set-swsh01-elite-trainer-box-zamazenta-2\/","title":{"rendered":"Pok\u00e9mon &#8211; Sword &amp; Shield &#8211; Base Set (SWSH01) &#8211; Elite Trainer Box &#8211; Zamazenta"},"content":{"rendered":"<p><strong>Pok\u00e9mon &#8211; Sword &amp; Shield &#8211; Base Set (SWSH01) &#8211; Elite Trainer Box &#8211; Zamazenta<\/strong><\/p>\n<p>Une nouvelle \u00e8re du jeu de cartes \u00e0 collectionner Pok\u00e9mon s&#8217;est ouverte avec les d\u00e9buts de l&#8217;extension du jeu de cartes \u00e0 collectionner Pok\u00e9mon <em>Schwert &amp; Schild<\/em>. Cette Top Trainer Box est un excellent point de d\u00e9part pour votre collection de Pok\u00e9mon Galar. Cette bo\u00eete de collectionneur permet \u00e0 votre collection de prendre un bon d\u00e9part avec huit boosters de l&#8217;extension <em>Schwert &amp; Schild<\/em>, une s\u00e9lection de cartes \u00e9nergie et 65 prot\u00e8ge-cartes avec le Pok\u00e9mon l\u00e9gendaire Zacian ou Zamazenta pour prot\u00e9ger vos cartes. Vous recevrez \u00e9galement des accessoires tels que des d\u00e9s et des jetons en plastique pour les \u00e9tats sp\u00e9ciaux, ainsi qu&#8217;un manuel de jeu avec des strat\u00e9gies utiles et des illustrations de chaque carte de l&#8217;extension. Les collectionneurs et les joueurs de jeu de cartes \u00e0 collectionner Pok\u00e9mon comp\u00e9titifs appr\u00e9cieront la Top Trainer Box de l&#8217;extension du jeu de cartes \u00e0 collectionner Pok\u00e9mon <em>Schwert &amp; Schild !<\/em>     <\/p>\n<p>La Top Trainer Box <em>Schwert &amp; Schild<\/em> du jeu de cartes \u00e0 collectionner Pok\u00e9mon contient :<\/p>\n<ul>\n<li>8 boosters de l&#8217;extension du jeu de cartes \u00e0 collectionner Pok\u00e9mon <em>Schwert &amp; Schild !<\/em><\/li>\n<li>65 pochettes de cartes avec Zamazenta<\/li>\n<li>45 cartes \u00e9nergie du jeu de cartes \u00e0 collectionner Pok\u00e9mon<\/li>\n<li>1 manuel de jeu pour l&#8217;extension <em>Schwert &amp; Schild<\/em><\/li>\n<li>6 cubes de marqueurs de dommages<\/li>\n<li>1 d\u00e9 \u00e0 pile ou face autoris\u00e9 dans les comp\u00e9titions<\/li>\n<li>2 \u00e9tiquettes plastiques pour les \u00e9tats sp\u00e9ciaux<\/li>\n<li>1 bo\u00eete de rangement pour stocker tous les articles avec 4 s\u00e9parateurs pour les organiser<\/li>\n<li>1 carte de code<\/li>\n<\/ul>\n","protected":false},"excerpt":{"rendered":"<p>Pok\u00e9mon &#8211; Sword &amp; Shield &#8211; Base Set (SWSH01) &#8211; Elite Trainer Box &#8211; Zamazenta Une nouvelle \u00e8re du jeu<\/p>\n","protected":false},"featured_media":27150,"comment_status":"open","ping_status":"closed","template":"","meta":{"_acf_changed":false},"product_brand":[5114,5072],"product_cat":[9809,10111],"product_tag":[],"class_list":{"0":"post-318784","1":"product","2":"type-product","3":"status-publish","4":"has-post-thumbnail","6":"product_brand-pokemon","7":"product_brand-the-pokemon-company","8":"product_cat-coffret-dresseur-delite","9":"product_cat-swsh01-epee-et-bouclier-base-set","11":"first","12":"outofstock","13":"taxable","14":"shipping-taxable","15":"purchasable","16":"product-type-variable"},"acf":[],"yoast_head":"<!-- This site is optimized with the Yoast SEO plugin v27.4 - https:\/\/yoast.com\/product\/yoast-seo-wordpress\/ -->\n<title>Ach\u00e8te Pok\u00e9mon - Sword &amp; Shield - Base Set (SWSH01) - Elite Trainer Box - Zamazenta<\/title>\n<meta name=\"description\" content=\"Ach\u00e8te Pok\u00e9mon - Sword &amp; Shield - Base Set (SWSH01) - Elite Trainer Box - Zamazenta en ligne maintenant \u00e0 petit prix! Ton #1 shop pour cartes TCG &amp; Pok\u00e9mon en Suisse \u2713 Livraison gratuite d\u00e8s CHF 29\" \/>\n<meta name=\"robots\" content=\"index, follow, max-snippet:-1, max-image-preview:large, max-video-preview:-1\" \/>\n<link rel=\"canonical\" href=\"https:\/\/theuncommonshop.ch\/fr\/product\/pokemon-sword-shield-base-set-swsh01-elite-trainer-box-zamazenta-2\/\" \/>\n<meta property=\"og:locale\" content=\"fr_FR\" \/>\n<meta property=\"og:type\" content=\"article\" \/>\n<meta property=\"og:title\" content=\"Ach\u00e8te Pok\u00e9mon - Sword &amp; Shield - Base Set (SWSH01) - Elite Trainer Box - Zamazenta\" \/>\n<meta property=\"og:description\" content=\"Ach\u00e8te Pok\u00e9mon - Sword &amp; Shield - Base Set (SWSH01) - Elite Trainer Box - Zamazenta en ligne maintenant \u00e0 petit prix! Ton #1 shop pour cartes TCG &amp; Pok\u00e9mon en Suisse \u2713 Livraison gratuite d\u00e8s CHF 29\" \/>\n<meta property=\"og:url\" content=\"https:\/\/theuncommonshop.ch\/fr\/product\/pokemon-sword-shield-base-set-swsh01-elite-trainer-box-zamazenta-2\/\" \/>\n<meta property=\"og:site_name\" content=\"Largest trading card shop in Switzerland\" \/>\n<meta property=\"article:modified_time\" content=\"2026-03-28T15:16:21+00:00\" \/>\n<meta property=\"og:image\" content=\"https:\/\/theuncommonshop.ch\/wp-content\/uploads\/2025\/05\/1290453075.jpg\" \/>\n\t<meta property=\"og:image:width\" content=\"900\" \/>\n\t<meta property=\"og:image:height\" content=\"900\" \/>\n\t<meta property=\"og:image:type\" content=\"image\/jpeg\" \/>\n<meta name=\"twitter:card\" content=\"summary_large_image\" \/>\n<meta name=\"twitter:label1\" content=\"Disponibilit\u00e9\" \/>\n\t<meta name=\"twitter:data1\" content=\"Rupture de stock\" \/>\n<script type=\"application\/ld+json\" class=\"yoast-schema-graph\">{\"@context\":\"https:\\\/\\\/schema.org\",\"@graph\":[{\"@type\":\"WebPage\",\"@id\":\"https:\\\/\\\/theuncommonshop.ch\\\/fr\\\/product\\\/pokemon-sword-shield-base-set-swsh01-elite-trainer-box-zamazenta-2\\\/\",\"url\":\"https:\\\/\\\/theuncommonshop.ch\\\/fr\\\/product\\\/pokemon-sword-shield-base-set-swsh01-elite-trainer-box-zamazenta-2\\\/\",\"name\":\"Ach\u00e8te Pok\u00e9mon - Sword &amp; Shield - Base Set (SWSH01) - Elite Trainer Box - Zamazenta\",\"isPartOf\":{\"@id\":\"https:\\\/\\\/theuncommonshop.ch\\\/#website\"},\"primaryImageOfPage\":{\"@id\":\"https:\\\/\\\/theuncommonshop.ch\\\/fr\\\/product\\\/pokemon-sword-shield-base-set-swsh01-elite-trainer-box-zamazenta-2\\\/#primaryimage\"},\"image\":{\"@id\":\"https:\\\/\\\/theuncommonshop.ch\\\/fr\\\/product\\\/pokemon-sword-shield-base-set-swsh01-elite-trainer-box-zamazenta-2\\\/#primaryimage\"},\"thumbnailUrl\":\"https:\\\/\\\/theuncommonshop.ch\\\/wp-content\\\/uploads\\\/2025\\\/05\\\/1290453075.jpg\",\"datePublished\":\"2025-06-12T13:44:07+00:00\",\"dateModified\":\"2026-03-28T15:16:21+00:00\",\"description\":\"Ach\u00e8te Pok\u00e9mon - Sword &amp; Shield - Base Set (SWSH01) - Elite Trainer Box - Zamazenta en ligne maintenant \u00e0 petit prix! Ton #1 shop pour cartes TCG & Pok\u00e9mon en Suisse \u2713 Livraison gratuite d\u00e8s CHF 29\",\"breadcrumb\":{\"@id\":\"https:\\\/\\\/theuncommonshop.ch\\\/fr\\\/product\\\/pokemon-sword-shield-base-set-swsh01-elite-trainer-box-zamazenta-2\\\/#breadcrumb\"},\"inLanguage\":\"fr-FR\",\"potentialAction\":[{\"@type\":\"ReadAction\",\"target\":[\"https:\\\/\\\/theuncommonshop.ch\\\/fr\\\/product\\\/pokemon-sword-shield-base-set-swsh01-elite-trainer-box-zamazenta-2\\\/\"]}]},{\"@type\":\"ImageObject\",\"inLanguage\":\"fr-FR\",\"@id\":\"https:\\\/\\\/theuncommonshop.ch\\\/fr\\\/product\\\/pokemon-sword-shield-base-set-swsh01-elite-trainer-box-zamazenta-2\\\/#primaryimage\",\"url\":\"https:\\\/\\\/theuncommonshop.ch\\\/wp-content\\\/uploads\\\/2025\\\/05\\\/1290453075.jpg\",\"contentUrl\":\"https:\\\/\\\/theuncommonshop.ch\\\/wp-content\\\/uploads\\\/2025\\\/05\\\/1290453075.jpg\",\"width\":900,\"height\":900},{\"@type\":\"BreadcrumbList\",\"@id\":\"https:\\\/\\\/theuncommonshop.ch\\\/fr\\\/product\\\/pokemon-sword-shield-base-set-swsh01-elite-trainer-box-zamazenta-2\\\/#breadcrumb\",\"itemListElement\":[{\"@type\":\"ListItem\",\"position\":1,\"name\":\"Accueil\",\"item\":\"https:\\\/\\\/theuncommonshop.ch\\\/fr\\\/accueil\\\/\"},{\"@type\":\"ListItem\",\"position\":2,\"name\":\"Boutique\",\"item\":\"https:\\\/\\\/theuncommonshop.ch\\\/fr\\\/boutique\\\/\"},{\"@type\":\"ListItem\",\"position\":3,\"name\":\"Pok\u00e9mon\",\"item\":\"https:\\\/\\\/theuncommonshop.ch\\\/fr\\\/categorie-produit\\\/pokemon-fr\\\/\"},{\"@type\":\"ListItem\",\"position\":4,\"name\":\"Produits par lots\",\"item\":\"https:\\\/\\\/theuncommonshop.ch\\\/fr\\\/categorie-produit\\\/pokemon-fr\\\/produits-par-lots\\\/\"},{\"@type\":\"ListItem\",\"position\":5,\"name\":\"\u00c9p\u00e9e & Bouclier\",\"item\":\"https:\\\/\\\/theuncommonshop.ch\\\/fr\\\/categorie-produit\\\/pokemon-fr\\\/produits-par-lots\\\/epee-et-bouclier\\\/\"},{\"@type\":\"ListItem\",\"position\":6,\"name\":\"SWSH01 \u00c9p\u00e9e & Bouclier Base Set\",\"item\":\"https:\\\/\\\/theuncommonshop.ch\\\/fr\\\/categorie-produit\\\/pokemon-fr\\\/produits-par-lots\\\/epee-et-bouclier\\\/swsh01-epee-et-bouclier-base-set\\\/\"},{\"@type\":\"ListItem\",\"position\":7,\"name\":\"Pok\u00e9mon &#8211; Sword &amp; Shield &#8211; Base Set (SWSH01) &#8211; Elite Trainer Box &#8211; Zamazenta\"}]},{\"@type\":\"WebSite\",\"@id\":\"https:\\\/\\\/theuncommonshop.ch\\\/#website\",\"url\":\"https:\\\/\\\/theuncommonshop.ch\\\/\",\"name\":\"Largest trading card shop in Switzerland\",\"description\":\"Magic, Pok\u00e9mon and Yu-gi-oh - The Uncommon Shop\",\"potentialAction\":[{\"@type\":\"SearchAction\",\"target\":{\"@type\":\"EntryPoint\",\"urlTemplate\":\"https:\\\/\\\/theuncommonshop.ch\\\/?s={search_term_string}\"},\"query-input\":{\"@type\":\"PropertyValueSpecification\",\"valueRequired\":true,\"valueName\":\"search_term_string\"}}],\"inLanguage\":\"fr-FR\"}]}<\/script>\n<meta property=\"og:availability\" content=\"out of stock\" \/>\n<meta property=\"product:availability\" content=\"out of stock\" \/>\n<meta property=\"product:condition\" content=\"new\" \/>\n<!-- \/ Yoast SEO plugin. -->","yoast_head_json":{"title":"Ach\u00e8te Pok\u00e9mon - Sword &amp; Shield - Base Set (SWSH01) - Elite Trainer Box - Zamazenta","description":"Ach\u00e8te Pok\u00e9mon - Sword &amp; Shield - Base Set (SWSH01) - Elite Trainer Box - Zamazenta en ligne maintenant \u00e0 petit prix! Ton #1 shop pour cartes TCG & Pok\u00e9mon en Suisse \u2713 Livraison gratuite d\u00e8s CHF 29","robots":{"index":"index","follow":"follow","max-snippet":"max-snippet:-1","max-image-preview":"max-image-preview:large","max-video-preview":"max-video-preview:-1"},"canonical":"https:\/\/theuncommonshop.ch\/fr\/product\/pokemon-sword-shield-base-set-swsh01-elite-trainer-box-zamazenta-2\/","og_locale":"fr_FR","og_type":"article","og_title":"Ach\u00e8te Pok\u00e9mon - Sword &amp; Shield - Base Set (SWSH01) - Elite Trainer Box - Zamazenta","og_description":"Ach\u00e8te Pok\u00e9mon - Sword &amp; Shield - Base Set (SWSH01) - Elite Trainer Box - Zamazenta en ligne maintenant \u00e0 petit prix! Ton #1 shop pour cartes TCG & Pok\u00e9mon en Suisse \u2713 Livraison gratuite d\u00e8s CHF 29","og_url":"https:\/\/theuncommonshop.ch\/fr\/product\/pokemon-sword-shield-base-set-swsh01-elite-trainer-box-zamazenta-2\/","og_site_name":"Largest trading card shop in Switzerland","article_modified_time":"2026-03-28T15:16:21+00:00","og_image":[{"width":900,"height":900,"url":"https:\/\/theuncommonshop.ch\/wp-content\/uploads\/2025\/05\/1290453075.jpg","type":"image\/jpeg"}],"twitter_card":"summary_large_image","twitter_misc":{"Disponibilit\u00e9":"Rupture de stock"},"schema":{"@context":"https:\/\/schema.org","@graph":[{"@type":"WebPage","@id":"https:\/\/theuncommonshop.ch\/fr\/product\/pokemon-sword-shield-base-set-swsh01-elite-trainer-box-zamazenta-2\/","url":"https:\/\/theuncommonshop.ch\/fr\/product\/pokemon-sword-shield-base-set-swsh01-elite-trainer-box-zamazenta-2\/","name":"Ach\u00e8te Pok\u00e9mon - Sword &amp; Shield - Base Set (SWSH01) - Elite Trainer Box - Zamazenta","isPartOf":{"@id":"https:\/\/theuncommonshop.ch\/#website"},"primaryImageOfPage":{"@id":"https:\/\/theuncommonshop.ch\/fr\/product\/pokemon-sword-shield-base-set-swsh01-elite-trainer-box-zamazenta-2\/#primaryimage"},"image":{"@id":"https:\/\/theuncommonshop.ch\/fr\/product\/pokemon-sword-shield-base-set-swsh01-elite-trainer-box-zamazenta-2\/#primaryimage"},"thumbnailUrl":"https:\/\/theuncommonshop.ch\/wp-content\/uploads\/2025\/05\/1290453075.jpg","datePublished":"2025-06-12T13:44:07+00:00","dateModified":"2026-03-28T15:16:21+00:00","description":"Ach\u00e8te Pok\u00e9mon - Sword &amp; Shield - Base Set (SWSH01) - Elite Trainer Box - Zamazenta en ligne maintenant \u00e0 petit prix! Ton #1 shop pour cartes TCG & Pok\u00e9mon en Suisse \u2713 Livraison gratuite d\u00e8s CHF 29","breadcrumb":{"@id":"https:\/\/theuncommonshop.ch\/fr\/product\/pokemon-sword-shield-base-set-swsh01-elite-trainer-box-zamazenta-2\/#breadcrumb"},"inLanguage":"fr-FR","potentialAction":[{"@type":"ReadAction","target":["https:\/\/theuncommonshop.ch\/fr\/product\/pokemon-sword-shield-base-set-swsh01-elite-trainer-box-zamazenta-2\/"]}]},{"@type":"ImageObject","inLanguage":"fr-FR","@id":"https:\/\/theuncommonshop.ch\/fr\/product\/pokemon-sword-shield-base-set-swsh01-elite-trainer-box-zamazenta-2\/#primaryimage","url":"https:\/\/theuncommonshop.ch\/wp-content\/uploads\/2025\/05\/1290453075.jpg","contentUrl":"https:\/\/theuncommonshop.ch\/wp-content\/uploads\/2025\/05\/1290453075.jpg","width":900,"height":900},{"@type":"BreadcrumbList","@id":"https:\/\/theuncommonshop.ch\/fr\/product\/pokemon-sword-shield-base-set-swsh01-elite-trainer-box-zamazenta-2\/#breadcrumb","itemListElement":[{"@type":"ListItem","position":1,"name":"Accueil","item":"https:\/\/theuncommonshop.ch\/fr\/accueil\/"},{"@type":"ListItem","position":2,"name":"Boutique","item":"https:\/\/theuncommonshop.ch\/fr\/boutique\/"},{"@type":"ListItem","position":3,"name":"Pok\u00e9mon","item":"https:\/\/theuncommonshop.ch\/fr\/categorie-produit\/pokemon-fr\/"},{"@type":"ListItem","position":4,"name":"Produits par lots","item":"https:\/\/theuncommonshop.ch\/fr\/categorie-produit\/pokemon-fr\/produits-par-lots\/"},{"@type":"ListItem","position":5,"name":"\u00c9p\u00e9e & Bouclier","item":"https:\/\/theuncommonshop.ch\/fr\/categorie-produit\/pokemon-fr\/produits-par-lots\/epee-et-bouclier\/"},{"@type":"ListItem","position":6,"name":"SWSH01 \u00c9p\u00e9e & Bouclier Base Set","item":"https:\/\/theuncommonshop.ch\/fr\/categorie-produit\/pokemon-fr\/produits-par-lots\/epee-et-bouclier\/swsh01-epee-et-bouclier-base-set\/"},{"@type":"ListItem","position":7,"name":"Pok\u00e9mon &#8211; Sword &amp; Shield &#8211; Base Set (SWSH01) &#8211; Elite Trainer Box &#8211; Zamazenta"}]},{"@type":"WebSite","@id":"https:\/\/theuncommonshop.ch\/#website","url":"https:\/\/theuncommonshop.ch\/","name":"Largest trading card shop in Switzerland","description":"Magic, Pok\u00e9mon and Yu-gi-oh - The Uncommon Shop","potentialAction":[{"@type":"SearchAction","target":{"@type":"EntryPoint","urlTemplate":"https:\/\/theuncommonshop.ch\/?s={search_term_string}"},"query-input":{"@type":"PropertyValueSpecification","valueRequired":true,"valueName":"search_term_string"}}],"inLanguage":"fr-FR"}]},"og_availability":"out of stock","product_availability":"out of stock","product_condition":"new"},"_links":{"self":[{"href":"https:\/\/theuncommonshop.ch\/fr\/wp-json\/wp\/v2\/product\/318784","targetHints":{"allow":["GET"]}}],"collection":[{"href":"https:\/\/theuncommonshop.ch\/fr\/wp-json\/wp\/v2\/product"}],"about":[{"href":"https:\/\/theuncommonshop.ch\/fr\/wp-json\/wp\/v2\/types\/product"}],"replies":[{"embeddable":true,"href":"https:\/\/theuncommonshop.ch\/fr\/wp-json\/wp\/v2\/comments?post=318784"}],"version-history":[{"count":2,"href":"https:\/\/theuncommonshop.ch\/fr\/wp-json\/wp\/v2\/product\/318784\/revisions"}],"predecessor-version":[{"id":354360,"href":"https:\/\/theuncommonshop.ch\/fr\/wp-json\/wp\/v2\/product\/318784\/revisions\/354360"}],"wp:featuredmedia":[{"embeddable":true,"href":"https:\/\/theuncommonshop.ch\/fr\/wp-json\/wp\/v2\/media\/27150"}],"wp:attachment":[{"href":"https:\/\/theuncommonshop.ch\/fr\/wp-json\/wp\/v2\/media?parent=318784"}],"wp:term":[{"taxonomy":"product_brand","embeddable":true,"href":"https:\/\/theuncommonshop.ch\/fr\/wp-json\/wp\/v2\/product_brand?post=318784"},{"taxonomy":"product_cat","embeddable":true,"href":"https:\/\/theuncommonshop.ch\/fr\/wp-json\/wp\/v2\/product_cat?post=318784"},{"taxonomy":"product_tag","embeddable":true,"href":"https:\/\/theuncommonshop.ch\/fr\/wp-json\/wp\/v2\/product_tag?post=318784"}],"curies":[{"name":"wp","href":"https:\/\/api.w.org\/{rel}","templated":true}]}}