{"id":318652,"date":"2025-06-12T13:28:07","date_gmt":"2025-06-12T13:28:07","guid":{"rendered":"http:\/\/theuncommonshop.ch\/produkt\/318652\/"},"modified":"2026-03-30T16:44:16","modified_gmt":"2026-03-30T14:44:16","slug":"magic-bloomburrow-einsteigerpaket-2","status":"publish","type":"product","link":"https:\/\/theuncommonshop.ch\/fr\/product\/magic-bloomburrow-einsteigerpaket-2\/","title":{"rendered":"Magic : Bloomburrow &#8211; Pack d&#8217;initiation"},"content":{"rendered":"<ul>\n<li>VOUS VOULEZ VOUS LANCER DANS MAGIC ? &#8211; Tout ce dont vous avez besoin pour votre premi\u00e8re partie de Magic : The Gathering, le tout en un. R\u00e9duisez votre taille \u00e0 celle d&#8217;un petit animal et battez-vous pour Thal avec deux decks pr\u00e9-construits de 60 cartes.  <\/li>\n<li>PETITES PATES, GRANDES AVENTURES &#8211; Montrez-vous sous votre meilleur jour et entrez dans le monde de Bloomburrow ; combattez aux c\u00f4t\u00e9s d&#8217;adorables animaux et prouvez que le courage existe dans toutes les tailles !<\/li>\n<li>APPRENDRE AVEC UN AMI COMMENT JOUER AU MAGIC &#8211; Ces decks sont parfaits pour jouer \u00e0 votre premi\u00e8re partie de Magic, apprendre \u00e0 jouer \u00e0 vos amis et \u00e0 votre famille ou simplement vous amuser lors d&#8217;une soir\u00e9e de jeu ; apprenez \u00e0 jouer avec le guide du joueur inclus ou le tutoriel interactif en ligne dans Magic : The Gathering Arena.<\/li>\n<li>DEUX DECKS PR\u00caT \u00c0 JOUER AVEC 60 CARTES &#8211; Renforcez une arm\u00e9e de cr\u00e9atures de la For\u00eat pour submerger vos adversaires avec le deck \u00c9levage de lapins, ou laissez vos amis les loutres nager \u00e0 c\u00f4t\u00e9 des d\u00e9fenses de vos adversaires avec le deck Fronti\u00e8res de loutres.<\/li>\n<li>CARTES RARES PARTICULI\u00c8RES &#8211; Commencez votre collection avec 2 cartes fabuleusement rares qui brillent par une impression de carte Foil traditionnelle et 8 cartes rares (1 carte fabuleusement rare et 4 cartes rares dans chaque deck).<\/li>\n<li>JOUEZ SUR PLACE OU EN LIGNE &#8211; En plus des decks physiques, ce pack contient des codes pour 2 personnes afin de d\u00e9bloquer les deux decks et de jouer l&#8217;un contre l&#8217;autre en ligne dans MTG Arena (qui est disponible pour les ordinateurs de bureau et les appareils mobiles).<\/li>\n<li>JOUEZ \u00c0 UN JEU QUI MELIE LES ILLUSTRATIONS, L&#8217;HISTOIRE ET LA STRAT\u00c9GIE &#8211; Magic : The Gathering est un jeu de cartes \u00e0 collectionner qui m\u00eale une strat\u00e9gie profonde \u00e0 des illustrations et des m\u00e9canismes qui explorent les th\u00e8mes d&#8217;un monde et d&#8217;une histoire sp\u00e9cifiques &#8211; que vous souhaitiez jouer une partie occasionnelle avec des amis, collectionner des cartes sympas ou participer \u00e0 des comp\u00e9titions, Magic vous accueille dans The Gathering.<\/li>\n<\/ul>\n","protected":false},"excerpt":{"rendered":"<p>VOUS VOULEZ VOUS LANCER DANS MAGIC ? &#8211; Tout ce dont vous avez besoin pour votre premi\u00e8re partie de Magic<\/p>\n","protected":false},"featured_media":26539,"comment_status":"open","ping_status":"closed","template":"","meta":{"_acf_changed":false},"product_brand":[5158,5070],"product_cat":[10183,9977,9967,9991],"product_tag":[],"class_list":{"0":"post-318652","1":"product","2":"type-product","3":"status-publish","4":"has-post-thumbnail","6":"product_brand-magic-the-gathering","7":"product_brand-wizards-of-the-coast","8":"product_cat-bloomburrow","9":"product_cat-debutant-2","10":"product_cat-magic-the-gathering-fr","11":"product_cat-produits-par-lots-mtg","13":"first","14":"outofstock","15":"taxable","16":"shipping-taxable","17":"purchasable","18":"product-type-variable"},"acf":[],"yoast_head":"<!-- This site is optimized with the Yoast SEO plugin v27.4 - https:\/\/yoast.com\/product\/yoast-seo-wordpress\/ -->\n<title>Ach\u00e8te Magic : Bloomburrow - Pack d&#039;initiation<\/title>\n<meta name=\"description\" content=\"Ach\u00e8te Magic : Bloomburrow - Pack d&#039;initiation en ligne maintenant \u00e0 petit prix! Ton #1 shop pour cartes TCG &amp; Pok\u00e9mon en Suisse \u2713 Livraison gratuite d\u00e8s CHF 29\" \/>\n<meta name=\"robots\" content=\"index, follow, max-snippet:-1, max-image-preview:large, max-video-preview:-1\" \/>\n<link rel=\"canonical\" href=\"https:\/\/theuncommonshop.ch\/fr\/product\/magic-bloomburrow-einsteigerpaket-2\/\" \/>\n<meta property=\"og:locale\" content=\"fr_FR\" \/>\n<meta property=\"og:type\" content=\"article\" \/>\n<meta property=\"og:title\" content=\"Ach\u00e8te Magic : Bloomburrow - Pack d&#039;initiation\" \/>\n<meta property=\"og:description\" content=\"Ach\u00e8te Magic : Bloomburrow - Pack d&#039;initiation en ligne maintenant \u00e0 petit prix! Ton #1 shop pour cartes TCG &amp; Pok\u00e9mon en Suisse \u2713 Livraison gratuite d\u00e8s CHF 29\" \/>\n<meta property=\"og:url\" content=\"https:\/\/theuncommonshop.ch\/fr\/product\/magic-bloomburrow-einsteigerpaket-2\/\" \/>\n<meta property=\"og:site_name\" content=\"Largest trading card shop in Switzerland\" \/>\n<meta property=\"article:modified_time\" content=\"2026-03-30T14:44:16+00:00\" \/>\n<meta property=\"og:image\" content=\"https:\/\/theuncommonshop.ch\/wp-content\/uploads\/2025\/05\/4163665688.jpg\" \/>\n\t<meta property=\"og:image:width\" content=\"542\" \/>\n\t<meta property=\"og:image:height\" content=\"460\" \/>\n\t<meta property=\"og:image:type\" content=\"image\/jpeg\" \/>\n<meta name=\"twitter:card\" content=\"summary_large_image\" \/>\n<meta name=\"twitter:label1\" content=\"Disponibilit\u00e9\" \/>\n\t<meta name=\"twitter:data1\" content=\"Rupture de stock\" \/>\n<script type=\"application\/ld+json\" class=\"yoast-schema-graph\">{\"@context\":\"https:\\\/\\\/schema.org\",\"@graph\":[{\"@type\":\"WebPage\",\"@id\":\"https:\\\/\\\/theuncommonshop.ch\\\/fr\\\/product\\\/magic-bloomburrow-einsteigerpaket-2\\\/\",\"url\":\"https:\\\/\\\/theuncommonshop.ch\\\/fr\\\/product\\\/magic-bloomburrow-einsteigerpaket-2\\\/\",\"name\":\"Ach\u00e8te Magic : Bloomburrow - Pack d'initiation\",\"isPartOf\":{\"@id\":\"https:\\\/\\\/theuncommonshop.ch\\\/#website\"},\"primaryImageOfPage\":{\"@id\":\"https:\\\/\\\/theuncommonshop.ch\\\/fr\\\/product\\\/magic-bloomburrow-einsteigerpaket-2\\\/#primaryimage\"},\"image\":{\"@id\":\"https:\\\/\\\/theuncommonshop.ch\\\/fr\\\/product\\\/magic-bloomburrow-einsteigerpaket-2\\\/#primaryimage\"},\"thumbnailUrl\":\"https:\\\/\\\/theuncommonshop.ch\\\/wp-content\\\/uploads\\\/2025\\\/05\\\/4163665688.jpg\",\"datePublished\":\"2025-06-12T13:28:07+00:00\",\"dateModified\":\"2026-03-30T14:44:16+00:00\",\"description\":\"Ach\u00e8te Magic : Bloomburrow - Pack d'initiation en ligne maintenant \u00e0 petit prix! Ton #1 shop pour cartes TCG & Pok\u00e9mon en Suisse \u2713 Livraison gratuite d\u00e8s CHF 29\",\"breadcrumb\":{\"@id\":\"https:\\\/\\\/theuncommonshop.ch\\\/fr\\\/product\\\/magic-bloomburrow-einsteigerpaket-2\\\/#breadcrumb\"},\"inLanguage\":\"fr-FR\",\"potentialAction\":[{\"@type\":\"ReadAction\",\"target\":[\"https:\\\/\\\/theuncommonshop.ch\\\/fr\\\/product\\\/magic-bloomburrow-einsteigerpaket-2\\\/\"]}]},{\"@type\":\"ImageObject\",\"inLanguage\":\"fr-FR\",\"@id\":\"https:\\\/\\\/theuncommonshop.ch\\\/fr\\\/product\\\/magic-bloomburrow-einsteigerpaket-2\\\/#primaryimage\",\"url\":\"https:\\\/\\\/theuncommonshop.ch\\\/wp-content\\\/uploads\\\/2025\\\/05\\\/4163665688.jpg\",\"contentUrl\":\"https:\\\/\\\/theuncommonshop.ch\\\/wp-content\\\/uploads\\\/2025\\\/05\\\/4163665688.jpg\",\"width\":542,\"height\":460},{\"@type\":\"BreadcrumbList\",\"@id\":\"https:\\\/\\\/theuncommonshop.ch\\\/fr\\\/product\\\/magic-bloomburrow-einsteigerpaket-2\\\/#breadcrumb\",\"itemListElement\":[{\"@type\":\"ListItem\",\"position\":1,\"name\":\"Accueil\",\"item\":\"https:\\\/\\\/theuncommonshop.ch\\\/fr\\\/accueil\\\/\"},{\"@type\":\"ListItem\",\"position\":2,\"name\":\"Boutique\",\"item\":\"https:\\\/\\\/theuncommonshop.ch\\\/fr\\\/boutique\\\/\"},{\"@type\":\"ListItem\",\"position\":3,\"name\":\"Magic the Gathering\",\"item\":\"https:\\\/\\\/theuncommonshop.ch\\\/produktkategorie\\\/magic-the-gathering\\\/\"},{\"@type\":\"ListItem\",\"position\":4,\"name\":\"Produkte nach Sets\",\"item\":\"https:\\\/\\\/theuncommonshop.ch\\\/produktkategorie\\\/magic-the-gathering\\\/produkte-nach-sets-mtg\\\/\"},{\"@type\":\"ListItem\",\"position\":5,\"name\":\"Bloomburrow\",\"item\":\"https:\\\/\\\/theuncommonshop.ch\\\/produktkategorie\\\/magic-the-gathering\\\/produkte-nach-sets-mtg\\\/mtg-bloomburrow\\\/\"},{\"@type\":\"ListItem\",\"position\":6,\"name\":\"Magic : Bloomburrow &#8211; Pack d&#8217;initiation\"}]},{\"@type\":\"WebSite\",\"@id\":\"https:\\\/\\\/theuncommonshop.ch\\\/#website\",\"url\":\"https:\\\/\\\/theuncommonshop.ch\\\/\",\"name\":\"Largest trading card shop in Switzerland\",\"description\":\"Magic, Pok\u00e9mon and Yu-gi-oh - The Uncommon Shop\",\"potentialAction\":[{\"@type\":\"SearchAction\",\"target\":{\"@type\":\"EntryPoint\",\"urlTemplate\":\"https:\\\/\\\/theuncommonshop.ch\\\/?s={search_term_string}\"},\"query-input\":{\"@type\":\"PropertyValueSpecification\",\"valueRequired\":true,\"valueName\":\"search_term_string\"}}],\"inLanguage\":\"fr-FR\"}]}<\/script>\n<meta property=\"og:availability\" content=\"out of stock\" \/>\n<meta property=\"product:availability\" content=\"out of stock\" \/>\n<meta property=\"product:retailer_item_id\" content=\"MTG.XIII.B.BloomStarterKitDE\" \/>\n<meta property=\"product:condition\" content=\"new\" \/>\n<!-- \/ Yoast SEO plugin. -->","yoast_head_json":{"title":"Ach\u00e8te Magic : Bloomburrow - Pack d'initiation","description":"Ach\u00e8te Magic : Bloomburrow - Pack d'initiation en ligne maintenant \u00e0 petit prix! Ton #1 shop pour cartes TCG & Pok\u00e9mon en Suisse \u2713 Livraison gratuite d\u00e8s CHF 29","robots":{"index":"index","follow":"follow","max-snippet":"max-snippet:-1","max-image-preview":"max-image-preview:large","max-video-preview":"max-video-preview:-1"},"canonical":"https:\/\/theuncommonshop.ch\/fr\/product\/magic-bloomburrow-einsteigerpaket-2\/","og_locale":"fr_FR","og_type":"article","og_title":"Ach\u00e8te Magic : Bloomburrow - Pack d'initiation","og_description":"Ach\u00e8te Magic : Bloomburrow - Pack d'initiation en ligne maintenant \u00e0 petit prix! Ton #1 shop pour cartes TCG & Pok\u00e9mon en Suisse \u2713 Livraison gratuite d\u00e8s CHF 29","og_url":"https:\/\/theuncommonshop.ch\/fr\/product\/magic-bloomburrow-einsteigerpaket-2\/","og_site_name":"Largest trading card shop in Switzerland","article_modified_time":"2026-03-30T14:44:16+00:00","og_image":[{"width":542,"height":460,"url":"https:\/\/theuncommonshop.ch\/wp-content\/uploads\/2025\/05\/4163665688.jpg","type":"image\/jpeg"}],"twitter_card":"summary_large_image","twitter_misc":{"Disponibilit\u00e9":"Rupture de stock"},"schema":{"@context":"https:\/\/schema.org","@graph":[{"@type":"WebPage","@id":"https:\/\/theuncommonshop.ch\/fr\/product\/magic-bloomburrow-einsteigerpaket-2\/","url":"https:\/\/theuncommonshop.ch\/fr\/product\/magic-bloomburrow-einsteigerpaket-2\/","name":"Ach\u00e8te Magic : Bloomburrow - Pack d'initiation","isPartOf":{"@id":"https:\/\/theuncommonshop.ch\/#website"},"primaryImageOfPage":{"@id":"https:\/\/theuncommonshop.ch\/fr\/product\/magic-bloomburrow-einsteigerpaket-2\/#primaryimage"},"image":{"@id":"https:\/\/theuncommonshop.ch\/fr\/product\/magic-bloomburrow-einsteigerpaket-2\/#primaryimage"},"thumbnailUrl":"https:\/\/theuncommonshop.ch\/wp-content\/uploads\/2025\/05\/4163665688.jpg","datePublished":"2025-06-12T13:28:07+00:00","dateModified":"2026-03-30T14:44:16+00:00","description":"Ach\u00e8te Magic : Bloomburrow - Pack d'initiation en ligne maintenant \u00e0 petit prix! Ton #1 shop pour cartes TCG & Pok\u00e9mon en Suisse \u2713 Livraison gratuite d\u00e8s CHF 29","breadcrumb":{"@id":"https:\/\/theuncommonshop.ch\/fr\/product\/magic-bloomburrow-einsteigerpaket-2\/#breadcrumb"},"inLanguage":"fr-FR","potentialAction":[{"@type":"ReadAction","target":["https:\/\/theuncommonshop.ch\/fr\/product\/magic-bloomburrow-einsteigerpaket-2\/"]}]},{"@type":"ImageObject","inLanguage":"fr-FR","@id":"https:\/\/theuncommonshop.ch\/fr\/product\/magic-bloomburrow-einsteigerpaket-2\/#primaryimage","url":"https:\/\/theuncommonshop.ch\/wp-content\/uploads\/2025\/05\/4163665688.jpg","contentUrl":"https:\/\/theuncommonshop.ch\/wp-content\/uploads\/2025\/05\/4163665688.jpg","width":542,"height":460},{"@type":"BreadcrumbList","@id":"https:\/\/theuncommonshop.ch\/fr\/product\/magic-bloomburrow-einsteigerpaket-2\/#breadcrumb","itemListElement":[{"@type":"ListItem","position":1,"name":"Accueil","item":"https:\/\/theuncommonshop.ch\/fr\/accueil\/"},{"@type":"ListItem","position":2,"name":"Boutique","item":"https:\/\/theuncommonshop.ch\/fr\/boutique\/"},{"@type":"ListItem","position":3,"name":"Magic the Gathering","item":"https:\/\/theuncommonshop.ch\/produktkategorie\/magic-the-gathering\/"},{"@type":"ListItem","position":4,"name":"Produkte nach Sets","item":"https:\/\/theuncommonshop.ch\/produktkategorie\/magic-the-gathering\/produkte-nach-sets-mtg\/"},{"@type":"ListItem","position":5,"name":"Bloomburrow","item":"https:\/\/theuncommonshop.ch\/produktkategorie\/magic-the-gathering\/produkte-nach-sets-mtg\/mtg-bloomburrow\/"},{"@type":"ListItem","position":6,"name":"Magic : Bloomburrow &#8211; Pack d&#8217;initiation"}]},{"@type":"WebSite","@id":"https:\/\/theuncommonshop.ch\/#website","url":"https:\/\/theuncommonshop.ch\/","name":"Largest trading card shop in Switzerland","description":"Magic, Pok\u00e9mon and Yu-gi-oh - The Uncommon Shop","potentialAction":[{"@type":"SearchAction","target":{"@type":"EntryPoint","urlTemplate":"https:\/\/theuncommonshop.ch\/?s={search_term_string}"},"query-input":{"@type":"PropertyValueSpecification","valueRequired":true,"valueName":"search_term_string"}}],"inLanguage":"fr-FR"}]},"og_availability":"out of stock","product_availability":"out of stock","product_retailer_item_id":"MTG.XIII.B.BloomStarterKitDE","product_condition":"new"},"_links":{"self":[{"href":"https:\/\/theuncommonshop.ch\/fr\/wp-json\/wp\/v2\/product\/318652","targetHints":{"allow":["GET"]}}],"collection":[{"href":"https:\/\/theuncommonshop.ch\/fr\/wp-json\/wp\/v2\/product"}],"about":[{"href":"https:\/\/theuncommonshop.ch\/fr\/wp-json\/wp\/v2\/types\/product"}],"replies":[{"embeddable":true,"href":"https:\/\/theuncommonshop.ch\/fr\/wp-json\/wp\/v2\/comments?post=318652"}],"version-history":[{"count":2,"href":"https:\/\/theuncommonshop.ch\/fr\/wp-json\/wp\/v2\/product\/318652\/revisions"}],"predecessor-version":[{"id":357724,"href":"https:\/\/theuncommonshop.ch\/fr\/wp-json\/wp\/v2\/product\/318652\/revisions\/357724"}],"wp:featuredmedia":[{"embeddable":true,"href":"https:\/\/theuncommonshop.ch\/fr\/wp-json\/wp\/v2\/media\/26539"}],"wp:attachment":[{"href":"https:\/\/theuncommonshop.ch\/fr\/wp-json\/wp\/v2\/media?parent=318652"}],"wp:term":[{"taxonomy":"product_brand","embeddable":true,"href":"https:\/\/theuncommonshop.ch\/fr\/wp-json\/wp\/v2\/product_brand?post=318652"},{"taxonomy":"product_cat","embeddable":true,"href":"https:\/\/theuncommonshop.ch\/fr\/wp-json\/wp\/v2\/product_cat?post=318652"},{"taxonomy":"product_tag","embeddable":true,"href":"https:\/\/theuncommonshop.ch\/fr\/wp-json\/wp\/v2\/product_tag?post=318652"}],"curies":[{"name":"wp","href":"https:\/\/api.w.org\/{rel}","templated":true}]}}