{"id":318626,"date":"2025-06-12T13:27:22","date_gmt":"2025-06-12T13:27:22","guid":{"rendered":"http:\/\/theuncommonshop.ch\/produkt\/318626\/"},"modified":"2026-03-29T16:00:30","modified_gmt":"2026-03-29T14:00:30","slug":"magic-bloomburrow-blb-play-booster-display-2","status":"publish","type":"product","link":"https:\/\/theuncommonshop.ch\/fr\/product\/magic-bloomburrow-blb-play-booster-display-2\/","title":{"rendered":"Magic &#8211; Bloomburrow (BLB) &#8211; Play Booster Display"},"content":{"rendered":"<ul>\n<li>PETITES PATES, GRANDES AVENTURES &#8211; Montrez-vous sous votre meilleur jour et entrez dans le monde de Bloomburrow ; combattez aux c\u00f4t\u00e9s de souris, grenouilles, chauves-souris, oiseaux, l\u00e9zards, \u00e9cureuils et autres animaux, tout en r\u00e9tablissant l&#8217;\u00e9quilibre de la paix \u00e0 Thal et en prouvant que le courage existe \u00e0 toutes les tailles !<\/li>\n<li>DU PLAISIR \u00c0 OUVRIR. SPA\u1e9e EN JEU &#8211; Obtenez le meilleur des Boosters de draft et de set, combin\u00e9s en un seul type de Booster ! Les boosters de jeu sont parfaitement adapt\u00e9s au format limit\u00e9 et sont tr\u00e8s amusants \u00e0 ouvrir ; chaque booster a la possibilit\u00e9 d&#8217;inclure des cartes d&#8217;artwork, des cartes Showcase, des cartes rares suppl\u00e9mentaires et une carte Foil.  <\/li>\n<li>LES MEILLEURS BOOSTERS POUR JOUER AVEC DES AMIS &#8211; Les boosters de jeu sont sp\u00e9cialement \u00e9quilibr\u00e9s pour le format de jeu limit\u00e9 ; attrapez 6 boosters pour construire un deck et affronter vos amis dans des parties scell\u00e9es, ou attrapez 3 boosters et passez-les l&#8217;un apr\u00e8s l&#8217;autre pour construire des decks dans un boosterdraft.<\/li>\n<li>LES BOOSTERS PEUVENT CONTENIR PLUSIEURS CARTES RARES &#8211; Chaque Booster de jeu contient 1 \u00e0 4 cartes de raret\u00e9 rare ou sup\u00e9rieure, et il est possible de recevoir une carte fabuleusement rare sans bordure de l&#8217;histoire de Magic.<\/li>\n<li>CARTE FOIL BRILLANTE DANS CHAQUE BOOSTER &#8211; Chaque Booster contient \u00e9galement au moins 1 carte Foil traditionnelle brillante de n&#8217;importe quelle raret\u00e9 ; dans 20 % des Boosters, vous trouverez \u00e9galement une carte de pays Foil traditionnelle.<\/li>\n<li>PEUT CONTENIR DES CARTES ARTWORK, EXCLUSIVITE POUR LES BOOSTERS DE JEU &#8211; Certains Boosters de jeu contiennent \u00e9galement une carte Artwork avec une illustration du set Bloomburrow, parfois m\u00eame avec une signature Foil de l&#8217;artiste.<\/li>\n<li>CONTENU DU DISPLAY-BOOSTER &#8211; 36 Boosters de jeu Bloomburrow, chacun contenant 14 cartes MTG et 1 carte jeton\/publicit\u00e9 ou artwork.<\/li>\n<\/ul>\n","protected":false},"excerpt":{"rendered":"<p>PETITES PATES, GRANDES AVENTURES &#8211; Montrez-vous sous votre meilleur jour et entrez dans le monde de Bloomburrow ; combattez aux<\/p>\n","protected":false},"featured_media":26519,"comment_status":"open","ping_status":"closed","template":"","meta":{"_acf_changed":false},"product_brand":[5158,5070],"product_cat":[10183,9969,9967,9991],"product_tag":[],"class_list":{"0":"post-318626","1":"product","2":"type-product","3":"status-publish","4":"has-post-thumbnail","6":"product_brand-magic-the-gathering","7":"product_brand-wizards-of-the-coast","8":"product_cat-bloomburrow","9":"product_cat-booster-displays-fr","10":"product_cat-magic-the-gathering-fr","11":"product_cat-produits-par-lots-mtg","13":"first","14":"instock","15":"taxable","16":"shipping-taxable","17":"purchasable","18":"product-type-variable"},"acf":[],"yoast_head":"<!-- This site is optimized with the Yoast SEO plugin v27.4 - https:\/\/yoast.com\/product\/yoast-seo-wordpress\/ -->\n<title>Ach\u00e8te Magic - Bloomburrow (BLB) - Play Booster Display<\/title>\n<meta name=\"description\" content=\"Ach\u00e8te Magic - Bloomburrow (BLB) - Play Booster Display en ligne maintenant \u00e0 petit prix! Ton #1 shop pour cartes TCG &amp; Pok\u00e9mon en Suisse \u2713 Livraison gratuite d\u00e8s CHF 29\" \/>\n<meta name=\"robots\" content=\"index, follow, max-snippet:-1, max-image-preview:large, max-video-preview:-1\" \/>\n<link rel=\"canonical\" href=\"https:\/\/theuncommonshop.ch\/fr\/product\/magic-bloomburrow-blb-play-booster-display-2\/\" \/>\n<meta property=\"og:locale\" content=\"fr_FR\" \/>\n<meta property=\"og:type\" content=\"article\" \/>\n<meta property=\"og:title\" content=\"Ach\u00e8te Magic - Bloomburrow (BLB) - Play Booster Display\" \/>\n<meta property=\"og:description\" content=\"Ach\u00e8te Magic - Bloomburrow (BLB) - Play Booster Display en ligne maintenant \u00e0 petit prix! Ton #1 shop pour cartes TCG &amp; Pok\u00e9mon en Suisse \u2713 Livraison gratuite d\u00e8s CHF 29\" \/>\n<meta property=\"og:url\" content=\"https:\/\/theuncommonshop.ch\/fr\/product\/magic-bloomburrow-blb-play-booster-display-2\/\" \/>\n<meta property=\"og:site_name\" content=\"Largest trading card shop in Switzerland\" \/>\n<meta property=\"article:modified_time\" content=\"2026-03-29T14:00:30+00:00\" \/>\n<meta property=\"og:image\" content=\"https:\/\/theuncommonshop.ch\/wp-content\/uploads\/2025\/05\/4163448591.jpg\" \/>\n\t<meta property=\"og:image:width\" content=\"524\" \/>\n\t<meta property=\"og:image:height\" content=\"476\" \/>\n\t<meta property=\"og:image:type\" content=\"image\/jpeg\" \/>\n<meta name=\"twitter:card\" content=\"summary_large_image\" \/>\n<meta name=\"twitter:label1\" content=\"Disponibilit\u00e9\" \/>\n\t<meta name=\"twitter:data1\" content=\"En stock\" \/>\n<script type=\"application\/ld+json\" class=\"yoast-schema-graph\">{\"@context\":\"https:\\\/\\\/schema.org\",\"@graph\":[{\"@type\":\"WebPage\",\"@id\":\"https:\\\/\\\/theuncommonshop.ch\\\/fr\\\/product\\\/magic-bloomburrow-blb-play-booster-display-2\\\/\",\"url\":\"https:\\\/\\\/theuncommonshop.ch\\\/fr\\\/product\\\/magic-bloomburrow-blb-play-booster-display-2\\\/\",\"name\":\"Ach\u00e8te Magic - Bloomburrow (BLB) - Play Booster Display\",\"isPartOf\":{\"@id\":\"https:\\\/\\\/theuncommonshop.ch\\\/#website\"},\"primaryImageOfPage\":{\"@id\":\"https:\\\/\\\/theuncommonshop.ch\\\/fr\\\/product\\\/magic-bloomburrow-blb-play-booster-display-2\\\/#primaryimage\"},\"image\":{\"@id\":\"https:\\\/\\\/theuncommonshop.ch\\\/fr\\\/product\\\/magic-bloomburrow-blb-play-booster-display-2\\\/#primaryimage\"},\"thumbnailUrl\":\"https:\\\/\\\/theuncommonshop.ch\\\/wp-content\\\/uploads\\\/2025\\\/05\\\/4163448591.jpg\",\"datePublished\":\"2025-06-12T13:27:22+00:00\",\"dateModified\":\"2026-03-29T14:00:30+00:00\",\"description\":\"Ach\u00e8te Magic - Bloomburrow (BLB) - Play Booster Display en ligne maintenant \u00e0 petit prix! Ton #1 shop pour cartes TCG & Pok\u00e9mon en Suisse \u2713 Livraison gratuite d\u00e8s CHF 29\",\"breadcrumb\":{\"@id\":\"https:\\\/\\\/theuncommonshop.ch\\\/fr\\\/product\\\/magic-bloomburrow-blb-play-booster-display-2\\\/#breadcrumb\"},\"inLanguage\":\"fr-FR\",\"potentialAction\":[{\"@type\":\"ReadAction\",\"target\":[\"https:\\\/\\\/theuncommonshop.ch\\\/fr\\\/product\\\/magic-bloomburrow-blb-play-booster-display-2\\\/\"]}]},{\"@type\":\"ImageObject\",\"inLanguage\":\"fr-FR\",\"@id\":\"https:\\\/\\\/theuncommonshop.ch\\\/fr\\\/product\\\/magic-bloomburrow-blb-play-booster-display-2\\\/#primaryimage\",\"url\":\"https:\\\/\\\/theuncommonshop.ch\\\/wp-content\\\/uploads\\\/2025\\\/05\\\/4163448591.jpg\",\"contentUrl\":\"https:\\\/\\\/theuncommonshop.ch\\\/wp-content\\\/uploads\\\/2025\\\/05\\\/4163448591.jpg\",\"width\":524,\"height\":476},{\"@type\":\"BreadcrumbList\",\"@id\":\"https:\\\/\\\/theuncommonshop.ch\\\/fr\\\/product\\\/magic-bloomburrow-blb-play-booster-display-2\\\/#breadcrumb\",\"itemListElement\":[{\"@type\":\"ListItem\",\"position\":1,\"name\":\"Accueil\",\"item\":\"https:\\\/\\\/theuncommonshop.ch\\\/fr\\\/accueil\\\/\"},{\"@type\":\"ListItem\",\"position\":2,\"name\":\"Boutique\",\"item\":\"https:\\\/\\\/theuncommonshop.ch\\\/fr\\\/boutique\\\/\"},{\"@type\":\"ListItem\",\"position\":3,\"name\":\"Magic the Gathering\",\"item\":\"https:\\\/\\\/theuncommonshop.ch\\\/fr\\\/categorie-produit\\\/magic-the-gathering-fr\\\/\"},{\"@type\":\"ListItem\",\"position\":4,\"name\":\"Produits par lots\",\"item\":\"https:\\\/\\\/theuncommonshop.ch\\\/fr\\\/categorie-produit\\\/magic-the-gathering-fr\\\/produits-par-lots-mtg\\\/\"},{\"@type\":\"ListItem\",\"position\":5,\"name\":\"Bloomburrow\",\"item\":\"https:\\\/\\\/theuncommonshop.ch\\\/fr\\\/categorie-produit\\\/magic-the-gathering-fr\\\/produits-par-lots-mtg\\\/bloomburrow\\\/\"},{\"@type\":\"ListItem\",\"position\":6,\"name\":\"Magic &#8211; Bloomburrow (BLB) &#8211; Play Booster Display\"}]},{\"@type\":\"WebSite\",\"@id\":\"https:\\\/\\\/theuncommonshop.ch\\\/#website\",\"url\":\"https:\\\/\\\/theuncommonshop.ch\\\/\",\"name\":\"Largest trading card shop in Switzerland\",\"description\":\"Magic, Pok\u00e9mon and Yu-gi-oh - The Uncommon Shop\",\"potentialAction\":[{\"@type\":\"SearchAction\",\"target\":{\"@type\":\"EntryPoint\",\"urlTemplate\":\"https:\\\/\\\/theuncommonshop.ch\\\/?s={search_term_string}\"},\"query-input\":{\"@type\":\"PropertyValueSpecification\",\"valueRequired\":true,\"valueName\":\"search_term_string\"}}],\"inLanguage\":\"fr-FR\"}]}<\/script>\n<meta property=\"og:availability\" content=\"instock\" \/>\n<meta property=\"product:availability\" content=\"instock\" \/>\n<meta property=\"product:condition\" content=\"new\" \/>\n<!-- \/ Yoast SEO plugin. -->","yoast_head_json":{"title":"Ach\u00e8te Magic - Bloomburrow (BLB) - Play Booster Display","description":"Ach\u00e8te Magic - Bloomburrow (BLB) - Play Booster Display en ligne maintenant \u00e0 petit prix! Ton #1 shop pour cartes TCG & Pok\u00e9mon en Suisse \u2713 Livraison gratuite d\u00e8s CHF 29","robots":{"index":"index","follow":"follow","max-snippet":"max-snippet:-1","max-image-preview":"max-image-preview:large","max-video-preview":"max-video-preview:-1"},"canonical":"https:\/\/theuncommonshop.ch\/fr\/product\/magic-bloomburrow-blb-play-booster-display-2\/","og_locale":"fr_FR","og_type":"article","og_title":"Ach\u00e8te Magic - Bloomburrow (BLB) - Play Booster Display","og_description":"Ach\u00e8te Magic - Bloomburrow (BLB) - Play Booster Display en ligne maintenant \u00e0 petit prix! Ton #1 shop pour cartes TCG & Pok\u00e9mon en Suisse \u2713 Livraison gratuite d\u00e8s CHF 29","og_url":"https:\/\/theuncommonshop.ch\/fr\/product\/magic-bloomburrow-blb-play-booster-display-2\/","og_site_name":"Largest trading card shop in Switzerland","article_modified_time":"2026-03-29T14:00:30+00:00","og_image":[{"width":524,"height":476,"url":"https:\/\/theuncommonshop.ch\/wp-content\/uploads\/2025\/05\/4163448591.jpg","type":"image\/jpeg"}],"twitter_card":"summary_large_image","twitter_misc":{"Disponibilit\u00e9":"En stock"},"schema":{"@context":"https:\/\/schema.org","@graph":[{"@type":"WebPage","@id":"https:\/\/theuncommonshop.ch\/fr\/product\/magic-bloomburrow-blb-play-booster-display-2\/","url":"https:\/\/theuncommonshop.ch\/fr\/product\/magic-bloomburrow-blb-play-booster-display-2\/","name":"Ach\u00e8te Magic - Bloomburrow (BLB) - Play Booster Display","isPartOf":{"@id":"https:\/\/theuncommonshop.ch\/#website"},"primaryImageOfPage":{"@id":"https:\/\/theuncommonshop.ch\/fr\/product\/magic-bloomburrow-blb-play-booster-display-2\/#primaryimage"},"image":{"@id":"https:\/\/theuncommonshop.ch\/fr\/product\/magic-bloomburrow-blb-play-booster-display-2\/#primaryimage"},"thumbnailUrl":"https:\/\/theuncommonshop.ch\/wp-content\/uploads\/2025\/05\/4163448591.jpg","datePublished":"2025-06-12T13:27:22+00:00","dateModified":"2026-03-29T14:00:30+00:00","description":"Ach\u00e8te Magic - Bloomburrow (BLB) - Play Booster Display en ligne maintenant \u00e0 petit prix! Ton #1 shop pour cartes TCG & Pok\u00e9mon en Suisse \u2713 Livraison gratuite d\u00e8s CHF 29","breadcrumb":{"@id":"https:\/\/theuncommonshop.ch\/fr\/product\/magic-bloomburrow-blb-play-booster-display-2\/#breadcrumb"},"inLanguage":"fr-FR","potentialAction":[{"@type":"ReadAction","target":["https:\/\/theuncommonshop.ch\/fr\/product\/magic-bloomburrow-blb-play-booster-display-2\/"]}]},{"@type":"ImageObject","inLanguage":"fr-FR","@id":"https:\/\/theuncommonshop.ch\/fr\/product\/magic-bloomburrow-blb-play-booster-display-2\/#primaryimage","url":"https:\/\/theuncommonshop.ch\/wp-content\/uploads\/2025\/05\/4163448591.jpg","contentUrl":"https:\/\/theuncommonshop.ch\/wp-content\/uploads\/2025\/05\/4163448591.jpg","width":524,"height":476},{"@type":"BreadcrumbList","@id":"https:\/\/theuncommonshop.ch\/fr\/product\/magic-bloomburrow-blb-play-booster-display-2\/#breadcrumb","itemListElement":[{"@type":"ListItem","position":1,"name":"Accueil","item":"https:\/\/theuncommonshop.ch\/fr\/accueil\/"},{"@type":"ListItem","position":2,"name":"Boutique","item":"https:\/\/theuncommonshop.ch\/fr\/boutique\/"},{"@type":"ListItem","position":3,"name":"Magic the Gathering","item":"https:\/\/theuncommonshop.ch\/fr\/categorie-produit\/magic-the-gathering-fr\/"},{"@type":"ListItem","position":4,"name":"Produits par lots","item":"https:\/\/theuncommonshop.ch\/fr\/categorie-produit\/magic-the-gathering-fr\/produits-par-lots-mtg\/"},{"@type":"ListItem","position":5,"name":"Bloomburrow","item":"https:\/\/theuncommonshop.ch\/fr\/categorie-produit\/magic-the-gathering-fr\/produits-par-lots-mtg\/bloomburrow\/"},{"@type":"ListItem","position":6,"name":"Magic &#8211; Bloomburrow (BLB) &#8211; Play Booster Display"}]},{"@type":"WebSite","@id":"https:\/\/theuncommonshop.ch\/#website","url":"https:\/\/theuncommonshop.ch\/","name":"Largest trading card shop in Switzerland","description":"Magic, Pok\u00e9mon and Yu-gi-oh - The Uncommon Shop","potentialAction":[{"@type":"SearchAction","target":{"@type":"EntryPoint","urlTemplate":"https:\/\/theuncommonshop.ch\/?s={search_term_string}"},"query-input":{"@type":"PropertyValueSpecification","valueRequired":true,"valueName":"search_term_string"}}],"inLanguage":"fr-FR"}]},"og_availability":"instock","product_availability":"instock","product_condition":"new"},"_links":{"self":[{"href":"https:\/\/theuncommonshop.ch\/fr\/wp-json\/wp\/v2\/product\/318626","targetHints":{"allow":["GET"]}}],"collection":[{"href":"https:\/\/theuncommonshop.ch\/fr\/wp-json\/wp\/v2\/product"}],"about":[{"href":"https:\/\/theuncommonshop.ch\/fr\/wp-json\/wp\/v2\/types\/product"}],"replies":[{"embeddable":true,"href":"https:\/\/theuncommonshop.ch\/fr\/wp-json\/wp\/v2\/comments?post=318626"}],"version-history":[{"count":2,"href":"https:\/\/theuncommonshop.ch\/fr\/wp-json\/wp\/v2\/product\/318626\/revisions"}],"predecessor-version":[{"id":357726,"href":"https:\/\/theuncommonshop.ch\/fr\/wp-json\/wp\/v2\/product\/318626\/revisions\/357726"}],"wp:featuredmedia":[{"embeddable":true,"href":"https:\/\/theuncommonshop.ch\/fr\/wp-json\/wp\/v2\/media\/26519"}],"wp:attachment":[{"href":"https:\/\/theuncommonshop.ch\/fr\/wp-json\/wp\/v2\/media?parent=318626"}],"wp:term":[{"taxonomy":"product_brand","embeddable":true,"href":"https:\/\/theuncommonshop.ch\/fr\/wp-json\/wp\/v2\/product_brand?post=318626"},{"taxonomy":"product_cat","embeddable":true,"href":"https:\/\/theuncommonshop.ch\/fr\/wp-json\/wp\/v2\/product_cat?post=318626"},{"taxonomy":"product_tag","embeddable":true,"href":"https:\/\/theuncommonshop.ch\/fr\/wp-json\/wp\/v2\/product_tag?post=318626"}],"curies":[{"name":"wp","href":"https:\/\/api.w.org\/{rel}","templated":true}]}}