{"id":318579,"date":"2025-06-12T13:25:20","date_gmt":"2025-06-12T13:25:20","guid":{"rendered":"http:\/\/theuncommonshop.ch\/produkt\/318579\/"},"modified":"2026-03-29T17:26:21","modified_gmt":"2026-03-29T15:26:21","slug":"magic-modern-horizons-3-mh3-play-booster-display-2","status":"publish","type":"product","link":"https:\/\/theuncommonshop.ch\/fr\/product\/magic-modern-horizons-3-mh3-play-booster-display-2\/","title":{"rendered":"Magic &#8211; Modern Horizons 3 (MH3) &#8211; Play Booster Display"},"content":{"rendered":"<ul>\n<li>VOS NOUVEAUX FAVORIS \u00c9TERNELS &#8211; Un concentr\u00e9 de cartes passionnantes pour Modern, l&#8217;un des formats les plus populaires de Magic, ainsi que le retour de cartes appr\u00e9ci\u00e9es des joueurs comp\u00e9titifs, Modern Horizons 3 a quelque chose pour chacun.<\/li>\n<li>DES CARTES PUISSANTES POUR LES FORMATS DE JEU MODERN CONSTRUCTED, LIMITED ET COMMANDER &#8211; Donnez du punch \u00e0 votre deck avec des cartes puissantes qui sont nouvelles dans le jeu moderne, organisez un booster draft de haut niveau avec des amis ou d\u00e9couvrez des cr\u00e9atures l\u00e9gendaires avec des impressions de cartes sp\u00e9ciales qui attirent l&#8217;attention pour inspirer votre prochain Commander Deck.<\/li>\n<li>MODERN N&#8217;AVAIT JAMAIS \u00c9T\u00c9 PLUS FANT\u00d4ME- \u00c9largissez vos horizons avec de nouvelles variantes des m\u00e9caniques classiques et plus de cartes pour les strat\u00e9gies modernes populaires.<\/li>\n<li>DU PLAISIR \u00c0 OUVRIR. SPA\u1e9e EN JEU &#8211; Obtenez le meilleur des Boosters de draft et de set, combin\u00e9s en un seul type de Booster ! Les boosters de jeu sont parfaitement adapt\u00e9s au format limit\u00e9 et sont tr\u00e8s amusants \u00e0 ouvrir ; chaque booster a la possibilit\u00e9 d&#8217;inclure des cartes artwork, des cartes accrocheuses avec des bords de carte alternatifs et plus encore.  <\/li>\n<li>LA FAMILLE MODERNE QUI BRILLE &#8211; Chaque Booster MH3 Play est \u00e0 la fois puissant et chic ; il contient 1 \u00e0 5 cartes de raret\u00e9 rare ou sup\u00e9rieure et 1 \u00e0 2 cartes foil traditionnelles brillantes.<\/li>\n<li>PEUT CONTENIR DES CARTES ARTWORK, EXCLUSIVITE POUR LES BOOSTERS DE JEU &#8211; Certains Boosters de jeu contiennent \u00e9galement une carte Artwork avec une illustration du set Modern Horizons 3, parfois m\u00eame avec une signature Foil de l&#8217;artiste.<\/li>\n<li>CONTENU DU DISPLAY-BOOSTER &#8211; 36 Play Booster Display Modern Horizons 3, chacun contenant 14 cartes MTG.<\/li>\n<\/ul>\n<p>&nbsp;<\/p>\n","protected":false},"excerpt":{"rendered":"<p>VOS NOUVEAUX FAVORIS \u00c9TERNELS &#8211; Un concentr\u00e9 de cartes passionnantes pour Modern, l&#8217;un des formats les plus populaires de Magic,<\/p>\n","protected":false},"featured_media":26429,"comment_status":"open","ping_status":"closed","template":"","meta":{"_acf_changed":false},"product_brand":[5158,5070],"product_cat":[9969,10187,9967,9991],"product_tag":[],"class_list":{"0":"post-318579","1":"product","2":"type-product","3":"status-publish","4":"has-post-thumbnail","6":"product_brand-magic-the-gathering","7":"product_brand-wizards-of-the-coast","8":"product_cat-booster-displays-fr","9":"product_cat-horizons-du-modern-3","10":"product_cat-magic-the-gathering-fr","11":"product_cat-produits-par-lots-mtg","13":"first","14":"instock","15":"taxable","16":"shipping-taxable","17":"purchasable","18":"product-type-variable"},"acf":[],"yoast_head":"<!-- This site is optimized with the Yoast SEO plugin v27.4 - https:\/\/yoast.com\/product\/yoast-seo-wordpress\/ -->\n<title>Ach\u00e8te Magic - Modern Horizons 3 (MH3) - Play Booster Display<\/title>\n<meta name=\"description\" content=\"Ach\u00e8te Magic - Modern Horizons 3 (MH3) - Play Booster Display en ligne maintenant \u00e0 petit prix! Ton #1 shop pour cartes TCG &amp; Pok\u00e9mon en Suisse \u2713 Livraison gratuite d\u00e8s CHF 29\" \/>\n<meta name=\"robots\" content=\"index, follow, max-snippet:-1, max-image-preview:large, max-video-preview:-1\" \/>\n<link rel=\"canonical\" href=\"https:\/\/theuncommonshop.ch\/fr\/product\/magic-modern-horizons-3-mh3-play-booster-display-2\/\" \/>\n<meta property=\"og:locale\" content=\"fr_FR\" \/>\n<meta property=\"og:type\" content=\"article\" \/>\n<meta property=\"og:title\" content=\"Ach\u00e8te Magic - Modern Horizons 3 (MH3) - Play Booster Display\" \/>\n<meta property=\"og:description\" content=\"Ach\u00e8te Magic - Modern Horizons 3 (MH3) - Play Booster Display en ligne maintenant \u00e0 petit prix! Ton #1 shop pour cartes TCG &amp; Pok\u00e9mon en Suisse \u2713 Livraison gratuite d\u00e8s CHF 29\" \/>\n<meta property=\"og:url\" content=\"https:\/\/theuncommonshop.ch\/fr\/product\/magic-modern-horizons-3-mh3-play-booster-display-2\/\" \/>\n<meta property=\"og:site_name\" content=\"The Uncommon Shop\" \/>\n<meta property=\"article:modified_time\" content=\"2026-03-29T15:26:21+00:00\" \/>\n<meta property=\"og:image\" content=\"https:\/\/theuncommonshop.ch\/wp-content\/uploads\/2025\/05\/4145989065.jpg\" \/>\n\t<meta property=\"og:image:width\" content=\"523\" \/>\n\t<meta property=\"og:image:height\" content=\"477\" \/>\n\t<meta property=\"og:image:type\" content=\"image\/jpeg\" \/>\n<meta name=\"twitter:card\" content=\"summary_large_image\" \/>\n<meta name=\"twitter:label1\" content=\"Disponibilit\u00e9\" \/>\n\t<meta name=\"twitter:data1\" content=\"En stock\" \/>\n<script type=\"application\/ld+json\" class=\"yoast-schema-graph\">{\"@context\":\"https:\\\/\\\/schema.org\",\"@graph\":[{\"@type\":\"WebPage\",\"@id\":\"https:\\\/\\\/theuncommonshop.ch\\\/fr\\\/product\\\/magic-modern-horizons-3-mh3-play-booster-display-2\\\/\",\"url\":\"https:\\\/\\\/theuncommonshop.ch\\\/fr\\\/product\\\/magic-modern-horizons-3-mh3-play-booster-display-2\\\/\",\"name\":\"Ach\u00e8te Magic - Modern Horizons 3 (MH3) - Play Booster Display\",\"isPartOf\":{\"@id\":\"https:\\\/\\\/theuncommonshop.ch\\\/fr\\\/#website\"},\"primaryImageOfPage\":{\"@id\":\"https:\\\/\\\/theuncommonshop.ch\\\/fr\\\/product\\\/magic-modern-horizons-3-mh3-play-booster-display-2\\\/#primaryimage\"},\"image\":{\"@id\":\"https:\\\/\\\/theuncommonshop.ch\\\/fr\\\/product\\\/magic-modern-horizons-3-mh3-play-booster-display-2\\\/#primaryimage\"},\"thumbnailUrl\":\"https:\\\/\\\/theuncommonshop.ch\\\/wp-content\\\/uploads\\\/2025\\\/05\\\/4145989065.jpg\",\"datePublished\":\"2025-06-12T13:25:20+00:00\",\"dateModified\":\"2026-03-29T15:26:21+00:00\",\"description\":\"Ach\u00e8te Magic - Modern Horizons 3 (MH3) - Play Booster Display en ligne maintenant \u00e0 petit prix! Ton #1 shop pour cartes TCG & Pok\u00e9mon en Suisse \u2713 Livraison gratuite d\u00e8s CHF 29\",\"breadcrumb\":{\"@id\":\"https:\\\/\\\/theuncommonshop.ch\\\/fr\\\/product\\\/magic-modern-horizons-3-mh3-play-booster-display-2\\\/#breadcrumb\"},\"inLanguage\":\"fr-FR\",\"potentialAction\":[{\"@type\":\"ReadAction\",\"target\":[\"https:\\\/\\\/theuncommonshop.ch\\\/fr\\\/product\\\/magic-modern-horizons-3-mh3-play-booster-display-2\\\/\"]}]},{\"@type\":\"ImageObject\",\"inLanguage\":\"fr-FR\",\"@id\":\"https:\\\/\\\/theuncommonshop.ch\\\/fr\\\/product\\\/magic-modern-horizons-3-mh3-play-booster-display-2\\\/#primaryimage\",\"url\":\"https:\\\/\\\/theuncommonshop.ch\\\/wp-content\\\/uploads\\\/2025\\\/05\\\/4145989065.jpg\",\"contentUrl\":\"https:\\\/\\\/theuncommonshop.ch\\\/wp-content\\\/uploads\\\/2025\\\/05\\\/4145989065.jpg\",\"width\":523,\"height\":477},{\"@type\":\"BreadcrumbList\",\"@id\":\"https:\\\/\\\/theuncommonshop.ch\\\/fr\\\/product\\\/magic-modern-horizons-3-mh3-play-booster-display-2\\\/#breadcrumb\",\"itemListElement\":[{\"@type\":\"ListItem\",\"position\":1,\"name\":\"Accueil\",\"item\":\"https:\\\/\\\/theuncommonshop.ch\\\/fr\\\/accueil\\\/\"},{\"@type\":\"ListItem\",\"position\":2,\"name\":\"Boutique\",\"item\":\"https:\\\/\\\/theuncommonshop.ch\\\/fr\\\/boutique\\\/\"},{\"@type\":\"ListItem\",\"position\":3,\"name\":\"Magic the Gathering\",\"item\":\"https:\\\/\\\/theuncommonshop.ch\\\/fr\\\/categorie-produit\\\/magic-the-gathering-fr\\\/\"},{\"@type\":\"ListItem\",\"position\":4,\"name\":\"Produits par lots\",\"item\":\"https:\\\/\\\/theuncommonshop.ch\\\/fr\\\/categorie-produit\\\/magic-the-gathering-fr\\\/produits-par-lots-mtg\\\/\"},{\"@type\":\"ListItem\",\"position\":5,\"name\":\"Horizons du Modern 3\",\"item\":\"https:\\\/\\\/theuncommonshop.ch\\\/fr\\\/categorie-produit\\\/magic-the-gathering-fr\\\/produits-par-lots-mtg\\\/horizons-du-modern-3\\\/\"},{\"@type\":\"ListItem\",\"position\":6,\"name\":\"Magic &#8211; Modern Horizons 3 (MH3) &#8211; Play Booster Display\"}]},{\"@type\":\"WebSite\",\"@id\":\"https:\\\/\\\/theuncommonshop.ch\\\/fr\\\/#website\",\"url\":\"https:\\\/\\\/theuncommonshop.ch\\\/fr\\\/\",\"name\":\"The Uncommon Shop\",\"description\":\"Magic, Pok\u00e9mon and Yu-gi-oh - The Uncommon Shop\",\"potentialAction\":[{\"@type\":\"SearchAction\",\"target\":{\"@type\":\"EntryPoint\",\"urlTemplate\":\"https:\\\/\\\/theuncommonshop.ch\\\/fr\\\/?s={search_term_string}\"},\"query-input\":{\"@type\":\"PropertyValueSpecification\",\"valueRequired\":true,\"valueName\":\"search_term_string\"}}],\"inLanguage\":\"fr-FR\"}]}<\/script>\n<meta property=\"og:availability\" content=\"instock\" \/>\n<meta property=\"product:availability\" content=\"instock\" \/>\n<meta property=\"product:condition\" content=\"new\" \/>\n<!-- \/ Yoast SEO plugin. -->","yoast_head_json":{"title":"Ach\u00e8te Magic - Modern Horizons 3 (MH3) - Play Booster Display","description":"Ach\u00e8te Magic - Modern Horizons 3 (MH3) - Play Booster Display en ligne maintenant \u00e0 petit prix! Ton #1 shop pour cartes TCG & Pok\u00e9mon en Suisse \u2713 Livraison gratuite d\u00e8s CHF 29","robots":{"index":"index","follow":"follow","max-snippet":"max-snippet:-1","max-image-preview":"max-image-preview:large","max-video-preview":"max-video-preview:-1"},"canonical":"https:\/\/theuncommonshop.ch\/fr\/product\/magic-modern-horizons-3-mh3-play-booster-display-2\/","og_locale":"fr_FR","og_type":"article","og_title":"Ach\u00e8te Magic - Modern Horizons 3 (MH3) - Play Booster Display","og_description":"Ach\u00e8te Magic - Modern Horizons 3 (MH3) - Play Booster Display en ligne maintenant \u00e0 petit prix! Ton #1 shop pour cartes TCG & Pok\u00e9mon en Suisse \u2713 Livraison gratuite d\u00e8s CHF 29","og_url":"https:\/\/theuncommonshop.ch\/fr\/product\/magic-modern-horizons-3-mh3-play-booster-display-2\/","og_site_name":"The Uncommon Shop","article_modified_time":"2026-03-29T15:26:21+00:00","og_image":[{"width":523,"height":477,"url":"https:\/\/theuncommonshop.ch\/wp-content\/uploads\/2025\/05\/4145989065.jpg","type":"image\/jpeg"}],"twitter_card":"summary_large_image","twitter_misc":{"Disponibilit\u00e9":"En stock"},"schema":{"@context":"https:\/\/schema.org","@graph":[{"@type":"WebPage","@id":"https:\/\/theuncommonshop.ch\/fr\/product\/magic-modern-horizons-3-mh3-play-booster-display-2\/","url":"https:\/\/theuncommonshop.ch\/fr\/product\/magic-modern-horizons-3-mh3-play-booster-display-2\/","name":"Ach\u00e8te Magic - Modern Horizons 3 (MH3) - Play Booster Display","isPartOf":{"@id":"https:\/\/theuncommonshop.ch\/fr\/#website"},"primaryImageOfPage":{"@id":"https:\/\/theuncommonshop.ch\/fr\/product\/magic-modern-horizons-3-mh3-play-booster-display-2\/#primaryimage"},"image":{"@id":"https:\/\/theuncommonshop.ch\/fr\/product\/magic-modern-horizons-3-mh3-play-booster-display-2\/#primaryimage"},"thumbnailUrl":"https:\/\/theuncommonshop.ch\/wp-content\/uploads\/2025\/05\/4145989065.jpg","datePublished":"2025-06-12T13:25:20+00:00","dateModified":"2026-03-29T15:26:21+00:00","description":"Ach\u00e8te Magic - Modern Horizons 3 (MH3) - Play Booster Display en ligne maintenant \u00e0 petit prix! Ton #1 shop pour cartes TCG & Pok\u00e9mon en Suisse \u2713 Livraison gratuite d\u00e8s CHF 29","breadcrumb":{"@id":"https:\/\/theuncommonshop.ch\/fr\/product\/magic-modern-horizons-3-mh3-play-booster-display-2\/#breadcrumb"},"inLanguage":"fr-FR","potentialAction":[{"@type":"ReadAction","target":["https:\/\/theuncommonshop.ch\/fr\/product\/magic-modern-horizons-3-mh3-play-booster-display-2\/"]}]},{"@type":"ImageObject","inLanguage":"fr-FR","@id":"https:\/\/theuncommonshop.ch\/fr\/product\/magic-modern-horizons-3-mh3-play-booster-display-2\/#primaryimage","url":"https:\/\/theuncommonshop.ch\/wp-content\/uploads\/2025\/05\/4145989065.jpg","contentUrl":"https:\/\/theuncommonshop.ch\/wp-content\/uploads\/2025\/05\/4145989065.jpg","width":523,"height":477},{"@type":"BreadcrumbList","@id":"https:\/\/theuncommonshop.ch\/fr\/product\/magic-modern-horizons-3-mh3-play-booster-display-2\/#breadcrumb","itemListElement":[{"@type":"ListItem","position":1,"name":"Accueil","item":"https:\/\/theuncommonshop.ch\/fr\/accueil\/"},{"@type":"ListItem","position":2,"name":"Boutique","item":"https:\/\/theuncommonshop.ch\/fr\/boutique\/"},{"@type":"ListItem","position":3,"name":"Magic the Gathering","item":"https:\/\/theuncommonshop.ch\/fr\/categorie-produit\/magic-the-gathering-fr\/"},{"@type":"ListItem","position":4,"name":"Produits par lots","item":"https:\/\/theuncommonshop.ch\/fr\/categorie-produit\/magic-the-gathering-fr\/produits-par-lots-mtg\/"},{"@type":"ListItem","position":5,"name":"Horizons du Modern 3","item":"https:\/\/theuncommonshop.ch\/fr\/categorie-produit\/magic-the-gathering-fr\/produits-par-lots-mtg\/horizons-du-modern-3\/"},{"@type":"ListItem","position":6,"name":"Magic &#8211; Modern Horizons 3 (MH3) &#8211; Play Booster Display"}]},{"@type":"WebSite","@id":"https:\/\/theuncommonshop.ch\/fr\/#website","url":"https:\/\/theuncommonshop.ch\/fr\/","name":"The Uncommon Shop","description":"Magic, Pok\u00e9mon and Yu-gi-oh - The Uncommon Shop","potentialAction":[{"@type":"SearchAction","target":{"@type":"EntryPoint","urlTemplate":"https:\/\/theuncommonshop.ch\/fr\/?s={search_term_string}"},"query-input":{"@type":"PropertyValueSpecification","valueRequired":true,"valueName":"search_term_string"}}],"inLanguage":"fr-FR"}]},"og_availability":"instock","product_availability":"instock","product_condition":"new"},"_links":{"self":[{"href":"https:\/\/theuncommonshop.ch\/fr\/wp-json\/wp\/v2\/product\/318579","targetHints":{"allow":["GET"]}}],"collection":[{"href":"https:\/\/theuncommonshop.ch\/fr\/wp-json\/wp\/v2\/product"}],"about":[{"href":"https:\/\/theuncommonshop.ch\/fr\/wp-json\/wp\/v2\/types\/product"}],"replies":[{"embeddable":true,"href":"https:\/\/theuncommonshop.ch\/fr\/wp-json\/wp\/v2\/comments?post=318579"}],"version-history":[{"count":0,"href":"https:\/\/theuncommonshop.ch\/fr\/wp-json\/wp\/v2\/product\/318579\/revisions"}],"wp:featuredmedia":[{"embeddable":true,"href":"https:\/\/theuncommonshop.ch\/fr\/wp-json\/wp\/v2\/media\/26429"}],"wp:attachment":[{"href":"https:\/\/theuncommonshop.ch\/fr\/wp-json\/wp\/v2\/media?parent=318579"}],"wp:term":[{"taxonomy":"product_brand","embeddable":true,"href":"https:\/\/theuncommonshop.ch\/fr\/wp-json\/wp\/v2\/product_brand?post=318579"},{"taxonomy":"product_cat","embeddable":true,"href":"https:\/\/theuncommonshop.ch\/fr\/wp-json\/wp\/v2\/product_cat?post=318579"},{"taxonomy":"product_tag","embeddable":true,"href":"https:\/\/theuncommonshop.ch\/fr\/wp-json\/wp\/v2\/product_tag?post=318579"}],"curies":[{"name":"wp","href":"https:\/\/api.w.org\/{rel}","templated":true}]}}