{"id":318544,"date":"2025-06-12T13:24:37","date_gmt":"2025-06-12T13:24:37","guid":{"rendered":"http:\/\/theuncommonshop.ch\/produkt\/318544\/"},"modified":"2026-03-30T13:04:12","modified_gmt":"2026-03-30T11:04:12","slug":"magic-modern-horizons-3-mh3-commander-deck-2","status":"publish","type":"product","link":"https:\/\/theuncommonshop.ch\/fr\/product\/magic-modern-horizons-3-mh3-commander-deck-2\/","title":{"rendered":"Magic &#8211; Modern Horizons 3 (MH3)- Commander Deck"},"content":{"rendered":"<ul>\n<li>DIRECTEMENT DE LA BOITE DE COMBAT &#8211; Combattez vos amis avec de puissantes cr\u00e9atures et des sorts spectaculaires parmi quatre Commander Decks de 100 cartes pr\u00eats \u00e0 jouer.<\/li>\n<li>REMPLISSEZ TOUS LES 4 MODERN HORIZONS 3 DECKS &#8211; Remplissez votre cimeti\u00e8re et vengez les morts avec Cimeti\u00e8re \u00e0 plein r\u00e9gime, obtenez un avantage de terrain avec Terrain perfide, utilisez la puissance des marqueurs d&#8217;\u00e9nergie avec \u00c9nergie cr\u00e9ative ou d\u00e9vorez tous ceux qui se trouvent sur votre chemin avec Invasion Eldrazi.<\/li>\n<\/ul>\n<div style=\"display: inline !important;\">\n<ul>\n<li>60 NOUVELLES CARTES COMMANDANT &#8211; Avec les 4 Commander Decks de Modern Horizons 3, vous recevrez un total de 60 cartes Commander jamais vues auparavant, 15 dans chaque deck (dont 2 cr\u00e9atures l\u00e9gendaires en tant que cartes Foil).<\/li>\n<\/ul>\n<ul>\n<li>PI\u00c8CES SP\u00c9CIALES COMPL\u00c9MENTAIRES &#8211; Chaque deck contient \u00e9galement un pack d&#8217;essai Booster Collector comprenant 2 cartes \u00e0 bord alternatif du Deck Set Modern Horizons 3, dont 1 carte rare ou fabuleusement rare et au moins 1 carte Foil traditionnelle.<\/li>\n<\/ul>\n<ul>\n<li>VOS NOUVEAUX FAVORIS \u00c9TERNELS &#8211; Un concentr\u00e9 de cartes passionnantes, ainsi que le retour de cartes populaires aupr\u00e8s des joueurs comp\u00e9titifs, les Commander Decks de Modern Horizons 3 ont quelque chose pour chacun.<\/li>\n<\/ul>\n<ul>\n<li>TOUT CE DONT VOUS AVEZ BESOIN POUR DES BATAILLES MULTI-PLAYERS EPIQUES &#8211; Contient 4 Commander Decks Modern Horizons 3 ; chaque deck de 100 cartes comprend \u00e9galement un pack d&#8217;essai Booster de 2 cartes \u00e0 collectionner, 10 cartes jeton double face, 1 compteur de points de vie et 1 bo\u00eete de deck.<\/li>\n<\/ul>\n<\/div>\n","protected":false},"excerpt":{"rendered":"<p>DIRECTEMENT DE LA BOITE DE COMBAT &#8211; Combattez vos amis avec de puissantes cr\u00e9atures et des sorts spectaculaires parmi quatre<\/p>\n","protected":false},"featured_media":26369,"comment_status":"open","ping_status":"closed","template":"","meta":{"_acf_changed":false},"product_brand":[5158,5070],"product_cat":[9987,10187,9967,9991],"product_tag":[],"class_list":{"0":"post-318544","1":"product","2":"type-product","3":"status-publish","4":"has-post-thumbnail","6":"product_brand-magic-the-gathering","7":"product_brand-wizards-of-the-coast","8":"product_cat-decks-mtg-fr","9":"product_cat-horizons-du-modern-3","10":"product_cat-magic-the-gathering-fr","11":"product_cat-produits-par-lots-mtg","13":"first","14":"instock","15":"taxable","16":"shipping-taxable","17":"purchasable","18":"product-type-variable"},"acf":[],"yoast_head":"<!-- This site is optimized with the Yoast SEO plugin v27.4 - https:\/\/yoast.com\/product\/yoast-seo-wordpress\/ -->\n<title>Ach\u00e8te Magic - Modern Horizons 3 (MH3)- Commander Deck<\/title>\n<meta name=\"description\" content=\"Ach\u00e8te Magic - Modern Horizons 3 (MH3)- Commander Deck en ligne maintenant \u00e0 petit prix! Ton #1 shop pour cartes TCG &amp; Pok\u00e9mon en Suisse \u2713 Livraison gratuite d\u00e8s CHF 29\" \/>\n<meta name=\"robots\" content=\"index, follow, max-snippet:-1, max-image-preview:large, max-video-preview:-1\" \/>\n<link rel=\"canonical\" href=\"https:\/\/theuncommonshop.ch\/fr\/product\/magic-modern-horizons-3-mh3-commander-deck-2\/\" \/>\n<meta property=\"og:locale\" content=\"fr_FR\" \/>\n<meta property=\"og:type\" content=\"article\" \/>\n<meta property=\"og:title\" content=\"Ach\u00e8te Magic - Modern Horizons 3 (MH3)- Commander Deck\" \/>\n<meta property=\"og:description\" content=\"Ach\u00e8te Magic - Modern Horizons 3 (MH3)- Commander Deck en ligne maintenant \u00e0 petit prix! Ton #1 shop pour cartes TCG &amp; Pok\u00e9mon en Suisse \u2713 Livraison gratuite d\u00e8s CHF 29\" \/>\n<meta property=\"og:url\" content=\"https:\/\/theuncommonshop.ch\/fr\/product\/magic-modern-horizons-3-mh3-commander-deck-2\/\" \/>\n<meta property=\"og:site_name\" content=\"The Uncommon Shop\" \/>\n<meta property=\"article:modified_time\" content=\"2026-03-30T11:04:12+00:00\" \/>\n<meta property=\"og:image\" content=\"https:\/\/theuncommonshop.ch\/wp-content\/uploads\/2025\/05\/4146055352.jpg\" \/>\n\t<meta property=\"og:image:width\" content=\"1800\" \/>\n\t<meta property=\"og:image:height\" content=\"1800\" \/>\n\t<meta property=\"og:image:type\" content=\"image\/jpeg\" \/>\n<meta name=\"twitter:card\" content=\"summary_large_image\" \/>\n<meta name=\"twitter:label1\" content=\"Disponibilit\u00e9\" \/>\n\t<meta name=\"twitter:data1\" content=\"En stock\" \/>\n<script type=\"application\/ld+json\" class=\"yoast-schema-graph\">{\"@context\":\"https:\\\/\\\/schema.org\",\"@graph\":[{\"@type\":\"WebPage\",\"@id\":\"https:\\\/\\\/theuncommonshop.ch\\\/fr\\\/product\\\/magic-modern-horizons-3-mh3-commander-deck-2\\\/\",\"url\":\"https:\\\/\\\/theuncommonshop.ch\\\/fr\\\/product\\\/magic-modern-horizons-3-mh3-commander-deck-2\\\/\",\"name\":\"Ach\u00e8te Magic - Modern Horizons 3 (MH3)- Commander Deck\",\"isPartOf\":{\"@id\":\"https:\\\/\\\/theuncommonshop.ch\\\/fr\\\/#website\"},\"primaryImageOfPage\":{\"@id\":\"https:\\\/\\\/theuncommonshop.ch\\\/fr\\\/product\\\/magic-modern-horizons-3-mh3-commander-deck-2\\\/#primaryimage\"},\"image\":{\"@id\":\"https:\\\/\\\/theuncommonshop.ch\\\/fr\\\/product\\\/magic-modern-horizons-3-mh3-commander-deck-2\\\/#primaryimage\"},\"thumbnailUrl\":\"https:\\\/\\\/theuncommonshop.ch\\\/wp-content\\\/uploads\\\/2025\\\/05\\\/4146055352.jpg\",\"datePublished\":\"2025-06-12T13:24:37+00:00\",\"dateModified\":\"2026-03-30T11:04:12+00:00\",\"description\":\"Ach\u00e8te Magic - Modern Horizons 3 (MH3)- Commander Deck en ligne maintenant \u00e0 petit prix! Ton #1 shop pour cartes TCG & Pok\u00e9mon en Suisse \u2713 Livraison gratuite d\u00e8s CHF 29\",\"breadcrumb\":{\"@id\":\"https:\\\/\\\/theuncommonshop.ch\\\/fr\\\/product\\\/magic-modern-horizons-3-mh3-commander-deck-2\\\/#breadcrumb\"},\"inLanguage\":\"fr-FR\",\"potentialAction\":[{\"@type\":\"ReadAction\",\"target\":[\"https:\\\/\\\/theuncommonshop.ch\\\/fr\\\/product\\\/magic-modern-horizons-3-mh3-commander-deck-2\\\/\"]}]},{\"@type\":\"ImageObject\",\"inLanguage\":\"fr-FR\",\"@id\":\"https:\\\/\\\/theuncommonshop.ch\\\/fr\\\/product\\\/magic-modern-horizons-3-mh3-commander-deck-2\\\/#primaryimage\",\"url\":\"https:\\\/\\\/theuncommonshop.ch\\\/wp-content\\\/uploads\\\/2025\\\/05\\\/4146055352.jpg\",\"contentUrl\":\"https:\\\/\\\/theuncommonshop.ch\\\/wp-content\\\/uploads\\\/2025\\\/05\\\/4146055352.jpg\",\"width\":1800,\"height\":1800},{\"@type\":\"BreadcrumbList\",\"@id\":\"https:\\\/\\\/theuncommonshop.ch\\\/fr\\\/product\\\/magic-modern-horizons-3-mh3-commander-deck-2\\\/#breadcrumb\",\"itemListElement\":[{\"@type\":\"ListItem\",\"position\":1,\"name\":\"Accueil\",\"item\":\"https:\\\/\\\/theuncommonshop.ch\\\/fr\\\/accueil\\\/\"},{\"@type\":\"ListItem\",\"position\":2,\"name\":\"Boutique\",\"item\":\"https:\\\/\\\/theuncommonshop.ch\\\/fr\\\/boutique\\\/\"},{\"@type\":\"ListItem\",\"position\":3,\"name\":\"Magic the Gathering\",\"item\":\"https:\\\/\\\/theuncommonshop.ch\\\/fr\\\/categorie-produit\\\/magic-the-gathering-fr\\\/\"},{\"@type\":\"ListItem\",\"position\":4,\"name\":\"Produits par lots\",\"item\":\"https:\\\/\\\/theuncommonshop.ch\\\/fr\\\/categorie-produit\\\/magic-the-gathering-fr\\\/produits-par-lots-mtg\\\/\"},{\"@type\":\"ListItem\",\"position\":5,\"name\":\"Horizons du Modern 3\",\"item\":\"https:\\\/\\\/theuncommonshop.ch\\\/fr\\\/categorie-produit\\\/magic-the-gathering-fr\\\/produits-par-lots-mtg\\\/horizons-du-modern-3\\\/\"},{\"@type\":\"ListItem\",\"position\":6,\"name\":\"Magic &#8211; Modern Horizons 3 (MH3)- Commander Deck\"}]},{\"@type\":\"WebSite\",\"@id\":\"https:\\\/\\\/theuncommonshop.ch\\\/fr\\\/#website\",\"url\":\"https:\\\/\\\/theuncommonshop.ch\\\/fr\\\/\",\"name\":\"The Uncommon Shop\",\"description\":\"Magic, Pok\u00e9mon and Yu-gi-oh - The Uncommon Shop\",\"potentialAction\":[{\"@type\":\"SearchAction\",\"target\":{\"@type\":\"EntryPoint\",\"urlTemplate\":\"https:\\\/\\\/theuncommonshop.ch\\\/fr\\\/?s={search_term_string}\"},\"query-input\":{\"@type\":\"PropertyValueSpecification\",\"valueRequired\":true,\"valueName\":\"search_term_string\"}}],\"inLanguage\":\"fr-FR\"}]}<\/script>\n<meta property=\"og:availability\" content=\"instock\" \/>\n<meta property=\"product:availability\" content=\"instock\" \/>\n<meta property=\"product:retailer_item_id\" content=\"MTG.XII.G.MHIIIDeck.DE\" \/>\n<meta property=\"product:condition\" content=\"new\" \/>\n<!-- \/ Yoast SEO plugin. -->","yoast_head_json":{"title":"Ach\u00e8te Magic - Modern Horizons 3 (MH3)- Commander Deck","description":"Ach\u00e8te Magic - Modern Horizons 3 (MH3)- Commander Deck en ligne maintenant \u00e0 petit prix! Ton #1 shop pour cartes TCG & Pok\u00e9mon en Suisse \u2713 Livraison gratuite d\u00e8s CHF 29","robots":{"index":"index","follow":"follow","max-snippet":"max-snippet:-1","max-image-preview":"max-image-preview:large","max-video-preview":"max-video-preview:-1"},"canonical":"https:\/\/theuncommonshop.ch\/fr\/product\/magic-modern-horizons-3-mh3-commander-deck-2\/","og_locale":"fr_FR","og_type":"article","og_title":"Ach\u00e8te Magic - Modern Horizons 3 (MH3)- Commander Deck","og_description":"Ach\u00e8te Magic - Modern Horizons 3 (MH3)- Commander Deck en ligne maintenant \u00e0 petit prix! Ton #1 shop pour cartes TCG & Pok\u00e9mon en Suisse \u2713 Livraison gratuite d\u00e8s CHF 29","og_url":"https:\/\/theuncommonshop.ch\/fr\/product\/magic-modern-horizons-3-mh3-commander-deck-2\/","og_site_name":"The Uncommon Shop","article_modified_time":"2026-03-30T11:04:12+00:00","og_image":[{"width":1800,"height":1800,"url":"https:\/\/theuncommonshop.ch\/wp-content\/uploads\/2025\/05\/4146055352.jpg","type":"image\/jpeg"}],"twitter_card":"summary_large_image","twitter_misc":{"Disponibilit\u00e9":"En stock"},"schema":{"@context":"https:\/\/schema.org","@graph":[{"@type":"WebPage","@id":"https:\/\/theuncommonshop.ch\/fr\/product\/magic-modern-horizons-3-mh3-commander-deck-2\/","url":"https:\/\/theuncommonshop.ch\/fr\/product\/magic-modern-horizons-3-mh3-commander-deck-2\/","name":"Ach\u00e8te Magic - Modern Horizons 3 (MH3)- Commander Deck","isPartOf":{"@id":"https:\/\/theuncommonshop.ch\/fr\/#website"},"primaryImageOfPage":{"@id":"https:\/\/theuncommonshop.ch\/fr\/product\/magic-modern-horizons-3-mh3-commander-deck-2\/#primaryimage"},"image":{"@id":"https:\/\/theuncommonshop.ch\/fr\/product\/magic-modern-horizons-3-mh3-commander-deck-2\/#primaryimage"},"thumbnailUrl":"https:\/\/theuncommonshop.ch\/wp-content\/uploads\/2025\/05\/4146055352.jpg","datePublished":"2025-06-12T13:24:37+00:00","dateModified":"2026-03-30T11:04:12+00:00","description":"Ach\u00e8te Magic - Modern Horizons 3 (MH3)- Commander Deck en ligne maintenant \u00e0 petit prix! Ton #1 shop pour cartes TCG & Pok\u00e9mon en Suisse \u2713 Livraison gratuite d\u00e8s CHF 29","breadcrumb":{"@id":"https:\/\/theuncommonshop.ch\/fr\/product\/magic-modern-horizons-3-mh3-commander-deck-2\/#breadcrumb"},"inLanguage":"fr-FR","potentialAction":[{"@type":"ReadAction","target":["https:\/\/theuncommonshop.ch\/fr\/product\/magic-modern-horizons-3-mh3-commander-deck-2\/"]}]},{"@type":"ImageObject","inLanguage":"fr-FR","@id":"https:\/\/theuncommonshop.ch\/fr\/product\/magic-modern-horizons-3-mh3-commander-deck-2\/#primaryimage","url":"https:\/\/theuncommonshop.ch\/wp-content\/uploads\/2025\/05\/4146055352.jpg","contentUrl":"https:\/\/theuncommonshop.ch\/wp-content\/uploads\/2025\/05\/4146055352.jpg","width":1800,"height":1800},{"@type":"BreadcrumbList","@id":"https:\/\/theuncommonshop.ch\/fr\/product\/magic-modern-horizons-3-mh3-commander-deck-2\/#breadcrumb","itemListElement":[{"@type":"ListItem","position":1,"name":"Accueil","item":"https:\/\/theuncommonshop.ch\/fr\/accueil\/"},{"@type":"ListItem","position":2,"name":"Boutique","item":"https:\/\/theuncommonshop.ch\/fr\/boutique\/"},{"@type":"ListItem","position":3,"name":"Magic the Gathering","item":"https:\/\/theuncommonshop.ch\/fr\/categorie-produit\/magic-the-gathering-fr\/"},{"@type":"ListItem","position":4,"name":"Produits par lots","item":"https:\/\/theuncommonshop.ch\/fr\/categorie-produit\/magic-the-gathering-fr\/produits-par-lots-mtg\/"},{"@type":"ListItem","position":5,"name":"Horizons du Modern 3","item":"https:\/\/theuncommonshop.ch\/fr\/categorie-produit\/magic-the-gathering-fr\/produits-par-lots-mtg\/horizons-du-modern-3\/"},{"@type":"ListItem","position":6,"name":"Magic &#8211; Modern Horizons 3 (MH3)- Commander Deck"}]},{"@type":"WebSite","@id":"https:\/\/theuncommonshop.ch\/fr\/#website","url":"https:\/\/theuncommonshop.ch\/fr\/","name":"The Uncommon Shop","description":"Magic, Pok\u00e9mon and Yu-gi-oh - The Uncommon Shop","potentialAction":[{"@type":"SearchAction","target":{"@type":"EntryPoint","urlTemplate":"https:\/\/theuncommonshop.ch\/fr\/?s={search_term_string}"},"query-input":{"@type":"PropertyValueSpecification","valueRequired":true,"valueName":"search_term_string"}}],"inLanguage":"fr-FR"}]},"og_availability":"instock","product_availability":"instock","product_retailer_item_id":"MTG.XII.G.MHIIIDeck.DE","product_condition":"new"},"_links":{"self":[{"href":"https:\/\/theuncommonshop.ch\/fr\/wp-json\/wp\/v2\/product\/318544","targetHints":{"allow":["GET"]}}],"collection":[{"href":"https:\/\/theuncommonshop.ch\/fr\/wp-json\/wp\/v2\/product"}],"about":[{"href":"https:\/\/theuncommonshop.ch\/fr\/wp-json\/wp\/v2\/types\/product"}],"replies":[{"embeddable":true,"href":"https:\/\/theuncommonshop.ch\/fr\/wp-json\/wp\/v2\/comments?post=318544"}],"version-history":[{"count":0,"href":"https:\/\/theuncommonshop.ch\/fr\/wp-json\/wp\/v2\/product\/318544\/revisions"}],"wp:featuredmedia":[{"embeddable":true,"href":"https:\/\/theuncommonshop.ch\/fr\/wp-json\/wp\/v2\/media\/26369"}],"wp:attachment":[{"href":"https:\/\/theuncommonshop.ch\/fr\/wp-json\/wp\/v2\/media?parent=318544"}],"wp:term":[{"taxonomy":"product_brand","embeddable":true,"href":"https:\/\/theuncommonshop.ch\/fr\/wp-json\/wp\/v2\/product_brand?post=318544"},{"taxonomy":"product_cat","embeddable":true,"href":"https:\/\/theuncommonshop.ch\/fr\/wp-json\/wp\/v2\/product_cat?post=318544"},{"taxonomy":"product_tag","embeddable":true,"href":"https:\/\/theuncommonshop.ch\/fr\/wp-json\/wp\/v2\/product_tag?post=318544"}],"curies":[{"name":"wp","href":"https:\/\/api.w.org\/{rel}","templated":true}]}}