{"id":318447,"date":"2025-06-12T13:12:09","date_gmt":"2025-06-12T13:12:09","guid":{"rendered":"http:\/\/theuncommonshop.ch\/produkt\/318447\/"},"modified":"2026-03-29T17:02:41","modified_gmt":"2026-03-29T15:02:41","slug":"magic-march-of-the-machine-mom-set-booster-display-2","status":"publish","type":"product","link":"https:\/\/theuncommonshop.ch\/fr\/product\/magic-march-of-the-machine-mom-set-booster-display-2\/","title":{"rendered":"Magic : March of the Machine (MOM) &#8211; Set Booster Display"},"content":{"rendered":"<p data-start=\"87\" data-end=\"353\">Vivez l&#8217;apog\u00e9e \u00e9pique de l&#8217;invasion des Phyrexiens avec le <strong data-start=\"150\" data-end=\"173\">set Booster Display<\/strong> de <strong data-start=\"178\" data-end=\"219\"><span class=\"hover:entity-accent entity-underline inline cursor-pointer align-baseline\"><span class=\"whitespace-normal\">March of the Machine<\/span><\/span><\/strong>. Dans ce set spectaculaire, de nombreux mondes du multivers Magic luttent ensemble contre la menace des Phyrexiens. <\/p>\n<p data-start=\"355\" data-end=\"771\"><strong data-start=\"355\" data-end=\"385\">March of the Machine (MOM)<\/strong> introduit dans le jeu un grand nombre de personnages l\u00e9gendaires, de cr\u00e9atures puissantes et de nouvelles m\u00e9caniques de jeu. On notera en particulier les <strong data-start=\"520\" data-end=\"537\">cartes Battle<\/strong>, un nouveau type de carte dans Magic qui affecte le champ de bataille d&#8217;une toute nouvelle mani\u00e8re. De plus, de nombreuses <strong data-start=\"670\" data-end=\"692\">Multiverse Legends<\/strong>, des cr\u00e9atures l\u00e9gendaires de l&#8217;histoire de Magic avec des cadres de cartes sp\u00e9ciaux, apparaissent dans le set.  <\/p>\n<p data-start=\"773\" data-end=\"1063\"><strong data-start=\"773\" data-end=\"788\">Les Boosters de jeu<\/strong> ont \u00e9t\u00e9 sp\u00e9cialement con\u00e7us pour les joueurs et les collectionneurs qui aiment ouvrir des Boosters. Ils offrent un m\u00e9lange vari\u00e9 de cartes, souvent plusieurs cartes Rares, ainsi que la chance de recevoir des cartes de <strong data-start=\"992\" data-end=\"1006\">&#8220;The List&#8221;,<\/strong> une s\u00e9lection de cartes populaires des sets Magic pr\u00e9c\u00e9dents. <\/p>\n<h3 data-start=\"1065\" data-end=\"1083\">D\u00e9tails du produit<\/h3>\n<p data-start=\"1085\" data-end=\"1477\">&#8211; <strong data-start=\"1087\" data-end=\"1095\">Set :<\/strong> March of the Machine <br data-start=\"1116\" data-end=\"1119\">&#8211; <strong data-start=\"1121\" data-end=\"1140\">Nom allemand :<\/strong> Marsch der Maschinen <br data-start=\"1160\" data-end=\"1163\">&#8211; <strong data-start=\"1165\" data-end=\"1178\">Code de l&#8217;ensemble :<\/strong> <strong data-start=\"1179\" data-end=\"1186\">MOM<\/strong><br data-start=\"1186\" data-end=\"1189\">&#8211; <strong data-start=\"1191\" data-end=\"1227\">1 display contient 30 sets Booster<\/strong><br data-start=\"1227\" data-end=\"1230\" data-is-only-node=\"\">&#8211; <strong data-start=\"1232\" data-end=\"1278\">12 cartes Magic : The Gathering par Booster<\/strong><br data-start=\"1278\" data-end=\"1281\">&#8211; Plus grande chance d&#8217;obtenir <strong data-start=\"1301\" data-end=\"1332\">des cartes Rare et Mythic Rare<\/strong><br data-start=\"1332\" data-end=\"1335\">&#8211; Possibilit\u00e9 d&#8217;obtenir des cartes de <strong data-start=\"1364\" data-end=\"1378\">&#8220;The List<\/strong>&#8220;<br data-start=\"1378\" data-end=\"1381\">&#8211; Contient <strong data-start=\"1391\" data-end=\"1431\">des cartes Battle et des Multiverse Legends<\/strong><br data-start=\"1431\" data-end=\"1434\">&#8211; Id\u00e9al pour les        <strong data-start=\"1446\" data-end=\"1477\">Ouverture des collecteurs et des Boosters<\/strong><\/p>\n<p data-start=\"1479\" data-end=\"1677\">Avec le <strong data-start=\"1487\" data-end=\"1558\">Booster Display de l&#8217;ensemble March of the Machine (MOM) de Magic : The Gathering<\/strong>, vous pouvez ouvrir des boosters passionnants et d\u00e9couvrir des cartes \u00e9piques de l&#8217;une des plus grandes batailles du multivers Magic.<\/p>\n","protected":false},"excerpt":{"rendered":"<p>Vivez l&#8217;apog\u00e9e \u00e9pique de l&#8217;invasion des Phyrexiens avec le set Booster Display de March of the Machine. Dans ce set<\/p>\n","protected":false},"featured_media":25838,"comment_status":"open","ping_status":"closed","template":"","meta":{"_acf_changed":false},"product_brand":[5158,5070],"product_cat":[9969,10207,9967,9991],"product_tag":[],"class_list":{"0":"post-318447","1":"product","2":"type-product","3":"status-publish","4":"has-post-thumbnail","6":"product_brand-magic-the-gathering","7":"product_brand-wizards-of-the-coast","8":"product_cat-booster-displays-fr","9":"product_cat-linvasion-des-machines","10":"product_cat-magic-the-gathering-fr","11":"product_cat-produits-par-lots-mtg","13":"first","14":"instock","15":"taxable","16":"shipping-taxable","17":"purchasable","18":"product-type-variable"},"acf":[],"yoast_head":"<!-- This site is optimized with the Yoast SEO plugin v27.4 - https:\/\/yoast.com\/product\/yoast-seo-wordpress\/ -->\n<title>Ach\u00e8te Magic : March of the Machine (MOM) - Set Booster Display<\/title>\n<meta name=\"description\" content=\"Ach\u00e8te Magic : March of the Machine (MOM) - Set Booster Display en ligne maintenant \u00e0 petit prix! Ton #1 shop pour cartes TCG &amp; Pok\u00e9mon en Suisse \u2713 Livraison gratuite d\u00e8s CHF 29\" \/>\n<meta name=\"robots\" content=\"index, follow, max-snippet:-1, max-image-preview:large, max-video-preview:-1\" \/>\n<link rel=\"canonical\" href=\"https:\/\/theuncommonshop.ch\/fr\/product\/magic-march-of-the-machine-mom-set-booster-display-2\/\" \/>\n<meta property=\"og:locale\" content=\"fr_FR\" \/>\n<meta property=\"og:type\" content=\"article\" \/>\n<meta property=\"og:title\" content=\"Ach\u00e8te Magic : March of the Machine (MOM) - Set Booster Display\" \/>\n<meta property=\"og:description\" content=\"Ach\u00e8te Magic : March of the Machine (MOM) - Set Booster Display en ligne maintenant \u00e0 petit prix! Ton #1 shop pour cartes TCG &amp; Pok\u00e9mon en Suisse \u2713 Livraison gratuite d\u00e8s CHF 29\" \/>\n<meta property=\"og:url\" content=\"https:\/\/theuncommonshop.ch\/fr\/product\/magic-march-of-the-machine-mom-set-booster-display-2\/\" \/>\n<meta property=\"og:site_name\" content=\"Largest trading card shop in Switzerland\" \/>\n<meta property=\"article:modified_time\" content=\"2026-03-29T15:02:41+00:00\" \/>\n<meta property=\"og:image\" content=\"https:\/\/theuncommonshop.ch\/wp-content\/uploads\/2025\/05\/3387495941.jpg\" \/>\n\t<meta property=\"og:image:width\" content=\"900\" \/>\n\t<meta property=\"og:image:height\" content=\"731\" \/>\n\t<meta property=\"og:image:type\" content=\"image\/jpeg\" \/>\n<meta name=\"twitter:card\" content=\"summary_large_image\" \/>\n<meta name=\"twitter:label1\" content=\"Disponibilit\u00e9\" \/>\n\t<meta name=\"twitter:data1\" content=\"En stock\" \/>\n<script type=\"application\/ld+json\" class=\"yoast-schema-graph\">{\"@context\":\"https:\\\/\\\/schema.org\",\"@graph\":[{\"@type\":\"WebPage\",\"@id\":\"https:\\\/\\\/theuncommonshop.ch\\\/fr\\\/product\\\/magic-march-of-the-machine-mom-set-booster-display-2\\\/\",\"url\":\"https:\\\/\\\/theuncommonshop.ch\\\/fr\\\/product\\\/magic-march-of-the-machine-mom-set-booster-display-2\\\/\",\"name\":\"Ach\u00e8te Magic : March of the Machine (MOM) - Set Booster Display\",\"isPartOf\":{\"@id\":\"https:\\\/\\\/theuncommonshop.ch\\\/#website\"},\"primaryImageOfPage\":{\"@id\":\"https:\\\/\\\/theuncommonshop.ch\\\/fr\\\/product\\\/magic-march-of-the-machine-mom-set-booster-display-2\\\/#primaryimage\"},\"image\":{\"@id\":\"https:\\\/\\\/theuncommonshop.ch\\\/fr\\\/product\\\/magic-march-of-the-machine-mom-set-booster-display-2\\\/#primaryimage\"},\"thumbnailUrl\":\"https:\\\/\\\/theuncommonshop.ch\\\/wp-content\\\/uploads\\\/2025\\\/05\\\/3387495941.jpg\",\"datePublished\":\"2025-06-12T13:12:09+00:00\",\"dateModified\":\"2026-03-29T15:02:41+00:00\",\"description\":\"Ach\u00e8te Magic : March of the Machine (MOM) - Set Booster Display en ligne maintenant \u00e0 petit prix! Ton #1 shop pour cartes TCG & Pok\u00e9mon en Suisse \u2713 Livraison gratuite d\u00e8s CHF 29\",\"breadcrumb\":{\"@id\":\"https:\\\/\\\/theuncommonshop.ch\\\/fr\\\/product\\\/magic-march-of-the-machine-mom-set-booster-display-2\\\/#breadcrumb\"},\"inLanguage\":\"fr-FR\",\"potentialAction\":[{\"@type\":\"ReadAction\",\"target\":[\"https:\\\/\\\/theuncommonshop.ch\\\/fr\\\/product\\\/magic-march-of-the-machine-mom-set-booster-display-2\\\/\"]}]},{\"@type\":\"ImageObject\",\"inLanguage\":\"fr-FR\",\"@id\":\"https:\\\/\\\/theuncommonshop.ch\\\/fr\\\/product\\\/magic-march-of-the-machine-mom-set-booster-display-2\\\/#primaryimage\",\"url\":\"https:\\\/\\\/theuncommonshop.ch\\\/wp-content\\\/uploads\\\/2025\\\/05\\\/3387495941.jpg\",\"contentUrl\":\"https:\\\/\\\/theuncommonshop.ch\\\/wp-content\\\/uploads\\\/2025\\\/05\\\/3387495941.jpg\",\"width\":900,\"height\":731},{\"@type\":\"BreadcrumbList\",\"@id\":\"https:\\\/\\\/theuncommonshop.ch\\\/fr\\\/product\\\/magic-march-of-the-machine-mom-set-booster-display-2\\\/#breadcrumb\",\"itemListElement\":[{\"@type\":\"ListItem\",\"position\":1,\"name\":\"Accueil\",\"item\":\"https:\\\/\\\/theuncommonshop.ch\\\/fr\\\/accueil\\\/\"},{\"@type\":\"ListItem\",\"position\":2,\"name\":\"Boutique\",\"item\":\"https:\\\/\\\/theuncommonshop.ch\\\/fr\\\/boutique\\\/\"},{\"@type\":\"ListItem\",\"position\":3,\"name\":\"Magic the Gathering\",\"item\":\"https:\\\/\\\/theuncommonshop.ch\\\/fr\\\/categorie-produit\\\/magic-the-gathering-fr\\\/\"},{\"@type\":\"ListItem\",\"position\":4,\"name\":\"Produits par lots\",\"item\":\"https:\\\/\\\/theuncommonshop.ch\\\/fr\\\/categorie-produit\\\/magic-the-gathering-fr\\\/produits-par-lots-mtg\\\/\"},{\"@type\":\"ListItem\",\"position\":5,\"name\":\"L'Invasion des Machines\",\"item\":\"https:\\\/\\\/theuncommonshop.ch\\\/fr\\\/categorie-produit\\\/magic-the-gathering-fr\\\/produits-par-lots-mtg\\\/linvasion-des-machines\\\/\"},{\"@type\":\"ListItem\",\"position\":6,\"name\":\"Magic : March of the Machine (MOM) &#8211; Set Booster Display\"}]},{\"@type\":\"WebSite\",\"@id\":\"https:\\\/\\\/theuncommonshop.ch\\\/#website\",\"url\":\"https:\\\/\\\/theuncommonshop.ch\\\/\",\"name\":\"Largest trading card shop in Switzerland\",\"description\":\"Magic, Pok\u00e9mon and Yu-gi-oh - The Uncommon Shop\",\"potentialAction\":[{\"@type\":\"SearchAction\",\"target\":{\"@type\":\"EntryPoint\",\"urlTemplate\":\"https:\\\/\\\/theuncommonshop.ch\\\/?s={search_term_string}\"},\"query-input\":{\"@type\":\"PropertyValueSpecification\",\"valueRequired\":true,\"valueName\":\"search_term_string\"}}],\"inLanguage\":\"fr-FR\"}]}<\/script>\n<meta property=\"og:availability\" content=\"instock\" \/>\n<meta property=\"product:availability\" content=\"instock\" \/>\n<meta property=\"product:condition\" content=\"new\" \/>\n<!-- \/ Yoast SEO plugin. -->","yoast_head_json":{"title":"Ach\u00e8te Magic : March of the Machine (MOM) - Set Booster Display","description":"Ach\u00e8te Magic : March of the Machine (MOM) - Set Booster Display en ligne maintenant \u00e0 petit prix! Ton #1 shop pour cartes TCG & Pok\u00e9mon en Suisse \u2713 Livraison gratuite d\u00e8s CHF 29","robots":{"index":"index","follow":"follow","max-snippet":"max-snippet:-1","max-image-preview":"max-image-preview:large","max-video-preview":"max-video-preview:-1"},"canonical":"https:\/\/theuncommonshop.ch\/fr\/product\/magic-march-of-the-machine-mom-set-booster-display-2\/","og_locale":"fr_FR","og_type":"article","og_title":"Ach\u00e8te Magic : March of the Machine (MOM) - Set Booster Display","og_description":"Ach\u00e8te Magic : March of the Machine (MOM) - Set Booster Display en ligne maintenant \u00e0 petit prix! Ton #1 shop pour cartes TCG & Pok\u00e9mon en Suisse \u2713 Livraison gratuite d\u00e8s CHF 29","og_url":"https:\/\/theuncommonshop.ch\/fr\/product\/magic-march-of-the-machine-mom-set-booster-display-2\/","og_site_name":"Largest trading card shop in Switzerland","article_modified_time":"2026-03-29T15:02:41+00:00","og_image":[{"width":900,"height":731,"url":"https:\/\/theuncommonshop.ch\/wp-content\/uploads\/2025\/05\/3387495941.jpg","type":"image\/jpeg"}],"twitter_card":"summary_large_image","twitter_misc":{"Disponibilit\u00e9":"En stock"},"schema":{"@context":"https:\/\/schema.org","@graph":[{"@type":"WebPage","@id":"https:\/\/theuncommonshop.ch\/fr\/product\/magic-march-of-the-machine-mom-set-booster-display-2\/","url":"https:\/\/theuncommonshop.ch\/fr\/product\/magic-march-of-the-machine-mom-set-booster-display-2\/","name":"Ach\u00e8te Magic : March of the Machine (MOM) - Set Booster Display","isPartOf":{"@id":"https:\/\/theuncommonshop.ch\/#website"},"primaryImageOfPage":{"@id":"https:\/\/theuncommonshop.ch\/fr\/product\/magic-march-of-the-machine-mom-set-booster-display-2\/#primaryimage"},"image":{"@id":"https:\/\/theuncommonshop.ch\/fr\/product\/magic-march-of-the-machine-mom-set-booster-display-2\/#primaryimage"},"thumbnailUrl":"https:\/\/theuncommonshop.ch\/wp-content\/uploads\/2025\/05\/3387495941.jpg","datePublished":"2025-06-12T13:12:09+00:00","dateModified":"2026-03-29T15:02:41+00:00","description":"Ach\u00e8te Magic : March of the Machine (MOM) - Set Booster Display en ligne maintenant \u00e0 petit prix! Ton #1 shop pour cartes TCG & Pok\u00e9mon en Suisse \u2713 Livraison gratuite d\u00e8s CHF 29","breadcrumb":{"@id":"https:\/\/theuncommonshop.ch\/fr\/product\/magic-march-of-the-machine-mom-set-booster-display-2\/#breadcrumb"},"inLanguage":"fr-FR","potentialAction":[{"@type":"ReadAction","target":["https:\/\/theuncommonshop.ch\/fr\/product\/magic-march-of-the-machine-mom-set-booster-display-2\/"]}]},{"@type":"ImageObject","inLanguage":"fr-FR","@id":"https:\/\/theuncommonshop.ch\/fr\/product\/magic-march-of-the-machine-mom-set-booster-display-2\/#primaryimage","url":"https:\/\/theuncommonshop.ch\/wp-content\/uploads\/2025\/05\/3387495941.jpg","contentUrl":"https:\/\/theuncommonshop.ch\/wp-content\/uploads\/2025\/05\/3387495941.jpg","width":900,"height":731},{"@type":"BreadcrumbList","@id":"https:\/\/theuncommonshop.ch\/fr\/product\/magic-march-of-the-machine-mom-set-booster-display-2\/#breadcrumb","itemListElement":[{"@type":"ListItem","position":1,"name":"Accueil","item":"https:\/\/theuncommonshop.ch\/fr\/accueil\/"},{"@type":"ListItem","position":2,"name":"Boutique","item":"https:\/\/theuncommonshop.ch\/fr\/boutique\/"},{"@type":"ListItem","position":3,"name":"Magic the Gathering","item":"https:\/\/theuncommonshop.ch\/fr\/categorie-produit\/magic-the-gathering-fr\/"},{"@type":"ListItem","position":4,"name":"Produits par lots","item":"https:\/\/theuncommonshop.ch\/fr\/categorie-produit\/magic-the-gathering-fr\/produits-par-lots-mtg\/"},{"@type":"ListItem","position":5,"name":"L'Invasion des Machines","item":"https:\/\/theuncommonshop.ch\/fr\/categorie-produit\/magic-the-gathering-fr\/produits-par-lots-mtg\/linvasion-des-machines\/"},{"@type":"ListItem","position":6,"name":"Magic : March of the Machine (MOM) &#8211; Set Booster Display"}]},{"@type":"WebSite","@id":"https:\/\/theuncommonshop.ch\/#website","url":"https:\/\/theuncommonshop.ch\/","name":"Largest trading card shop in Switzerland","description":"Magic, Pok\u00e9mon and Yu-gi-oh - The Uncommon Shop","potentialAction":[{"@type":"SearchAction","target":{"@type":"EntryPoint","urlTemplate":"https:\/\/theuncommonshop.ch\/?s={search_term_string}"},"query-input":{"@type":"PropertyValueSpecification","valueRequired":true,"valueName":"search_term_string"}}],"inLanguage":"fr-FR"}]},"og_availability":"instock","product_availability":"instock","product_condition":"new"},"_links":{"self":[{"href":"https:\/\/theuncommonshop.ch\/fr\/wp-json\/wp\/v2\/product\/318447","targetHints":{"allow":["GET"]}}],"collection":[{"href":"https:\/\/theuncommonshop.ch\/fr\/wp-json\/wp\/v2\/product"}],"about":[{"href":"https:\/\/theuncommonshop.ch\/fr\/wp-json\/wp\/v2\/types\/product"}],"replies":[{"embeddable":true,"href":"https:\/\/theuncommonshop.ch\/fr\/wp-json\/wp\/v2\/comments?post=318447"}],"version-history":[{"count":2,"href":"https:\/\/theuncommonshop.ch\/fr\/wp-json\/wp\/v2\/product\/318447\/revisions"}],"predecessor-version":[{"id":358138,"href":"https:\/\/theuncommonshop.ch\/fr\/wp-json\/wp\/v2\/product\/318447\/revisions\/358138"}],"wp:featuredmedia":[{"embeddable":true,"href":"https:\/\/theuncommonshop.ch\/fr\/wp-json\/wp\/v2\/media\/25838"}],"wp:attachment":[{"href":"https:\/\/theuncommonshop.ch\/fr\/wp-json\/wp\/v2\/media?parent=318447"}],"wp:term":[{"taxonomy":"product_brand","embeddable":true,"href":"https:\/\/theuncommonshop.ch\/fr\/wp-json\/wp\/v2\/product_brand?post=318447"},{"taxonomy":"product_cat","embeddable":true,"href":"https:\/\/theuncommonshop.ch\/fr\/wp-json\/wp\/v2\/product_cat?post=318447"},{"taxonomy":"product_tag","embeddable":true,"href":"https:\/\/theuncommonshop.ch\/fr\/wp-json\/wp\/v2\/product_tag?post=318447"}],"curies":[{"name":"wp","href":"https:\/\/api.w.org\/{rel}","templated":true}]}}