{"id":318187,"date":"2025-07-15T15:28:32","date_gmt":"2025-07-15T15:28:32","guid":{"rendered":"http:\/\/theuncommonshop.ch\/produkt\/318187\/"},"modified":"2026-03-29T17:39:25","modified_gmt":"2026-03-29T15:39:25","slug":"magic-unfinity-unf-collector-booster-display-2","status":"publish","type":"product","link":"https:\/\/theuncommonshop.ch\/fr\/product\/magic-unfinity-unf-collector-booster-display-2\/","title":{"rendered":"Magic &#8211; Unfinity (UNF) &#8211; Collector Booster Display"},"content":{"rendered":"<p data-start=\"79\" data-end=\"408\">D\u00e9couvrez le parc d&#8217;attractions d\u00e9jant\u00e9 et plein d&#8217;humour du multivers Magic avec le <strong data-start=\"161\" data-end=\"190\">Collector Booster Display<\/strong> de <strong data-start=\"195\" data-end=\"236\"><span class=\"hover:entity-accent entity-underline inline cursor-pointer align-baseline\"><span class=\"whitespace-normal\">Unfinity<\/span><\/span><\/strong>. Ce set sp\u00e9cial fait partie de la s\u00e9rie populaire des <strong data-start=\"302\" data-end=\"313\">sets dits Un<\/strong>, connus pour leur style humoristique, leurs m\u00e9caniques cr\u00e9atives et leurs cartes exceptionnelles. <\/p>\n<p data-start=\"410\" data-end=\"744\">Dans <strong data-start=\"413\" data-end=\"431\">Unfinity (UNF),<\/strong> les joueurs visitent un parc d&#8217;attractions intergalactique rempli d&#8217;attractions loufoques, de cr\u00e9atures inhabituelles et de m\u00e9canismes de jeu uniques. Les spectaculaires <strong data-start=\"638\" data-end=\"660\">cartes Galaxy Foil<\/strong>, qui comptent parmi les variantes de cartes les plus frappantes jamais publi\u00e9es par Magic, constituent l&#8217;un des points forts de ce set. <\/p>\n<p data-start=\"746\" data-end=\"987\">Les <strong data-start=\"750\" data-end=\"771\">Boosters Collector<\/strong> ont \u00e9t\u00e9 sp\u00e9cialement con\u00e7us pour les collectionneurs et contiennent un nombre particuli\u00e8rement \u00e9lev\u00e9 de <strong data-start=\"841\" data-end=\"903\">cartes Foil, de cartes Showcase et de variantes de cartes sp\u00e9ciales<\/strong>. Ils offrent ainsi une grande chance de trouver des cartes rares et visuellement impressionnantes. <\/p>\n<h3 data-start=\"989\" data-end=\"1007\">D\u00e9tails du produit<\/h3>\n<p data-start=\"1009\" data-end=\"1423\">&#8211;  <strong data-start=\"1011\" data-end=\"1019\">Set :<\/strong> Unfinity<br data-start=\"1028\" data-end=\"1031\">&#8211;  <strong data-start=\"1033\" data-end=\"1046\">Code de l&#8217;ensemble :<\/strong> <strong data-start=\"1047\" data-end=\"1054\">UNF<\/strong><br data-start=\"1054\" data-end=\"1057\">&#8211; <strong data-start=\"1059\" data-end=\"1071\">Langue :<\/strong> <strong data-start=\"1072\" data-end=\"1089\">Anglais (EN)<\/strong><br data-start=\"1089\" data-end=\"1092\">&#8211; <strong data-start=\"1094\" data-end=\"1136\" data-is-only-node=\"\">1 pr\u00e9sentoir contient 12 Boosters Collector<\/strong><br data-start=\"1136\" data-end=\"1139\">&#8211; <strong data-start=\"1141\" data-end=\"1187\">15 cartes Magic : The Gathering par Booster<\/strong><br data-start=\"1187\" data-end=\"1190\">&#8211; Contient de nombreuses <strong data-start=\"1211\" data-end=\"1256\">cartes Foil et des variantes de cartes sp\u00e9ciales<\/strong><br data-start=\"1256\" data-end=\"1259\">&#8211; Chance de recevoir <strong data-start=\"1272\" data-end=\"1317\">des cartes Galaxy Foil et des variantes Showcase<\/strong><br data-start=\"1317\" data-end=\"1320\">&#8211; Fait partie de la <strong data-start=\"1343\" data-end=\"1359\">s\u00e9rie<\/strong> humoristique <strong data-start=\"1343\" data-end=\"1359\">Un-Set<\/strong><br data-start=\"1359\" data-end=\"1362\">&#8211; Parfait pour les joueurs de <strong data-start=\"1141\" data-end=\"1187\">Magic the Gathering<\/strong>.        <strong data-start=\"1385\" data-end=\"1423\">Collectionneurs et pulls de cartes sp\u00e9ciaux<\/strong><\/p>\n<p data-start=\"1425\" data-end=\"1608\">Avec le <strong data-start=\"1433\" data-end=\"1498\">Collector Booster Display de Magic : The Gathering Unfinity (UNF)<\/strong>, vous vous assurez d&#8217;obtenir des cartes particuli\u00e8rement rares et des variantes exceptionnelles de l&#8217;un des sets Magic les plus cr\u00e9atifs.<\/p>\n<p>&nbsp;<\/p>\n<p><iframe src=\"https:\/\/www.youtube.com\/embed\/bupqgVmVArQ\" width=\"500\" height=\"281\" frameborder=\"0\" allowfullscreen=\"allowfullscreen\"><\/iframe><\/p>\n","protected":false},"excerpt":{"rendered":"<p>D\u00e9couvrez le parc d&#8217;attractions d\u00e9jant\u00e9 et plein d&#8217;humour du multivers Magic avec le Collector Booster Display de Unfinity. Ce set<\/p>\n","protected":false},"featured_media":66862,"comment_status":"open","ping_status":"closed","template":"","meta":{"_acf_changed":false},"product_brand":[5158,5070],"product_cat":[9969,9967,9991,10219],"product_tag":[],"class_list":{"0":"post-318187","1":"product","2":"type-product","3":"status-publish","4":"has-post-thumbnail","6":"product_brand-magic-the-gathering","7":"product_brand-wizards-of-the-coast","8":"product_cat-booster-displays-fr","9":"product_cat-magic-the-gathering-fr","10":"product_cat-produits-par-lots-mtg","11":"product_cat-unfinity","13":"first","14":"instock","15":"taxable","16":"shipping-taxable","17":"purchasable","18":"product-type-variable"},"acf":[],"yoast_head":"<!-- This site is optimized with the Yoast SEO plugin v27.4 - https:\/\/yoast.com\/product\/yoast-seo-wordpress\/ -->\n<title>Ach\u00e8te Magic - Unfinity (UNF) - Collector Booster Display<\/title>\n<meta name=\"description\" content=\"Ach\u00e8te Magic - Unfinity (UNF) - Collector Booster Display en ligne maintenant \u00e0 petit prix! Ton #1 shop pour cartes TCG &amp; Pok\u00e9mon en Suisse \u2713 Livraison gratuite d\u00e8s CHF 29\" \/>\n<meta name=\"robots\" content=\"index, follow, max-snippet:-1, max-image-preview:large, max-video-preview:-1\" \/>\n<link rel=\"canonical\" href=\"https:\/\/theuncommonshop.ch\/fr\/product\/magic-unfinity-unf-collector-booster-display-2\/\" \/>\n<meta property=\"og:locale\" content=\"fr_FR\" \/>\n<meta property=\"og:type\" content=\"article\" \/>\n<meta property=\"og:title\" content=\"Ach\u00e8te Magic - Unfinity (UNF) - Collector Booster Display\" \/>\n<meta property=\"og:description\" content=\"Ach\u00e8te Magic - Unfinity (UNF) - Collector Booster Display en ligne maintenant \u00e0 petit prix! Ton #1 shop pour cartes TCG &amp; Pok\u00e9mon en Suisse \u2713 Livraison gratuite d\u00e8s CHF 29\" \/>\n<meta property=\"og:url\" content=\"https:\/\/theuncommonshop.ch\/fr\/product\/magic-unfinity-unf-collector-booster-display-2\/\" \/>\n<meta property=\"og:site_name\" content=\"Largest trading card shop in Switzerland\" \/>\n<meta property=\"article:modified_time\" content=\"2026-03-29T15:39:25+00:00\" \/>\n<meta property=\"og:image\" content=\"https:\/\/theuncommonshop.ch\/wp-content\/uploads\/2025\/06\/2795234297.jpg\" \/>\n\t<meta property=\"og:image:width\" content=\"900\" \/>\n\t<meta property=\"og:image:height\" content=\"990\" \/>\n\t<meta property=\"og:image:type\" content=\"image\/jpeg\" \/>\n<meta name=\"twitter:card\" content=\"summary_large_image\" \/>\n<meta name=\"twitter:label1\" content=\"Disponibilit\u00e9\" \/>\n\t<meta name=\"twitter:data1\" content=\"En stock\" \/>\n<script type=\"application\/ld+json\" class=\"yoast-schema-graph\">{\"@context\":\"https:\\\/\\\/schema.org\",\"@graph\":[{\"@type\":\"WebPage\",\"@id\":\"https:\\\/\\\/theuncommonshop.ch\\\/fr\\\/product\\\/magic-unfinity-unf-collector-booster-display-2\\\/\",\"url\":\"https:\\\/\\\/theuncommonshop.ch\\\/fr\\\/product\\\/magic-unfinity-unf-collector-booster-display-2\\\/\",\"name\":\"Ach\u00e8te Magic - Unfinity (UNF) - Collector Booster Display\",\"isPartOf\":{\"@id\":\"https:\\\/\\\/theuncommonshop.ch\\\/#website\"},\"primaryImageOfPage\":{\"@id\":\"https:\\\/\\\/theuncommonshop.ch\\\/fr\\\/product\\\/magic-unfinity-unf-collector-booster-display-2\\\/#primaryimage\"},\"image\":{\"@id\":\"https:\\\/\\\/theuncommonshop.ch\\\/fr\\\/product\\\/magic-unfinity-unf-collector-booster-display-2\\\/#primaryimage\"},\"thumbnailUrl\":\"https:\\\/\\\/theuncommonshop.ch\\\/wp-content\\\/uploads\\\/2025\\\/06\\\/2795234297.jpg\",\"datePublished\":\"2025-07-15T15:28:32+00:00\",\"dateModified\":\"2026-03-29T15:39:25+00:00\",\"description\":\"Ach\u00e8te Magic - Unfinity (UNF) - Collector Booster Display en ligne maintenant \u00e0 petit prix! Ton #1 shop pour cartes TCG & Pok\u00e9mon en Suisse \u2713 Livraison gratuite d\u00e8s CHF 29\",\"breadcrumb\":{\"@id\":\"https:\\\/\\\/theuncommonshop.ch\\\/fr\\\/product\\\/magic-unfinity-unf-collector-booster-display-2\\\/#breadcrumb\"},\"inLanguage\":\"fr-FR\",\"potentialAction\":[{\"@type\":\"ReadAction\",\"target\":[\"https:\\\/\\\/theuncommonshop.ch\\\/fr\\\/product\\\/magic-unfinity-unf-collector-booster-display-2\\\/\"]}]},{\"@type\":\"ImageObject\",\"inLanguage\":\"fr-FR\",\"@id\":\"https:\\\/\\\/theuncommonshop.ch\\\/fr\\\/product\\\/magic-unfinity-unf-collector-booster-display-2\\\/#primaryimage\",\"url\":\"https:\\\/\\\/theuncommonshop.ch\\\/wp-content\\\/uploads\\\/2025\\\/06\\\/2795234297.jpg\",\"contentUrl\":\"https:\\\/\\\/theuncommonshop.ch\\\/wp-content\\\/uploads\\\/2025\\\/06\\\/2795234297.jpg\",\"width\":900,\"height\":990},{\"@type\":\"BreadcrumbList\",\"@id\":\"https:\\\/\\\/theuncommonshop.ch\\\/fr\\\/product\\\/magic-unfinity-unf-collector-booster-display-2\\\/#breadcrumb\",\"itemListElement\":[{\"@type\":\"ListItem\",\"position\":1,\"name\":\"Accueil\",\"item\":\"https:\\\/\\\/theuncommonshop.ch\\\/fr\\\/accueil\\\/\"},{\"@type\":\"ListItem\",\"position\":2,\"name\":\"Boutique\",\"item\":\"https:\\\/\\\/theuncommonshop.ch\\\/fr\\\/boutique\\\/\"},{\"@type\":\"ListItem\",\"position\":3,\"name\":\"Magic the Gathering\",\"item\":\"https:\\\/\\\/theuncommonshop.ch\\\/fr\\\/categorie-produit\\\/magic-the-gathering-fr\\\/\"},{\"@type\":\"ListItem\",\"position\":4,\"name\":\"Produits par lots\",\"item\":\"https:\\\/\\\/theuncommonshop.ch\\\/fr\\\/categorie-produit\\\/magic-the-gathering-fr\\\/produits-par-lots-mtg\\\/\"},{\"@type\":\"ListItem\",\"position\":5,\"name\":\"Unfinity\",\"item\":\"https:\\\/\\\/theuncommonshop.ch\\\/fr\\\/categorie-produit\\\/magic-the-gathering-fr\\\/produits-par-lots-mtg\\\/unfinity\\\/\"},{\"@type\":\"ListItem\",\"position\":6,\"name\":\"Magic &#8211; Unfinity (UNF) &#8211; Collector Booster Display\"}]},{\"@type\":\"WebSite\",\"@id\":\"https:\\\/\\\/theuncommonshop.ch\\\/#website\",\"url\":\"https:\\\/\\\/theuncommonshop.ch\\\/\",\"name\":\"Largest trading card shop in Switzerland\",\"description\":\"Magic, Pok\u00e9mon and Yu-gi-oh - The Uncommon Shop\",\"potentialAction\":[{\"@type\":\"SearchAction\",\"target\":{\"@type\":\"EntryPoint\",\"urlTemplate\":\"https:\\\/\\\/theuncommonshop.ch\\\/?s={search_term_string}\"},\"query-input\":{\"@type\":\"PropertyValueSpecification\",\"valueRequired\":true,\"valueName\":\"search_term_string\"}}],\"inLanguage\":\"fr-FR\"}]}<\/script>\n<meta property=\"og:availability\" content=\"instock\" \/>\n<meta property=\"product:availability\" content=\"instock\" \/>\n<meta property=\"product:condition\" content=\"new\" \/>\n<!-- \/ Yoast SEO plugin. -->","yoast_head_json":{"title":"Ach\u00e8te Magic - Unfinity (UNF) - Collector Booster Display","description":"Ach\u00e8te Magic - Unfinity (UNF) - Collector Booster Display en ligne maintenant \u00e0 petit prix! Ton #1 shop pour cartes TCG & Pok\u00e9mon en Suisse \u2713 Livraison gratuite d\u00e8s CHF 29","robots":{"index":"index","follow":"follow","max-snippet":"max-snippet:-1","max-image-preview":"max-image-preview:large","max-video-preview":"max-video-preview:-1"},"canonical":"https:\/\/theuncommonshop.ch\/fr\/product\/magic-unfinity-unf-collector-booster-display-2\/","og_locale":"fr_FR","og_type":"article","og_title":"Ach\u00e8te Magic - Unfinity (UNF) - Collector Booster Display","og_description":"Ach\u00e8te Magic - Unfinity (UNF) - Collector Booster Display en ligne maintenant \u00e0 petit prix! Ton #1 shop pour cartes TCG & Pok\u00e9mon en Suisse \u2713 Livraison gratuite d\u00e8s CHF 29","og_url":"https:\/\/theuncommonshop.ch\/fr\/product\/magic-unfinity-unf-collector-booster-display-2\/","og_site_name":"Largest trading card shop in Switzerland","article_modified_time":"2026-03-29T15:39:25+00:00","og_image":[{"width":900,"height":990,"url":"https:\/\/theuncommonshop.ch\/wp-content\/uploads\/2025\/06\/2795234297.jpg","type":"image\/jpeg"}],"twitter_card":"summary_large_image","twitter_misc":{"Disponibilit\u00e9":"En stock"},"schema":{"@context":"https:\/\/schema.org","@graph":[{"@type":"WebPage","@id":"https:\/\/theuncommonshop.ch\/fr\/product\/magic-unfinity-unf-collector-booster-display-2\/","url":"https:\/\/theuncommonshop.ch\/fr\/product\/magic-unfinity-unf-collector-booster-display-2\/","name":"Ach\u00e8te Magic - Unfinity (UNF) - Collector Booster Display","isPartOf":{"@id":"https:\/\/theuncommonshop.ch\/#website"},"primaryImageOfPage":{"@id":"https:\/\/theuncommonshop.ch\/fr\/product\/magic-unfinity-unf-collector-booster-display-2\/#primaryimage"},"image":{"@id":"https:\/\/theuncommonshop.ch\/fr\/product\/magic-unfinity-unf-collector-booster-display-2\/#primaryimage"},"thumbnailUrl":"https:\/\/theuncommonshop.ch\/wp-content\/uploads\/2025\/06\/2795234297.jpg","datePublished":"2025-07-15T15:28:32+00:00","dateModified":"2026-03-29T15:39:25+00:00","description":"Ach\u00e8te Magic - Unfinity (UNF) - Collector Booster Display en ligne maintenant \u00e0 petit prix! Ton #1 shop pour cartes TCG & Pok\u00e9mon en Suisse \u2713 Livraison gratuite d\u00e8s CHF 29","breadcrumb":{"@id":"https:\/\/theuncommonshop.ch\/fr\/product\/magic-unfinity-unf-collector-booster-display-2\/#breadcrumb"},"inLanguage":"fr-FR","potentialAction":[{"@type":"ReadAction","target":["https:\/\/theuncommonshop.ch\/fr\/product\/magic-unfinity-unf-collector-booster-display-2\/"]}]},{"@type":"ImageObject","inLanguage":"fr-FR","@id":"https:\/\/theuncommonshop.ch\/fr\/product\/magic-unfinity-unf-collector-booster-display-2\/#primaryimage","url":"https:\/\/theuncommonshop.ch\/wp-content\/uploads\/2025\/06\/2795234297.jpg","contentUrl":"https:\/\/theuncommonshop.ch\/wp-content\/uploads\/2025\/06\/2795234297.jpg","width":900,"height":990},{"@type":"BreadcrumbList","@id":"https:\/\/theuncommonshop.ch\/fr\/product\/magic-unfinity-unf-collector-booster-display-2\/#breadcrumb","itemListElement":[{"@type":"ListItem","position":1,"name":"Accueil","item":"https:\/\/theuncommonshop.ch\/fr\/accueil\/"},{"@type":"ListItem","position":2,"name":"Boutique","item":"https:\/\/theuncommonshop.ch\/fr\/boutique\/"},{"@type":"ListItem","position":3,"name":"Magic the Gathering","item":"https:\/\/theuncommonshop.ch\/fr\/categorie-produit\/magic-the-gathering-fr\/"},{"@type":"ListItem","position":4,"name":"Produits par lots","item":"https:\/\/theuncommonshop.ch\/fr\/categorie-produit\/magic-the-gathering-fr\/produits-par-lots-mtg\/"},{"@type":"ListItem","position":5,"name":"Unfinity","item":"https:\/\/theuncommonshop.ch\/fr\/categorie-produit\/magic-the-gathering-fr\/produits-par-lots-mtg\/unfinity\/"},{"@type":"ListItem","position":6,"name":"Magic &#8211; Unfinity (UNF) &#8211; Collector Booster Display"}]},{"@type":"WebSite","@id":"https:\/\/theuncommonshop.ch\/#website","url":"https:\/\/theuncommonshop.ch\/","name":"Largest trading card shop in Switzerland","description":"Magic, Pok\u00e9mon and Yu-gi-oh - The Uncommon Shop","potentialAction":[{"@type":"SearchAction","target":{"@type":"EntryPoint","urlTemplate":"https:\/\/theuncommonshop.ch\/?s={search_term_string}"},"query-input":{"@type":"PropertyValueSpecification","valueRequired":true,"valueName":"search_term_string"}}],"inLanguage":"fr-FR"}]},"og_availability":"instock","product_availability":"instock","product_condition":"new"},"_links":{"self":[{"href":"https:\/\/theuncommonshop.ch\/fr\/wp-json\/wp\/v2\/product\/318187","targetHints":{"allow":["GET"]}}],"collection":[{"href":"https:\/\/theuncommonshop.ch\/fr\/wp-json\/wp\/v2\/product"}],"about":[{"href":"https:\/\/theuncommonshop.ch\/fr\/wp-json\/wp\/v2\/types\/product"}],"replies":[{"embeddable":true,"href":"https:\/\/theuncommonshop.ch\/fr\/wp-json\/wp\/v2\/comments?post=318187"}],"version-history":[{"count":2,"href":"https:\/\/theuncommonshop.ch\/fr\/wp-json\/wp\/v2\/product\/318187\/revisions"}],"predecessor-version":[{"id":360597,"href":"https:\/\/theuncommonshop.ch\/fr\/wp-json\/wp\/v2\/product\/318187\/revisions\/360597"}],"wp:featuredmedia":[{"embeddable":true,"href":"https:\/\/theuncommonshop.ch\/fr\/wp-json\/wp\/v2\/media\/66862"}],"wp:attachment":[{"href":"https:\/\/theuncommonshop.ch\/fr\/wp-json\/wp\/v2\/media?parent=318187"}],"wp:term":[{"taxonomy":"product_brand","embeddable":true,"href":"https:\/\/theuncommonshop.ch\/fr\/wp-json\/wp\/v2\/product_brand?post=318187"},{"taxonomy":"product_cat","embeddable":true,"href":"https:\/\/theuncommonshop.ch\/fr\/wp-json\/wp\/v2\/product_cat?post=318187"},{"taxonomy":"product_tag","embeddable":true,"href":"https:\/\/theuncommonshop.ch\/fr\/wp-json\/wp\/v2\/product_tag?post=318187"}],"curies":[{"name":"wp","href":"https:\/\/api.w.org\/{rel}","templated":true}]}}