{"id":317983,"date":"2025-06-17T10:33:21","date_gmt":"2025-06-17T10:33:21","guid":{"rendered":"http:\/\/theuncommonshop.ch\/produkt\/317983\/"},"modified":"2026-03-29T16:26:18","modified_gmt":"2026-03-29T14:26:18","slug":"magic-universes-beyond-assassins-creed-collector-booster-display-2","status":"publish","type":"product","link":"https:\/\/theuncommonshop.ch\/fr\/product\/magic-universes-beyond-assassins-creed-collector-booster-display-2\/","title":{"rendered":"Magic &#8211; Universes Beyond : Assassin&#8217;s Creed &#8211; Collector Booster Display"},"content":{"rendered":"<ul>\n<li>\u00c9VALUEZ-VOUS COMME UN MA\u00ceTRE-ASSASSIN &#8211; Ouvrez douze Boosters \u00e0 collectionner contenant 10 cartes avec des foils brillants, des cartes rares, des cartes avec des illustrations alternatives sp\u00e9ciales de l&#8217;univers d&#8217;Assassin&#8217;s Creed et des impressions de cartes alternatives.<\/li>\n<li>FAITES LE SAUT &#8211; Assassin&#8217;s Creed sort de l&#8217;ombre pour rejoindre Magic : The Gathering ! Rejoignez vos Assassins pr\u00e9f\u00e9r\u00e9s, \u00e9quipez-vous d&#8217;armes mortelles et faites en sorte que vos cibles soient bient\u00f4t de l&#8217;histoire ancienne. <\/li>\n<li>ENTRER DANS LA L\u00c9GENDE &#8211; Faites entrer la c\u00e9l\u00e8bre s\u00e9rie de jeux vid\u00e9o sur votre table avec de nouvelles illustrations et des m\u00e9caniques de jeu th\u00e9matiques qui raviront les fans d&#8217;Assassin&#8217;s Creed et de Magic.<\/li>\n<li>RECHERCHEZ DES RELICES RARES &#8211; Collectionnez des cartes avec des impressions de cartes Foil brillantes qui ne se trouvent que dans les Boosters de collection ; chaque Booster contient 2 cartes Etched Foil, et il y a m\u00eame une chance de gagner une carte Textured Foil ou une carte unique Double Arc-en-ciel Foil avec num\u00e9ro de s\u00e9rie.<\/li>\n<li>CARTE SANS BORD ET CARTE \u00c0 BORD \u00c9LARGI\u00c9 DANS CHAQUE BOOSTER &#8211; Chaque Booster Collector contient 1 \u00e0 2 cartes \u00e0 bord \u00e9largi dont les illustrations \u00e9poustouflantes s&#8217;\u00e9tendent directement jusqu&#8217;au bord de la carte (exclusivit\u00e9 des Boosters Collector) et 1 \u00e0 3 cartes sans bord qui vous montrent une illustration alternative de l&#8217;histoire.<\/li>\n<li>JOUEZ \u00c0 UN JEU QUI MELIE LES ILLUSTRATIONS, L&#8217;HISTOIRE ET LA STRAT\u00c9GIE &#8211; Magic : The Gathering est un jeu de cartes \u00e0 collectionner qui m\u00eale une strat\u00e9gie profonde \u00e0 des illustrations et des m\u00e9canismes qui explorent les th\u00e8mes d&#8217;un monde et d&#8217;une histoire sp\u00e9cifiques &#8211; que vous souhaitiez jouer une partie d\u00e9contract\u00e9e avec des amis, collectionner des cartes sympas ou participer \u00e0 des comp\u00e9titions, Magic vous accueille dans The Gathering.<\/li>\n<li>CONTENU &#8211; 12 Boosters collector Magic : The Gathering &#8211; Assassin&#8217;s Creed avec 10 cartes MTG dans chaque Booster<\/li>\n<\/ul>\n","protected":false},"excerpt":{"rendered":"<p>\u00c9VALUEZ-VOUS COMME UN MA\u00ceTRE-ASSASSIN &#8211; Ouvrez douze Boosters \u00e0 collectionner contenant 10 cartes avec des foils brillants, des cartes rares,<\/p>\n","protected":false},"featured_media":136742,"comment_status":"open","ping_status":"closed","template":"","meta":{"_acf_changed":false},"product_brand":[5158,5070],"product_cat":[10185,9969,9967,9991],"product_tag":[],"class_list":{"0":"post-317983","1":"product","2":"type-product","3":"status-publish","4":"has-post-thumbnail","6":"product_brand-magic-the-gathering","7":"product_brand-wizards-of-the-coast","8":"product_cat-assassins-creed","9":"product_cat-booster-displays-fr","10":"product_cat-magic-the-gathering-fr","11":"product_cat-produits-par-lots-mtg","13":"first","14":"outofstock","15":"taxable","16":"shipping-taxable","17":"purchasable","18":"product-type-variable"},"acf":[],"yoast_head":"<!-- This site is optimized with the Yoast SEO plugin v27.4 - https:\/\/yoast.com\/product\/yoast-seo-wordpress\/ -->\n<title>Ach\u00e8te Magic - Universes Beyond : Assassin&#039;s Creed - Collector Booster Display<\/title>\n<meta name=\"description\" content=\"Ach\u00e8te Magic - Universes Beyond : Assassin&#039;s Creed - Collector Booster Display en ligne maintenant \u00e0 petit prix! Ton #1 shop pour cartes TCG &amp; Pok\u00e9mon en Suisse \u2713 Livraison gratuite d\u00e8s CHF 29\" \/>\n<meta name=\"robots\" content=\"index, follow, max-snippet:-1, max-image-preview:large, max-video-preview:-1\" \/>\n<link rel=\"canonical\" href=\"https:\/\/theuncommonshop.ch\/fr\/product\/magic-universes-beyond-assassins-creed-collector-booster-display-2\/\" \/>\n<meta property=\"og:locale\" content=\"fr_FR\" \/>\n<meta property=\"og:type\" content=\"article\" \/>\n<meta property=\"og:title\" content=\"Ach\u00e8te Magic - Universes Beyond : Assassin&#039;s Creed - Collector Booster Display\" \/>\n<meta property=\"og:description\" content=\"Ach\u00e8te Magic - Universes Beyond : Assassin&#039;s Creed - Collector Booster Display en ligne maintenant \u00e0 petit prix! Ton #1 shop pour cartes TCG &amp; Pok\u00e9mon en Suisse \u2713 Livraison gratuite d\u00e8s CHF 29\" \/>\n<meta property=\"og:url\" content=\"https:\/\/theuncommonshop.ch\/fr\/product\/magic-universes-beyond-assassins-creed-collector-booster-display-2\/\" \/>\n<meta property=\"og:site_name\" content=\"Largest trading card shop in Switzerland\" \/>\n<meta property=\"article:modified_time\" content=\"2026-03-29T14:26:18+00:00\" \/>\n<meta property=\"og:image\" content=\"https:\/\/theuncommonshop.ch\/wp-content\/uploads\/2025\/06\/4166301889.jpg\" \/>\n\t<meta property=\"og:image:width\" content=\"470\" \/>\n\t<meta property=\"og:image:height\" content=\"531\" \/>\n\t<meta property=\"og:image:type\" content=\"image\/jpeg\" \/>\n<meta name=\"twitter:card\" content=\"summary_large_image\" \/>\n<meta name=\"twitter:label1\" content=\"Disponibilit\u00e9\" \/>\n\t<meta name=\"twitter:data1\" content=\"Rupture de stock\" \/>\n<script type=\"application\/ld+json\" class=\"yoast-schema-graph\">{\"@context\":\"https:\\\/\\\/schema.org\",\"@graph\":[{\"@type\":\"WebPage\",\"@id\":\"https:\\\/\\\/theuncommonshop.ch\\\/fr\\\/product\\\/magic-universes-beyond-assassins-creed-collector-booster-display-2\\\/\",\"url\":\"https:\\\/\\\/theuncommonshop.ch\\\/fr\\\/product\\\/magic-universes-beyond-assassins-creed-collector-booster-display-2\\\/\",\"name\":\"Ach\u00e8te Magic - Universes Beyond : Assassin's Creed - Collector Booster Display\",\"isPartOf\":{\"@id\":\"https:\\\/\\\/theuncommonshop.ch\\\/#website\"},\"primaryImageOfPage\":{\"@id\":\"https:\\\/\\\/theuncommonshop.ch\\\/fr\\\/product\\\/magic-universes-beyond-assassins-creed-collector-booster-display-2\\\/#primaryimage\"},\"image\":{\"@id\":\"https:\\\/\\\/theuncommonshop.ch\\\/fr\\\/product\\\/magic-universes-beyond-assassins-creed-collector-booster-display-2\\\/#primaryimage\"},\"thumbnailUrl\":\"https:\\\/\\\/theuncommonshop.ch\\\/wp-content\\\/uploads\\\/2025\\\/06\\\/4166301889.jpg\",\"datePublished\":\"2025-06-17T10:33:21+00:00\",\"dateModified\":\"2026-03-29T14:26:18+00:00\",\"description\":\"Ach\u00e8te Magic - Universes Beyond : Assassin's Creed - Collector Booster Display en ligne maintenant \u00e0 petit prix! Ton #1 shop pour cartes TCG & Pok\u00e9mon en Suisse \u2713 Livraison gratuite d\u00e8s CHF 29\",\"breadcrumb\":{\"@id\":\"https:\\\/\\\/theuncommonshop.ch\\\/fr\\\/product\\\/magic-universes-beyond-assassins-creed-collector-booster-display-2\\\/#breadcrumb\"},\"inLanguage\":\"fr-FR\",\"potentialAction\":[{\"@type\":\"ReadAction\",\"target\":[\"https:\\\/\\\/theuncommonshop.ch\\\/fr\\\/product\\\/magic-universes-beyond-assassins-creed-collector-booster-display-2\\\/\"]}]},{\"@type\":\"ImageObject\",\"inLanguage\":\"fr-FR\",\"@id\":\"https:\\\/\\\/theuncommonshop.ch\\\/fr\\\/product\\\/magic-universes-beyond-assassins-creed-collector-booster-display-2\\\/#primaryimage\",\"url\":\"https:\\\/\\\/theuncommonshop.ch\\\/wp-content\\\/uploads\\\/2025\\\/06\\\/4166301889.jpg\",\"contentUrl\":\"https:\\\/\\\/theuncommonshop.ch\\\/wp-content\\\/uploads\\\/2025\\\/06\\\/4166301889.jpg\",\"width\":470,\"height\":531},{\"@type\":\"BreadcrumbList\",\"@id\":\"https:\\\/\\\/theuncommonshop.ch\\\/fr\\\/product\\\/magic-universes-beyond-assassins-creed-collector-booster-display-2\\\/#breadcrumb\",\"itemListElement\":[{\"@type\":\"ListItem\",\"position\":1,\"name\":\"Accueil\",\"item\":\"https:\\\/\\\/theuncommonshop.ch\\\/fr\\\/accueil\\\/\"},{\"@type\":\"ListItem\",\"position\":2,\"name\":\"Boutique\",\"item\":\"https:\\\/\\\/theuncommonshop.ch\\\/fr\\\/boutique\\\/\"},{\"@type\":\"ListItem\",\"position\":3,\"name\":\"Magic the Gathering\",\"item\":\"https:\\\/\\\/theuncommonshop.ch\\\/fr\\\/categorie-produit\\\/magic-the-gathering-fr\\\/\"},{\"@type\":\"ListItem\",\"position\":4,\"name\":\"Produits par lots\",\"item\":\"https:\\\/\\\/theuncommonshop.ch\\\/fr\\\/categorie-produit\\\/magic-the-gathering-fr\\\/produits-par-lots-mtg\\\/\"},{\"@type\":\"ListItem\",\"position\":5,\"name\":\"Assassin's Creed\",\"item\":\"https:\\\/\\\/theuncommonshop.ch\\\/fr\\\/categorie-produit\\\/magic-the-gathering-fr\\\/produits-par-lots-mtg\\\/assassins-creed\\\/\"},{\"@type\":\"ListItem\",\"position\":6,\"name\":\"Magic &#8211; Universes Beyond : Assassin&#8217;s Creed &#8211; Collector Booster Display\"}]},{\"@type\":\"WebSite\",\"@id\":\"https:\\\/\\\/theuncommonshop.ch\\\/#website\",\"url\":\"https:\\\/\\\/theuncommonshop.ch\\\/\",\"name\":\"Largest trading card shop in Switzerland\",\"description\":\"Magic, Pok\u00e9mon and Yu-gi-oh - The Uncommon Shop\",\"potentialAction\":[{\"@type\":\"SearchAction\",\"target\":{\"@type\":\"EntryPoint\",\"urlTemplate\":\"https:\\\/\\\/theuncommonshop.ch\\\/?s={search_term_string}\"},\"query-input\":{\"@type\":\"PropertyValueSpecification\",\"valueRequired\":true,\"valueName\":\"search_term_string\"}}],\"inLanguage\":\"fr-FR\"}]}<\/script>\n<meta property=\"og:availability\" content=\"out of stock\" \/>\n<meta property=\"product:availability\" content=\"out of stock\" \/>\n<meta property=\"product:condition\" content=\"new\" \/>\n<!-- \/ Yoast SEO plugin. -->","yoast_head_json":{"title":"Ach\u00e8te Magic - Universes Beyond : Assassin's Creed - Collector Booster Display","description":"Ach\u00e8te Magic - Universes Beyond : Assassin's Creed - Collector Booster Display en ligne maintenant \u00e0 petit prix! Ton #1 shop pour cartes TCG & Pok\u00e9mon en Suisse \u2713 Livraison gratuite d\u00e8s CHF 29","robots":{"index":"index","follow":"follow","max-snippet":"max-snippet:-1","max-image-preview":"max-image-preview:large","max-video-preview":"max-video-preview:-1"},"canonical":"https:\/\/theuncommonshop.ch\/fr\/product\/magic-universes-beyond-assassins-creed-collector-booster-display-2\/","og_locale":"fr_FR","og_type":"article","og_title":"Ach\u00e8te Magic - Universes Beyond : Assassin's Creed - Collector Booster Display","og_description":"Ach\u00e8te Magic - Universes Beyond : Assassin's Creed - Collector Booster Display en ligne maintenant \u00e0 petit prix! Ton #1 shop pour cartes TCG & Pok\u00e9mon en Suisse \u2713 Livraison gratuite d\u00e8s CHF 29","og_url":"https:\/\/theuncommonshop.ch\/fr\/product\/magic-universes-beyond-assassins-creed-collector-booster-display-2\/","og_site_name":"Largest trading card shop in Switzerland","article_modified_time":"2026-03-29T14:26:18+00:00","og_image":[{"width":470,"height":531,"url":"https:\/\/theuncommonshop.ch\/wp-content\/uploads\/2025\/06\/4166301889.jpg","type":"image\/jpeg"}],"twitter_card":"summary_large_image","twitter_misc":{"Disponibilit\u00e9":"Rupture de stock"},"schema":{"@context":"https:\/\/schema.org","@graph":[{"@type":"WebPage","@id":"https:\/\/theuncommonshop.ch\/fr\/product\/magic-universes-beyond-assassins-creed-collector-booster-display-2\/","url":"https:\/\/theuncommonshop.ch\/fr\/product\/magic-universes-beyond-assassins-creed-collector-booster-display-2\/","name":"Ach\u00e8te Magic - Universes Beyond : Assassin's Creed - Collector Booster Display","isPartOf":{"@id":"https:\/\/theuncommonshop.ch\/#website"},"primaryImageOfPage":{"@id":"https:\/\/theuncommonshop.ch\/fr\/product\/magic-universes-beyond-assassins-creed-collector-booster-display-2\/#primaryimage"},"image":{"@id":"https:\/\/theuncommonshop.ch\/fr\/product\/magic-universes-beyond-assassins-creed-collector-booster-display-2\/#primaryimage"},"thumbnailUrl":"https:\/\/theuncommonshop.ch\/wp-content\/uploads\/2025\/06\/4166301889.jpg","datePublished":"2025-06-17T10:33:21+00:00","dateModified":"2026-03-29T14:26:18+00:00","description":"Ach\u00e8te Magic - Universes Beyond : Assassin's Creed - Collector Booster Display en ligne maintenant \u00e0 petit prix! Ton #1 shop pour cartes TCG & Pok\u00e9mon en Suisse \u2713 Livraison gratuite d\u00e8s CHF 29","breadcrumb":{"@id":"https:\/\/theuncommonshop.ch\/fr\/product\/magic-universes-beyond-assassins-creed-collector-booster-display-2\/#breadcrumb"},"inLanguage":"fr-FR","potentialAction":[{"@type":"ReadAction","target":["https:\/\/theuncommonshop.ch\/fr\/product\/magic-universes-beyond-assassins-creed-collector-booster-display-2\/"]}]},{"@type":"ImageObject","inLanguage":"fr-FR","@id":"https:\/\/theuncommonshop.ch\/fr\/product\/magic-universes-beyond-assassins-creed-collector-booster-display-2\/#primaryimage","url":"https:\/\/theuncommonshop.ch\/wp-content\/uploads\/2025\/06\/4166301889.jpg","contentUrl":"https:\/\/theuncommonshop.ch\/wp-content\/uploads\/2025\/06\/4166301889.jpg","width":470,"height":531},{"@type":"BreadcrumbList","@id":"https:\/\/theuncommonshop.ch\/fr\/product\/magic-universes-beyond-assassins-creed-collector-booster-display-2\/#breadcrumb","itemListElement":[{"@type":"ListItem","position":1,"name":"Accueil","item":"https:\/\/theuncommonshop.ch\/fr\/accueil\/"},{"@type":"ListItem","position":2,"name":"Boutique","item":"https:\/\/theuncommonshop.ch\/fr\/boutique\/"},{"@type":"ListItem","position":3,"name":"Magic the Gathering","item":"https:\/\/theuncommonshop.ch\/fr\/categorie-produit\/magic-the-gathering-fr\/"},{"@type":"ListItem","position":4,"name":"Produits par lots","item":"https:\/\/theuncommonshop.ch\/fr\/categorie-produit\/magic-the-gathering-fr\/produits-par-lots-mtg\/"},{"@type":"ListItem","position":5,"name":"Assassin's Creed","item":"https:\/\/theuncommonshop.ch\/fr\/categorie-produit\/magic-the-gathering-fr\/produits-par-lots-mtg\/assassins-creed\/"},{"@type":"ListItem","position":6,"name":"Magic &#8211; Universes Beyond : Assassin&#8217;s Creed &#8211; Collector Booster Display"}]},{"@type":"WebSite","@id":"https:\/\/theuncommonshop.ch\/#website","url":"https:\/\/theuncommonshop.ch\/","name":"Largest trading card shop in Switzerland","description":"Magic, Pok\u00e9mon and Yu-gi-oh - The Uncommon Shop","potentialAction":[{"@type":"SearchAction","target":{"@type":"EntryPoint","urlTemplate":"https:\/\/theuncommonshop.ch\/?s={search_term_string}"},"query-input":{"@type":"PropertyValueSpecification","valueRequired":true,"valueName":"search_term_string"}}],"inLanguage":"fr-FR"}]},"og_availability":"out of stock","product_availability":"out of stock","product_condition":"new"},"_links":{"self":[{"href":"https:\/\/theuncommonshop.ch\/fr\/wp-json\/wp\/v2\/product\/317983","targetHints":{"allow":["GET"]}}],"collection":[{"href":"https:\/\/theuncommonshop.ch\/fr\/wp-json\/wp\/v2\/product"}],"about":[{"href":"https:\/\/theuncommonshop.ch\/fr\/wp-json\/wp\/v2\/types\/product"}],"replies":[{"embeddable":true,"href":"https:\/\/theuncommonshop.ch\/fr\/wp-json\/wp\/v2\/comments?post=317983"}],"version-history":[{"count":2,"href":"https:\/\/theuncommonshop.ch\/fr\/wp-json\/wp\/v2\/product\/317983\/revisions"}],"predecessor-version":[{"id":360238,"href":"https:\/\/theuncommonshop.ch\/fr\/wp-json\/wp\/v2\/product\/317983\/revisions\/360238"}],"wp:featuredmedia":[{"embeddable":true,"href":"https:\/\/theuncommonshop.ch\/fr\/wp-json\/wp\/v2\/media\/136742"}],"wp:attachment":[{"href":"https:\/\/theuncommonshop.ch\/fr\/wp-json\/wp\/v2\/media?parent=317983"}],"wp:term":[{"taxonomy":"product_brand","embeddable":true,"href":"https:\/\/theuncommonshop.ch\/fr\/wp-json\/wp\/v2\/product_brand?post=317983"},{"taxonomy":"product_cat","embeddable":true,"href":"https:\/\/theuncommonshop.ch\/fr\/wp-json\/wp\/v2\/product_cat?post=317983"},{"taxonomy":"product_tag","embeddable":true,"href":"https:\/\/theuncommonshop.ch\/fr\/wp-json\/wp\/v2\/product_tag?post=317983"}],"curies":[{"name":"wp","href":"https:\/\/api.w.org\/{rel}","templated":true}]}}