{"id":317965,"date":"2025-06-17T10:30:42","date_gmt":"2025-06-17T10:30:42","guid":{"rendered":"http:\/\/theuncommonshop.ch\/produkt\/317965\/"},"modified":"2026-05-06T16:21:21","modified_gmt":"2026-05-06T14:21:21","slug":"magic-modern-horizons-2-mh2-collector-booster-display-2","status":"publish","type":"product","link":"https:\/\/theuncommonshop.ch\/fr\/product\/magic-modern-horizons-2-mh2-collector-booster-display-2\/","title":{"rendered":"Magic &#8211; Modern Horizons 2 (MH2)- Collector Booster Display"},"content":{"rendered":"<ul>\n<li>\n<p data-start=\"90\" data-end=\"375\">D\u00e9couvrez des cartes puissantes et des Reprints populaires avec le <strong data-start=\"145\" data-end=\"174\">Collector Booster Display<\/strong> de <strong data-start=\"179\" data-end=\"220\"><span class=\"hover:entity-accent entity-underline inline cursor-pointer align-baseline\"><span class=\"whitespace-normal\">Modern Horizons : 2<\/span><\/span><\/strong>. Sp\u00e9cialement con\u00e7u pour le <strong data-start=\"266\" data-end=\"283\">format Modern<\/strong>, ce coffret sp\u00e9cial r\u00e9introduit une multitude de nouvelles cartes et de Reprints l\u00e9gendaires dans le jeu. <\/p>\n<p data-start=\"377\" data-end=\"760\"><strong data-start=\"377\" data-end=\"404\">Modern Horizons 2 (MH2)<\/strong> est l&#8217;un des sets Magic les plus populaires de ces derni\u00e8res ann\u00e9es et contient de nombreuses cartes tr\u00e8s recherch\u00e9es pour diff\u00e9rents formats. Les joueurs peuvent s&#8217;attendre \u00e0 voir des cr\u00e9atures puissantes, des sorts embl\u00e9matiques et des illustrations impressionnantes. On notera en particulier les <strong data-start=\"668\" data-end=\"690\">cartes Retro Frame<\/strong> de haute qualit\u00e9, qui ram\u00e8nent les cadres de cartes Magic classiques dans un design moderne.  <\/p>\n<p data-start=\"762\" data-end=\"1007\">Les <strong data-start=\"766\" data-end=\"787\">Collector Boosters<\/strong> sont sp\u00e9cialement con\u00e7us pour les collectionneurs et contiennent un nombre particuli\u00e8rement \u00e9lev\u00e9 de <strong data-start=\"855\" data-end=\"927\">cartes Foil, de variantes Showcase, Extended-Art et Retro Frame<\/strong>. Ils offrent ainsi une grande chance de trouver des variantes de cartes rares et pr\u00e9cieuses. <\/p>\n<h3 data-start=\"1009\" data-end=\"1027\">D\u00e9tails du produit<\/h3>\n<p data-start=\"1029\" data-end=\"1448\">&#8211; <strong data-start=\"1031\" data-end=\"1039\">Set :<\/strong> Modern Horizons 2 <br data-start=\"1057\" data-end=\"1060\">&#8211;  <strong data-start=\"1062\" data-end=\"1075\">Code de l&#8217;ensemble :<\/strong> <strong data-start=\"1076\" data-end=\"1083\">MH2<\/strong><br data-start=\"1083\" data-end=\"1086\">&#8211; <strong data-start=\"1088\" data-end=\"1130\">1 pr\u00e9sentoir contient 12 Boosters Collector<\/strong><br data-start=\"1130\" data-end=\"1133\">&#8211; <strong data-start=\"1135\" data-end=\"1181\">15 cartes Magic : The Gathering par Booster<\/strong><br data-start=\"1181\" data-end=\"1184\">&#8211; Contient de nombreuses <strong data-start=\"1205\" data-end=\"1250\">cartes Foil et des variantes sp\u00e9ciales de cartes<\/strong><br data-start=\"1250\" data-end=\"1253\">&#8211; Chance d&#8217;obtenir des <strong data-start=\"1266\" data-end=\"1317\">cartes Retro Frame, Extended-Art et Borderless<\/strong><br data-start=\"1317\" data-end=\"1320\">&#8211; Contient de nombreux <strong data-start=\"1336\" data-end=\"1382\">Reprint populaires et de puissantes cartes Modern<\/strong><br data-start=\"1382\" data-end=\"1385\">&#8211; Parfaitement adapt\u00e9 aux joueurs de <strong data-start=\"1135\" data-end=\"1181\">Magic the Gathering<\/strong>      <strong data-start=\"1408\" data-end=\"1448\">Collectionneurs et pulls de cartes de qualit\u00e9<\/strong><\/p>\n<p data-start=\"1450\" data-end=\"1655\">Avec le <strong data-start=\"1458\" data-end=\"1532\">Collector Booster Display de Magic : The Gathering Modern Horizons 2 (MH2)<\/strong>, vous avez la chance d&#8217;obtenir des cartes particuli\u00e8rement rares et des variantes spectaculaires de l&#8217;un des sets Modern les plus populaires.<\/p>\n<\/li>\n<\/ul>\n","protected":false},"excerpt":{"rendered":"<p>D\u00e9couvrez des cartes puissantes et des Reprints populaires avec le Collector Booster Display de Modern Horizons : 2. Sp\u00e9cialement con\u00e7u<\/p>\n","protected":false},"featured_media":136659,"comment_status":"open","ping_status":"closed","template":"","meta":{"_acf_changed":false},"product_brand":[5158,5070],"product_cat":[9969,10239,9967,9991],"product_tag":[],"class_list":{"0":"post-317965","1":"product","2":"type-product","3":"status-publish","4":"has-post-thumbnail","6":"product_brand-magic-the-gathering","7":"product_brand-wizards-of-the-coast","8":"product_cat-booster-displays-fr","9":"product_cat-horizons-du-modern-2","10":"product_cat-magic-the-gathering-fr","11":"product_cat-produits-par-lots-mtg","13":"first","14":"outofstock","15":"taxable","16":"shipping-taxable","17":"purchasable","18":"product-type-variable"},"acf":[],"yoast_head":"<!-- This site is optimized with the Yoast SEO plugin v27.5 - https:\/\/yoast.com\/product\/yoast-seo-wordpress\/ -->\n<title>Ach\u00e8te Magic - Modern Horizons 2 (MH2)- Collector Booster Display<\/title>\n<meta name=\"description\" content=\"Ach\u00e8te Magic - Modern Horizons 2 (MH2)- Collector Booster Display en ligne maintenant \u00e0 petit prix! Ton #1 shop pour cartes TCG &amp; Pok\u00e9mon en Suisse \u2713 Livraison gratuite d\u00e8s CHF 29\" \/>\n<meta name=\"robots\" content=\"index, follow, max-snippet:-1, max-image-preview:large, max-video-preview:-1\" \/>\n<link rel=\"canonical\" href=\"https:\/\/theuncommonshop.ch\/fr\/product\/magic-modern-horizons-2-mh2-collector-booster-display-2\/\" \/>\n<meta property=\"og:locale\" content=\"fr_FR\" \/>\n<meta property=\"og:type\" content=\"article\" \/>\n<meta property=\"og:title\" content=\"Ach\u00e8te Magic - Modern Horizons 2 (MH2)- Collector Booster Display\" \/>\n<meta property=\"og:description\" content=\"Ach\u00e8te Magic - Modern Horizons 2 (MH2)- Collector Booster Display en ligne maintenant \u00e0 petit prix! Ton #1 shop pour cartes TCG &amp; Pok\u00e9mon en Suisse \u2713 Livraison gratuite d\u00e8s CHF 29\" \/>\n<meta property=\"og:url\" content=\"https:\/\/theuncommonshop.ch\/fr\/product\/magic-modern-horizons-2-mh2-collector-booster-display-2\/\" \/>\n<meta property=\"og:site_name\" content=\"The Uncommon Shop\" \/>\n<meta property=\"article:modified_time\" content=\"2026-05-06T14:21:21+00:00\" \/>\n<meta property=\"og:image\" content=\"https:\/\/theuncommonshop.ch\/wp-content\/uploads\/2025\/06\/2272315586.jpg\" \/>\n\t<meta property=\"og:image:width\" content=\"900\" \/>\n\t<meta property=\"og:image:height\" content=\"989\" \/>\n\t<meta property=\"og:image:type\" content=\"image\/jpeg\" \/>\n<meta name=\"twitter:card\" content=\"summary_large_image\" \/>\n<meta name=\"twitter:label1\" content=\"Disponibilit\u00e9\" \/>\n\t<meta name=\"twitter:data1\" content=\"Rupture de stock\" \/>\n<script type=\"application\/ld+json\" class=\"yoast-schema-graph\">{\"@context\":\"https:\\\/\\\/schema.org\",\"@graph\":[{\"@type\":\"WebPage\",\"@id\":\"https:\\\/\\\/theuncommonshop.ch\\\/fr\\\/product\\\/magic-modern-horizons-2-mh2-collector-booster-display-2\\\/\",\"url\":\"https:\\\/\\\/theuncommonshop.ch\\\/fr\\\/product\\\/magic-modern-horizons-2-mh2-collector-booster-display-2\\\/\",\"name\":\"Ach\u00e8te Magic - Modern Horizons 2 (MH2)- Collector Booster Display\",\"isPartOf\":{\"@id\":\"https:\\\/\\\/theuncommonshop.ch\\\/fr\\\/#website\"},\"primaryImageOfPage\":{\"@id\":\"https:\\\/\\\/theuncommonshop.ch\\\/fr\\\/product\\\/magic-modern-horizons-2-mh2-collector-booster-display-2\\\/#primaryimage\"},\"image\":{\"@id\":\"https:\\\/\\\/theuncommonshop.ch\\\/fr\\\/product\\\/magic-modern-horizons-2-mh2-collector-booster-display-2\\\/#primaryimage\"},\"thumbnailUrl\":\"https:\\\/\\\/theuncommonshop.ch\\\/wp-content\\\/uploads\\\/2025\\\/06\\\/2272315586.jpg\",\"datePublished\":\"2025-06-17T10:30:42+00:00\",\"dateModified\":\"2026-05-06T14:21:21+00:00\",\"description\":\"Ach\u00e8te Magic - Modern Horizons 2 (MH2)- Collector Booster Display en ligne maintenant \u00e0 petit prix! Ton #1 shop pour cartes TCG & Pok\u00e9mon en Suisse \u2713 Livraison gratuite d\u00e8s CHF 29\",\"breadcrumb\":{\"@id\":\"https:\\\/\\\/theuncommonshop.ch\\\/fr\\\/product\\\/magic-modern-horizons-2-mh2-collector-booster-display-2\\\/#breadcrumb\"},\"inLanguage\":\"fr-FR\",\"potentialAction\":[{\"@type\":\"ReadAction\",\"target\":[\"https:\\\/\\\/theuncommonshop.ch\\\/fr\\\/product\\\/magic-modern-horizons-2-mh2-collector-booster-display-2\\\/\"]}]},{\"@type\":\"ImageObject\",\"inLanguage\":\"fr-FR\",\"@id\":\"https:\\\/\\\/theuncommonshop.ch\\\/fr\\\/product\\\/magic-modern-horizons-2-mh2-collector-booster-display-2\\\/#primaryimage\",\"url\":\"https:\\\/\\\/theuncommonshop.ch\\\/wp-content\\\/uploads\\\/2025\\\/06\\\/2272315586.jpg\",\"contentUrl\":\"https:\\\/\\\/theuncommonshop.ch\\\/wp-content\\\/uploads\\\/2025\\\/06\\\/2272315586.jpg\",\"width\":900,\"height\":989},{\"@type\":\"BreadcrumbList\",\"@id\":\"https:\\\/\\\/theuncommonshop.ch\\\/fr\\\/product\\\/magic-modern-horizons-2-mh2-collector-booster-display-2\\\/#breadcrumb\",\"itemListElement\":[{\"@type\":\"ListItem\",\"position\":1,\"name\":\"Accueil\",\"item\":\"https:\\\/\\\/theuncommonshop.ch\\\/fr\\\/accueil\\\/\"},{\"@type\":\"ListItem\",\"position\":2,\"name\":\"Boutique\",\"item\":\"https:\\\/\\\/theuncommonshop.ch\\\/fr\\\/boutique\\\/\"},{\"@type\":\"ListItem\",\"position\":3,\"name\":\"Magic the Gathering\",\"item\":\"https:\\\/\\\/theuncommonshop.ch\\\/fr\\\/categorie-produit\\\/magic-the-gathering-fr\\\/\"},{\"@type\":\"ListItem\",\"position\":4,\"name\":\"Produits par lots\",\"item\":\"https:\\\/\\\/theuncommonshop.ch\\\/fr\\\/categorie-produit\\\/magic-the-gathering-fr\\\/produits-par-lots-mtg\\\/\"},{\"@type\":\"ListItem\",\"position\":5,\"name\":\"Horizons du Modern 2\",\"item\":\"https:\\\/\\\/theuncommonshop.ch\\\/fr\\\/categorie-produit\\\/magic-the-gathering-fr\\\/produits-par-lots-mtg\\\/horizons-du-modern-2\\\/\"},{\"@type\":\"ListItem\",\"position\":6,\"name\":\"Magic &#8211; Modern Horizons 2 (MH2)- Collector Booster Display\"}]},{\"@type\":\"WebSite\",\"@id\":\"https:\\\/\\\/theuncommonshop.ch\\\/fr\\\/#website\",\"url\":\"https:\\\/\\\/theuncommonshop.ch\\\/fr\\\/\",\"name\":\"The Uncommon Shop\",\"description\":\"Magic, Pok\u00e9mon and Yu-gi-oh - The Uncommon Shop\",\"potentialAction\":[{\"@type\":\"SearchAction\",\"target\":{\"@type\":\"EntryPoint\",\"urlTemplate\":\"https:\\\/\\\/theuncommonshop.ch\\\/fr\\\/?s={search_term_string}\"},\"query-input\":{\"@type\":\"PropertyValueSpecification\",\"valueRequired\":true,\"valueName\":\"search_term_string\"}}],\"inLanguage\":\"fr-FR\"}]}<\/script>\n<meta property=\"og:availability\" content=\"out of stock\" \/>\n<meta property=\"product:availability\" content=\"out of stock\" \/>\n<meta property=\"product:condition\" content=\"new\" \/>\n<!-- \/ Yoast SEO plugin. -->","yoast_head_json":{"title":"Ach\u00e8te Magic - Modern Horizons 2 (MH2)- Collector Booster Display","description":"Ach\u00e8te Magic - Modern Horizons 2 (MH2)- Collector Booster Display en ligne maintenant \u00e0 petit prix! Ton #1 shop pour cartes TCG & Pok\u00e9mon en Suisse \u2713 Livraison gratuite d\u00e8s CHF 29","robots":{"index":"index","follow":"follow","max-snippet":"max-snippet:-1","max-image-preview":"max-image-preview:large","max-video-preview":"max-video-preview:-1"},"canonical":"https:\/\/theuncommonshop.ch\/fr\/product\/magic-modern-horizons-2-mh2-collector-booster-display-2\/","og_locale":"fr_FR","og_type":"article","og_title":"Ach\u00e8te Magic - Modern Horizons 2 (MH2)- Collector Booster Display","og_description":"Ach\u00e8te Magic - Modern Horizons 2 (MH2)- Collector Booster Display en ligne maintenant \u00e0 petit prix! Ton #1 shop pour cartes TCG & Pok\u00e9mon en Suisse \u2713 Livraison gratuite d\u00e8s CHF 29","og_url":"https:\/\/theuncommonshop.ch\/fr\/product\/magic-modern-horizons-2-mh2-collector-booster-display-2\/","og_site_name":"The Uncommon Shop","article_modified_time":"2026-05-06T14:21:21+00:00","og_image":[{"width":900,"height":989,"url":"https:\/\/theuncommonshop.ch\/wp-content\/uploads\/2025\/06\/2272315586.jpg","type":"image\/jpeg"}],"twitter_card":"summary_large_image","twitter_misc":{"Disponibilit\u00e9":"Rupture de stock"},"schema":{"@context":"https:\/\/schema.org","@graph":[{"@type":"WebPage","@id":"https:\/\/theuncommonshop.ch\/fr\/product\/magic-modern-horizons-2-mh2-collector-booster-display-2\/","url":"https:\/\/theuncommonshop.ch\/fr\/product\/magic-modern-horizons-2-mh2-collector-booster-display-2\/","name":"Ach\u00e8te Magic - Modern Horizons 2 (MH2)- Collector Booster Display","isPartOf":{"@id":"https:\/\/theuncommonshop.ch\/fr\/#website"},"primaryImageOfPage":{"@id":"https:\/\/theuncommonshop.ch\/fr\/product\/magic-modern-horizons-2-mh2-collector-booster-display-2\/#primaryimage"},"image":{"@id":"https:\/\/theuncommonshop.ch\/fr\/product\/magic-modern-horizons-2-mh2-collector-booster-display-2\/#primaryimage"},"thumbnailUrl":"https:\/\/theuncommonshop.ch\/wp-content\/uploads\/2025\/06\/2272315586.jpg","datePublished":"2025-06-17T10:30:42+00:00","dateModified":"2026-05-06T14:21:21+00:00","description":"Ach\u00e8te Magic - Modern Horizons 2 (MH2)- Collector Booster Display en ligne maintenant \u00e0 petit prix! Ton #1 shop pour cartes TCG & Pok\u00e9mon en Suisse \u2713 Livraison gratuite d\u00e8s CHF 29","breadcrumb":{"@id":"https:\/\/theuncommonshop.ch\/fr\/product\/magic-modern-horizons-2-mh2-collector-booster-display-2\/#breadcrumb"},"inLanguage":"fr-FR","potentialAction":[{"@type":"ReadAction","target":["https:\/\/theuncommonshop.ch\/fr\/product\/magic-modern-horizons-2-mh2-collector-booster-display-2\/"]}]},{"@type":"ImageObject","inLanguage":"fr-FR","@id":"https:\/\/theuncommonshop.ch\/fr\/product\/magic-modern-horizons-2-mh2-collector-booster-display-2\/#primaryimage","url":"https:\/\/theuncommonshop.ch\/wp-content\/uploads\/2025\/06\/2272315586.jpg","contentUrl":"https:\/\/theuncommonshop.ch\/wp-content\/uploads\/2025\/06\/2272315586.jpg","width":900,"height":989},{"@type":"BreadcrumbList","@id":"https:\/\/theuncommonshop.ch\/fr\/product\/magic-modern-horizons-2-mh2-collector-booster-display-2\/#breadcrumb","itemListElement":[{"@type":"ListItem","position":1,"name":"Accueil","item":"https:\/\/theuncommonshop.ch\/fr\/accueil\/"},{"@type":"ListItem","position":2,"name":"Boutique","item":"https:\/\/theuncommonshop.ch\/fr\/boutique\/"},{"@type":"ListItem","position":3,"name":"Magic the Gathering","item":"https:\/\/theuncommonshop.ch\/fr\/categorie-produit\/magic-the-gathering-fr\/"},{"@type":"ListItem","position":4,"name":"Produits par lots","item":"https:\/\/theuncommonshop.ch\/fr\/categorie-produit\/magic-the-gathering-fr\/produits-par-lots-mtg\/"},{"@type":"ListItem","position":5,"name":"Horizons du Modern 2","item":"https:\/\/theuncommonshop.ch\/fr\/categorie-produit\/magic-the-gathering-fr\/produits-par-lots-mtg\/horizons-du-modern-2\/"},{"@type":"ListItem","position":6,"name":"Magic &#8211; Modern Horizons 2 (MH2)- Collector Booster Display"}]},{"@type":"WebSite","@id":"https:\/\/theuncommonshop.ch\/fr\/#website","url":"https:\/\/theuncommonshop.ch\/fr\/","name":"The Uncommon Shop","description":"Magic, Pok\u00e9mon and Yu-gi-oh - The Uncommon Shop","potentialAction":[{"@type":"SearchAction","target":{"@type":"EntryPoint","urlTemplate":"https:\/\/theuncommonshop.ch\/fr\/?s={search_term_string}"},"query-input":{"@type":"PropertyValueSpecification","valueRequired":true,"valueName":"search_term_string"}}],"inLanguage":"fr-FR"}]},"og_availability":"out of stock","product_availability":"out of stock","product_condition":"new"},"_links":{"self":[{"href":"https:\/\/theuncommonshop.ch\/fr\/wp-json\/wp\/v2\/product\/317965","targetHints":{"allow":["GET"]}}],"collection":[{"href":"https:\/\/theuncommonshop.ch\/fr\/wp-json\/wp\/v2\/product"}],"about":[{"href":"https:\/\/theuncommonshop.ch\/fr\/wp-json\/wp\/v2\/types\/product"}],"replies":[{"embeddable":true,"href":"https:\/\/theuncommonshop.ch\/fr\/wp-json\/wp\/v2\/comments?post=317965"}],"version-history":[{"count":0,"href":"https:\/\/theuncommonshop.ch\/fr\/wp-json\/wp\/v2\/product\/317965\/revisions"}],"wp:featuredmedia":[{"embeddable":true,"href":"https:\/\/theuncommonshop.ch\/fr\/wp-json\/wp\/v2\/media\/136659"}],"wp:attachment":[{"href":"https:\/\/theuncommonshop.ch\/fr\/wp-json\/wp\/v2\/media?parent=317965"}],"wp:term":[{"taxonomy":"product_brand","embeddable":true,"href":"https:\/\/theuncommonshop.ch\/fr\/wp-json\/wp\/v2\/product_brand?post=317965"},{"taxonomy":"product_cat","embeddable":true,"href":"https:\/\/theuncommonshop.ch\/fr\/wp-json\/wp\/v2\/product_cat?post=317965"},{"taxonomy":"product_tag","embeddable":true,"href":"https:\/\/theuncommonshop.ch\/fr\/wp-json\/wp\/v2\/product_tag?post=317965"}],"curies":[{"name":"wp","href":"https:\/\/api.w.org\/{rel}","templated":true}]}}