{"id":317953,"date":"2025-06-17T10:29:01","date_gmt":"2025-06-17T10:29:01","guid":{"rendered":"http:\/\/theuncommonshop.ch\/produkt\/317953\/"},"modified":"2026-03-29T16:54:08","modified_gmt":"2026-03-29T14:54:08","slug":"magic-kaldheim-khm-draft-booster-display-2","status":"publish","type":"product","link":"https:\/\/theuncommonshop.ch\/fr\/product\/magic-kaldheim-khm-draft-booster-display-2\/","title":{"rendered":"Magic &#8211; Kaldheim (KHM) &#8211; Draft Booster Display"},"content":{"rendered":"<p data-start=\"77\" data-end=\"429\">Entrez dans un monde de dieux, de guerriers et de batailles l\u00e9gendaires avec le <strong data-start=\"152\" data-end=\"177\">Draft Booster Display<\/strong> de <strong data-start=\"182\" data-end=\"223\"><span class=\"hover:entity-accent entity-underline inline cursor-pointer align-baseline\"><span class=\"whitespace-normal\">Kaldheim<\/span><\/span><\/strong>. Fortement inspir\u00e9 de la mythologie nordique, ce set transporte les joueurs dans un monde glacial compos\u00e9 de dix royaumes diff\u00e9rents, o\u00f9 de puissants h\u00e9ros, dragons et dieux se battent pour la gloire et le pouvoir. <\/p>\n<p data-start=\"431\" data-end=\"798\">De nouvelles m\u00e9caniques passionnantes vous attendent \u00e0 <strong data-start=\"434\" data-end=\"452\">Kaldheim (KHM)<\/strong>, comme <strong data-start=\"497\" data-end=\"509\">Foretell<\/strong>, qui permet de pr\u00e9parer strat\u00e9giquement des cartes pour les jouer plus tard, et <strong data-start=\"594\" data-end=\"603\">Boast<\/strong>, une capacit\u00e9 qui rend les cr\u00e9atures plus fortes apr\u00e8s des attaques r\u00e9ussies. Le set comprend de nombreuses cr\u00e9atures l\u00e9gendaires et des cartes \u00e9piques qui int\u00e9resseront particuli\u00e8rement les joueurs Commander. <\/p>\n<p data-start=\"800\" data-end=\"1000\">Id\u00e9al pour les <strong data-start=\"844\" data-end=\"894\">\u00e9v\u00e9nements de draft, les tournois sealed ou pour collectionner<\/strong>, le <strong data-start=\"804\" data-end=\"829\">Booster Display de Draft<\/strong> est un moyen id\u00e9al de d\u00e9couvrir de nouvelles strat\u00e9gies et d&#8217;enrichir votre collection de Magic.<\/p>\n<h3 data-start=\"1002\" data-end=\"1020\">D\u00e9tails du produit<\/h3>\n<p data-start=\"1022\" data-end=\"1312\">&#8211; <strong data-start=\"1024\" data-end=\"1032\">Set :<\/strong> Kaldheim<br data-start=\"1041\" data-end=\"1044\">&#8211; <strong data-start=\"1046\" data-end=\"1059\">Code du set :<\/strong> <strong data-start=\"1060\" data-end=\"1067\">KHM<\/strong><br data-start=\"1067\" data-end=\"1070\">&#8211; <strong data-start=\"1072\" data-end=\"1110\">1 display contient 36 Draft Booster<\/strong><br data-start=\"1110\" data-end=\"1113\">&#8211; <strong data-start=\"1115\" data-end=\"1161\">15 cartes Magic : The Gathering par Booster<\/strong><br data-start=\"1161\" data-end=\"1164\">&#8211; Chance de trouver des <strong data-start=\"1177\" data-end=\"1214\">cartes Rare, Mythic Rare et Foil<\/strong><br data-start=\"1214\" data-end=\"1217\">&#8211; Contient les m\u00e9caniques <strong data-start=\"1242\" data-end=\"1254\">Foretell<\/strong> et <strong data-start=\"1259\" data-end=\"1268\">Boast<\/strong><br data-start=\"1268\" data-end=\"1271\">&#8211; Id\u00e9al pour <strong data-start=\"1283\" data-end=\"1312\">les Draft, Sealed et Sammler Booster<\/strong>.<\/p>\n<p data-start=\"1314\" data-end=\"1508\">Le <strong data-start=\"1322\" data-end=\"1383\">Draft Booster Display de Magic : The Gathering Kaldheim (KHM)<\/strong> vous permet de vivre des batailles \u00e9piques dans un monde de mythes nordiques et d&#8217;enrichir votre collection de cartes puissantes.<\/p>\n","protected":false},"excerpt":{"rendered":"<p>Entrez dans un monde de dieux, de guerriers et de batailles l\u00e9gendaires avec le Draft Booster Display de Kaldheim. Fortement<\/p>\n","protected":false},"featured_media":136647,"comment_status":"open","ping_status":"closed","template":"","meta":{"_acf_changed":false},"product_brand":[5158,5070],"product_cat":[9969,9967],"product_tag":[],"class_list":{"0":"post-317953","1":"product","2":"type-product","3":"status-publish","4":"has-post-thumbnail","6":"product_brand-magic-the-gathering","7":"product_brand-wizards-of-the-coast","8":"product_cat-booster-displays-fr","9":"product_cat-magic-the-gathering-fr","11":"first","12":"outofstock","13":"taxable","14":"shipping-taxable","15":"purchasable","16":"product-type-variable"},"acf":[],"yoast_head":"<!-- This site is optimized with the Yoast SEO plugin v27.5 - https:\/\/yoast.com\/product\/yoast-seo-wordpress\/ -->\n<title>Ach\u00e8te Magic - Kaldheim (KHM) - Draft Booster Display<\/title>\n<meta name=\"description\" content=\"Ach\u00e8te Magic - Kaldheim (KHM) - Draft Booster Display en ligne maintenant \u00e0 petit prix! Ton #1 shop pour cartes TCG &amp; Pok\u00e9mon en Suisse \u2713 Livraison gratuite d\u00e8s CHF 29\" \/>\n<meta name=\"robots\" content=\"index, follow, max-snippet:-1, max-image-preview:large, max-video-preview:-1\" \/>\n<link rel=\"canonical\" href=\"https:\/\/theuncommonshop.ch\/fr\/product\/magic-kaldheim-khm-draft-booster-display-2\/\" \/>\n<meta property=\"og:locale\" content=\"fr_FR\" \/>\n<meta property=\"og:type\" content=\"article\" \/>\n<meta property=\"og:title\" content=\"Ach\u00e8te Magic - Kaldheim (KHM) - Draft Booster Display\" \/>\n<meta property=\"og:description\" content=\"Ach\u00e8te Magic - Kaldheim (KHM) - Draft Booster Display en ligne maintenant \u00e0 petit prix! Ton #1 shop pour cartes TCG &amp; Pok\u00e9mon en Suisse \u2713 Livraison gratuite d\u00e8s CHF 29\" \/>\n<meta property=\"og:url\" content=\"https:\/\/theuncommonshop.ch\/fr\/product\/magic-kaldheim-khm-draft-booster-display-2\/\" \/>\n<meta property=\"og:site_name\" content=\"The Uncommon Shop\" \/>\n<meta property=\"article:modified_time\" content=\"2026-03-29T14:54:08+00:00\" \/>\n<meta property=\"og:image\" content=\"https:\/\/theuncommonshop.ch\/wp-content\/uploads\/2025\/06\/1842735906.jpg\" \/>\n\t<meta property=\"og:image:width\" content=\"900\" \/>\n\t<meta property=\"og:image:height\" content=\"799\" \/>\n\t<meta property=\"og:image:type\" content=\"image\/jpeg\" \/>\n<meta name=\"twitter:card\" content=\"summary_large_image\" \/>\n<meta name=\"twitter:label1\" content=\"Disponibilit\u00e9\" \/>\n\t<meta name=\"twitter:data1\" content=\"Rupture de stock\" \/>\n<script type=\"application\/ld+json\" class=\"yoast-schema-graph\">{\"@context\":\"https:\\\/\\\/schema.org\",\"@graph\":[{\"@type\":\"WebPage\",\"@id\":\"https:\\\/\\\/theuncommonshop.ch\\\/fr\\\/product\\\/magic-kaldheim-khm-draft-booster-display-2\\\/\",\"url\":\"https:\\\/\\\/theuncommonshop.ch\\\/fr\\\/product\\\/magic-kaldheim-khm-draft-booster-display-2\\\/\",\"name\":\"Ach\u00e8te Magic - Kaldheim (KHM) - Draft Booster Display\",\"isPartOf\":{\"@id\":\"https:\\\/\\\/theuncommonshop.ch\\\/fr\\\/#website\"},\"primaryImageOfPage\":{\"@id\":\"https:\\\/\\\/theuncommonshop.ch\\\/fr\\\/product\\\/magic-kaldheim-khm-draft-booster-display-2\\\/#primaryimage\"},\"image\":{\"@id\":\"https:\\\/\\\/theuncommonshop.ch\\\/fr\\\/product\\\/magic-kaldheim-khm-draft-booster-display-2\\\/#primaryimage\"},\"thumbnailUrl\":\"https:\\\/\\\/theuncommonshop.ch\\\/wp-content\\\/uploads\\\/2025\\\/06\\\/1842735906.jpg\",\"datePublished\":\"2025-06-17T10:29:01+00:00\",\"dateModified\":\"2026-03-29T14:54:08+00:00\",\"description\":\"Ach\u00e8te Magic - Kaldheim (KHM) - Draft Booster Display en ligne maintenant \u00e0 petit prix! Ton #1 shop pour cartes TCG & Pok\u00e9mon en Suisse \u2713 Livraison gratuite d\u00e8s CHF 29\",\"breadcrumb\":{\"@id\":\"https:\\\/\\\/theuncommonshop.ch\\\/fr\\\/product\\\/magic-kaldheim-khm-draft-booster-display-2\\\/#breadcrumb\"},\"inLanguage\":\"fr-FR\",\"potentialAction\":[{\"@type\":\"ReadAction\",\"target\":[\"https:\\\/\\\/theuncommonshop.ch\\\/fr\\\/product\\\/magic-kaldheim-khm-draft-booster-display-2\\\/\"]}]},{\"@type\":\"ImageObject\",\"inLanguage\":\"fr-FR\",\"@id\":\"https:\\\/\\\/theuncommonshop.ch\\\/fr\\\/product\\\/magic-kaldheim-khm-draft-booster-display-2\\\/#primaryimage\",\"url\":\"https:\\\/\\\/theuncommonshop.ch\\\/wp-content\\\/uploads\\\/2025\\\/06\\\/1842735906.jpg\",\"contentUrl\":\"https:\\\/\\\/theuncommonshop.ch\\\/wp-content\\\/uploads\\\/2025\\\/06\\\/1842735906.jpg\",\"width\":900,\"height\":799},{\"@type\":\"BreadcrumbList\",\"@id\":\"https:\\\/\\\/theuncommonshop.ch\\\/fr\\\/product\\\/magic-kaldheim-khm-draft-booster-display-2\\\/#breadcrumb\",\"itemListElement\":[{\"@type\":\"ListItem\",\"position\":1,\"name\":\"Accueil\",\"item\":\"https:\\\/\\\/theuncommonshop.ch\\\/fr\\\/accueil\\\/\"},{\"@type\":\"ListItem\",\"position\":2,\"name\":\"Boutique\",\"item\":\"https:\\\/\\\/theuncommonshop.ch\\\/fr\\\/boutique\\\/\"},{\"@type\":\"ListItem\",\"position\":3,\"name\":\"Magic the Gathering\",\"item\":\"https:\\\/\\\/theuncommonshop.ch\\\/fr\\\/categorie-produit\\\/magic-the-gathering-fr\\\/\"},{\"@type\":\"ListItem\",\"position\":4,\"name\":\"Booster Displays\",\"item\":\"https:\\\/\\\/theuncommonshop.ch\\\/fr\\\/categorie-produit\\\/magic-the-gathering-fr\\\/booster-displays-fr\\\/\"},{\"@type\":\"ListItem\",\"position\":5,\"name\":\"Magic &#8211; Kaldheim (KHM) &#8211; Draft Booster Display\"}]},{\"@type\":\"WebSite\",\"@id\":\"https:\\\/\\\/theuncommonshop.ch\\\/fr\\\/#website\",\"url\":\"https:\\\/\\\/theuncommonshop.ch\\\/fr\\\/\",\"name\":\"The Uncommon Shop\",\"description\":\"Magic, Pok\u00e9mon and Yu-gi-oh - The Uncommon Shop\",\"potentialAction\":[{\"@type\":\"SearchAction\",\"target\":{\"@type\":\"EntryPoint\",\"urlTemplate\":\"https:\\\/\\\/theuncommonshop.ch\\\/fr\\\/?s={search_term_string}\"},\"query-input\":{\"@type\":\"PropertyValueSpecification\",\"valueRequired\":true,\"valueName\":\"search_term_string\"}}],\"inLanguage\":\"fr-FR\"}]}<\/script>\n<meta property=\"og:availability\" content=\"out of stock\" \/>\n<meta property=\"product:availability\" content=\"out of stock\" \/>\n<meta property=\"product:condition\" content=\"new\" \/>\n<!-- \/ Yoast SEO plugin. -->","yoast_head_json":{"title":"Ach\u00e8te Magic - Kaldheim (KHM) - Draft Booster Display","description":"Ach\u00e8te Magic - Kaldheim (KHM) - Draft Booster Display en ligne maintenant \u00e0 petit prix! Ton #1 shop pour cartes TCG & Pok\u00e9mon en Suisse \u2713 Livraison gratuite d\u00e8s CHF 29","robots":{"index":"index","follow":"follow","max-snippet":"max-snippet:-1","max-image-preview":"max-image-preview:large","max-video-preview":"max-video-preview:-1"},"canonical":"https:\/\/theuncommonshop.ch\/fr\/product\/magic-kaldheim-khm-draft-booster-display-2\/","og_locale":"fr_FR","og_type":"article","og_title":"Ach\u00e8te Magic - Kaldheim (KHM) - Draft Booster Display","og_description":"Ach\u00e8te Magic - Kaldheim (KHM) - Draft Booster Display en ligne maintenant \u00e0 petit prix! Ton #1 shop pour cartes TCG & Pok\u00e9mon en Suisse \u2713 Livraison gratuite d\u00e8s CHF 29","og_url":"https:\/\/theuncommonshop.ch\/fr\/product\/magic-kaldheim-khm-draft-booster-display-2\/","og_site_name":"The Uncommon Shop","article_modified_time":"2026-03-29T14:54:08+00:00","og_image":[{"width":900,"height":799,"url":"https:\/\/theuncommonshop.ch\/wp-content\/uploads\/2025\/06\/1842735906.jpg","type":"image\/jpeg"}],"twitter_card":"summary_large_image","twitter_misc":{"Disponibilit\u00e9":"Rupture de stock"},"schema":{"@context":"https:\/\/schema.org","@graph":[{"@type":"WebPage","@id":"https:\/\/theuncommonshop.ch\/fr\/product\/magic-kaldheim-khm-draft-booster-display-2\/","url":"https:\/\/theuncommonshop.ch\/fr\/product\/magic-kaldheim-khm-draft-booster-display-2\/","name":"Ach\u00e8te Magic - Kaldheim (KHM) - Draft Booster Display","isPartOf":{"@id":"https:\/\/theuncommonshop.ch\/fr\/#website"},"primaryImageOfPage":{"@id":"https:\/\/theuncommonshop.ch\/fr\/product\/magic-kaldheim-khm-draft-booster-display-2\/#primaryimage"},"image":{"@id":"https:\/\/theuncommonshop.ch\/fr\/product\/magic-kaldheim-khm-draft-booster-display-2\/#primaryimage"},"thumbnailUrl":"https:\/\/theuncommonshop.ch\/wp-content\/uploads\/2025\/06\/1842735906.jpg","datePublished":"2025-06-17T10:29:01+00:00","dateModified":"2026-03-29T14:54:08+00:00","description":"Ach\u00e8te Magic - Kaldheim (KHM) - Draft Booster Display en ligne maintenant \u00e0 petit prix! Ton #1 shop pour cartes TCG & Pok\u00e9mon en Suisse \u2713 Livraison gratuite d\u00e8s CHF 29","breadcrumb":{"@id":"https:\/\/theuncommonshop.ch\/fr\/product\/magic-kaldheim-khm-draft-booster-display-2\/#breadcrumb"},"inLanguage":"fr-FR","potentialAction":[{"@type":"ReadAction","target":["https:\/\/theuncommonshop.ch\/fr\/product\/magic-kaldheim-khm-draft-booster-display-2\/"]}]},{"@type":"ImageObject","inLanguage":"fr-FR","@id":"https:\/\/theuncommonshop.ch\/fr\/product\/magic-kaldheim-khm-draft-booster-display-2\/#primaryimage","url":"https:\/\/theuncommonshop.ch\/wp-content\/uploads\/2025\/06\/1842735906.jpg","contentUrl":"https:\/\/theuncommonshop.ch\/wp-content\/uploads\/2025\/06\/1842735906.jpg","width":900,"height":799},{"@type":"BreadcrumbList","@id":"https:\/\/theuncommonshop.ch\/fr\/product\/magic-kaldheim-khm-draft-booster-display-2\/#breadcrumb","itemListElement":[{"@type":"ListItem","position":1,"name":"Accueil","item":"https:\/\/theuncommonshop.ch\/fr\/accueil\/"},{"@type":"ListItem","position":2,"name":"Boutique","item":"https:\/\/theuncommonshop.ch\/fr\/boutique\/"},{"@type":"ListItem","position":3,"name":"Magic the Gathering","item":"https:\/\/theuncommonshop.ch\/fr\/categorie-produit\/magic-the-gathering-fr\/"},{"@type":"ListItem","position":4,"name":"Booster Displays","item":"https:\/\/theuncommonshop.ch\/fr\/categorie-produit\/magic-the-gathering-fr\/booster-displays-fr\/"},{"@type":"ListItem","position":5,"name":"Magic &#8211; Kaldheim (KHM) &#8211; Draft Booster Display"}]},{"@type":"WebSite","@id":"https:\/\/theuncommonshop.ch\/fr\/#website","url":"https:\/\/theuncommonshop.ch\/fr\/","name":"The Uncommon Shop","description":"Magic, Pok\u00e9mon and Yu-gi-oh - The Uncommon Shop","potentialAction":[{"@type":"SearchAction","target":{"@type":"EntryPoint","urlTemplate":"https:\/\/theuncommonshop.ch\/fr\/?s={search_term_string}"},"query-input":{"@type":"PropertyValueSpecification","valueRequired":true,"valueName":"search_term_string"}}],"inLanguage":"fr-FR"}]},"og_availability":"out of stock","product_availability":"out of stock","product_condition":"new"},"_links":{"self":[{"href":"https:\/\/theuncommonshop.ch\/fr\/wp-json\/wp\/v2\/product\/317953","targetHints":{"allow":["GET"]}}],"collection":[{"href":"https:\/\/theuncommonshop.ch\/fr\/wp-json\/wp\/v2\/product"}],"about":[{"href":"https:\/\/theuncommonshop.ch\/fr\/wp-json\/wp\/v2\/types\/product"}],"replies":[{"embeddable":true,"href":"https:\/\/theuncommonshop.ch\/fr\/wp-json\/wp\/v2\/comments?post=317953"}],"version-history":[{"count":0,"href":"https:\/\/theuncommonshop.ch\/fr\/wp-json\/wp\/v2\/product\/317953\/revisions"}],"wp:featuredmedia":[{"embeddable":true,"href":"https:\/\/theuncommonshop.ch\/fr\/wp-json\/wp\/v2\/media\/136647"}],"wp:attachment":[{"href":"https:\/\/theuncommonshop.ch\/fr\/wp-json\/wp\/v2\/media?parent=317953"}],"wp:term":[{"taxonomy":"product_brand","embeddable":true,"href":"https:\/\/theuncommonshop.ch\/fr\/wp-json\/wp\/v2\/product_brand?post=317953"},{"taxonomy":"product_cat","embeddable":true,"href":"https:\/\/theuncommonshop.ch\/fr\/wp-json\/wp\/v2\/product_cat?post=317953"},{"taxonomy":"product_tag","embeddable":true,"href":"https:\/\/theuncommonshop.ch\/fr\/wp-json\/wp\/v2\/product_tag?post=317953"}],"curies":[{"name":"wp","href":"https:\/\/api.w.org\/{rel}","templated":true}]}}