{"id":317948,"date":"2025-06-17T10:31:05","date_gmt":"2025-06-17T10:31:05","guid":{"rendered":"http:\/\/theuncommonshop.ch\/produkt\/317948\/"},"modified":"2026-03-29T16:39:08","modified_gmt":"2026-03-29T14:39:08","slug":"magic-dungeons-dragons-adventures-in-the-forgotten-realms-afr-draft-booster-display-en-2","status":"publish","type":"product","link":"https:\/\/theuncommonshop.ch\/fr\/product\/magic-dungeons-dragons-adventures-in-the-forgotten-realms-afr-draft-booster-display-en-2\/","title":{"rendered":"Magic &#8211; Dungeons &amp; Dragons : Adventures in the Forgotten Realms (AFR) &#8211; Draft Booster Display"},"content":{"rendered":"<p>Avec Adventures in the Forgotten Realms, deux mondes fantastiques l\u00e9gendaires fusionnent en une exp\u00e9rience \u00e9pique : Magic : The Gathering rencontre Dungeons &amp; Dragons :. Ce set sp\u00e9cial vous emm\u00e8ne dans les royaumes embl\u00e9matiques des Forgotten Realms et apporte des \u00e9l\u00e9ments classiques de D&amp;D directement sur le plateau de jeu. <\/p>\n<p>Explorez de dangereux donjons, lancez de puissants sorts et affrontez des monstres l\u00e9gendaires tels que les dragons, les beholders et les mind flayers. Des lieux populaires comme les Royaumes oubli\u00e9s et des personnages c\u00e9l\u00e8bres de la lore de D&amp;D prennent vie dans des cartes Magic uniques. <\/p>\n<p>Points forts de l&#8217;ensemble :<\/p>\n<p>M\u00e9canisme de donjon : Aventurez-vous dans des donjons et gagnez de pr\u00e9cieux avantages<\/p>\n<p>M\u00e9canisme de d\u00e9 (d20) : Al\u00e9atoire et aventure comme \u00e0 la table de jeu de D&amp;D<\/p>\n<p>Cr\u00e9atures l\u00e9gendaires et monstres embl\u00e9matiques<\/p>\n<p>Des artworks \u00e9vocateurs dans le style classique de la fantasy<\/p>\n<p>Id\u00e9al pour les collectionneurs, les fans de D&amp;D et les joueurs de Magic.<\/p>\n<p>Adventures in the Forgotten Realms offre aux joueurs, qu&#8217;ils soient novices ou exp\u00e9riment\u00e9s, une exp\u00e9rience de jeu \u00e0 l&#8217;atmosph\u00e8re riche en aventures, en magie et en histoires \u00e9piques.<\/p>\n<p>&nbsp;<\/p>\n<p>&nbsp;<\/p>\n","protected":false},"excerpt":{"rendered":"<p>Avec Adventures in the Forgotten Realms, deux mondes fantastiques l\u00e9gendaires fusionnent en une exp\u00e9rience \u00e9pique : Magic : The Gathering<\/p>\n","protected":false},"featured_media":136671,"comment_status":"open","ping_status":"closed","template":"","meta":{"_acf_changed":false},"product_brand":[5158,5070],"product_cat":[9969,10237,9967,9991],"product_tag":[],"class_list":{"0":"post-317948","1":"product","2":"type-product","3":"status-publish","4":"has-post-thumbnail","6":"product_brand-magic-the-gathering","7":"product_brand-wizards-of-the-coast","8":"product_cat-booster-displays-fr","9":"product_cat-dungeons-et-dragons-aventures-dans-les-royaumes-oublies","10":"product_cat-magic-the-gathering-fr","11":"product_cat-produits-par-lots-mtg","13":"first","14":"outofstock","15":"taxable","16":"shipping-taxable","17":"purchasable","18":"product-type-variable"},"acf":[],"yoast_head":"<!-- This site is optimized with the Yoast SEO plugin v27.4 - https:\/\/yoast.com\/product\/yoast-seo-wordpress\/ -->\n<title>Ach\u00e8te Magic - Dungeons &amp; Dragons : Adventures in the Forgotten Realms (AFR) - Draft Booster Display<\/title>\n<meta name=\"description\" content=\"Ach\u00e8te Magic - Dungeons &amp; Dragons : Adventures in the Forgotten Realms (AFR) - Draft Booster Display en ligne maintenant \u00e0 petit prix! Ton #1 shop pour cartes TCG &amp; Pok\u00e9mon en Suisse \u2713 Livraison gratuite d\u00e8s CHF 29\" \/>\n<meta name=\"robots\" content=\"index, follow, max-snippet:-1, max-image-preview:large, max-video-preview:-1\" \/>\n<link rel=\"canonical\" href=\"https:\/\/theuncommonshop.ch\/fr\/product\/magic-dungeons-dragons-adventures-in-the-forgotten-realms-afr-draft-booster-display-en-2\/\" \/>\n<meta property=\"og:locale\" content=\"fr_FR\" \/>\n<meta property=\"og:type\" content=\"article\" \/>\n<meta property=\"og:title\" content=\"Ach\u00e8te Magic - Dungeons &amp; Dragons : Adventures in the Forgotten Realms (AFR) - Draft Booster Display\" \/>\n<meta property=\"og:description\" content=\"Ach\u00e8te Magic - Dungeons &amp; Dragons : Adventures in the Forgotten Realms (AFR) - Draft Booster Display en ligne maintenant \u00e0 petit prix! Ton #1 shop pour cartes TCG &amp; Pok\u00e9mon en Suisse \u2713 Livraison gratuite d\u00e8s CHF 29\" \/>\n<meta property=\"og:url\" content=\"https:\/\/theuncommonshop.ch\/fr\/product\/magic-dungeons-dragons-adventures-in-the-forgotten-realms-afr-draft-booster-display-en-2\/\" \/>\n<meta property=\"og:site_name\" content=\"Largest trading card shop in Switzerland\" \/>\n<meta property=\"article:modified_time\" content=\"2026-03-29T14:39:08+00:00\" \/>\n<meta property=\"og:image\" content=\"https:\/\/theuncommonshop.ch\/wp-content\/uploads\/2025\/06\/2272407277.jpg\" \/>\n\t<meta property=\"og:image:width\" content=\"900\" \/>\n\t<meta property=\"og:image:height\" content=\"797\" \/>\n\t<meta property=\"og:image:type\" content=\"image\/jpeg\" \/>\n<meta name=\"twitter:card\" content=\"summary_large_image\" \/>\n<meta name=\"twitter:label1\" content=\"Disponibilit\u00e9\" \/>\n\t<meta name=\"twitter:data1\" content=\"Rupture de stock\" \/>\n<script type=\"application\/ld+json\" class=\"yoast-schema-graph\">{\"@context\":\"https:\\\/\\\/schema.org\",\"@graph\":[{\"@type\":\"WebPage\",\"@id\":\"https:\\\/\\\/theuncommonshop.ch\\\/fr\\\/product\\\/magic-dungeons-dragons-adventures-in-the-forgotten-realms-afr-draft-booster-display-en-2\\\/\",\"url\":\"https:\\\/\\\/theuncommonshop.ch\\\/fr\\\/product\\\/magic-dungeons-dragons-adventures-in-the-forgotten-realms-afr-draft-booster-display-en-2\\\/\",\"name\":\"Ach\u00e8te Magic - Dungeons &amp; Dragons : Adventures in the Forgotten Realms (AFR) - Draft Booster Display\",\"isPartOf\":{\"@id\":\"https:\\\/\\\/theuncommonshop.ch\\\/#website\"},\"primaryImageOfPage\":{\"@id\":\"https:\\\/\\\/theuncommonshop.ch\\\/fr\\\/product\\\/magic-dungeons-dragons-adventures-in-the-forgotten-realms-afr-draft-booster-display-en-2\\\/#primaryimage\"},\"image\":{\"@id\":\"https:\\\/\\\/theuncommonshop.ch\\\/fr\\\/product\\\/magic-dungeons-dragons-adventures-in-the-forgotten-realms-afr-draft-booster-display-en-2\\\/#primaryimage\"},\"thumbnailUrl\":\"https:\\\/\\\/theuncommonshop.ch\\\/wp-content\\\/uploads\\\/2025\\\/06\\\/2272407277.jpg\",\"datePublished\":\"2025-06-17T10:31:05+00:00\",\"dateModified\":\"2026-03-29T14:39:08+00:00\",\"description\":\"Ach\u00e8te Magic - Dungeons &amp; Dragons : Adventures in the Forgotten Realms (AFR) - Draft Booster Display en ligne maintenant \u00e0 petit prix! Ton #1 shop pour cartes TCG & Pok\u00e9mon en Suisse \u2713 Livraison gratuite d\u00e8s CHF 29\",\"breadcrumb\":{\"@id\":\"https:\\\/\\\/theuncommonshop.ch\\\/fr\\\/product\\\/magic-dungeons-dragons-adventures-in-the-forgotten-realms-afr-draft-booster-display-en-2\\\/#breadcrumb\"},\"inLanguage\":\"fr-FR\",\"potentialAction\":[{\"@type\":\"ReadAction\",\"target\":[\"https:\\\/\\\/theuncommonshop.ch\\\/fr\\\/product\\\/magic-dungeons-dragons-adventures-in-the-forgotten-realms-afr-draft-booster-display-en-2\\\/\"]}]},{\"@type\":\"ImageObject\",\"inLanguage\":\"fr-FR\",\"@id\":\"https:\\\/\\\/theuncommonshop.ch\\\/fr\\\/product\\\/magic-dungeons-dragons-adventures-in-the-forgotten-realms-afr-draft-booster-display-en-2\\\/#primaryimage\",\"url\":\"https:\\\/\\\/theuncommonshop.ch\\\/wp-content\\\/uploads\\\/2025\\\/06\\\/2272407277.jpg\",\"contentUrl\":\"https:\\\/\\\/theuncommonshop.ch\\\/wp-content\\\/uploads\\\/2025\\\/06\\\/2272407277.jpg\",\"width\":900,\"height\":797},{\"@type\":\"BreadcrumbList\",\"@id\":\"https:\\\/\\\/theuncommonshop.ch\\\/fr\\\/product\\\/magic-dungeons-dragons-adventures-in-the-forgotten-realms-afr-draft-booster-display-en-2\\\/#breadcrumb\",\"itemListElement\":[{\"@type\":\"ListItem\",\"position\":1,\"name\":\"Accueil\",\"item\":\"https:\\\/\\\/theuncommonshop.ch\\\/fr\\\/accueil\\\/\"},{\"@type\":\"ListItem\",\"position\":2,\"name\":\"Boutique\",\"item\":\"https:\\\/\\\/theuncommonshop.ch\\\/fr\\\/boutique\\\/\"},{\"@type\":\"ListItem\",\"position\":3,\"name\":\"Magic the Gathering\",\"item\":\"https:\\\/\\\/theuncommonshop.ch\\\/fr\\\/categorie-produit\\\/magic-the-gathering-fr\\\/\"},{\"@type\":\"ListItem\",\"position\":4,\"name\":\"Produits par lots\",\"item\":\"https:\\\/\\\/theuncommonshop.ch\\\/fr\\\/categorie-produit\\\/magic-the-gathering-fr\\\/produits-par-lots-mtg\\\/\"},{\"@type\":\"ListItem\",\"position\":5,\"name\":\"Dungeons & Dragons : aventures dans les Royaumes Oubli\u00e9s\",\"item\":\"https:\\\/\\\/theuncommonshop.ch\\\/fr\\\/categorie-produit\\\/magic-the-gathering-fr\\\/produits-par-lots-mtg\\\/dungeons-et-dragons-aventures-dans-les-royaumes-oublies\\\/\"},{\"@type\":\"ListItem\",\"position\":6,\"name\":\"Magic &#8211; Dungeons &amp; Dragons : Adventures in the Forgotten Realms (AFR) &#8211; Draft Booster Display\"}]},{\"@type\":\"WebSite\",\"@id\":\"https:\\\/\\\/theuncommonshop.ch\\\/#website\",\"url\":\"https:\\\/\\\/theuncommonshop.ch\\\/\",\"name\":\"Largest trading card shop in Switzerland\",\"description\":\"Magic, Pok\u00e9mon and Yu-gi-oh - The Uncommon Shop\",\"potentialAction\":[{\"@type\":\"SearchAction\",\"target\":{\"@type\":\"EntryPoint\",\"urlTemplate\":\"https:\\\/\\\/theuncommonshop.ch\\\/?s={search_term_string}\"},\"query-input\":{\"@type\":\"PropertyValueSpecification\",\"valueRequired\":true,\"valueName\":\"search_term_string\"}}],\"inLanguage\":\"fr-FR\"}]}<\/script>\n<meta property=\"og:availability\" content=\"out of stock\" \/>\n<meta property=\"product:availability\" content=\"out of stock\" \/>\n<meta property=\"product:condition\" content=\"new\" \/>\n<!-- \/ Yoast SEO plugin. -->","yoast_head_json":{"title":"Ach\u00e8te Magic - Dungeons &amp; Dragons : Adventures in the Forgotten Realms (AFR) - Draft Booster Display","description":"Ach\u00e8te Magic - Dungeons &amp; Dragons : Adventures in the Forgotten Realms (AFR) - Draft Booster Display en ligne maintenant \u00e0 petit prix! Ton #1 shop pour cartes TCG & Pok\u00e9mon en Suisse \u2713 Livraison gratuite d\u00e8s CHF 29","robots":{"index":"index","follow":"follow","max-snippet":"max-snippet:-1","max-image-preview":"max-image-preview:large","max-video-preview":"max-video-preview:-1"},"canonical":"https:\/\/theuncommonshop.ch\/fr\/product\/magic-dungeons-dragons-adventures-in-the-forgotten-realms-afr-draft-booster-display-en-2\/","og_locale":"fr_FR","og_type":"article","og_title":"Ach\u00e8te Magic - Dungeons &amp; Dragons : Adventures in the Forgotten Realms (AFR) - Draft Booster Display","og_description":"Ach\u00e8te Magic - Dungeons &amp; Dragons : Adventures in the Forgotten Realms (AFR) - Draft Booster Display en ligne maintenant \u00e0 petit prix! Ton #1 shop pour cartes TCG & Pok\u00e9mon en Suisse \u2713 Livraison gratuite d\u00e8s CHF 29","og_url":"https:\/\/theuncommonshop.ch\/fr\/product\/magic-dungeons-dragons-adventures-in-the-forgotten-realms-afr-draft-booster-display-en-2\/","og_site_name":"Largest trading card shop in Switzerland","article_modified_time":"2026-03-29T14:39:08+00:00","og_image":[{"width":900,"height":797,"url":"https:\/\/theuncommonshop.ch\/wp-content\/uploads\/2025\/06\/2272407277.jpg","type":"image\/jpeg"}],"twitter_card":"summary_large_image","twitter_misc":{"Disponibilit\u00e9":"Rupture de stock"},"schema":{"@context":"https:\/\/schema.org","@graph":[{"@type":"WebPage","@id":"https:\/\/theuncommonshop.ch\/fr\/product\/magic-dungeons-dragons-adventures-in-the-forgotten-realms-afr-draft-booster-display-en-2\/","url":"https:\/\/theuncommonshop.ch\/fr\/product\/magic-dungeons-dragons-adventures-in-the-forgotten-realms-afr-draft-booster-display-en-2\/","name":"Ach\u00e8te Magic - Dungeons &amp; Dragons : Adventures in the Forgotten Realms (AFR) - Draft Booster Display","isPartOf":{"@id":"https:\/\/theuncommonshop.ch\/#website"},"primaryImageOfPage":{"@id":"https:\/\/theuncommonshop.ch\/fr\/product\/magic-dungeons-dragons-adventures-in-the-forgotten-realms-afr-draft-booster-display-en-2\/#primaryimage"},"image":{"@id":"https:\/\/theuncommonshop.ch\/fr\/product\/magic-dungeons-dragons-adventures-in-the-forgotten-realms-afr-draft-booster-display-en-2\/#primaryimage"},"thumbnailUrl":"https:\/\/theuncommonshop.ch\/wp-content\/uploads\/2025\/06\/2272407277.jpg","datePublished":"2025-06-17T10:31:05+00:00","dateModified":"2026-03-29T14:39:08+00:00","description":"Ach\u00e8te Magic - Dungeons &amp; Dragons : Adventures in the Forgotten Realms (AFR) - Draft Booster Display en ligne maintenant \u00e0 petit prix! Ton #1 shop pour cartes TCG & Pok\u00e9mon en Suisse \u2713 Livraison gratuite d\u00e8s CHF 29","breadcrumb":{"@id":"https:\/\/theuncommonshop.ch\/fr\/product\/magic-dungeons-dragons-adventures-in-the-forgotten-realms-afr-draft-booster-display-en-2\/#breadcrumb"},"inLanguage":"fr-FR","potentialAction":[{"@type":"ReadAction","target":["https:\/\/theuncommonshop.ch\/fr\/product\/magic-dungeons-dragons-adventures-in-the-forgotten-realms-afr-draft-booster-display-en-2\/"]}]},{"@type":"ImageObject","inLanguage":"fr-FR","@id":"https:\/\/theuncommonshop.ch\/fr\/product\/magic-dungeons-dragons-adventures-in-the-forgotten-realms-afr-draft-booster-display-en-2\/#primaryimage","url":"https:\/\/theuncommonshop.ch\/wp-content\/uploads\/2025\/06\/2272407277.jpg","contentUrl":"https:\/\/theuncommonshop.ch\/wp-content\/uploads\/2025\/06\/2272407277.jpg","width":900,"height":797},{"@type":"BreadcrumbList","@id":"https:\/\/theuncommonshop.ch\/fr\/product\/magic-dungeons-dragons-adventures-in-the-forgotten-realms-afr-draft-booster-display-en-2\/#breadcrumb","itemListElement":[{"@type":"ListItem","position":1,"name":"Accueil","item":"https:\/\/theuncommonshop.ch\/fr\/accueil\/"},{"@type":"ListItem","position":2,"name":"Boutique","item":"https:\/\/theuncommonshop.ch\/fr\/boutique\/"},{"@type":"ListItem","position":3,"name":"Magic the Gathering","item":"https:\/\/theuncommonshop.ch\/fr\/categorie-produit\/magic-the-gathering-fr\/"},{"@type":"ListItem","position":4,"name":"Produits par lots","item":"https:\/\/theuncommonshop.ch\/fr\/categorie-produit\/magic-the-gathering-fr\/produits-par-lots-mtg\/"},{"@type":"ListItem","position":5,"name":"Dungeons & Dragons : aventures dans les Royaumes Oubli\u00e9s","item":"https:\/\/theuncommonshop.ch\/fr\/categorie-produit\/magic-the-gathering-fr\/produits-par-lots-mtg\/dungeons-et-dragons-aventures-dans-les-royaumes-oublies\/"},{"@type":"ListItem","position":6,"name":"Magic &#8211; Dungeons &amp; Dragons : Adventures in the Forgotten Realms (AFR) &#8211; Draft Booster Display"}]},{"@type":"WebSite","@id":"https:\/\/theuncommonshop.ch\/#website","url":"https:\/\/theuncommonshop.ch\/","name":"Largest trading card shop in Switzerland","description":"Magic, Pok\u00e9mon and Yu-gi-oh - The Uncommon Shop","potentialAction":[{"@type":"SearchAction","target":{"@type":"EntryPoint","urlTemplate":"https:\/\/theuncommonshop.ch\/?s={search_term_string}"},"query-input":{"@type":"PropertyValueSpecification","valueRequired":true,"valueName":"search_term_string"}}],"inLanguage":"fr-FR"}]},"og_availability":"out of stock","product_availability":"out of stock","product_condition":"new"},"_links":{"self":[{"href":"https:\/\/theuncommonshop.ch\/fr\/wp-json\/wp\/v2\/product\/317948","targetHints":{"allow":["GET"]}}],"collection":[{"href":"https:\/\/theuncommonshop.ch\/fr\/wp-json\/wp\/v2\/product"}],"about":[{"href":"https:\/\/theuncommonshop.ch\/fr\/wp-json\/wp\/v2\/types\/product"}],"replies":[{"embeddable":true,"href":"https:\/\/theuncommonshop.ch\/fr\/wp-json\/wp\/v2\/comments?post=317948"}],"version-history":[{"count":2,"href":"https:\/\/theuncommonshop.ch\/fr\/wp-json\/wp\/v2\/product\/317948\/revisions"}],"predecessor-version":[{"id":360335,"href":"https:\/\/theuncommonshop.ch\/fr\/wp-json\/wp\/v2\/product\/317948\/revisions\/360335"}],"wp:featuredmedia":[{"embeddable":true,"href":"https:\/\/theuncommonshop.ch\/fr\/wp-json\/wp\/v2\/media\/136671"}],"wp:attachment":[{"href":"https:\/\/theuncommonshop.ch\/fr\/wp-json\/wp\/v2\/media?parent=317948"}],"wp:term":[{"taxonomy":"product_brand","embeddable":true,"href":"https:\/\/theuncommonshop.ch\/fr\/wp-json\/wp\/v2\/product_brand?post=317948"},{"taxonomy":"product_cat","embeddable":true,"href":"https:\/\/theuncommonshop.ch\/fr\/wp-json\/wp\/v2\/product_cat?post=317948"},{"taxonomy":"product_tag","embeddable":true,"href":"https:\/\/theuncommonshop.ch\/fr\/wp-json\/wp\/v2\/product_tag?post=317948"}],"curies":[{"name":"wp","href":"https:\/\/api.w.org\/{rel}","templated":true}]}}