{"id":317729,"date":"2025-06-12T15:50:01","date_gmt":"2025-06-12T15:50:01","guid":{"rendered":"http:\/\/theuncommonshop.ch\/produkt\/317729\/"},"modified":"2026-03-30T16:56:54","modified_gmt":"2026-03-30T14:56:54","slug":"magic-aetherdrift-2","status":"publish","type":"product","link":"https:\/\/theuncommonshop.ch\/fr\/product\/magic-aetherdrift-2\/","title":{"rendered":"Magic &#8211; \u00c4therdrift"},"content":{"rendered":"<p>Date de publication : 7 f\u00e9vrier 2025<\/p>\n<div>D\u00e9marrez vos moteurs pour une course \u00e0 la mort effr\u00e9n\u00e9e \u00e0 travers le multivers ! Faites la course \u00e0 travers trois niveaux chaotiques, en \u00e9vitant les obstacles dangereux et les coureurs rivaux. \u00c9quipez des v\u00e9hicules et des montures uniques en d\u00e9couvrant quelle \u00e9quipe de course correspond le mieux \u00e0 votre style, puis atteignez la vitesse maximale pour remporter la m\u00e9daille d&#8217;or.  <\/div>\n<div><\/div>\n<div>La pr\u00e9version est la premi\u00e8re occasion pour votre communaut\u00e9 de mettre la main sur la nouvelle version de Magic : The Gathering et d&#8217;explorer ce qu&#8217;elle a \u00e0 offrir, et les packs de pr\u00e9version sont le produit id\u00e9al pour alimenter les premiers Event de cette nouvelle s\u00e9rie. Encouragez les joueurs \u00e0 se pr\u00e9inscrire rapidement et \u00e0 se joindre \u00e0 la course au courage et \u00e0 la gloire \u00e0 travers le multivers ! <\/div>\n<div><\/div>\n<div>Contenu :<\/div>\n<ul>\n<li>6 boosters de jeu Aetherdrift ; chaque booster de jeu contient 14 cartes Magic.<\/li>\n<li>1 feuille d&#8217;aluminium avec le cachet annuel Rare ou Mythic Rare<\/li>\n<li>1 bo\u00eete de jeu<\/li>\n<li>1 cube Spindown<\/li>\n<li>Chaque Booster de jeu peut contenir ces cartes : DFT 1-375 ; SPG 84-93. Contient 1 \u00e0 4 cartes de raret\u00e9 Rare ou sup\u00e9rieure (2 : 26% ; 3 : 2% ; 4 : &lt;1%) et 3 \u00e0 5 cartes Insolite, 6 \u00e0 9 cartes Commun et 1 carte Terrain. 1 carte de n&#8217;importe quelle raret\u00e9 est une carte traditionnelle. Une carte Mythique Borderless Graffiti Giants est incluse dans &lt;1% des Boosters. Un terrain traditionnel remplace un terrain dans 20% des Boosters.   <\/li>\n<\/ul>\n","protected":false},"excerpt":{"rendered":"<p>Date de publication : 7 f\u00e9vrier 2025 D\u00e9marrez vos moteurs pour une course \u00e0 la mort effr\u00e9n\u00e9e \u00e0 travers le<\/p>\n","protected":false},"featured_media":119741,"comment_status":"open","ping_status":"closed","template":"","meta":{"_acf_changed":false},"product_brand":[5158,5070],"product_cat":[10175,9973,10161,9967,9989],"product_tag":[],"class_list":{"0":"post-317729","1":"product","2":"type-product","3":"status-publish","4":"has-post-thumbnail","6":"product_brand-magic-the-gathering","7":"product_brand-wizards-of-the-coast","8":"product_cat-aetherdrift","9":"product_cat-autres","10":"product_cat-kits-de-pre-lancement","11":"product_cat-magic-the-gathering-fr","12":"product_cat-super-sale-mtg-fr","14":"first","15":"instock","16":"sale","17":"taxable","18":"shipping-taxable","19":"purchasable","20":"product-type-variable"},"acf":[],"yoast_head":"<!-- This site is optimized with the Yoast SEO plugin v27.4 - https:\/\/yoast.com\/product\/yoast-seo-wordpress\/ -->\n<title>Ach\u00e8te Magic - \u00c4therdrift<\/title>\n<meta name=\"description\" content=\"Ach\u00e8te Magic - \u00c4therdrift en ligne maintenant \u00e0 petit prix! Ton #1 shop pour cartes TCG &amp; Pok\u00e9mon en Suisse \u2713 Livraison gratuite d\u00e8s CHF 29\" \/>\n<meta name=\"robots\" content=\"index, follow, max-snippet:-1, max-image-preview:large, max-video-preview:-1\" \/>\n<link rel=\"canonical\" href=\"https:\/\/theuncommonshop.ch\/fr\/product\/magic-aetherdrift-2\/\" \/>\n<meta property=\"og:locale\" content=\"fr_FR\" \/>\n<meta property=\"og:type\" content=\"article\" \/>\n<meta property=\"og:title\" content=\"Ach\u00e8te Magic - \u00c4therdrift\" \/>\n<meta property=\"og:description\" content=\"Ach\u00e8te Magic - \u00c4therdrift en ligne maintenant \u00e0 petit prix! Ton #1 shop pour cartes TCG &amp; Pok\u00e9mon en Suisse \u2713 Livraison gratuite d\u00e8s CHF 29\" \/>\n<meta property=\"og:url\" content=\"https:\/\/theuncommonshop.ch\/fr\/product\/magic-aetherdrift-2\/\" \/>\n<meta property=\"og:site_name\" content=\"Largest trading card shop in Switzerland\" \/>\n<meta property=\"article:modified_time\" content=\"2026-03-30T14:56:54+00:00\" \/>\n<meta property=\"og:image\" content=\"https:\/\/theuncommonshop.ch\/wp-content\/uploads\/2025\/06\/4679012621.jpg\" \/>\n\t<meta property=\"og:image:width\" content=\"900\" \/>\n\t<meta property=\"og:image:height\" content=\"886\" \/>\n\t<meta property=\"og:image:type\" content=\"image\/jpeg\" \/>\n<meta name=\"twitter:card\" content=\"summary_large_image\" \/>\n<meta name=\"twitter:label1\" content=\"Disponibilit\u00e9\" \/>\n\t<meta name=\"twitter:data1\" content=\"En stock\" \/>\n<script type=\"application\/ld+json\" class=\"yoast-schema-graph\">{\"@context\":\"https:\\\/\\\/schema.org\",\"@graph\":[{\"@type\":\"WebPage\",\"@id\":\"https:\\\/\\\/theuncommonshop.ch\\\/fr\\\/product\\\/magic-aetherdrift-2\\\/\",\"url\":\"https:\\\/\\\/theuncommonshop.ch\\\/fr\\\/product\\\/magic-aetherdrift-2\\\/\",\"name\":\"Ach\u00e8te Magic - \u00c4therdrift\",\"isPartOf\":{\"@id\":\"https:\\\/\\\/theuncommonshop.ch\\\/#website\"},\"primaryImageOfPage\":{\"@id\":\"https:\\\/\\\/theuncommonshop.ch\\\/fr\\\/product\\\/magic-aetherdrift-2\\\/#primaryimage\"},\"image\":{\"@id\":\"https:\\\/\\\/theuncommonshop.ch\\\/fr\\\/product\\\/magic-aetherdrift-2\\\/#primaryimage\"},\"thumbnailUrl\":\"https:\\\/\\\/theuncommonshop.ch\\\/wp-content\\\/uploads\\\/2025\\\/06\\\/4679012621.jpg\",\"datePublished\":\"2025-06-12T15:50:01+00:00\",\"dateModified\":\"2026-03-30T14:56:54+00:00\",\"description\":\"Ach\u00e8te Magic - \u00c4therdrift en ligne maintenant \u00e0 petit prix! Ton #1 shop pour cartes TCG & Pok\u00e9mon en Suisse \u2713 Livraison gratuite d\u00e8s CHF 29\",\"breadcrumb\":{\"@id\":\"https:\\\/\\\/theuncommonshop.ch\\\/fr\\\/product\\\/magic-aetherdrift-2\\\/#breadcrumb\"},\"inLanguage\":\"fr-FR\",\"potentialAction\":[{\"@type\":\"ReadAction\",\"target\":[\"https:\\\/\\\/theuncommonshop.ch\\\/fr\\\/product\\\/magic-aetherdrift-2\\\/\"]}]},{\"@type\":\"ImageObject\",\"inLanguage\":\"fr-FR\",\"@id\":\"https:\\\/\\\/theuncommonshop.ch\\\/fr\\\/product\\\/magic-aetherdrift-2\\\/#primaryimage\",\"url\":\"https:\\\/\\\/theuncommonshop.ch\\\/wp-content\\\/uploads\\\/2025\\\/06\\\/4679012621.jpg\",\"contentUrl\":\"https:\\\/\\\/theuncommonshop.ch\\\/wp-content\\\/uploads\\\/2025\\\/06\\\/4679012621.jpg\",\"width\":900,\"height\":886},{\"@type\":\"BreadcrumbList\",\"@id\":\"https:\\\/\\\/theuncommonshop.ch\\\/fr\\\/product\\\/magic-aetherdrift-2\\\/#breadcrumb\",\"itemListElement\":[{\"@type\":\"ListItem\",\"position\":1,\"name\":\"Accueil\",\"item\":\"https:\\\/\\\/theuncommonshop.ch\\\/fr\\\/accueil\\\/\"},{\"@type\":\"ListItem\",\"position\":2,\"name\":\"Boutique\",\"item\":\"https:\\\/\\\/theuncommonshop.ch\\\/fr\\\/boutique\\\/\"},{\"@type\":\"ListItem\",\"position\":3,\"name\":\"Magic the Gathering\",\"item\":\"https:\\\/\\\/theuncommonshop.ch\\\/produktkategorie\\\/magic-the-gathering\\\/\"},{\"@type\":\"ListItem\",\"position\":4,\"name\":\"Andere\",\"item\":\"https:\\\/\\\/theuncommonshop.ch\\\/produktkategorie\\\/magic-the-gathering\\\/andere\\\/\"},{\"@type\":\"ListItem\",\"position\":5,\"name\":\"Pre-Release Kits\",\"item\":\"https:\\\/\\\/theuncommonshop.ch\\\/produktkategorie\\\/magic-the-gathering\\\/andere\\\/mtg-prerelease-kits\\\/\"},{\"@type\":\"ListItem\",\"position\":6,\"name\":\"Magic &#8211; \u00c4therdrift\"}]},{\"@type\":\"WebSite\",\"@id\":\"https:\\\/\\\/theuncommonshop.ch\\\/#website\",\"url\":\"https:\\\/\\\/theuncommonshop.ch\\\/\",\"name\":\"Largest trading card shop in Switzerland\",\"description\":\"Magic, Pok\u00e9mon and Yu-gi-oh - The Uncommon Shop\",\"potentialAction\":[{\"@type\":\"SearchAction\",\"target\":{\"@type\":\"EntryPoint\",\"urlTemplate\":\"https:\\\/\\\/theuncommonshop.ch\\\/?s={search_term_string}\"},\"query-input\":{\"@type\":\"PropertyValueSpecification\",\"valueRequired\":true,\"valueName\":\"search_term_string\"}}],\"inLanguage\":\"fr-FR\"}]}<\/script>\n<meta property=\"og:availability\" content=\"instock\" \/>\n<meta property=\"product:availability\" content=\"instock\" \/>\n<meta property=\"product:retailer_item_id\" content=\"MTG.XIV.C.Aetherdriftprereleasekit.DE\" \/>\n<meta property=\"product:condition\" content=\"new\" \/>\n<!-- \/ Yoast SEO plugin. -->","yoast_head_json":{"title":"Ach\u00e8te Magic - \u00c4therdrift","description":"Ach\u00e8te Magic - \u00c4therdrift en ligne maintenant \u00e0 petit prix! Ton #1 shop pour cartes TCG & Pok\u00e9mon en Suisse \u2713 Livraison gratuite d\u00e8s CHF 29","robots":{"index":"index","follow":"follow","max-snippet":"max-snippet:-1","max-image-preview":"max-image-preview:large","max-video-preview":"max-video-preview:-1"},"canonical":"https:\/\/theuncommonshop.ch\/fr\/product\/magic-aetherdrift-2\/","og_locale":"fr_FR","og_type":"article","og_title":"Ach\u00e8te Magic - \u00c4therdrift","og_description":"Ach\u00e8te Magic - \u00c4therdrift en ligne maintenant \u00e0 petit prix! Ton #1 shop pour cartes TCG & Pok\u00e9mon en Suisse \u2713 Livraison gratuite d\u00e8s CHF 29","og_url":"https:\/\/theuncommonshop.ch\/fr\/product\/magic-aetherdrift-2\/","og_site_name":"Largest trading card shop in Switzerland","article_modified_time":"2026-03-30T14:56:54+00:00","og_image":[{"width":900,"height":886,"url":"https:\/\/theuncommonshop.ch\/wp-content\/uploads\/2025\/06\/4679012621.jpg","type":"image\/jpeg"}],"twitter_card":"summary_large_image","twitter_misc":{"Disponibilit\u00e9":"En stock"},"schema":{"@context":"https:\/\/schema.org","@graph":[{"@type":"WebPage","@id":"https:\/\/theuncommonshop.ch\/fr\/product\/magic-aetherdrift-2\/","url":"https:\/\/theuncommonshop.ch\/fr\/product\/magic-aetherdrift-2\/","name":"Ach\u00e8te Magic - \u00c4therdrift","isPartOf":{"@id":"https:\/\/theuncommonshop.ch\/#website"},"primaryImageOfPage":{"@id":"https:\/\/theuncommonshop.ch\/fr\/product\/magic-aetherdrift-2\/#primaryimage"},"image":{"@id":"https:\/\/theuncommonshop.ch\/fr\/product\/magic-aetherdrift-2\/#primaryimage"},"thumbnailUrl":"https:\/\/theuncommonshop.ch\/wp-content\/uploads\/2025\/06\/4679012621.jpg","datePublished":"2025-06-12T15:50:01+00:00","dateModified":"2026-03-30T14:56:54+00:00","description":"Ach\u00e8te Magic - \u00c4therdrift en ligne maintenant \u00e0 petit prix! Ton #1 shop pour cartes TCG & Pok\u00e9mon en Suisse \u2713 Livraison gratuite d\u00e8s CHF 29","breadcrumb":{"@id":"https:\/\/theuncommonshop.ch\/fr\/product\/magic-aetherdrift-2\/#breadcrumb"},"inLanguage":"fr-FR","potentialAction":[{"@type":"ReadAction","target":["https:\/\/theuncommonshop.ch\/fr\/product\/magic-aetherdrift-2\/"]}]},{"@type":"ImageObject","inLanguage":"fr-FR","@id":"https:\/\/theuncommonshop.ch\/fr\/product\/magic-aetherdrift-2\/#primaryimage","url":"https:\/\/theuncommonshop.ch\/wp-content\/uploads\/2025\/06\/4679012621.jpg","contentUrl":"https:\/\/theuncommonshop.ch\/wp-content\/uploads\/2025\/06\/4679012621.jpg","width":900,"height":886},{"@type":"BreadcrumbList","@id":"https:\/\/theuncommonshop.ch\/fr\/product\/magic-aetherdrift-2\/#breadcrumb","itemListElement":[{"@type":"ListItem","position":1,"name":"Accueil","item":"https:\/\/theuncommonshop.ch\/fr\/accueil\/"},{"@type":"ListItem","position":2,"name":"Boutique","item":"https:\/\/theuncommonshop.ch\/fr\/boutique\/"},{"@type":"ListItem","position":3,"name":"Magic the Gathering","item":"https:\/\/theuncommonshop.ch\/produktkategorie\/magic-the-gathering\/"},{"@type":"ListItem","position":4,"name":"Andere","item":"https:\/\/theuncommonshop.ch\/produktkategorie\/magic-the-gathering\/andere\/"},{"@type":"ListItem","position":5,"name":"Pre-Release Kits","item":"https:\/\/theuncommonshop.ch\/produktkategorie\/magic-the-gathering\/andere\/mtg-prerelease-kits\/"},{"@type":"ListItem","position":6,"name":"Magic &#8211; \u00c4therdrift"}]},{"@type":"WebSite","@id":"https:\/\/theuncommonshop.ch\/#website","url":"https:\/\/theuncommonshop.ch\/","name":"Largest trading card shop in Switzerland","description":"Magic, Pok\u00e9mon and Yu-gi-oh - The Uncommon Shop","potentialAction":[{"@type":"SearchAction","target":{"@type":"EntryPoint","urlTemplate":"https:\/\/theuncommonshop.ch\/?s={search_term_string}"},"query-input":{"@type":"PropertyValueSpecification","valueRequired":true,"valueName":"search_term_string"}}],"inLanguage":"fr-FR"}]},"og_availability":"instock","product_availability":"instock","product_retailer_item_id":"MTG.XIV.C.Aetherdriftprereleasekit.DE","product_condition":"new"},"_links":{"self":[{"href":"https:\/\/theuncommonshop.ch\/fr\/wp-json\/wp\/v2\/product\/317729","targetHints":{"allow":["GET"]}}],"collection":[{"href":"https:\/\/theuncommonshop.ch\/fr\/wp-json\/wp\/v2\/product"}],"about":[{"href":"https:\/\/theuncommonshop.ch\/fr\/wp-json\/wp\/v2\/types\/product"}],"replies":[{"embeddable":true,"href":"https:\/\/theuncommonshop.ch\/fr\/wp-json\/wp\/v2\/comments?post=317729"}],"version-history":[{"count":1,"href":"https:\/\/theuncommonshop.ch\/fr\/wp-json\/wp\/v2\/product\/317729\/revisions"}],"predecessor-version":[{"id":317733,"href":"https:\/\/theuncommonshop.ch\/fr\/wp-json\/wp\/v2\/product\/317729\/revisions\/317733"}],"wp:featuredmedia":[{"embeddable":true,"href":"https:\/\/theuncommonshop.ch\/fr\/wp-json\/wp\/v2\/media\/119741"}],"wp:attachment":[{"href":"https:\/\/theuncommonshop.ch\/fr\/wp-json\/wp\/v2\/media?parent=317729"}],"wp:term":[{"taxonomy":"product_brand","embeddable":true,"href":"https:\/\/theuncommonshop.ch\/fr\/wp-json\/wp\/v2\/product_brand?post=317729"},{"taxonomy":"product_cat","embeddable":true,"href":"https:\/\/theuncommonshop.ch\/fr\/wp-json\/wp\/v2\/product_cat?post=317729"},{"taxonomy":"product_tag","embeddable":true,"href":"https:\/\/theuncommonshop.ch\/fr\/wp-json\/wp\/v2\/product_tag?post=317729"}],"curies":[{"name":"wp","href":"https:\/\/api.w.org\/{rel}","templated":true}]}}