{"id":317648,"date":"2025-06-12T15:46:15","date_gmt":"2025-06-12T15:46:15","guid":{"rendered":"http:\/\/theuncommonshop.ch\/produkt\/317648\/"},"modified":"2026-03-29T16:46:25","modified_gmt":"2026-03-29T14:46:25","slug":"magic-innistrad-crimson-vow-vow-collector-booster-display-2","status":"publish","type":"product","link":"https:\/\/theuncommonshop.ch\/fr\/product\/magic-innistrad-crimson-vow-vow-collector-booster-display-2\/","title":{"rendered":"Magic &#8211; Innistrad : Crimson Vow (VOW) &#8211; Collector Booster Display"},"content":{"rendered":"<p data-start=\"82\" data-end=\"366\">Plongez dans le monde sombre des vampires de <strong data-start=\"123\" data-end=\"164\"><span class=\"hover:entity-accent entity-underline inline cursor-pointer align-baseline\"><span class=\"whitespace-normal\">Innistrad : Crimson Vow<\/span><\/span><\/strong> avec le <strong data-start=\"173\" data-end=\"208\">Collector Booster Display (VOW)<\/strong>. Ce produit haut de gamme s&#8217;adresse aux collectionneurs et aux joueurs \u00e0 la recherche de cartes particuli\u00e8rement rares, d&#8217;artworks alternatifs et de versions Foil. <\/p>\n<p data-start=\"368\" data-end=\"713\">Dans le monde d&#8217;Innistrad, la puissante vampire <strong data-start=\"426\" data-end=\"445\">Olivia Voldaren<\/strong> pr\u00e9pare son mariage l\u00e9gendaire. Alors que les familles de vampires \u00e9tendent leur pouvoir, d&#8217;autres cr\u00e9atures de la nuit luttent pour survivre. Le set apporte la nouvelle <strong data-start=\"597\" data-end=\"621\">m\u00e9canique Blood Token<\/strong>, de nombreuses cartes Vampire ainsi que d&#8217;impressionnants cadres de cartes alternatifs et des illustrations.  <\/p>\n<p data-start=\"715\" data-end=\"920\"><strong data-start=\"715\" data-end=\"736\">Les Collector Boosters<\/strong> sont sp\u00e9cialement con\u00e7us pour contenir un nombre particuli\u00e8rement \u00e9lev\u00e9 de <strong data-start=\"785\" data-end=\"839\">cartes Foil, de cartes Showcase et de variantes rares<\/strong>. Ils font ainsi partie des produits les plus recherch\u00e9s par les collectionneurs de Magic. <\/p>\n<h3 data-start=\"922\" data-end=\"940\">D\u00e9tails du produit<\/h3>\n<p data-start=\"942\" data-end=\"1300\">&#8211; <strong data-start=\"944\" data-end=\"952\">Set :<\/strong> Innistrad : Crimson Vow<br data-start=\"975\" data-end=\"978\">&#8211; <strong data-start=\"980\" data-end=\"993\">Code du set :<\/strong> <strong data-start=\"994\" data-end=\"1001\">VOW<\/strong><br data-start=\"1001\" data-end=\"1004\">&#8211; <strong data-start=\"1006\" data-end=\"1048\">1 pr\u00e9sentoir contient 12 Collector Booster<\/strong><br data-start=\"1048\" data-end=\"1051\">&#8211; <strong data-start=\"1053\" data-end=\"1099\">15 cartes Magic : The Gathering par Booster<\/strong><br data-start=\"1099\" data-end=\"1102\">&#8211; Contient de nombreuses <strong data-start=\"1123\" data-end=\"1168\">cartes Foil et des variantes sp\u00e9ciales de cartes<\/strong><br data-start=\"1168\" data-end=\"1171\">&#8211; Chance de recevoir <strong data-start=\"1184\" data-end=\"1234\">des cartes Showcase, Extended Art et Borderless<\/strong><br data-start=\"1234\" data-end=\"1237\">&#8211; Parfaitement adapt\u00e9 aux <strong data-start=\"1260\" data-end=\"1300\">collectionneurs et aux pulls de cartes de qualit\u00e9.<\/strong><\/p>\n<p data-start=\"1302\" data-end=\"1509\">Avec le <strong data-start=\"1310\" data-end=\"1389\">Collector Booster Display de Magic : The Gathering Innistrad : Crimson Vow (VOW)<\/strong>, vous avez la chance d&#8217;obtenir des cartes particuli\u00e8rement rares et des variantes spectaculaires du sombre monde d&#8217;Innistrad.<\/p>\n","protected":false},"excerpt":{"rendered":"<p>Plongez dans le monde sombre des vampires de Innistrad : Crimson Vow avec le Collector Booster Display (VOW). Ce produit<\/p>\n","protected":false},"featured_media":31457,"comment_status":"open","ping_status":"closed","template":"","meta":{"_acf_changed":false},"product_brand":[5158,5070],"product_cat":[9969,10233,9967,9991],"product_tag":[],"class_list":{"0":"post-317648","1":"product","2":"type-product","3":"status-publish","4":"has-post-thumbnail","6":"product_brand-magic-the-gathering","7":"product_brand-wizards-of-the-coast","8":"product_cat-booster-displays-fr","9":"product_cat-innistrad-noce-ecarlate","10":"product_cat-magic-the-gathering-fr","11":"product_cat-produits-par-lots-mtg","13":"first","14":"outofstock","15":"taxable","16":"shipping-taxable","17":"purchasable","18":"product-type-variable"},"acf":[],"yoast_head":"<!-- This site is optimized with the Yoast SEO plugin v27.4 - https:\/\/yoast.com\/product\/yoast-seo-wordpress\/ -->\n<title>Ach\u00e8te Magic - Innistrad : Crimson Vow (VOW) - Collector Booster Display<\/title>\n<meta name=\"description\" content=\"Ach\u00e8te Magic - Innistrad : Crimson Vow (VOW) - Collector Booster Display en ligne maintenant \u00e0 petit prix! Ton #1 shop pour cartes TCG &amp; Pok\u00e9mon en Suisse \u2713 Livraison gratuite d\u00e8s CHF 29\" \/>\n<meta name=\"robots\" content=\"index, follow, max-snippet:-1, max-image-preview:large, max-video-preview:-1\" \/>\n<link rel=\"canonical\" href=\"https:\/\/theuncommonshop.ch\/fr\/product\/magic-innistrad-crimson-vow-vow-collector-booster-display-2\/\" \/>\n<meta property=\"og:locale\" content=\"fr_FR\" \/>\n<meta property=\"og:type\" content=\"article\" \/>\n<meta property=\"og:title\" content=\"Ach\u00e8te Magic - Innistrad : Crimson Vow (VOW) - Collector Booster Display\" \/>\n<meta property=\"og:description\" content=\"Ach\u00e8te Magic - Innistrad : Crimson Vow (VOW) - Collector Booster Display en ligne maintenant \u00e0 petit prix! Ton #1 shop pour cartes TCG &amp; Pok\u00e9mon en Suisse \u2713 Livraison gratuite d\u00e8s CHF 29\" \/>\n<meta property=\"og:url\" content=\"https:\/\/theuncommonshop.ch\/fr\/product\/magic-innistrad-crimson-vow-vow-collector-booster-display-2\/\" \/>\n<meta property=\"og:site_name\" content=\"Largest trading card shop in Switzerland\" \/>\n<meta property=\"article:modified_time\" content=\"2026-03-29T14:46:25+00:00\" \/>\n<meta property=\"og:image\" content=\"https:\/\/theuncommonshop.ch\/wp-content\/uploads\/2025\/05\/2455021502.jpg\" \/>\n\t<meta property=\"og:image:width\" content=\"900\" \/>\n\t<meta property=\"og:image:height\" content=\"990\" \/>\n\t<meta property=\"og:image:type\" content=\"image\/jpeg\" \/>\n<meta name=\"twitter:card\" content=\"summary_large_image\" \/>\n<meta name=\"twitter:label1\" content=\"Disponibilit\u00e9\" \/>\n\t<meta name=\"twitter:data1\" content=\"Rupture de stock\" \/>\n<script type=\"application\/ld+json\" class=\"yoast-schema-graph\">{\"@context\":\"https:\\\/\\\/schema.org\",\"@graph\":[{\"@type\":\"WebPage\",\"@id\":\"https:\\\/\\\/theuncommonshop.ch\\\/fr\\\/product\\\/magic-innistrad-crimson-vow-vow-collector-booster-display-2\\\/\",\"url\":\"https:\\\/\\\/theuncommonshop.ch\\\/fr\\\/product\\\/magic-innistrad-crimson-vow-vow-collector-booster-display-2\\\/\",\"name\":\"Ach\u00e8te Magic - Innistrad : Crimson Vow (VOW) - Collector Booster Display\",\"isPartOf\":{\"@id\":\"https:\\\/\\\/theuncommonshop.ch\\\/#website\"},\"primaryImageOfPage\":{\"@id\":\"https:\\\/\\\/theuncommonshop.ch\\\/fr\\\/product\\\/magic-innistrad-crimson-vow-vow-collector-booster-display-2\\\/#primaryimage\"},\"image\":{\"@id\":\"https:\\\/\\\/theuncommonshop.ch\\\/fr\\\/product\\\/magic-innistrad-crimson-vow-vow-collector-booster-display-2\\\/#primaryimage\"},\"thumbnailUrl\":\"https:\\\/\\\/theuncommonshop.ch\\\/wp-content\\\/uploads\\\/2025\\\/05\\\/2455021502.jpg\",\"datePublished\":\"2025-06-12T15:46:15+00:00\",\"dateModified\":\"2026-03-29T14:46:25+00:00\",\"description\":\"Ach\u00e8te Magic - Innistrad : Crimson Vow (VOW) - Collector Booster Display en ligne maintenant \u00e0 petit prix! Ton #1 shop pour cartes TCG & Pok\u00e9mon en Suisse \u2713 Livraison gratuite d\u00e8s CHF 29\",\"breadcrumb\":{\"@id\":\"https:\\\/\\\/theuncommonshop.ch\\\/fr\\\/product\\\/magic-innistrad-crimson-vow-vow-collector-booster-display-2\\\/#breadcrumb\"},\"inLanguage\":\"fr-FR\",\"potentialAction\":[{\"@type\":\"ReadAction\",\"target\":[\"https:\\\/\\\/theuncommonshop.ch\\\/fr\\\/product\\\/magic-innistrad-crimson-vow-vow-collector-booster-display-2\\\/\"]}]},{\"@type\":\"ImageObject\",\"inLanguage\":\"fr-FR\",\"@id\":\"https:\\\/\\\/theuncommonshop.ch\\\/fr\\\/product\\\/magic-innistrad-crimson-vow-vow-collector-booster-display-2\\\/#primaryimage\",\"url\":\"https:\\\/\\\/theuncommonshop.ch\\\/wp-content\\\/uploads\\\/2025\\\/05\\\/2455021502.jpg\",\"contentUrl\":\"https:\\\/\\\/theuncommonshop.ch\\\/wp-content\\\/uploads\\\/2025\\\/05\\\/2455021502.jpg\",\"width\":900,\"height\":990},{\"@type\":\"BreadcrumbList\",\"@id\":\"https:\\\/\\\/theuncommonshop.ch\\\/fr\\\/product\\\/magic-innistrad-crimson-vow-vow-collector-booster-display-2\\\/#breadcrumb\",\"itemListElement\":[{\"@type\":\"ListItem\",\"position\":1,\"name\":\"Accueil\",\"item\":\"https:\\\/\\\/theuncommonshop.ch\\\/fr\\\/accueil\\\/\"},{\"@type\":\"ListItem\",\"position\":2,\"name\":\"Boutique\",\"item\":\"https:\\\/\\\/theuncommonshop.ch\\\/fr\\\/boutique\\\/\"},{\"@type\":\"ListItem\",\"position\":3,\"name\":\"Magic the Gathering\",\"item\":\"https:\\\/\\\/theuncommonshop.ch\\\/fr\\\/categorie-produit\\\/magic-the-gathering-fr\\\/\"},{\"@type\":\"ListItem\",\"position\":4,\"name\":\"Produits par lots\",\"item\":\"https:\\\/\\\/theuncommonshop.ch\\\/fr\\\/categorie-produit\\\/magic-the-gathering-fr\\\/produits-par-lots-mtg\\\/\"},{\"@type\":\"ListItem\",\"position\":5,\"name\":\"Innistrad : noce \u00e9carlate\",\"item\":\"https:\\\/\\\/theuncommonshop.ch\\\/fr\\\/categorie-produit\\\/magic-the-gathering-fr\\\/produits-par-lots-mtg\\\/innistrad-noce-ecarlate\\\/\"},{\"@type\":\"ListItem\",\"position\":6,\"name\":\"Magic &#8211; Innistrad : Crimson Vow (VOW) &#8211; Collector Booster Display\"}]},{\"@type\":\"WebSite\",\"@id\":\"https:\\\/\\\/theuncommonshop.ch\\\/#website\",\"url\":\"https:\\\/\\\/theuncommonshop.ch\\\/\",\"name\":\"Largest trading card shop in Switzerland\",\"description\":\"Magic, Pok\u00e9mon and Yu-gi-oh - The Uncommon Shop\",\"potentialAction\":[{\"@type\":\"SearchAction\",\"target\":{\"@type\":\"EntryPoint\",\"urlTemplate\":\"https:\\\/\\\/theuncommonshop.ch\\\/?s={search_term_string}\"},\"query-input\":{\"@type\":\"PropertyValueSpecification\",\"valueRequired\":true,\"valueName\":\"search_term_string\"}}],\"inLanguage\":\"fr-FR\"}]}<\/script>\n<meta property=\"og:availability\" content=\"out of stock\" \/>\n<meta property=\"product:availability\" content=\"out of stock\" \/>\n<meta property=\"product:condition\" content=\"new\" \/>\n<!-- \/ Yoast SEO plugin. -->","yoast_head_json":{"title":"Ach\u00e8te Magic - Innistrad : Crimson Vow (VOW) - Collector Booster Display","description":"Ach\u00e8te Magic - Innistrad : Crimson Vow (VOW) - Collector Booster Display en ligne maintenant \u00e0 petit prix! Ton #1 shop pour cartes TCG & Pok\u00e9mon en Suisse \u2713 Livraison gratuite d\u00e8s CHF 29","robots":{"index":"index","follow":"follow","max-snippet":"max-snippet:-1","max-image-preview":"max-image-preview:large","max-video-preview":"max-video-preview:-1"},"canonical":"https:\/\/theuncommonshop.ch\/fr\/product\/magic-innistrad-crimson-vow-vow-collector-booster-display-2\/","og_locale":"fr_FR","og_type":"article","og_title":"Ach\u00e8te Magic - Innistrad : Crimson Vow (VOW) - Collector Booster Display","og_description":"Ach\u00e8te Magic - Innistrad : Crimson Vow (VOW) - Collector Booster Display en ligne maintenant \u00e0 petit prix! Ton #1 shop pour cartes TCG & Pok\u00e9mon en Suisse \u2713 Livraison gratuite d\u00e8s CHF 29","og_url":"https:\/\/theuncommonshop.ch\/fr\/product\/magic-innistrad-crimson-vow-vow-collector-booster-display-2\/","og_site_name":"Largest trading card shop in Switzerland","article_modified_time":"2026-03-29T14:46:25+00:00","og_image":[{"width":900,"height":990,"url":"https:\/\/theuncommonshop.ch\/wp-content\/uploads\/2025\/05\/2455021502.jpg","type":"image\/jpeg"}],"twitter_card":"summary_large_image","twitter_misc":{"Disponibilit\u00e9":"Rupture de stock"},"schema":{"@context":"https:\/\/schema.org","@graph":[{"@type":"WebPage","@id":"https:\/\/theuncommonshop.ch\/fr\/product\/magic-innistrad-crimson-vow-vow-collector-booster-display-2\/","url":"https:\/\/theuncommonshop.ch\/fr\/product\/magic-innistrad-crimson-vow-vow-collector-booster-display-2\/","name":"Ach\u00e8te Magic - Innistrad : Crimson Vow (VOW) - Collector Booster Display","isPartOf":{"@id":"https:\/\/theuncommonshop.ch\/#website"},"primaryImageOfPage":{"@id":"https:\/\/theuncommonshop.ch\/fr\/product\/magic-innistrad-crimson-vow-vow-collector-booster-display-2\/#primaryimage"},"image":{"@id":"https:\/\/theuncommonshop.ch\/fr\/product\/magic-innistrad-crimson-vow-vow-collector-booster-display-2\/#primaryimage"},"thumbnailUrl":"https:\/\/theuncommonshop.ch\/wp-content\/uploads\/2025\/05\/2455021502.jpg","datePublished":"2025-06-12T15:46:15+00:00","dateModified":"2026-03-29T14:46:25+00:00","description":"Ach\u00e8te Magic - Innistrad : Crimson Vow (VOW) - Collector Booster Display en ligne maintenant \u00e0 petit prix! Ton #1 shop pour cartes TCG & Pok\u00e9mon en Suisse \u2713 Livraison gratuite d\u00e8s CHF 29","breadcrumb":{"@id":"https:\/\/theuncommonshop.ch\/fr\/product\/magic-innistrad-crimson-vow-vow-collector-booster-display-2\/#breadcrumb"},"inLanguage":"fr-FR","potentialAction":[{"@type":"ReadAction","target":["https:\/\/theuncommonshop.ch\/fr\/product\/magic-innistrad-crimson-vow-vow-collector-booster-display-2\/"]}]},{"@type":"ImageObject","inLanguage":"fr-FR","@id":"https:\/\/theuncommonshop.ch\/fr\/product\/magic-innistrad-crimson-vow-vow-collector-booster-display-2\/#primaryimage","url":"https:\/\/theuncommonshop.ch\/wp-content\/uploads\/2025\/05\/2455021502.jpg","contentUrl":"https:\/\/theuncommonshop.ch\/wp-content\/uploads\/2025\/05\/2455021502.jpg","width":900,"height":990},{"@type":"BreadcrumbList","@id":"https:\/\/theuncommonshop.ch\/fr\/product\/magic-innistrad-crimson-vow-vow-collector-booster-display-2\/#breadcrumb","itemListElement":[{"@type":"ListItem","position":1,"name":"Accueil","item":"https:\/\/theuncommonshop.ch\/fr\/accueil\/"},{"@type":"ListItem","position":2,"name":"Boutique","item":"https:\/\/theuncommonshop.ch\/fr\/boutique\/"},{"@type":"ListItem","position":3,"name":"Magic the Gathering","item":"https:\/\/theuncommonshop.ch\/fr\/categorie-produit\/magic-the-gathering-fr\/"},{"@type":"ListItem","position":4,"name":"Produits par lots","item":"https:\/\/theuncommonshop.ch\/fr\/categorie-produit\/magic-the-gathering-fr\/produits-par-lots-mtg\/"},{"@type":"ListItem","position":5,"name":"Innistrad : noce \u00e9carlate","item":"https:\/\/theuncommonshop.ch\/fr\/categorie-produit\/magic-the-gathering-fr\/produits-par-lots-mtg\/innistrad-noce-ecarlate\/"},{"@type":"ListItem","position":6,"name":"Magic &#8211; Innistrad : Crimson Vow (VOW) &#8211; Collector Booster Display"}]},{"@type":"WebSite","@id":"https:\/\/theuncommonshop.ch\/#website","url":"https:\/\/theuncommonshop.ch\/","name":"Largest trading card shop in Switzerland","description":"Magic, Pok\u00e9mon and Yu-gi-oh - The Uncommon Shop","potentialAction":[{"@type":"SearchAction","target":{"@type":"EntryPoint","urlTemplate":"https:\/\/theuncommonshop.ch\/?s={search_term_string}"},"query-input":{"@type":"PropertyValueSpecification","valueRequired":true,"valueName":"search_term_string"}}],"inLanguage":"fr-FR"}]},"og_availability":"out of stock","product_availability":"out of stock","product_condition":"new"},"_links":{"self":[{"href":"https:\/\/theuncommonshop.ch\/fr\/wp-json\/wp\/v2\/product\/317648","targetHints":{"allow":["GET"]}}],"collection":[{"href":"https:\/\/theuncommonshop.ch\/fr\/wp-json\/wp\/v2\/product"}],"about":[{"href":"https:\/\/theuncommonshop.ch\/fr\/wp-json\/wp\/v2\/types\/product"}],"replies":[{"embeddable":true,"href":"https:\/\/theuncommonshop.ch\/fr\/wp-json\/wp\/v2\/comments?post=317648"}],"version-history":[{"count":2,"href":"https:\/\/theuncommonshop.ch\/fr\/wp-json\/wp\/v2\/product\/317648\/revisions"}],"predecessor-version":[{"id":360399,"href":"https:\/\/theuncommonshop.ch\/fr\/wp-json\/wp\/v2\/product\/317648\/revisions\/360399"}],"wp:featuredmedia":[{"embeddable":true,"href":"https:\/\/theuncommonshop.ch\/fr\/wp-json\/wp\/v2\/media\/31457"}],"wp:attachment":[{"href":"https:\/\/theuncommonshop.ch\/fr\/wp-json\/wp\/v2\/media?parent=317648"}],"wp:term":[{"taxonomy":"product_brand","embeddable":true,"href":"https:\/\/theuncommonshop.ch\/fr\/wp-json\/wp\/v2\/product_brand?post=317648"},{"taxonomy":"product_cat","embeddable":true,"href":"https:\/\/theuncommonshop.ch\/fr\/wp-json\/wp\/v2\/product_cat?post=317648"},{"taxonomy":"product_tag","embeddable":true,"href":"https:\/\/theuncommonshop.ch\/fr\/wp-json\/wp\/v2\/product_tag?post=317648"}],"curies":[{"name":"wp","href":"https:\/\/api.w.org\/{rel}","templated":true}]}}