{"id":317561,"date":"2025-06-12T15:37:51","date_gmt":"2025-06-12T15:37:51","guid":{"rendered":"http:\/\/theuncommonshop.ch\/produkt\/317561\/"},"modified":"2026-03-29T15:58:53","modified_gmt":"2026-03-29T13:58:53","slug":"magic-aetherdrift-dft-collector-booster-display-2","status":"publish","type":"product","link":"https:\/\/theuncommonshop.ch\/fr\/product\/magic-aetherdrift-dft-collector-booster-display-2\/","title":{"rendered":"Magic &#8211; Aetherdrift (DFT) &#8211; Collector Booster Display"},"content":{"rendered":"<p data-start=\"84\" data-end=\"383\">Faites l&#8217;exp\u00e9rience d&#8217;une action fr\u00e9n\u00e9tique et d&#8217;une magie futuriste avec le <strong data-start=\"138\" data-end=\"167\">Collector Booster Display<\/strong> de <strong data-start=\"172\" data-end=\"213\"><span class=\"hover:entity-accent entity-underline inline cursor-pointer align-baseline\"><span class=\"whitespace-normal\">Aetherdrift<\/span><\/span><\/strong>. Ce coffret apporte un tout nouveau th\u00e8me au multivers Magic, combinant l&#8217;\u00e9nergie magique avec la vitesse, la technologie et des courses spectaculaires \u00e0 travers l&#8217;\u00e9ther. <\/p>\n<p data-start=\"385\" data-end=\"723\">Dans <strong data-start=\"388\" data-end=\"409\">Aetherdrift (DFT),<\/strong> des \u00e9quipes et des pilotes l\u00e9gendaires s&#8217;affrontent pour la gloire et le pouvoir en fon\u00e7ant \u00e0 travers des circuits dangereux avec des v\u00e9hicules et des artefacts incroyables. L&#8217;ensemble combine des \u00e9l\u00e9ments classiques de Magic avec de nouvelles m\u00e9caniques autour des <strong data-start=\"628\" data-end=\"681\">v\u00e9hicules, de la vitesse et des strat\u00e9gies d&#8217;artefacts<\/strong>, cr\u00e9ant ainsi des id\u00e9es de deck totalement nouvelles. <\/p>\n<p data-start=\"725\" data-end=\"985\">Les <strong data-start=\"729\" data-end=\"750\">Collector Boosters<\/strong> sont sp\u00e9cialement con\u00e7us pour les collectionneurs et contiennent un nombre particuli\u00e8rement \u00e9lev\u00e9 de <strong data-start=\"818\" data-end=\"896\">cartes Foil, de cartes Showcase, de variantes Extended-Art et de cartes Borderless<\/strong>. Ils offrent ainsi une chance particuli\u00e8rement \u00e9lev\u00e9e de trouver des versions de cartes rares et recherch\u00e9es. <\/p>\n<h3 data-start=\"987\" data-end=\"1005\">D\u00e9tails du produit<\/h3>\n<p data-start=\"1007\" data-end=\"1431\">&#8211; <strong data-start=\"1009\" data-end=\"1017\">Set :<\/strong> Aetherdrift <br data-start=\"1029\" data-end=\"1032\">&#8211; <strong data-start=\"1034\" data-end=\"1053\">Nom allemand :<\/strong> \u00c4therdrift <br data-start=\"1064\" data-end=\"1067\">&#8211; <strong data-start=\"1069\" data-end=\"1082\">Code de l&#8217;ensemble :<\/strong> <strong data-start=\"1083\" data-end=\"1090\">DFT<\/strong><br data-start=\"1090\" data-end=\"1093\">&#8211; <strong data-start=\"1095\" data-end=\"1137\">1 pr\u00e9sentoir contient 12 Boosters Collector<\/strong><br data-start=\"1137\" data-end=\"1140\" data-is-only-node=\"\">&#8211; <strong data-start=\"1142\" data-end=\"1188\">15 cartes Magic : The Gathering par Booster<\/strong><br data-start=\"1188\" data-end=\"1191\">&#8211; Contient de nombreuses <strong data-start=\"1212\" data-end=\"1257\">cartes Foil et des variantes sp\u00e9ciales de cartes<\/strong><br data-start=\"1257\" data-end=\"1260\">&#8211; Chance d&#8217;obtenir <strong data-start=\"1273\" data-end=\"1323\">des cartes Showcase, Extended Art et Borderless<\/strong><br data-start=\"1323\" data-end=\"1326\">&#8211; Focus sur <strong data-start=\"1338\" data-end=\"1365\">les artefacts et les v\u00e9hicules<\/strong><br data-start=\"1365\" data-end=\"1368\">&#8211; Parfaitement adapt\u00e9 \u00e0 <strong data-start=\"1142\" data-end=\"1188\">Magic the Gathering<\/strong>.        <strong data-start=\"1391\" data-end=\"1431\">Collectionneurs et pulls de cartes de qualit\u00e9<\/strong><\/p>\n<p data-start=\"1433\" data-end=\"1612\">Avec le <strong data-start=\"1441\" data-end=\"1509\">Collector Booster Display Aetherdrift (DFT) de Magic : The Gathering<\/strong>, vous vous assurez d&#8217;obtenir des cartes particuli\u00e8rement rares et des variantes spectaculaires de l&#8217;un des derniers sets de Magic.<\/p>\n","protected":false},"excerpt":{"rendered":"<p>Faites l&#8217;exp\u00e9rience d&#8217;une action fr\u00e9n\u00e9tique et d&#8217;une magie futuriste avec le Collector Booster Display de Aetherdrift. Ce coffret apporte un<\/p>\n","protected":false},"featured_media":118758,"comment_status":"open","ping_status":"closed","template":"","meta":{"_acf_changed":false},"product_brand":[5158,5070],"product_cat":[10175,9969,9967,9989],"product_tag":[],"class_list":{"0":"post-317561","1":"product","2":"type-product","3":"status-publish","4":"has-post-thumbnail","6":"product_brand-magic-the-gathering","7":"product_brand-wizards-of-the-coast","8":"product_cat-aetherdrift","9":"product_cat-booster-displays-fr","10":"product_cat-magic-the-gathering-fr","11":"product_cat-super-sale-mtg-fr","13":"first","14":"instock","15":"sale","16":"taxable","17":"shipping-taxable","18":"purchasable","19":"product-type-variable"},"acf":[],"yoast_head":"<!-- This site is optimized with the Yoast SEO plugin v27.4 - https:\/\/yoast.com\/product\/yoast-seo-wordpress\/ -->\n<title>Ach\u00e8te Magic - Aetherdrift (DFT) - Collector Booster Display<\/title>\n<meta name=\"description\" content=\"Ach\u00e8te Magic - Aetherdrift (DFT) - Collector Booster Display en ligne maintenant \u00e0 petit prix! Ton #1 shop pour cartes TCG &amp; Pok\u00e9mon en Suisse \u2713 Livraison gratuite d\u00e8s CHF 29\" \/>\n<meta name=\"robots\" content=\"index, follow, max-snippet:-1, max-image-preview:large, max-video-preview:-1\" \/>\n<link rel=\"canonical\" href=\"https:\/\/theuncommonshop.ch\/fr\/product\/magic-aetherdrift-dft-collector-booster-display-2\/\" \/>\n<meta property=\"og:locale\" content=\"fr_FR\" \/>\n<meta property=\"og:type\" content=\"article\" \/>\n<meta property=\"og:title\" content=\"Ach\u00e8te Magic - Aetherdrift (DFT) - Collector Booster Display\" \/>\n<meta property=\"og:description\" content=\"Ach\u00e8te Magic - Aetherdrift (DFT) - Collector Booster Display en ligne maintenant \u00e0 petit prix! Ton #1 shop pour cartes TCG &amp; Pok\u00e9mon en Suisse \u2713 Livraison gratuite d\u00e8s CHF 29\" \/>\n<meta property=\"og:url\" content=\"https:\/\/theuncommonshop.ch\/fr\/product\/magic-aetherdrift-dft-collector-booster-display-2\/\" \/>\n<meta property=\"og:site_name\" content=\"Largest trading card shop in Switzerland\" \/>\n<meta property=\"article:modified_time\" content=\"2026-03-29T13:58:53+00:00\" \/>\n<meta property=\"og:image\" content=\"https:\/\/theuncommonshop.ch\/wp-content\/uploads\/2025\/06\/4679000991.jpg\" \/>\n\t<meta property=\"og:image:width\" content=\"900\" \/>\n\t<meta property=\"og:image:height\" content=\"987\" \/>\n\t<meta property=\"og:image:type\" content=\"image\/jpeg\" \/>\n<meta name=\"twitter:card\" content=\"summary_large_image\" \/>\n<meta name=\"twitter:label1\" content=\"Disponibilit\u00e9\" \/>\n\t<meta name=\"twitter:data1\" content=\"En stock\" \/>\n<script type=\"application\/ld+json\" class=\"yoast-schema-graph\">{\"@context\":\"https:\\\/\\\/schema.org\",\"@graph\":[{\"@type\":\"WebPage\",\"@id\":\"https:\\\/\\\/theuncommonshop.ch\\\/fr\\\/product\\\/magic-aetherdrift-dft-collector-booster-display-2\\\/\",\"url\":\"https:\\\/\\\/theuncommonshop.ch\\\/fr\\\/product\\\/magic-aetherdrift-dft-collector-booster-display-2\\\/\",\"name\":\"Ach\u00e8te Magic - Aetherdrift (DFT) - Collector Booster Display\",\"isPartOf\":{\"@id\":\"https:\\\/\\\/theuncommonshop.ch\\\/#website\"},\"primaryImageOfPage\":{\"@id\":\"https:\\\/\\\/theuncommonshop.ch\\\/fr\\\/product\\\/magic-aetherdrift-dft-collector-booster-display-2\\\/#primaryimage\"},\"image\":{\"@id\":\"https:\\\/\\\/theuncommonshop.ch\\\/fr\\\/product\\\/magic-aetherdrift-dft-collector-booster-display-2\\\/#primaryimage\"},\"thumbnailUrl\":\"https:\\\/\\\/theuncommonshop.ch\\\/wp-content\\\/uploads\\\/2025\\\/06\\\/4679000991.jpg\",\"datePublished\":\"2025-06-12T15:37:51+00:00\",\"dateModified\":\"2026-03-29T13:58:53+00:00\",\"description\":\"Ach\u00e8te Magic - Aetherdrift (DFT) - Collector Booster Display en ligne maintenant \u00e0 petit prix! Ton #1 shop pour cartes TCG & Pok\u00e9mon en Suisse \u2713 Livraison gratuite d\u00e8s CHF 29\",\"breadcrumb\":{\"@id\":\"https:\\\/\\\/theuncommonshop.ch\\\/fr\\\/product\\\/magic-aetherdrift-dft-collector-booster-display-2\\\/#breadcrumb\"},\"inLanguage\":\"fr-FR\",\"potentialAction\":[{\"@type\":\"ReadAction\",\"target\":[\"https:\\\/\\\/theuncommonshop.ch\\\/fr\\\/product\\\/magic-aetherdrift-dft-collector-booster-display-2\\\/\"]}]},{\"@type\":\"ImageObject\",\"inLanguage\":\"fr-FR\",\"@id\":\"https:\\\/\\\/theuncommonshop.ch\\\/fr\\\/product\\\/magic-aetherdrift-dft-collector-booster-display-2\\\/#primaryimage\",\"url\":\"https:\\\/\\\/theuncommonshop.ch\\\/wp-content\\\/uploads\\\/2025\\\/06\\\/4679000991.jpg\",\"contentUrl\":\"https:\\\/\\\/theuncommonshop.ch\\\/wp-content\\\/uploads\\\/2025\\\/06\\\/4679000991.jpg\",\"width\":900,\"height\":987},{\"@type\":\"BreadcrumbList\",\"@id\":\"https:\\\/\\\/theuncommonshop.ch\\\/fr\\\/product\\\/magic-aetherdrift-dft-collector-booster-display-2\\\/#breadcrumb\",\"itemListElement\":[{\"@type\":\"ListItem\",\"position\":1,\"name\":\"Accueil\",\"item\":\"https:\\\/\\\/theuncommonshop.ch\\\/fr\\\/accueil\\\/\"},{\"@type\":\"ListItem\",\"position\":2,\"name\":\"Boutique\",\"item\":\"https:\\\/\\\/theuncommonshop.ch\\\/fr\\\/boutique\\\/\"},{\"@type\":\"ListItem\",\"position\":3,\"name\":\"Magic the Gathering\",\"item\":\"https:\\\/\\\/theuncommonshop.ch\\\/fr\\\/categorie-produit\\\/magic-the-gathering-fr\\\/\"},{\"@type\":\"ListItem\",\"position\":4,\"name\":\"Produits par lots\",\"item\":\"https:\\\/\\\/theuncommonshop.ch\\\/fr\\\/categorie-produit\\\/magic-the-gathering-fr\\\/produits-par-lots-mtg\\\/\"},{\"@type\":\"ListItem\",\"position\":5,\"name\":\"Aetherdrift\",\"item\":\"https:\\\/\\\/theuncommonshop.ch\\\/fr\\\/categorie-produit\\\/magic-the-gathering-fr\\\/produits-par-lots-mtg\\\/aetherdrift\\\/\"},{\"@type\":\"ListItem\",\"position\":6,\"name\":\"Magic &#8211; Aetherdrift (DFT) &#8211; Collector Booster Display\"}]},{\"@type\":\"WebSite\",\"@id\":\"https:\\\/\\\/theuncommonshop.ch\\\/#website\",\"url\":\"https:\\\/\\\/theuncommonshop.ch\\\/\",\"name\":\"Largest trading card shop in Switzerland\",\"description\":\"Magic, Pok\u00e9mon and Yu-gi-oh - The Uncommon Shop\",\"potentialAction\":[{\"@type\":\"SearchAction\",\"target\":{\"@type\":\"EntryPoint\",\"urlTemplate\":\"https:\\\/\\\/theuncommonshop.ch\\\/?s={search_term_string}\"},\"query-input\":{\"@type\":\"PropertyValueSpecification\",\"valueRequired\":true,\"valueName\":\"search_term_string\"}}],\"inLanguage\":\"fr-FR\"}]}<\/script>\n<meta property=\"og:availability\" content=\"instock\" \/>\n<meta property=\"product:availability\" content=\"instock\" \/>\n<meta property=\"product:condition\" content=\"new\" \/>\n<!-- \/ Yoast SEO plugin. -->","yoast_head_json":{"title":"Ach\u00e8te Magic - Aetherdrift (DFT) - Collector Booster Display","description":"Ach\u00e8te Magic - Aetherdrift (DFT) - Collector Booster Display en ligne maintenant \u00e0 petit prix! Ton #1 shop pour cartes TCG & Pok\u00e9mon en Suisse \u2713 Livraison gratuite d\u00e8s CHF 29","robots":{"index":"index","follow":"follow","max-snippet":"max-snippet:-1","max-image-preview":"max-image-preview:large","max-video-preview":"max-video-preview:-1"},"canonical":"https:\/\/theuncommonshop.ch\/fr\/product\/magic-aetherdrift-dft-collector-booster-display-2\/","og_locale":"fr_FR","og_type":"article","og_title":"Ach\u00e8te Magic - Aetherdrift (DFT) - Collector Booster Display","og_description":"Ach\u00e8te Magic - Aetherdrift (DFT) - Collector Booster Display en ligne maintenant \u00e0 petit prix! Ton #1 shop pour cartes TCG & Pok\u00e9mon en Suisse \u2713 Livraison gratuite d\u00e8s CHF 29","og_url":"https:\/\/theuncommonshop.ch\/fr\/product\/magic-aetherdrift-dft-collector-booster-display-2\/","og_site_name":"Largest trading card shop in Switzerland","article_modified_time":"2026-03-29T13:58:53+00:00","og_image":[{"width":900,"height":987,"url":"https:\/\/theuncommonshop.ch\/wp-content\/uploads\/2025\/06\/4679000991.jpg","type":"image\/jpeg"}],"twitter_card":"summary_large_image","twitter_misc":{"Disponibilit\u00e9":"En stock"},"schema":{"@context":"https:\/\/schema.org","@graph":[{"@type":"WebPage","@id":"https:\/\/theuncommonshop.ch\/fr\/product\/magic-aetherdrift-dft-collector-booster-display-2\/","url":"https:\/\/theuncommonshop.ch\/fr\/product\/magic-aetherdrift-dft-collector-booster-display-2\/","name":"Ach\u00e8te Magic - Aetherdrift (DFT) - Collector Booster Display","isPartOf":{"@id":"https:\/\/theuncommonshop.ch\/#website"},"primaryImageOfPage":{"@id":"https:\/\/theuncommonshop.ch\/fr\/product\/magic-aetherdrift-dft-collector-booster-display-2\/#primaryimage"},"image":{"@id":"https:\/\/theuncommonshop.ch\/fr\/product\/magic-aetherdrift-dft-collector-booster-display-2\/#primaryimage"},"thumbnailUrl":"https:\/\/theuncommonshop.ch\/wp-content\/uploads\/2025\/06\/4679000991.jpg","datePublished":"2025-06-12T15:37:51+00:00","dateModified":"2026-03-29T13:58:53+00:00","description":"Ach\u00e8te Magic - Aetherdrift (DFT) - Collector Booster Display en ligne maintenant \u00e0 petit prix! Ton #1 shop pour cartes TCG & Pok\u00e9mon en Suisse \u2713 Livraison gratuite d\u00e8s CHF 29","breadcrumb":{"@id":"https:\/\/theuncommonshop.ch\/fr\/product\/magic-aetherdrift-dft-collector-booster-display-2\/#breadcrumb"},"inLanguage":"fr-FR","potentialAction":[{"@type":"ReadAction","target":["https:\/\/theuncommonshop.ch\/fr\/product\/magic-aetherdrift-dft-collector-booster-display-2\/"]}]},{"@type":"ImageObject","inLanguage":"fr-FR","@id":"https:\/\/theuncommonshop.ch\/fr\/product\/magic-aetherdrift-dft-collector-booster-display-2\/#primaryimage","url":"https:\/\/theuncommonshop.ch\/wp-content\/uploads\/2025\/06\/4679000991.jpg","contentUrl":"https:\/\/theuncommonshop.ch\/wp-content\/uploads\/2025\/06\/4679000991.jpg","width":900,"height":987},{"@type":"BreadcrumbList","@id":"https:\/\/theuncommonshop.ch\/fr\/product\/magic-aetherdrift-dft-collector-booster-display-2\/#breadcrumb","itemListElement":[{"@type":"ListItem","position":1,"name":"Accueil","item":"https:\/\/theuncommonshop.ch\/fr\/accueil\/"},{"@type":"ListItem","position":2,"name":"Boutique","item":"https:\/\/theuncommonshop.ch\/fr\/boutique\/"},{"@type":"ListItem","position":3,"name":"Magic the Gathering","item":"https:\/\/theuncommonshop.ch\/fr\/categorie-produit\/magic-the-gathering-fr\/"},{"@type":"ListItem","position":4,"name":"Produits par lots","item":"https:\/\/theuncommonshop.ch\/fr\/categorie-produit\/magic-the-gathering-fr\/produits-par-lots-mtg\/"},{"@type":"ListItem","position":5,"name":"Aetherdrift","item":"https:\/\/theuncommonshop.ch\/fr\/categorie-produit\/magic-the-gathering-fr\/produits-par-lots-mtg\/aetherdrift\/"},{"@type":"ListItem","position":6,"name":"Magic &#8211; Aetherdrift (DFT) &#8211; Collector Booster Display"}]},{"@type":"WebSite","@id":"https:\/\/theuncommonshop.ch\/#website","url":"https:\/\/theuncommonshop.ch\/","name":"Largest trading card shop in Switzerland","description":"Magic, Pok\u00e9mon and Yu-gi-oh - The Uncommon Shop","potentialAction":[{"@type":"SearchAction","target":{"@type":"EntryPoint","urlTemplate":"https:\/\/theuncommonshop.ch\/?s={search_term_string}"},"query-input":{"@type":"PropertyValueSpecification","valueRequired":true,"valueName":"search_term_string"}}],"inLanguage":"fr-FR"}]},"og_availability":"instock","product_availability":"instock","product_condition":"new"},"_links":{"self":[{"href":"https:\/\/theuncommonshop.ch\/fr\/wp-json\/wp\/v2\/product\/317561","targetHints":{"allow":["GET"]}}],"collection":[{"href":"https:\/\/theuncommonshop.ch\/fr\/wp-json\/wp\/v2\/product"}],"about":[{"href":"https:\/\/theuncommonshop.ch\/fr\/wp-json\/wp\/v2\/types\/product"}],"replies":[{"embeddable":true,"href":"https:\/\/theuncommonshop.ch\/fr\/wp-json\/wp\/v2\/comments?post=317561"}],"version-history":[{"count":1,"href":"https:\/\/theuncommonshop.ch\/fr\/wp-json\/wp\/v2\/product\/317561\/revisions"}],"predecessor-version":[{"id":317568,"href":"https:\/\/theuncommonshop.ch\/fr\/wp-json\/wp\/v2\/product\/317561\/revisions\/317568"}],"wp:featuredmedia":[{"embeddable":true,"href":"https:\/\/theuncommonshop.ch\/fr\/wp-json\/wp\/v2\/media\/118758"}],"wp:attachment":[{"href":"https:\/\/theuncommonshop.ch\/fr\/wp-json\/wp\/v2\/media?parent=317561"}],"wp:term":[{"taxonomy":"product_brand","embeddable":true,"href":"https:\/\/theuncommonshop.ch\/fr\/wp-json\/wp\/v2\/product_brand?post=317561"},{"taxonomy":"product_cat","embeddable":true,"href":"https:\/\/theuncommonshop.ch\/fr\/wp-json\/wp\/v2\/product_cat?post=317561"},{"taxonomy":"product_tag","embeddable":true,"href":"https:\/\/theuncommonshop.ch\/fr\/wp-json\/wp\/v2\/product_tag?post=317561"}],"curies":[{"name":"wp","href":"https:\/\/api.w.org\/{rel}","templated":true}]}}