{"id":317348,"date":"2025-06-12T15:07:22","date_gmt":"2025-06-12T15:07:22","guid":{"rendered":"http:\/\/theuncommonshop.ch\/produkt\/317348\/"},"modified":"2026-03-28T20:10:50","modified_gmt":"2026-03-28T19:10:50","slug":"magic-foundations-fdn-collector-booster-pack-2","status":"publish","type":"product","link":"https:\/\/theuncommonshop.ch\/fr\/product\/magic-foundations-fdn-collector-booster-pack-2\/","title":{"rendered":"Magic &#8211; Foundations (FDN) &#8211; Collector Booster Pack"},"content":{"rendered":"<div>\n<div><\/div>\n<ul>\n<li>BIENVENUE DANS LE MULTIVERSE &#8211; Rencontrez les personnages les plus populaires de Magic, r\u00e9veillez des zombies ou des chats, commandez des arm\u00e9es strat\u00e9giques ou des puissances anciennes ; ce Deck Set couvre les plus grands succ\u00e8s de Magic et constitue le point de d\u00e9part parfait pour votre collection de cartes Magic.<\/li>\n<li>JOUEZ \u00c0 UN JEU QUI MELIE L&#8217;ART, L&#8217;HISTOIRE ET LA STRAT\u00c9GIE &#8211; Magic : The Gathering est un jeu de cartes \u00e0 collectionner qui m\u00eale une strat\u00e9gie profonde \u00e0 l&#8217;art et aux m\u00e9canismes qui explorent les th\u00e8mes d&#8217;un monde et d&#8217;une histoire sp\u00e9cifiques &#8211; que vous souhaitiez jouer \u00e0 un jeu d\u00e9contract\u00e9 avec des amis, collectionner des cartes sympas ou participer \u00e0 des comp\u00e9titions, Magic vous accueille dans The Gathering.<\/li>\n<li>LES PLUS BELLES CARTES POUR LE JEU ET L&#8217;AFFICHAGE &#8211; Les Boosters Collector rassemblent les cartes les plus cool en un seul endroit, avec des Packs remplis de magnifiques cartes sp\u00e9ciales, de cartes Foil brillantes et de Rares et Mythiques puissants, bien plac\u00e9s pour devenir les nouveaux joyaux de votre collection.<\/li>\n<li>COLLECTEZ DES CARTES EXTRAORDINAIRES PARTICULI\u00c8RES &#8211; Collectionnez de magnifiques cartes sans bordures ou d&#8217;art \u00e9tendu qui mettent pleinement en valeur l&#8217;art d&#8217;une carte, au moins 3 dans chaque jeu, y compris la possibilit\u00e9 pour les cartes sans bordures pr\u00e9f\u00e9r\u00e9es des fans d&#8217;\u00eatre r\u00e9imprim\u00e9es avec un nouvel art.<\/li>\n<li>TRAITEMENT EXCLUSIF DES FOLIES &#8211; Les Foundations Booster Collector sont les seuls Packs \u00e0 contenir une carte Borderless Rare ou Mythic Rare avec un traitement sp\u00e9cial de la feuille qui est introduit pour la toute premi\u00e8re fois.<\/li>\n<li>SIMPLEMENT LES MEILLEURES CARTES &#8211; Collectionnez davantage de cartes Foundations difficiles \u00e0 trouver avec 5 cartes de raret\u00e9.<\/li>\n<\/ul>\n<\/div>\n","protected":false},"excerpt":{"rendered":"<p>BIENVENUE DANS LE MULTIVERSE &#8211; Rencontrez les personnages les plus populaires de Magic, r\u00e9veillez des zombies ou des chats, commandez<\/p>\n","protected":false},"featured_media":29955,"comment_status":"open","ping_status":"closed","template":"","meta":{"_acf_changed":false},"product_brand":[5158,5070],"product_cat":[9985,10179,9967],"product_tag":[],"class_list":{"0":"post-317348","1":"product","2":"type-product","3":"status-publish","4":"has-post-thumbnail","6":"product_brand-magic-the-gathering","7":"product_brand-wizards-of-the-coast","8":"product_cat-booster-packs-fr","9":"product_cat-fondations","10":"product_cat-magic-the-gathering-fr","12":"first","13":"outofstock","14":"taxable","15":"shipping-taxable","16":"purchasable","17":"product-type-variable"},"acf":[],"yoast_head":"<!-- This site is optimized with the Yoast SEO plugin v27.4 - https:\/\/yoast.com\/product\/yoast-seo-wordpress\/ -->\n<title>Ach\u00e8te Magic - Foundations (FDN) - Collector Booster Pack<\/title>\n<meta name=\"description\" content=\"Ach\u00e8te Magic - Foundations (FDN) - Collector Booster Pack en ligne maintenant \u00e0 petit prix! Ton #1 shop pour cartes TCG &amp; Pok\u00e9mon en Suisse \u2713 Livraison gratuite d\u00e8s CHF 29\" \/>\n<meta name=\"robots\" content=\"index, follow, max-snippet:-1, max-image-preview:large, max-video-preview:-1\" \/>\n<link rel=\"canonical\" href=\"https:\/\/theuncommonshop.ch\/fr\/product\/magic-foundations-fdn-collector-booster-pack-2\/\" \/>\n<meta property=\"og:locale\" content=\"fr_FR\" \/>\n<meta property=\"og:type\" content=\"article\" \/>\n<meta property=\"og:title\" content=\"Ach\u00e8te Magic - Foundations (FDN) - Collector Booster Pack\" \/>\n<meta property=\"og:description\" content=\"Ach\u00e8te Magic - Foundations (FDN) - Collector Booster Pack en ligne maintenant \u00e0 petit prix! Ton #1 shop pour cartes TCG &amp; Pok\u00e9mon en Suisse \u2713 Livraison gratuite d\u00e8s CHF 29\" \/>\n<meta property=\"og:url\" content=\"https:\/\/theuncommonshop.ch\/fr\/product\/magic-foundations-fdn-collector-booster-pack-2\/\" \/>\n<meta property=\"og:site_name\" content=\"Largest trading card shop in Switzerland\" \/>\n<meta property=\"article:modified_time\" content=\"2026-03-28T19:10:50+00:00\" \/>\n<meta property=\"og:image\" content=\"https:\/\/theuncommonshop.ch\/wp-content\/uploads\/2025\/05\/4471465613.jpg\" \/>\n\t<meta property=\"og:image:width\" content=\"500\" \/>\n\t<meta property=\"og:image:height\" content=\"909\" \/>\n\t<meta property=\"og:image:type\" content=\"image\/jpeg\" \/>\n<meta name=\"twitter:card\" content=\"summary_large_image\" \/>\n<meta name=\"twitter:label1\" content=\"Disponibilit\u00e9\" \/>\n\t<meta name=\"twitter:data1\" content=\"Rupture de stock\" \/>\n<script type=\"application\/ld+json\" class=\"yoast-schema-graph\">{\"@context\":\"https:\\\/\\\/schema.org\",\"@graph\":[{\"@type\":\"WebPage\",\"@id\":\"https:\\\/\\\/theuncommonshop.ch\\\/fr\\\/product\\\/magic-foundations-fdn-collector-booster-pack-2\\\/\",\"url\":\"https:\\\/\\\/theuncommonshop.ch\\\/fr\\\/product\\\/magic-foundations-fdn-collector-booster-pack-2\\\/\",\"name\":\"Ach\u00e8te Magic - Foundations (FDN) - Collector Booster Pack\",\"isPartOf\":{\"@id\":\"https:\\\/\\\/theuncommonshop.ch\\\/#website\"},\"primaryImageOfPage\":{\"@id\":\"https:\\\/\\\/theuncommonshop.ch\\\/fr\\\/product\\\/magic-foundations-fdn-collector-booster-pack-2\\\/#primaryimage\"},\"image\":{\"@id\":\"https:\\\/\\\/theuncommonshop.ch\\\/fr\\\/product\\\/magic-foundations-fdn-collector-booster-pack-2\\\/#primaryimage\"},\"thumbnailUrl\":\"https:\\\/\\\/theuncommonshop.ch\\\/wp-content\\\/uploads\\\/2025\\\/05\\\/4471465613.jpg\",\"datePublished\":\"2025-06-12T15:07:22+00:00\",\"dateModified\":\"2026-03-28T19:10:50+00:00\",\"description\":\"Ach\u00e8te Magic - Foundations (FDN) - Collector Booster Pack en ligne maintenant \u00e0 petit prix! Ton #1 shop pour cartes TCG & Pok\u00e9mon en Suisse \u2713 Livraison gratuite d\u00e8s CHF 29\",\"breadcrumb\":{\"@id\":\"https:\\\/\\\/theuncommonshop.ch\\\/fr\\\/product\\\/magic-foundations-fdn-collector-booster-pack-2\\\/#breadcrumb\"},\"inLanguage\":\"fr-FR\",\"potentialAction\":[{\"@type\":\"ReadAction\",\"target\":[\"https:\\\/\\\/theuncommonshop.ch\\\/fr\\\/product\\\/magic-foundations-fdn-collector-booster-pack-2\\\/\"]}]},{\"@type\":\"ImageObject\",\"inLanguage\":\"fr-FR\",\"@id\":\"https:\\\/\\\/theuncommonshop.ch\\\/fr\\\/product\\\/magic-foundations-fdn-collector-booster-pack-2\\\/#primaryimage\",\"url\":\"https:\\\/\\\/theuncommonshop.ch\\\/wp-content\\\/uploads\\\/2025\\\/05\\\/4471465613.jpg\",\"contentUrl\":\"https:\\\/\\\/theuncommonshop.ch\\\/wp-content\\\/uploads\\\/2025\\\/05\\\/4471465613.jpg\",\"width\":500,\"height\":909},{\"@type\":\"BreadcrumbList\",\"@id\":\"https:\\\/\\\/theuncommonshop.ch\\\/fr\\\/product\\\/magic-foundations-fdn-collector-booster-pack-2\\\/#breadcrumb\",\"itemListElement\":[{\"@type\":\"ListItem\",\"position\":1,\"name\":\"Accueil\",\"item\":\"https:\\\/\\\/theuncommonshop.ch\\\/fr\\\/accueil\\\/\"},{\"@type\":\"ListItem\",\"position\":2,\"name\":\"Boutique\",\"item\":\"https:\\\/\\\/theuncommonshop.ch\\\/fr\\\/boutique\\\/\"},{\"@type\":\"ListItem\",\"position\":3,\"name\":\"Magic the Gathering\",\"item\":\"https:\\\/\\\/theuncommonshop.ch\\\/fr\\\/categorie-produit\\\/magic-the-gathering-fr\\\/\"},{\"@type\":\"ListItem\",\"position\":4,\"name\":\"Produits par lots\",\"item\":\"https:\\\/\\\/theuncommonshop.ch\\\/fr\\\/categorie-produit\\\/magic-the-gathering-fr\\\/produits-par-lots-mtg\\\/\"},{\"@type\":\"ListItem\",\"position\":5,\"name\":\"Fondations\",\"item\":\"https:\\\/\\\/theuncommonshop.ch\\\/fr\\\/categorie-produit\\\/magic-the-gathering-fr\\\/produits-par-lots-mtg\\\/fondations\\\/\"},{\"@type\":\"ListItem\",\"position\":6,\"name\":\"Magic &#8211; Foundations (FDN) &#8211; Collector Booster Pack\"}]},{\"@type\":\"WebSite\",\"@id\":\"https:\\\/\\\/theuncommonshop.ch\\\/#website\",\"url\":\"https:\\\/\\\/theuncommonshop.ch\\\/\",\"name\":\"Largest trading card shop in Switzerland\",\"description\":\"Magic, Pok\u00e9mon and Yu-gi-oh - The Uncommon Shop\",\"potentialAction\":[{\"@type\":\"SearchAction\",\"target\":{\"@type\":\"EntryPoint\",\"urlTemplate\":\"https:\\\/\\\/theuncommonshop.ch\\\/?s={search_term_string}\"},\"query-input\":{\"@type\":\"PropertyValueSpecification\",\"valueRequired\":true,\"valueName\":\"search_term_string\"}}],\"inLanguage\":\"fr-FR\"}]}<\/script>\n<meta property=\"og:availability\" content=\"out of stock\" \/>\n<meta property=\"product:availability\" content=\"out of stock\" \/>\n<meta property=\"product:condition\" content=\"new\" \/>\n<!-- \/ Yoast SEO plugin. -->","yoast_head_json":{"title":"Ach\u00e8te Magic - Foundations (FDN) - Collector Booster Pack","description":"Ach\u00e8te Magic - Foundations (FDN) - Collector Booster Pack en ligne maintenant \u00e0 petit prix! Ton #1 shop pour cartes TCG & Pok\u00e9mon en Suisse \u2713 Livraison gratuite d\u00e8s CHF 29","robots":{"index":"index","follow":"follow","max-snippet":"max-snippet:-1","max-image-preview":"max-image-preview:large","max-video-preview":"max-video-preview:-1"},"canonical":"https:\/\/theuncommonshop.ch\/fr\/product\/magic-foundations-fdn-collector-booster-pack-2\/","og_locale":"fr_FR","og_type":"article","og_title":"Ach\u00e8te Magic - Foundations (FDN) - Collector Booster Pack","og_description":"Ach\u00e8te Magic - Foundations (FDN) - Collector Booster Pack en ligne maintenant \u00e0 petit prix! Ton #1 shop pour cartes TCG & Pok\u00e9mon en Suisse \u2713 Livraison gratuite d\u00e8s CHF 29","og_url":"https:\/\/theuncommonshop.ch\/fr\/product\/magic-foundations-fdn-collector-booster-pack-2\/","og_site_name":"Largest trading card shop in Switzerland","article_modified_time":"2026-03-28T19:10:50+00:00","og_image":[{"width":500,"height":909,"url":"https:\/\/theuncommonshop.ch\/wp-content\/uploads\/2025\/05\/4471465613.jpg","type":"image\/jpeg"}],"twitter_card":"summary_large_image","twitter_misc":{"Disponibilit\u00e9":"Rupture de stock"},"schema":{"@context":"https:\/\/schema.org","@graph":[{"@type":"WebPage","@id":"https:\/\/theuncommonshop.ch\/fr\/product\/magic-foundations-fdn-collector-booster-pack-2\/","url":"https:\/\/theuncommonshop.ch\/fr\/product\/magic-foundations-fdn-collector-booster-pack-2\/","name":"Ach\u00e8te Magic - Foundations (FDN) - Collector Booster Pack","isPartOf":{"@id":"https:\/\/theuncommonshop.ch\/#website"},"primaryImageOfPage":{"@id":"https:\/\/theuncommonshop.ch\/fr\/product\/magic-foundations-fdn-collector-booster-pack-2\/#primaryimage"},"image":{"@id":"https:\/\/theuncommonshop.ch\/fr\/product\/magic-foundations-fdn-collector-booster-pack-2\/#primaryimage"},"thumbnailUrl":"https:\/\/theuncommonshop.ch\/wp-content\/uploads\/2025\/05\/4471465613.jpg","datePublished":"2025-06-12T15:07:22+00:00","dateModified":"2026-03-28T19:10:50+00:00","description":"Ach\u00e8te Magic - Foundations (FDN) - Collector Booster Pack en ligne maintenant \u00e0 petit prix! Ton #1 shop pour cartes TCG & Pok\u00e9mon en Suisse \u2713 Livraison gratuite d\u00e8s CHF 29","breadcrumb":{"@id":"https:\/\/theuncommonshop.ch\/fr\/product\/magic-foundations-fdn-collector-booster-pack-2\/#breadcrumb"},"inLanguage":"fr-FR","potentialAction":[{"@type":"ReadAction","target":["https:\/\/theuncommonshop.ch\/fr\/product\/magic-foundations-fdn-collector-booster-pack-2\/"]}]},{"@type":"ImageObject","inLanguage":"fr-FR","@id":"https:\/\/theuncommonshop.ch\/fr\/product\/magic-foundations-fdn-collector-booster-pack-2\/#primaryimage","url":"https:\/\/theuncommonshop.ch\/wp-content\/uploads\/2025\/05\/4471465613.jpg","contentUrl":"https:\/\/theuncommonshop.ch\/wp-content\/uploads\/2025\/05\/4471465613.jpg","width":500,"height":909},{"@type":"BreadcrumbList","@id":"https:\/\/theuncommonshop.ch\/fr\/product\/magic-foundations-fdn-collector-booster-pack-2\/#breadcrumb","itemListElement":[{"@type":"ListItem","position":1,"name":"Accueil","item":"https:\/\/theuncommonshop.ch\/fr\/accueil\/"},{"@type":"ListItem","position":2,"name":"Boutique","item":"https:\/\/theuncommonshop.ch\/fr\/boutique\/"},{"@type":"ListItem","position":3,"name":"Magic the Gathering","item":"https:\/\/theuncommonshop.ch\/fr\/categorie-produit\/magic-the-gathering-fr\/"},{"@type":"ListItem","position":4,"name":"Produits par lots","item":"https:\/\/theuncommonshop.ch\/fr\/categorie-produit\/magic-the-gathering-fr\/produits-par-lots-mtg\/"},{"@type":"ListItem","position":5,"name":"Fondations","item":"https:\/\/theuncommonshop.ch\/fr\/categorie-produit\/magic-the-gathering-fr\/produits-par-lots-mtg\/fondations\/"},{"@type":"ListItem","position":6,"name":"Magic &#8211; Foundations (FDN) &#8211; Collector Booster Pack"}]},{"@type":"WebSite","@id":"https:\/\/theuncommonshop.ch\/#website","url":"https:\/\/theuncommonshop.ch\/","name":"Largest trading card shop in Switzerland","description":"Magic, Pok\u00e9mon and Yu-gi-oh - The Uncommon Shop","potentialAction":[{"@type":"SearchAction","target":{"@type":"EntryPoint","urlTemplate":"https:\/\/theuncommonshop.ch\/?s={search_term_string}"},"query-input":{"@type":"PropertyValueSpecification","valueRequired":true,"valueName":"search_term_string"}}],"inLanguage":"fr-FR"}]},"og_availability":"out of stock","product_availability":"out of stock","product_condition":"new"},"_links":{"self":[{"href":"https:\/\/theuncommonshop.ch\/fr\/wp-json\/wp\/v2\/product\/317348","targetHints":{"allow":["GET"]}}],"collection":[{"href":"https:\/\/theuncommonshop.ch\/fr\/wp-json\/wp\/v2\/product"}],"about":[{"href":"https:\/\/theuncommonshop.ch\/fr\/wp-json\/wp\/v2\/types\/product"}],"replies":[{"embeddable":true,"href":"https:\/\/theuncommonshop.ch\/fr\/wp-json\/wp\/v2\/comments?post=317348"}],"version-history":[{"count":1,"href":"https:\/\/theuncommonshop.ch\/fr\/wp-json\/wp\/v2\/product\/317348\/revisions"}],"predecessor-version":[{"id":317352,"href":"https:\/\/theuncommonshop.ch\/fr\/wp-json\/wp\/v2\/product\/317348\/revisions\/317352"}],"wp:featuredmedia":[{"embeddable":true,"href":"https:\/\/theuncommonshop.ch\/fr\/wp-json\/wp\/v2\/media\/29955"}],"wp:attachment":[{"href":"https:\/\/theuncommonshop.ch\/fr\/wp-json\/wp\/v2\/media?parent=317348"}],"wp:term":[{"taxonomy":"product_brand","embeddable":true,"href":"https:\/\/theuncommonshop.ch\/fr\/wp-json\/wp\/v2\/product_brand?post=317348"},{"taxonomy":"product_cat","embeddable":true,"href":"https:\/\/theuncommonshop.ch\/fr\/wp-json\/wp\/v2\/product_cat?post=317348"},{"taxonomy":"product_tag","embeddable":true,"href":"https:\/\/theuncommonshop.ch\/fr\/wp-json\/wp\/v2\/product_tag?post=317348"}],"curies":[{"name":"wp","href":"https:\/\/api.w.org\/{rel}","templated":true}]}}