{"id":317300,"date":"2025-06-12T14:53:40","date_gmt":"2025-06-12T14:53:40","guid":{"rendered":"http:\/\/theuncommonshop.ch\/produkt\/317300\/"},"modified":"2026-03-29T11:25:48","modified_gmt":"2026-03-29T09:25:48","slug":"pokemon-sword-shield-base-set-swsh01-elite-trainer-box-plus-2","status":"publish","type":"product","link":"https:\/\/theuncommonshop.ch\/fr\/product\/pokemon-sword-shield-base-set-swsh01-elite-trainer-box-plus-2\/","title":{"rendered":"Pok\u00e9mon &#8211; Sword &amp; Shield &#8211; Base Set (SWSH01) &#8211; Elite Trainer Box Plus"},"content":{"rendered":"<p>Ajoutez \u00e0 votre jeu de cartes \u00e0 collectionner Pok\u00e9mon un \u00e9norme et puissant Pok\u00e9mon de la r\u00e9gion de Galar, ainsi que des pi\u00e8ces de m\u00e9tal, des d\u00e9s et des marqueurs d&#8217;\u00e9tat ! Avec un Pok\u00e9mon l\u00e9gendaire de Galar sous la forme d&#8217;une carte dor\u00e9e, accompagn\u00e9 d&#8217;accessoires m\u00e9talliques \u00e9tincelants, votre collection ne manquera pas d&#8217;attirer l&#8217;attention. Gr\u00e2ce \u00e0 la puissance de Zacian V ou de Zamazenta V, vos decks vont conqu\u00e9rir le Tag-Tag et faire profiter votre \u00e9quipe de la force de ce Pok\u00e9mon de type m\u00e9tal. En plus d&#8217;un Guide du joueur couvrant toute la premi\u00e8re ann\u00e9e de la s\u00e9rie Schwert &amp; Schild, avec des d\u00e9tails sur les meilleures cartes et les combos, vous trouverez d&#8217;autres surprises dans les Booster Packs du Jeu de Cartes \u00e0 Collectionner Pok\u00e9mon. Ne vous contentez pas d&#8217;explorer Galar, mais soyez aux c\u00f4t\u00e9s de l&#8217;une de ses plus grandes l\u00e9gendes !    <\/p>\n<p>Le jeu de cartes \u00e0 collectionner Pok\u00e9mon : Elite Trainer Box Plus &#8211; Zacian ou Zamazenta contient :<\/p>\n<p>&#8211; Une version sp\u00e9ciale en or de Zacian V ou Zamazenta V<\/p>\n<p>&#8211; 6 cubes de marqueurs de dommages en m\u00e9tal<\/p>\n<p>&#8211; 1 pi\u00e8ce de m\u00e9tal avec Zacian ou Zamazenta<\/p>\n<p>&#8211; 65 pochettes de cartes avec Zacian ou Zamazenta<\/p>\n<p>&#8211; Un ensemble de marqueurs d&#8217;\u00e9tat en m\u00e9tal au design \u00e9labor\u00e9<\/p>\n<p>&#8211; 12 packs de boosters du jeu de cartes \u00e0 collectionner Pok\u00e9mon de la s\u00e9rie Schwert &amp; Schild<\/p>\n<p>&#8211; Un guide du joueur pour la premi\u00e8re ann\u00e9e des extensions du jeu de cartes \u00e0 collectionner Pok\u00e9mon et des cartes promotionnelles de la s\u00e9rie Schwert &amp; Schild.<\/p>\n<p>&#8211; Un livret de r\u00e8gles du jeu de cartes \u00e0 collectionner Pok\u00e9mon<\/p>\n<p>&#8211; Une carte de code pour le jeu de cartes \u00e0 collectionner Pok\u00e9mon en ligne<\/p>\n","protected":false},"excerpt":{"rendered":"<p>Ajoutez \u00e0 votre jeu de cartes \u00e0 collectionner Pok\u00e9mon un \u00e9norme et puissant Pok\u00e9mon de la r\u00e9gion de Galar, ainsi<\/p>\n","protected":false},"featured_media":29588,"comment_status":"open","ping_status":"closed","template":"","meta":{"_acf_changed":false},"product_brand":[5114,5072],"product_cat":[9809,9777,10111],"product_tag":[],"class_list":{"0":"post-317300","1":"product","2":"type-product","3":"status-publish","4":"has-post-thumbnail","6":"product_brand-pokemon","7":"product_brand-the-pokemon-company","8":"product_cat-coffret-dresseur-delite","9":"product_cat-pokemon-fr","10":"product_cat-swsh01-epee-et-bouclier-base-set","12":"first","13":"outofstock","14":"taxable","15":"shipping-taxable","16":"purchasable","17":"product-type-variable"},"acf":[],"yoast_head":"<!-- This site is optimized with the Yoast SEO plugin v27.4 - https:\/\/yoast.com\/product\/yoast-seo-wordpress\/ -->\n<title>Ach\u00e8te Pok\u00e9mon - Sword &amp; Shield - Base Set (SWSH01) - Elite Trainer Box Plus<\/title>\n<meta name=\"description\" content=\"Ach\u00e8te Pok\u00e9mon - Sword &amp; Shield - Base Set (SWSH01) - Elite Trainer Box Plus en ligne maintenant \u00e0 petit prix! Ton #1 shop pour cartes TCG &amp; Pok\u00e9mon en Suisse \u2713 Livraison gratuite d\u00e8s CHF 29\" \/>\n<meta name=\"robots\" content=\"index, follow, max-snippet:-1, max-image-preview:large, max-video-preview:-1\" \/>\n<link rel=\"canonical\" href=\"https:\/\/theuncommonshop.ch\/fr\/product\/pokemon-sword-shield-base-set-swsh01-elite-trainer-box-plus-2\/\" \/>\n<meta property=\"og:locale\" content=\"fr_FR\" \/>\n<meta property=\"og:type\" content=\"article\" \/>\n<meta property=\"og:title\" content=\"Ach\u00e8te Pok\u00e9mon - Sword &amp; Shield - Base Set (SWSH01) - Elite Trainer Box Plus\" \/>\n<meta property=\"og:description\" content=\"Ach\u00e8te Pok\u00e9mon - Sword &amp; Shield - Base Set (SWSH01) - Elite Trainer Box Plus en ligne maintenant \u00e0 petit prix! Ton #1 shop pour cartes TCG &amp; Pok\u00e9mon en Suisse \u2713 Livraison gratuite d\u00e8s CHF 29\" \/>\n<meta property=\"og:url\" content=\"https:\/\/theuncommonshop.ch\/fr\/product\/pokemon-sword-shield-base-set-swsh01-elite-trainer-box-plus-2\/\" \/>\n<meta property=\"og:site_name\" content=\"Largest trading card shop in Switzerland\" \/>\n<meta property=\"article:modified_time\" content=\"2026-03-29T09:25:48+00:00\" \/>\n<meta property=\"og:image\" content=\"https:\/\/theuncommonshop.ch\/wp-content\/uploads\/2025\/05\/4000326374.jpg\" \/>\n\t<meta property=\"og:image:width\" content=\"1800\" \/>\n\t<meta property=\"og:image:height\" content=\"1800\" \/>\n\t<meta property=\"og:image:type\" content=\"image\/jpeg\" \/>\n<meta name=\"twitter:card\" content=\"summary_large_image\" \/>\n<meta name=\"twitter:label1\" content=\"Disponibilit\u00e9\" \/>\n\t<meta name=\"twitter:data1\" content=\"Rupture de stock\" \/>\n<script type=\"application\/ld+json\" class=\"yoast-schema-graph\">{\"@context\":\"https:\\\/\\\/schema.org\",\"@graph\":[{\"@type\":\"WebPage\",\"@id\":\"https:\\\/\\\/theuncommonshop.ch\\\/fr\\\/product\\\/pokemon-sword-shield-base-set-swsh01-elite-trainer-box-plus-2\\\/\",\"url\":\"https:\\\/\\\/theuncommonshop.ch\\\/fr\\\/product\\\/pokemon-sword-shield-base-set-swsh01-elite-trainer-box-plus-2\\\/\",\"name\":\"Ach\u00e8te Pok\u00e9mon - Sword &amp; Shield - Base Set (SWSH01) - Elite Trainer Box Plus\",\"isPartOf\":{\"@id\":\"https:\\\/\\\/theuncommonshop.ch\\\/#website\"},\"primaryImageOfPage\":{\"@id\":\"https:\\\/\\\/theuncommonshop.ch\\\/fr\\\/product\\\/pokemon-sword-shield-base-set-swsh01-elite-trainer-box-plus-2\\\/#primaryimage\"},\"image\":{\"@id\":\"https:\\\/\\\/theuncommonshop.ch\\\/fr\\\/product\\\/pokemon-sword-shield-base-set-swsh01-elite-trainer-box-plus-2\\\/#primaryimage\"},\"thumbnailUrl\":\"https:\\\/\\\/theuncommonshop.ch\\\/wp-content\\\/uploads\\\/2025\\\/05\\\/4000326374.jpg\",\"datePublished\":\"2025-06-12T14:53:40+00:00\",\"dateModified\":\"2026-03-29T09:25:48+00:00\",\"description\":\"Ach\u00e8te Pok\u00e9mon - Sword &amp; Shield - Base Set (SWSH01) - Elite Trainer Box Plus en ligne maintenant \u00e0 petit prix! Ton #1 shop pour cartes TCG & Pok\u00e9mon en Suisse \u2713 Livraison gratuite d\u00e8s CHF 29\",\"breadcrumb\":{\"@id\":\"https:\\\/\\\/theuncommonshop.ch\\\/fr\\\/product\\\/pokemon-sword-shield-base-set-swsh01-elite-trainer-box-plus-2\\\/#breadcrumb\"},\"inLanguage\":\"fr-FR\",\"potentialAction\":[{\"@type\":\"ReadAction\",\"target\":[\"https:\\\/\\\/theuncommonshop.ch\\\/fr\\\/product\\\/pokemon-sword-shield-base-set-swsh01-elite-trainer-box-plus-2\\\/\"]}]},{\"@type\":\"ImageObject\",\"inLanguage\":\"fr-FR\",\"@id\":\"https:\\\/\\\/theuncommonshop.ch\\\/fr\\\/product\\\/pokemon-sword-shield-base-set-swsh01-elite-trainer-box-plus-2\\\/#primaryimage\",\"url\":\"https:\\\/\\\/theuncommonshop.ch\\\/wp-content\\\/uploads\\\/2025\\\/05\\\/4000326374.jpg\",\"contentUrl\":\"https:\\\/\\\/theuncommonshop.ch\\\/wp-content\\\/uploads\\\/2025\\\/05\\\/4000326374.jpg\",\"width\":1800,\"height\":1800},{\"@type\":\"BreadcrumbList\",\"@id\":\"https:\\\/\\\/theuncommonshop.ch\\\/fr\\\/product\\\/pokemon-sword-shield-base-set-swsh01-elite-trainer-box-plus-2\\\/#breadcrumb\",\"itemListElement\":[{\"@type\":\"ListItem\",\"position\":1,\"name\":\"Accueil\",\"item\":\"https:\\\/\\\/theuncommonshop.ch\\\/fr\\\/accueil\\\/\"},{\"@type\":\"ListItem\",\"position\":2,\"name\":\"Boutique\",\"item\":\"https:\\\/\\\/theuncommonshop.ch\\\/fr\\\/boutique\\\/\"},{\"@type\":\"ListItem\",\"position\":3,\"name\":\"Pok\u00e9mon\",\"item\":\"https:\\\/\\\/theuncommonshop.ch\\\/fr\\\/categorie-produit\\\/pokemon-fr\\\/\"},{\"@type\":\"ListItem\",\"position\":4,\"name\":\"Produits par lots\",\"item\":\"https:\\\/\\\/theuncommonshop.ch\\\/fr\\\/categorie-produit\\\/pokemon-fr\\\/produits-par-lots\\\/\"},{\"@type\":\"ListItem\",\"position\":5,\"name\":\"\u00c9p\u00e9e & Bouclier\",\"item\":\"https:\\\/\\\/theuncommonshop.ch\\\/fr\\\/categorie-produit\\\/pokemon-fr\\\/produits-par-lots\\\/epee-et-bouclier\\\/\"},{\"@type\":\"ListItem\",\"position\":6,\"name\":\"SWSH01 \u00c9p\u00e9e & Bouclier Base Set\",\"item\":\"https:\\\/\\\/theuncommonshop.ch\\\/fr\\\/categorie-produit\\\/pokemon-fr\\\/produits-par-lots\\\/epee-et-bouclier\\\/swsh01-epee-et-bouclier-base-set\\\/\"},{\"@type\":\"ListItem\",\"position\":7,\"name\":\"Pok\u00e9mon &#8211; Sword &amp; Shield &#8211; Base Set (SWSH01) &#8211; Elite Trainer Box Plus\"}]},{\"@type\":\"WebSite\",\"@id\":\"https:\\\/\\\/theuncommonshop.ch\\\/#website\",\"url\":\"https:\\\/\\\/theuncommonshop.ch\\\/\",\"name\":\"Largest trading card shop in Switzerland\",\"description\":\"Magic, Pok\u00e9mon and Yu-gi-oh - The Uncommon Shop\",\"potentialAction\":[{\"@type\":\"SearchAction\",\"target\":{\"@type\":\"EntryPoint\",\"urlTemplate\":\"https:\\\/\\\/theuncommonshop.ch\\\/?s={search_term_string}\"},\"query-input\":{\"@type\":\"PropertyValueSpecification\",\"valueRequired\":true,\"valueName\":\"search_term_string\"}}],\"inLanguage\":\"fr-FR\"}]}<\/script>\n<meta property=\"og:availability\" content=\"out of stock\" \/>\n<meta property=\"product:availability\" content=\"out of stock\" \/>\n<meta property=\"product:condition\" content=\"new\" \/>\n<!-- \/ Yoast SEO plugin. -->","yoast_head_json":{"title":"Ach\u00e8te Pok\u00e9mon - Sword &amp; Shield - Base Set (SWSH01) - Elite Trainer Box Plus","description":"Ach\u00e8te Pok\u00e9mon - Sword &amp; Shield - Base Set (SWSH01) - Elite Trainer Box Plus en ligne maintenant \u00e0 petit prix! Ton #1 shop pour cartes TCG & Pok\u00e9mon en Suisse \u2713 Livraison gratuite d\u00e8s CHF 29","robots":{"index":"index","follow":"follow","max-snippet":"max-snippet:-1","max-image-preview":"max-image-preview:large","max-video-preview":"max-video-preview:-1"},"canonical":"https:\/\/theuncommonshop.ch\/fr\/product\/pokemon-sword-shield-base-set-swsh01-elite-trainer-box-plus-2\/","og_locale":"fr_FR","og_type":"article","og_title":"Ach\u00e8te Pok\u00e9mon - Sword &amp; Shield - Base Set (SWSH01) - Elite Trainer Box Plus","og_description":"Ach\u00e8te Pok\u00e9mon - Sword &amp; Shield - Base Set (SWSH01) - Elite Trainer Box Plus en ligne maintenant \u00e0 petit prix! Ton #1 shop pour cartes TCG & Pok\u00e9mon en Suisse \u2713 Livraison gratuite d\u00e8s CHF 29","og_url":"https:\/\/theuncommonshop.ch\/fr\/product\/pokemon-sword-shield-base-set-swsh01-elite-trainer-box-plus-2\/","og_site_name":"Largest trading card shop in Switzerland","article_modified_time":"2026-03-29T09:25:48+00:00","og_image":[{"width":1800,"height":1800,"url":"https:\/\/theuncommonshop.ch\/wp-content\/uploads\/2025\/05\/4000326374.jpg","type":"image\/jpeg"}],"twitter_card":"summary_large_image","twitter_misc":{"Disponibilit\u00e9":"Rupture de stock"},"schema":{"@context":"https:\/\/schema.org","@graph":[{"@type":"WebPage","@id":"https:\/\/theuncommonshop.ch\/fr\/product\/pokemon-sword-shield-base-set-swsh01-elite-trainer-box-plus-2\/","url":"https:\/\/theuncommonshop.ch\/fr\/product\/pokemon-sword-shield-base-set-swsh01-elite-trainer-box-plus-2\/","name":"Ach\u00e8te Pok\u00e9mon - Sword &amp; Shield - Base Set (SWSH01) - Elite Trainer Box Plus","isPartOf":{"@id":"https:\/\/theuncommonshop.ch\/#website"},"primaryImageOfPage":{"@id":"https:\/\/theuncommonshop.ch\/fr\/product\/pokemon-sword-shield-base-set-swsh01-elite-trainer-box-plus-2\/#primaryimage"},"image":{"@id":"https:\/\/theuncommonshop.ch\/fr\/product\/pokemon-sword-shield-base-set-swsh01-elite-trainer-box-plus-2\/#primaryimage"},"thumbnailUrl":"https:\/\/theuncommonshop.ch\/wp-content\/uploads\/2025\/05\/4000326374.jpg","datePublished":"2025-06-12T14:53:40+00:00","dateModified":"2026-03-29T09:25:48+00:00","description":"Ach\u00e8te Pok\u00e9mon - Sword &amp; Shield - Base Set (SWSH01) - Elite Trainer Box Plus en ligne maintenant \u00e0 petit prix! Ton #1 shop pour cartes TCG & Pok\u00e9mon en Suisse \u2713 Livraison gratuite d\u00e8s CHF 29","breadcrumb":{"@id":"https:\/\/theuncommonshop.ch\/fr\/product\/pokemon-sword-shield-base-set-swsh01-elite-trainer-box-plus-2\/#breadcrumb"},"inLanguage":"fr-FR","potentialAction":[{"@type":"ReadAction","target":["https:\/\/theuncommonshop.ch\/fr\/product\/pokemon-sword-shield-base-set-swsh01-elite-trainer-box-plus-2\/"]}]},{"@type":"ImageObject","inLanguage":"fr-FR","@id":"https:\/\/theuncommonshop.ch\/fr\/product\/pokemon-sword-shield-base-set-swsh01-elite-trainer-box-plus-2\/#primaryimage","url":"https:\/\/theuncommonshop.ch\/wp-content\/uploads\/2025\/05\/4000326374.jpg","contentUrl":"https:\/\/theuncommonshop.ch\/wp-content\/uploads\/2025\/05\/4000326374.jpg","width":1800,"height":1800},{"@type":"BreadcrumbList","@id":"https:\/\/theuncommonshop.ch\/fr\/product\/pokemon-sword-shield-base-set-swsh01-elite-trainer-box-plus-2\/#breadcrumb","itemListElement":[{"@type":"ListItem","position":1,"name":"Accueil","item":"https:\/\/theuncommonshop.ch\/fr\/accueil\/"},{"@type":"ListItem","position":2,"name":"Boutique","item":"https:\/\/theuncommonshop.ch\/fr\/boutique\/"},{"@type":"ListItem","position":3,"name":"Pok\u00e9mon","item":"https:\/\/theuncommonshop.ch\/fr\/categorie-produit\/pokemon-fr\/"},{"@type":"ListItem","position":4,"name":"Produits par lots","item":"https:\/\/theuncommonshop.ch\/fr\/categorie-produit\/pokemon-fr\/produits-par-lots\/"},{"@type":"ListItem","position":5,"name":"\u00c9p\u00e9e & Bouclier","item":"https:\/\/theuncommonshop.ch\/fr\/categorie-produit\/pokemon-fr\/produits-par-lots\/epee-et-bouclier\/"},{"@type":"ListItem","position":6,"name":"SWSH01 \u00c9p\u00e9e & Bouclier Base Set","item":"https:\/\/theuncommonshop.ch\/fr\/categorie-produit\/pokemon-fr\/produits-par-lots\/epee-et-bouclier\/swsh01-epee-et-bouclier-base-set\/"},{"@type":"ListItem","position":7,"name":"Pok\u00e9mon &#8211; Sword &amp; Shield &#8211; Base Set (SWSH01) &#8211; Elite Trainer Box Plus"}]},{"@type":"WebSite","@id":"https:\/\/theuncommonshop.ch\/#website","url":"https:\/\/theuncommonshop.ch\/","name":"Largest trading card shop in Switzerland","description":"Magic, Pok\u00e9mon and Yu-gi-oh - The Uncommon Shop","potentialAction":[{"@type":"SearchAction","target":{"@type":"EntryPoint","urlTemplate":"https:\/\/theuncommonshop.ch\/?s={search_term_string}"},"query-input":{"@type":"PropertyValueSpecification","valueRequired":true,"valueName":"search_term_string"}}],"inLanguage":"fr-FR"}]},"og_availability":"out of stock","product_availability":"out of stock","product_condition":"new"},"_links":{"self":[{"href":"https:\/\/theuncommonshop.ch\/fr\/wp-json\/wp\/v2\/product\/317300","targetHints":{"allow":["GET"]}}],"collection":[{"href":"https:\/\/theuncommonshop.ch\/fr\/wp-json\/wp\/v2\/product"}],"about":[{"href":"https:\/\/theuncommonshop.ch\/fr\/wp-json\/wp\/v2\/types\/product"}],"replies":[{"embeddable":true,"href":"https:\/\/theuncommonshop.ch\/fr\/wp-json\/wp\/v2\/comments?post=317300"}],"version-history":[{"count":2,"href":"https:\/\/theuncommonshop.ch\/fr\/wp-json\/wp\/v2\/product\/317300\/revisions"}],"predecessor-version":[{"id":354405,"href":"https:\/\/theuncommonshop.ch\/fr\/wp-json\/wp\/v2\/product\/317300\/revisions\/354405"}],"wp:featuredmedia":[{"embeddable":true,"href":"https:\/\/theuncommonshop.ch\/fr\/wp-json\/wp\/v2\/media\/29588"}],"wp:attachment":[{"href":"https:\/\/theuncommonshop.ch\/fr\/wp-json\/wp\/v2\/media?parent=317300"}],"wp:term":[{"taxonomy":"product_brand","embeddable":true,"href":"https:\/\/theuncommonshop.ch\/fr\/wp-json\/wp\/v2\/product_brand?post=317300"},{"taxonomy":"product_cat","embeddable":true,"href":"https:\/\/theuncommonshop.ch\/fr\/wp-json\/wp\/v2\/product_cat?post=317300"},{"taxonomy":"product_tag","embeddable":true,"href":"https:\/\/theuncommonshop.ch\/fr\/wp-json\/wp\/v2\/product_tag?post=317300"}],"curies":[{"name":"wp","href":"https:\/\/api.w.org\/{rel}","templated":true}]}}