{"id":317224,"date":"2025-06-12T16:08:12","date_gmt":"2025-06-12T16:08:12","guid":{"rendered":"http:\/\/theuncommonshop.ch\/produkt\/317224\/"},"modified":"2026-03-30T10:28:04","modified_gmt":"2026-03-30T08:28:04","slug":"yu-gi-oh-maze-of-the-master-booster-pack-2","status":"publish","type":"product","link":"https:\/\/theuncommonshop.ch\/fr\/product\/yu-gi-oh-maze-of-the-master-booster-pack-2\/","title":{"rendered":"Yu-Gi-Oh ! &#8211; Maze of the Master &#8211; Booster Pack"},"content":{"rendered":"<div>&#8220;La structure derri\u00e8re moi est l&#8217;ancien temple des rois. Dans ce sanctuaire vieux de cinq mille ans se trouvent les plus grands tr\u00e9sors des rois d&#8217;\u00c9gypte&#8221; !<\/div>\n<div>C&#8217;est par ces mots qu&#8217;Odion a commenc\u00e9 son combat contre Joey lors de la finale de Battle City. Mais alors qu&#8217;il \u00e9tait sur le point de remporter une victoire totale, il a \u00e9t\u00e9 terrass\u00e9 par la col\u00e8re du dieu \u00e9gyptien R\u00e2. <\/div>\n<div>Quelles autres cartes aurions-nous pu voir s&#8217;il avait progress\u00e9 dans le tournoi ? Quelles autres merveilles se trouvent parmi les plus grands tr\u00e9sors des rois d&#8217;\u00c9gypte ? <\/div>\n<div><strong><u>Maze of the Master vous permet d&#8217;explorer les id\u00e9es de deck de vos duellistes pr\u00e9f\u00e9r\u00e9s, avec des dizaines de nouvelles cartes dans notre dernier Booster annuel sur le th\u00e8me de l&#8217;Anime :<\/u><\/strong><\/div>\n<ul>\n<li>10 nouvelles cartes de monstres \u00e9gyptiens et de pi\u00e8ges, inspir\u00e9es du Battle City Deck d&#8217;Odion !<\/li>\n<li>7 nouvelles cartes inspir\u00e9es du deck &#8220;Galaxy&#8221;\/&#8221;Tachyon&#8221; de Mizar dans Yu-Gi-Oh ! ZEXAL ! <\/li>\n<li>7 nouvelles cartes inspir\u00e9es des monstres X-Y-Z de Kaiba dans Battle City et r\u00e9utilis\u00e9es par Chazz dans Yu-Gi-Oh ! GX ! <\/li>\n<li>7 nouvelles cartes &#8220;Trickstar&#8221; inspir\u00e9es du deck de l&#8217;Ange Bleu de Yu-Gi-Oh ! VRAINS ! <\/li>\n<li>7 nouveaux monstres &#8220;Performage&#8221; de Yu-Gi-Oh ! ARC-V ! <\/li>\n<li>Et bien d&#8217;autres encore ! Au total, 60 nouvelles cartes \u00e0 ajouter \u00e0 vos decks ! <\/li>\n<\/ul>\n<div><strong><u>Le set complet Maze of the Master contient 112 cartes &#8211; le plus grand booster de la s\u00e9rie Maze :<\/u><\/strong><\/div>\n<ul>\n<li>6 Secret Rares<\/li>\n<li>13 Ultra Rares<\/li>\n<li>21 Super Rares<\/li>\n<li>70 Rares<\/li>\n<li>2 Quarter-Century Secret Rares (16 de ces cartes sont \u00e9galement disponibles en tant que Collector&#8217;s Rares)<\/li>\n<\/ul>\n<div><strong><u>Chaque Booster Pack contient 7 cartes :<\/u><\/strong><\/div>\n<ul>\n<li>1 carte Foil par paquet<\/li>\n<li>6 cartes Rares par paquet<\/li>\n<\/ul>\n","protected":false},"excerpt":{"rendered":"<p>&#8220;La structure derri\u00e8re moi est l&#8217;ancien temple des rois. Dans ce sanctuaire vieux de cinq mille ans se trouvent les<\/p>\n","protected":false},"featured_media":30964,"comment_status":"open","ping_status":"closed","template":"","meta":{"_acf_changed":false},"product_brand":[5074,5112],"product_cat":[9983,9779],"product_tag":[],"class_list":{"0":"post-317224","1":"product","2":"type-product","3":"status-publish","4":"has-post-thumbnail","6":"product_brand-konami","7":"product_brand-yu-gi-oh","8":"product_cat-booster-packs-fr-2","9":"product_cat-yu-gi-oh-fr","11":"first","12":"instock","13":"taxable","14":"shipping-taxable","15":"purchasable","16":"product-type-variable"},"acf":[],"yoast_head":"<!-- This site is optimized with the Yoast SEO plugin v27.4 - https:\/\/yoast.com\/product\/yoast-seo-wordpress\/ -->\n<title>Ach\u00e8te Yu-Gi-Oh ! - Maze of the Master - Booster Pack<\/title>\n<meta name=\"description\" content=\"Ach\u00e8te Yu-Gi-Oh ! - Maze of the Master - Booster Pack en ligne maintenant \u00e0 petit prix! Ton #1 shop pour cartes TCG &amp; Pok\u00e9mon en Suisse \u2713 Livraison gratuite d\u00e8s CHF 29\" \/>\n<meta name=\"robots\" content=\"index, follow, max-snippet:-1, max-image-preview:large, max-video-preview:-1\" \/>\n<link rel=\"canonical\" href=\"https:\/\/theuncommonshop.ch\/fr\/product\/yu-gi-oh-maze-of-the-master-booster-pack-2\/\" \/>\n<meta property=\"og:locale\" content=\"fr_FR\" \/>\n<meta property=\"og:type\" content=\"article\" \/>\n<meta property=\"og:title\" content=\"Ach\u00e8te Yu-Gi-Oh ! - Maze of the Master - Booster Pack\" \/>\n<meta property=\"og:description\" content=\"Ach\u00e8te Yu-Gi-Oh ! - Maze of the Master - Booster Pack en ligne maintenant \u00e0 petit prix! Ton #1 shop pour cartes TCG &amp; Pok\u00e9mon en Suisse \u2713 Livraison gratuite d\u00e8s CHF 29\" \/>\n<meta property=\"og:url\" content=\"https:\/\/theuncommonshop.ch\/fr\/product\/yu-gi-oh-maze-of-the-master-booster-pack-2\/\" \/>\n<meta property=\"og:site_name\" content=\"Largest trading card shop in Switzerland\" \/>\n<meta property=\"article:modified_time\" content=\"2026-03-30T08:28:04+00:00\" \/>\n<meta property=\"og:image\" content=\"https:\/\/theuncommonshop.ch\/wp-content\/uploads\/2025\/05\/4634553095.webp\" \/>\n\t<meta property=\"og:image:width\" content=\"535\" \/>\n\t<meta property=\"og:image:height\" content=\"535\" \/>\n\t<meta property=\"og:image:type\" content=\"image\/webp\" \/>\n<meta name=\"twitter:card\" content=\"summary_large_image\" \/>\n<meta name=\"twitter:label1\" content=\"Disponibilit\u00e9\" \/>\n\t<meta name=\"twitter:data1\" content=\"En stock\" \/>\n<script type=\"application\/ld+json\" class=\"yoast-schema-graph\">{\"@context\":\"https:\\\/\\\/schema.org\",\"@graph\":[{\"@type\":\"WebPage\",\"@id\":\"https:\\\/\\\/theuncommonshop.ch\\\/fr\\\/product\\\/yu-gi-oh-maze-of-the-master-booster-pack-2\\\/\",\"url\":\"https:\\\/\\\/theuncommonshop.ch\\\/fr\\\/product\\\/yu-gi-oh-maze-of-the-master-booster-pack-2\\\/\",\"name\":\"Ach\u00e8te Yu-Gi-Oh ! - Maze of the Master - Booster Pack\",\"isPartOf\":{\"@id\":\"https:\\\/\\\/theuncommonshop.ch\\\/#website\"},\"primaryImageOfPage\":{\"@id\":\"https:\\\/\\\/theuncommonshop.ch\\\/fr\\\/product\\\/yu-gi-oh-maze-of-the-master-booster-pack-2\\\/#primaryimage\"},\"image\":{\"@id\":\"https:\\\/\\\/theuncommonshop.ch\\\/fr\\\/product\\\/yu-gi-oh-maze-of-the-master-booster-pack-2\\\/#primaryimage\"},\"thumbnailUrl\":\"https:\\\/\\\/theuncommonshop.ch\\\/wp-content\\\/uploads\\\/2025\\\/05\\\/4634553095.webp\",\"datePublished\":\"2025-06-12T16:08:12+00:00\",\"dateModified\":\"2026-03-30T08:28:04+00:00\",\"description\":\"Ach\u00e8te Yu-Gi-Oh ! - Maze of the Master - Booster Pack en ligne maintenant \u00e0 petit prix! Ton #1 shop pour cartes TCG & Pok\u00e9mon en Suisse \u2713 Livraison gratuite d\u00e8s CHF 29\",\"breadcrumb\":{\"@id\":\"https:\\\/\\\/theuncommonshop.ch\\\/fr\\\/product\\\/yu-gi-oh-maze-of-the-master-booster-pack-2\\\/#breadcrumb\"},\"inLanguage\":\"fr-FR\",\"potentialAction\":[{\"@type\":\"ReadAction\",\"target\":[\"https:\\\/\\\/theuncommonshop.ch\\\/fr\\\/product\\\/yu-gi-oh-maze-of-the-master-booster-pack-2\\\/\"]}]},{\"@type\":\"ImageObject\",\"inLanguage\":\"fr-FR\",\"@id\":\"https:\\\/\\\/theuncommonshop.ch\\\/fr\\\/product\\\/yu-gi-oh-maze-of-the-master-booster-pack-2\\\/#primaryimage\",\"url\":\"https:\\\/\\\/theuncommonshop.ch\\\/wp-content\\\/uploads\\\/2025\\\/05\\\/4634553095.webp\",\"contentUrl\":\"https:\\\/\\\/theuncommonshop.ch\\\/wp-content\\\/uploads\\\/2025\\\/05\\\/4634553095.webp\",\"width\":535,\"height\":535},{\"@type\":\"BreadcrumbList\",\"@id\":\"https:\\\/\\\/theuncommonshop.ch\\\/fr\\\/product\\\/yu-gi-oh-maze-of-the-master-booster-pack-2\\\/#breadcrumb\",\"itemListElement\":[{\"@type\":\"ListItem\",\"position\":1,\"name\":\"Accueil\",\"item\":\"https:\\\/\\\/theuncommonshop.ch\\\/fr\\\/accueil\\\/\"},{\"@type\":\"ListItem\",\"position\":2,\"name\":\"Boutique\",\"item\":\"https:\\\/\\\/theuncommonshop.ch\\\/fr\\\/boutique\\\/\"},{\"@type\":\"ListItem\",\"position\":3,\"name\":\"Yu-Gi-Oh!\",\"item\":\"https:\\\/\\\/theuncommonshop.ch\\\/produktkategorie\\\/yu-gi-oh\\\/\"},{\"@type\":\"ListItem\",\"position\":4,\"name\":\"Booster Packs\",\"item\":\"https:\\\/\\\/theuncommonshop.ch\\\/produktkategorie\\\/yu-gi-oh\\\/booster-packs-2\\\/\"},{\"@type\":\"ListItem\",\"position\":5,\"name\":\"Yu-Gi-Oh ! &#8211; Maze of the Master &#8211; Booster Pack\"}]},{\"@type\":\"WebSite\",\"@id\":\"https:\\\/\\\/theuncommonshop.ch\\\/#website\",\"url\":\"https:\\\/\\\/theuncommonshop.ch\\\/\",\"name\":\"Largest trading card shop in Switzerland\",\"description\":\"Magic, Pok\u00e9mon and Yu-gi-oh - The Uncommon Shop\",\"potentialAction\":[{\"@type\":\"SearchAction\",\"target\":{\"@type\":\"EntryPoint\",\"urlTemplate\":\"https:\\\/\\\/theuncommonshop.ch\\\/?s={search_term_string}\"},\"query-input\":{\"@type\":\"PropertyValueSpecification\",\"valueRequired\":true,\"valueName\":\"search_term_string\"}}],\"inLanguage\":\"fr-FR\"}]}<\/script>\n<meta property=\"og:availability\" content=\"instock\" \/>\n<meta property=\"product:availability\" content=\"instock\" \/>\n<meta property=\"product:retailer_item_id\" content=\"YGO.V.D.MazeofthemasterBooster.DE\" \/>\n<meta property=\"product:condition\" content=\"new\" \/>\n<!-- \/ Yoast SEO plugin. -->","yoast_head_json":{"title":"Ach\u00e8te Yu-Gi-Oh ! - Maze of the Master - Booster Pack","description":"Ach\u00e8te Yu-Gi-Oh ! - Maze of the Master - Booster Pack en ligne maintenant \u00e0 petit prix! Ton #1 shop pour cartes TCG & Pok\u00e9mon en Suisse \u2713 Livraison gratuite d\u00e8s CHF 29","robots":{"index":"index","follow":"follow","max-snippet":"max-snippet:-1","max-image-preview":"max-image-preview:large","max-video-preview":"max-video-preview:-1"},"canonical":"https:\/\/theuncommonshop.ch\/fr\/product\/yu-gi-oh-maze-of-the-master-booster-pack-2\/","og_locale":"fr_FR","og_type":"article","og_title":"Ach\u00e8te Yu-Gi-Oh ! - Maze of the Master - Booster Pack","og_description":"Ach\u00e8te Yu-Gi-Oh ! - Maze of the Master - Booster Pack en ligne maintenant \u00e0 petit prix! Ton #1 shop pour cartes TCG & Pok\u00e9mon en Suisse \u2713 Livraison gratuite d\u00e8s CHF 29","og_url":"https:\/\/theuncommonshop.ch\/fr\/product\/yu-gi-oh-maze-of-the-master-booster-pack-2\/","og_site_name":"Largest trading card shop in Switzerland","article_modified_time":"2026-03-30T08:28:04+00:00","og_image":[{"width":535,"height":535,"url":"https:\/\/theuncommonshop.ch\/wp-content\/uploads\/2025\/05\/4634553095.webp","type":"image\/webp"}],"twitter_card":"summary_large_image","twitter_misc":{"Disponibilit\u00e9":"En stock"},"schema":{"@context":"https:\/\/schema.org","@graph":[{"@type":"WebPage","@id":"https:\/\/theuncommonshop.ch\/fr\/product\/yu-gi-oh-maze-of-the-master-booster-pack-2\/","url":"https:\/\/theuncommonshop.ch\/fr\/product\/yu-gi-oh-maze-of-the-master-booster-pack-2\/","name":"Ach\u00e8te Yu-Gi-Oh ! - Maze of the Master - Booster Pack","isPartOf":{"@id":"https:\/\/theuncommonshop.ch\/#website"},"primaryImageOfPage":{"@id":"https:\/\/theuncommonshop.ch\/fr\/product\/yu-gi-oh-maze-of-the-master-booster-pack-2\/#primaryimage"},"image":{"@id":"https:\/\/theuncommonshop.ch\/fr\/product\/yu-gi-oh-maze-of-the-master-booster-pack-2\/#primaryimage"},"thumbnailUrl":"https:\/\/theuncommonshop.ch\/wp-content\/uploads\/2025\/05\/4634553095.webp","datePublished":"2025-06-12T16:08:12+00:00","dateModified":"2026-03-30T08:28:04+00:00","description":"Ach\u00e8te Yu-Gi-Oh ! - Maze of the Master - Booster Pack en ligne maintenant \u00e0 petit prix! Ton #1 shop pour cartes TCG & Pok\u00e9mon en Suisse \u2713 Livraison gratuite d\u00e8s CHF 29","breadcrumb":{"@id":"https:\/\/theuncommonshop.ch\/fr\/product\/yu-gi-oh-maze-of-the-master-booster-pack-2\/#breadcrumb"},"inLanguage":"fr-FR","potentialAction":[{"@type":"ReadAction","target":["https:\/\/theuncommonshop.ch\/fr\/product\/yu-gi-oh-maze-of-the-master-booster-pack-2\/"]}]},{"@type":"ImageObject","inLanguage":"fr-FR","@id":"https:\/\/theuncommonshop.ch\/fr\/product\/yu-gi-oh-maze-of-the-master-booster-pack-2\/#primaryimage","url":"https:\/\/theuncommonshop.ch\/wp-content\/uploads\/2025\/05\/4634553095.webp","contentUrl":"https:\/\/theuncommonshop.ch\/wp-content\/uploads\/2025\/05\/4634553095.webp","width":535,"height":535},{"@type":"BreadcrumbList","@id":"https:\/\/theuncommonshop.ch\/fr\/product\/yu-gi-oh-maze-of-the-master-booster-pack-2\/#breadcrumb","itemListElement":[{"@type":"ListItem","position":1,"name":"Accueil","item":"https:\/\/theuncommonshop.ch\/fr\/accueil\/"},{"@type":"ListItem","position":2,"name":"Boutique","item":"https:\/\/theuncommonshop.ch\/fr\/boutique\/"},{"@type":"ListItem","position":3,"name":"Yu-Gi-Oh!","item":"https:\/\/theuncommonshop.ch\/produktkategorie\/yu-gi-oh\/"},{"@type":"ListItem","position":4,"name":"Booster Packs","item":"https:\/\/theuncommonshop.ch\/produktkategorie\/yu-gi-oh\/booster-packs-2\/"},{"@type":"ListItem","position":5,"name":"Yu-Gi-Oh ! &#8211; Maze of the Master &#8211; Booster Pack"}]},{"@type":"WebSite","@id":"https:\/\/theuncommonshop.ch\/#website","url":"https:\/\/theuncommonshop.ch\/","name":"Largest trading card shop in Switzerland","description":"Magic, Pok\u00e9mon and Yu-gi-oh - The Uncommon Shop","potentialAction":[{"@type":"SearchAction","target":{"@type":"EntryPoint","urlTemplate":"https:\/\/theuncommonshop.ch\/?s={search_term_string}"},"query-input":{"@type":"PropertyValueSpecification","valueRequired":true,"valueName":"search_term_string"}}],"inLanguage":"fr-FR"}]},"og_availability":"instock","product_availability":"instock","product_retailer_item_id":"YGO.V.D.MazeofthemasterBooster.DE","product_condition":"new"},"_links":{"self":[{"href":"https:\/\/theuncommonshop.ch\/fr\/wp-json\/wp\/v2\/product\/317224","targetHints":{"allow":["GET"]}}],"collection":[{"href":"https:\/\/theuncommonshop.ch\/fr\/wp-json\/wp\/v2\/product"}],"about":[{"href":"https:\/\/theuncommonshop.ch\/fr\/wp-json\/wp\/v2\/types\/product"}],"replies":[{"embeddable":true,"href":"https:\/\/theuncommonshop.ch\/fr\/wp-json\/wp\/v2\/comments?post=317224"}],"version-history":[{"count":2,"href":"https:\/\/theuncommonshop.ch\/fr\/wp-json\/wp\/v2\/product\/317224\/revisions"}],"predecessor-version":[{"id":357805,"href":"https:\/\/theuncommonshop.ch\/fr\/wp-json\/wp\/v2\/product\/317224\/revisions\/357805"}],"wp:featuredmedia":[{"embeddable":true,"href":"https:\/\/theuncommonshop.ch\/fr\/wp-json\/wp\/v2\/media\/30964"}],"wp:attachment":[{"href":"https:\/\/theuncommonshop.ch\/fr\/wp-json\/wp\/v2\/media?parent=317224"}],"wp:term":[{"taxonomy":"product_brand","embeddable":true,"href":"https:\/\/theuncommonshop.ch\/fr\/wp-json\/wp\/v2\/product_brand?post=317224"},{"taxonomy":"product_cat","embeddable":true,"href":"https:\/\/theuncommonshop.ch\/fr\/wp-json\/wp\/v2\/product_cat?post=317224"},{"taxonomy":"product_tag","embeddable":true,"href":"https:\/\/theuncommonshop.ch\/fr\/wp-json\/wp\/v2\/product_tag?post=317224"}],"curies":[{"name":"wp","href":"https:\/\/api.w.org\/{rel}","templated":true}]}}