{"id":317164,"date":"2025-06-12T16:06:08","date_gmt":"2025-06-12T16:06:08","guid":{"rendered":"http:\/\/theuncommonshop.ch\/produkt\/317164\/"},"modified":"2026-03-29T11:32:02","modified_gmt":"2026-03-29T09:32:02","slug":"yu-gi-oh-battle-of-legends-monster-mayhem-booster-display-2","status":"publish","type":"product","link":"https:\/\/theuncommonshop.ch\/fr\/product\/yu-gi-oh-battle-of-legends-monster-mayhem-booster-display-2\/","title":{"rendered":"Yu-Gi-Oh ! &#8211; Battle of Legends Monster Mayhem &#8211; Booster Display"},"content":{"rendered":"<div>\n<div><\/div>\n<div>Une chose que vous pouvez toujours attendre d&#8217;un Deck Set Battles of Legends, ce sont de nouvelles cartes pour vos decks, et toujours toutes en Folie. Battles of Legend : Monster Mayhem contient de nouvelles cartes pour les decks N\u00e9croz, Chevalier des gemmes, Jurrac, Fabled, D\/D, Magistus et bien plus encore. <\/div>\n<div>Il n&#8217;est pas non plus surprenant que ce vaste ensemble de 177 cartes contienne de nombreuses anciennes &#8211; et nouvelles ! &#8211; favoris que vous recherchez peut-\u00eatre encore (Primite Lordly Lode, quelqu&#8217;un ?), ou que vous souhaitez acheter en tant qu&#8217;am\u00e9lioration Foil (King of the Feral Imps \u00e9tait tr\u00e8s m\u00e9content de son manque \u00e9vident de scintillement). <\/div>\n<div><\/div>\n<div>Chaque pack de 5 cartes de Battles of Legend : Monster Mayhem contient :<\/div>\n<ul>\n<li>1 Secret Rare<\/li>\n<li>1 Ultra Rares avec impression (toujours une carte sur le th\u00e8me de Dragonmaid, P.U.N.K. ou Orcust)<\/li>\n<li>3 autres Ultra Rares<\/li>\n<\/ul>\n<\/div>\n<div><\/div>\n","protected":false},"excerpt":{"rendered":"<p>Une chose que vous pouvez toujours attendre d&#8217;un Deck Set Battles of Legends, ce sont de nouvelles cartes pour vos<\/p>\n","protected":false},"featured_media":32270,"comment_status":"open","ping_status":"closed","template":"","meta":{"_acf_changed":false},"product_brand":[5074,5112],"product_cat":[9835,9779],"product_tag":[],"class_list":{"0":"post-317164","1":"product","2":"type-product","3":"status-publish","4":"has-post-thumbnail","6":"product_brand-konami","7":"product_brand-yu-gi-oh","8":"product_cat-booster-displays-yugioh","9":"product_cat-yu-gi-oh-fr","11":"first","12":"instock","13":"sale","14":"taxable","15":"shipping-taxable","16":"purchasable","17":"product-type-variable"},"acf":[],"yoast_head":"<!-- This site is optimized with the Yoast SEO plugin v27.4 - https:\/\/yoast.com\/product\/yoast-seo-wordpress\/ -->\n<title>Ach\u00e8te Yu-Gi-Oh ! - Battle of Legends Monster Mayhem - Booster Display<\/title>\n<meta name=\"description\" content=\"Ach\u00e8te Yu-Gi-Oh ! - Battle of Legends Monster Mayhem - Booster Display en ligne maintenant \u00e0 petit prix! Ton #1 shop pour cartes TCG &amp; Pok\u00e9mon en Suisse \u2713 Livraison gratuite d\u00e8s CHF 29\" \/>\n<meta name=\"robots\" content=\"index, follow, max-snippet:-1, max-image-preview:large, max-video-preview:-1\" \/>\n<link rel=\"canonical\" href=\"https:\/\/theuncommonshop.ch\/fr\/product\/yu-gi-oh-battle-of-legends-monster-mayhem-booster-display-2\/\" \/>\n<meta property=\"og:locale\" content=\"fr_FR\" \/>\n<meta property=\"og:type\" content=\"article\" \/>\n<meta property=\"og:title\" content=\"Ach\u00e8te Yu-Gi-Oh ! - Battle of Legends Monster Mayhem - Booster Display\" \/>\n<meta property=\"og:description\" content=\"Ach\u00e8te Yu-Gi-Oh ! - Battle of Legends Monster Mayhem - Booster Display en ligne maintenant \u00e0 petit prix! Ton #1 shop pour cartes TCG &amp; Pok\u00e9mon en Suisse \u2713 Livraison gratuite d\u00e8s CHF 29\" \/>\n<meta property=\"og:url\" content=\"https:\/\/theuncommonshop.ch\/fr\/product\/yu-gi-oh-battle-of-legends-monster-mayhem-booster-display-2\/\" \/>\n<meta property=\"og:site_name\" content=\"Largest trading card shop in Switzerland\" \/>\n<meta property=\"article:modified_time\" content=\"2026-03-29T09:32:02+00:00\" \/>\n<meta property=\"og:image\" content=\"https:\/\/theuncommonshop.ch\/wp-content\/uploads\/2025\/05\/4822783753.png\" \/>\n\t<meta property=\"og:image:width\" content=\"400\" \/>\n\t<meta property=\"og:image:height\" content=\"376\" \/>\n\t<meta property=\"og:image:type\" content=\"image\/png\" \/>\n<meta name=\"twitter:card\" content=\"summary_large_image\" \/>\n<meta name=\"twitter:label1\" content=\"Disponibilit\u00e9\" \/>\n\t<meta name=\"twitter:data1\" content=\"En stock\" \/>\n<script type=\"application\/ld+json\" class=\"yoast-schema-graph\">{\"@context\":\"https:\\\/\\\/schema.org\",\"@graph\":[{\"@type\":\"WebPage\",\"@id\":\"https:\\\/\\\/theuncommonshop.ch\\\/fr\\\/product\\\/yu-gi-oh-battle-of-legends-monster-mayhem-booster-display-2\\\/\",\"url\":\"https:\\\/\\\/theuncommonshop.ch\\\/fr\\\/product\\\/yu-gi-oh-battle-of-legends-monster-mayhem-booster-display-2\\\/\",\"name\":\"Ach\u00e8te Yu-Gi-Oh ! - Battle of Legends Monster Mayhem - Booster Display\",\"isPartOf\":{\"@id\":\"https:\\\/\\\/theuncommonshop.ch\\\/#website\"},\"primaryImageOfPage\":{\"@id\":\"https:\\\/\\\/theuncommonshop.ch\\\/fr\\\/product\\\/yu-gi-oh-battle-of-legends-monster-mayhem-booster-display-2\\\/#primaryimage\"},\"image\":{\"@id\":\"https:\\\/\\\/theuncommonshop.ch\\\/fr\\\/product\\\/yu-gi-oh-battle-of-legends-monster-mayhem-booster-display-2\\\/#primaryimage\"},\"thumbnailUrl\":\"https:\\\/\\\/theuncommonshop.ch\\\/wp-content\\\/uploads\\\/2025\\\/05\\\/4822783753.png\",\"datePublished\":\"2025-06-12T16:06:08+00:00\",\"dateModified\":\"2026-03-29T09:32:02+00:00\",\"description\":\"Ach\u00e8te Yu-Gi-Oh ! - Battle of Legends Monster Mayhem - Booster Display en ligne maintenant \u00e0 petit prix! Ton #1 shop pour cartes TCG & Pok\u00e9mon en Suisse \u2713 Livraison gratuite d\u00e8s CHF 29\",\"breadcrumb\":{\"@id\":\"https:\\\/\\\/theuncommonshop.ch\\\/fr\\\/product\\\/yu-gi-oh-battle-of-legends-monster-mayhem-booster-display-2\\\/#breadcrumb\"},\"inLanguage\":\"fr-FR\",\"potentialAction\":[{\"@type\":\"ReadAction\",\"target\":[\"https:\\\/\\\/theuncommonshop.ch\\\/fr\\\/product\\\/yu-gi-oh-battle-of-legends-monster-mayhem-booster-display-2\\\/\"]}]},{\"@type\":\"ImageObject\",\"inLanguage\":\"fr-FR\",\"@id\":\"https:\\\/\\\/theuncommonshop.ch\\\/fr\\\/product\\\/yu-gi-oh-battle-of-legends-monster-mayhem-booster-display-2\\\/#primaryimage\",\"url\":\"https:\\\/\\\/theuncommonshop.ch\\\/wp-content\\\/uploads\\\/2025\\\/05\\\/4822783753.png\",\"contentUrl\":\"https:\\\/\\\/theuncommonshop.ch\\\/wp-content\\\/uploads\\\/2025\\\/05\\\/4822783753.png\",\"width\":400,\"height\":376},{\"@type\":\"BreadcrumbList\",\"@id\":\"https:\\\/\\\/theuncommonshop.ch\\\/fr\\\/product\\\/yu-gi-oh-battle-of-legends-monster-mayhem-booster-display-2\\\/#breadcrumb\",\"itemListElement\":[{\"@type\":\"ListItem\",\"position\":1,\"name\":\"Accueil\",\"item\":\"https:\\\/\\\/theuncommonshop.ch\\\/fr\\\/accueil\\\/\"},{\"@type\":\"ListItem\",\"position\":2,\"name\":\"Boutique\",\"item\":\"https:\\\/\\\/theuncommonshop.ch\\\/fr\\\/boutique\\\/\"},{\"@type\":\"ListItem\",\"position\":3,\"name\":\"Yu-Gi-Oh!\",\"item\":\"https:\\\/\\\/theuncommonshop.ch\\\/fr\\\/categorie-produit\\\/yu-gi-oh-fr\\\/\"},{\"@type\":\"ListItem\",\"position\":4,\"name\":\"Booster Displays\",\"item\":\"https:\\\/\\\/theuncommonshop.ch\\\/fr\\\/categorie-produit\\\/yu-gi-oh-fr\\\/booster-displays-yugioh\\\/\"},{\"@type\":\"ListItem\",\"position\":5,\"name\":\"Yu-Gi-Oh ! &#8211; Battle of Legends Monster Mayhem &#8211; Booster Display\"}]},{\"@type\":\"WebSite\",\"@id\":\"https:\\\/\\\/theuncommonshop.ch\\\/#website\",\"url\":\"https:\\\/\\\/theuncommonshop.ch\\\/\",\"name\":\"Largest trading card shop in Switzerland\",\"description\":\"Magic, Pok\u00e9mon and Yu-gi-oh - The Uncommon Shop\",\"potentialAction\":[{\"@type\":\"SearchAction\",\"target\":{\"@type\":\"EntryPoint\",\"urlTemplate\":\"https:\\\/\\\/theuncommonshop.ch\\\/?s={search_term_string}\"},\"query-input\":{\"@type\":\"PropertyValueSpecification\",\"valueRequired\":true,\"valueName\":\"search_term_string\"}}],\"inLanguage\":\"fr-FR\"}]}<\/script>\n<meta property=\"og:availability\" content=\"instock\" \/>\n<meta property=\"product:availability\" content=\"instock\" \/>\n<meta property=\"product:retailer_item_id\" content=\"YGO.?.?.BoosterdisplayMonsterMayhem.DE\" \/>\n<meta property=\"product:condition\" content=\"new\" \/>\n<!-- \/ Yoast SEO plugin. -->","yoast_head_json":{"title":"Ach\u00e8te Yu-Gi-Oh ! - Battle of Legends Monster Mayhem - Booster Display","description":"Ach\u00e8te Yu-Gi-Oh ! - Battle of Legends Monster Mayhem - Booster Display en ligne maintenant \u00e0 petit prix! Ton #1 shop pour cartes TCG & Pok\u00e9mon en Suisse \u2713 Livraison gratuite d\u00e8s CHF 29","robots":{"index":"index","follow":"follow","max-snippet":"max-snippet:-1","max-image-preview":"max-image-preview:large","max-video-preview":"max-video-preview:-1"},"canonical":"https:\/\/theuncommonshop.ch\/fr\/product\/yu-gi-oh-battle-of-legends-monster-mayhem-booster-display-2\/","og_locale":"fr_FR","og_type":"article","og_title":"Ach\u00e8te Yu-Gi-Oh ! - Battle of Legends Monster Mayhem - Booster Display","og_description":"Ach\u00e8te Yu-Gi-Oh ! - Battle of Legends Monster Mayhem - Booster Display en ligne maintenant \u00e0 petit prix! Ton #1 shop pour cartes TCG & Pok\u00e9mon en Suisse \u2713 Livraison gratuite d\u00e8s CHF 29","og_url":"https:\/\/theuncommonshop.ch\/fr\/product\/yu-gi-oh-battle-of-legends-monster-mayhem-booster-display-2\/","og_site_name":"Largest trading card shop in Switzerland","article_modified_time":"2026-03-29T09:32:02+00:00","og_image":[{"width":400,"height":376,"url":"https:\/\/theuncommonshop.ch\/wp-content\/uploads\/2025\/05\/4822783753.png","type":"image\/png"}],"twitter_card":"summary_large_image","twitter_misc":{"Disponibilit\u00e9":"En stock"},"schema":{"@context":"https:\/\/schema.org","@graph":[{"@type":"WebPage","@id":"https:\/\/theuncommonshop.ch\/fr\/product\/yu-gi-oh-battle-of-legends-monster-mayhem-booster-display-2\/","url":"https:\/\/theuncommonshop.ch\/fr\/product\/yu-gi-oh-battle-of-legends-monster-mayhem-booster-display-2\/","name":"Ach\u00e8te Yu-Gi-Oh ! - Battle of Legends Monster Mayhem - Booster Display","isPartOf":{"@id":"https:\/\/theuncommonshop.ch\/#website"},"primaryImageOfPage":{"@id":"https:\/\/theuncommonshop.ch\/fr\/product\/yu-gi-oh-battle-of-legends-monster-mayhem-booster-display-2\/#primaryimage"},"image":{"@id":"https:\/\/theuncommonshop.ch\/fr\/product\/yu-gi-oh-battle-of-legends-monster-mayhem-booster-display-2\/#primaryimage"},"thumbnailUrl":"https:\/\/theuncommonshop.ch\/wp-content\/uploads\/2025\/05\/4822783753.png","datePublished":"2025-06-12T16:06:08+00:00","dateModified":"2026-03-29T09:32:02+00:00","description":"Ach\u00e8te Yu-Gi-Oh ! - Battle of Legends Monster Mayhem - Booster Display en ligne maintenant \u00e0 petit prix! Ton #1 shop pour cartes TCG & Pok\u00e9mon en Suisse \u2713 Livraison gratuite d\u00e8s CHF 29","breadcrumb":{"@id":"https:\/\/theuncommonshop.ch\/fr\/product\/yu-gi-oh-battle-of-legends-monster-mayhem-booster-display-2\/#breadcrumb"},"inLanguage":"fr-FR","potentialAction":[{"@type":"ReadAction","target":["https:\/\/theuncommonshop.ch\/fr\/product\/yu-gi-oh-battle-of-legends-monster-mayhem-booster-display-2\/"]}]},{"@type":"ImageObject","inLanguage":"fr-FR","@id":"https:\/\/theuncommonshop.ch\/fr\/product\/yu-gi-oh-battle-of-legends-monster-mayhem-booster-display-2\/#primaryimage","url":"https:\/\/theuncommonshop.ch\/wp-content\/uploads\/2025\/05\/4822783753.png","contentUrl":"https:\/\/theuncommonshop.ch\/wp-content\/uploads\/2025\/05\/4822783753.png","width":400,"height":376},{"@type":"BreadcrumbList","@id":"https:\/\/theuncommonshop.ch\/fr\/product\/yu-gi-oh-battle-of-legends-monster-mayhem-booster-display-2\/#breadcrumb","itemListElement":[{"@type":"ListItem","position":1,"name":"Accueil","item":"https:\/\/theuncommonshop.ch\/fr\/accueil\/"},{"@type":"ListItem","position":2,"name":"Boutique","item":"https:\/\/theuncommonshop.ch\/fr\/boutique\/"},{"@type":"ListItem","position":3,"name":"Yu-Gi-Oh!","item":"https:\/\/theuncommonshop.ch\/fr\/categorie-produit\/yu-gi-oh-fr\/"},{"@type":"ListItem","position":4,"name":"Booster Displays","item":"https:\/\/theuncommonshop.ch\/fr\/categorie-produit\/yu-gi-oh-fr\/booster-displays-yugioh\/"},{"@type":"ListItem","position":5,"name":"Yu-Gi-Oh ! &#8211; Battle of Legends Monster Mayhem &#8211; Booster Display"}]},{"@type":"WebSite","@id":"https:\/\/theuncommonshop.ch\/#website","url":"https:\/\/theuncommonshop.ch\/","name":"Largest trading card shop in Switzerland","description":"Magic, Pok\u00e9mon and Yu-gi-oh - The Uncommon Shop","potentialAction":[{"@type":"SearchAction","target":{"@type":"EntryPoint","urlTemplate":"https:\/\/theuncommonshop.ch\/?s={search_term_string}"},"query-input":{"@type":"PropertyValueSpecification","valueRequired":true,"valueName":"search_term_string"}}],"inLanguage":"fr-FR"}]},"og_availability":"instock","product_availability":"instock","product_retailer_item_id":"YGO.?.?.BoosterdisplayMonsterMayhem.DE","product_condition":"new"},"_links":{"self":[{"href":"https:\/\/theuncommonshop.ch\/fr\/wp-json\/wp\/v2\/product\/317164","targetHints":{"allow":["GET"]}}],"collection":[{"href":"https:\/\/theuncommonshop.ch\/fr\/wp-json\/wp\/v2\/product"}],"about":[{"href":"https:\/\/theuncommonshop.ch\/fr\/wp-json\/wp\/v2\/types\/product"}],"replies":[{"embeddable":true,"href":"https:\/\/theuncommonshop.ch\/fr\/wp-json\/wp\/v2\/comments?post=317164"}],"version-history":[{"count":2,"href":"https:\/\/theuncommonshop.ch\/fr\/wp-json\/wp\/v2\/product\/317164\/revisions"}],"predecessor-version":[{"id":358723,"href":"https:\/\/theuncommonshop.ch\/fr\/wp-json\/wp\/v2\/product\/317164\/revisions\/358723"}],"wp:featuredmedia":[{"embeddable":true,"href":"https:\/\/theuncommonshop.ch\/fr\/wp-json\/wp\/v2\/media\/32270"}],"wp:attachment":[{"href":"https:\/\/theuncommonshop.ch\/fr\/wp-json\/wp\/v2\/media?parent=317164"}],"wp:term":[{"taxonomy":"product_brand","embeddable":true,"href":"https:\/\/theuncommonshop.ch\/fr\/wp-json\/wp\/v2\/product_brand?post=317164"},{"taxonomy":"product_cat","embeddable":true,"href":"https:\/\/theuncommonshop.ch\/fr\/wp-json\/wp\/v2\/product_cat?post=317164"},{"taxonomy":"product_tag","embeddable":true,"href":"https:\/\/theuncommonshop.ch\/fr\/wp-json\/wp\/v2\/product_tag?post=317164"}],"curies":[{"name":"wp","href":"https:\/\/api.w.org\/{rel}","templated":true}]}}