{"id":317132,"date":"2025-07-15T18:52:36","date_gmt":"2025-07-15T16:52:36","guid":{"rendered":"http:\/\/theuncommonshop.ch\/?post_type=product&#038;p=317132"},"modified":"2026-04-21T14:38:11","modified_gmt":"2026-04-21T12:38:11","slug":"pokemon-sonne-und-mond-welten-im-wandel-booster-pack-2","status":"publish","type":"product","link":"https:\/\/theuncommonshop.ch\/fr\/product\/pokemon-sonne-und-mond-welten-im-wandel-booster-pack-2\/","title":{"rendered":"Pok\u00e9mon &#8211; Soleil et Lune &#8211; Welten im Wandel &#8211; Booster Pack"},"content":{"rendered":"<p><strong>Pok\u00e9mon Soleil et Lune : Welten im Wandel Booster<\/strong><\/p>\n<div>\n<p>L&#8217;extension Soleil &amp; Lune &#8211; Welten im Wandel est l&#8217;aboutissement de la s\u00e9rie Soleil &amp; Lune. Elle met l&#8217;accent sur les liens forts entre les Pok\u00e9mon et les Dresseurs, ainsi que sur de nouvelles combinaisons TAG-TEAM extraterrestres ! Lancez-vous dans la bataille avec Glurak &amp; Rutena-GX, Bisaflor &amp; Serpifeu-GX, Turtok &amp; Plinfa-GX et Solgaleo &amp; Lunala-GX, ainsi que le trio Tag Team Arceus &amp; Dialga &amp; Palkia-GX, et bien plus encore ! Partez \u00e0 la conqu\u00eate des \u00e9toiles avec les Pok\u00e9mon exceptionnels de l&#8217;extension Soleil &amp; Lune &#8211; Welten im Wandel !   <\/p>\n<p>Contenu :<\/p>\n<ul>\n<li>1 Booster contient 10 cartes<\/li>\n<\/ul>\n<p><strong>Informations sur l&#8217;ensemble :<br \/>\n<\/strong><\/p>\n<ul>\n<li>Plus de 230 cartes !<\/li>\n<li>9 tout nouveaux Pok\u00e9mon-GX TAG-TEAM !<\/li>\n<li>7 autres GX Pok\u00e9mon !<\/li>\n<li>Premi\u00e8re apparition des cartes de soutien TAG-TEAM !<\/li>\n<li>Plus de 20 cartes d&#8217;entra\u00eeneur et 1 nouvelle carte d&#8217;\u00e9nergie sp\u00e9ciale !<\/li>\n<\/ul>\n<\/div>\n","protected":false},"excerpt":{"rendered":"<p>Pok\u00e9mon Soleil et Lune : Welten im Wandel Booster L&#8217;extension Soleil &amp; Lune &#8211; Welten im Wandel est l&#8217;aboutissement de<\/p>\n","protected":false},"featured_media":26051,"comment_status":"open","ping_status":"closed","template":"","meta":{"_acf_changed":false},"product_brand":[5114,5072],"product_cat":[10057,9807,10075],"product_tag":[],"class_list":{"0":"post-317132","1":"product","2":"type-product","3":"status-publish","4":"has-post-thumbnail","6":"product_brand-pokemon","7":"product_brand-the-pokemon-company","8":"product_cat-booster-packs-international-fr","9":"product_cat-booster-packs-pokemon","10":"product_cat-soleil-et-lune","12":"first","13":"instock","14":"taxable","15":"shipping-taxable","16":"purchasable","17":"product-type-variable"},"acf":[],"yoast_head":"<!-- This site is optimized with the Yoast SEO plugin v27.4 - https:\/\/yoast.com\/product\/yoast-seo-wordpress\/ -->\n<title>Ach\u00e8te Pok\u00e9mon - Soleil et Lune - Welten im Wandel - Booster Pack<\/title>\n<meta name=\"description\" content=\"Ach\u00e8te Pok\u00e9mon - Soleil et Lune - Welten im Wandel - Booster Pack en ligne maintenant \u00e0 petit prix! Ton #1 shop pour cartes TCG &amp; Pok\u00e9mon en Suisse \u2713 Livraison gratuite d\u00e8s CHF 29\" \/>\n<meta name=\"robots\" content=\"index, follow, max-snippet:-1, max-image-preview:large, max-video-preview:-1\" \/>\n<link rel=\"canonical\" href=\"https:\/\/theuncommonshop.ch\/fr\/product\/pokemon-sonne-und-mond-welten-im-wandel-booster-pack-2\/\" \/>\n<meta property=\"og:locale\" content=\"fr_FR\" \/>\n<meta property=\"og:type\" content=\"article\" \/>\n<meta property=\"og:title\" content=\"Ach\u00e8te Pok\u00e9mon - Soleil et Lune - Welten im Wandel - Booster Pack\" \/>\n<meta property=\"og:description\" content=\"Ach\u00e8te Pok\u00e9mon - Soleil et Lune - Welten im Wandel - Booster Pack en ligne maintenant \u00e0 petit prix! Ton #1 shop pour cartes TCG &amp; Pok\u00e9mon en Suisse \u2713 Livraison gratuite d\u00e8s CHF 29\" \/>\n<meta property=\"og:url\" content=\"https:\/\/theuncommonshop.ch\/fr\/product\/pokemon-sonne-und-mond-welten-im-wandel-booster-pack-2\/\" \/>\n<meta property=\"og:site_name\" content=\"Largest trading card shop in Switzerland\" \/>\n<meta property=\"article:modified_time\" content=\"2026-04-21T12:38:11+00:00\" \/>\n<meta property=\"og:image\" content=\"https:\/\/theuncommonshop.ch\/wp-content\/uploads\/2025\/05\/1219922024.jpg\" \/>\n\t<meta property=\"og:image:width\" content=\"379\" \/>\n\t<meta property=\"og:image:height\" content=\"600\" \/>\n\t<meta property=\"og:image:type\" content=\"image\/jpeg\" \/>\n<meta name=\"twitter:card\" content=\"summary_large_image\" \/>\n<meta name=\"twitter:label1\" content=\"Disponibilit\u00e9\" \/>\n\t<meta name=\"twitter:data1\" content=\"En stock\" \/>\n<script type=\"application\/ld+json\" class=\"yoast-schema-graph\">{\"@context\":\"https:\\\/\\\/schema.org\",\"@graph\":[{\"@type\":\"WebPage\",\"@id\":\"https:\\\/\\\/theuncommonshop.ch\\\/fr\\\/product\\\/pokemon-sonne-und-mond-welten-im-wandel-booster-pack-2\\\/\",\"url\":\"https:\\\/\\\/theuncommonshop.ch\\\/fr\\\/product\\\/pokemon-sonne-und-mond-welten-im-wandel-booster-pack-2\\\/\",\"name\":\"Ach\u00e8te Pok\u00e9mon - Soleil et Lune - Welten im Wandel - Booster Pack\",\"isPartOf\":{\"@id\":\"https:\\\/\\\/theuncommonshop.ch\\\/#website\"},\"primaryImageOfPage\":{\"@id\":\"https:\\\/\\\/theuncommonshop.ch\\\/fr\\\/product\\\/pokemon-sonne-und-mond-welten-im-wandel-booster-pack-2\\\/#primaryimage\"},\"image\":{\"@id\":\"https:\\\/\\\/theuncommonshop.ch\\\/fr\\\/product\\\/pokemon-sonne-und-mond-welten-im-wandel-booster-pack-2\\\/#primaryimage\"},\"thumbnailUrl\":\"https:\\\/\\\/theuncommonshop.ch\\\/wp-content\\\/uploads\\\/2025\\\/05\\\/1219922024.jpg\",\"datePublished\":\"2025-07-15T16:52:36+00:00\",\"dateModified\":\"2026-04-21T12:38:11+00:00\",\"description\":\"Ach\u00e8te Pok\u00e9mon - Soleil et Lune - Welten im Wandel - Booster Pack en ligne maintenant \u00e0 petit prix! Ton #1 shop pour cartes TCG & Pok\u00e9mon en Suisse \u2713 Livraison gratuite d\u00e8s CHF 29\",\"breadcrumb\":{\"@id\":\"https:\\\/\\\/theuncommonshop.ch\\\/fr\\\/product\\\/pokemon-sonne-und-mond-welten-im-wandel-booster-pack-2\\\/#breadcrumb\"},\"inLanguage\":\"fr-FR\",\"potentialAction\":[{\"@type\":\"ReadAction\",\"target\":[\"https:\\\/\\\/theuncommonshop.ch\\\/fr\\\/product\\\/pokemon-sonne-und-mond-welten-im-wandel-booster-pack-2\\\/\"]}]},{\"@type\":\"ImageObject\",\"inLanguage\":\"fr-FR\",\"@id\":\"https:\\\/\\\/theuncommonshop.ch\\\/fr\\\/product\\\/pokemon-sonne-und-mond-welten-im-wandel-booster-pack-2\\\/#primaryimage\",\"url\":\"https:\\\/\\\/theuncommonshop.ch\\\/wp-content\\\/uploads\\\/2025\\\/05\\\/1219922024.jpg\",\"contentUrl\":\"https:\\\/\\\/theuncommonshop.ch\\\/wp-content\\\/uploads\\\/2025\\\/05\\\/1219922024.jpg\",\"width\":379,\"height\":600},{\"@type\":\"BreadcrumbList\",\"@id\":\"https:\\\/\\\/theuncommonshop.ch\\\/fr\\\/product\\\/pokemon-sonne-und-mond-welten-im-wandel-booster-pack-2\\\/#breadcrumb\",\"itemListElement\":[{\"@type\":\"ListItem\",\"position\":1,\"name\":\"Accueil\",\"item\":\"https:\\\/\\\/theuncommonshop.ch\\\/fr\\\/accueil\\\/\"},{\"@type\":\"ListItem\",\"position\":2,\"name\":\"Boutique\",\"item\":\"https:\\\/\\\/theuncommonshop.ch\\\/fr\\\/boutique\\\/\"},{\"@type\":\"ListItem\",\"position\":3,\"name\":\"Pok\u00e9mon\",\"item\":\"https:\\\/\\\/theuncommonshop.ch\\\/fr\\\/categorie-produit\\\/pokemon-fr\\\/\"},{\"@type\":\"ListItem\",\"position\":4,\"name\":\"Booster Packs\",\"item\":\"https:\\\/\\\/theuncommonshop.ch\\\/fr\\\/categorie-produit\\\/pokemon-fr\\\/booster-packs-pokemon\\\/\"},{\"@type\":\"ListItem\",\"position\":5,\"name\":\"Booster Packs\",\"item\":\"https:\\\/\\\/theuncommonshop.ch\\\/fr\\\/categorie-produit\\\/pokemon-fr\\\/booster-packs-pokemon\\\/booster-packs-international-fr\\\/\"},{\"@type\":\"ListItem\",\"position\":6,\"name\":\"Pok\u00e9mon &#8211; Soleil et Lune &#8211; Welten im Wandel &#8211; Booster Pack\"}]},{\"@type\":\"WebSite\",\"@id\":\"https:\\\/\\\/theuncommonshop.ch\\\/#website\",\"url\":\"https:\\\/\\\/theuncommonshop.ch\\\/\",\"name\":\"Largest trading card shop in Switzerland\",\"description\":\"Magic, Pok\u00e9mon and Yu-gi-oh - The Uncommon Shop\",\"potentialAction\":[{\"@type\":\"SearchAction\",\"target\":{\"@type\":\"EntryPoint\",\"urlTemplate\":\"https:\\\/\\\/theuncommonshop.ch\\\/?s={search_term_string}\"},\"query-input\":{\"@type\":\"PropertyValueSpecification\",\"valueRequired\":true,\"valueName\":\"search_term_string\"}}],\"inLanguage\":\"fr-FR\"}]}<\/script>\n<meta property=\"og:availability\" content=\"instock\" \/>\n<meta property=\"product:availability\" content=\"instock\" \/>\n<meta property=\"product:condition\" content=\"new\" \/>\n<!-- \/ Yoast SEO plugin. -->","yoast_head_json":{"title":"Ach\u00e8te Pok\u00e9mon - Soleil et Lune - Welten im Wandel - Booster Pack","description":"Ach\u00e8te Pok\u00e9mon - Soleil et Lune - Welten im Wandel - Booster Pack en ligne maintenant \u00e0 petit prix! Ton #1 shop pour cartes TCG & Pok\u00e9mon en Suisse \u2713 Livraison gratuite d\u00e8s CHF 29","robots":{"index":"index","follow":"follow","max-snippet":"max-snippet:-1","max-image-preview":"max-image-preview:large","max-video-preview":"max-video-preview:-1"},"canonical":"https:\/\/theuncommonshop.ch\/fr\/product\/pokemon-sonne-und-mond-welten-im-wandel-booster-pack-2\/","og_locale":"fr_FR","og_type":"article","og_title":"Ach\u00e8te Pok\u00e9mon - Soleil et Lune - Welten im Wandel - Booster Pack","og_description":"Ach\u00e8te Pok\u00e9mon - Soleil et Lune - Welten im Wandel - Booster Pack en ligne maintenant \u00e0 petit prix! Ton #1 shop pour cartes TCG & Pok\u00e9mon en Suisse \u2713 Livraison gratuite d\u00e8s CHF 29","og_url":"https:\/\/theuncommonshop.ch\/fr\/product\/pokemon-sonne-und-mond-welten-im-wandel-booster-pack-2\/","og_site_name":"Largest trading card shop in Switzerland","article_modified_time":"2026-04-21T12:38:11+00:00","og_image":[{"width":379,"height":600,"url":"https:\/\/theuncommonshop.ch\/wp-content\/uploads\/2025\/05\/1219922024.jpg","type":"image\/jpeg"}],"twitter_card":"summary_large_image","twitter_misc":{"Disponibilit\u00e9":"En stock"},"schema":{"@context":"https:\/\/schema.org","@graph":[{"@type":"WebPage","@id":"https:\/\/theuncommonshop.ch\/fr\/product\/pokemon-sonne-und-mond-welten-im-wandel-booster-pack-2\/","url":"https:\/\/theuncommonshop.ch\/fr\/product\/pokemon-sonne-und-mond-welten-im-wandel-booster-pack-2\/","name":"Ach\u00e8te Pok\u00e9mon - Soleil et Lune - Welten im Wandel - Booster Pack","isPartOf":{"@id":"https:\/\/theuncommonshop.ch\/#website"},"primaryImageOfPage":{"@id":"https:\/\/theuncommonshop.ch\/fr\/product\/pokemon-sonne-und-mond-welten-im-wandel-booster-pack-2\/#primaryimage"},"image":{"@id":"https:\/\/theuncommonshop.ch\/fr\/product\/pokemon-sonne-und-mond-welten-im-wandel-booster-pack-2\/#primaryimage"},"thumbnailUrl":"https:\/\/theuncommonshop.ch\/wp-content\/uploads\/2025\/05\/1219922024.jpg","datePublished":"2025-07-15T16:52:36+00:00","dateModified":"2026-04-21T12:38:11+00:00","description":"Ach\u00e8te Pok\u00e9mon - Soleil et Lune - Welten im Wandel - Booster Pack en ligne maintenant \u00e0 petit prix! Ton #1 shop pour cartes TCG & Pok\u00e9mon en Suisse \u2713 Livraison gratuite d\u00e8s CHF 29","breadcrumb":{"@id":"https:\/\/theuncommonshop.ch\/fr\/product\/pokemon-sonne-und-mond-welten-im-wandel-booster-pack-2\/#breadcrumb"},"inLanguage":"fr-FR","potentialAction":[{"@type":"ReadAction","target":["https:\/\/theuncommonshop.ch\/fr\/product\/pokemon-sonne-und-mond-welten-im-wandel-booster-pack-2\/"]}]},{"@type":"ImageObject","inLanguage":"fr-FR","@id":"https:\/\/theuncommonshop.ch\/fr\/product\/pokemon-sonne-und-mond-welten-im-wandel-booster-pack-2\/#primaryimage","url":"https:\/\/theuncommonshop.ch\/wp-content\/uploads\/2025\/05\/1219922024.jpg","contentUrl":"https:\/\/theuncommonshop.ch\/wp-content\/uploads\/2025\/05\/1219922024.jpg","width":379,"height":600},{"@type":"BreadcrumbList","@id":"https:\/\/theuncommonshop.ch\/fr\/product\/pokemon-sonne-und-mond-welten-im-wandel-booster-pack-2\/#breadcrumb","itemListElement":[{"@type":"ListItem","position":1,"name":"Accueil","item":"https:\/\/theuncommonshop.ch\/fr\/accueil\/"},{"@type":"ListItem","position":2,"name":"Boutique","item":"https:\/\/theuncommonshop.ch\/fr\/boutique\/"},{"@type":"ListItem","position":3,"name":"Pok\u00e9mon","item":"https:\/\/theuncommonshop.ch\/fr\/categorie-produit\/pokemon-fr\/"},{"@type":"ListItem","position":4,"name":"Booster Packs","item":"https:\/\/theuncommonshop.ch\/fr\/categorie-produit\/pokemon-fr\/booster-packs-pokemon\/"},{"@type":"ListItem","position":5,"name":"Booster Packs","item":"https:\/\/theuncommonshop.ch\/fr\/categorie-produit\/pokemon-fr\/booster-packs-pokemon\/booster-packs-international-fr\/"},{"@type":"ListItem","position":6,"name":"Pok\u00e9mon &#8211; Soleil et Lune &#8211; Welten im Wandel &#8211; Booster Pack"}]},{"@type":"WebSite","@id":"https:\/\/theuncommonshop.ch\/#website","url":"https:\/\/theuncommonshop.ch\/","name":"Largest trading card shop in Switzerland","description":"Magic, Pok\u00e9mon and Yu-gi-oh - The Uncommon Shop","potentialAction":[{"@type":"SearchAction","target":{"@type":"EntryPoint","urlTemplate":"https:\/\/theuncommonshop.ch\/?s={search_term_string}"},"query-input":{"@type":"PropertyValueSpecification","valueRequired":true,"valueName":"search_term_string"}}],"inLanguage":"fr-FR"}]},"og_availability":"instock","product_availability":"instock","product_condition":"new"},"_links":{"self":[{"href":"https:\/\/theuncommonshop.ch\/fr\/wp-json\/wp\/v2\/product\/317132","targetHints":{"allow":["GET"]}}],"collection":[{"href":"https:\/\/theuncommonshop.ch\/fr\/wp-json\/wp\/v2\/product"}],"about":[{"href":"https:\/\/theuncommonshop.ch\/fr\/wp-json\/wp\/v2\/types\/product"}],"replies":[{"embeddable":true,"href":"https:\/\/theuncommonshop.ch\/fr\/wp-json\/wp\/v2\/comments?post=317132"}],"version-history":[{"count":2,"href":"https:\/\/theuncommonshop.ch\/fr\/wp-json\/wp\/v2\/product\/317132\/revisions"}],"predecessor-version":[{"id":352470,"href":"https:\/\/theuncommonshop.ch\/fr\/wp-json\/wp\/v2\/product\/317132\/revisions\/352470"}],"wp:featuredmedia":[{"embeddable":true,"href":"https:\/\/theuncommonshop.ch\/fr\/wp-json\/wp\/v2\/media\/26051"}],"wp:attachment":[{"href":"https:\/\/theuncommonshop.ch\/fr\/wp-json\/wp\/v2\/media?parent=317132"}],"wp:term":[{"taxonomy":"product_brand","embeddable":true,"href":"https:\/\/theuncommonshop.ch\/fr\/wp-json\/wp\/v2\/product_brand?post=317132"},{"taxonomy":"product_cat","embeddable":true,"href":"https:\/\/theuncommonshop.ch\/fr\/wp-json\/wp\/v2\/product_cat?post=317132"},{"taxonomy":"product_tag","embeddable":true,"href":"https:\/\/theuncommonshop.ch\/fr\/wp-json\/wp\/v2\/product_tag?post=317132"}],"curies":[{"name":"wp","href":"https:\/\/api.w.org\/{rel}","templated":true}]}}