{"id":316740,"date":"2025-06-12T15:28:05","date_gmt":"2025-06-12T15:28:05","guid":{"rendered":"http:\/\/theuncommonshop.ch\/produkt\/316740\/"},"modified":"2026-03-29T16:09:09","modified_gmt":"2026-03-29T14:09:09","slug":"yu-gi-oh-blue-eyes-white-destiny-structure-deck-1-edition-2","status":"publish","type":"product","link":"https:\/\/theuncommonshop.ch\/fr\/product\/yu-gi-oh-blue-eyes-white-destiny-structure-deck-1-edition-2\/","title":{"rendered":"Yu-Gi-Oh ! &#8211; Blue-Eyes White Destiny &#8211; Structure Deck (1st Edition)"},"content":{"rendered":"<p>Pr\u00e9parez-vous pour le prochain chapitre de la strat\u00e9gie Blue-Eyes White Dragon : l&#8217;\u00e9lectrisant Blue-Eyes White Destiny Structure Deck !<\/p>\n<div>Ce deck de 50 cartes contient tout ce dont vous avez besoin pour amener votre deck &#8220;Blue Eyes&#8221; au prochain niveau d&#8217;invincibilit\u00e9 :<\/div>\n<div>Le tout-puissant Dragon Fant\u00f4me Ultime aux Yeux Bleus ! Ce Monstre de Synchro de Niveau 12 n&#8217;est pas seulement un Monstre de Synchro, c&#8217;est une Monstruosit\u00e9 de Synchro ! Une fois par tour, ce dragon peut annuler tout effet activ\u00e9 par votre adversaire sur le Terrain. Et quand il le fait, il consomme \u00e9galement l&#8217;effet annul\u00e9 pour gagner 1000 points d&#8217;attaque pour ce tour. Mais attendez &#8211; il y a plus ! Il prot\u00e8ge \u00e9galement votre cimeti\u00e8re, de sorte que votre adversaire ne peut pas bannir les cartes qui s&#8217;y trouvent. Et dans le cas improbable o\u00f9 votre adversaire parviendrait \u00e0 d\u00e9passer ses 3500 points d&#8217;attaque, vous pouvez simplement invoquer un autre monstre dragon de Lumi\u00e8re depuis votre Cimeti\u00e8re &#8211; m\u00eame un dragon blanc aux yeux bleus !      <\/div>\n<div>Une nouvelle synchro a besoin d&#8217;un nouvel accordeur ! L&#8217;Hippocampe N\u00e9o Empereur est un accordeur de niveau 4 qui vous donne un acc\u00e8s instantan\u00e9 aux outils dont vous avez besoin en se faisant lui-m\u00eame une Invocation Sp\u00e9ciale depuis votre main et en ajustant le niveau de chaque accordeur (m\u00eame le sien !) de +\/- 1. Et il peut acc\u00e9der \u00e0 vos monstres &#8220;aux yeux bleus&#8221; de votre deck en les envoyant directement dans votre cimeti\u00e8re pour les ressusciter facilement !  <\/div>\n<div>Maiden of White est un autre ajout puissant \u00e0 ce deck. Chaque fois que cet accordeur insaisissable est cibl\u00e9 (m\u00eame par vos propres effets !), vous pouvez invoquer Dragon Blanc aux Yeux Bleus ou n&#8217;importe quel accordeur de Lumi\u00e8re de niveau 1 depuis votre Cimeti\u00e8re. Et chaque fois que vous invoquez le Dragon Blanc aux Yeux Bleus, vous pouvez invoquer la Vierge Blanche depuis votre cimeti\u00e8re. Et contrairement \u00e0 la plupart des effets, la Vierge de Blanc ne se bannit pas elle-m\u00eame apr\u00e8s que vous ayez utilis\u00e9 cet effet, ce qui vous permet de l&#8217;utiliser pendant toute la dur\u00e9e du duel.   <\/div>\n<div>Ajoutez \u00e0 cela le tout premier monstre Link pour votre deck &#8220;Yeux bleus&#8221;, un tout nouveau monstre Xyz et bien plus encore !<\/div>\n<div>Le deck est rempli de cartes dont tout duelliste &#8220;aux yeux bleus&#8221; a besoin pour son deck, comme le Dragon Blanc Alternatif aux Yeux Bleus, le Dragon Rayonnant aux Yeux Bleus et m\u00eame 3 copies de Sauge aux Yeux Bleus ! Il contient \u00e9galement des cartes incroyables comme Nibiru la cr\u00e9ature primordiale, Fleur de cendre &amp; Printemps joyeux, Inconstance infinie, Voile d&#8217;effets et bien plus encore ! <\/div>\n<div>Et comme nous c\u00e9l\u00e9brons notre 25e anniversaire, il y a bien s\u00fbr un peu de gloire du quart de si\u00e8cle. Un petit nombre de decks contiendra 1 carte sur 3 &#8211; Vierge blanche, Souhaits pour les yeux bleus ou Dragon fant\u00f4me ultime aux yeux bleus &#8211; comme raret\u00e9 secr\u00e8te du quart de si\u00e8cle. <\/div>\n<div><strong><u>Paquet de structure : Blue-Eyes White Destiny est livr\u00e9 avec 50 cartes :<\/u><\/strong><\/div>\n<p>5 Ultra Rares (dont 3 ont une petite chance d&#8217;\u00eatre des Quarter-Century Secret Rares plut\u00f4t que des Ultra Rares), 3 Super Rares, 42 Commons<\/p>\n","protected":false},"excerpt":{"rendered":"<p>Pr\u00e9parez-vous pour le prochain chapitre de la strat\u00e9gie Blue-Eyes White Dragon : l&#8217;\u00e9lectrisant Blue-Eyes White Destiny Structure Deck ! Ce<\/p>\n","protected":false},"featured_media":30734,"comment_status":"open","ping_status":"closed","template":"","meta":{"_acf_changed":false},"product_brand":[5074,5112],"product_cat":[9837,9779],"product_tag":[],"class_list":{"0":"post-316740","1":"product","2":"type-product","3":"status-publish","4":"has-post-thumbnail","6":"product_brand-konami","7":"product_brand-yu-gi-oh","8":"product_cat-decks-yugioh","9":"product_cat-yu-gi-oh-fr","11":"first","12":"outofstock","13":"taxable","14":"shipping-taxable","15":"purchasable","16":"product-type-variable"},"acf":[],"yoast_head":"<!-- This site is optimized with the Yoast SEO plugin v27.5 - https:\/\/yoast.com\/product\/yoast-seo-wordpress\/ -->\n<title>Ach\u00e8te Yu-Gi-Oh ! - Blue-Eyes White Destiny - Structure Deck (1st Edition)<\/title>\n<meta name=\"description\" content=\"Ach\u00e8te Yu-Gi-Oh ! - Blue-Eyes White Destiny - Structure Deck (1st Edition) en ligne maintenant \u00e0 petit prix! Ton #1 shop pour cartes TCG &amp; Pok\u00e9mon en Suisse \u2713 Livraison gratuite d\u00e8s CHF 29\" \/>\n<meta name=\"robots\" content=\"index, follow, max-snippet:-1, max-image-preview:large, max-video-preview:-1\" \/>\n<link rel=\"canonical\" href=\"https:\/\/theuncommonshop.ch\/fr\/product\/yu-gi-oh-blue-eyes-white-destiny-structure-deck-1-edition-2\/\" \/>\n<meta property=\"og:locale\" content=\"fr_FR\" \/>\n<meta property=\"og:type\" content=\"article\" \/>\n<meta property=\"og:title\" content=\"Ach\u00e8te Yu-Gi-Oh ! - Blue-Eyes White Destiny - Structure Deck (1st Edition)\" \/>\n<meta property=\"og:description\" content=\"Ach\u00e8te Yu-Gi-Oh ! - Blue-Eyes White Destiny - Structure Deck (1st Edition) en ligne maintenant \u00e0 petit prix! Ton #1 shop pour cartes TCG &amp; Pok\u00e9mon en Suisse \u2713 Livraison gratuite d\u00e8s CHF 29\" \/>\n<meta property=\"og:url\" content=\"https:\/\/theuncommonshop.ch\/fr\/product\/yu-gi-oh-blue-eyes-white-destiny-structure-deck-1-edition-2\/\" \/>\n<meta property=\"og:site_name\" content=\"The Uncommon Shop\" \/>\n<meta property=\"article:modified_time\" content=\"2026-03-29T14:09:09+00:00\" \/>\n<meta property=\"og:image\" content=\"https:\/\/theuncommonshop.ch\/wp-content\/uploads\/2025\/05\/4598313392.jpg\" \/>\n\t<meta property=\"og:image:width\" content=\"403\" \/>\n\t<meta property=\"og:image:height\" content=\"657\" \/>\n\t<meta property=\"og:image:type\" content=\"image\/jpeg\" \/>\n<meta name=\"twitter:card\" content=\"summary_large_image\" \/>\n<meta name=\"twitter:label1\" content=\"Disponibilit\u00e9\" \/>\n\t<meta name=\"twitter:data1\" content=\"Rupture de stock\" \/>\n<script type=\"application\/ld+json\" class=\"yoast-schema-graph\">{\"@context\":\"https:\\\/\\\/schema.org\",\"@graph\":[{\"@type\":\"WebPage\",\"@id\":\"https:\\\/\\\/theuncommonshop.ch\\\/fr\\\/product\\\/yu-gi-oh-blue-eyes-white-destiny-structure-deck-1-edition-2\\\/\",\"url\":\"https:\\\/\\\/theuncommonshop.ch\\\/fr\\\/product\\\/yu-gi-oh-blue-eyes-white-destiny-structure-deck-1-edition-2\\\/\",\"name\":\"Ach\u00e8te Yu-Gi-Oh ! - Blue-Eyes White Destiny - Structure Deck (1st Edition)\",\"isPartOf\":{\"@id\":\"https:\\\/\\\/theuncommonshop.ch\\\/fr\\\/#website\"},\"primaryImageOfPage\":{\"@id\":\"https:\\\/\\\/theuncommonshop.ch\\\/fr\\\/product\\\/yu-gi-oh-blue-eyes-white-destiny-structure-deck-1-edition-2\\\/#primaryimage\"},\"image\":{\"@id\":\"https:\\\/\\\/theuncommonshop.ch\\\/fr\\\/product\\\/yu-gi-oh-blue-eyes-white-destiny-structure-deck-1-edition-2\\\/#primaryimage\"},\"thumbnailUrl\":\"https:\\\/\\\/theuncommonshop.ch\\\/wp-content\\\/uploads\\\/2025\\\/05\\\/4598313392.jpg\",\"datePublished\":\"2025-06-12T15:28:05+00:00\",\"dateModified\":\"2026-03-29T14:09:09+00:00\",\"description\":\"Ach\u00e8te Yu-Gi-Oh ! - Blue-Eyes White Destiny - Structure Deck (1st Edition) en ligne maintenant \u00e0 petit prix! Ton #1 shop pour cartes TCG & Pok\u00e9mon en Suisse \u2713 Livraison gratuite d\u00e8s CHF 29\",\"breadcrumb\":{\"@id\":\"https:\\\/\\\/theuncommonshop.ch\\\/fr\\\/product\\\/yu-gi-oh-blue-eyes-white-destiny-structure-deck-1-edition-2\\\/#breadcrumb\"},\"inLanguage\":\"fr-FR\",\"potentialAction\":[{\"@type\":\"ReadAction\",\"target\":[\"https:\\\/\\\/theuncommonshop.ch\\\/fr\\\/product\\\/yu-gi-oh-blue-eyes-white-destiny-structure-deck-1-edition-2\\\/\"]}]},{\"@type\":\"ImageObject\",\"inLanguage\":\"fr-FR\",\"@id\":\"https:\\\/\\\/theuncommonshop.ch\\\/fr\\\/product\\\/yu-gi-oh-blue-eyes-white-destiny-structure-deck-1-edition-2\\\/#primaryimage\",\"url\":\"https:\\\/\\\/theuncommonshop.ch\\\/wp-content\\\/uploads\\\/2025\\\/05\\\/4598313392.jpg\",\"contentUrl\":\"https:\\\/\\\/theuncommonshop.ch\\\/wp-content\\\/uploads\\\/2025\\\/05\\\/4598313392.jpg\",\"width\":403,\"height\":657},{\"@type\":\"BreadcrumbList\",\"@id\":\"https:\\\/\\\/theuncommonshop.ch\\\/fr\\\/product\\\/yu-gi-oh-blue-eyes-white-destiny-structure-deck-1-edition-2\\\/#breadcrumb\",\"itemListElement\":[{\"@type\":\"ListItem\",\"position\":1,\"name\":\"Accueil\",\"item\":\"https:\\\/\\\/theuncommonshop.ch\\\/fr\\\/accueil\\\/\"},{\"@type\":\"ListItem\",\"position\":2,\"name\":\"Boutique\",\"item\":\"https:\\\/\\\/theuncommonshop.ch\\\/fr\\\/boutique\\\/\"},{\"@type\":\"ListItem\",\"position\":3,\"name\":\"Yu-Gi-Oh!\",\"item\":\"https:\\\/\\\/theuncommonshop.ch\\\/fr\\\/categorie-produit\\\/yu-gi-oh-fr\\\/\"},{\"@type\":\"ListItem\",\"position\":4,\"name\":\"Decks\",\"item\":\"https:\\\/\\\/theuncommonshop.ch\\\/fr\\\/categorie-produit\\\/yu-gi-oh-fr\\\/decks-yugioh\\\/\"},{\"@type\":\"ListItem\",\"position\":5,\"name\":\"Yu-Gi-Oh ! &#8211; Blue-Eyes White Destiny &#8211; Structure Deck (1st Edition)\"}]},{\"@type\":\"WebSite\",\"@id\":\"https:\\\/\\\/theuncommonshop.ch\\\/fr\\\/#website\",\"url\":\"https:\\\/\\\/theuncommonshop.ch\\\/fr\\\/\",\"name\":\"The Uncommon Shop\",\"description\":\"Magic, Pok\u00e9mon and Yu-gi-oh - The Uncommon Shop\",\"potentialAction\":[{\"@type\":\"SearchAction\",\"target\":{\"@type\":\"EntryPoint\",\"urlTemplate\":\"https:\\\/\\\/theuncommonshop.ch\\\/fr\\\/?s={search_term_string}\"},\"query-input\":{\"@type\":\"PropertyValueSpecification\",\"valueRequired\":true,\"valueName\":\"search_term_string\"}}],\"inLanguage\":\"fr-FR\"}]}<\/script>\n<meta property=\"og:availability\" content=\"out of stock\" \/>\n<meta property=\"product:availability\" content=\"out of stock\" \/>\n<meta property=\"product:retailer_item_id\" content=\"YGO.VII.B.BlueEyesDestiny.DE\" \/>\n<meta property=\"product:condition\" content=\"new\" \/>\n<!-- \/ Yoast SEO plugin. -->","yoast_head_json":{"title":"Ach\u00e8te Yu-Gi-Oh ! - Blue-Eyes White Destiny - Structure Deck (1st Edition)","description":"Ach\u00e8te Yu-Gi-Oh ! - Blue-Eyes White Destiny - Structure Deck (1st Edition) en ligne maintenant \u00e0 petit prix! Ton #1 shop pour cartes TCG & Pok\u00e9mon en Suisse \u2713 Livraison gratuite d\u00e8s CHF 29","robots":{"index":"index","follow":"follow","max-snippet":"max-snippet:-1","max-image-preview":"max-image-preview:large","max-video-preview":"max-video-preview:-1"},"canonical":"https:\/\/theuncommonshop.ch\/fr\/product\/yu-gi-oh-blue-eyes-white-destiny-structure-deck-1-edition-2\/","og_locale":"fr_FR","og_type":"article","og_title":"Ach\u00e8te Yu-Gi-Oh ! - Blue-Eyes White Destiny - Structure Deck (1st Edition)","og_description":"Ach\u00e8te Yu-Gi-Oh ! - Blue-Eyes White Destiny - Structure Deck (1st Edition) en ligne maintenant \u00e0 petit prix! Ton #1 shop pour cartes TCG & Pok\u00e9mon en Suisse \u2713 Livraison gratuite d\u00e8s CHF 29","og_url":"https:\/\/theuncommonshop.ch\/fr\/product\/yu-gi-oh-blue-eyes-white-destiny-structure-deck-1-edition-2\/","og_site_name":"The Uncommon Shop","article_modified_time":"2026-03-29T14:09:09+00:00","og_image":[{"width":403,"height":657,"url":"https:\/\/theuncommonshop.ch\/wp-content\/uploads\/2025\/05\/4598313392.jpg","type":"image\/jpeg"}],"twitter_card":"summary_large_image","twitter_misc":{"Disponibilit\u00e9":"Rupture de stock"},"schema":{"@context":"https:\/\/schema.org","@graph":[{"@type":"WebPage","@id":"https:\/\/theuncommonshop.ch\/fr\/product\/yu-gi-oh-blue-eyes-white-destiny-structure-deck-1-edition-2\/","url":"https:\/\/theuncommonshop.ch\/fr\/product\/yu-gi-oh-blue-eyes-white-destiny-structure-deck-1-edition-2\/","name":"Ach\u00e8te Yu-Gi-Oh ! - Blue-Eyes White Destiny - Structure Deck (1st Edition)","isPartOf":{"@id":"https:\/\/theuncommonshop.ch\/fr\/#website"},"primaryImageOfPage":{"@id":"https:\/\/theuncommonshop.ch\/fr\/product\/yu-gi-oh-blue-eyes-white-destiny-structure-deck-1-edition-2\/#primaryimage"},"image":{"@id":"https:\/\/theuncommonshop.ch\/fr\/product\/yu-gi-oh-blue-eyes-white-destiny-structure-deck-1-edition-2\/#primaryimage"},"thumbnailUrl":"https:\/\/theuncommonshop.ch\/wp-content\/uploads\/2025\/05\/4598313392.jpg","datePublished":"2025-06-12T15:28:05+00:00","dateModified":"2026-03-29T14:09:09+00:00","description":"Ach\u00e8te Yu-Gi-Oh ! - Blue-Eyes White Destiny - Structure Deck (1st Edition) en ligne maintenant \u00e0 petit prix! Ton #1 shop pour cartes TCG & Pok\u00e9mon en Suisse \u2713 Livraison gratuite d\u00e8s CHF 29","breadcrumb":{"@id":"https:\/\/theuncommonshop.ch\/fr\/product\/yu-gi-oh-blue-eyes-white-destiny-structure-deck-1-edition-2\/#breadcrumb"},"inLanguage":"fr-FR","potentialAction":[{"@type":"ReadAction","target":["https:\/\/theuncommonshop.ch\/fr\/product\/yu-gi-oh-blue-eyes-white-destiny-structure-deck-1-edition-2\/"]}]},{"@type":"ImageObject","inLanguage":"fr-FR","@id":"https:\/\/theuncommonshop.ch\/fr\/product\/yu-gi-oh-blue-eyes-white-destiny-structure-deck-1-edition-2\/#primaryimage","url":"https:\/\/theuncommonshop.ch\/wp-content\/uploads\/2025\/05\/4598313392.jpg","contentUrl":"https:\/\/theuncommonshop.ch\/wp-content\/uploads\/2025\/05\/4598313392.jpg","width":403,"height":657},{"@type":"BreadcrumbList","@id":"https:\/\/theuncommonshop.ch\/fr\/product\/yu-gi-oh-blue-eyes-white-destiny-structure-deck-1-edition-2\/#breadcrumb","itemListElement":[{"@type":"ListItem","position":1,"name":"Accueil","item":"https:\/\/theuncommonshop.ch\/fr\/accueil\/"},{"@type":"ListItem","position":2,"name":"Boutique","item":"https:\/\/theuncommonshop.ch\/fr\/boutique\/"},{"@type":"ListItem","position":3,"name":"Yu-Gi-Oh!","item":"https:\/\/theuncommonshop.ch\/fr\/categorie-produit\/yu-gi-oh-fr\/"},{"@type":"ListItem","position":4,"name":"Decks","item":"https:\/\/theuncommonshop.ch\/fr\/categorie-produit\/yu-gi-oh-fr\/decks-yugioh\/"},{"@type":"ListItem","position":5,"name":"Yu-Gi-Oh ! &#8211; Blue-Eyes White Destiny &#8211; Structure Deck (1st Edition)"}]},{"@type":"WebSite","@id":"https:\/\/theuncommonshop.ch\/fr\/#website","url":"https:\/\/theuncommonshop.ch\/fr\/","name":"The Uncommon Shop","description":"Magic, Pok\u00e9mon and Yu-gi-oh - The Uncommon Shop","potentialAction":[{"@type":"SearchAction","target":{"@type":"EntryPoint","urlTemplate":"https:\/\/theuncommonshop.ch\/fr\/?s={search_term_string}"},"query-input":{"@type":"PropertyValueSpecification","valueRequired":true,"valueName":"search_term_string"}}],"inLanguage":"fr-FR"}]},"og_availability":"out of stock","product_availability":"out of stock","product_retailer_item_id":"YGO.VII.B.BlueEyesDestiny.DE","product_condition":"new"},"_links":{"self":[{"href":"https:\/\/theuncommonshop.ch\/fr\/wp-json\/wp\/v2\/product\/316740","targetHints":{"allow":["GET"]}}],"collection":[{"href":"https:\/\/theuncommonshop.ch\/fr\/wp-json\/wp\/v2\/product"}],"about":[{"href":"https:\/\/theuncommonshop.ch\/fr\/wp-json\/wp\/v2\/types\/product"}],"replies":[{"embeddable":true,"href":"https:\/\/theuncommonshop.ch\/fr\/wp-json\/wp\/v2\/comments?post=316740"}],"version-history":[{"count":0,"href":"https:\/\/theuncommonshop.ch\/fr\/wp-json\/wp\/v2\/product\/316740\/revisions"}],"wp:featuredmedia":[{"embeddable":true,"href":"https:\/\/theuncommonshop.ch\/fr\/wp-json\/wp\/v2\/media\/30734"}],"wp:attachment":[{"href":"https:\/\/theuncommonshop.ch\/fr\/wp-json\/wp\/v2\/media?parent=316740"}],"wp:term":[{"taxonomy":"product_brand","embeddable":true,"href":"https:\/\/theuncommonshop.ch\/fr\/wp-json\/wp\/v2\/product_brand?post=316740"},{"taxonomy":"product_cat","embeddable":true,"href":"https:\/\/theuncommonshop.ch\/fr\/wp-json\/wp\/v2\/product_cat?post=316740"},{"taxonomy":"product_tag","embeddable":true,"href":"https:\/\/theuncommonshop.ch\/fr\/wp-json\/wp\/v2\/product_tag?post=316740"}],"curies":[{"name":"wp","href":"https:\/\/api.w.org\/{rel}","templated":true}]}}