{"id":316675,"date":"2025-06-12T15:04:29","date_gmt":"2025-06-12T15:04:29","guid":{"rendered":"http:\/\/theuncommonshop.ch\/produkt\/316675\/"},"modified":"2026-04-01T05:50:08","modified_gmt":"2026-04-01T03:50:08","slug":"magic-foundations-fdn-play-booster-pack-2","status":"publish","type":"product","link":"https:\/\/theuncommonshop.ch\/fr\/product\/magic-foundations-fdn-play-booster-pack-2\/","title":{"rendered":"Magic &#8211; Foundations (FDN) &#8211; Play Booster Pack"},"content":{"rendered":"<ul>\n<li>BIENVENUE DANS LE MULTIVERSE &#8211; Rencontrez les personnages les plus populaires de Magic, r\u00e9veillez des zombies ou des chats et commandez strat\u00e9giquement des arm\u00e9es ou des forces anciennes ; ce Deck Set couvre les plus grands hits de Magic et c&#8217;est le moyen id\u00e9al pour jouer avec vos amis.<\/li>\n<li>UN JEU QUI MELIE L&#8217;ART, L&#8217;HISTOIRE ET LA STRAT\u00c9GIE &#8211; Magic : The Gathering est un jeu de cartes \u00e0 collectionner qui allie une strat\u00e9gie profonde, un art magnifique, des histoires fantastiques et une communaut\u00e9 de fans florissante pour cr\u00e9er une exp\u00e9rience de jeu de cartes unique.<\/li>\n<li>LES MEILLEURS BOOSTERS POUR JOUER AVEC DES AMIS &#8211; Composez un deck \u00e0 partir de vos combinaisons de couleurs pr\u00e9f\u00e9r\u00e9es ou cr\u00e9ez des Packs Draft avec des amis. Les Boosters Play sont sp\u00e9cialement \u00e9quilibr\u00e9s pour chaque type de jeu. <\/li>\n<li>SIMPLEMENT LES MEILLEURES CARTES &#8211; Jouez avec les cartes qui ont fait de Magic ce qu&#8217;il est aujourd&#8217;hui et ouvrez des Packs qui peuvent contenir de magnifiques cartes sans bordures qui mettent pleinement en valeur l&#8217;art de la carte, y compris des r\u00e9\u00e9ditions favorites des fans avec un art nouveau.<\/li>\n<li>COLLECT RARE &amp; MYTHIC RARE CARDS &#8211; Chaque Booster de jeu contient 1-4 cartes de raret\u00e9 Rare ou sup\u00e9rieure, y compris la possibilit\u00e9 d&#8217;une carte Special Guest Mythic Rare avec un cadre ancien magnifique de l&#8217;histoire de Magic<\/li>\n<li>CARTE FOLIQUE DANS CHAQUE BOOSTER &#8211; Chaque Play Booster contient \u00e9galement au moins 1 carte traditionnelle lumineuse \u00e0 transparents de n&#8217;importe quelle raret\u00e9 ; dans 20% des Packs, vous trouverez \u00e9galement une carte traditionnelle \u00e0 transparents.<\/li>\n<\/ul>\n","protected":false},"excerpt":{"rendered":"<p>BIENVENUE DANS LE MULTIVERSE &#8211; Rencontrez les personnages les plus populaires de Magic, r\u00e9veillez des zombies ou des chats et<\/p>\n","protected":false},"featured_media":29914,"comment_status":"open","ping_status":"closed","template":"","meta":{"_acf_changed":false},"product_brand":[5158,5070],"product_cat":[9985,10179,9967],"product_tag":[],"class_list":{"0":"post-316675","1":"product","2":"type-product","3":"status-publish","4":"has-post-thumbnail","6":"product_brand-magic-the-gathering","7":"product_brand-wizards-of-the-coast","8":"product_cat-booster-packs-fr","9":"product_cat-fondations","10":"product_cat-magic-the-gathering-fr","12":"first","13":"instock","14":"taxable","15":"shipping-taxable","16":"purchasable","17":"product-type-variable"},"acf":[],"yoast_head":"<!-- This site is optimized with the Yoast SEO plugin v27.4 - https:\/\/yoast.com\/product\/yoast-seo-wordpress\/ -->\n<title>Ach\u00e8te Magic - Foundations (FDN) - Play Booster Pack<\/title>\n<meta name=\"description\" content=\"Ach\u00e8te Magic - Foundations (FDN) - Play Booster Pack en ligne maintenant \u00e0 petit prix! Ton #1 shop pour cartes TCG &amp; Pok\u00e9mon en Suisse \u2713 Livraison gratuite d\u00e8s CHF 29\" \/>\n<meta name=\"robots\" content=\"index, follow, max-snippet:-1, max-image-preview:large, max-video-preview:-1\" \/>\n<link rel=\"canonical\" href=\"https:\/\/theuncommonshop.ch\/fr\/product\/magic-foundations-fdn-play-booster-pack-2\/\" \/>\n<meta property=\"og:locale\" content=\"fr_FR\" \/>\n<meta property=\"og:type\" content=\"article\" \/>\n<meta property=\"og:title\" content=\"Ach\u00e8te Magic - Foundations (FDN) - Play Booster Pack\" \/>\n<meta property=\"og:description\" content=\"Ach\u00e8te Magic - Foundations (FDN) - Play Booster Pack en ligne maintenant \u00e0 petit prix! Ton #1 shop pour cartes TCG &amp; Pok\u00e9mon en Suisse \u2713 Livraison gratuite d\u00e8s CHF 29\" \/>\n<meta property=\"og:url\" content=\"https:\/\/theuncommonshop.ch\/fr\/product\/magic-foundations-fdn-play-booster-pack-2\/\" \/>\n<meta property=\"og:site_name\" content=\"Largest trading card shop in Switzerland\" \/>\n<meta property=\"article:modified_time\" content=\"2026-04-01T03:50:08+00:00\" \/>\n<meta property=\"og:image\" content=\"https:\/\/theuncommonshop.ch\/wp-content\/uploads\/2025\/05\/4471449631.jpg\" \/>\n\t<meta property=\"og:image:width\" content=\"900\" \/>\n\t<meta property=\"og:image:height\" content=\"1637\" \/>\n\t<meta property=\"og:image:type\" content=\"image\/jpeg\" \/>\n<meta name=\"twitter:card\" content=\"summary_large_image\" \/>\n<meta name=\"twitter:label1\" content=\"Disponibilit\u00e9\" \/>\n\t<meta name=\"twitter:data1\" content=\"En stock\" \/>\n<script type=\"application\/ld+json\" class=\"yoast-schema-graph\">{\"@context\":\"https:\\\/\\\/schema.org\",\"@graph\":[{\"@type\":\"WebPage\",\"@id\":\"https:\\\/\\\/theuncommonshop.ch\\\/fr\\\/product\\\/magic-foundations-fdn-play-booster-pack-2\\\/\",\"url\":\"https:\\\/\\\/theuncommonshop.ch\\\/fr\\\/product\\\/magic-foundations-fdn-play-booster-pack-2\\\/\",\"name\":\"Ach\u00e8te Magic - Foundations (FDN) - Play Booster Pack\",\"isPartOf\":{\"@id\":\"https:\\\/\\\/theuncommonshop.ch\\\/#website\"},\"primaryImageOfPage\":{\"@id\":\"https:\\\/\\\/theuncommonshop.ch\\\/fr\\\/product\\\/magic-foundations-fdn-play-booster-pack-2\\\/#primaryimage\"},\"image\":{\"@id\":\"https:\\\/\\\/theuncommonshop.ch\\\/fr\\\/product\\\/magic-foundations-fdn-play-booster-pack-2\\\/#primaryimage\"},\"thumbnailUrl\":\"https:\\\/\\\/theuncommonshop.ch\\\/wp-content\\\/uploads\\\/2025\\\/05\\\/4471449631.jpg\",\"datePublished\":\"2025-06-12T15:04:29+00:00\",\"dateModified\":\"2026-04-01T03:50:08+00:00\",\"description\":\"Ach\u00e8te Magic - Foundations (FDN) - Play Booster Pack en ligne maintenant \u00e0 petit prix! Ton #1 shop pour cartes TCG & Pok\u00e9mon en Suisse \u2713 Livraison gratuite d\u00e8s CHF 29\",\"breadcrumb\":{\"@id\":\"https:\\\/\\\/theuncommonshop.ch\\\/fr\\\/product\\\/magic-foundations-fdn-play-booster-pack-2\\\/#breadcrumb\"},\"inLanguage\":\"fr-FR\",\"potentialAction\":[{\"@type\":\"ReadAction\",\"target\":[\"https:\\\/\\\/theuncommonshop.ch\\\/fr\\\/product\\\/magic-foundations-fdn-play-booster-pack-2\\\/\"]}]},{\"@type\":\"ImageObject\",\"inLanguage\":\"fr-FR\",\"@id\":\"https:\\\/\\\/theuncommonshop.ch\\\/fr\\\/product\\\/magic-foundations-fdn-play-booster-pack-2\\\/#primaryimage\",\"url\":\"https:\\\/\\\/theuncommonshop.ch\\\/wp-content\\\/uploads\\\/2025\\\/05\\\/4471449631.jpg\",\"contentUrl\":\"https:\\\/\\\/theuncommonshop.ch\\\/wp-content\\\/uploads\\\/2025\\\/05\\\/4471449631.jpg\",\"width\":900,\"height\":1637},{\"@type\":\"BreadcrumbList\",\"@id\":\"https:\\\/\\\/theuncommonshop.ch\\\/fr\\\/product\\\/magic-foundations-fdn-play-booster-pack-2\\\/#breadcrumb\",\"itemListElement\":[{\"@type\":\"ListItem\",\"position\":1,\"name\":\"Accueil\",\"item\":\"https:\\\/\\\/theuncommonshop.ch\\\/fr\\\/accueil\\\/\"},{\"@type\":\"ListItem\",\"position\":2,\"name\":\"Boutique\",\"item\":\"https:\\\/\\\/theuncommonshop.ch\\\/fr\\\/boutique\\\/\"},{\"@type\":\"ListItem\",\"position\":3,\"name\":\"Magic the Gathering\",\"item\":\"https:\\\/\\\/theuncommonshop.ch\\\/produktkategorie\\\/magic-the-gathering\\\/\"},{\"@type\":\"ListItem\",\"position\":4,\"name\":\"Produkte nach Sets\",\"item\":\"https:\\\/\\\/theuncommonshop.ch\\\/produktkategorie\\\/magic-the-gathering\\\/produkte-nach-sets-mtg\\\/\"},{\"@type\":\"ListItem\",\"position\":5,\"name\":\"Grundstein\",\"item\":\"https:\\\/\\\/theuncommonshop.ch\\\/produktkategorie\\\/magic-the-gathering\\\/produkte-nach-sets-mtg\\\/mtg-foundations\\\/\"},{\"@type\":\"ListItem\",\"position\":6,\"name\":\"Magic &#8211; Foundations (FDN) &#8211; Play Booster Pack\"}]},{\"@type\":\"WebSite\",\"@id\":\"https:\\\/\\\/theuncommonshop.ch\\\/#website\",\"url\":\"https:\\\/\\\/theuncommonshop.ch\\\/\",\"name\":\"Largest trading card shop in Switzerland\",\"description\":\"Magic, Pok\u00e9mon and Yu-gi-oh - The Uncommon Shop\",\"potentialAction\":[{\"@type\":\"SearchAction\",\"target\":{\"@type\":\"EntryPoint\",\"urlTemplate\":\"https:\\\/\\\/theuncommonshop.ch\\\/?s={search_term_string}\"},\"query-input\":{\"@type\":\"PropertyValueSpecification\",\"valueRequired\":true,\"valueName\":\"search_term_string\"}}],\"inLanguage\":\"fr-FR\"}]}<\/script>\n<meta property=\"og:availability\" content=\"instock\" \/>\n<meta property=\"product:availability\" content=\"instock\" \/>\n<meta property=\"product:condition\" content=\"new\" \/>\n<!-- \/ Yoast SEO plugin. -->","yoast_head_json":{"title":"Ach\u00e8te Magic - Foundations (FDN) - Play Booster Pack","description":"Ach\u00e8te Magic - Foundations (FDN) - Play Booster Pack en ligne maintenant \u00e0 petit prix! Ton #1 shop pour cartes TCG & Pok\u00e9mon en Suisse \u2713 Livraison gratuite d\u00e8s CHF 29","robots":{"index":"index","follow":"follow","max-snippet":"max-snippet:-1","max-image-preview":"max-image-preview:large","max-video-preview":"max-video-preview:-1"},"canonical":"https:\/\/theuncommonshop.ch\/fr\/product\/magic-foundations-fdn-play-booster-pack-2\/","og_locale":"fr_FR","og_type":"article","og_title":"Ach\u00e8te Magic - Foundations (FDN) - Play Booster Pack","og_description":"Ach\u00e8te Magic - Foundations (FDN) - Play Booster Pack en ligne maintenant \u00e0 petit prix! Ton #1 shop pour cartes TCG & Pok\u00e9mon en Suisse \u2713 Livraison gratuite d\u00e8s CHF 29","og_url":"https:\/\/theuncommonshop.ch\/fr\/product\/magic-foundations-fdn-play-booster-pack-2\/","og_site_name":"Largest trading card shop in Switzerland","article_modified_time":"2026-04-01T03:50:08+00:00","og_image":[{"width":900,"height":1637,"url":"https:\/\/theuncommonshop.ch\/wp-content\/uploads\/2025\/05\/4471449631.jpg","type":"image\/jpeg"}],"twitter_card":"summary_large_image","twitter_misc":{"Disponibilit\u00e9":"En stock"},"schema":{"@context":"https:\/\/schema.org","@graph":[{"@type":"WebPage","@id":"https:\/\/theuncommonshop.ch\/fr\/product\/magic-foundations-fdn-play-booster-pack-2\/","url":"https:\/\/theuncommonshop.ch\/fr\/product\/magic-foundations-fdn-play-booster-pack-2\/","name":"Ach\u00e8te Magic - Foundations (FDN) - Play Booster Pack","isPartOf":{"@id":"https:\/\/theuncommonshop.ch\/#website"},"primaryImageOfPage":{"@id":"https:\/\/theuncommonshop.ch\/fr\/product\/magic-foundations-fdn-play-booster-pack-2\/#primaryimage"},"image":{"@id":"https:\/\/theuncommonshop.ch\/fr\/product\/magic-foundations-fdn-play-booster-pack-2\/#primaryimage"},"thumbnailUrl":"https:\/\/theuncommonshop.ch\/wp-content\/uploads\/2025\/05\/4471449631.jpg","datePublished":"2025-06-12T15:04:29+00:00","dateModified":"2026-04-01T03:50:08+00:00","description":"Ach\u00e8te Magic - Foundations (FDN) - Play Booster Pack en ligne maintenant \u00e0 petit prix! Ton #1 shop pour cartes TCG & Pok\u00e9mon en Suisse \u2713 Livraison gratuite d\u00e8s CHF 29","breadcrumb":{"@id":"https:\/\/theuncommonshop.ch\/fr\/product\/magic-foundations-fdn-play-booster-pack-2\/#breadcrumb"},"inLanguage":"fr-FR","potentialAction":[{"@type":"ReadAction","target":["https:\/\/theuncommonshop.ch\/fr\/product\/magic-foundations-fdn-play-booster-pack-2\/"]}]},{"@type":"ImageObject","inLanguage":"fr-FR","@id":"https:\/\/theuncommonshop.ch\/fr\/product\/magic-foundations-fdn-play-booster-pack-2\/#primaryimage","url":"https:\/\/theuncommonshop.ch\/wp-content\/uploads\/2025\/05\/4471449631.jpg","contentUrl":"https:\/\/theuncommonshop.ch\/wp-content\/uploads\/2025\/05\/4471449631.jpg","width":900,"height":1637},{"@type":"BreadcrumbList","@id":"https:\/\/theuncommonshop.ch\/fr\/product\/magic-foundations-fdn-play-booster-pack-2\/#breadcrumb","itemListElement":[{"@type":"ListItem","position":1,"name":"Accueil","item":"https:\/\/theuncommonshop.ch\/fr\/accueil\/"},{"@type":"ListItem","position":2,"name":"Boutique","item":"https:\/\/theuncommonshop.ch\/fr\/boutique\/"},{"@type":"ListItem","position":3,"name":"Magic the Gathering","item":"https:\/\/theuncommonshop.ch\/produktkategorie\/magic-the-gathering\/"},{"@type":"ListItem","position":4,"name":"Produkte nach Sets","item":"https:\/\/theuncommonshop.ch\/produktkategorie\/magic-the-gathering\/produkte-nach-sets-mtg\/"},{"@type":"ListItem","position":5,"name":"Grundstein","item":"https:\/\/theuncommonshop.ch\/produktkategorie\/magic-the-gathering\/produkte-nach-sets-mtg\/mtg-foundations\/"},{"@type":"ListItem","position":6,"name":"Magic &#8211; Foundations (FDN) &#8211; Play Booster Pack"}]},{"@type":"WebSite","@id":"https:\/\/theuncommonshop.ch\/#website","url":"https:\/\/theuncommonshop.ch\/","name":"Largest trading card shop in Switzerland","description":"Magic, Pok\u00e9mon and Yu-gi-oh - The Uncommon Shop","potentialAction":[{"@type":"SearchAction","target":{"@type":"EntryPoint","urlTemplate":"https:\/\/theuncommonshop.ch\/?s={search_term_string}"},"query-input":{"@type":"PropertyValueSpecification","valueRequired":true,"valueName":"search_term_string"}}],"inLanguage":"fr-FR"}]},"og_availability":"instock","product_availability":"instock","product_condition":"new"},"_links":{"self":[{"href":"https:\/\/theuncommonshop.ch\/fr\/wp-json\/wp\/v2\/product\/316675","targetHints":{"allow":["GET"]}}],"collection":[{"href":"https:\/\/theuncommonshop.ch\/fr\/wp-json\/wp\/v2\/product"}],"about":[{"href":"https:\/\/theuncommonshop.ch\/fr\/wp-json\/wp\/v2\/types\/product"}],"replies":[{"embeddable":true,"href":"https:\/\/theuncommonshop.ch\/fr\/wp-json\/wp\/v2\/comments?post=316675"}],"version-history":[{"count":1,"href":"https:\/\/theuncommonshop.ch\/fr\/wp-json\/wp\/v2\/product\/316675\/revisions"}],"predecessor-version":[{"id":316682,"href":"https:\/\/theuncommonshop.ch\/fr\/wp-json\/wp\/v2\/product\/316675\/revisions\/316682"}],"wp:featuredmedia":[{"embeddable":true,"href":"https:\/\/theuncommonshop.ch\/fr\/wp-json\/wp\/v2\/media\/29914"}],"wp:attachment":[{"href":"https:\/\/theuncommonshop.ch\/fr\/wp-json\/wp\/v2\/media?parent=316675"}],"wp:term":[{"taxonomy":"product_brand","embeddable":true,"href":"https:\/\/theuncommonshop.ch\/fr\/wp-json\/wp\/v2\/product_brand?post=316675"},{"taxonomy":"product_cat","embeddable":true,"href":"https:\/\/theuncommonshop.ch\/fr\/wp-json\/wp\/v2\/product_cat?post=316675"},{"taxonomy":"product_tag","embeddable":true,"href":"https:\/\/theuncommonshop.ch\/fr\/wp-json\/wp\/v2\/product_tag?post=316675"}],"curies":[{"name":"wp","href":"https:\/\/api.w.org\/{rel}","templated":true}]}}