{"id":316616,"date":"2025-07-15T16:39:01","date_gmt":"2025-07-15T16:39:01","guid":{"rendered":"http:\/\/theuncommonshop.ch\/produkt\/316616\/"},"modified":"2026-04-07T10:35:27","modified_gmt":"2026-04-07T08:35:27","slug":"pokemon-liga-kampf-deck-schimmelreiter-coronospa-vmax-2","status":"publish","type":"product","link":"https:\/\/theuncommonshop.ch\/fr\/product\/pokemon-liga-kampf-deck-schimmelreiter-coronospa-vmax-2\/","title":{"rendered":"Pok\u00e9mon &#8211; Ligue Kampf Deck &#8211; Le Chevalier Moisi Coronospa VMAX"},"content":{"rendered":"<p><strong>Le Battle Deck de la Ligue &#8211;  <\/strong><\/p>\n<p><iframe style=\"width: 500px; height: 281px;\" src=\"https:\/\/www.youtube.com\/embed\/oVMeMKK85jk\" frameborder=\"0\" allowfullscreen=\"allowfullscreen\"><\/iframe><\/p>\n<p><strong>Coronospa VMAx contient :<\/strong><\/p>\n<ul>\n<li>1 deck complet de 60 cartes jouables, plein de cartes de pouvoir<\/li>\n<li>3 cartes holographiques avec Calyrex V, le cavalier des moisissures.<\/li>\n<li>3 cartes holographiques avec cavalier de la moisissure Calyrex-VMAX<\/li>\n<li>2 timbres pour les \u00e9tats sp\u00e9ciaux<\/li>\n<li>6 d\u00e9s de marqueurs de dommages et 1 d\u00e9 de lancer de pi\u00e8ce autoris\u00e9 dans les comp\u00e9titions<\/li>\n<li>1 livre de r\u00e8gles du jeu de cartes \u00e0 collectionner Pok\u00e9mon<\/li>\n<li>1 guide rapide pour appliquer les strat\u00e9gies appropri\u00e9es<\/li>\n<li>1 carte de code pour jouer en ligne avec ce deck<\/li>\n<\/ul>\n<p>Le Pok\u00e9mon Haut-Roi Cavalier de Rappe Coronospa est d\u00e9sormais disponible dans un deck puissant et adapt\u00e9 \u00e0 la ligue pour les dresseurs exp\u00e9riment\u00e9s et les joueurs de Pok\u00e9mon TCG. Avec une s\u00e9rie de cartes, les Decks de Combat de Ligue fournissent tous les \u00e9l\u00e9ments pour vous aider dans votre prochain combat ! <\/p>\n","protected":false},"excerpt":{"rendered":"<p>Le Battle Deck de la Ligue &#8211; Coronospa VMAx contient : 1 deck complet de 60 cartes jouables, plein de<\/p>\n","protected":false},"featured_media":74215,"comment_status":"open","ping_status":"closed","template":"","meta":{"_acf_changed":false},"product_brand":[5114,5072],"product_cat":[9817,9829],"product_tag":[],"class_list":{"0":"post-316616","1":"product","2":"type-product","3":"status-publish","4":"has-post-thumbnail","6":"product_brand-pokemon","7":"product_brand-the-pokemon-company","8":"product_cat-decks-fr","9":"product_cat-super-sale-pokemon-fr","11":"first","12":"instock","13":"sale","14":"taxable","15":"shipping-taxable","16":"purchasable","17":"product-type-variable"},"acf":[],"yoast_head":"<!-- This site is optimized with the Yoast SEO plugin v27.4 - https:\/\/yoast.com\/product\/yoast-seo-wordpress\/ -->\n<title>Ach\u00e8te Pok\u00e9mon - Ligue Kampf Deck - Le Chevalier Moisi Coronospa VMAX<\/title>\n<meta name=\"description\" content=\"Ach\u00e8te Pok\u00e9mon - Ligue Kampf Deck - Le Chevalier Moisi Coronospa VMAX en ligne maintenant \u00e0 petit prix! Ton #1 shop pour cartes TCG &amp; Pok\u00e9mon en Suisse \u2713 Livraison gratuite d\u00e8s CHF 29\" \/>\n<meta name=\"robots\" content=\"index, follow, max-snippet:-1, max-image-preview:large, max-video-preview:-1\" \/>\n<link rel=\"canonical\" href=\"https:\/\/theuncommonshop.ch\/fr\/product\/pokemon-liga-kampf-deck-schimmelreiter-coronospa-vmax-2\/\" \/>\n<meta property=\"og:locale\" content=\"fr_FR\" \/>\n<meta property=\"og:type\" content=\"article\" \/>\n<meta property=\"og:title\" content=\"Ach\u00e8te Pok\u00e9mon - Ligue Kampf Deck - Le Chevalier Moisi Coronospa VMAX\" \/>\n<meta property=\"og:description\" content=\"Ach\u00e8te Pok\u00e9mon - Ligue Kampf Deck - Le Chevalier Moisi Coronospa VMAX en ligne maintenant \u00e0 petit prix! Ton #1 shop pour cartes TCG &amp; Pok\u00e9mon en Suisse \u2713 Livraison gratuite d\u00e8s CHF 29\" \/>\n<meta property=\"og:url\" content=\"https:\/\/theuncommonshop.ch\/fr\/product\/pokemon-liga-kampf-deck-schimmelreiter-coronospa-vmax-2\/\" \/>\n<meta property=\"og:site_name\" content=\"The Uncommon Shop\" \/>\n<meta property=\"article:modified_time\" content=\"2026-04-07T08:35:27+00:00\" \/>\n<meta property=\"og:image\" content=\"https:\/\/theuncommonshop.ch\/wp-content\/uploads\/2025\/06\/3032978522.jpg\" \/>\n\t<meta property=\"og:image:width\" content=\"1345\" \/>\n\t<meta property=\"og:image:height\" content=\"1500\" \/>\n\t<meta property=\"og:image:type\" content=\"image\/jpeg\" \/>\n<meta name=\"twitter:card\" content=\"summary_large_image\" \/>\n<meta name=\"twitter:label1\" content=\"Disponibilit\u00e9\" \/>\n\t<meta name=\"twitter:data1\" content=\"En stock\" \/>\n<script type=\"application\/ld+json\" class=\"yoast-schema-graph\">{\"@context\":\"https:\\\/\\\/schema.org\",\"@graph\":[{\"@type\":\"WebPage\",\"@id\":\"https:\\\/\\\/theuncommonshop.ch\\\/fr\\\/product\\\/pokemon-liga-kampf-deck-schimmelreiter-coronospa-vmax-2\\\/\",\"url\":\"https:\\\/\\\/theuncommonshop.ch\\\/fr\\\/product\\\/pokemon-liga-kampf-deck-schimmelreiter-coronospa-vmax-2\\\/\",\"name\":\"Ach\u00e8te Pok\u00e9mon - Ligue Kampf Deck - Le Chevalier Moisi Coronospa VMAX\",\"isPartOf\":{\"@id\":\"https:\\\/\\\/theuncommonshop.ch\\\/fr\\\/#website\"},\"primaryImageOfPage\":{\"@id\":\"https:\\\/\\\/theuncommonshop.ch\\\/fr\\\/product\\\/pokemon-liga-kampf-deck-schimmelreiter-coronospa-vmax-2\\\/#primaryimage\"},\"image\":{\"@id\":\"https:\\\/\\\/theuncommonshop.ch\\\/fr\\\/product\\\/pokemon-liga-kampf-deck-schimmelreiter-coronospa-vmax-2\\\/#primaryimage\"},\"thumbnailUrl\":\"https:\\\/\\\/theuncommonshop.ch\\\/wp-content\\\/uploads\\\/2025\\\/06\\\/3032978522.jpg\",\"datePublished\":\"2025-07-15T16:39:01+00:00\",\"dateModified\":\"2026-04-07T08:35:27+00:00\",\"description\":\"Ach\u00e8te Pok\u00e9mon - Ligue Kampf Deck - Le Chevalier Moisi Coronospa VMAX en ligne maintenant \u00e0 petit prix! Ton #1 shop pour cartes TCG & Pok\u00e9mon en Suisse \u2713 Livraison gratuite d\u00e8s CHF 29\",\"breadcrumb\":{\"@id\":\"https:\\\/\\\/theuncommonshop.ch\\\/fr\\\/product\\\/pokemon-liga-kampf-deck-schimmelreiter-coronospa-vmax-2\\\/#breadcrumb\"},\"inLanguage\":\"fr-FR\",\"potentialAction\":[{\"@type\":\"ReadAction\",\"target\":[\"https:\\\/\\\/theuncommonshop.ch\\\/fr\\\/product\\\/pokemon-liga-kampf-deck-schimmelreiter-coronospa-vmax-2\\\/\"]}]},{\"@type\":\"ImageObject\",\"inLanguage\":\"fr-FR\",\"@id\":\"https:\\\/\\\/theuncommonshop.ch\\\/fr\\\/product\\\/pokemon-liga-kampf-deck-schimmelreiter-coronospa-vmax-2\\\/#primaryimage\",\"url\":\"https:\\\/\\\/theuncommonshop.ch\\\/wp-content\\\/uploads\\\/2025\\\/06\\\/3032978522.jpg\",\"contentUrl\":\"https:\\\/\\\/theuncommonshop.ch\\\/wp-content\\\/uploads\\\/2025\\\/06\\\/3032978522.jpg\",\"width\":1345,\"height\":1500},{\"@type\":\"BreadcrumbList\",\"@id\":\"https:\\\/\\\/theuncommonshop.ch\\\/fr\\\/product\\\/pokemon-liga-kampf-deck-schimmelreiter-coronospa-vmax-2\\\/#breadcrumb\",\"itemListElement\":[{\"@type\":\"ListItem\",\"position\":1,\"name\":\"Accueil\",\"item\":\"https:\\\/\\\/theuncommonshop.ch\\\/fr\\\/accueil\\\/\"},{\"@type\":\"ListItem\",\"position\":2,\"name\":\"Boutique\",\"item\":\"https:\\\/\\\/theuncommonshop.ch\\\/fr\\\/boutique\\\/\"},{\"@type\":\"ListItem\",\"position\":3,\"name\":\"Pok\u00e9mon\",\"item\":\"https:\\\/\\\/theuncommonshop.ch\\\/fr\\\/categorie-produit\\\/pokemon-fr\\\/\"},{\"@type\":\"ListItem\",\"position\":4,\"name\":\"Decks\",\"item\":\"https:\\\/\\\/theuncommonshop.ch\\\/fr\\\/categorie-produit\\\/pokemon-fr\\\/decks-fr\\\/\"},{\"@type\":\"ListItem\",\"position\":5,\"name\":\"Pok\u00e9mon &#8211; Ligue Kampf Deck &#8211; Le Chevalier Moisi Coronospa VMAX\"}]},{\"@type\":\"WebSite\",\"@id\":\"https:\\\/\\\/theuncommonshop.ch\\\/fr\\\/#website\",\"url\":\"https:\\\/\\\/theuncommonshop.ch\\\/fr\\\/\",\"name\":\"The Uncommon Shop\",\"description\":\"Magic, Pok\u00e9mon and Yu-gi-oh - The Uncommon Shop\",\"potentialAction\":[{\"@type\":\"SearchAction\",\"target\":{\"@type\":\"EntryPoint\",\"urlTemplate\":\"https:\\\/\\\/theuncommonshop.ch\\\/fr\\\/?s={search_term_string}\"},\"query-input\":{\"@type\":\"PropertyValueSpecification\",\"valueRequired\":true,\"valueName\":\"search_term_string\"}}],\"inLanguage\":\"fr-FR\"}]}<\/script>\n<meta property=\"og:availability\" content=\"instock\" \/>\n<meta property=\"product:availability\" content=\"instock\" \/>\n<meta property=\"product:condition\" content=\"new\" \/>\n<!-- \/ Yoast SEO plugin. -->","yoast_head_json":{"title":"Ach\u00e8te Pok\u00e9mon - Ligue Kampf Deck - Le Chevalier Moisi Coronospa VMAX","description":"Ach\u00e8te Pok\u00e9mon - Ligue Kampf Deck - Le Chevalier Moisi Coronospa VMAX en ligne maintenant \u00e0 petit prix! Ton #1 shop pour cartes TCG & Pok\u00e9mon en Suisse \u2713 Livraison gratuite d\u00e8s CHF 29","robots":{"index":"index","follow":"follow","max-snippet":"max-snippet:-1","max-image-preview":"max-image-preview:large","max-video-preview":"max-video-preview:-1"},"canonical":"https:\/\/theuncommonshop.ch\/fr\/product\/pokemon-liga-kampf-deck-schimmelreiter-coronospa-vmax-2\/","og_locale":"fr_FR","og_type":"article","og_title":"Ach\u00e8te Pok\u00e9mon - Ligue Kampf Deck - Le Chevalier Moisi Coronospa VMAX","og_description":"Ach\u00e8te Pok\u00e9mon - Ligue Kampf Deck - Le Chevalier Moisi Coronospa VMAX en ligne maintenant \u00e0 petit prix! Ton #1 shop pour cartes TCG & Pok\u00e9mon en Suisse \u2713 Livraison gratuite d\u00e8s CHF 29","og_url":"https:\/\/theuncommonshop.ch\/fr\/product\/pokemon-liga-kampf-deck-schimmelreiter-coronospa-vmax-2\/","og_site_name":"The Uncommon Shop","article_modified_time":"2026-04-07T08:35:27+00:00","og_image":[{"width":1345,"height":1500,"url":"https:\/\/theuncommonshop.ch\/wp-content\/uploads\/2025\/06\/3032978522.jpg","type":"image\/jpeg"}],"twitter_card":"summary_large_image","twitter_misc":{"Disponibilit\u00e9":"En stock"},"schema":{"@context":"https:\/\/schema.org","@graph":[{"@type":"WebPage","@id":"https:\/\/theuncommonshop.ch\/fr\/product\/pokemon-liga-kampf-deck-schimmelreiter-coronospa-vmax-2\/","url":"https:\/\/theuncommonshop.ch\/fr\/product\/pokemon-liga-kampf-deck-schimmelreiter-coronospa-vmax-2\/","name":"Ach\u00e8te Pok\u00e9mon - Ligue Kampf Deck - Le Chevalier Moisi Coronospa VMAX","isPartOf":{"@id":"https:\/\/theuncommonshop.ch\/fr\/#website"},"primaryImageOfPage":{"@id":"https:\/\/theuncommonshop.ch\/fr\/product\/pokemon-liga-kampf-deck-schimmelreiter-coronospa-vmax-2\/#primaryimage"},"image":{"@id":"https:\/\/theuncommonshop.ch\/fr\/product\/pokemon-liga-kampf-deck-schimmelreiter-coronospa-vmax-2\/#primaryimage"},"thumbnailUrl":"https:\/\/theuncommonshop.ch\/wp-content\/uploads\/2025\/06\/3032978522.jpg","datePublished":"2025-07-15T16:39:01+00:00","dateModified":"2026-04-07T08:35:27+00:00","description":"Ach\u00e8te Pok\u00e9mon - Ligue Kampf Deck - Le Chevalier Moisi Coronospa VMAX en ligne maintenant \u00e0 petit prix! Ton #1 shop pour cartes TCG & Pok\u00e9mon en Suisse \u2713 Livraison gratuite d\u00e8s CHF 29","breadcrumb":{"@id":"https:\/\/theuncommonshop.ch\/fr\/product\/pokemon-liga-kampf-deck-schimmelreiter-coronospa-vmax-2\/#breadcrumb"},"inLanguage":"fr-FR","potentialAction":[{"@type":"ReadAction","target":["https:\/\/theuncommonshop.ch\/fr\/product\/pokemon-liga-kampf-deck-schimmelreiter-coronospa-vmax-2\/"]}]},{"@type":"ImageObject","inLanguage":"fr-FR","@id":"https:\/\/theuncommonshop.ch\/fr\/product\/pokemon-liga-kampf-deck-schimmelreiter-coronospa-vmax-2\/#primaryimage","url":"https:\/\/theuncommonshop.ch\/wp-content\/uploads\/2025\/06\/3032978522.jpg","contentUrl":"https:\/\/theuncommonshop.ch\/wp-content\/uploads\/2025\/06\/3032978522.jpg","width":1345,"height":1500},{"@type":"BreadcrumbList","@id":"https:\/\/theuncommonshop.ch\/fr\/product\/pokemon-liga-kampf-deck-schimmelreiter-coronospa-vmax-2\/#breadcrumb","itemListElement":[{"@type":"ListItem","position":1,"name":"Accueil","item":"https:\/\/theuncommonshop.ch\/fr\/accueil\/"},{"@type":"ListItem","position":2,"name":"Boutique","item":"https:\/\/theuncommonshop.ch\/fr\/boutique\/"},{"@type":"ListItem","position":3,"name":"Pok\u00e9mon","item":"https:\/\/theuncommonshop.ch\/fr\/categorie-produit\/pokemon-fr\/"},{"@type":"ListItem","position":4,"name":"Decks","item":"https:\/\/theuncommonshop.ch\/fr\/categorie-produit\/pokemon-fr\/decks-fr\/"},{"@type":"ListItem","position":5,"name":"Pok\u00e9mon &#8211; Ligue Kampf Deck &#8211; Le Chevalier Moisi Coronospa VMAX"}]},{"@type":"WebSite","@id":"https:\/\/theuncommonshop.ch\/fr\/#website","url":"https:\/\/theuncommonshop.ch\/fr\/","name":"The Uncommon Shop","description":"Magic, Pok\u00e9mon and Yu-gi-oh - The Uncommon Shop","potentialAction":[{"@type":"SearchAction","target":{"@type":"EntryPoint","urlTemplate":"https:\/\/theuncommonshop.ch\/fr\/?s={search_term_string}"},"query-input":{"@type":"PropertyValueSpecification","valueRequired":true,"valueName":"search_term_string"}}],"inLanguage":"fr-FR"}]},"og_availability":"instock","product_availability":"instock","product_condition":"new"},"_links":{"self":[{"href":"https:\/\/theuncommonshop.ch\/fr\/wp-json\/wp\/v2\/product\/316616","targetHints":{"allow":["GET"]}}],"collection":[{"href":"https:\/\/theuncommonshop.ch\/fr\/wp-json\/wp\/v2\/product"}],"about":[{"href":"https:\/\/theuncommonshop.ch\/fr\/wp-json\/wp\/v2\/types\/product"}],"replies":[{"embeddable":true,"href":"https:\/\/theuncommonshop.ch\/fr\/wp-json\/wp\/v2\/comments?post=316616"}],"version-history":[{"count":0,"href":"https:\/\/theuncommonshop.ch\/fr\/wp-json\/wp\/v2\/product\/316616\/revisions"}],"wp:featuredmedia":[{"embeddable":true,"href":"https:\/\/theuncommonshop.ch\/fr\/wp-json\/wp\/v2\/media\/74215"}],"wp:attachment":[{"href":"https:\/\/theuncommonshop.ch\/fr\/wp-json\/wp\/v2\/media?parent=316616"}],"wp:term":[{"taxonomy":"product_brand","embeddable":true,"href":"https:\/\/theuncommonshop.ch\/fr\/wp-json\/wp\/v2\/product_brand?post=316616"},{"taxonomy":"product_cat","embeddable":true,"href":"https:\/\/theuncommonshop.ch\/fr\/wp-json\/wp\/v2\/product_cat?post=316616"},{"taxonomy":"product_tag","embeddable":true,"href":"https:\/\/theuncommonshop.ch\/fr\/wp-json\/wp\/v2\/product_tag?post=316616"}],"curies":[{"name":"wp","href":"https:\/\/api.w.org\/{rel}","templated":true}]}}