{"id":316615,"date":"2025-07-15T16:32:14","date_gmt":"2025-07-15T16:32:14","guid":{"rendered":"http:\/\/theuncommonshop.ch\/produkt\/316615\/"},"modified":"2026-04-07T16:09:21","modified_gmt":"2026-04-07T14:09:21","slug":"pokemon-sword-shield-chilling-reign-swsh06-booster-pack-2","status":"publish","type":"product","link":"https:\/\/theuncommonshop.ch\/fr\/product\/pokemon-sword-shield-chilling-reign-swsh06-booster-pack-2\/","title":{"rendered":"Pok\u00e9mon &#8211; Sword &amp; Shield &#8211; Chilling Reign (SWSH06) &#8211; Booster Pack"},"content":{"rendered":"<p>Prenez l&#8217;avantage avec les Pok\u00e9mon des Terres gel\u00e9es, dont le puissant Cavalier de glace Calyrex VMAX et le Cavalier d&#8217;ombre Calyrex VMAX &#8211; ainsi que les formes galar d&#8217;Arctovius, Zapdos et Moltres &#8211; dans Schwert &amp; Schild &#8211; Chilling Reign !<\/p>\n<p>Apparitions fantomatiques, temp\u00eates de neige hurlantes et combats f\u00e9roces : \u00e9largissez le spectre de votre strat\u00e9gie Pok\u00e9mon avec de nouveaux pouvoirs et de nouvelles possibilit\u00e9s. Affrontez des adversaires fantomatiques et remportez une victoire totale au pays de la neige spectrale avec l&#8217;extension Pok\u00e9mon TCG : Schwert &amp; Schild &#8211; Chilling Reign ! <\/p>\n<p>&#8211; Plus de 190 cartes<\/p>\n<p>&#8211; Des dizaines de Pok\u00e9mon d\u00e9couverts \u00e0 l&#8217;origine dans la r\u00e9gion de Galar<\/p>\n<p>&#8211; 15 Pok\u00e9mon V puissants et 8 Pok\u00e9mon g\u00e9ants VMAX<\/p>\n<p>&#8211; Nouvelles cartes Single Strike et Rapid Strike<\/p>\n<p>&#8211; Plus de 25 cartes d&#8217;entra\u00eeneur et 3 nouvelles cartes d&#8217;\u00e9nergie sp\u00e9ciales<\/p>\n<ul>\n<li>Un Booster contient 10 cartes<\/li>\n<\/ul>\n","protected":false},"excerpt":{"rendered":"<p>Prenez l&#8217;avantage avec les Pok\u00e9mon des Terres gel\u00e9es, dont le puissant Cavalier de glace Calyrex VMAX et le Cavalier d&#8217;ombre<\/p>\n","protected":false},"featured_media":19202,"comment_status":"open","ping_status":"closed","template":"","meta":{"_acf_changed":false},"product_brand":[5114,5072],"product_cat":[10057,9807,9829,10125],"product_tag":[],"class_list":{"0":"post-316615","1":"product","2":"type-product","3":"status-publish","4":"has-post-thumbnail","6":"product_brand-pokemon","7":"product_brand-the-pokemon-company","8":"product_cat-booster-packs-international-fr","9":"product_cat-booster-packs-pokemon","10":"product_cat-super-sale-pokemon-fr","11":"product_cat-swsh06-regne-de-glace","13":"first","14":"instock","15":"taxable","16":"shipping-taxable","17":"purchasable","18":"product-type-variable"},"acf":[],"yoast_head":"<!-- This site is optimized with the Yoast SEO plugin v27.4 - https:\/\/yoast.com\/product\/yoast-seo-wordpress\/ -->\n<title>Ach\u00e8te Pok\u00e9mon - Sword &amp; Shield - Chilling Reign (SWSH06) - Booster Pack<\/title>\n<meta name=\"description\" content=\"Ach\u00e8te Pok\u00e9mon - Sword &amp; Shield - Chilling Reign (SWSH06) - Booster Pack en ligne maintenant \u00e0 petit prix! Ton #1 shop pour cartes TCG &amp; Pok\u00e9mon en Suisse \u2713 Livraison gratuite d\u00e8s CHF 29\" \/>\n<meta name=\"robots\" content=\"index, follow, max-snippet:-1, max-image-preview:large, max-video-preview:-1\" \/>\n<link rel=\"canonical\" href=\"https:\/\/theuncommonshop.ch\/fr\/product\/pokemon-sword-shield-chilling-reign-swsh06-booster-pack-2\/\" \/>\n<meta property=\"og:locale\" content=\"fr_FR\" \/>\n<meta property=\"og:type\" content=\"article\" \/>\n<meta property=\"og:title\" content=\"Ach\u00e8te Pok\u00e9mon - Sword &amp; Shield - Chilling Reign (SWSH06) - Booster Pack\" \/>\n<meta property=\"og:description\" content=\"Ach\u00e8te Pok\u00e9mon - Sword &amp; Shield - Chilling Reign (SWSH06) - Booster Pack en ligne maintenant \u00e0 petit prix! Ton #1 shop pour cartes TCG &amp; Pok\u00e9mon en Suisse \u2713 Livraison gratuite d\u00e8s CHF 29\" \/>\n<meta property=\"og:url\" content=\"https:\/\/theuncommonshop.ch\/fr\/product\/pokemon-sword-shield-chilling-reign-swsh06-booster-pack-2\/\" \/>\n<meta property=\"og:site_name\" content=\"Largest trading card shop in Switzerland\" \/>\n<meta property=\"article:modified_time\" content=\"2026-04-07T14:09:21+00:00\" \/>\n<meta property=\"og:image\" content=\"https:\/\/theuncommonshop.ch\/wp-content\/uploads\/2025\/05\/2185112551.jpg\" \/>\n\t<meta property=\"og:image:width\" content=\"780\" \/>\n\t<meta property=\"og:image:height\" content=\"1429\" \/>\n\t<meta property=\"og:image:type\" content=\"image\/jpeg\" \/>\n<meta name=\"twitter:card\" content=\"summary_large_image\" \/>\n<meta name=\"twitter:label1\" content=\"Disponibilit\u00e9\" \/>\n\t<meta name=\"twitter:data1\" content=\"En stock\" \/>\n<script type=\"application\/ld+json\" class=\"yoast-schema-graph\">{\"@context\":\"https:\\\/\\\/schema.org\",\"@graph\":[{\"@type\":\"WebPage\",\"@id\":\"https:\\\/\\\/theuncommonshop.ch\\\/fr\\\/product\\\/pokemon-sword-shield-chilling-reign-swsh06-booster-pack-2\\\/\",\"url\":\"https:\\\/\\\/theuncommonshop.ch\\\/fr\\\/product\\\/pokemon-sword-shield-chilling-reign-swsh06-booster-pack-2\\\/\",\"name\":\"Ach\u00e8te Pok\u00e9mon - Sword &amp; Shield - Chilling Reign (SWSH06) - Booster Pack\",\"isPartOf\":{\"@id\":\"https:\\\/\\\/theuncommonshop.ch\\\/#website\"},\"primaryImageOfPage\":{\"@id\":\"https:\\\/\\\/theuncommonshop.ch\\\/fr\\\/product\\\/pokemon-sword-shield-chilling-reign-swsh06-booster-pack-2\\\/#primaryimage\"},\"image\":{\"@id\":\"https:\\\/\\\/theuncommonshop.ch\\\/fr\\\/product\\\/pokemon-sword-shield-chilling-reign-swsh06-booster-pack-2\\\/#primaryimage\"},\"thumbnailUrl\":\"https:\\\/\\\/theuncommonshop.ch\\\/wp-content\\\/uploads\\\/2025\\\/05\\\/2185112551.jpg\",\"datePublished\":\"2025-07-15T16:32:14+00:00\",\"dateModified\":\"2026-04-07T14:09:21+00:00\",\"description\":\"Ach\u00e8te Pok\u00e9mon - Sword &amp; Shield - Chilling Reign (SWSH06) - Booster Pack en ligne maintenant \u00e0 petit prix! Ton #1 shop pour cartes TCG & Pok\u00e9mon en Suisse \u2713 Livraison gratuite d\u00e8s CHF 29\",\"breadcrumb\":{\"@id\":\"https:\\\/\\\/theuncommonshop.ch\\\/fr\\\/product\\\/pokemon-sword-shield-chilling-reign-swsh06-booster-pack-2\\\/#breadcrumb\"},\"inLanguage\":\"fr-FR\",\"potentialAction\":[{\"@type\":\"ReadAction\",\"target\":[\"https:\\\/\\\/theuncommonshop.ch\\\/fr\\\/product\\\/pokemon-sword-shield-chilling-reign-swsh06-booster-pack-2\\\/\"]}]},{\"@type\":\"ImageObject\",\"inLanguage\":\"fr-FR\",\"@id\":\"https:\\\/\\\/theuncommonshop.ch\\\/fr\\\/product\\\/pokemon-sword-shield-chilling-reign-swsh06-booster-pack-2\\\/#primaryimage\",\"url\":\"https:\\\/\\\/theuncommonshop.ch\\\/wp-content\\\/uploads\\\/2025\\\/05\\\/2185112551.jpg\",\"contentUrl\":\"https:\\\/\\\/theuncommonshop.ch\\\/wp-content\\\/uploads\\\/2025\\\/05\\\/2185112551.jpg\",\"width\":780,\"height\":1429},{\"@type\":\"BreadcrumbList\",\"@id\":\"https:\\\/\\\/theuncommonshop.ch\\\/fr\\\/product\\\/pokemon-sword-shield-chilling-reign-swsh06-booster-pack-2\\\/#breadcrumb\",\"itemListElement\":[{\"@type\":\"ListItem\",\"position\":1,\"name\":\"Accueil\",\"item\":\"https:\\\/\\\/theuncommonshop.ch\\\/fr\\\/accueil\\\/\"},{\"@type\":\"ListItem\",\"position\":2,\"name\":\"Boutique\",\"item\":\"https:\\\/\\\/theuncommonshop.ch\\\/fr\\\/boutique\\\/\"},{\"@type\":\"ListItem\",\"position\":3,\"name\":\"Pok\u00e9mon\",\"item\":\"https:\\\/\\\/theuncommonshop.ch\\\/produktkategorie\\\/pokemon\\\/\"},{\"@type\":\"ListItem\",\"position\":4,\"name\":\"Produkte nach Sets\",\"item\":\"https:\\\/\\\/theuncommonshop.ch\\\/produktkategorie\\\/pokemon\\\/produkte-nach-sets\\\/\"},{\"@type\":\"ListItem\",\"position\":5,\"name\":\"Schwert & Schild\",\"item\":\"https:\\\/\\\/theuncommonshop.ch\\\/produktkategorie\\\/pokemon\\\/produkte-nach-sets\\\/schwert-und-schild-aera\\\/\"},{\"@type\":\"ListItem\",\"position\":6,\"name\":\"SWSH06 Schaurige Herrschaft\",\"item\":\"https:\\\/\\\/theuncommonshop.ch\\\/produktkategorie\\\/pokemon\\\/produkte-nach-sets\\\/schwert-und-schild-aera\\\/swsh06-chilling-reign\\\/\"},{\"@type\":\"ListItem\",\"position\":7,\"name\":\"Pok\u00e9mon &#8211; Sword &amp; Shield &#8211; Chilling Reign (SWSH06) &#8211; Booster Pack\"}]},{\"@type\":\"WebSite\",\"@id\":\"https:\\\/\\\/theuncommonshop.ch\\\/#website\",\"url\":\"https:\\\/\\\/theuncommonshop.ch\\\/\",\"name\":\"Largest trading card shop in Switzerland\",\"description\":\"Magic, Pok\u00e9mon and Yu-gi-oh - The Uncommon Shop\",\"potentialAction\":[{\"@type\":\"SearchAction\",\"target\":{\"@type\":\"EntryPoint\",\"urlTemplate\":\"https:\\\/\\\/theuncommonshop.ch\\\/?s={search_term_string}\"},\"query-input\":{\"@type\":\"PropertyValueSpecification\",\"valueRequired\":true,\"valueName\":\"search_term_string\"}}],\"inLanguage\":\"fr-FR\"}]}<\/script>\n<meta property=\"og:availability\" content=\"instock\" \/>\n<meta property=\"product:availability\" content=\"instock\" \/>\n<meta property=\"product:condition\" content=\"new\" \/>\n<!-- \/ Yoast SEO plugin. -->","yoast_head_json":{"title":"Ach\u00e8te Pok\u00e9mon - Sword &amp; Shield - Chilling Reign (SWSH06) - Booster Pack","description":"Ach\u00e8te Pok\u00e9mon - Sword &amp; Shield - Chilling Reign (SWSH06) - Booster Pack en ligne maintenant \u00e0 petit prix! Ton #1 shop pour cartes TCG & Pok\u00e9mon en Suisse \u2713 Livraison gratuite d\u00e8s CHF 29","robots":{"index":"index","follow":"follow","max-snippet":"max-snippet:-1","max-image-preview":"max-image-preview:large","max-video-preview":"max-video-preview:-1"},"canonical":"https:\/\/theuncommonshop.ch\/fr\/product\/pokemon-sword-shield-chilling-reign-swsh06-booster-pack-2\/","og_locale":"fr_FR","og_type":"article","og_title":"Ach\u00e8te Pok\u00e9mon - Sword &amp; Shield - Chilling Reign (SWSH06) - Booster Pack","og_description":"Ach\u00e8te Pok\u00e9mon - Sword &amp; Shield - Chilling Reign (SWSH06) - Booster Pack en ligne maintenant \u00e0 petit prix! Ton #1 shop pour cartes TCG & Pok\u00e9mon en Suisse \u2713 Livraison gratuite d\u00e8s CHF 29","og_url":"https:\/\/theuncommonshop.ch\/fr\/product\/pokemon-sword-shield-chilling-reign-swsh06-booster-pack-2\/","og_site_name":"Largest trading card shop in Switzerland","article_modified_time":"2026-04-07T14:09:21+00:00","og_image":[{"width":780,"height":1429,"url":"https:\/\/theuncommonshop.ch\/wp-content\/uploads\/2025\/05\/2185112551.jpg","type":"image\/jpeg"}],"twitter_card":"summary_large_image","twitter_misc":{"Disponibilit\u00e9":"En stock"},"schema":{"@context":"https:\/\/schema.org","@graph":[{"@type":"WebPage","@id":"https:\/\/theuncommonshop.ch\/fr\/product\/pokemon-sword-shield-chilling-reign-swsh06-booster-pack-2\/","url":"https:\/\/theuncommonshop.ch\/fr\/product\/pokemon-sword-shield-chilling-reign-swsh06-booster-pack-2\/","name":"Ach\u00e8te Pok\u00e9mon - Sword &amp; Shield - Chilling Reign (SWSH06) - Booster Pack","isPartOf":{"@id":"https:\/\/theuncommonshop.ch\/#website"},"primaryImageOfPage":{"@id":"https:\/\/theuncommonshop.ch\/fr\/product\/pokemon-sword-shield-chilling-reign-swsh06-booster-pack-2\/#primaryimage"},"image":{"@id":"https:\/\/theuncommonshop.ch\/fr\/product\/pokemon-sword-shield-chilling-reign-swsh06-booster-pack-2\/#primaryimage"},"thumbnailUrl":"https:\/\/theuncommonshop.ch\/wp-content\/uploads\/2025\/05\/2185112551.jpg","datePublished":"2025-07-15T16:32:14+00:00","dateModified":"2026-04-07T14:09:21+00:00","description":"Ach\u00e8te Pok\u00e9mon - Sword &amp; Shield - Chilling Reign (SWSH06) - Booster Pack en ligne maintenant \u00e0 petit prix! Ton #1 shop pour cartes TCG & Pok\u00e9mon en Suisse \u2713 Livraison gratuite d\u00e8s CHF 29","breadcrumb":{"@id":"https:\/\/theuncommonshop.ch\/fr\/product\/pokemon-sword-shield-chilling-reign-swsh06-booster-pack-2\/#breadcrumb"},"inLanguage":"fr-FR","potentialAction":[{"@type":"ReadAction","target":["https:\/\/theuncommonshop.ch\/fr\/product\/pokemon-sword-shield-chilling-reign-swsh06-booster-pack-2\/"]}]},{"@type":"ImageObject","inLanguage":"fr-FR","@id":"https:\/\/theuncommonshop.ch\/fr\/product\/pokemon-sword-shield-chilling-reign-swsh06-booster-pack-2\/#primaryimage","url":"https:\/\/theuncommonshop.ch\/wp-content\/uploads\/2025\/05\/2185112551.jpg","contentUrl":"https:\/\/theuncommonshop.ch\/wp-content\/uploads\/2025\/05\/2185112551.jpg","width":780,"height":1429},{"@type":"BreadcrumbList","@id":"https:\/\/theuncommonshop.ch\/fr\/product\/pokemon-sword-shield-chilling-reign-swsh06-booster-pack-2\/#breadcrumb","itemListElement":[{"@type":"ListItem","position":1,"name":"Accueil","item":"https:\/\/theuncommonshop.ch\/fr\/accueil\/"},{"@type":"ListItem","position":2,"name":"Boutique","item":"https:\/\/theuncommonshop.ch\/fr\/boutique\/"},{"@type":"ListItem","position":3,"name":"Pok\u00e9mon","item":"https:\/\/theuncommonshop.ch\/produktkategorie\/pokemon\/"},{"@type":"ListItem","position":4,"name":"Produkte nach Sets","item":"https:\/\/theuncommonshop.ch\/produktkategorie\/pokemon\/produkte-nach-sets\/"},{"@type":"ListItem","position":5,"name":"Schwert & Schild","item":"https:\/\/theuncommonshop.ch\/produktkategorie\/pokemon\/produkte-nach-sets\/schwert-und-schild-aera\/"},{"@type":"ListItem","position":6,"name":"SWSH06 Schaurige Herrschaft","item":"https:\/\/theuncommonshop.ch\/produktkategorie\/pokemon\/produkte-nach-sets\/schwert-und-schild-aera\/swsh06-chilling-reign\/"},{"@type":"ListItem","position":7,"name":"Pok\u00e9mon &#8211; Sword &amp; Shield &#8211; Chilling Reign (SWSH06) &#8211; Booster Pack"}]},{"@type":"WebSite","@id":"https:\/\/theuncommonshop.ch\/#website","url":"https:\/\/theuncommonshop.ch\/","name":"Largest trading card shop in Switzerland","description":"Magic, Pok\u00e9mon and Yu-gi-oh - The Uncommon Shop","potentialAction":[{"@type":"SearchAction","target":{"@type":"EntryPoint","urlTemplate":"https:\/\/theuncommonshop.ch\/?s={search_term_string}"},"query-input":{"@type":"PropertyValueSpecification","valueRequired":true,"valueName":"search_term_string"}}],"inLanguage":"fr-FR"}]},"og_availability":"instock","product_availability":"instock","product_condition":"new"},"_links":{"self":[{"href":"https:\/\/theuncommonshop.ch\/fr\/wp-json\/wp\/v2\/product\/316615","targetHints":{"allow":["GET"]}}],"collection":[{"href":"https:\/\/theuncommonshop.ch\/fr\/wp-json\/wp\/v2\/product"}],"about":[{"href":"https:\/\/theuncommonshop.ch\/fr\/wp-json\/wp\/v2\/types\/product"}],"replies":[{"embeddable":true,"href":"https:\/\/theuncommonshop.ch\/fr\/wp-json\/wp\/v2\/comments?post=316615"}],"version-history":[{"count":2,"href":"https:\/\/theuncommonshop.ch\/fr\/wp-json\/wp\/v2\/product\/316615\/revisions"}],"predecessor-version":[{"id":352448,"href":"https:\/\/theuncommonshop.ch\/fr\/wp-json\/wp\/v2\/product\/316615\/revisions\/352448"}],"wp:featuredmedia":[{"embeddable":true,"href":"https:\/\/theuncommonshop.ch\/fr\/wp-json\/wp\/v2\/media\/19202"}],"wp:attachment":[{"href":"https:\/\/theuncommonshop.ch\/fr\/wp-json\/wp\/v2\/media?parent=316615"}],"wp:term":[{"taxonomy":"product_brand","embeddable":true,"href":"https:\/\/theuncommonshop.ch\/fr\/wp-json\/wp\/v2\/product_brand?post=316615"},{"taxonomy":"product_cat","embeddable":true,"href":"https:\/\/theuncommonshop.ch\/fr\/wp-json\/wp\/v2\/product_cat?post=316615"},{"taxonomy":"product_tag","embeddable":true,"href":"https:\/\/theuncommonshop.ch\/fr\/wp-json\/wp\/v2\/product_tag?post=316615"}],"curies":[{"name":"wp","href":"https:\/\/api.w.org\/{rel}","templated":true}]}}