{"id":316448,"date":"2025-07-14T10:41:47","date_gmt":"2025-07-14T10:41:47","guid":{"rendered":"http:\/\/theuncommonshop.ch\/produkt\/316448\/"},"modified":"2026-03-26T13:05:23","modified_gmt":"2026-03-26T12:05:23","slug":"ultimate-guard-sidewinder-100-the-shoguns-journey-part-2-2","status":"publish","type":"product","link":"https:\/\/theuncommonshop.ch\/fr\/product\/ultimate-guard-sidewinder-100-the-shoguns-journey-part-2-2\/","title":{"rendered":"Ultimate Guard &#8211; Sidewinder 100+ The Shogun&#8217;s Journey &#8211; Part 2"},"content":{"rendered":"<p>La deuxi\u00e8me partie de notre s\u00e9rie &#8220;Katana : The Shogun&#8217;s Journey&#8221; comprend quatre magnifiques Sidewinder 100+ Xenoskin dans les designs Seigaiha (bleu fonc\u00e9\/rouge fonc\u00e9), Ajiro (vert\/bleu clair), Kikko (blanc\/bleu) et Shippou (bleu\/rouge fonc\u00e9). Avec leurs motifs traditionnels japonais, les bo\u00eetes de deck s&#8217;adaptent parfaitement \u00e0 l&#8217;Omnihive 1000+ Xenoskin du Samurai&#8217;s Chest, le premier volet de la s\u00e9rie. Fabriqu\u00e9s dans un mat\u00e9riau Xenoskin r\u00e9sistant, les Sidewinders imprim\u00e9s en couleur peuvent contenir 100 cartes \u00e0 double manchon (ou 120 dans des \u00e9tuis de protection individuels) et constituent des bo\u00eetes de deck fiables et s\u00fbres pour tous les jeux de cartes \u00e0 collectionner populaires tels que Magic : The Gathering, Pok\u00e9mon, One Piece, Yu-Gi-Oh ! ou Lorcana. Chacun des quatre Sidewinders r\u00e9v\u00e8le \u00e9galement un nouveau chapitre de notre histoire de Katana &#8211; alors collectionnez-les tous et accompagnez le jeune guerrier dans son voyage !   <\/p>\n<ul>\n<li>Con\u00e7u pour contenir jusqu&#8217;\u00e0 100 (double-sleeved) ou 120 (single-sleeved) cartes de taille standard dans des Sleeves Ultimate Guard<\/li>\n<li>Le compl\u00e9ment id\u00e9al de l&#8217;Omnihive de notre s\u00e9rie Katana<\/li>\n<li>Int\u00e9rieur recouvert de microfibres<\/li>\n<li>Fermeture magn\u00e9tique forte<\/li>\n<li>Mat\u00e9riau Xenoskin r\u00e9sistant<\/li>\n<li>Dimensions : 104 \u00d7 88 \u00d7 78 mm<\/li>\n<\/ul>\n","protected":false},"excerpt":{"rendered":"<p>La deuxi\u00e8me partie de notre s\u00e9rie &#8220;Katana : The Shogun&#8217;s Journey&#8221; comprend quatre magnifiques Sidewinder 100+ Xenoskin dans les designs<\/p>\n","protected":false},"featured_media":116711,"comment_status":"open","ping_status":"closed","template":"","meta":{"_acf_changed":false},"product_brand":[5082,5080,5088],"product_cat":[9859,9979,9867,10259,9877],"product_tag":[],"class_list":{"0":"post-316448","1":"product","2":"type-product","3":"status-publish","4":"has-post-thumbnail","6":"product_brand-disney","7":"product_brand-disney-lorcana","8":"product_brand-ultimate-guard","9":"product_cat-accessoires-tcg","10":"product_cat-petites-boites-de-rangement","11":"product_cat-rangement","12":"product_cat-tout","13":"product_cat-ultimate-guard-fr","15":"first","16":"instock","17":"taxable","18":"shipping-taxable","19":"purchasable","20":"product-type-variable"},"acf":[],"yoast_head":"<!-- This site is optimized with the Yoast SEO plugin v27.4 - https:\/\/yoast.com\/product\/yoast-seo-wordpress\/ -->\n<title>Ach\u00e8te Ultimate Guard - Sidewinder 100+ The Shogun&#039;s Journey - Part 2<\/title>\n<meta name=\"description\" content=\"Ach\u00e8te Ultimate Guard - Sidewinder 100+ The Shogun&#039;s Journey - Part 2 en ligne maintenant \u00e0 petit prix! Ton #1 shop pour cartes TCG &amp; Pok\u00e9mon en Suisse \u2713 Livraison gratuite d\u00e8s CHF 29\" \/>\n<meta name=\"robots\" content=\"index, follow, max-snippet:-1, max-image-preview:large, max-video-preview:-1\" \/>\n<link rel=\"canonical\" href=\"https:\/\/theuncommonshop.ch\/fr\/product\/ultimate-guard-sidewinder-100-the-shoguns-journey-part-2-2\/\" \/>\n<meta property=\"og:locale\" content=\"fr_FR\" \/>\n<meta property=\"og:type\" content=\"article\" \/>\n<meta property=\"og:title\" content=\"Ach\u00e8te Ultimate Guard - Sidewinder 100+ The Shogun&#039;s Journey - Part 2\" \/>\n<meta property=\"og:description\" content=\"Ach\u00e8te Ultimate Guard - Sidewinder 100+ The Shogun&#039;s Journey - Part 2 en ligne maintenant \u00e0 petit prix! Ton #1 shop pour cartes TCG &amp; Pok\u00e9mon en Suisse \u2713 Livraison gratuite d\u00e8s CHF 29\" \/>\n<meta property=\"og:url\" content=\"https:\/\/theuncommonshop.ch\/fr\/product\/ultimate-guard-sidewinder-100-the-shoguns-journey-part-2-2\/\" \/>\n<meta property=\"og:site_name\" content=\"Largest trading card shop in Switzerland\" \/>\n<meta property=\"article:modified_time\" content=\"2026-03-26T12:05:23+00:00\" \/>\n<meta property=\"og:image\" content=\"https:\/\/theuncommonshop.ch\/wp-content\/uploads\/2025\/06\/4599970070.jpg\" \/>\n\t<meta property=\"og:image:width\" content=\"1000\" \/>\n\t<meta property=\"og:image:height\" content=\"1000\" \/>\n\t<meta property=\"og:image:type\" content=\"image\/jpeg\" \/>\n<meta name=\"twitter:card\" content=\"summary_large_image\" \/>\n<meta name=\"twitter:label1\" content=\"Disponibilit\u00e9\" \/>\n\t<meta name=\"twitter:data1\" content=\"En stock\" \/>\n<script type=\"application\/ld+json\" class=\"yoast-schema-graph\">{\"@context\":\"https:\\\/\\\/schema.org\",\"@graph\":[{\"@type\":\"WebPage\",\"@id\":\"https:\\\/\\\/theuncommonshop.ch\\\/fr\\\/product\\\/ultimate-guard-sidewinder-100-the-shoguns-journey-part-2-2\\\/\",\"url\":\"https:\\\/\\\/theuncommonshop.ch\\\/fr\\\/product\\\/ultimate-guard-sidewinder-100-the-shoguns-journey-part-2-2\\\/\",\"name\":\"Ach\u00e8te Ultimate Guard - Sidewinder 100+ The Shogun's Journey - Part 2\",\"isPartOf\":{\"@id\":\"https:\\\/\\\/theuncommonshop.ch\\\/#website\"},\"primaryImageOfPage\":{\"@id\":\"https:\\\/\\\/theuncommonshop.ch\\\/fr\\\/product\\\/ultimate-guard-sidewinder-100-the-shoguns-journey-part-2-2\\\/#primaryimage\"},\"image\":{\"@id\":\"https:\\\/\\\/theuncommonshop.ch\\\/fr\\\/product\\\/ultimate-guard-sidewinder-100-the-shoguns-journey-part-2-2\\\/#primaryimage\"},\"thumbnailUrl\":\"https:\\\/\\\/theuncommonshop.ch\\\/wp-content\\\/uploads\\\/2025\\\/06\\\/4599970070.jpg\",\"datePublished\":\"2025-07-14T10:41:47+00:00\",\"dateModified\":\"2026-03-26T12:05:23+00:00\",\"description\":\"Ach\u00e8te Ultimate Guard - Sidewinder 100+ The Shogun's Journey - Part 2 en ligne maintenant \u00e0 petit prix! Ton #1 shop pour cartes TCG & Pok\u00e9mon en Suisse \u2713 Livraison gratuite d\u00e8s CHF 29\",\"breadcrumb\":{\"@id\":\"https:\\\/\\\/theuncommonshop.ch\\\/fr\\\/product\\\/ultimate-guard-sidewinder-100-the-shoguns-journey-part-2-2\\\/#breadcrumb\"},\"inLanguage\":\"fr-FR\",\"potentialAction\":[{\"@type\":\"ReadAction\",\"target\":[\"https:\\\/\\\/theuncommonshop.ch\\\/fr\\\/product\\\/ultimate-guard-sidewinder-100-the-shoguns-journey-part-2-2\\\/\"]}]},{\"@type\":\"ImageObject\",\"inLanguage\":\"fr-FR\",\"@id\":\"https:\\\/\\\/theuncommonshop.ch\\\/fr\\\/product\\\/ultimate-guard-sidewinder-100-the-shoguns-journey-part-2-2\\\/#primaryimage\",\"url\":\"https:\\\/\\\/theuncommonshop.ch\\\/wp-content\\\/uploads\\\/2025\\\/06\\\/4599970070.jpg\",\"contentUrl\":\"https:\\\/\\\/theuncommonshop.ch\\\/wp-content\\\/uploads\\\/2025\\\/06\\\/4599970070.jpg\",\"width\":1000,\"height\":1000},{\"@type\":\"BreadcrumbList\",\"@id\":\"https:\\\/\\\/theuncommonshop.ch\\\/fr\\\/product\\\/ultimate-guard-sidewinder-100-the-shoguns-journey-part-2-2\\\/#breadcrumb\",\"itemListElement\":[{\"@type\":\"ListItem\",\"position\":1,\"name\":\"Accueil\",\"item\":\"https:\\\/\\\/theuncommonshop.ch\\\/fr\\\/accueil\\\/\"},{\"@type\":\"ListItem\",\"position\":2,\"name\":\"Boutique\",\"item\":\"https:\\\/\\\/theuncommonshop.ch\\\/fr\\\/boutique\\\/\"},{\"@type\":\"ListItem\",\"position\":3,\"name\":\"Accessoires TCG\",\"item\":\"https:\\\/\\\/theuncommonshop.ch\\\/fr\\\/categorie-produit\\\/accessoires-tcg\\\/\"},{\"@type\":\"ListItem\",\"position\":4,\"name\":\"Rangement\",\"item\":\"https:\\\/\\\/theuncommonshop.ch\\\/fr\\\/categorie-produit\\\/accessoires-tcg\\\/rangement\\\/\"},{\"@type\":\"ListItem\",\"position\":5,\"name\":\"Tout\",\"item\":\"https:\\\/\\\/theuncommonshop.ch\\\/fr\\\/categorie-produit\\\/accessoires-tcg\\\/rangement\\\/tout\\\/\"},{\"@type\":\"ListItem\",\"position\":6,\"name\":\"Ultimate Guard &#8211; Sidewinder 100+ The Shogun&#8217;s Journey &#8211; Part 2\"}]},{\"@type\":\"WebSite\",\"@id\":\"https:\\\/\\\/theuncommonshop.ch\\\/#website\",\"url\":\"https:\\\/\\\/theuncommonshop.ch\\\/\",\"name\":\"Largest trading card shop in Switzerland\",\"description\":\"Magic, Pok\u00e9mon and Yu-gi-oh - The Uncommon Shop\",\"potentialAction\":[{\"@type\":\"SearchAction\",\"target\":{\"@type\":\"EntryPoint\",\"urlTemplate\":\"https:\\\/\\\/theuncommonshop.ch\\\/?s={search_term_string}\"},\"query-input\":{\"@type\":\"PropertyValueSpecification\",\"valueRequired\":true,\"valueName\":\"search_term_string\"}}],\"inLanguage\":\"fr-FR\"}]}<\/script>\n<meta property=\"og:availability\" content=\"instock\" \/>\n<meta property=\"product:availability\" content=\"instock\" \/>\n<meta property=\"product:condition\" content=\"new\" \/>\n<!-- \/ Yoast SEO plugin. -->","yoast_head_json":{"title":"Ach\u00e8te Ultimate Guard - Sidewinder 100+ The Shogun's Journey - Part 2","description":"Ach\u00e8te Ultimate Guard - Sidewinder 100+ The Shogun's Journey - Part 2 en ligne maintenant \u00e0 petit prix! Ton #1 shop pour cartes TCG & Pok\u00e9mon en Suisse \u2713 Livraison gratuite d\u00e8s CHF 29","robots":{"index":"index","follow":"follow","max-snippet":"max-snippet:-1","max-image-preview":"max-image-preview:large","max-video-preview":"max-video-preview:-1"},"canonical":"https:\/\/theuncommonshop.ch\/fr\/product\/ultimate-guard-sidewinder-100-the-shoguns-journey-part-2-2\/","og_locale":"fr_FR","og_type":"article","og_title":"Ach\u00e8te Ultimate Guard - Sidewinder 100+ The Shogun's Journey - Part 2","og_description":"Ach\u00e8te Ultimate Guard - Sidewinder 100+ The Shogun's Journey - Part 2 en ligne maintenant \u00e0 petit prix! Ton #1 shop pour cartes TCG & Pok\u00e9mon en Suisse \u2713 Livraison gratuite d\u00e8s CHF 29","og_url":"https:\/\/theuncommonshop.ch\/fr\/product\/ultimate-guard-sidewinder-100-the-shoguns-journey-part-2-2\/","og_site_name":"Largest trading card shop in Switzerland","article_modified_time":"2026-03-26T12:05:23+00:00","og_image":[{"width":1000,"height":1000,"url":"https:\/\/theuncommonshop.ch\/wp-content\/uploads\/2025\/06\/4599970070.jpg","type":"image\/jpeg"}],"twitter_card":"summary_large_image","twitter_misc":{"Disponibilit\u00e9":"En stock"},"schema":{"@context":"https:\/\/schema.org","@graph":[{"@type":"WebPage","@id":"https:\/\/theuncommonshop.ch\/fr\/product\/ultimate-guard-sidewinder-100-the-shoguns-journey-part-2-2\/","url":"https:\/\/theuncommonshop.ch\/fr\/product\/ultimate-guard-sidewinder-100-the-shoguns-journey-part-2-2\/","name":"Ach\u00e8te Ultimate Guard - Sidewinder 100+ The Shogun's Journey - Part 2","isPartOf":{"@id":"https:\/\/theuncommonshop.ch\/#website"},"primaryImageOfPage":{"@id":"https:\/\/theuncommonshop.ch\/fr\/product\/ultimate-guard-sidewinder-100-the-shoguns-journey-part-2-2\/#primaryimage"},"image":{"@id":"https:\/\/theuncommonshop.ch\/fr\/product\/ultimate-guard-sidewinder-100-the-shoguns-journey-part-2-2\/#primaryimage"},"thumbnailUrl":"https:\/\/theuncommonshop.ch\/wp-content\/uploads\/2025\/06\/4599970070.jpg","datePublished":"2025-07-14T10:41:47+00:00","dateModified":"2026-03-26T12:05:23+00:00","description":"Ach\u00e8te Ultimate Guard - Sidewinder 100+ The Shogun's Journey - Part 2 en ligne maintenant \u00e0 petit prix! Ton #1 shop pour cartes TCG & Pok\u00e9mon en Suisse \u2713 Livraison gratuite d\u00e8s CHF 29","breadcrumb":{"@id":"https:\/\/theuncommonshop.ch\/fr\/product\/ultimate-guard-sidewinder-100-the-shoguns-journey-part-2-2\/#breadcrumb"},"inLanguage":"fr-FR","potentialAction":[{"@type":"ReadAction","target":["https:\/\/theuncommonshop.ch\/fr\/product\/ultimate-guard-sidewinder-100-the-shoguns-journey-part-2-2\/"]}]},{"@type":"ImageObject","inLanguage":"fr-FR","@id":"https:\/\/theuncommonshop.ch\/fr\/product\/ultimate-guard-sidewinder-100-the-shoguns-journey-part-2-2\/#primaryimage","url":"https:\/\/theuncommonshop.ch\/wp-content\/uploads\/2025\/06\/4599970070.jpg","contentUrl":"https:\/\/theuncommonshop.ch\/wp-content\/uploads\/2025\/06\/4599970070.jpg","width":1000,"height":1000},{"@type":"BreadcrumbList","@id":"https:\/\/theuncommonshop.ch\/fr\/product\/ultimate-guard-sidewinder-100-the-shoguns-journey-part-2-2\/#breadcrumb","itemListElement":[{"@type":"ListItem","position":1,"name":"Accueil","item":"https:\/\/theuncommonshop.ch\/fr\/accueil\/"},{"@type":"ListItem","position":2,"name":"Boutique","item":"https:\/\/theuncommonshop.ch\/fr\/boutique\/"},{"@type":"ListItem","position":3,"name":"Accessoires TCG","item":"https:\/\/theuncommonshop.ch\/fr\/categorie-produit\/accessoires-tcg\/"},{"@type":"ListItem","position":4,"name":"Rangement","item":"https:\/\/theuncommonshop.ch\/fr\/categorie-produit\/accessoires-tcg\/rangement\/"},{"@type":"ListItem","position":5,"name":"Tout","item":"https:\/\/theuncommonshop.ch\/fr\/categorie-produit\/accessoires-tcg\/rangement\/tout\/"},{"@type":"ListItem","position":6,"name":"Ultimate Guard &#8211; Sidewinder 100+ The Shogun&#8217;s Journey &#8211; Part 2"}]},{"@type":"WebSite","@id":"https:\/\/theuncommonshop.ch\/#website","url":"https:\/\/theuncommonshop.ch\/","name":"Largest trading card shop in Switzerland","description":"Magic, Pok\u00e9mon and Yu-gi-oh - The Uncommon Shop","potentialAction":[{"@type":"SearchAction","target":{"@type":"EntryPoint","urlTemplate":"https:\/\/theuncommonshop.ch\/?s={search_term_string}"},"query-input":{"@type":"PropertyValueSpecification","valueRequired":true,"valueName":"search_term_string"}}],"inLanguage":"fr-FR"}]},"og_availability":"instock","product_availability":"instock","product_condition":"new"},"_links":{"self":[{"href":"https:\/\/theuncommonshop.ch\/fr\/wp-json\/wp\/v2\/product\/316448","targetHints":{"allow":["GET"]}}],"collection":[{"href":"https:\/\/theuncommonshop.ch\/fr\/wp-json\/wp\/v2\/product"}],"about":[{"href":"https:\/\/theuncommonshop.ch\/fr\/wp-json\/wp\/v2\/types\/product"}],"replies":[{"embeddable":true,"href":"https:\/\/theuncommonshop.ch\/fr\/wp-json\/wp\/v2\/comments?post=316448"}],"version-history":[{"count":1,"href":"https:\/\/theuncommonshop.ch\/fr\/wp-json\/wp\/v2\/product\/316448\/revisions"}],"predecessor-version":[{"id":316463,"href":"https:\/\/theuncommonshop.ch\/fr\/wp-json\/wp\/v2\/product\/316448\/revisions\/316463"}],"wp:featuredmedia":[{"embeddable":true,"href":"https:\/\/theuncommonshop.ch\/fr\/wp-json\/wp\/v2\/media\/116711"}],"wp:attachment":[{"href":"https:\/\/theuncommonshop.ch\/fr\/wp-json\/wp\/v2\/media?parent=316448"}],"wp:term":[{"taxonomy":"product_brand","embeddable":true,"href":"https:\/\/theuncommonshop.ch\/fr\/wp-json\/wp\/v2\/product_brand?post=316448"},{"taxonomy":"product_cat","embeddable":true,"href":"https:\/\/theuncommonshop.ch\/fr\/wp-json\/wp\/v2\/product_cat?post=316448"},{"taxonomy":"product_tag","embeddable":true,"href":"https:\/\/theuncommonshop.ch\/fr\/wp-json\/wp\/v2\/product_tag?post=316448"}],"curies":[{"name":"wp","href":"https:\/\/api.w.org\/{rel}","templated":true}]}}