{"id":316429,"date":"2025-07-14T10:37:24","date_gmt":"2025-07-14T10:37:24","guid":{"rendered":"http:\/\/theuncommonshop.ch\/produkt\/316429\/"},"modified":"2026-03-26T13:06:06","modified_gmt":"2026-03-26T12:06:06","slug":"gamegenic-cards-lair-1000-2","status":"publish","type":"product","link":"https:\/\/theuncommonshop.ch\/fr\/product\/gamegenic-cards-lair-1000-2\/","title":{"rendered":"Gamegenic &#8211; Cards\u2019 Lair 1000+"},"content":{"rendered":"<p>Faites passer votre jeu au niveau sup\u00e9rieur avec le Cards Lair PRO !<\/p>\n<p>Nous avons repris et am\u00e9lior\u00e9 toutes les caract\u00e9ristiques qui ont fait la popularit\u00e9 de notre Cards Lair original. Nous avons ainsi cr\u00e9\u00e9 la solution parfaite pour tous les besoins des joueurs &#8211; une solution de rangement de premier ordre pour les cartes, les bo\u00eetes de deck, les tapis de jeu, les pions, les d\u00e9s, les cubes, les mini-snaps ou tout ce qui se trouve entre les deux ! <\/p>\n<p>La nouvelle version PRO offre des possibilit\u00e9s presque infinies, ce qui en fait le choix id\u00e9al pour les tournois, les soir\u00e9es de jeu ou une solution de rangement tout-en-un de premier ordre. Gr\u00e2ce \u00e0 nos caract\u00e9ristiques distinctives, telles que le syst\u00e8me CONVERTIBLE, la cloison en acrylique et les tiroirs r\u00e9volutionnaires avec des volets magn\u00e9tiques, nous avons cr\u00e9\u00e9 un produit qui r\u00e9volutionne le rangement du mat\u00e9riel de jeu.<br \/>Et ce n&#8217;est pas tout &#8211; d\u00e9sormais, les tapis de jeu ont aussi leur propre place ! <\/p>\n<p>Le Cards&#8217; Lair PRO est fabriqu\u00e9 \u00e0 partir de mat\u00e9riaux de la plus haute qualit\u00e9 par des fabricants exp\u00e9riment\u00e9s. C&#8217;est le choix parfait pour les joueurs exp\u00e9riment\u00e9s qui n&#8217;ach\u00e8tent que le meilleur. Ne vous contentez pas de moins &#8211; passez \u00e0 la Cards&#8217; Lair PRO et faites passer votre jeu au niveau sup\u00e9rieur&#8221;.  <\/p>\n<p><\/p>\n<h2>FEATURES<\/h2>\n<ul>\n<li>Bo\u00eete multifonctionnelle haut de gamme pour les cartes, les bo\u00eetes de deck et les accessoires<\/li>\n<li>Compartiment suppl\u00e9mentaire pouvant accueillir jusqu&#8217;\u00e0 <strong>2<\/strong> Playmats ; \u00e9galement utilisable comme espace de rangement suppl\u00e9mentaire pour les cartes<\/li>\n<li>Le compartiment suppl\u00e9mentaire peut m\u00eame contenir un Playmat Tube.<\/li>\n<li>Sans Playmats : con\u00e7u pour<br \/><strong>1000+<\/strong> cartes \u00e0 double sleeve dans des Closable Inner Sleeves ou<br \/><strong>1300+<\/strong> cartes dans des prot\u00e8ge-cartes pour jeux de soci\u00e9t\u00e9*.<\/li>\n<li>Avec Playmats : con\u00e7u pour<br \/> 440+ cartes \u00e0 double sleeve dans des Closable Inner Sleeves ou<br \/> 550+ cartes dans des prot\u00e8ge-cartes pour jeux de soci\u00e9t\u00e9*.<\/li>\n<li><strong>S\u00e9parateur amovible en acrylique<\/strong> pour un rangement parfait des cartes ou des deck boxes<\/li>\n<li><strong>Espace suppl\u00e9mentaire<\/strong> pour les cartes surdimensionn\u00e9es sleev\u00e9es, les Boosters, les blocs-notes ou les Cube Pockets 15+.<\/li>\n<li><strong>Espace s\u00e9par\u00e9<\/strong> pour le rangement du s\u00e9parateur acrylique lorsqu&#8217;il n&#8217;est pas utilis\u00e9<\/li>\n<li>Peut contenir jusqu&#8217;\u00e0 <strong>9<\/strong> Commander** Decks, jetons inclus (sans Playmats) <\/li>\n<li>Id\u00e9al pour les joueurs de tournois, les soir\u00e9es de jeux Commander**, les fans de jeux de cartes et d&#8217;innombrables jeux comme Arkham Horror LCG\u2122 ou Marvel Champions\u2122.<\/li>\n<li><strong>D\u00e9coupes innovantes<\/strong> sur le c\u00f4t\u00e9 pour un acc\u00e8s facile aux cartes<\/li>\n<li><strong>2 tiroirs amovibles avec des volets magn\u00e9tiques r\u00e9volutionnaires<\/strong> qui permettent de les sortir sans effort<\/li>\n<li>Les tiroirs peuvent contenir chacun <strong>40<\/strong> cartes suppl\u00e9mentaires \u00e0 double dos (ou <strong>50<\/strong> cartes dans des prot\u00e8ge-cartes pour jeux de soci\u00e9t\u00e9)*.<\/li>\n<li>Tiroirs avec encoches pour un acc\u00e8s facile, m\u00eame \u00e0 la derni\u00e8re carte<\/li>\n<li>Compartiment sup\u00e9rieur pour accessoires suppl\u00e9mentaires, cartes, mini Snap\/Slide Card Cases ou comme mini plateau de cubes<\/li>\n<li><strong>Syst\u00e8me CONVERTIBLE :<\/strong> le couvercle amovible peut \u00eatre fix\u00e9 au bas de la bo\u00eete, ce qui permet de gagner un espace pr\u00e9cieux sur la table de jeu.<\/li>\n<\/ul>\n","protected":false},"excerpt":{"rendered":"<p>Faites passer votre jeu au niveau sup\u00e9rieur avec le Cards Lair PRO ! Nous avons repris et am\u00e9lior\u00e9 toutes les<\/p>\n","protected":false},"featured_media":105410,"comment_status":"open","ping_status":"closed","template":"","meta":{"_acf_changed":false},"product_brand":[5090],"product_cat":[9859,9879,9867],"product_tag":[],"class_list":{"0":"post-316429","1":"product","2":"type-product","3":"status-publish","4":"has-post-thumbnail","6":"product_brand-gamegenic","7":"product_cat-accessoires-tcg","8":"product_cat-gamegenic-fr","9":"product_cat-rangement","11":"first","12":"instock","13":"taxable","14":"shipping-taxable","15":"purchasable","16":"product-type-variable"},"acf":[],"yoast_head":"<!-- This site is optimized with the Yoast SEO plugin v27.4 - https:\/\/yoast.com\/product\/yoast-seo-wordpress\/ -->\n<title>Ach\u00e8te Gamegenic - Cards\u2019 Lair 1000+<\/title>\n<meta name=\"description\" content=\"Ach\u00e8te Gamegenic - Cards\u2019 Lair 1000+ en ligne maintenant \u00e0 petit prix! Ton #1 shop pour cartes TCG &amp; Pok\u00e9mon en Suisse \u2713 Livraison gratuite d\u00e8s CHF 29\" \/>\n<meta name=\"robots\" content=\"index, follow, max-snippet:-1, max-image-preview:large, max-video-preview:-1\" \/>\n<link rel=\"canonical\" href=\"https:\/\/theuncommonshop.ch\/fr\/product\/gamegenic-cards-lair-1000-2\/\" \/>\n<meta property=\"og:locale\" content=\"fr_FR\" \/>\n<meta property=\"og:type\" content=\"article\" \/>\n<meta property=\"og:title\" content=\"Ach\u00e8te Gamegenic - Cards\u2019 Lair 1000+\" \/>\n<meta property=\"og:description\" content=\"Ach\u00e8te Gamegenic - Cards\u2019 Lair 1000+ en ligne maintenant \u00e0 petit prix! Ton #1 shop pour cartes TCG &amp; Pok\u00e9mon en Suisse \u2713 Livraison gratuite d\u00e8s CHF 29\" \/>\n<meta property=\"og:url\" content=\"https:\/\/theuncommonshop.ch\/fr\/product\/gamegenic-cards-lair-1000-2\/\" \/>\n<meta property=\"og:site_name\" content=\"Largest trading card shop in Switzerland\" \/>\n<meta property=\"article:modified_time\" content=\"2026-03-26T12:06:06+00:00\" \/>\n<meta property=\"og:image\" content=\"https:\/\/theuncommonshop.ch\/wp-content\/uploads\/2025\/06\/4027086214.png\" \/>\n\t<meta property=\"og:image:width\" content=\"545\" \/>\n\t<meta property=\"og:image:height\" content=\"458\" \/>\n\t<meta property=\"og:image:type\" content=\"image\/png\" \/>\n<meta name=\"twitter:card\" content=\"summary_large_image\" \/>\n<meta name=\"twitter:label1\" content=\"Disponibilit\u00e9\" \/>\n\t<meta name=\"twitter:data1\" content=\"En stock\" \/>\n<script type=\"application\/ld+json\" class=\"yoast-schema-graph\">{\"@context\":\"https:\\\/\\\/schema.org\",\"@graph\":[{\"@type\":\"WebPage\",\"@id\":\"https:\\\/\\\/theuncommonshop.ch\\\/fr\\\/product\\\/gamegenic-cards-lair-1000-2\\\/\",\"url\":\"https:\\\/\\\/theuncommonshop.ch\\\/fr\\\/product\\\/gamegenic-cards-lair-1000-2\\\/\",\"name\":\"Ach\u00e8te Gamegenic - Cards\u2019 Lair 1000+\",\"isPartOf\":{\"@id\":\"https:\\\/\\\/theuncommonshop.ch\\\/#website\"},\"primaryImageOfPage\":{\"@id\":\"https:\\\/\\\/theuncommonshop.ch\\\/fr\\\/product\\\/gamegenic-cards-lair-1000-2\\\/#primaryimage\"},\"image\":{\"@id\":\"https:\\\/\\\/theuncommonshop.ch\\\/fr\\\/product\\\/gamegenic-cards-lair-1000-2\\\/#primaryimage\"},\"thumbnailUrl\":\"https:\\\/\\\/theuncommonshop.ch\\\/wp-content\\\/uploads\\\/2025\\\/06\\\/4027086214.png\",\"datePublished\":\"2025-07-14T10:37:24+00:00\",\"dateModified\":\"2026-03-26T12:06:06+00:00\",\"description\":\"Ach\u00e8te Gamegenic - Cards\u2019 Lair 1000+ en ligne maintenant \u00e0 petit prix! Ton #1 shop pour cartes TCG & Pok\u00e9mon en Suisse \u2713 Livraison gratuite d\u00e8s CHF 29\",\"breadcrumb\":{\"@id\":\"https:\\\/\\\/theuncommonshop.ch\\\/fr\\\/product\\\/gamegenic-cards-lair-1000-2\\\/#breadcrumb\"},\"inLanguage\":\"fr-FR\",\"potentialAction\":[{\"@type\":\"ReadAction\",\"target\":[\"https:\\\/\\\/theuncommonshop.ch\\\/fr\\\/product\\\/gamegenic-cards-lair-1000-2\\\/\"]}]},{\"@type\":\"ImageObject\",\"inLanguage\":\"fr-FR\",\"@id\":\"https:\\\/\\\/theuncommonshop.ch\\\/fr\\\/product\\\/gamegenic-cards-lair-1000-2\\\/#primaryimage\",\"url\":\"https:\\\/\\\/theuncommonshop.ch\\\/wp-content\\\/uploads\\\/2025\\\/06\\\/4027086214.png\",\"contentUrl\":\"https:\\\/\\\/theuncommonshop.ch\\\/wp-content\\\/uploads\\\/2025\\\/06\\\/4027086214.png\",\"width\":545,\"height\":458},{\"@type\":\"BreadcrumbList\",\"@id\":\"https:\\\/\\\/theuncommonshop.ch\\\/fr\\\/product\\\/gamegenic-cards-lair-1000-2\\\/#breadcrumb\",\"itemListElement\":[{\"@type\":\"ListItem\",\"position\":1,\"name\":\"Accueil\",\"item\":\"https:\\\/\\\/theuncommonshop.ch\\\/fr\\\/accueil\\\/\"},{\"@type\":\"ListItem\",\"position\":2,\"name\":\"Boutique\",\"item\":\"https:\\\/\\\/theuncommonshop.ch\\\/fr\\\/boutique\\\/\"},{\"@type\":\"ListItem\",\"position\":3,\"name\":\"Accessoires TCG\",\"item\":\"https:\\\/\\\/theuncommonshop.ch\\\/fr\\\/categorie-produit\\\/accessoires-tcg\\\/\"},{\"@type\":\"ListItem\",\"position\":4,\"name\":\"Rangement\",\"item\":\"https:\\\/\\\/theuncommonshop.ch\\\/fr\\\/categorie-produit\\\/accessoires-tcg\\\/rangement\\\/\"},{\"@type\":\"ListItem\",\"position\":5,\"name\":\"Gamegenic\",\"item\":\"https:\\\/\\\/theuncommonshop.ch\\\/fr\\\/categorie-produit\\\/accessoires-tcg\\\/rangement\\\/gamegenic-fr\\\/\"},{\"@type\":\"ListItem\",\"position\":6,\"name\":\"Gamegenic &#8211; Cards\u2019 Lair 1000+\"}]},{\"@type\":\"WebSite\",\"@id\":\"https:\\\/\\\/theuncommonshop.ch\\\/#website\",\"url\":\"https:\\\/\\\/theuncommonshop.ch\\\/\",\"name\":\"Largest trading card shop in Switzerland\",\"description\":\"Magic, Pok\u00e9mon and Yu-gi-oh - The Uncommon Shop\",\"potentialAction\":[{\"@type\":\"SearchAction\",\"target\":{\"@type\":\"EntryPoint\",\"urlTemplate\":\"https:\\\/\\\/theuncommonshop.ch\\\/?s={search_term_string}\"},\"query-input\":{\"@type\":\"PropertyValueSpecification\",\"valueRequired\":true,\"valueName\":\"search_term_string\"}}],\"inLanguage\":\"fr-FR\"}]}<\/script>\n<meta property=\"og:availability\" content=\"instock\" \/>\n<meta property=\"product:availability\" content=\"instock\" \/>\n<meta property=\"product:condition\" content=\"new\" \/>\n<!-- \/ Yoast SEO plugin. -->","yoast_head_json":{"title":"Ach\u00e8te Gamegenic - Cards\u2019 Lair 1000+","description":"Ach\u00e8te Gamegenic - Cards\u2019 Lair 1000+ en ligne maintenant \u00e0 petit prix! Ton #1 shop pour cartes TCG & Pok\u00e9mon en Suisse \u2713 Livraison gratuite d\u00e8s CHF 29","robots":{"index":"index","follow":"follow","max-snippet":"max-snippet:-1","max-image-preview":"max-image-preview:large","max-video-preview":"max-video-preview:-1"},"canonical":"https:\/\/theuncommonshop.ch\/fr\/product\/gamegenic-cards-lair-1000-2\/","og_locale":"fr_FR","og_type":"article","og_title":"Ach\u00e8te Gamegenic - Cards\u2019 Lair 1000+","og_description":"Ach\u00e8te Gamegenic - Cards\u2019 Lair 1000+ en ligne maintenant \u00e0 petit prix! Ton #1 shop pour cartes TCG & Pok\u00e9mon en Suisse \u2713 Livraison gratuite d\u00e8s CHF 29","og_url":"https:\/\/theuncommonshop.ch\/fr\/product\/gamegenic-cards-lair-1000-2\/","og_site_name":"Largest trading card shop in Switzerland","article_modified_time":"2026-03-26T12:06:06+00:00","og_image":[{"width":545,"height":458,"url":"https:\/\/theuncommonshop.ch\/wp-content\/uploads\/2025\/06\/4027086214.png","type":"image\/png"}],"twitter_card":"summary_large_image","twitter_misc":{"Disponibilit\u00e9":"En stock"},"schema":{"@context":"https:\/\/schema.org","@graph":[{"@type":"WebPage","@id":"https:\/\/theuncommonshop.ch\/fr\/product\/gamegenic-cards-lair-1000-2\/","url":"https:\/\/theuncommonshop.ch\/fr\/product\/gamegenic-cards-lair-1000-2\/","name":"Ach\u00e8te Gamegenic - Cards\u2019 Lair 1000+","isPartOf":{"@id":"https:\/\/theuncommonshop.ch\/#website"},"primaryImageOfPage":{"@id":"https:\/\/theuncommonshop.ch\/fr\/product\/gamegenic-cards-lair-1000-2\/#primaryimage"},"image":{"@id":"https:\/\/theuncommonshop.ch\/fr\/product\/gamegenic-cards-lair-1000-2\/#primaryimage"},"thumbnailUrl":"https:\/\/theuncommonshop.ch\/wp-content\/uploads\/2025\/06\/4027086214.png","datePublished":"2025-07-14T10:37:24+00:00","dateModified":"2026-03-26T12:06:06+00:00","description":"Ach\u00e8te Gamegenic - Cards\u2019 Lair 1000+ en ligne maintenant \u00e0 petit prix! Ton #1 shop pour cartes TCG & Pok\u00e9mon en Suisse \u2713 Livraison gratuite d\u00e8s CHF 29","breadcrumb":{"@id":"https:\/\/theuncommonshop.ch\/fr\/product\/gamegenic-cards-lair-1000-2\/#breadcrumb"},"inLanguage":"fr-FR","potentialAction":[{"@type":"ReadAction","target":["https:\/\/theuncommonshop.ch\/fr\/product\/gamegenic-cards-lair-1000-2\/"]}]},{"@type":"ImageObject","inLanguage":"fr-FR","@id":"https:\/\/theuncommonshop.ch\/fr\/product\/gamegenic-cards-lair-1000-2\/#primaryimage","url":"https:\/\/theuncommonshop.ch\/wp-content\/uploads\/2025\/06\/4027086214.png","contentUrl":"https:\/\/theuncommonshop.ch\/wp-content\/uploads\/2025\/06\/4027086214.png","width":545,"height":458},{"@type":"BreadcrumbList","@id":"https:\/\/theuncommonshop.ch\/fr\/product\/gamegenic-cards-lair-1000-2\/#breadcrumb","itemListElement":[{"@type":"ListItem","position":1,"name":"Accueil","item":"https:\/\/theuncommonshop.ch\/fr\/accueil\/"},{"@type":"ListItem","position":2,"name":"Boutique","item":"https:\/\/theuncommonshop.ch\/fr\/boutique\/"},{"@type":"ListItem","position":3,"name":"Accessoires TCG","item":"https:\/\/theuncommonshop.ch\/fr\/categorie-produit\/accessoires-tcg\/"},{"@type":"ListItem","position":4,"name":"Rangement","item":"https:\/\/theuncommonshop.ch\/fr\/categorie-produit\/accessoires-tcg\/rangement\/"},{"@type":"ListItem","position":5,"name":"Gamegenic","item":"https:\/\/theuncommonshop.ch\/fr\/categorie-produit\/accessoires-tcg\/rangement\/gamegenic-fr\/"},{"@type":"ListItem","position":6,"name":"Gamegenic &#8211; Cards\u2019 Lair 1000+"}]},{"@type":"WebSite","@id":"https:\/\/theuncommonshop.ch\/#website","url":"https:\/\/theuncommonshop.ch\/","name":"Largest trading card shop in Switzerland","description":"Magic, Pok\u00e9mon and Yu-gi-oh - The Uncommon Shop","potentialAction":[{"@type":"SearchAction","target":{"@type":"EntryPoint","urlTemplate":"https:\/\/theuncommonshop.ch\/?s={search_term_string}"},"query-input":{"@type":"PropertyValueSpecification","valueRequired":true,"valueName":"search_term_string"}}],"inLanguage":"fr-FR"}]},"og_availability":"instock","product_availability":"instock","product_condition":"new"},"_links":{"self":[{"href":"https:\/\/theuncommonshop.ch\/fr\/wp-json\/wp\/v2\/product\/316429","targetHints":{"allow":["GET"]}}],"collection":[{"href":"https:\/\/theuncommonshop.ch\/fr\/wp-json\/wp\/v2\/product"}],"about":[{"href":"https:\/\/theuncommonshop.ch\/fr\/wp-json\/wp\/v2\/types\/product"}],"replies":[{"embeddable":true,"href":"https:\/\/theuncommonshop.ch\/fr\/wp-json\/wp\/v2\/comments?post=316429"}],"version-history":[{"count":1,"href":"https:\/\/theuncommonshop.ch\/fr\/wp-json\/wp\/v2\/product\/316429\/revisions"}],"predecessor-version":[{"id":316432,"href":"https:\/\/theuncommonshop.ch\/fr\/wp-json\/wp\/v2\/product\/316429\/revisions\/316432"}],"wp:featuredmedia":[{"embeddable":true,"href":"https:\/\/theuncommonshop.ch\/fr\/wp-json\/wp\/v2\/media\/105410"}],"wp:attachment":[{"href":"https:\/\/theuncommonshop.ch\/fr\/wp-json\/wp\/v2\/media?parent=316429"}],"wp:term":[{"taxonomy":"product_brand","embeddable":true,"href":"https:\/\/theuncommonshop.ch\/fr\/wp-json\/wp\/v2\/product_brand?post=316429"},{"taxonomy":"product_cat","embeddable":true,"href":"https:\/\/theuncommonshop.ch\/fr\/wp-json\/wp\/v2\/product_cat?post=316429"},{"taxonomy":"product_tag","embeddable":true,"href":"https:\/\/theuncommonshop.ch\/fr\/wp-json\/wp\/v2\/product_tag?post=316429"}],"curies":[{"name":"wp","href":"https:\/\/api.w.org\/{rel}","templated":true}]}}