{"id":315805,"date":"2025-06-17T11:27:37","date_gmt":"2025-06-17T11:27:37","guid":{"rendered":"http:\/\/theuncommonshop.ch\/produkt\/315805\/"},"modified":"2026-03-26T13:09:19","modified_gmt":"2026-03-26T12:09:19","slug":"warhammer-40-000-death-korps-of-krieg-astra-militarum-army-set-3","status":"publish","type":"product","link":"https:\/\/theuncommonshop.ch\/fr\/product\/warhammer-40-000-death-korps-of-krieg-astra-militarum-army-set-3\/","title":{"rendered":"Warhammer 40.000 &#8211; Death Korps Of Krieg &#8211; Astra Militarum Army Set"},"content":{"rendered":"<ul>\n<li>1x Seigneur Marshal Dreir<\/li>\n<li>10x Death Riders<\/li>\n<li>1x \u00e9quipe d&#8217;artillerie<\/li>\n<li>5x Ing\u00e9nieurs de combat de guerre<\/li>\n<\/ul>\n<p>L&#8217;Astra Militarum est l&#8217;\u00e9pine dorsale de la puissance militaire de l&#8217;Empire. Ce sont les hommes et les femmes qui tiennent la baraque &#8211; un rempart entre l&#8217;humanit\u00e9 et une galaxie remplie de terreurs cauchemardesques. Parmi les r\u00e9giments massifs d&#8217;Astra Militarum, les f\u00e9roces Death Korps Of Krieg sont particuli\u00e8rement l\u00e9gendaires. Pour ces adeptes fanatiques du credo imp\u00e9rial, la mort au combat est un honneur auquel on aspire &#8211; et non que l&#8217;on craint. Leurs arm\u00e9es sont con\u00e7ues pour r\u00e9sister \u00e0 l&#8217;usure, cr\u00e9\u00e9es pour r\u00e9sister \u00e0 des attaques ennemies implacables et repousser avec une force \u00e9crasante.    <\/p>\n<p>Comme le veut la tradition dans les arm\u00e9es de guerre, le lord-mar\u00e9chal Varnan Dreir m\u00e8ne cette force de front, sur sa fid\u00e8le monture, arm\u00e9 d&#8217;un pistolet laser et d&#8217;un sabre. Derri\u00e8re lui chevauche une troupe de dix Death Riders &#8211; des cavaliers t\u00e9m\u00e9raires qui s&#8217;\u00e9lancent \u00e0 travers le no man&#8217;s land, lances baiss\u00e9es et sabres au clair. Six ing\u00e9nieurs de combat &#8211; experts en explosifs, pionniers et sp\u00e9cialistes du combat rapproch\u00e9 &#8211; les assistent. Leur mission consiste \u00e0 enlever les barbel\u00e9s et \u00e0 d\u00e9samorcer les mines avant de pointer leurs fusils \u00e0 pompe et leurs masses de tranch\u00e9e contre l&#8217;ennemi. Enfin, une escouade d&#8217;artillerie utilise des canons tract\u00e9s pour tirer toutes sortes de munitions &#8211; de quoi an\u00e9antir des escouades enti\u00e8res d&#8217;infanterie, faire sauter des bunkers fortifi\u00e9s ou d\u00e9truire des convois blind\u00e9s.    <\/p>\n<p>Cette bo\u00eete est \u00e9galement le premier endroit o\u00f9 vous trouverez le nouveau Codex : Astra Militarum &#8211; un livre cartonn\u00e9 de 168 pages avec une couverture exclusive qui vous fournira un contexte inspirant, des r\u00e8gles mises \u00e0 jour et un artwork \u00e9pique. En plus du livre et des miniatures, vous trouverez un deck complet de cartes de donn\u00e9es et une planche de d\u00e9calcomanies Death Korps Of Krieg avec plus de 800 marqueurs, textes et num\u00e9rotations. <\/p>\n<p>Le kit contient 509 pi\u00e8ces en plastique et est livr\u00e9 avec :<\/p>\n<ul>\n<li>  1x base ovale Citadel (75 mm)<\/li>\n<li>  10x bases ovales Citadel (60 mm)<\/li>\n<li>  5x bases rondes Citadel (25 mm)<\/li>\n<li>  1x base ronde Citadel (40 mm)<\/li>\n<li>  1x base ronde Citadel (130 mm)<\/li>\n<\/ul>\n<p>Les miniatures ne sont pas peintes et doivent \u00eatre assembl\u00e9es &#8211; nous recommandons la colle plastique Citadel et les peintures Citadel Colour.<\/p>\n","protected":false},"excerpt":{"rendered":"<p>1x Seigneur Marshal Dreir 10x Death Riders 1x \u00e9quipe d&#8217;artillerie 5x Ing\u00e9nieurs de combat de guerre L&#8217;Astra Militarum est l&#8217;\u00e9pine<\/p>\n","protected":false},"featured_media":137790,"comment_status":"open","ping_status":"closed","template":"","meta":{"_acf_changed":false},"product_brand":[5078,5154],"product_cat":[9925,9927],"product_tag":[],"class_list":{"0":"post-315805","1":"product","2":"type-product","3":"status-publish","4":"has-post-thumbnail","6":"product_brand-games-workshop","7":"product_brand-warhammer","8":"product_cat-tabletop-fr","9":"product_cat-warhammer-40k-fr","11":"first","12":"instock","13":"taxable","14":"shipping-taxable","15":"purchasable","16":"product-type-simple"},"acf":[],"yoast_head":"<!-- This site is optimized with the Yoast SEO plugin v27.4 - https:\/\/yoast.com\/product\/yoast-seo-wordpress\/ -->\n<title>Ach\u00e8te Warhammer 40.000 - Death Korps Of Krieg - Astra Militarum Army Set<\/title>\n<meta name=\"description\" content=\"Ach\u00e8te Warhammer 40.000 - Death Korps Of Krieg - Astra Militarum Army Set en ligne maintenant \u00e0 petit prix! Ton #1 shop pour cartes TCG &amp; Pok\u00e9mon en Suisse \u2713 Livraison gratuite d\u00e8s CHF 29\" \/>\n<meta name=\"robots\" content=\"index, follow, max-snippet:-1, max-image-preview:large, max-video-preview:-1\" \/>\n<link rel=\"canonical\" href=\"https:\/\/theuncommonshop.ch\/fr\/product\/warhammer-40-000-death-korps-of-krieg-astra-militarum-army-set-3\/\" \/>\n<meta property=\"og:locale\" content=\"fr_FR\" \/>\n<meta property=\"og:type\" content=\"article\" \/>\n<meta property=\"og:title\" content=\"Ach\u00e8te Warhammer 40.000 - Death Korps Of Krieg - Astra Militarum Army Set\" \/>\n<meta property=\"og:description\" content=\"Ach\u00e8te Warhammer 40.000 - Death Korps Of Krieg - Astra Militarum Army Set en ligne maintenant \u00e0 petit prix! Ton #1 shop pour cartes TCG &amp; Pok\u00e9mon en Suisse \u2713 Livraison gratuite d\u00e8s CHF 29\" \/>\n<meta property=\"og:url\" content=\"https:\/\/theuncommonshop.ch\/fr\/product\/warhammer-40-000-death-korps-of-krieg-astra-militarum-army-set-3\/\" \/>\n<meta property=\"og:site_name\" content=\"Largest trading card shop in Switzerland\" \/>\n<meta property=\"article:modified_time\" content=\"2026-03-26T12:09:19+00:00\" \/>\n<meta property=\"og:image\" content=\"https:\/\/theuncommonshop.ch\/wp-content\/uploads\/2025\/06\/4933774037.jpg\" \/>\n\t<meta property=\"og:image:width\" content=\"733\" \/>\n\t<meta property=\"og:image:height\" content=\"509\" \/>\n\t<meta property=\"og:image:type\" content=\"image\/jpeg\" \/>\n<meta name=\"twitter:card\" content=\"summary_large_image\" \/>\n<meta name=\"twitter:label1\" content=\"Prix\" \/>\n\t<meta name=\"twitter:data1\" content=\"&#067;&#072;&#070;&nbsp;179.95\" \/>\n\t<meta name=\"twitter:label2\" content=\"Disponibilit\u00e9\" \/>\n\t<meta name=\"twitter:data2\" content=\"En stock\" \/>\n<script type=\"application\/ld+json\" class=\"yoast-schema-graph\">{\"@context\":\"https:\\\/\\\/schema.org\",\"@graph\":[{\"@type\":\"WebPage\",\"@id\":\"https:\\\/\\\/theuncommonshop.ch\\\/fr\\\/product\\\/warhammer-40-000-death-korps-of-krieg-astra-militarum-army-set-3\\\/\",\"url\":\"https:\\\/\\\/theuncommonshop.ch\\\/fr\\\/product\\\/warhammer-40-000-death-korps-of-krieg-astra-militarum-army-set-3\\\/\",\"name\":\"Ach\u00e8te Warhammer 40.000 - Death Korps Of Krieg - Astra Militarum Army Set\",\"isPartOf\":{\"@id\":\"https:\\\/\\\/theuncommonshop.ch\\\/#website\"},\"primaryImageOfPage\":{\"@id\":\"https:\\\/\\\/theuncommonshop.ch\\\/fr\\\/product\\\/warhammer-40-000-death-korps-of-krieg-astra-militarum-army-set-3\\\/#primaryimage\"},\"image\":{\"@id\":\"https:\\\/\\\/theuncommonshop.ch\\\/fr\\\/product\\\/warhammer-40-000-death-korps-of-krieg-astra-militarum-army-set-3\\\/#primaryimage\"},\"thumbnailUrl\":\"https:\\\/\\\/theuncommonshop.ch\\\/wp-content\\\/uploads\\\/2025\\\/06\\\/4933774037.jpg\",\"datePublished\":\"2025-06-17T11:27:37+00:00\",\"dateModified\":\"2026-03-26T12:09:19+00:00\",\"description\":\"Ach\u00e8te Warhammer 40.000 - Death Korps Of Krieg - Astra Militarum Army Set en ligne maintenant \u00e0 petit prix! Ton #1 shop pour cartes TCG & Pok\u00e9mon en Suisse \u2713 Livraison gratuite d\u00e8s CHF 29\",\"breadcrumb\":{\"@id\":\"https:\\\/\\\/theuncommonshop.ch\\\/fr\\\/product\\\/warhammer-40-000-death-korps-of-krieg-astra-militarum-army-set-3\\\/#breadcrumb\"},\"inLanguage\":\"fr-FR\",\"potentialAction\":[{\"@type\":\"ReadAction\",\"target\":[\"https:\\\/\\\/theuncommonshop.ch\\\/fr\\\/product\\\/warhammer-40-000-death-korps-of-krieg-astra-militarum-army-set-3\\\/\"]}]},{\"@type\":\"ImageObject\",\"inLanguage\":\"fr-FR\",\"@id\":\"https:\\\/\\\/theuncommonshop.ch\\\/fr\\\/product\\\/warhammer-40-000-death-korps-of-krieg-astra-militarum-army-set-3\\\/#primaryimage\",\"url\":\"https:\\\/\\\/theuncommonshop.ch\\\/wp-content\\\/uploads\\\/2025\\\/06\\\/4933774037.jpg\",\"contentUrl\":\"https:\\\/\\\/theuncommonshop.ch\\\/wp-content\\\/uploads\\\/2025\\\/06\\\/4933774037.jpg\",\"width\":733,\"height\":509},{\"@type\":\"BreadcrumbList\",\"@id\":\"https:\\\/\\\/theuncommonshop.ch\\\/fr\\\/product\\\/warhammer-40-000-death-korps-of-krieg-astra-militarum-army-set-3\\\/#breadcrumb\",\"itemListElement\":[{\"@type\":\"ListItem\",\"position\":1,\"name\":\"Accueil\",\"item\":\"https:\\\/\\\/theuncommonshop.ch\\\/fr\\\/accueil\\\/\"},{\"@type\":\"ListItem\",\"position\":2,\"name\":\"Boutique\",\"item\":\"https:\\\/\\\/theuncommonshop.ch\\\/fr\\\/boutique\\\/\"},{\"@type\":\"ListItem\",\"position\":3,\"name\":\"Tabletop\",\"item\":\"https:\\\/\\\/theuncommonshop.ch\\\/fr\\\/categorie-produit\\\/tabletop-fr\\\/\"},{\"@type\":\"ListItem\",\"position\":4,\"name\":\"Warhammer 40k\",\"item\":\"https:\\\/\\\/theuncommonshop.ch\\\/fr\\\/categorie-produit\\\/tabletop-fr\\\/warhammer-40k-fr\\\/\"},{\"@type\":\"ListItem\",\"position\":5,\"name\":\"Warhammer 40.000 &#8211; Death Korps Of Krieg &#8211; Astra Militarum Army Set\"}]},{\"@type\":\"WebSite\",\"@id\":\"https:\\\/\\\/theuncommonshop.ch\\\/#website\",\"url\":\"https:\\\/\\\/theuncommonshop.ch\\\/\",\"name\":\"Largest trading card shop in Switzerland\",\"description\":\"Magic, Pok\u00e9mon and Yu-gi-oh - The Uncommon Shop\",\"potentialAction\":[{\"@type\":\"SearchAction\",\"target\":{\"@type\":\"EntryPoint\",\"urlTemplate\":\"https:\\\/\\\/theuncommonshop.ch\\\/?s={search_term_string}\"},\"query-input\":{\"@type\":\"PropertyValueSpecification\",\"valueRequired\":true,\"valueName\":\"search_term_string\"}}],\"inLanguage\":\"fr-FR\"}]}<\/script>\n<meta property=\"product:price:amount\" content=\"179.95\" \/>\n<meta property=\"product:price:currency\" content=\"CHF\" \/>\n<meta property=\"og:availability\" content=\"instock\" \/>\n<meta property=\"product:availability\" content=\"instock\" \/>\n<meta property=\"product:retailer_item_id\" content=\"WH40KDeaKorpOfKriegAstMiliArmySet\" \/>\n<meta property=\"product:condition\" content=\"new\" \/>\n<!-- \/ Yoast SEO plugin. -->","yoast_head_json":{"title":"Ach\u00e8te Warhammer 40.000 - Death Korps Of Krieg - Astra Militarum Army Set","description":"Ach\u00e8te Warhammer 40.000 - Death Korps Of Krieg - Astra Militarum Army Set en ligne maintenant \u00e0 petit prix! Ton #1 shop pour cartes TCG & Pok\u00e9mon en Suisse \u2713 Livraison gratuite d\u00e8s CHF 29","robots":{"index":"index","follow":"follow","max-snippet":"max-snippet:-1","max-image-preview":"max-image-preview:large","max-video-preview":"max-video-preview:-1"},"canonical":"https:\/\/theuncommonshop.ch\/fr\/product\/warhammer-40-000-death-korps-of-krieg-astra-militarum-army-set-3\/","og_locale":"fr_FR","og_type":"article","og_title":"Ach\u00e8te Warhammer 40.000 - Death Korps Of Krieg - Astra Militarum Army Set","og_description":"Ach\u00e8te Warhammer 40.000 - Death Korps Of Krieg - Astra Militarum Army Set en ligne maintenant \u00e0 petit prix! Ton #1 shop pour cartes TCG & Pok\u00e9mon en Suisse \u2713 Livraison gratuite d\u00e8s CHF 29","og_url":"https:\/\/theuncommonshop.ch\/fr\/product\/warhammer-40-000-death-korps-of-krieg-astra-militarum-army-set-3\/","og_site_name":"Largest trading card shop in Switzerland","article_modified_time":"2026-03-26T12:09:19+00:00","og_image":[{"width":733,"height":509,"url":"https:\/\/theuncommonshop.ch\/wp-content\/uploads\/2025\/06\/4933774037.jpg","type":"image\/jpeg"}],"twitter_card":"summary_large_image","twitter_misc":{"Prix":"&#67;&#72;&#70;&nbsp;179.95","Disponibilit\u00e9":"En stock"},"schema":{"@context":"https:\/\/schema.org","@graph":[{"@type":"WebPage","@id":"https:\/\/theuncommonshop.ch\/fr\/product\/warhammer-40-000-death-korps-of-krieg-astra-militarum-army-set-3\/","url":"https:\/\/theuncommonshop.ch\/fr\/product\/warhammer-40-000-death-korps-of-krieg-astra-militarum-army-set-3\/","name":"Ach\u00e8te Warhammer 40.000 - Death Korps Of Krieg - Astra Militarum Army Set","isPartOf":{"@id":"https:\/\/theuncommonshop.ch\/#website"},"primaryImageOfPage":{"@id":"https:\/\/theuncommonshop.ch\/fr\/product\/warhammer-40-000-death-korps-of-krieg-astra-militarum-army-set-3\/#primaryimage"},"image":{"@id":"https:\/\/theuncommonshop.ch\/fr\/product\/warhammer-40-000-death-korps-of-krieg-astra-militarum-army-set-3\/#primaryimage"},"thumbnailUrl":"https:\/\/theuncommonshop.ch\/wp-content\/uploads\/2025\/06\/4933774037.jpg","datePublished":"2025-06-17T11:27:37+00:00","dateModified":"2026-03-26T12:09:19+00:00","description":"Ach\u00e8te Warhammer 40.000 - Death Korps Of Krieg - Astra Militarum Army Set en ligne maintenant \u00e0 petit prix! Ton #1 shop pour cartes TCG & Pok\u00e9mon en Suisse \u2713 Livraison gratuite d\u00e8s CHF 29","breadcrumb":{"@id":"https:\/\/theuncommonshop.ch\/fr\/product\/warhammer-40-000-death-korps-of-krieg-astra-militarum-army-set-3\/#breadcrumb"},"inLanguage":"fr-FR","potentialAction":[{"@type":"ReadAction","target":["https:\/\/theuncommonshop.ch\/fr\/product\/warhammer-40-000-death-korps-of-krieg-astra-militarum-army-set-3\/"]}]},{"@type":"ImageObject","inLanguage":"fr-FR","@id":"https:\/\/theuncommonshop.ch\/fr\/product\/warhammer-40-000-death-korps-of-krieg-astra-militarum-army-set-3\/#primaryimage","url":"https:\/\/theuncommonshop.ch\/wp-content\/uploads\/2025\/06\/4933774037.jpg","contentUrl":"https:\/\/theuncommonshop.ch\/wp-content\/uploads\/2025\/06\/4933774037.jpg","width":733,"height":509},{"@type":"BreadcrumbList","@id":"https:\/\/theuncommonshop.ch\/fr\/product\/warhammer-40-000-death-korps-of-krieg-astra-militarum-army-set-3\/#breadcrumb","itemListElement":[{"@type":"ListItem","position":1,"name":"Accueil","item":"https:\/\/theuncommonshop.ch\/fr\/accueil\/"},{"@type":"ListItem","position":2,"name":"Boutique","item":"https:\/\/theuncommonshop.ch\/fr\/boutique\/"},{"@type":"ListItem","position":3,"name":"Tabletop","item":"https:\/\/theuncommonshop.ch\/fr\/categorie-produit\/tabletop-fr\/"},{"@type":"ListItem","position":4,"name":"Warhammer 40k","item":"https:\/\/theuncommonshop.ch\/fr\/categorie-produit\/tabletop-fr\/warhammer-40k-fr\/"},{"@type":"ListItem","position":5,"name":"Warhammer 40.000 &#8211; Death Korps Of Krieg &#8211; Astra Militarum Army Set"}]},{"@type":"WebSite","@id":"https:\/\/theuncommonshop.ch\/#website","url":"https:\/\/theuncommonshop.ch\/","name":"Largest trading card shop in Switzerland","description":"Magic, Pok\u00e9mon and Yu-gi-oh - The Uncommon Shop","potentialAction":[{"@type":"SearchAction","target":{"@type":"EntryPoint","urlTemplate":"https:\/\/theuncommonshop.ch\/?s={search_term_string}"},"query-input":{"@type":"PropertyValueSpecification","valueRequired":true,"valueName":"search_term_string"}}],"inLanguage":"fr-FR"}]},"product_price_amount":"179.95","product_price_currency":"CHF","og_availability":"instock","product_availability":"instock","product_retailer_item_id":"WH40KDeaKorpOfKriegAstMiliArmySet","product_condition":"new"},"_links":{"self":[{"href":"https:\/\/theuncommonshop.ch\/fr\/wp-json\/wp\/v2\/product\/315805","targetHints":{"allow":["GET"]}}],"collection":[{"href":"https:\/\/theuncommonshop.ch\/fr\/wp-json\/wp\/v2\/product"}],"about":[{"href":"https:\/\/theuncommonshop.ch\/fr\/wp-json\/wp\/v2\/types\/product"}],"replies":[{"embeddable":true,"href":"https:\/\/theuncommonshop.ch\/fr\/wp-json\/wp\/v2\/comments?post=315805"}],"version-history":[{"count":1,"href":"https:\/\/theuncommonshop.ch\/fr\/wp-json\/wp\/v2\/product\/315805\/revisions"}],"predecessor-version":[{"id":315807,"href":"https:\/\/theuncommonshop.ch\/fr\/wp-json\/wp\/v2\/product\/315805\/revisions\/315807"}],"wp:featuredmedia":[{"embeddable":true,"href":"https:\/\/theuncommonshop.ch\/fr\/wp-json\/wp\/v2\/media\/137790"}],"wp:attachment":[{"href":"https:\/\/theuncommonshop.ch\/fr\/wp-json\/wp\/v2\/media?parent=315805"}],"wp:term":[{"taxonomy":"product_brand","embeddable":true,"href":"https:\/\/theuncommonshop.ch\/fr\/wp-json\/wp\/v2\/product_brand?post=315805"},{"taxonomy":"product_cat","embeddable":true,"href":"https:\/\/theuncommonshop.ch\/fr\/wp-json\/wp\/v2\/product_cat?post=315805"},{"taxonomy":"product_tag","embeddable":true,"href":"https:\/\/theuncommonshop.ch\/fr\/wp-json\/wp\/v2\/product_tag?post=315805"}],"curies":[{"name":"wp","href":"https:\/\/api.w.org\/{rel}","templated":true}]}}