{"id":315753,"date":"2025-06-17T11:25:14","date_gmt":"2025-06-17T11:25:14","guid":{"rendered":"http:\/\/theuncommonshop.ch\/produkt\/315753\/"},"modified":"2026-03-29T13:25:57","modified_gmt":"2026-03-29T11:25:57","slug":"pokemon-sonne-mond-lunala-alola-kollektion-en-2","status":"publish","type":"product","link":"https:\/\/theuncommonshop.ch\/fr\/product\/pokemon-sonne-mond-lunala-alola-kollektion-en-2\/","title":{"rendered":"Pok\u00e9mon &#8211; Soleil &amp; Lune &#8211; Collection Lunala Alola &#8211; EN"},"content":{"rendered":"<p>Pr\u00e9parez-vous \u00e0 une toute nouvelle aventure avec la Collection Pok\u00e9mon TCG : Alola !  <span class=\"relative -mx-px my-[-0.2rem] rounded px-px py-[0.2rem] transition-colors duration-100 ease-in-out\" style=\"background-color: initial;\">La r\u00e9gion d&#8217;Alola est une terre de brises tropicales et de Pok\u00e9mon jamais vus auparavant, et cette collection pr\u00e9sente ses \u00e9toiles les plus brillantes.<\/span> <span class=\"relative -mx-px my-[-0.2rem] rounded px-px py-[0.2rem] transition-colors duration-100 ease-in-out\" style=\"background-color: initial;\">Le Pok\u00e9mon l\u00e9gendaire Solgaleo ou Lunala appara\u00eet sous la forme d&#8217;une impressionnante carte GX Pok\u00e9mon surdimensionn\u00e9e, avec une nouvelle m\u00e9canique de jeu, un pin&#8217;s color\u00e9 et une figurine magnifiquement con\u00e7ue, le tout rempli d&#8217;\u00e9nergie cosmique !<\/span> <span class=\"relative -mx-px my-[-0.2rem] rounded px-px py-[0.2rem] transition-colors duration-100 ease-in-out\" style=\"background-color: initial;\">Vous trouverez \u00e9galement des cartes promotionnelles holographiques avec les trois nouveaux premiers Pok\u00e9mon partenaires.<\/span> <span class=\"relative -mx-px my-[-0.2rem] rounded px-px py-[0.2rem] transition-colors duration-100 ease-in-out\" style=\"background-color: initial;\">Que l&#8217;aventure commence !<\/span><\/p>\n<div><strong>Contenu :<\/strong><\/div>\n<ul>\n<li><span class=\"relative -mx-px my-[-0.2rem] rounded px-px py-[0.2rem] transition-colors duration-100 ease-in-out\">3 cartes promotionnelles holographiques sp\u00e9ciales avec Bauz, Flamiau et Robball<\/span> <\/li>\n<li> <span class=\"relative -mx-px my-[-0.2rem] rounded px-px py-[0.2rem] transition-colors duration-100 ease-in-out\">1 des 2 cartes holographiques surdimensionn\u00e9es avec un Pok\u00e9mon GX l\u00e9gendaire : Solgaleo ou Lunala<\/span> <\/li>\n<li> <span class=\"relative -mx-px my-[-0.2rem] rounded px-px py-[0.2rem] transition-colors duration-100 ease-in-out\">1 des 2 figurines d\u00e9taill\u00e9es avec Solgaleo ou Lunala<\/span> <\/li>\n<li> <span class=\"relative -mx-px my-[-0.2rem] rounded px-px py-[0.2rem] transition-colors duration-100 ease-in-out\">1 de 2 pins de collection avec Solgaleo ou Lunala<\/span> <\/li>\n<li> <span class=\"relative -mx-px my-[-0.2rem] rounded px-px py-[0.2rem] transition-colors duration-100 ease-in-out\">5 Booster Packs du jeu de cartes \u00e0 collectionner Pok\u00e9mon<\/span> <\/li>\n<li> <span class=\"relative -mx-px my-[-0.2rem] rounded px-px py-[0.2rem] transition-colors duration-100 ease-in-out\">1 carte de code pour le jeu de cartes \u00e0 collectionner Pok\u00e9mon en ligne<\/span><\/li>\n<li><\/ul>\n<div><\/div>\n","protected":false},"excerpt":{"rendered":"<p>Pr\u00e9parez-vous \u00e0 une toute nouvelle aventure avec la Collection Pok\u00e9mon TCG : Alola ! La r\u00e9gion d&#8217;Alola est une terre<\/p>\n","protected":false},"featured_media":137719,"comment_status":"open","ping_status":"closed","template":"","meta":{"_acf_changed":false},"product_brand":[5114,5072],"product_cat":[9811,9777,10075],"product_tag":[],"class_list":{"0":"post-315753","1":"product","2":"type-product","3":"status-publish","4":"has-post-thumbnail","6":"product_brand-pokemon","7":"product_brand-the-pokemon-company","8":"product_cat-coffrets-et-collections-pokemon","9":"product_cat-pokemon-fr","10":"product_cat-soleil-et-lune","12":"first","13":"outofstock","14":"taxable","15":"shipping-taxable","16":"purchasable","17":"product-type-variable"},"acf":[],"yoast_head":"<!-- This site is optimized with the Yoast SEO plugin v27.4 - https:\/\/yoast.com\/product\/yoast-seo-wordpress\/ -->\n<title>Ach\u00e8te Pok\u00e9mon - Soleil &amp; Lune - Collection Lunala Alola - EN<\/title>\n<meta name=\"description\" content=\"Ach\u00e8te Pok\u00e9mon - Soleil &amp; Lune - Collection Lunala Alola - EN en ligne maintenant \u00e0 petit prix! Ton #1 shop pour cartes TCG &amp; Pok\u00e9mon en Suisse \u2713 Livraison gratuite d\u00e8s CHF 29\" \/>\n<meta name=\"robots\" content=\"index, follow, max-snippet:-1, max-image-preview:large, max-video-preview:-1\" \/>\n<link rel=\"canonical\" href=\"https:\/\/theuncommonshop.ch\/fr\/product\/pokemon-sonne-mond-lunala-alola-kollektion-en-2\/\" \/>\n<meta property=\"og:locale\" content=\"fr_FR\" \/>\n<meta property=\"og:type\" content=\"article\" \/>\n<meta property=\"og:title\" content=\"Ach\u00e8te Pok\u00e9mon - Soleil &amp; Lune - Collection Lunala Alola - EN\" \/>\n<meta property=\"og:description\" content=\"Ach\u00e8te Pok\u00e9mon - Soleil &amp; Lune - Collection Lunala Alola - EN en ligne maintenant \u00e0 petit prix! Ton #1 shop pour cartes TCG &amp; Pok\u00e9mon en Suisse \u2713 Livraison gratuite d\u00e8s CHF 29\" \/>\n<meta property=\"og:url\" content=\"https:\/\/theuncommonshop.ch\/fr\/product\/pokemon-sonne-mond-lunala-alola-kollektion-en-2\/\" \/>\n<meta property=\"og:site_name\" content=\"The Uncommon Shop\" \/>\n<meta property=\"article:modified_time\" content=\"2026-03-29T11:25:57+00:00\" \/>\n<meta property=\"og:image\" content=\"https:\/\/theuncommonshop.ch\/wp-content\/uploads\/2025\/06\/4927698147.jpg\" \/>\n\t<meta property=\"og:image:width\" content=\"620\" \/>\n\t<meta property=\"og:image:height\" content=\"514\" \/>\n\t<meta property=\"og:image:type\" content=\"image\/jpeg\" \/>\n<meta name=\"twitter:card\" content=\"summary_large_image\" \/>\n<meta name=\"twitter:label1\" content=\"Disponibilit\u00e9\" \/>\n\t<meta name=\"twitter:data1\" content=\"Rupture de stock\" \/>\n<script type=\"application\/ld+json\" class=\"yoast-schema-graph\">{\"@context\":\"https:\\\/\\\/schema.org\",\"@graph\":[{\"@type\":\"WebPage\",\"@id\":\"https:\\\/\\\/theuncommonshop.ch\\\/fr\\\/product\\\/pokemon-sonne-mond-lunala-alola-kollektion-en-2\\\/\",\"url\":\"https:\\\/\\\/theuncommonshop.ch\\\/fr\\\/product\\\/pokemon-sonne-mond-lunala-alola-kollektion-en-2\\\/\",\"name\":\"Ach\u00e8te Pok\u00e9mon - Soleil &amp; Lune - Collection Lunala Alola - EN\",\"isPartOf\":{\"@id\":\"https:\\\/\\\/theuncommonshop.ch\\\/fr\\\/#website\"},\"primaryImageOfPage\":{\"@id\":\"https:\\\/\\\/theuncommonshop.ch\\\/fr\\\/product\\\/pokemon-sonne-mond-lunala-alola-kollektion-en-2\\\/#primaryimage\"},\"image\":{\"@id\":\"https:\\\/\\\/theuncommonshop.ch\\\/fr\\\/product\\\/pokemon-sonne-mond-lunala-alola-kollektion-en-2\\\/#primaryimage\"},\"thumbnailUrl\":\"https:\\\/\\\/theuncommonshop.ch\\\/wp-content\\\/uploads\\\/2025\\\/06\\\/4927698147.jpg\",\"datePublished\":\"2025-06-17T11:25:14+00:00\",\"dateModified\":\"2026-03-29T11:25:57+00:00\",\"description\":\"Ach\u00e8te Pok\u00e9mon - Soleil &amp; Lune - Collection Lunala Alola - EN en ligne maintenant \u00e0 petit prix! Ton #1 shop pour cartes TCG & Pok\u00e9mon en Suisse \u2713 Livraison gratuite d\u00e8s CHF 29\",\"breadcrumb\":{\"@id\":\"https:\\\/\\\/theuncommonshop.ch\\\/fr\\\/product\\\/pokemon-sonne-mond-lunala-alola-kollektion-en-2\\\/#breadcrumb\"},\"inLanguage\":\"fr-FR\",\"potentialAction\":[{\"@type\":\"ReadAction\",\"target\":[\"https:\\\/\\\/theuncommonshop.ch\\\/fr\\\/product\\\/pokemon-sonne-mond-lunala-alola-kollektion-en-2\\\/\"]}]},{\"@type\":\"ImageObject\",\"inLanguage\":\"fr-FR\",\"@id\":\"https:\\\/\\\/theuncommonshop.ch\\\/fr\\\/product\\\/pokemon-sonne-mond-lunala-alola-kollektion-en-2\\\/#primaryimage\",\"url\":\"https:\\\/\\\/theuncommonshop.ch\\\/wp-content\\\/uploads\\\/2025\\\/06\\\/4927698147.jpg\",\"contentUrl\":\"https:\\\/\\\/theuncommonshop.ch\\\/wp-content\\\/uploads\\\/2025\\\/06\\\/4927698147.jpg\",\"width\":620,\"height\":514},{\"@type\":\"BreadcrumbList\",\"@id\":\"https:\\\/\\\/theuncommonshop.ch\\\/fr\\\/product\\\/pokemon-sonne-mond-lunala-alola-kollektion-en-2\\\/#breadcrumb\",\"itemListElement\":[{\"@type\":\"ListItem\",\"position\":1,\"name\":\"Accueil\",\"item\":\"https:\\\/\\\/theuncommonshop.ch\\\/fr\\\/accueil\\\/\"},{\"@type\":\"ListItem\",\"position\":2,\"name\":\"Boutique\",\"item\":\"https:\\\/\\\/theuncommonshop.ch\\\/fr\\\/boutique\\\/\"},{\"@type\":\"ListItem\",\"position\":3,\"name\":\"Pok\u00e9mon\",\"item\":\"https:\\\/\\\/theuncommonshop.ch\\\/fr\\\/categorie-produit\\\/pokemon-fr\\\/\"},{\"@type\":\"ListItem\",\"position\":4,\"name\":\"Produits par lots\",\"item\":\"https:\\\/\\\/theuncommonshop.ch\\\/fr\\\/categorie-produit\\\/pokemon-fr\\\/produits-par-lots\\\/\"},{\"@type\":\"ListItem\",\"position\":5,\"name\":\"Soleil & Lune\",\"item\":\"https:\\\/\\\/theuncommonshop.ch\\\/fr\\\/categorie-produit\\\/pokemon-fr\\\/produits-par-lots\\\/soleil-et-lune\\\/\"},{\"@type\":\"ListItem\",\"position\":6,\"name\":\"Pok\u00e9mon &#8211; Soleil &amp; Lune &#8211; Collection Lunala Alola &#8211; EN\"}]},{\"@type\":\"WebSite\",\"@id\":\"https:\\\/\\\/theuncommonshop.ch\\\/fr\\\/#website\",\"url\":\"https:\\\/\\\/theuncommonshop.ch\\\/fr\\\/\",\"name\":\"The Uncommon Shop\",\"description\":\"Magic, Pok\u00e9mon and Yu-gi-oh - The Uncommon Shop\",\"potentialAction\":[{\"@type\":\"SearchAction\",\"target\":{\"@type\":\"EntryPoint\",\"urlTemplate\":\"https:\\\/\\\/theuncommonshop.ch\\\/fr\\\/?s={search_term_string}\"},\"query-input\":{\"@type\":\"PropertyValueSpecification\",\"valueRequired\":true,\"valueName\":\"search_term_string\"}}],\"inLanguage\":\"fr-FR\"}]}<\/script>\n<meta property=\"og:availability\" content=\"out of stock\" \/>\n<meta property=\"product:availability\" content=\"out of stock\" \/>\n<meta property=\"product:retailer_item_id\" content=\"PO.VIII.G.LunalaAlolaKollek.EN\" \/>\n<meta property=\"product:condition\" content=\"new\" \/>\n<!-- \/ Yoast SEO plugin. -->","yoast_head_json":{"title":"Ach\u00e8te Pok\u00e9mon - Soleil &amp; Lune - Collection Lunala Alola - EN","description":"Ach\u00e8te Pok\u00e9mon - Soleil &amp; Lune - Collection Lunala Alola - EN en ligne maintenant \u00e0 petit prix! Ton #1 shop pour cartes TCG & Pok\u00e9mon en Suisse \u2713 Livraison gratuite d\u00e8s CHF 29","robots":{"index":"index","follow":"follow","max-snippet":"max-snippet:-1","max-image-preview":"max-image-preview:large","max-video-preview":"max-video-preview:-1"},"canonical":"https:\/\/theuncommonshop.ch\/fr\/product\/pokemon-sonne-mond-lunala-alola-kollektion-en-2\/","og_locale":"fr_FR","og_type":"article","og_title":"Ach\u00e8te Pok\u00e9mon - Soleil &amp; Lune - Collection Lunala Alola - EN","og_description":"Ach\u00e8te Pok\u00e9mon - Soleil &amp; Lune - Collection Lunala Alola - EN en ligne maintenant \u00e0 petit prix! Ton #1 shop pour cartes TCG & Pok\u00e9mon en Suisse \u2713 Livraison gratuite d\u00e8s CHF 29","og_url":"https:\/\/theuncommonshop.ch\/fr\/product\/pokemon-sonne-mond-lunala-alola-kollektion-en-2\/","og_site_name":"The Uncommon Shop","article_modified_time":"2026-03-29T11:25:57+00:00","og_image":[{"width":620,"height":514,"url":"https:\/\/theuncommonshop.ch\/wp-content\/uploads\/2025\/06\/4927698147.jpg","type":"image\/jpeg"}],"twitter_card":"summary_large_image","twitter_misc":{"Disponibilit\u00e9":"Rupture de stock"},"schema":{"@context":"https:\/\/schema.org","@graph":[{"@type":"WebPage","@id":"https:\/\/theuncommonshop.ch\/fr\/product\/pokemon-sonne-mond-lunala-alola-kollektion-en-2\/","url":"https:\/\/theuncommonshop.ch\/fr\/product\/pokemon-sonne-mond-lunala-alola-kollektion-en-2\/","name":"Ach\u00e8te Pok\u00e9mon - Soleil &amp; Lune - Collection Lunala Alola - EN","isPartOf":{"@id":"https:\/\/theuncommonshop.ch\/fr\/#website"},"primaryImageOfPage":{"@id":"https:\/\/theuncommonshop.ch\/fr\/product\/pokemon-sonne-mond-lunala-alola-kollektion-en-2\/#primaryimage"},"image":{"@id":"https:\/\/theuncommonshop.ch\/fr\/product\/pokemon-sonne-mond-lunala-alola-kollektion-en-2\/#primaryimage"},"thumbnailUrl":"https:\/\/theuncommonshop.ch\/wp-content\/uploads\/2025\/06\/4927698147.jpg","datePublished":"2025-06-17T11:25:14+00:00","dateModified":"2026-03-29T11:25:57+00:00","description":"Ach\u00e8te Pok\u00e9mon - Soleil &amp; Lune - Collection Lunala Alola - EN en ligne maintenant \u00e0 petit prix! Ton #1 shop pour cartes TCG & Pok\u00e9mon en Suisse \u2713 Livraison gratuite d\u00e8s CHF 29","breadcrumb":{"@id":"https:\/\/theuncommonshop.ch\/fr\/product\/pokemon-sonne-mond-lunala-alola-kollektion-en-2\/#breadcrumb"},"inLanguage":"fr-FR","potentialAction":[{"@type":"ReadAction","target":["https:\/\/theuncommonshop.ch\/fr\/product\/pokemon-sonne-mond-lunala-alola-kollektion-en-2\/"]}]},{"@type":"ImageObject","inLanguage":"fr-FR","@id":"https:\/\/theuncommonshop.ch\/fr\/product\/pokemon-sonne-mond-lunala-alola-kollektion-en-2\/#primaryimage","url":"https:\/\/theuncommonshop.ch\/wp-content\/uploads\/2025\/06\/4927698147.jpg","contentUrl":"https:\/\/theuncommonshop.ch\/wp-content\/uploads\/2025\/06\/4927698147.jpg","width":620,"height":514},{"@type":"BreadcrumbList","@id":"https:\/\/theuncommonshop.ch\/fr\/product\/pokemon-sonne-mond-lunala-alola-kollektion-en-2\/#breadcrumb","itemListElement":[{"@type":"ListItem","position":1,"name":"Accueil","item":"https:\/\/theuncommonshop.ch\/fr\/accueil\/"},{"@type":"ListItem","position":2,"name":"Boutique","item":"https:\/\/theuncommonshop.ch\/fr\/boutique\/"},{"@type":"ListItem","position":3,"name":"Pok\u00e9mon","item":"https:\/\/theuncommonshop.ch\/fr\/categorie-produit\/pokemon-fr\/"},{"@type":"ListItem","position":4,"name":"Produits par lots","item":"https:\/\/theuncommonshop.ch\/fr\/categorie-produit\/pokemon-fr\/produits-par-lots\/"},{"@type":"ListItem","position":5,"name":"Soleil & Lune","item":"https:\/\/theuncommonshop.ch\/fr\/categorie-produit\/pokemon-fr\/produits-par-lots\/soleil-et-lune\/"},{"@type":"ListItem","position":6,"name":"Pok\u00e9mon &#8211; Soleil &amp; Lune &#8211; Collection Lunala Alola &#8211; EN"}]},{"@type":"WebSite","@id":"https:\/\/theuncommonshop.ch\/fr\/#website","url":"https:\/\/theuncommonshop.ch\/fr\/","name":"The Uncommon Shop","description":"Magic, Pok\u00e9mon and Yu-gi-oh - The Uncommon Shop","potentialAction":[{"@type":"SearchAction","target":{"@type":"EntryPoint","urlTemplate":"https:\/\/theuncommonshop.ch\/fr\/?s={search_term_string}"},"query-input":{"@type":"PropertyValueSpecification","valueRequired":true,"valueName":"search_term_string"}}],"inLanguage":"fr-FR"}]},"og_availability":"out of stock","product_availability":"out of stock","product_retailer_item_id":"PO.VIII.G.LunalaAlolaKollek.EN","product_condition":"new"},"_links":{"self":[{"href":"https:\/\/theuncommonshop.ch\/fr\/wp-json\/wp\/v2\/product\/315753","targetHints":{"allow":["GET"]}}],"collection":[{"href":"https:\/\/theuncommonshop.ch\/fr\/wp-json\/wp\/v2\/product"}],"about":[{"href":"https:\/\/theuncommonshop.ch\/fr\/wp-json\/wp\/v2\/types\/product"}],"replies":[{"embeddable":true,"href":"https:\/\/theuncommonshop.ch\/fr\/wp-json\/wp\/v2\/comments?post=315753"}],"version-history":[{"count":0,"href":"https:\/\/theuncommonshop.ch\/fr\/wp-json\/wp\/v2\/product\/315753\/revisions"}],"wp:featuredmedia":[{"embeddable":true,"href":"https:\/\/theuncommonshop.ch\/fr\/wp-json\/wp\/v2\/media\/137719"}],"wp:attachment":[{"href":"https:\/\/theuncommonshop.ch\/fr\/wp-json\/wp\/v2\/media?parent=315753"}],"wp:term":[{"taxonomy":"product_brand","embeddable":true,"href":"https:\/\/theuncommonshop.ch\/fr\/wp-json\/wp\/v2\/product_brand?post=315753"},{"taxonomy":"product_cat","embeddable":true,"href":"https:\/\/theuncommonshop.ch\/fr\/wp-json\/wp\/v2\/product_cat?post=315753"},{"taxonomy":"product_tag","embeddable":true,"href":"https:\/\/theuncommonshop.ch\/fr\/wp-json\/wp\/v2\/product_tag?post=315753"}],"curies":[{"name":"wp","href":"https:\/\/api.w.org\/{rel}","templated":true}]}}