{"id":315689,"date":"2025-06-17T11:18:51","date_gmt":"2025-06-17T11:18:51","guid":{"rendered":"http:\/\/theuncommonshop.ch\/produkt\/315689\/"},"modified":"2026-03-28T21:37:55","modified_gmt":"2026-03-28T20:37:55","slug":"mighty-jaxx-hidden-dissectibles-avatar-der-letzte-luftbaendiger-series-1-2","status":"publish","type":"product","link":"https:\/\/theuncommonshop.ch\/fr\/product\/mighty-jaxx-hidden-dissectibles-avatar-der-letzte-luftbaendiger-series-1-2\/","title":{"rendered":"Mighty Jaxx &#8211; Hidden Dissectibles &#8211; Avatar : Le dernier ma\u00eetre de l&#8217;air &#8211; Series 1"},"content":{"rendered":"<p><strong>L&#8217;eau. La terre. Le feu. De l&#8217;air. Autrefois, les quatre nations vivaient en harmonie. Mais tout a chang\u00e9 lorsque la nation du Feu a attaqu\u00e9.     <\/strong><\/p>\n<p>Embarquez dans une aventure \u00e9pique avec &#8211; Aang et ses amis &#8211; ainsi que l&#8217;oncle Iroh, alors qu&#8217;ils s&#8217;appr\u00eatent \u00e0 r\u00e9tablir l&#8217;\u00e9quilibre du monde &#8211; dans cette <em>s\u00e9rie FunBoxx<\/em>.<\/p>\n<p>Chacune des sept figurines de cette collection pr\u00e9sente le style de combat unique de son personnage, agr\u00e9ment\u00e9 d&#8217;\u00e9l\u00e9ments qui rappellent les pierres pr\u00e9cieuses. Avec un peu de chance, vous recevrez la figurine ultra-rare d&#8217;Appa et Momo &#8211; pr\u00eate \u00e0 planer dans les airs et \u00e0 mener l&#8217;\u00e9quipe Avatar \u00e0 bon port ! <\/p>\n","protected":false},"excerpt":{"rendered":"<p>L&#8217;eau. La terre. Le feu. De l&#8217;air. Autrefois, les quatre nations vivaient en harmonie. Mais tout a chang\u00e9 lorsque la<\/p>\n","protected":false},"featured_media":137506,"comment_status":"open","ping_status":"closed","template":"","meta":{"_acf_changed":false},"product_brand":[5164,5136],"product_cat":[9911],"product_tag":[],"class_list":{"0":"post-315689","1":"product","2":"type-product","3":"status-publish","4":"has-post-thumbnail","6":"product_brand-mighty-jaxx","7":"product_brand-toei-animation","8":"product_cat-collectibles-fr","10":"first","11":"instock","12":"taxable","13":"shipping-taxable","14":"purchasable","15":"product-type-simple"},"acf":[],"yoast_head":"<!-- This site is optimized with the Yoast SEO plugin v27.4 - https:\/\/yoast.com\/product\/yoast-seo-wordpress\/ -->\n<title>Ach\u00e8te Mighty Jaxx - Hidden Dissectibles - Avatar : Le dernier ma\u00eetre de l&#039;air - Series 1<\/title>\n<meta name=\"description\" content=\"Ach\u00e8te Mighty Jaxx - Hidden Dissectibles - Avatar : Le dernier ma\u00eetre de l&#039;air - Series 1 en ligne maintenant \u00e0 petit prix! Ton #1 shop pour cartes TCG &amp; Pok\u00e9mon en Suisse \u2713 Livraison gratuite d\u00e8s CHF 29\" \/>\n<meta name=\"robots\" content=\"index, follow, max-snippet:-1, max-image-preview:large, max-video-preview:-1\" \/>\n<link rel=\"canonical\" href=\"https:\/\/theuncommonshop.ch\/fr\/product\/mighty-jaxx-hidden-dissectibles-avatar-der-letzte-luftbaendiger-series-1-2\/\" \/>\n<meta property=\"og:locale\" content=\"fr_FR\" \/>\n<meta property=\"og:type\" content=\"article\" \/>\n<meta property=\"og:title\" content=\"Ach\u00e8te Mighty Jaxx - Hidden Dissectibles - Avatar : Le dernier ma\u00eetre de l&#039;air - Series 1\" \/>\n<meta property=\"og:description\" content=\"Ach\u00e8te Mighty Jaxx - Hidden Dissectibles - Avatar : Le dernier ma\u00eetre de l&#039;air - Series 1 en ligne maintenant \u00e0 petit prix! Ton #1 shop pour cartes TCG &amp; Pok\u00e9mon en Suisse \u2713 Livraison gratuite d\u00e8s CHF 29\" \/>\n<meta property=\"og:url\" content=\"https:\/\/theuncommonshop.ch\/fr\/product\/mighty-jaxx-hidden-dissectibles-avatar-der-letzte-luftbaendiger-series-1-2\/\" \/>\n<meta property=\"og:site_name\" content=\"The Uncommon Shop\" \/>\n<meta property=\"article:modified_time\" content=\"2026-03-28T20:37:55+00:00\" \/>\n<meta property=\"og:image\" content=\"https:\/\/theuncommonshop.ch\/wp-content\/uploads\/2025\/06\/4923997726.jpg\" \/>\n\t<meta property=\"og:image:width\" content=\"641\" \/>\n\t<meta property=\"og:image:height\" content=\"440\" \/>\n\t<meta property=\"og:image:type\" content=\"image\/jpeg\" \/>\n<meta name=\"twitter:card\" content=\"summary_large_image\" \/>\n<meta name=\"twitter:label1\" content=\"Prix\" \/>\n\t<meta name=\"twitter:data1\" content=\"&#067;&#072;&#070;&nbsp;21.95\" \/>\n\t<meta name=\"twitter:label2\" content=\"Disponibilit\u00e9\" \/>\n\t<meta name=\"twitter:data2\" content=\"En stock\" \/>\n<script type=\"application\/ld+json\" class=\"yoast-schema-graph\">{\"@context\":\"https:\\\/\\\/schema.org\",\"@graph\":[{\"@type\":\"WebPage\",\"@id\":\"https:\\\/\\\/theuncommonshop.ch\\\/fr\\\/product\\\/mighty-jaxx-hidden-dissectibles-avatar-der-letzte-luftbaendiger-series-1-2\\\/\",\"url\":\"https:\\\/\\\/theuncommonshop.ch\\\/fr\\\/product\\\/mighty-jaxx-hidden-dissectibles-avatar-der-letzte-luftbaendiger-series-1-2\\\/\",\"name\":\"Ach\u00e8te Mighty Jaxx - Hidden Dissectibles - Avatar : Le dernier ma\u00eetre de l'air - Series 1\",\"isPartOf\":{\"@id\":\"https:\\\/\\\/theuncommonshop.ch\\\/fr\\\/#website\"},\"primaryImageOfPage\":{\"@id\":\"https:\\\/\\\/theuncommonshop.ch\\\/fr\\\/product\\\/mighty-jaxx-hidden-dissectibles-avatar-der-letzte-luftbaendiger-series-1-2\\\/#primaryimage\"},\"image\":{\"@id\":\"https:\\\/\\\/theuncommonshop.ch\\\/fr\\\/product\\\/mighty-jaxx-hidden-dissectibles-avatar-der-letzte-luftbaendiger-series-1-2\\\/#primaryimage\"},\"thumbnailUrl\":\"https:\\\/\\\/theuncommonshop.ch\\\/wp-content\\\/uploads\\\/2025\\\/06\\\/4923997726.jpg\",\"datePublished\":\"2025-06-17T11:18:51+00:00\",\"dateModified\":\"2026-03-28T20:37:55+00:00\",\"description\":\"Ach\u00e8te Mighty Jaxx - Hidden Dissectibles - Avatar : Le dernier ma\u00eetre de l'air - Series 1 en ligne maintenant \u00e0 petit prix! Ton #1 shop pour cartes TCG & Pok\u00e9mon en Suisse \u2713 Livraison gratuite d\u00e8s CHF 29\",\"breadcrumb\":{\"@id\":\"https:\\\/\\\/theuncommonshop.ch\\\/fr\\\/product\\\/mighty-jaxx-hidden-dissectibles-avatar-der-letzte-luftbaendiger-series-1-2\\\/#breadcrumb\"},\"inLanguage\":\"fr-FR\",\"potentialAction\":[{\"@type\":\"ReadAction\",\"target\":[\"https:\\\/\\\/theuncommonshop.ch\\\/fr\\\/product\\\/mighty-jaxx-hidden-dissectibles-avatar-der-letzte-luftbaendiger-series-1-2\\\/\"]}]},{\"@type\":\"ImageObject\",\"inLanguage\":\"fr-FR\",\"@id\":\"https:\\\/\\\/theuncommonshop.ch\\\/fr\\\/product\\\/mighty-jaxx-hidden-dissectibles-avatar-der-letzte-luftbaendiger-series-1-2\\\/#primaryimage\",\"url\":\"https:\\\/\\\/theuncommonshop.ch\\\/wp-content\\\/uploads\\\/2025\\\/06\\\/4923997726.jpg\",\"contentUrl\":\"https:\\\/\\\/theuncommonshop.ch\\\/wp-content\\\/uploads\\\/2025\\\/06\\\/4923997726.jpg\",\"width\":641,\"height\":440},{\"@type\":\"BreadcrumbList\",\"@id\":\"https:\\\/\\\/theuncommonshop.ch\\\/fr\\\/product\\\/mighty-jaxx-hidden-dissectibles-avatar-der-letzte-luftbaendiger-series-1-2\\\/#breadcrumb\",\"itemListElement\":[{\"@type\":\"ListItem\",\"position\":1,\"name\":\"Accueil\",\"item\":\"https:\\\/\\\/theuncommonshop.ch\\\/fr\\\/accueil\\\/\"},{\"@type\":\"ListItem\",\"position\":2,\"name\":\"Boutique\",\"item\":\"https:\\\/\\\/theuncommonshop.ch\\\/fr\\\/boutique\\\/\"},{\"@type\":\"ListItem\",\"position\":3,\"name\":\"Collectibles\",\"item\":\"https:\\\/\\\/theuncommonshop.ch\\\/fr\\\/categorie-produit\\\/collectibles-fr\\\/\"},{\"@type\":\"ListItem\",\"position\":4,\"name\":\"Mighty Jaxx &#8211; Hidden Dissectibles &#8211; Avatar : Le dernier ma\u00eetre de l&#8217;air &#8211; Series 1\"}]},{\"@type\":\"WebSite\",\"@id\":\"https:\\\/\\\/theuncommonshop.ch\\\/fr\\\/#website\",\"url\":\"https:\\\/\\\/theuncommonshop.ch\\\/fr\\\/\",\"name\":\"The Uncommon Shop\",\"description\":\"Magic, Pok\u00e9mon and Yu-gi-oh - The Uncommon Shop\",\"potentialAction\":[{\"@type\":\"SearchAction\",\"target\":{\"@type\":\"EntryPoint\",\"urlTemplate\":\"https:\\\/\\\/theuncommonshop.ch\\\/fr\\\/?s={search_term_string}\"},\"query-input\":{\"@type\":\"PropertyValueSpecification\",\"valueRequired\":true,\"valueName\":\"search_term_string\"}}],\"inLanguage\":\"fr-FR\"}]}<\/script>\n<meta property=\"product:price:amount\" content=\"21.95\" \/>\n<meta property=\"product:price:currency\" content=\"CHF\" \/>\n<meta property=\"og:availability\" content=\"instock\" \/>\n<meta property=\"product:availability\" content=\"instock\" \/>\n<meta property=\"product:retailer_item_id\" content=\"ZU.XI.B.MJAvatarSeries1\" \/>\n<meta property=\"product:condition\" content=\"new\" \/>\n<!-- \/ Yoast SEO plugin. -->","yoast_head_json":{"title":"Ach\u00e8te Mighty Jaxx - Hidden Dissectibles - Avatar : Le dernier ma\u00eetre de l'air - Series 1","description":"Ach\u00e8te Mighty Jaxx - Hidden Dissectibles - Avatar : Le dernier ma\u00eetre de l'air - Series 1 en ligne maintenant \u00e0 petit prix! Ton #1 shop pour cartes TCG & Pok\u00e9mon en Suisse \u2713 Livraison gratuite d\u00e8s CHF 29","robots":{"index":"index","follow":"follow","max-snippet":"max-snippet:-1","max-image-preview":"max-image-preview:large","max-video-preview":"max-video-preview:-1"},"canonical":"https:\/\/theuncommonshop.ch\/fr\/product\/mighty-jaxx-hidden-dissectibles-avatar-der-letzte-luftbaendiger-series-1-2\/","og_locale":"fr_FR","og_type":"article","og_title":"Ach\u00e8te Mighty Jaxx - Hidden Dissectibles - Avatar : Le dernier ma\u00eetre de l'air - Series 1","og_description":"Ach\u00e8te Mighty Jaxx - Hidden Dissectibles - Avatar : Le dernier ma\u00eetre de l'air - Series 1 en ligne maintenant \u00e0 petit prix! Ton #1 shop pour cartes TCG & Pok\u00e9mon en Suisse \u2713 Livraison gratuite d\u00e8s CHF 29","og_url":"https:\/\/theuncommonshop.ch\/fr\/product\/mighty-jaxx-hidden-dissectibles-avatar-der-letzte-luftbaendiger-series-1-2\/","og_site_name":"The Uncommon Shop","article_modified_time":"2026-03-28T20:37:55+00:00","og_image":[{"width":641,"height":440,"url":"https:\/\/theuncommonshop.ch\/wp-content\/uploads\/2025\/06\/4923997726.jpg","type":"image\/jpeg"}],"twitter_card":"summary_large_image","twitter_misc":{"Prix":"&#67;&#72;&#70;&nbsp;21.95","Disponibilit\u00e9":"En stock"},"schema":{"@context":"https:\/\/schema.org","@graph":[{"@type":"WebPage","@id":"https:\/\/theuncommonshop.ch\/fr\/product\/mighty-jaxx-hidden-dissectibles-avatar-der-letzte-luftbaendiger-series-1-2\/","url":"https:\/\/theuncommonshop.ch\/fr\/product\/mighty-jaxx-hidden-dissectibles-avatar-der-letzte-luftbaendiger-series-1-2\/","name":"Ach\u00e8te Mighty Jaxx - Hidden Dissectibles - Avatar : Le dernier ma\u00eetre de l'air - Series 1","isPartOf":{"@id":"https:\/\/theuncommonshop.ch\/fr\/#website"},"primaryImageOfPage":{"@id":"https:\/\/theuncommonshop.ch\/fr\/product\/mighty-jaxx-hidden-dissectibles-avatar-der-letzte-luftbaendiger-series-1-2\/#primaryimage"},"image":{"@id":"https:\/\/theuncommonshop.ch\/fr\/product\/mighty-jaxx-hidden-dissectibles-avatar-der-letzte-luftbaendiger-series-1-2\/#primaryimage"},"thumbnailUrl":"https:\/\/theuncommonshop.ch\/wp-content\/uploads\/2025\/06\/4923997726.jpg","datePublished":"2025-06-17T11:18:51+00:00","dateModified":"2026-03-28T20:37:55+00:00","description":"Ach\u00e8te Mighty Jaxx - Hidden Dissectibles - Avatar : Le dernier ma\u00eetre de l'air - Series 1 en ligne maintenant \u00e0 petit prix! Ton #1 shop pour cartes TCG & Pok\u00e9mon en Suisse \u2713 Livraison gratuite d\u00e8s CHF 29","breadcrumb":{"@id":"https:\/\/theuncommonshop.ch\/fr\/product\/mighty-jaxx-hidden-dissectibles-avatar-der-letzte-luftbaendiger-series-1-2\/#breadcrumb"},"inLanguage":"fr-FR","potentialAction":[{"@type":"ReadAction","target":["https:\/\/theuncommonshop.ch\/fr\/product\/mighty-jaxx-hidden-dissectibles-avatar-der-letzte-luftbaendiger-series-1-2\/"]}]},{"@type":"ImageObject","inLanguage":"fr-FR","@id":"https:\/\/theuncommonshop.ch\/fr\/product\/mighty-jaxx-hidden-dissectibles-avatar-der-letzte-luftbaendiger-series-1-2\/#primaryimage","url":"https:\/\/theuncommonshop.ch\/wp-content\/uploads\/2025\/06\/4923997726.jpg","contentUrl":"https:\/\/theuncommonshop.ch\/wp-content\/uploads\/2025\/06\/4923997726.jpg","width":641,"height":440},{"@type":"BreadcrumbList","@id":"https:\/\/theuncommonshop.ch\/fr\/product\/mighty-jaxx-hidden-dissectibles-avatar-der-letzte-luftbaendiger-series-1-2\/#breadcrumb","itemListElement":[{"@type":"ListItem","position":1,"name":"Accueil","item":"https:\/\/theuncommonshop.ch\/fr\/accueil\/"},{"@type":"ListItem","position":2,"name":"Boutique","item":"https:\/\/theuncommonshop.ch\/fr\/boutique\/"},{"@type":"ListItem","position":3,"name":"Collectibles","item":"https:\/\/theuncommonshop.ch\/fr\/categorie-produit\/collectibles-fr\/"},{"@type":"ListItem","position":4,"name":"Mighty Jaxx &#8211; Hidden Dissectibles &#8211; Avatar : Le dernier ma\u00eetre de l&#8217;air &#8211; Series 1"}]},{"@type":"WebSite","@id":"https:\/\/theuncommonshop.ch\/fr\/#website","url":"https:\/\/theuncommonshop.ch\/fr\/","name":"The Uncommon Shop","description":"Magic, Pok\u00e9mon and Yu-gi-oh - The Uncommon Shop","potentialAction":[{"@type":"SearchAction","target":{"@type":"EntryPoint","urlTemplate":"https:\/\/theuncommonshop.ch\/fr\/?s={search_term_string}"},"query-input":{"@type":"PropertyValueSpecification","valueRequired":true,"valueName":"search_term_string"}}],"inLanguage":"fr-FR"}]},"product_price_amount":"21.95","product_price_currency":"CHF","og_availability":"instock","product_availability":"instock","product_retailer_item_id":"ZU.XI.B.MJAvatarSeries1","product_condition":"new"},"_links":{"self":[{"href":"https:\/\/theuncommonshop.ch\/fr\/wp-json\/wp\/v2\/product\/315689","targetHints":{"allow":["GET"]}}],"collection":[{"href":"https:\/\/theuncommonshop.ch\/fr\/wp-json\/wp\/v2\/product"}],"about":[{"href":"https:\/\/theuncommonshop.ch\/fr\/wp-json\/wp\/v2\/types\/product"}],"replies":[{"embeddable":true,"href":"https:\/\/theuncommonshop.ch\/fr\/wp-json\/wp\/v2\/comments?post=315689"}],"version-history":[{"count":0,"href":"https:\/\/theuncommonshop.ch\/fr\/wp-json\/wp\/v2\/product\/315689\/revisions"}],"wp:featuredmedia":[{"embeddable":true,"href":"https:\/\/theuncommonshop.ch\/fr\/wp-json\/wp\/v2\/media\/137506"}],"wp:attachment":[{"href":"https:\/\/theuncommonshop.ch\/fr\/wp-json\/wp\/v2\/media?parent=315689"}],"wp:term":[{"taxonomy":"product_brand","embeddable":true,"href":"https:\/\/theuncommonshop.ch\/fr\/wp-json\/wp\/v2\/product_brand?post=315689"},{"taxonomy":"product_cat","embeddable":true,"href":"https:\/\/theuncommonshop.ch\/fr\/wp-json\/wp\/v2\/product_cat?post=315689"},{"taxonomy":"product_tag","embeddable":true,"href":"https:\/\/theuncommonshop.ch\/fr\/wp-json\/wp\/v2\/product_tag?post=315689"}],"curies":[{"name":"wp","href":"https:\/\/api.w.org\/{rel}","templated":true}]}}