{"id":315656,"date":"2025-06-17T11:17:50","date_gmt":"2025-06-17T11:17:50","guid":{"rendered":"http:\/\/theuncommonshop.ch\/produkt\/315656\/"},"modified":"2026-03-28T21:38:10","modified_gmt":"2026-03-28T20:38:10","slug":"mighty-jaxx-hidden-dissectibles-luffys-gears-edition-2","status":"publish","type":"product","link":"https:\/\/theuncommonshop.ch\/fr\/product\/mighty-jaxx-hidden-dissectibles-luffys-gears-edition-2\/","title":{"rendered":"Mighty Jaxx &#8211; Hidden Dissectibles &#8211; Luffy&#8217;s Gears Edition"},"content":{"rendered":"<p><strong>Pr\u00e9parez-vous &#8211; Monkey D. Luffy entre en sc\u00e8ne dans ce num\u00e9ro de <em>Freeny&#8217;s Hidden Dissectibles : One Piece<\/em>!<\/strong><\/p>\n<p>  Cette s\u00e9rie de blindbox est un must pour tous les fans et pr\u00e9sente toutes les formes de Gear de Luffy d\u00e9voil\u00e9es \u00e0 ce jour ! Avec le style embl\u00e9matique moiti\u00e9-moiti\u00e9 de Jason Freeny, chaque transformation Gear de Luffy est diss\u00e9qu\u00e9e &#8211; un c\u00f4t\u00e9 montre son apparence ext\u00e9rieure, l&#8217;autre une radiographie stylis\u00e9e. <\/p>\n","protected":false},"excerpt":{"rendered":"<p>Pr\u00e9parez-vous &#8211; Monkey D. Luffy entre en sc\u00e8ne dans ce num\u00e9ro de Freeny&#8217;s Hidden Dissectibles : One Piece! Cette s\u00e9rie<\/p>\n","protected":false},"featured_media":137472,"comment_status":"open","ping_status":"closed","template":"","meta":{"_acf_changed":false},"product_brand":[5164,5136],"product_cat":[9911,10297],"product_tag":[],"class_list":{"0":"post-315656","1":"product","2":"type-product","3":"status-publish","4":"has-post-thumbnail","6":"product_brand-mighty-jaxx","7":"product_brand-toei-animation","8":"product_cat-collectibles-fr","9":"product_cat-peluches-et-figurines-one-piece","11":"first","12":"instock","13":"taxable","14":"shipping-taxable","15":"purchasable","16":"product-type-simple"},"acf":[],"yoast_head":"<!-- This site is optimized with the Yoast SEO plugin v27.4 - https:\/\/yoast.com\/product\/yoast-seo-wordpress\/ -->\n<title>Ach\u00e8te Mighty Jaxx - Hidden Dissectibles - Luffy&#039;s Gears Edition<\/title>\n<meta name=\"description\" content=\"Ach\u00e8te Mighty Jaxx - Hidden Dissectibles - Luffy&#039;s Gears Edition en ligne maintenant \u00e0 petit prix! Ton #1 shop pour cartes TCG &amp; Pok\u00e9mon en Suisse \u2713 Livraison gratuite d\u00e8s CHF 29\" \/>\n<meta name=\"robots\" content=\"index, follow, max-snippet:-1, max-image-preview:large, max-video-preview:-1\" \/>\n<link rel=\"canonical\" href=\"https:\/\/theuncommonshop.ch\/fr\/product\/mighty-jaxx-hidden-dissectibles-luffys-gears-edition-2\/\" \/>\n<meta property=\"og:locale\" content=\"fr_FR\" \/>\n<meta property=\"og:type\" content=\"article\" \/>\n<meta property=\"og:title\" content=\"Ach\u00e8te Mighty Jaxx - Hidden Dissectibles - Luffy&#039;s Gears Edition\" \/>\n<meta property=\"og:description\" content=\"Ach\u00e8te Mighty Jaxx - Hidden Dissectibles - Luffy&#039;s Gears Edition en ligne maintenant \u00e0 petit prix! Ton #1 shop pour cartes TCG &amp; Pok\u00e9mon en Suisse \u2713 Livraison gratuite d\u00e8s CHF 29\" \/>\n<meta property=\"og:url\" content=\"https:\/\/theuncommonshop.ch\/fr\/product\/mighty-jaxx-hidden-dissectibles-luffys-gears-edition-2\/\" \/>\n<meta property=\"og:site_name\" content=\"The Uncommon Shop\" \/>\n<meta property=\"article:modified_time\" content=\"2026-03-28T20:38:10+00:00\" \/>\n<meta property=\"og:image\" content=\"https:\/\/theuncommonshop.ch\/wp-content\/uploads\/2025\/06\/4918061841.jpg\" \/>\n\t<meta property=\"og:image:width\" content=\"517\" \/>\n\t<meta property=\"og:image:height\" content=\"440\" \/>\n\t<meta property=\"og:image:type\" content=\"image\/jpeg\" \/>\n<meta name=\"twitter:card\" content=\"summary_large_image\" \/>\n<meta name=\"twitter:label1\" content=\"Prix\" \/>\n\t<meta name=\"twitter:data1\" content=\"&#067;&#072;&#070;&nbsp;21.95\" \/>\n\t<meta name=\"twitter:label2\" content=\"Disponibilit\u00e9\" \/>\n\t<meta name=\"twitter:data2\" content=\"En stock\" \/>\n<script type=\"application\/ld+json\" class=\"yoast-schema-graph\">{\"@context\":\"https:\\\/\\\/schema.org\",\"@graph\":[{\"@type\":\"WebPage\",\"@id\":\"https:\\\/\\\/theuncommonshop.ch\\\/fr\\\/product\\\/mighty-jaxx-hidden-dissectibles-luffys-gears-edition-2\\\/\",\"url\":\"https:\\\/\\\/theuncommonshop.ch\\\/fr\\\/product\\\/mighty-jaxx-hidden-dissectibles-luffys-gears-edition-2\\\/\",\"name\":\"Ach\u00e8te Mighty Jaxx - Hidden Dissectibles - Luffy's Gears Edition\",\"isPartOf\":{\"@id\":\"https:\\\/\\\/theuncommonshop.ch\\\/fr\\\/#website\"},\"primaryImageOfPage\":{\"@id\":\"https:\\\/\\\/theuncommonshop.ch\\\/fr\\\/product\\\/mighty-jaxx-hidden-dissectibles-luffys-gears-edition-2\\\/#primaryimage\"},\"image\":{\"@id\":\"https:\\\/\\\/theuncommonshop.ch\\\/fr\\\/product\\\/mighty-jaxx-hidden-dissectibles-luffys-gears-edition-2\\\/#primaryimage\"},\"thumbnailUrl\":\"https:\\\/\\\/theuncommonshop.ch\\\/wp-content\\\/uploads\\\/2025\\\/06\\\/4918061841.jpg\",\"datePublished\":\"2025-06-17T11:17:50+00:00\",\"dateModified\":\"2026-03-28T20:38:10+00:00\",\"description\":\"Ach\u00e8te Mighty Jaxx - Hidden Dissectibles - Luffy's Gears Edition en ligne maintenant \u00e0 petit prix! Ton #1 shop pour cartes TCG & Pok\u00e9mon en Suisse \u2713 Livraison gratuite d\u00e8s CHF 29\",\"breadcrumb\":{\"@id\":\"https:\\\/\\\/theuncommonshop.ch\\\/fr\\\/product\\\/mighty-jaxx-hidden-dissectibles-luffys-gears-edition-2\\\/#breadcrumb\"},\"inLanguage\":\"fr-FR\",\"potentialAction\":[{\"@type\":\"ReadAction\",\"target\":[\"https:\\\/\\\/theuncommonshop.ch\\\/fr\\\/product\\\/mighty-jaxx-hidden-dissectibles-luffys-gears-edition-2\\\/\"]}]},{\"@type\":\"ImageObject\",\"inLanguage\":\"fr-FR\",\"@id\":\"https:\\\/\\\/theuncommonshop.ch\\\/fr\\\/product\\\/mighty-jaxx-hidden-dissectibles-luffys-gears-edition-2\\\/#primaryimage\",\"url\":\"https:\\\/\\\/theuncommonshop.ch\\\/wp-content\\\/uploads\\\/2025\\\/06\\\/4918061841.jpg\",\"contentUrl\":\"https:\\\/\\\/theuncommonshop.ch\\\/wp-content\\\/uploads\\\/2025\\\/06\\\/4918061841.jpg\",\"width\":517,\"height\":440},{\"@type\":\"BreadcrumbList\",\"@id\":\"https:\\\/\\\/theuncommonshop.ch\\\/fr\\\/product\\\/mighty-jaxx-hidden-dissectibles-luffys-gears-edition-2\\\/#breadcrumb\",\"itemListElement\":[{\"@type\":\"ListItem\",\"position\":1,\"name\":\"Accueil\",\"item\":\"https:\\\/\\\/theuncommonshop.ch\\\/fr\\\/accueil\\\/\"},{\"@type\":\"ListItem\",\"position\":2,\"name\":\"Boutique\",\"item\":\"https:\\\/\\\/theuncommonshop.ch\\\/fr\\\/boutique\\\/\"},{\"@type\":\"ListItem\",\"position\":3,\"name\":\"One Piece\",\"item\":\"https:\\\/\\\/theuncommonshop.ch\\\/fr\\\/categorie-produit\\\/one-piece-fr\\\/\"},{\"@type\":\"ListItem\",\"position\":4,\"name\":\"Peluches et figurines\",\"item\":\"https:\\\/\\\/theuncommonshop.ch\\\/fr\\\/categorie-produit\\\/one-piece-fr\\\/peluches-et-figurines-one-piece\\\/\"},{\"@type\":\"ListItem\",\"position\":5,\"name\":\"Mighty Jaxx &#8211; Hidden Dissectibles &#8211; Luffy&#8217;s Gears Edition\"}]},{\"@type\":\"WebSite\",\"@id\":\"https:\\\/\\\/theuncommonshop.ch\\\/fr\\\/#website\",\"url\":\"https:\\\/\\\/theuncommonshop.ch\\\/fr\\\/\",\"name\":\"The Uncommon Shop\",\"description\":\"Magic, Pok\u00e9mon and Yu-gi-oh - The Uncommon Shop\",\"potentialAction\":[{\"@type\":\"SearchAction\",\"target\":{\"@type\":\"EntryPoint\",\"urlTemplate\":\"https:\\\/\\\/theuncommonshop.ch\\\/fr\\\/?s={search_term_string}\"},\"query-input\":{\"@type\":\"PropertyValueSpecification\",\"valueRequired\":true,\"valueName\":\"search_term_string\"}}],\"inLanguage\":\"fr-FR\"}]}<\/script>\n<meta property=\"product:price:amount\" content=\"21.95\" \/>\n<meta property=\"product:price:currency\" content=\"CHF\" \/>\n<meta property=\"og:availability\" content=\"instock\" \/>\n<meta property=\"product:availability\" content=\"instock\" \/>\n<meta property=\"product:retailer_item_id\" content=\"ZU.XI.B.MJLuffGearEdition\" \/>\n<meta property=\"product:condition\" content=\"new\" \/>\n<!-- \/ Yoast SEO plugin. -->","yoast_head_json":{"title":"Ach\u00e8te Mighty Jaxx - Hidden Dissectibles - Luffy's Gears Edition","description":"Ach\u00e8te Mighty Jaxx - Hidden Dissectibles - Luffy's Gears Edition en ligne maintenant \u00e0 petit prix! Ton #1 shop pour cartes TCG & Pok\u00e9mon en Suisse \u2713 Livraison gratuite d\u00e8s CHF 29","robots":{"index":"index","follow":"follow","max-snippet":"max-snippet:-1","max-image-preview":"max-image-preview:large","max-video-preview":"max-video-preview:-1"},"canonical":"https:\/\/theuncommonshop.ch\/fr\/product\/mighty-jaxx-hidden-dissectibles-luffys-gears-edition-2\/","og_locale":"fr_FR","og_type":"article","og_title":"Ach\u00e8te Mighty Jaxx - Hidden Dissectibles - Luffy's Gears Edition","og_description":"Ach\u00e8te Mighty Jaxx - Hidden Dissectibles - Luffy's Gears Edition en ligne maintenant \u00e0 petit prix! Ton #1 shop pour cartes TCG & Pok\u00e9mon en Suisse \u2713 Livraison gratuite d\u00e8s CHF 29","og_url":"https:\/\/theuncommonshop.ch\/fr\/product\/mighty-jaxx-hidden-dissectibles-luffys-gears-edition-2\/","og_site_name":"The Uncommon Shop","article_modified_time":"2026-03-28T20:38:10+00:00","og_image":[{"width":517,"height":440,"url":"https:\/\/theuncommonshop.ch\/wp-content\/uploads\/2025\/06\/4918061841.jpg","type":"image\/jpeg"}],"twitter_card":"summary_large_image","twitter_misc":{"Prix":"&#67;&#72;&#70;&nbsp;21.95","Disponibilit\u00e9":"En stock"},"schema":{"@context":"https:\/\/schema.org","@graph":[{"@type":"WebPage","@id":"https:\/\/theuncommonshop.ch\/fr\/product\/mighty-jaxx-hidden-dissectibles-luffys-gears-edition-2\/","url":"https:\/\/theuncommonshop.ch\/fr\/product\/mighty-jaxx-hidden-dissectibles-luffys-gears-edition-2\/","name":"Ach\u00e8te Mighty Jaxx - Hidden Dissectibles - Luffy's Gears Edition","isPartOf":{"@id":"https:\/\/theuncommonshop.ch\/fr\/#website"},"primaryImageOfPage":{"@id":"https:\/\/theuncommonshop.ch\/fr\/product\/mighty-jaxx-hidden-dissectibles-luffys-gears-edition-2\/#primaryimage"},"image":{"@id":"https:\/\/theuncommonshop.ch\/fr\/product\/mighty-jaxx-hidden-dissectibles-luffys-gears-edition-2\/#primaryimage"},"thumbnailUrl":"https:\/\/theuncommonshop.ch\/wp-content\/uploads\/2025\/06\/4918061841.jpg","datePublished":"2025-06-17T11:17:50+00:00","dateModified":"2026-03-28T20:38:10+00:00","description":"Ach\u00e8te Mighty Jaxx - Hidden Dissectibles - Luffy's Gears Edition en ligne maintenant \u00e0 petit prix! Ton #1 shop pour cartes TCG & Pok\u00e9mon en Suisse \u2713 Livraison gratuite d\u00e8s CHF 29","breadcrumb":{"@id":"https:\/\/theuncommonshop.ch\/fr\/product\/mighty-jaxx-hidden-dissectibles-luffys-gears-edition-2\/#breadcrumb"},"inLanguage":"fr-FR","potentialAction":[{"@type":"ReadAction","target":["https:\/\/theuncommonshop.ch\/fr\/product\/mighty-jaxx-hidden-dissectibles-luffys-gears-edition-2\/"]}]},{"@type":"ImageObject","inLanguage":"fr-FR","@id":"https:\/\/theuncommonshop.ch\/fr\/product\/mighty-jaxx-hidden-dissectibles-luffys-gears-edition-2\/#primaryimage","url":"https:\/\/theuncommonshop.ch\/wp-content\/uploads\/2025\/06\/4918061841.jpg","contentUrl":"https:\/\/theuncommonshop.ch\/wp-content\/uploads\/2025\/06\/4918061841.jpg","width":517,"height":440},{"@type":"BreadcrumbList","@id":"https:\/\/theuncommonshop.ch\/fr\/product\/mighty-jaxx-hidden-dissectibles-luffys-gears-edition-2\/#breadcrumb","itemListElement":[{"@type":"ListItem","position":1,"name":"Accueil","item":"https:\/\/theuncommonshop.ch\/fr\/accueil\/"},{"@type":"ListItem","position":2,"name":"Boutique","item":"https:\/\/theuncommonshop.ch\/fr\/boutique\/"},{"@type":"ListItem","position":3,"name":"One Piece","item":"https:\/\/theuncommonshop.ch\/fr\/categorie-produit\/one-piece-fr\/"},{"@type":"ListItem","position":4,"name":"Peluches et figurines","item":"https:\/\/theuncommonshop.ch\/fr\/categorie-produit\/one-piece-fr\/peluches-et-figurines-one-piece\/"},{"@type":"ListItem","position":5,"name":"Mighty Jaxx &#8211; Hidden Dissectibles &#8211; Luffy&#8217;s Gears Edition"}]},{"@type":"WebSite","@id":"https:\/\/theuncommonshop.ch\/fr\/#website","url":"https:\/\/theuncommonshop.ch\/fr\/","name":"The Uncommon Shop","description":"Magic, Pok\u00e9mon and Yu-gi-oh - The Uncommon Shop","potentialAction":[{"@type":"SearchAction","target":{"@type":"EntryPoint","urlTemplate":"https:\/\/theuncommonshop.ch\/fr\/?s={search_term_string}"},"query-input":{"@type":"PropertyValueSpecification","valueRequired":true,"valueName":"search_term_string"}}],"inLanguage":"fr-FR"}]},"product_price_amount":"21.95","product_price_currency":"CHF","og_availability":"instock","product_availability":"instock","product_retailer_item_id":"ZU.XI.B.MJLuffGearEdition","product_condition":"new"},"_links":{"self":[{"href":"https:\/\/theuncommonshop.ch\/fr\/wp-json\/wp\/v2\/product\/315656","targetHints":{"allow":["GET"]}}],"collection":[{"href":"https:\/\/theuncommonshop.ch\/fr\/wp-json\/wp\/v2\/product"}],"about":[{"href":"https:\/\/theuncommonshop.ch\/fr\/wp-json\/wp\/v2\/types\/product"}],"replies":[{"embeddable":true,"href":"https:\/\/theuncommonshop.ch\/fr\/wp-json\/wp\/v2\/comments?post=315656"}],"version-history":[{"count":0,"href":"https:\/\/theuncommonshop.ch\/fr\/wp-json\/wp\/v2\/product\/315656\/revisions"}],"wp:featuredmedia":[{"embeddable":true,"href":"https:\/\/theuncommonshop.ch\/fr\/wp-json\/wp\/v2\/media\/137472"}],"wp:attachment":[{"href":"https:\/\/theuncommonshop.ch\/fr\/wp-json\/wp\/v2\/media?parent=315656"}],"wp:term":[{"taxonomy":"product_brand","embeddable":true,"href":"https:\/\/theuncommonshop.ch\/fr\/wp-json\/wp\/v2\/product_brand?post=315656"},{"taxonomy":"product_cat","embeddable":true,"href":"https:\/\/theuncommonshop.ch\/fr\/wp-json\/wp\/v2\/product_cat?post=315656"},{"taxonomy":"product_tag","embeddable":true,"href":"https:\/\/theuncommonshop.ch\/fr\/wp-json\/wp\/v2\/product_tag?post=315656"}],"curies":[{"name":"wp","href":"https:\/\/api.w.org\/{rel}","templated":true}]}}