{"id":315540,"date":"2025-12-30T21:54:28","date_gmt":"2025-12-30T21:54:28","guid":{"rendered":"http:\/\/theuncommonshop.ch\/produkt\/315540\/"},"modified":"2026-03-08T22:53:04","modified_gmt":"2026-03-08T21:53:04","slug":"ffg-star-wars-unlimited-twilight-of-the-republic-prerelease-box-de-2","status":"publish","type":"product","link":"https:\/\/theuncommonshop.ch\/fr\/product\/ffg-star-wars-unlimited-twilight-of-the-republic-prerelease-box-de-2\/","title":{"rendered":"FFG &#8211; Star Wars: Unlimited &#8211; Twilight of the Republic &#8211; Prerelease Box &#8211; DE"},"content":{"rendered":"<p>Commencez la prochaine phase de votre exp\u00e9rience de jeu organis\u00e9 <em>Star Wars\u2122 : Unlimited<\/em> avec cette bo\u00eete de Prerelease Twilight of the Republic ! Dans cette bo\u00eete, vous trouverez 6 packs de boosters ainsi que suffisamment de marqueurs et de mat\u00e9riel pour commencer votre voyage avec le troisi\u00e8me <em>Star Wars : Unlimited<\/em>. La bo\u00eete contient tout ce dont un joueur a besoin pour participer \u00e0 un tournoi de pr\u00e9-vente Sealed dans votre magasin &#8211; y compris des versions promotionnelles exclusives des cartes de leader Ahsoka Tano et G\u00e9n\u00e9ral Grievous !  <\/p>\n<p><em>Star Wars : Unlimited<\/em> est un jeu de cartes \u00e0 collectionner rapide, facile \u00e0 prendre en main et aux possibilit\u00e9s illimit\u00e9es. Le coffret Twilight of the Republic met en lumi\u00e8re les conflits militaires entre la R\u00e9publique Galactique et la Conf\u00e9d\u00e9ration des Syst\u00e8mes Ind\u00e9pendants et pr\u00e9sente les h\u00e9ros et les m\u00e9chants qui se sont affront\u00e9s pendant la Guerre des Clones. Chaque pack de boosters inclus dans ce produit peut \u00eatre utilis\u00e9 pour cr\u00e9er et am\u00e9liorer des decks pour des duels, des parties multijoueurs, des drafts ou des parties scell\u00e9es.  <\/p>\n","protected":false},"excerpt":{"rendered":"<p>Commencez la prochaine phase de votre exp\u00e9rience de jeu organis\u00e9 Star Wars\u2122 : Unlimited avec cette bo\u00eete de Prerelease Twilight<\/p>\n","protected":false},"featured_media":259585,"comment_status":"open","ping_status":"closed","template":"","meta":{"_acf_changed":false},"product_brand":[5086],"product_cat":[9785,9949],"product_tag":[],"class_list":{"0":"post-315540","1":"product","2":"type-product","3":"status-publish","4":"has-post-thumbnail","6":"product_brand-star-wars-unlimited","7":"product_cat-autres-cartes-a-collectionner","8":"product_cat-star-wars","10":"first","11":"instock","12":"taxable","13":"shipping-taxable","14":"purchasable","15":"product-type-variable"},"acf":[],"yoast_head":"<!-- This site is optimized with the Yoast SEO plugin v27.4 - https:\/\/yoast.com\/product\/yoast-seo-wordpress\/ -->\n<title>Ach\u00e8te FFG - Star Wars: Unlimited - Twilight of the Republic - Prerelease Box - DE<\/title>\n<meta name=\"description\" content=\"Ach\u00e8te FFG - Star Wars: Unlimited - Twilight of the Republic - Prerelease Box - DE en ligne maintenant \u00e0 petit prix! Ton #1 shop pour cartes TCG &amp; Pok\u00e9mon en Suisse \u2713 Livraison gratuite d\u00e8s CHF 29\" \/>\n<meta name=\"robots\" content=\"index, follow, max-snippet:-1, max-image-preview:large, max-video-preview:-1\" \/>\n<link rel=\"canonical\" href=\"https:\/\/theuncommonshop.ch\/fr\/product\/ffg-star-wars-unlimited-twilight-of-the-republic-prerelease-box-de-2\/\" \/>\n<meta property=\"og:locale\" content=\"fr_FR\" \/>\n<meta property=\"og:type\" content=\"article\" \/>\n<meta property=\"og:title\" content=\"Ach\u00e8te FFG - Star Wars: Unlimited - Twilight of the Republic - Prerelease Box - DE\" \/>\n<meta property=\"og:description\" content=\"Ach\u00e8te FFG - Star Wars: Unlimited - Twilight of the Republic - Prerelease Box - DE en ligne maintenant \u00e0 petit prix! Ton #1 shop pour cartes TCG &amp; Pok\u00e9mon en Suisse \u2713 Livraison gratuite d\u00e8s CHF 29\" \/>\n<meta property=\"og:url\" content=\"https:\/\/theuncommonshop.ch\/fr\/product\/ffg-star-wars-unlimited-twilight-of-the-republic-prerelease-box-de-2\/\" \/>\n<meta property=\"og:site_name\" content=\"The Uncommon Shop\" \/>\n<meta property=\"article:modified_time\" content=\"2026-03-08T21:53:04+00:00\" \/>\n<meta property=\"og:image\" content=\"https:\/\/theuncommonshop.ch\/wp-content\/uploads\/2025\/12\/5048354820.png\" \/>\n\t<meta property=\"og:image:width\" content=\"1024\" \/>\n\t<meta property=\"og:image:height\" content=\"1024\" \/>\n\t<meta property=\"og:image:type\" content=\"image\/png\" \/>\n<meta name=\"twitter:card\" content=\"summary_large_image\" \/>\n<meta name=\"twitter:label1\" content=\"Disponibilit\u00e9\" \/>\n\t<meta name=\"twitter:data1\" content=\"En stock\" \/>\n<script type=\"application\/ld+json\" class=\"yoast-schema-graph\">{\"@context\":\"https:\\\/\\\/schema.org\",\"@graph\":[{\"@type\":\"WebPage\",\"@id\":\"https:\\\/\\\/theuncommonshop.ch\\\/fr\\\/product\\\/ffg-star-wars-unlimited-twilight-of-the-republic-prerelease-box-de-2\\\/\",\"url\":\"https:\\\/\\\/theuncommonshop.ch\\\/fr\\\/product\\\/ffg-star-wars-unlimited-twilight-of-the-republic-prerelease-box-de-2\\\/\",\"name\":\"Ach\u00e8te FFG - Star Wars: Unlimited - Twilight of the Republic - Prerelease Box - DE\",\"isPartOf\":{\"@id\":\"https:\\\/\\\/theuncommonshop.ch\\\/fr\\\/#website\"},\"primaryImageOfPage\":{\"@id\":\"https:\\\/\\\/theuncommonshop.ch\\\/fr\\\/product\\\/ffg-star-wars-unlimited-twilight-of-the-republic-prerelease-box-de-2\\\/#primaryimage\"},\"image\":{\"@id\":\"https:\\\/\\\/theuncommonshop.ch\\\/fr\\\/product\\\/ffg-star-wars-unlimited-twilight-of-the-republic-prerelease-box-de-2\\\/#primaryimage\"},\"thumbnailUrl\":\"https:\\\/\\\/theuncommonshop.ch\\\/wp-content\\\/uploads\\\/2025\\\/12\\\/5048354820.png\",\"datePublished\":\"2025-12-30T21:54:28+00:00\",\"dateModified\":\"2026-03-08T21:53:04+00:00\",\"description\":\"Ach\u00e8te FFG - Star Wars: Unlimited - Twilight of the Republic - Prerelease Box - DE en ligne maintenant \u00e0 petit prix! Ton #1 shop pour cartes TCG & Pok\u00e9mon en Suisse \u2713 Livraison gratuite d\u00e8s CHF 29\",\"breadcrumb\":{\"@id\":\"https:\\\/\\\/theuncommonshop.ch\\\/fr\\\/product\\\/ffg-star-wars-unlimited-twilight-of-the-republic-prerelease-box-de-2\\\/#breadcrumb\"},\"inLanguage\":\"fr-FR\",\"potentialAction\":[{\"@type\":\"ReadAction\",\"target\":[\"https:\\\/\\\/theuncommonshop.ch\\\/fr\\\/product\\\/ffg-star-wars-unlimited-twilight-of-the-republic-prerelease-box-de-2\\\/\"]}]},{\"@type\":\"ImageObject\",\"inLanguage\":\"fr-FR\",\"@id\":\"https:\\\/\\\/theuncommonshop.ch\\\/fr\\\/product\\\/ffg-star-wars-unlimited-twilight-of-the-republic-prerelease-box-de-2\\\/#primaryimage\",\"url\":\"https:\\\/\\\/theuncommonshop.ch\\\/wp-content\\\/uploads\\\/2025\\\/12\\\/5048354820.png\",\"contentUrl\":\"https:\\\/\\\/theuncommonshop.ch\\\/wp-content\\\/uploads\\\/2025\\\/12\\\/5048354820.png\",\"width\":1024,\"height\":1024},{\"@type\":\"BreadcrumbList\",\"@id\":\"https:\\\/\\\/theuncommonshop.ch\\\/fr\\\/product\\\/ffg-star-wars-unlimited-twilight-of-the-republic-prerelease-box-de-2\\\/#breadcrumb\",\"itemListElement\":[{\"@type\":\"ListItem\",\"position\":1,\"name\":\"Accueil\",\"item\":\"https:\\\/\\\/theuncommonshop.ch\\\/fr\\\/accueil\\\/\"},{\"@type\":\"ListItem\",\"position\":2,\"name\":\"Boutique\",\"item\":\"https:\\\/\\\/theuncommonshop.ch\\\/fr\\\/boutique\\\/\"},{\"@type\":\"ListItem\",\"position\":3,\"name\":\"Autres cartes \u00e0 collectionner\",\"item\":\"https:\\\/\\\/theuncommonshop.ch\\\/fr\\\/categorie-produit\\\/autres-cartes-a-collectionner\\\/\"},{\"@type\":\"ListItem\",\"position\":4,\"name\":\"Star Wars\",\"item\":\"https:\\\/\\\/theuncommonshop.ch\\\/fr\\\/categorie-produit\\\/autres-cartes-a-collectionner\\\/star-wars\\\/\"},{\"@type\":\"ListItem\",\"position\":5,\"name\":\"FFG &#8211; Star Wars: Unlimited &#8211; Twilight of the Republic &#8211; Prerelease Box &#8211; DE\"}]},{\"@type\":\"WebSite\",\"@id\":\"https:\\\/\\\/theuncommonshop.ch\\\/fr\\\/#website\",\"url\":\"https:\\\/\\\/theuncommonshop.ch\\\/fr\\\/\",\"name\":\"The Uncommon Shop\",\"description\":\"Magic, Pok\u00e9mon and Yu-gi-oh - The Uncommon Shop\",\"potentialAction\":[{\"@type\":\"SearchAction\",\"target\":{\"@type\":\"EntryPoint\",\"urlTemplate\":\"https:\\\/\\\/theuncommonshop.ch\\\/fr\\\/?s={search_term_string}\"},\"query-input\":{\"@type\":\"PropertyValueSpecification\",\"valueRequired\":true,\"valueName\":\"search_term_string\"}}],\"inLanguage\":\"fr-FR\"}]}<\/script>\n<meta property=\"og:availability\" content=\"instock\" \/>\n<meta property=\"product:availability\" content=\"instock\" \/>\n<meta property=\"product:retailer_item_id\" content=\"AL.I.F.SWTwiloftheRepuPreBox.DE\" \/>\n<meta property=\"product:condition\" content=\"new\" \/>\n<!-- \/ Yoast SEO plugin. -->","yoast_head_json":{"title":"Ach\u00e8te FFG - Star Wars: Unlimited - Twilight of the Republic - Prerelease Box - DE","description":"Ach\u00e8te FFG - Star Wars: Unlimited - Twilight of the Republic - Prerelease Box - DE en ligne maintenant \u00e0 petit prix! Ton #1 shop pour cartes TCG & Pok\u00e9mon en Suisse \u2713 Livraison gratuite d\u00e8s CHF 29","robots":{"index":"index","follow":"follow","max-snippet":"max-snippet:-1","max-image-preview":"max-image-preview:large","max-video-preview":"max-video-preview:-1"},"canonical":"https:\/\/theuncommonshop.ch\/fr\/product\/ffg-star-wars-unlimited-twilight-of-the-republic-prerelease-box-de-2\/","og_locale":"fr_FR","og_type":"article","og_title":"Ach\u00e8te FFG - Star Wars: Unlimited - Twilight of the Republic - Prerelease Box - DE","og_description":"Ach\u00e8te FFG - Star Wars: Unlimited - Twilight of the Republic - Prerelease Box - DE en ligne maintenant \u00e0 petit prix! Ton #1 shop pour cartes TCG & Pok\u00e9mon en Suisse \u2713 Livraison gratuite d\u00e8s CHF 29","og_url":"https:\/\/theuncommonshop.ch\/fr\/product\/ffg-star-wars-unlimited-twilight-of-the-republic-prerelease-box-de-2\/","og_site_name":"The Uncommon Shop","article_modified_time":"2026-03-08T21:53:04+00:00","og_image":[{"width":1024,"height":1024,"url":"https:\/\/theuncommonshop.ch\/wp-content\/uploads\/2025\/12\/5048354820.png","type":"image\/png"}],"twitter_card":"summary_large_image","twitter_misc":{"Disponibilit\u00e9":"En stock"},"schema":{"@context":"https:\/\/schema.org","@graph":[{"@type":"WebPage","@id":"https:\/\/theuncommonshop.ch\/fr\/product\/ffg-star-wars-unlimited-twilight-of-the-republic-prerelease-box-de-2\/","url":"https:\/\/theuncommonshop.ch\/fr\/product\/ffg-star-wars-unlimited-twilight-of-the-republic-prerelease-box-de-2\/","name":"Ach\u00e8te FFG - Star Wars: Unlimited - Twilight of the Republic - Prerelease Box - DE","isPartOf":{"@id":"https:\/\/theuncommonshop.ch\/fr\/#website"},"primaryImageOfPage":{"@id":"https:\/\/theuncommonshop.ch\/fr\/product\/ffg-star-wars-unlimited-twilight-of-the-republic-prerelease-box-de-2\/#primaryimage"},"image":{"@id":"https:\/\/theuncommonshop.ch\/fr\/product\/ffg-star-wars-unlimited-twilight-of-the-republic-prerelease-box-de-2\/#primaryimage"},"thumbnailUrl":"https:\/\/theuncommonshop.ch\/wp-content\/uploads\/2025\/12\/5048354820.png","datePublished":"2025-12-30T21:54:28+00:00","dateModified":"2026-03-08T21:53:04+00:00","description":"Ach\u00e8te FFG - Star Wars: Unlimited - Twilight of the Republic - Prerelease Box - DE en ligne maintenant \u00e0 petit prix! Ton #1 shop pour cartes TCG & Pok\u00e9mon en Suisse \u2713 Livraison gratuite d\u00e8s CHF 29","breadcrumb":{"@id":"https:\/\/theuncommonshop.ch\/fr\/product\/ffg-star-wars-unlimited-twilight-of-the-republic-prerelease-box-de-2\/#breadcrumb"},"inLanguage":"fr-FR","potentialAction":[{"@type":"ReadAction","target":["https:\/\/theuncommonshop.ch\/fr\/product\/ffg-star-wars-unlimited-twilight-of-the-republic-prerelease-box-de-2\/"]}]},{"@type":"ImageObject","inLanguage":"fr-FR","@id":"https:\/\/theuncommonshop.ch\/fr\/product\/ffg-star-wars-unlimited-twilight-of-the-republic-prerelease-box-de-2\/#primaryimage","url":"https:\/\/theuncommonshop.ch\/wp-content\/uploads\/2025\/12\/5048354820.png","contentUrl":"https:\/\/theuncommonshop.ch\/wp-content\/uploads\/2025\/12\/5048354820.png","width":1024,"height":1024},{"@type":"BreadcrumbList","@id":"https:\/\/theuncommonshop.ch\/fr\/product\/ffg-star-wars-unlimited-twilight-of-the-republic-prerelease-box-de-2\/#breadcrumb","itemListElement":[{"@type":"ListItem","position":1,"name":"Accueil","item":"https:\/\/theuncommonshop.ch\/fr\/accueil\/"},{"@type":"ListItem","position":2,"name":"Boutique","item":"https:\/\/theuncommonshop.ch\/fr\/boutique\/"},{"@type":"ListItem","position":3,"name":"Autres cartes \u00e0 collectionner","item":"https:\/\/theuncommonshop.ch\/fr\/categorie-produit\/autres-cartes-a-collectionner\/"},{"@type":"ListItem","position":4,"name":"Star Wars","item":"https:\/\/theuncommonshop.ch\/fr\/categorie-produit\/autres-cartes-a-collectionner\/star-wars\/"},{"@type":"ListItem","position":5,"name":"FFG &#8211; Star Wars: Unlimited &#8211; Twilight of the Republic &#8211; Prerelease Box &#8211; DE"}]},{"@type":"WebSite","@id":"https:\/\/theuncommonshop.ch\/fr\/#website","url":"https:\/\/theuncommonshop.ch\/fr\/","name":"The Uncommon Shop","description":"Magic, Pok\u00e9mon and Yu-gi-oh - The Uncommon Shop","potentialAction":[{"@type":"SearchAction","target":{"@type":"EntryPoint","urlTemplate":"https:\/\/theuncommonshop.ch\/fr\/?s={search_term_string}"},"query-input":{"@type":"PropertyValueSpecification","valueRequired":true,"valueName":"search_term_string"}}],"inLanguage":"fr-FR"}]},"og_availability":"instock","product_availability":"instock","product_retailer_item_id":"AL.I.F.SWTwiloftheRepuPreBox.DE","product_condition":"new"},"_links":{"self":[{"href":"https:\/\/theuncommonshop.ch\/fr\/wp-json\/wp\/v2\/product\/315540","targetHints":{"allow":["GET"]}}],"collection":[{"href":"https:\/\/theuncommonshop.ch\/fr\/wp-json\/wp\/v2\/product"}],"about":[{"href":"https:\/\/theuncommonshop.ch\/fr\/wp-json\/wp\/v2\/types\/product"}],"replies":[{"embeddable":true,"href":"https:\/\/theuncommonshop.ch\/fr\/wp-json\/wp\/v2\/comments?post=315540"}],"version-history":[{"count":0,"href":"https:\/\/theuncommonshop.ch\/fr\/wp-json\/wp\/v2\/product\/315540\/revisions"}],"wp:featuredmedia":[{"embeddable":true,"href":"https:\/\/theuncommonshop.ch\/fr\/wp-json\/wp\/v2\/media\/259585"}],"wp:attachment":[{"href":"https:\/\/theuncommonshop.ch\/fr\/wp-json\/wp\/v2\/media?parent=315540"}],"wp:term":[{"taxonomy":"product_brand","embeddable":true,"href":"https:\/\/theuncommonshop.ch\/fr\/wp-json\/wp\/v2\/product_brand?post=315540"},{"taxonomy":"product_cat","embeddable":true,"href":"https:\/\/theuncommonshop.ch\/fr\/wp-json\/wp\/v2\/product_cat?post=315540"},{"taxonomy":"product_tag","embeddable":true,"href":"https:\/\/theuncommonshop.ch\/fr\/wp-json\/wp\/v2\/product_tag?post=315540"}],"curies":[{"name":"wp","href":"https:\/\/api.w.org\/{rel}","templated":true}]}}