{"id":315321,"date":"2025-12-30T20:50:10","date_gmt":"2025-12-30T20:50:10","guid":{"rendered":"http:\/\/theuncommonshop.ch\/produkt\/315321\/"},"modified":"2026-03-31T13:18:43","modified_gmt":"2026-03-31T11:18:43","slug":"dragon-ball-super-ultra-bout-series-set-2-bt29-booster-display-2","status":"publish","type":"product","link":"https:\/\/theuncommonshop.ch\/fr\/product\/dragon-ball-super-ultra-bout-series-set-2-bt29-booster-display-2\/","title":{"rendered":"Dragon Ball Super &#8211; Ultra Bout Series Set 2 (BT29) &#8211; Booster Display"},"content":{"rendered":"<p>&#8211; <strong>Introduction de nouveaux personnages avec les cartes Leader :<\/strong><br \/>\nLe kit contient de nouvelles cartes Leader, dont des personnages comme Bulla de l&#8217;Anime GT et Lucifer des films. Celles-ci \u00e9largissent les strat\u00e9gies de jeu avec de nouvelles couleurs pour les cartes Leader. <\/p>\n<p>&#8211; <strong>Cartes Concept et God Rare :<\/strong><br \/>\nCe set comprend 5 cartes Concept Rare sur le th\u00e8me d&#8217;adversaires l\u00e9gendaires, permettant aux joueurs de recr\u00e9er des combats embl\u00e9matiques.<br \/>\nIl comprend \u00e9galement deux cartes God Rare &#8211; une avec un nouveau texte et une r\u00e9\u00e9dition d&#8217;une carte Secret Rare populaire avec une nouvelle illustration et une finition dor\u00e9e.<\/p>\n<p>&#8211; <strong>Marqueurs d&#8217;\u00e9nergie limit\u00e9s en \u00e9dition sp\u00e9ciale :<\/strong><br \/>\nLes Box Toppers incluent des marqueurs d&#8217;\u00e9nergie en \u00e9dition limit\u00e9e avec des designs nostalgiques des visuels cl\u00e9s des pr\u00e9c\u00e9dents Box Set. Ils sont \u00e9galement disponibles dans des versions parall\u00e8les ultra-rare avec une finition premium. <\/p>\n<p><strong>x1 Booster Packs = 12 cartes<\/strong><\/p>\n<ul>\n<li>Common \u00d750<\/li>\n<li>Uncommon \u00d740<\/li>\n<li>Rares \u00d730<\/li>\n<li>Super Rares \u00d718<\/li>\n<li>Concept Rares \u00d75<\/li>\n<li>Special Rares \u00d715<\/li>\n<li>Special Leader Rare \u00d710<\/li>\n<li>Secret Rare \u00d73<\/li>\n<li>God Rare \u00d72<br \/>\n =<strong> un total de 177 cartes diff\u00e9rentes<\/strong><\/li>\n<\/ul>\n","protected":false},"excerpt":{"rendered":"<p>&#8211; Introduction de nouveaux personnages avec les cartes Leader : Le kit contient de nouvelles cartes Leader, dont des personnages<\/p>\n","protected":false},"featured_media":363319,"comment_status":"open","ping_status":"closed","template":"","meta":{"_acf_changed":false},"product_brand":[5100,5160],"product_cat":[9785,10003,9791],"product_tag":[],"class_list":{"0":"post-315321","1":"product","2":"type-product","3":"status-publish","4":"has-post-thumbnail","6":"product_brand-bandai-tcg","7":"product_brand-dragon-ball-card-game","8":"product_cat-autres-cartes-a-collectionner","9":"product_cat-booster-displays-dbs","10":"product_cat-dragon-ball-dbs","12":"first","13":"instock","14":"taxable","15":"shipping-taxable","16":"purchasable","17":"product-type-variable"},"acf":[],"yoast_head":"<!-- This site is optimized with the Yoast SEO plugin v27.4 - https:\/\/yoast.com\/product\/yoast-seo-wordpress\/ -->\n<title>Ach\u00e8te Dragon Ball Super - Ultra Bout Series Set 2 (BT29) - Booster Display<\/title>\n<meta name=\"description\" content=\"Ach\u00e8te Dragon Ball Super - Ultra Bout Series Set 2 (BT29) - Booster Display en ligne maintenant \u00e0 petit prix! Ton #1 shop pour cartes TCG &amp; Pok\u00e9mon en Suisse \u2713 Livraison gratuite d\u00e8s CHF 29\" \/>\n<meta name=\"robots\" content=\"index, follow, max-snippet:-1, max-image-preview:large, max-video-preview:-1\" \/>\n<link rel=\"canonical\" href=\"https:\/\/theuncommonshop.ch\/fr\/product\/dragon-ball-super-ultra-bout-series-set-2-bt29-booster-display-2\/\" \/>\n<meta property=\"og:locale\" content=\"fr_FR\" \/>\n<meta property=\"og:type\" content=\"article\" \/>\n<meta property=\"og:title\" content=\"Ach\u00e8te Dragon Ball Super - Ultra Bout Series Set 2 (BT29) - Booster Display\" \/>\n<meta property=\"og:description\" content=\"Ach\u00e8te Dragon Ball Super - Ultra Bout Series Set 2 (BT29) - Booster Display en ligne maintenant \u00e0 petit prix! Ton #1 shop pour cartes TCG &amp; Pok\u00e9mon en Suisse \u2713 Livraison gratuite d\u00e8s CHF 29\" \/>\n<meta property=\"og:url\" content=\"https:\/\/theuncommonshop.ch\/fr\/product\/dragon-ball-super-ultra-bout-series-set-2-bt29-booster-display-2\/\" \/>\n<meta property=\"og:site_name\" content=\"Largest trading card shop in Switzerland\" \/>\n<meta property=\"article:modified_time\" content=\"2026-03-31T11:18:43+00:00\" \/>\n<meta property=\"og:image\" content=\"https:\/\/theuncommonshop.ch\/wp-content\/uploads\/2025\/12\/BT29.jpg\" \/>\n\t<meta property=\"og:image:width\" content=\"845\" \/>\n\t<meta property=\"og:image:height\" content=\"833\" \/>\n\t<meta property=\"og:image:type\" content=\"image\/jpeg\" \/>\n<meta name=\"twitter:card\" content=\"summary_large_image\" \/>\n<meta name=\"twitter:label1\" content=\"Disponibilit\u00e9\" \/>\n\t<meta name=\"twitter:data1\" content=\"En stock\" \/>\n<script type=\"application\/ld+json\" class=\"yoast-schema-graph\">{\"@context\":\"https:\\\/\\\/schema.org\",\"@graph\":[{\"@type\":\"WebPage\",\"@id\":\"https:\\\/\\\/theuncommonshop.ch\\\/fr\\\/product\\\/dragon-ball-super-ultra-bout-series-set-2-bt29-booster-display-2\\\/\",\"url\":\"https:\\\/\\\/theuncommonshop.ch\\\/fr\\\/product\\\/dragon-ball-super-ultra-bout-series-set-2-bt29-booster-display-2\\\/\",\"name\":\"Ach\u00e8te Dragon Ball Super - Ultra Bout Series Set 2 (BT29) - Booster Display\",\"isPartOf\":{\"@id\":\"https:\\\/\\\/theuncommonshop.ch\\\/#website\"},\"primaryImageOfPage\":{\"@id\":\"https:\\\/\\\/theuncommonshop.ch\\\/fr\\\/product\\\/dragon-ball-super-ultra-bout-series-set-2-bt29-booster-display-2\\\/#primaryimage\"},\"image\":{\"@id\":\"https:\\\/\\\/theuncommonshop.ch\\\/fr\\\/product\\\/dragon-ball-super-ultra-bout-series-set-2-bt29-booster-display-2\\\/#primaryimage\"},\"thumbnailUrl\":\"https:\\\/\\\/theuncommonshop.ch\\\/wp-content\\\/uploads\\\/2025\\\/12\\\/BT29.jpg\",\"datePublished\":\"2025-12-30T20:50:10+00:00\",\"dateModified\":\"2026-03-31T11:18:43+00:00\",\"description\":\"Ach\u00e8te Dragon Ball Super - Ultra Bout Series Set 2 (BT29) - Booster Display en ligne maintenant \u00e0 petit prix! Ton #1 shop pour cartes TCG & Pok\u00e9mon en Suisse \u2713 Livraison gratuite d\u00e8s CHF 29\",\"breadcrumb\":{\"@id\":\"https:\\\/\\\/theuncommonshop.ch\\\/fr\\\/product\\\/dragon-ball-super-ultra-bout-series-set-2-bt29-booster-display-2\\\/#breadcrumb\"},\"inLanguage\":\"fr-FR\",\"potentialAction\":[{\"@type\":\"ReadAction\",\"target\":[\"https:\\\/\\\/theuncommonshop.ch\\\/fr\\\/product\\\/dragon-ball-super-ultra-bout-series-set-2-bt29-booster-display-2\\\/\"]}]},{\"@type\":\"ImageObject\",\"inLanguage\":\"fr-FR\",\"@id\":\"https:\\\/\\\/theuncommonshop.ch\\\/fr\\\/product\\\/dragon-ball-super-ultra-bout-series-set-2-bt29-booster-display-2\\\/#primaryimage\",\"url\":\"https:\\\/\\\/theuncommonshop.ch\\\/wp-content\\\/uploads\\\/2025\\\/12\\\/BT29.jpg\",\"contentUrl\":\"https:\\\/\\\/theuncommonshop.ch\\\/wp-content\\\/uploads\\\/2025\\\/12\\\/BT29.jpg\",\"width\":845,\"height\":833},{\"@type\":\"BreadcrumbList\",\"@id\":\"https:\\\/\\\/theuncommonshop.ch\\\/fr\\\/product\\\/dragon-ball-super-ultra-bout-series-set-2-bt29-booster-display-2\\\/#breadcrumb\",\"itemListElement\":[{\"@type\":\"ListItem\",\"position\":1,\"name\":\"Accueil\",\"item\":\"https:\\\/\\\/theuncommonshop.ch\\\/fr\\\/accueil\\\/\"},{\"@type\":\"ListItem\",\"position\":2,\"name\":\"Boutique\",\"item\":\"https:\\\/\\\/theuncommonshop.ch\\\/fr\\\/boutique\\\/\"},{\"@type\":\"ListItem\",\"position\":3,\"name\":\"Weitere Sammelkarten\",\"item\":\"https:\\\/\\\/theuncommonshop.ch\\\/produktkategorie\\\/weitere-sammelkarten\\\/\"},{\"@type\":\"ListItem\",\"position\":4,\"name\":\"Dragon Ball\",\"item\":\"https:\\\/\\\/theuncommonshop.ch\\\/produktkategorie\\\/weitere-sammelkarten\\\/dragon-ball\\\/\"},{\"@type\":\"ListItem\",\"position\":5,\"name\":\"Booster Displays\",\"item\":\"https:\\\/\\\/theuncommonshop.ch\\\/produktkategorie\\\/weitere-sammelkarten\\\/dragon-ball\\\/dbs-booster-displays\\\/\"},{\"@type\":\"ListItem\",\"position\":6,\"name\":\"Dragon Ball Super &#8211; Ultra Bout Series Set 2 (BT29) &#8211; Booster Display\"}]},{\"@type\":\"WebSite\",\"@id\":\"https:\\\/\\\/theuncommonshop.ch\\\/#website\",\"url\":\"https:\\\/\\\/theuncommonshop.ch\\\/\",\"name\":\"Largest trading card shop in Switzerland\",\"description\":\"Magic, Pok\u00e9mon and Yu-gi-oh - The Uncommon Shop\",\"potentialAction\":[{\"@type\":\"SearchAction\",\"target\":{\"@type\":\"EntryPoint\",\"urlTemplate\":\"https:\\\/\\\/theuncommonshop.ch\\\/?s={search_term_string}\"},\"query-input\":{\"@type\":\"PropertyValueSpecification\",\"valueRequired\":true,\"valueName\":\"search_term_string\"}}],\"inLanguage\":\"fr-FR\"}]}<\/script>\n<meta property=\"og:availability\" content=\"instock\" \/>\n<meta property=\"product:availability\" content=\"instock\" \/>\n<meta property=\"product:retailer_item_id\" content=\"66041\" \/>\n<meta property=\"product:condition\" content=\"new\" \/>\n<!-- \/ Yoast SEO plugin. -->","yoast_head_json":{"title":"Ach\u00e8te Dragon Ball Super - Ultra Bout Series Set 2 (BT29) - Booster Display","description":"Ach\u00e8te Dragon Ball Super - Ultra Bout Series Set 2 (BT29) - Booster Display en ligne maintenant \u00e0 petit prix! Ton #1 shop pour cartes TCG & Pok\u00e9mon en Suisse \u2713 Livraison gratuite d\u00e8s CHF 29","robots":{"index":"index","follow":"follow","max-snippet":"max-snippet:-1","max-image-preview":"max-image-preview:large","max-video-preview":"max-video-preview:-1"},"canonical":"https:\/\/theuncommonshop.ch\/fr\/product\/dragon-ball-super-ultra-bout-series-set-2-bt29-booster-display-2\/","og_locale":"fr_FR","og_type":"article","og_title":"Ach\u00e8te Dragon Ball Super - Ultra Bout Series Set 2 (BT29) - Booster Display","og_description":"Ach\u00e8te Dragon Ball Super - Ultra Bout Series Set 2 (BT29) - Booster Display en ligne maintenant \u00e0 petit prix! Ton #1 shop pour cartes TCG & Pok\u00e9mon en Suisse \u2713 Livraison gratuite d\u00e8s CHF 29","og_url":"https:\/\/theuncommonshop.ch\/fr\/product\/dragon-ball-super-ultra-bout-series-set-2-bt29-booster-display-2\/","og_site_name":"Largest trading card shop in Switzerland","article_modified_time":"2026-03-31T11:18:43+00:00","og_image":[{"width":845,"height":833,"url":"https:\/\/theuncommonshop.ch\/wp-content\/uploads\/2025\/12\/BT29.jpg","type":"image\/jpeg"}],"twitter_card":"summary_large_image","twitter_misc":{"Disponibilit\u00e9":"En stock"},"schema":{"@context":"https:\/\/schema.org","@graph":[{"@type":"WebPage","@id":"https:\/\/theuncommonshop.ch\/fr\/product\/dragon-ball-super-ultra-bout-series-set-2-bt29-booster-display-2\/","url":"https:\/\/theuncommonshop.ch\/fr\/product\/dragon-ball-super-ultra-bout-series-set-2-bt29-booster-display-2\/","name":"Ach\u00e8te Dragon Ball Super - Ultra Bout Series Set 2 (BT29) - Booster Display","isPartOf":{"@id":"https:\/\/theuncommonshop.ch\/#website"},"primaryImageOfPage":{"@id":"https:\/\/theuncommonshop.ch\/fr\/product\/dragon-ball-super-ultra-bout-series-set-2-bt29-booster-display-2\/#primaryimage"},"image":{"@id":"https:\/\/theuncommonshop.ch\/fr\/product\/dragon-ball-super-ultra-bout-series-set-2-bt29-booster-display-2\/#primaryimage"},"thumbnailUrl":"https:\/\/theuncommonshop.ch\/wp-content\/uploads\/2025\/12\/BT29.jpg","datePublished":"2025-12-30T20:50:10+00:00","dateModified":"2026-03-31T11:18:43+00:00","description":"Ach\u00e8te Dragon Ball Super - Ultra Bout Series Set 2 (BT29) - Booster Display en ligne maintenant \u00e0 petit prix! Ton #1 shop pour cartes TCG & Pok\u00e9mon en Suisse \u2713 Livraison gratuite d\u00e8s CHF 29","breadcrumb":{"@id":"https:\/\/theuncommonshop.ch\/fr\/product\/dragon-ball-super-ultra-bout-series-set-2-bt29-booster-display-2\/#breadcrumb"},"inLanguage":"fr-FR","potentialAction":[{"@type":"ReadAction","target":["https:\/\/theuncommonshop.ch\/fr\/product\/dragon-ball-super-ultra-bout-series-set-2-bt29-booster-display-2\/"]}]},{"@type":"ImageObject","inLanguage":"fr-FR","@id":"https:\/\/theuncommonshop.ch\/fr\/product\/dragon-ball-super-ultra-bout-series-set-2-bt29-booster-display-2\/#primaryimage","url":"https:\/\/theuncommonshop.ch\/wp-content\/uploads\/2025\/12\/BT29.jpg","contentUrl":"https:\/\/theuncommonshop.ch\/wp-content\/uploads\/2025\/12\/BT29.jpg","width":845,"height":833},{"@type":"BreadcrumbList","@id":"https:\/\/theuncommonshop.ch\/fr\/product\/dragon-ball-super-ultra-bout-series-set-2-bt29-booster-display-2\/#breadcrumb","itemListElement":[{"@type":"ListItem","position":1,"name":"Accueil","item":"https:\/\/theuncommonshop.ch\/fr\/accueil\/"},{"@type":"ListItem","position":2,"name":"Boutique","item":"https:\/\/theuncommonshop.ch\/fr\/boutique\/"},{"@type":"ListItem","position":3,"name":"Weitere Sammelkarten","item":"https:\/\/theuncommonshop.ch\/produktkategorie\/weitere-sammelkarten\/"},{"@type":"ListItem","position":4,"name":"Dragon Ball","item":"https:\/\/theuncommonshop.ch\/produktkategorie\/weitere-sammelkarten\/dragon-ball\/"},{"@type":"ListItem","position":5,"name":"Booster Displays","item":"https:\/\/theuncommonshop.ch\/produktkategorie\/weitere-sammelkarten\/dragon-ball\/dbs-booster-displays\/"},{"@type":"ListItem","position":6,"name":"Dragon Ball Super &#8211; Ultra Bout Series Set 2 (BT29) &#8211; Booster Display"}]},{"@type":"WebSite","@id":"https:\/\/theuncommonshop.ch\/#website","url":"https:\/\/theuncommonshop.ch\/","name":"Largest trading card shop in Switzerland","description":"Magic, Pok\u00e9mon and Yu-gi-oh - The Uncommon Shop","potentialAction":[{"@type":"SearchAction","target":{"@type":"EntryPoint","urlTemplate":"https:\/\/theuncommonshop.ch\/?s={search_term_string}"},"query-input":{"@type":"PropertyValueSpecification","valueRequired":true,"valueName":"search_term_string"}}],"inLanguage":"fr-FR"}]},"og_availability":"instock","product_availability":"instock","product_retailer_item_id":"66041","product_condition":"new"},"_links":{"self":[{"href":"https:\/\/theuncommonshop.ch\/fr\/wp-json\/wp\/v2\/product\/315321","targetHints":{"allow":["GET"]}}],"collection":[{"href":"https:\/\/theuncommonshop.ch\/fr\/wp-json\/wp\/v2\/product"}],"about":[{"href":"https:\/\/theuncommonshop.ch\/fr\/wp-json\/wp\/v2\/types\/product"}],"replies":[{"embeddable":true,"href":"https:\/\/theuncommonshop.ch\/fr\/wp-json\/wp\/v2\/comments?post=315321"}],"version-history":[{"count":2,"href":"https:\/\/theuncommonshop.ch\/fr\/wp-json\/wp\/v2\/product\/315321\/revisions"}],"predecessor-version":[{"id":363365,"href":"https:\/\/theuncommonshop.ch\/fr\/wp-json\/wp\/v2\/product\/315321\/revisions\/363365"}],"wp:featuredmedia":[{"embeddable":true,"href":"https:\/\/theuncommonshop.ch\/fr\/wp-json\/wp\/v2\/media\/363319"}],"wp:attachment":[{"href":"https:\/\/theuncommonshop.ch\/fr\/wp-json\/wp\/v2\/media?parent=315321"}],"wp:term":[{"taxonomy":"product_brand","embeddable":true,"href":"https:\/\/theuncommonshop.ch\/fr\/wp-json\/wp\/v2\/product_brand?post=315321"},{"taxonomy":"product_cat","embeddable":true,"href":"https:\/\/theuncommonshop.ch\/fr\/wp-json\/wp\/v2\/product_cat?post=315321"},{"taxonomy":"product_tag","embeddable":true,"href":"https:\/\/theuncommonshop.ch\/fr\/wp-json\/wp\/v2\/product_tag?post=315321"}],"curies":[{"name":"wp","href":"https:\/\/api.w.org\/{rel}","templated":true}]}}