{"id":315297,"date":"2025-12-30T20:39:25","date_gmt":"2025-12-30T20:39:25","guid":{"rendered":"http:\/\/theuncommonshop.ch\/produkt\/315297\/"},"modified":"2026-03-31T13:08:56","modified_gmt":"2026-03-31T11:08:56","slug":"dragon-ball-super-fusion-world-saiyans-pride-fb08-booster-display-2","status":"publish","type":"product","link":"https:\/\/theuncommonshop.ch\/fr\/product\/dragon-ball-super-fusion-world-saiyans-pride-fb08-booster-display-2\/","title":{"rendered":"Dragon Ball Super &#8211; Fusion World Saiyan&#8217;s Pride (FB08) &#8211; Booster Display"},"content":{"rendered":"<p><strong>Toutes les cartes de leader sont des Saiyans !<\/strong><br \/>\nLes cinq cartes de leader de ce set sont des Saiyans &#8211; un set puissant et th\u00e9matique pour tous les fans de la s\u00e9rie.<\/p>\n<p><strong>Cartes SR (Alt-Art Super Rares) am\u00e9lior\u00e9es !<\/strong><br \/>\nLes cartes SR (versions d&#8217;artwork alternatives des SR) ont \u00e9t\u00e9 consid\u00e9rablement am\u00e9lior\u00e9es &#8211; avec de nouvelles illustrations de style pinceau et des finitions textur\u00e9es \u00e0 la feuille d&#8217;or.<\/p>\n<p><strong>Plus de diversit\u00e9 dans les cartes Alt-Art !<\/strong><br \/>\nCe set contient plus de cartes Alt Art que jamais, y compris des cartes essentielles &#8220;Super Combo&#8221; (5 types au total) et quelques cartes de faible raret\u00e9.<\/p>\n<p><strong>Th\u00e8me central : &#8220;L&#8217;Assembl\u00e9e des Saiyans<\/strong>&#8221;<br \/>\nUn ensemble de personnages Saiyans embl\u00e9matiques &#8211; avec une grande valeur de collection et un fort potentiel d&#8217;utilisation comp\u00e9titive.<\/p>\n<p><strong>Contenu :<\/strong><\/p>\n<ul>\n<li>24 Booster Packs par pr\u00e9sentoir<\/li>\n<li>12 cartes par Booster Packs<\/li>\n<li>125 types de cartes au total<\/li>\n<\/ul>\n","protected":false},"excerpt":{"rendered":"<p>Toutes les cartes de leader sont des Saiyans ! Les cinq cartes de leader de ce set sont des Saiyans<\/p>\n","protected":false},"featured_media":257440,"comment_status":"open","ping_status":"closed","template":"","meta":{"_acf_changed":false},"product_brand":[5100,5160],"product_cat":[9785,10003,9791],"product_tag":[],"class_list":{"0":"post-315297","1":"product","2":"type-product","3":"status-publish","4":"has-post-thumbnail","6":"product_brand-bandai-tcg","7":"product_brand-dragon-ball-card-game","8":"product_cat-autres-cartes-a-collectionner","9":"product_cat-booster-displays-dbs","10":"product_cat-dragon-ball-dbs","12":"first","13":"outofstock","14":"taxable","15":"shipping-taxable","16":"purchasable","17":"product-type-variable"},"acf":[],"yoast_head":"<!-- This site is optimized with the Yoast SEO plugin v27.4 - https:\/\/yoast.com\/product\/yoast-seo-wordpress\/ -->\n<title>Ach\u00e8te Dragon Ball Super - Fusion World Saiyan&#039;s Pride (FB08) - Booster Display<\/title>\n<meta name=\"description\" content=\"Ach\u00e8te Dragon Ball Super - Fusion World Saiyan&#039;s Pride (FB08) - Booster Display en ligne maintenant \u00e0 petit prix! Ton #1 shop pour cartes TCG &amp; Pok\u00e9mon en Suisse \u2713 Livraison gratuite d\u00e8s CHF 29\" \/>\n<meta name=\"robots\" content=\"index, follow, max-snippet:-1, max-image-preview:large, max-video-preview:-1\" \/>\n<link rel=\"canonical\" href=\"https:\/\/theuncommonshop.ch\/fr\/product\/dragon-ball-super-fusion-world-saiyans-pride-fb08-booster-display-2\/\" \/>\n<meta property=\"og:locale\" content=\"fr_FR\" \/>\n<meta property=\"og:type\" content=\"article\" \/>\n<meta property=\"og:title\" content=\"Ach\u00e8te Dragon Ball Super - Fusion World Saiyan&#039;s Pride (FB08) - Booster Display\" \/>\n<meta property=\"og:description\" content=\"Ach\u00e8te Dragon Ball Super - Fusion World Saiyan&#039;s Pride (FB08) - Booster Display en ligne maintenant \u00e0 petit prix! Ton #1 shop pour cartes TCG &amp; Pok\u00e9mon en Suisse \u2713 Livraison gratuite d\u00e8s CHF 29\" \/>\n<meta property=\"og:url\" content=\"https:\/\/theuncommonshop.ch\/fr\/product\/dragon-ball-super-fusion-world-saiyans-pride-fb08-booster-display-2\/\" \/>\n<meta property=\"og:site_name\" content=\"Largest trading card shop in Switzerland\" \/>\n<meta property=\"article:modified_time\" content=\"2026-03-31T11:08:56+00:00\" \/>\n<meta property=\"og:image\" content=\"https:\/\/theuncommonshop.ch\/wp-content\/uploads\/2025\/12\/5449633474.png\" \/>\n\t<meta property=\"og:image:width\" content=\"400\" \/>\n\t<meta property=\"og:image:height\" content=\"400\" \/>\n\t<meta property=\"og:image:type\" content=\"image\/png\" \/>\n<meta name=\"twitter:card\" content=\"summary_large_image\" \/>\n<meta name=\"twitter:label1\" content=\"Disponibilit\u00e9\" \/>\n\t<meta name=\"twitter:data1\" content=\"Rupture de stock\" \/>\n<script type=\"application\/ld+json\" class=\"yoast-schema-graph\">{\"@context\":\"https:\\\/\\\/schema.org\",\"@graph\":[{\"@type\":\"WebPage\",\"@id\":\"https:\\\/\\\/theuncommonshop.ch\\\/fr\\\/product\\\/dragon-ball-super-fusion-world-saiyans-pride-fb08-booster-display-2\\\/\",\"url\":\"https:\\\/\\\/theuncommonshop.ch\\\/fr\\\/product\\\/dragon-ball-super-fusion-world-saiyans-pride-fb08-booster-display-2\\\/\",\"name\":\"Ach\u00e8te Dragon Ball Super - Fusion World Saiyan's Pride (FB08) - Booster Display\",\"isPartOf\":{\"@id\":\"https:\\\/\\\/theuncommonshop.ch\\\/#website\"},\"primaryImageOfPage\":{\"@id\":\"https:\\\/\\\/theuncommonshop.ch\\\/fr\\\/product\\\/dragon-ball-super-fusion-world-saiyans-pride-fb08-booster-display-2\\\/#primaryimage\"},\"image\":{\"@id\":\"https:\\\/\\\/theuncommonshop.ch\\\/fr\\\/product\\\/dragon-ball-super-fusion-world-saiyans-pride-fb08-booster-display-2\\\/#primaryimage\"},\"thumbnailUrl\":\"https:\\\/\\\/theuncommonshop.ch\\\/wp-content\\\/uploads\\\/2025\\\/12\\\/5449633474.png\",\"datePublished\":\"2025-12-30T20:39:25+00:00\",\"dateModified\":\"2026-03-31T11:08:56+00:00\",\"description\":\"Ach\u00e8te Dragon Ball Super - Fusion World Saiyan's Pride (FB08) - Booster Display en ligne maintenant \u00e0 petit prix! Ton #1 shop pour cartes TCG & Pok\u00e9mon en Suisse \u2713 Livraison gratuite d\u00e8s CHF 29\",\"breadcrumb\":{\"@id\":\"https:\\\/\\\/theuncommonshop.ch\\\/fr\\\/product\\\/dragon-ball-super-fusion-world-saiyans-pride-fb08-booster-display-2\\\/#breadcrumb\"},\"inLanguage\":\"fr-FR\",\"potentialAction\":[{\"@type\":\"ReadAction\",\"target\":[\"https:\\\/\\\/theuncommonshop.ch\\\/fr\\\/product\\\/dragon-ball-super-fusion-world-saiyans-pride-fb08-booster-display-2\\\/\"]}]},{\"@type\":\"ImageObject\",\"inLanguage\":\"fr-FR\",\"@id\":\"https:\\\/\\\/theuncommonshop.ch\\\/fr\\\/product\\\/dragon-ball-super-fusion-world-saiyans-pride-fb08-booster-display-2\\\/#primaryimage\",\"url\":\"https:\\\/\\\/theuncommonshop.ch\\\/wp-content\\\/uploads\\\/2025\\\/12\\\/5449633474.png\",\"contentUrl\":\"https:\\\/\\\/theuncommonshop.ch\\\/wp-content\\\/uploads\\\/2025\\\/12\\\/5449633474.png\",\"width\":400,\"height\":400},{\"@type\":\"BreadcrumbList\",\"@id\":\"https:\\\/\\\/theuncommonshop.ch\\\/fr\\\/product\\\/dragon-ball-super-fusion-world-saiyans-pride-fb08-booster-display-2\\\/#breadcrumb\",\"itemListElement\":[{\"@type\":\"ListItem\",\"position\":1,\"name\":\"Accueil\",\"item\":\"https:\\\/\\\/theuncommonshop.ch\\\/fr\\\/accueil\\\/\"},{\"@type\":\"ListItem\",\"position\":2,\"name\":\"Boutique\",\"item\":\"https:\\\/\\\/theuncommonshop.ch\\\/fr\\\/boutique\\\/\"},{\"@type\":\"ListItem\",\"position\":3,\"name\":\"Weitere Sammelkarten\",\"item\":\"https:\\\/\\\/theuncommonshop.ch\\\/produktkategorie\\\/weitere-sammelkarten\\\/\"},{\"@type\":\"ListItem\",\"position\":4,\"name\":\"Dragon Ball\",\"item\":\"https:\\\/\\\/theuncommonshop.ch\\\/produktkategorie\\\/weitere-sammelkarten\\\/dragon-ball\\\/\"},{\"@type\":\"ListItem\",\"position\":5,\"name\":\"Booster Displays\",\"item\":\"https:\\\/\\\/theuncommonshop.ch\\\/produktkategorie\\\/weitere-sammelkarten\\\/dragon-ball\\\/dbs-booster-displays\\\/\"},{\"@type\":\"ListItem\",\"position\":6,\"name\":\"Dragon Ball Super &#8211; Fusion World Saiyan&#8217;s Pride (FB08) &#8211; Booster Display\"}]},{\"@type\":\"WebSite\",\"@id\":\"https:\\\/\\\/theuncommonshop.ch\\\/#website\",\"url\":\"https:\\\/\\\/theuncommonshop.ch\\\/\",\"name\":\"Largest trading card shop in Switzerland\",\"description\":\"Magic, Pok\u00e9mon and Yu-gi-oh - The Uncommon Shop\",\"potentialAction\":[{\"@type\":\"SearchAction\",\"target\":{\"@type\":\"EntryPoint\",\"urlTemplate\":\"https:\\\/\\\/theuncommonshop.ch\\\/?s={search_term_string}\"},\"query-input\":{\"@type\":\"PropertyValueSpecification\",\"valueRequired\":true,\"valueName\":\"search_term_string\"}}],\"inLanguage\":\"fr-FR\"}]}<\/script>\n<meta property=\"og:availability\" content=\"out of stock\" \/>\n<meta property=\"product:availability\" content=\"out of stock\" \/>\n<meta property=\"product:retailer_item_id\" content=\"DBS.SHOP.FUWorFB08Dis.EN\" \/>\n<meta property=\"product:condition\" content=\"new\" \/>\n<!-- \/ Yoast SEO plugin. -->","yoast_head_json":{"title":"Ach\u00e8te Dragon Ball Super - Fusion World Saiyan's Pride (FB08) - Booster Display","description":"Ach\u00e8te Dragon Ball Super - Fusion World Saiyan's Pride (FB08) - Booster Display en ligne maintenant \u00e0 petit prix! Ton #1 shop pour cartes TCG & Pok\u00e9mon en Suisse \u2713 Livraison gratuite d\u00e8s CHF 29","robots":{"index":"index","follow":"follow","max-snippet":"max-snippet:-1","max-image-preview":"max-image-preview:large","max-video-preview":"max-video-preview:-1"},"canonical":"https:\/\/theuncommonshop.ch\/fr\/product\/dragon-ball-super-fusion-world-saiyans-pride-fb08-booster-display-2\/","og_locale":"fr_FR","og_type":"article","og_title":"Ach\u00e8te Dragon Ball Super - Fusion World Saiyan's Pride (FB08) - Booster Display","og_description":"Ach\u00e8te Dragon Ball Super - Fusion World Saiyan's Pride (FB08) - Booster Display en ligne maintenant \u00e0 petit prix! Ton #1 shop pour cartes TCG & Pok\u00e9mon en Suisse \u2713 Livraison gratuite d\u00e8s CHF 29","og_url":"https:\/\/theuncommonshop.ch\/fr\/product\/dragon-ball-super-fusion-world-saiyans-pride-fb08-booster-display-2\/","og_site_name":"Largest trading card shop in Switzerland","article_modified_time":"2026-03-31T11:08:56+00:00","og_image":[{"width":400,"height":400,"url":"https:\/\/theuncommonshop.ch\/wp-content\/uploads\/2025\/12\/5449633474.png","type":"image\/png"}],"twitter_card":"summary_large_image","twitter_misc":{"Disponibilit\u00e9":"Rupture de stock"},"schema":{"@context":"https:\/\/schema.org","@graph":[{"@type":"WebPage","@id":"https:\/\/theuncommonshop.ch\/fr\/product\/dragon-ball-super-fusion-world-saiyans-pride-fb08-booster-display-2\/","url":"https:\/\/theuncommonshop.ch\/fr\/product\/dragon-ball-super-fusion-world-saiyans-pride-fb08-booster-display-2\/","name":"Ach\u00e8te Dragon Ball Super - Fusion World Saiyan's Pride (FB08) - Booster Display","isPartOf":{"@id":"https:\/\/theuncommonshop.ch\/#website"},"primaryImageOfPage":{"@id":"https:\/\/theuncommonshop.ch\/fr\/product\/dragon-ball-super-fusion-world-saiyans-pride-fb08-booster-display-2\/#primaryimage"},"image":{"@id":"https:\/\/theuncommonshop.ch\/fr\/product\/dragon-ball-super-fusion-world-saiyans-pride-fb08-booster-display-2\/#primaryimage"},"thumbnailUrl":"https:\/\/theuncommonshop.ch\/wp-content\/uploads\/2025\/12\/5449633474.png","datePublished":"2025-12-30T20:39:25+00:00","dateModified":"2026-03-31T11:08:56+00:00","description":"Ach\u00e8te Dragon Ball Super - Fusion World Saiyan's Pride (FB08) - Booster Display en ligne maintenant \u00e0 petit prix! Ton #1 shop pour cartes TCG & Pok\u00e9mon en Suisse \u2713 Livraison gratuite d\u00e8s CHF 29","breadcrumb":{"@id":"https:\/\/theuncommonshop.ch\/fr\/product\/dragon-ball-super-fusion-world-saiyans-pride-fb08-booster-display-2\/#breadcrumb"},"inLanguage":"fr-FR","potentialAction":[{"@type":"ReadAction","target":["https:\/\/theuncommonshop.ch\/fr\/product\/dragon-ball-super-fusion-world-saiyans-pride-fb08-booster-display-2\/"]}]},{"@type":"ImageObject","inLanguage":"fr-FR","@id":"https:\/\/theuncommonshop.ch\/fr\/product\/dragon-ball-super-fusion-world-saiyans-pride-fb08-booster-display-2\/#primaryimage","url":"https:\/\/theuncommonshop.ch\/wp-content\/uploads\/2025\/12\/5449633474.png","contentUrl":"https:\/\/theuncommonshop.ch\/wp-content\/uploads\/2025\/12\/5449633474.png","width":400,"height":400},{"@type":"BreadcrumbList","@id":"https:\/\/theuncommonshop.ch\/fr\/product\/dragon-ball-super-fusion-world-saiyans-pride-fb08-booster-display-2\/#breadcrumb","itemListElement":[{"@type":"ListItem","position":1,"name":"Accueil","item":"https:\/\/theuncommonshop.ch\/fr\/accueil\/"},{"@type":"ListItem","position":2,"name":"Boutique","item":"https:\/\/theuncommonshop.ch\/fr\/boutique\/"},{"@type":"ListItem","position":3,"name":"Weitere Sammelkarten","item":"https:\/\/theuncommonshop.ch\/produktkategorie\/weitere-sammelkarten\/"},{"@type":"ListItem","position":4,"name":"Dragon Ball","item":"https:\/\/theuncommonshop.ch\/produktkategorie\/weitere-sammelkarten\/dragon-ball\/"},{"@type":"ListItem","position":5,"name":"Booster Displays","item":"https:\/\/theuncommonshop.ch\/produktkategorie\/weitere-sammelkarten\/dragon-ball\/dbs-booster-displays\/"},{"@type":"ListItem","position":6,"name":"Dragon Ball Super &#8211; Fusion World Saiyan&#8217;s Pride (FB08) &#8211; Booster Display"}]},{"@type":"WebSite","@id":"https:\/\/theuncommonshop.ch\/#website","url":"https:\/\/theuncommonshop.ch\/","name":"Largest trading card shop in Switzerland","description":"Magic, Pok\u00e9mon and Yu-gi-oh - The Uncommon Shop","potentialAction":[{"@type":"SearchAction","target":{"@type":"EntryPoint","urlTemplate":"https:\/\/theuncommonshop.ch\/?s={search_term_string}"},"query-input":{"@type":"PropertyValueSpecification","valueRequired":true,"valueName":"search_term_string"}}],"inLanguage":"fr-FR"}]},"og_availability":"out of stock","product_availability":"out of stock","product_retailer_item_id":"DBS.SHOP.FUWorFB08Dis.EN","product_condition":"new"},"_links":{"self":[{"href":"https:\/\/theuncommonshop.ch\/fr\/wp-json\/wp\/v2\/product\/315297","targetHints":{"allow":["GET"]}}],"collection":[{"href":"https:\/\/theuncommonshop.ch\/fr\/wp-json\/wp\/v2\/product"}],"about":[{"href":"https:\/\/theuncommonshop.ch\/fr\/wp-json\/wp\/v2\/types\/product"}],"replies":[{"embeddable":true,"href":"https:\/\/theuncommonshop.ch\/fr\/wp-json\/wp\/v2\/comments?post=315297"}],"version-history":[{"count":1,"href":"https:\/\/theuncommonshop.ch\/fr\/wp-json\/wp\/v2\/product\/315297\/revisions"}],"predecessor-version":[{"id":315302,"href":"https:\/\/theuncommonshop.ch\/fr\/wp-json\/wp\/v2\/product\/315297\/revisions\/315302"}],"wp:featuredmedia":[{"embeddable":true,"href":"https:\/\/theuncommonshop.ch\/fr\/wp-json\/wp\/v2\/media\/257440"}],"wp:attachment":[{"href":"https:\/\/theuncommonshop.ch\/fr\/wp-json\/wp\/v2\/media?parent=315297"}],"wp:term":[{"taxonomy":"product_brand","embeddable":true,"href":"https:\/\/theuncommonshop.ch\/fr\/wp-json\/wp\/v2\/product_brand?post=315297"},{"taxonomy":"product_cat","embeddable":true,"href":"https:\/\/theuncommonshop.ch\/fr\/wp-json\/wp\/v2\/product_cat?post=315297"},{"taxonomy":"product_tag","embeddable":true,"href":"https:\/\/theuncommonshop.ch\/fr\/wp-json\/wp\/v2\/product_tag?post=315297"}],"curies":[{"name":"wp","href":"https:\/\/api.w.org\/{rel}","templated":true}]}}