{"id":315208,"date":"2025-12-30T19:59:49","date_gmt":"2025-12-30T19:59:49","guid":{"rendered":"http:\/\/theuncommonshop.ch\/produkt\/315208\/"},"modified":"2026-03-08T22:52:09","modified_gmt":"2026-03-08T21:52:09","slug":"pokemon-plueschfigur-squishmallow-wampitz-50-cm-2","status":"publish","type":"product","link":"https:\/\/theuncommonshop.ch\/fr\/product\/pokemon-plueschfigur-squishmallow-wampitz-50-cm-2\/","title":{"rendered":"Pokemon &#8211; Pl\u00fcschfigur &#8211; Squishmallow Wampitz &#8211; 50 cm"},"content":{"rendered":"<p>Les Squishmallows rassemblent les gens du monde entier autour de leurs personnalit\u00e9s douces et color\u00e9es, tout en offrant des moments de tendresse \u00e0 partager avec tout le monde. Les Squishmallows sont d&#8217;excellents amis \u00e0 c\u00e2liner, objets \u00e0 collectionner, compagnons de canap\u00e9, coussins, animaux de compagnie, compagnons de voyage ou amis dans les moments de d\u00e9tresse. Chacun des innombrables Squishmallows a sa propre personnalit\u00e9 individuelle, ce qui les rend encore plus pr\u00e9cieux pour leur nouvel ami humain. Ils sont faits d&#8217;une texture super douce avec des fibres de polyester de haute qualit\u00e9 &#8211; vous n&#8217;avez jamais rien eu d&#8217;aussi doux entre vos mains !   <\/p>\n<div><\/div>\n","protected":false},"excerpt":{"rendered":"<p>Les Squishmallows rassemblent les gens du monde entier autour de leurs personnalit\u00e9s douces et color\u00e9es, tout en offrant des moments<\/p>\n","protected":false},"featured_media":256271,"comment_status":"open","ping_status":"closed","template":"","meta":{"_acf_changed":false},"product_brand":[5106,5114,5072],"product_cat":[9901,9903,10151,9825,9777],"product_tag":[],"class_list":{"0":"post-315208","1":"product","2":"type-product","3":"status-publish","4":"has-post-thumbnail","6":"product_brand-jazwares","7":"product_brand-pokemon","8":"product_brand-the-pokemon-company","9":"product_cat-jouets","10":"product_cat-peluches","11":"product_cat-peluches-pokemon","12":"product_cat-peluches-et-figurines","13":"product_cat-pokemon-fr","15":"first","16":"instock","17":"taxable","18":"shipping-taxable","19":"purchasable","20":"product-type-simple"},"acf":[],"yoast_head":"<!-- This site is optimized with the Yoast SEO plugin v27.4 - https:\/\/yoast.com\/product\/yoast-seo-wordpress\/ -->\n<title>Ach\u00e8te Pokemon - Pl\u00fcschfigur - Squishmallow Wampitz - 50 cm<\/title>\n<meta name=\"description\" content=\"Ach\u00e8te Pokemon - Pl\u00fcschfigur - Squishmallow Wampitz - 50 cm en ligne maintenant \u00e0 petit prix! Ton #1 shop pour cartes TCG &amp; Pok\u00e9mon en Suisse \u2713 Livraison gratuite d\u00e8s CHF 29\" \/>\n<meta name=\"robots\" content=\"index, follow, max-snippet:-1, max-image-preview:large, max-video-preview:-1\" \/>\n<link rel=\"canonical\" href=\"https:\/\/theuncommonshop.ch\/fr\/product\/pokemon-plueschfigur-squishmallow-wampitz-50-cm-2\/\" \/>\n<meta property=\"og:locale\" content=\"fr_FR\" \/>\n<meta property=\"og:type\" content=\"article\" \/>\n<meta property=\"og:title\" content=\"Ach\u00e8te Pokemon - Pl\u00fcschfigur - Squishmallow Wampitz - 50 cm\" \/>\n<meta property=\"og:description\" content=\"Ach\u00e8te Pokemon - Pl\u00fcschfigur - Squishmallow Wampitz - 50 cm en ligne maintenant \u00e0 petit prix! Ton #1 shop pour cartes TCG &amp; Pok\u00e9mon en Suisse \u2713 Livraison gratuite d\u00e8s CHF 29\" \/>\n<meta property=\"og:url\" content=\"https:\/\/theuncommonshop.ch\/fr\/product\/pokemon-plueschfigur-squishmallow-wampitz-50-cm-2\/\" \/>\n<meta property=\"og:site_name\" content=\"The Uncommon Shop\" \/>\n<meta property=\"article:modified_time\" content=\"2026-03-08T21:52:09+00:00\" \/>\n<meta property=\"og:image\" content=\"https:\/\/theuncommonshop.ch\/wp-content\/uploads\/2025\/12\/5000624725.jpg\" \/>\n\t<meta property=\"og:image:width\" content=\"1000\" \/>\n\t<meta property=\"og:image:height\" content=\"1000\" \/>\n\t<meta property=\"og:image:type\" content=\"image\/jpeg\" \/>\n<meta name=\"twitter:card\" content=\"summary_large_image\" \/>\n<meta name=\"twitter:label1\" content=\"Prix\" \/>\n\t<meta name=\"twitter:data1\" content=\"&#067;&#072;&#070;&nbsp;79.90\" \/>\n\t<meta name=\"twitter:label2\" content=\"Disponibilit\u00e9\" \/>\n\t<meta name=\"twitter:data2\" content=\"En stock\" \/>\n<script type=\"application\/ld+json\" class=\"yoast-schema-graph\">{\"@context\":\"https:\\\/\\\/schema.org\",\"@graph\":[{\"@type\":\"WebPage\",\"@id\":\"https:\\\/\\\/theuncommonshop.ch\\\/fr\\\/product\\\/pokemon-plueschfigur-squishmallow-wampitz-50-cm-2\\\/\",\"url\":\"https:\\\/\\\/theuncommonshop.ch\\\/fr\\\/product\\\/pokemon-plueschfigur-squishmallow-wampitz-50-cm-2\\\/\",\"name\":\"Ach\u00e8te Pokemon - Pl\u00fcschfigur - Squishmallow Wampitz - 50 cm\",\"isPartOf\":{\"@id\":\"https:\\\/\\\/theuncommonshop.ch\\\/fr\\\/#website\"},\"primaryImageOfPage\":{\"@id\":\"https:\\\/\\\/theuncommonshop.ch\\\/fr\\\/product\\\/pokemon-plueschfigur-squishmallow-wampitz-50-cm-2\\\/#primaryimage\"},\"image\":{\"@id\":\"https:\\\/\\\/theuncommonshop.ch\\\/fr\\\/product\\\/pokemon-plueschfigur-squishmallow-wampitz-50-cm-2\\\/#primaryimage\"},\"thumbnailUrl\":\"https:\\\/\\\/theuncommonshop.ch\\\/wp-content\\\/uploads\\\/2025\\\/12\\\/5000624725.jpg\",\"datePublished\":\"2025-12-30T19:59:49+00:00\",\"dateModified\":\"2026-03-08T21:52:09+00:00\",\"description\":\"Ach\u00e8te Pokemon - Pl\u00fcschfigur - Squishmallow Wampitz - 50 cm en ligne maintenant \u00e0 petit prix! Ton #1 shop pour cartes TCG & Pok\u00e9mon en Suisse \u2713 Livraison gratuite d\u00e8s CHF 29\",\"breadcrumb\":{\"@id\":\"https:\\\/\\\/theuncommonshop.ch\\\/fr\\\/product\\\/pokemon-plueschfigur-squishmallow-wampitz-50-cm-2\\\/#breadcrumb\"},\"inLanguage\":\"fr-FR\",\"potentialAction\":[{\"@type\":\"ReadAction\",\"target\":[\"https:\\\/\\\/theuncommonshop.ch\\\/fr\\\/product\\\/pokemon-plueschfigur-squishmallow-wampitz-50-cm-2\\\/\"]}]},{\"@type\":\"ImageObject\",\"inLanguage\":\"fr-FR\",\"@id\":\"https:\\\/\\\/theuncommonshop.ch\\\/fr\\\/product\\\/pokemon-plueschfigur-squishmallow-wampitz-50-cm-2\\\/#primaryimage\",\"url\":\"https:\\\/\\\/theuncommonshop.ch\\\/wp-content\\\/uploads\\\/2025\\\/12\\\/5000624725.jpg\",\"contentUrl\":\"https:\\\/\\\/theuncommonshop.ch\\\/wp-content\\\/uploads\\\/2025\\\/12\\\/5000624725.jpg\",\"width\":1000,\"height\":1000},{\"@type\":\"BreadcrumbList\",\"@id\":\"https:\\\/\\\/theuncommonshop.ch\\\/fr\\\/product\\\/pokemon-plueschfigur-squishmallow-wampitz-50-cm-2\\\/#breadcrumb\",\"itemListElement\":[{\"@type\":\"ListItem\",\"position\":1,\"name\":\"Accueil\",\"item\":\"https:\\\/\\\/theuncommonshop.ch\\\/fr\\\/accueil\\\/\"},{\"@type\":\"ListItem\",\"position\":2,\"name\":\"Boutique\",\"item\":\"https:\\\/\\\/theuncommonshop.ch\\\/fr\\\/boutique\\\/\"},{\"@type\":\"ListItem\",\"position\":3,\"name\":\"Pok\u00e9mon\",\"item\":\"https:\\\/\\\/theuncommonshop.ch\\\/fr\\\/categorie-produit\\\/pokemon-fr\\\/\"},{\"@type\":\"ListItem\",\"position\":4,\"name\":\"Peluches et figurines\",\"item\":\"https:\\\/\\\/theuncommonshop.ch\\\/fr\\\/categorie-produit\\\/pokemon-fr\\\/peluches-et-figurines\\\/\"},{\"@type\":\"ListItem\",\"position\":5,\"name\":\"Peluches\",\"item\":\"https:\\\/\\\/theuncommonshop.ch\\\/fr\\\/categorie-produit\\\/pokemon-fr\\\/peluches-et-figurines\\\/peluches-pokemon\\\/\"},{\"@type\":\"ListItem\",\"position\":6,\"name\":\"Pokemon &#8211; Pl\u00fcschfigur &#8211; Squishmallow Wampitz &#8211; 50 cm\"}]},{\"@type\":\"WebSite\",\"@id\":\"https:\\\/\\\/theuncommonshop.ch\\\/fr\\\/#website\",\"url\":\"https:\\\/\\\/theuncommonshop.ch\\\/fr\\\/\",\"name\":\"The Uncommon Shop\",\"description\":\"Magic, Pok\u00e9mon and Yu-gi-oh - The Uncommon Shop\",\"potentialAction\":[{\"@type\":\"SearchAction\",\"target\":{\"@type\":\"EntryPoint\",\"urlTemplate\":\"https:\\\/\\\/theuncommonshop.ch\\\/fr\\\/?s={search_term_string}\"},\"query-input\":{\"@type\":\"PropertyValueSpecification\",\"valueRequired\":true,\"valueName\":\"search_term_string\"}}],\"inLanguage\":\"fr-FR\"}]}<\/script>\n<meta property=\"product:price:amount\" content=\"79.90\" \/>\n<meta property=\"product:price:currency\" content=\"CHF\" \/>\n<meta property=\"og:availability\" content=\"instock\" \/>\n<meta property=\"product:availability\" content=\"instock\" \/>\n<meta property=\"product:retailer_item_id\" content=\"ZU.IX.A.SquishmallowWampitz.50cm\" \/>\n<meta property=\"product:condition\" content=\"new\" \/>\n<!-- \/ Yoast SEO plugin. -->","yoast_head_json":{"title":"Ach\u00e8te Pokemon - Pl\u00fcschfigur - Squishmallow Wampitz - 50 cm","description":"Ach\u00e8te Pokemon - Pl\u00fcschfigur - Squishmallow Wampitz - 50 cm en ligne maintenant \u00e0 petit prix! Ton #1 shop pour cartes TCG & Pok\u00e9mon en Suisse \u2713 Livraison gratuite d\u00e8s CHF 29","robots":{"index":"index","follow":"follow","max-snippet":"max-snippet:-1","max-image-preview":"max-image-preview:large","max-video-preview":"max-video-preview:-1"},"canonical":"https:\/\/theuncommonshop.ch\/fr\/product\/pokemon-plueschfigur-squishmallow-wampitz-50-cm-2\/","og_locale":"fr_FR","og_type":"article","og_title":"Ach\u00e8te Pokemon - Pl\u00fcschfigur - Squishmallow Wampitz - 50 cm","og_description":"Ach\u00e8te Pokemon - Pl\u00fcschfigur - Squishmallow Wampitz - 50 cm en ligne maintenant \u00e0 petit prix! Ton #1 shop pour cartes TCG & Pok\u00e9mon en Suisse \u2713 Livraison gratuite d\u00e8s CHF 29","og_url":"https:\/\/theuncommonshop.ch\/fr\/product\/pokemon-plueschfigur-squishmallow-wampitz-50-cm-2\/","og_site_name":"The Uncommon Shop","article_modified_time":"2026-03-08T21:52:09+00:00","og_image":[{"width":1000,"height":1000,"url":"https:\/\/theuncommonshop.ch\/wp-content\/uploads\/2025\/12\/5000624725.jpg","type":"image\/jpeg"}],"twitter_card":"summary_large_image","twitter_misc":{"Prix":"&#67;&#72;&#70;&nbsp;79.90","Disponibilit\u00e9":"En stock"},"schema":{"@context":"https:\/\/schema.org","@graph":[{"@type":"WebPage","@id":"https:\/\/theuncommonshop.ch\/fr\/product\/pokemon-plueschfigur-squishmallow-wampitz-50-cm-2\/","url":"https:\/\/theuncommonshop.ch\/fr\/product\/pokemon-plueschfigur-squishmallow-wampitz-50-cm-2\/","name":"Ach\u00e8te Pokemon - Pl\u00fcschfigur - Squishmallow Wampitz - 50 cm","isPartOf":{"@id":"https:\/\/theuncommonshop.ch\/fr\/#website"},"primaryImageOfPage":{"@id":"https:\/\/theuncommonshop.ch\/fr\/product\/pokemon-plueschfigur-squishmallow-wampitz-50-cm-2\/#primaryimage"},"image":{"@id":"https:\/\/theuncommonshop.ch\/fr\/product\/pokemon-plueschfigur-squishmallow-wampitz-50-cm-2\/#primaryimage"},"thumbnailUrl":"https:\/\/theuncommonshop.ch\/wp-content\/uploads\/2025\/12\/5000624725.jpg","datePublished":"2025-12-30T19:59:49+00:00","dateModified":"2026-03-08T21:52:09+00:00","description":"Ach\u00e8te Pokemon - Pl\u00fcschfigur - Squishmallow Wampitz - 50 cm en ligne maintenant \u00e0 petit prix! Ton #1 shop pour cartes TCG & Pok\u00e9mon en Suisse \u2713 Livraison gratuite d\u00e8s CHF 29","breadcrumb":{"@id":"https:\/\/theuncommonshop.ch\/fr\/product\/pokemon-plueschfigur-squishmallow-wampitz-50-cm-2\/#breadcrumb"},"inLanguage":"fr-FR","potentialAction":[{"@type":"ReadAction","target":["https:\/\/theuncommonshop.ch\/fr\/product\/pokemon-plueschfigur-squishmallow-wampitz-50-cm-2\/"]}]},{"@type":"ImageObject","inLanguage":"fr-FR","@id":"https:\/\/theuncommonshop.ch\/fr\/product\/pokemon-plueschfigur-squishmallow-wampitz-50-cm-2\/#primaryimage","url":"https:\/\/theuncommonshop.ch\/wp-content\/uploads\/2025\/12\/5000624725.jpg","contentUrl":"https:\/\/theuncommonshop.ch\/wp-content\/uploads\/2025\/12\/5000624725.jpg","width":1000,"height":1000},{"@type":"BreadcrumbList","@id":"https:\/\/theuncommonshop.ch\/fr\/product\/pokemon-plueschfigur-squishmallow-wampitz-50-cm-2\/#breadcrumb","itemListElement":[{"@type":"ListItem","position":1,"name":"Accueil","item":"https:\/\/theuncommonshop.ch\/fr\/accueil\/"},{"@type":"ListItem","position":2,"name":"Boutique","item":"https:\/\/theuncommonshop.ch\/fr\/boutique\/"},{"@type":"ListItem","position":3,"name":"Pok\u00e9mon","item":"https:\/\/theuncommonshop.ch\/fr\/categorie-produit\/pokemon-fr\/"},{"@type":"ListItem","position":4,"name":"Peluches et figurines","item":"https:\/\/theuncommonshop.ch\/fr\/categorie-produit\/pokemon-fr\/peluches-et-figurines\/"},{"@type":"ListItem","position":5,"name":"Peluches","item":"https:\/\/theuncommonshop.ch\/fr\/categorie-produit\/pokemon-fr\/peluches-et-figurines\/peluches-pokemon\/"},{"@type":"ListItem","position":6,"name":"Pokemon &#8211; Pl\u00fcschfigur &#8211; Squishmallow Wampitz &#8211; 50 cm"}]},{"@type":"WebSite","@id":"https:\/\/theuncommonshop.ch\/fr\/#website","url":"https:\/\/theuncommonshop.ch\/fr\/","name":"The Uncommon Shop","description":"Magic, Pok\u00e9mon and Yu-gi-oh - The Uncommon Shop","potentialAction":[{"@type":"SearchAction","target":{"@type":"EntryPoint","urlTemplate":"https:\/\/theuncommonshop.ch\/fr\/?s={search_term_string}"},"query-input":{"@type":"PropertyValueSpecification","valueRequired":true,"valueName":"search_term_string"}}],"inLanguage":"fr-FR"}]},"product_price_amount":"79.90","product_price_currency":"CHF","og_availability":"instock","product_availability":"instock","product_retailer_item_id":"ZU.IX.A.SquishmallowWampitz.50cm","product_condition":"new"},"_links":{"self":[{"href":"https:\/\/theuncommonshop.ch\/fr\/wp-json\/wp\/v2\/product\/315208","targetHints":{"allow":["GET"]}}],"collection":[{"href":"https:\/\/theuncommonshop.ch\/fr\/wp-json\/wp\/v2\/product"}],"about":[{"href":"https:\/\/theuncommonshop.ch\/fr\/wp-json\/wp\/v2\/types\/product"}],"replies":[{"embeddable":true,"href":"https:\/\/theuncommonshop.ch\/fr\/wp-json\/wp\/v2\/comments?post=315208"}],"version-history":[{"count":0,"href":"https:\/\/theuncommonshop.ch\/fr\/wp-json\/wp\/v2\/product\/315208\/revisions"}],"wp:featuredmedia":[{"embeddable":true,"href":"https:\/\/theuncommonshop.ch\/fr\/wp-json\/wp\/v2\/media\/256271"}],"wp:attachment":[{"href":"https:\/\/theuncommonshop.ch\/fr\/wp-json\/wp\/v2\/media?parent=315208"}],"wp:term":[{"taxonomy":"product_brand","embeddable":true,"href":"https:\/\/theuncommonshop.ch\/fr\/wp-json\/wp\/v2\/product_brand?post=315208"},{"taxonomy":"product_cat","embeddable":true,"href":"https:\/\/theuncommonshop.ch\/fr\/wp-json\/wp\/v2\/product_cat?post=315208"},{"taxonomy":"product_tag","embeddable":true,"href":"https:\/\/theuncommonshop.ch\/fr\/wp-json\/wp\/v2\/product_tag?post=315208"}],"curies":[{"name":"wp","href":"https:\/\/api.w.org\/{rel}","templated":true}]}}