{"id":315090,"date":"2025-12-30T19:36:06","date_gmt":"2025-12-30T18:36:06","guid":{"rendered":"http:\/\/theuncommonshop.ch\/?post_type=product&#038;p=315090"},"modified":"2026-03-29T14:32:41","modified_gmt":"2026-03-29T12:32:41","slug":"yu-gi-oh-yugis-legendary-decks-2","status":"publish","type":"product","link":"https:\/\/theuncommonshop.ch\/fr\/product\/yu-gi-oh-yugis-legendary-decks-2\/","title":{"rendered":"Yu-Gi-Oh ! &#8211; Legendary Decks UNLIMITED"},"content":{"rendered":"<p><strong>Yu-Gi-Oh ! Les Legendary Decks de Yugi (Reprint 2021)<\/strong><\/p>\n<p>Cette ann\u00e9e, pour les f\u00eates de fin d&#8217;ann\u00e9e, les fans de Yu-Gi-Oh ! pourront d\u00e9couvrir les aventures du premier duelliste ! King of Games &#8211; Yugi&#8217;s Legendary Decks contient trois decks diff\u00e9rents utilis\u00e9s par le &#8220;Roi des Jeux&#8221; en personne, ainsi que quelques Foil uniques \u00e0 collectionner, le tout dans une magnifique bo\u00eete de collection !  <\/p>\n<p>Les joueurs peuvent d\u00e9sormais revivre les intrigues inoubliables du Royaume des Duellistes et de Battle City, avec des decks qui ont aid\u00e9 Yugi \u00e0 vaincre ses rivaux, \u00e0 lib\u00e9rer son grand-p\u00e8re de l&#8217;emprise de P\u00e9gase, \u00e0 pr\u00e9server l&#8217;h\u00e9ritage du pharaon ou \u00e0 sauver le monde des plans m\u00e9galomaniaques de Marik !<\/p>\n<p>Rempli \u00e0 ras bord de cartes grandioses comme le Soldat Noir Brillant, les cinq parties d&#8217;Exodia, l&#8217;Interdite, Valkyrion, le Guerrier Magn\u00e9tique ou l&#8217;\u00e9dition &#8220;rouge&#8221; du Mage Noir, King of Games &#8211; Yugi&#8217;s Legendary Decks est un point fort pour les duellistes nouveaux et exp\u00e9riment\u00e9s.<\/p>\n<p><strong>Chaque bo\u00eete contient :<\/strong><\/p>\n<ul>\n<li><strong>Un deck de 41 cartes<\/strong> que Yugi a utilis\u00e9 dans la premi\u00e8re saison de la s\u00e9rie t\u00e9l\u00e9vis\u00e9e originale Yu-Gi-Oh !, notamment lors de son premier duel avec Seto Kaiba et lors de ses aventures au Royaume des Duellistes. <\/li>\n<li><strong>Un deck de 41 cartes<\/strong> utilis\u00e9 par Yugi lors de ses duels dans l&#8217;intrigue Battle City des deuxi\u00e8me et troisi\u00e8me saisons de la s\u00e9rie t\u00e9l\u00e9vis\u00e9e originale Yu-Gi-Oh !, y compris l&#8217;\u00e9dition &#8220;rouge&#8221; d\u00e9j\u00e0 tr\u00e8s attendue du Mage Noir ! <\/li>\n<li><strong>Un deck de 41 cartes<\/strong> utilis\u00e9 par Yugi lui-m\u00eame lors de son duel final avec le pharaon, avec de nombreux appareils et monstres de la s\u00e9rie &#8220;Silencieux&#8221;.<\/li>\n<li><strong>3 toutes nouvelles cartes Secret Rare :<\/strong> Tortue \u00e9lectromagn\u00e9tique, Renouveau obscur et Illusion obscure.<\/li>\n<li><strong>3 cartes souvenirs Ultra Rares (\u00e0 collectionner uniquement) :<\/strong> Voyage au royaume, Royaume des duellistes et La Gloire de la main droite du roi<\/li>\n<li><strong>3 cartes de dieux \u00e9gyptiens Ultra Rares (non jouables, uniquement \u00e0 des fins de collection) :<\/strong> Slifer le Dragon c\u00e9leste, Obelisk le Peintre et Le Dragon ail\u00e9 de R\u00e2.<\/li>\n<li><strong>1 carte de marqueur Ultra Rares &#8220;Yugi&#8221;.<\/strong><\/li>\n<\/ul>\n<div><\/div>\n<p>&nbsp;<\/p>\n","protected":false},"excerpt":{"rendered":"<p>Yu-Gi-Oh ! Les Legendary Decks de Yugi (Reprint 2021) Cette ann\u00e9e, pour les f\u00eates de fin d&#8217;ann\u00e9e, les fans de<\/p>\n","protected":false},"featured_media":255577,"comment_status":"open","ping_status":"closed","template":"","meta":{"_acf_changed":false},"product_brand":[5074,5112],"product_cat":[9839,9841,9779],"product_tag":[],"class_list":{"0":"post-315090","1":"product","2":"type-product","3":"status-publish","4":"has-post-thumbnail","6":"product_brand-konami","7":"product_brand-yu-gi-oh","8":"product_cat-coffrets-et-collections-yugioh","9":"product_cat-super-sale-yugioh","10":"product_cat-yu-gi-oh-fr","12":"first","13":"instock","14":"sale","15":"taxable","16":"shipping-taxable","17":"purchasable","18":"product-type-variable"},"acf":[],"yoast_head":"<!-- This site is optimized with the Yoast SEO plugin v27.4 - https:\/\/yoast.com\/product\/yoast-seo-wordpress\/ -->\n<title>Ach\u00e8te Yu-Gi-Oh ! - Legendary Decks UNLIMITED<\/title>\n<meta name=\"description\" content=\"Ach\u00e8te Yu-Gi-Oh ! - Legendary Decks UNLIMITED en ligne maintenant \u00e0 petit prix! Ton #1 shop pour cartes TCG &amp; Pok\u00e9mon en Suisse \u2713 Livraison gratuite d\u00e8s CHF 29\" \/>\n<meta name=\"robots\" content=\"index, follow, max-snippet:-1, max-image-preview:large, max-video-preview:-1\" \/>\n<link rel=\"canonical\" href=\"https:\/\/theuncommonshop.ch\/fr\/product\/yu-gi-oh-yugis-legendary-decks-2\/\" \/>\n<meta property=\"og:locale\" content=\"fr_FR\" \/>\n<meta property=\"og:type\" content=\"article\" \/>\n<meta property=\"og:title\" content=\"Ach\u00e8te Yu-Gi-Oh ! - Legendary Decks UNLIMITED\" \/>\n<meta property=\"og:description\" content=\"Ach\u00e8te Yu-Gi-Oh ! - Legendary Decks UNLIMITED en ligne maintenant \u00e0 petit prix! Ton #1 shop pour cartes TCG &amp; Pok\u00e9mon en Suisse \u2713 Livraison gratuite d\u00e8s CHF 29\" \/>\n<meta property=\"og:url\" content=\"https:\/\/theuncommonshop.ch\/fr\/product\/yu-gi-oh-yugis-legendary-decks-2\/\" \/>\n<meta property=\"og:site_name\" content=\"The Uncommon Shop\" \/>\n<meta property=\"article:modified_time\" content=\"2026-03-29T12:32:41+00:00\" \/>\n<meta property=\"og:image\" content=\"https:\/\/theuncommonshop.ch\/wp-content\/uploads\/2025\/06\/2238364619.jpg\" \/>\n\t<meta property=\"og:image:width\" content=\"1654\" \/>\n\t<meta property=\"og:image:height\" content=\"1200\" \/>\n\t<meta property=\"og:image:type\" content=\"image\/jpeg\" \/>\n<meta name=\"twitter:card\" content=\"summary_large_image\" \/>\n<meta name=\"twitter:label1\" content=\"Disponibilit\u00e9\" \/>\n\t<meta name=\"twitter:data1\" content=\"En stock\" \/>\n<script type=\"application\/ld+json\" class=\"yoast-schema-graph\">{\"@context\":\"https:\\\/\\\/schema.org\",\"@graph\":[{\"@type\":\"WebPage\",\"@id\":\"https:\\\/\\\/theuncommonshop.ch\\\/fr\\\/product\\\/yu-gi-oh-yugis-legendary-decks-2\\\/\",\"url\":\"https:\\\/\\\/theuncommonshop.ch\\\/fr\\\/product\\\/yu-gi-oh-yugis-legendary-decks-2\\\/\",\"name\":\"Ach\u00e8te Yu-Gi-Oh ! - Legendary Decks UNLIMITED\",\"isPartOf\":{\"@id\":\"https:\\\/\\\/theuncommonshop.ch\\\/fr\\\/#website\"},\"primaryImageOfPage\":{\"@id\":\"https:\\\/\\\/theuncommonshop.ch\\\/fr\\\/product\\\/yu-gi-oh-yugis-legendary-decks-2\\\/#primaryimage\"},\"image\":{\"@id\":\"https:\\\/\\\/theuncommonshop.ch\\\/fr\\\/product\\\/yu-gi-oh-yugis-legendary-decks-2\\\/#primaryimage\"},\"thumbnailUrl\":\"https:\\\/\\\/theuncommonshop.ch\\\/wp-content\\\/uploads\\\/2025\\\/06\\\/2238364619.jpg\",\"datePublished\":\"2025-12-30T18:36:06+00:00\",\"dateModified\":\"2026-03-29T12:32:41+00:00\",\"description\":\"Ach\u00e8te Yu-Gi-Oh ! - Legendary Decks UNLIMITED en ligne maintenant \u00e0 petit prix! Ton #1 shop pour cartes TCG & Pok\u00e9mon en Suisse \u2713 Livraison gratuite d\u00e8s CHF 29\",\"breadcrumb\":{\"@id\":\"https:\\\/\\\/theuncommonshop.ch\\\/fr\\\/product\\\/yu-gi-oh-yugis-legendary-decks-2\\\/#breadcrumb\"},\"inLanguage\":\"fr-FR\",\"potentialAction\":[{\"@type\":\"ReadAction\",\"target\":[\"https:\\\/\\\/theuncommonshop.ch\\\/fr\\\/product\\\/yu-gi-oh-yugis-legendary-decks-2\\\/\"]}]},{\"@type\":\"ImageObject\",\"inLanguage\":\"fr-FR\",\"@id\":\"https:\\\/\\\/theuncommonshop.ch\\\/fr\\\/product\\\/yu-gi-oh-yugis-legendary-decks-2\\\/#primaryimage\",\"url\":\"https:\\\/\\\/theuncommonshop.ch\\\/wp-content\\\/uploads\\\/2025\\\/06\\\/2238364619.jpg\",\"contentUrl\":\"https:\\\/\\\/theuncommonshop.ch\\\/wp-content\\\/uploads\\\/2025\\\/06\\\/2238364619.jpg\",\"width\":1654,\"height\":1200},{\"@type\":\"BreadcrumbList\",\"@id\":\"https:\\\/\\\/theuncommonshop.ch\\\/fr\\\/product\\\/yu-gi-oh-yugis-legendary-decks-2\\\/#breadcrumb\",\"itemListElement\":[{\"@type\":\"ListItem\",\"position\":1,\"name\":\"Accueil\",\"item\":\"https:\\\/\\\/theuncommonshop.ch\\\/fr\\\/accueil\\\/\"},{\"@type\":\"ListItem\",\"position\":2,\"name\":\"Boutique\",\"item\":\"https:\\\/\\\/theuncommonshop.ch\\\/fr\\\/boutique\\\/\"},{\"@type\":\"ListItem\",\"position\":3,\"name\":\"Yu-Gi-Oh!\",\"item\":\"https:\\\/\\\/theuncommonshop.ch\\\/fr\\\/categorie-produit\\\/yu-gi-oh-fr\\\/\"},{\"@type\":\"ListItem\",\"position\":4,\"name\":\"Coffrets & collections\",\"item\":\"https:\\\/\\\/theuncommonshop.ch\\\/fr\\\/categorie-produit\\\/yu-gi-oh-fr\\\/coffrets-et-collections-yugioh\\\/\"},{\"@type\":\"ListItem\",\"position\":5,\"name\":\"Yu-Gi-Oh ! &#8211; Legendary Decks UNLIMITED\"}]},{\"@type\":\"WebSite\",\"@id\":\"https:\\\/\\\/theuncommonshop.ch\\\/fr\\\/#website\",\"url\":\"https:\\\/\\\/theuncommonshop.ch\\\/fr\\\/\",\"name\":\"The Uncommon Shop\",\"description\":\"Magic, Pok\u00e9mon and Yu-gi-oh - The Uncommon Shop\",\"potentialAction\":[{\"@type\":\"SearchAction\",\"target\":{\"@type\":\"EntryPoint\",\"urlTemplate\":\"https:\\\/\\\/theuncommonshop.ch\\\/fr\\\/?s={search_term_string}\"},\"query-input\":{\"@type\":\"PropertyValueSpecification\",\"valueRequired\":true,\"valueName\":\"search_term_string\"}}],\"inLanguage\":\"fr-FR\"}]}<\/script>\n<meta property=\"og:availability\" content=\"instock\" \/>\n<meta property=\"product:availability\" content=\"instock\" \/>\n<meta property=\"product:condition\" content=\"new\" \/>\n<!-- \/ Yoast SEO plugin. -->","yoast_head_json":{"title":"Ach\u00e8te Yu-Gi-Oh ! - Legendary Decks UNLIMITED","description":"Ach\u00e8te Yu-Gi-Oh ! - Legendary Decks UNLIMITED en ligne maintenant \u00e0 petit prix! Ton #1 shop pour cartes TCG & Pok\u00e9mon en Suisse \u2713 Livraison gratuite d\u00e8s CHF 29","robots":{"index":"index","follow":"follow","max-snippet":"max-snippet:-1","max-image-preview":"max-image-preview:large","max-video-preview":"max-video-preview:-1"},"canonical":"https:\/\/theuncommonshop.ch\/fr\/product\/yu-gi-oh-yugis-legendary-decks-2\/","og_locale":"fr_FR","og_type":"article","og_title":"Ach\u00e8te Yu-Gi-Oh ! - Legendary Decks UNLIMITED","og_description":"Ach\u00e8te Yu-Gi-Oh ! - Legendary Decks UNLIMITED en ligne maintenant \u00e0 petit prix! Ton #1 shop pour cartes TCG & Pok\u00e9mon en Suisse \u2713 Livraison gratuite d\u00e8s CHF 29","og_url":"https:\/\/theuncommonshop.ch\/fr\/product\/yu-gi-oh-yugis-legendary-decks-2\/","og_site_name":"The Uncommon Shop","article_modified_time":"2026-03-29T12:32:41+00:00","og_image":[{"width":1654,"height":1200,"url":"https:\/\/theuncommonshop.ch\/wp-content\/uploads\/2025\/06\/2238364619.jpg","type":"image\/jpeg"}],"twitter_card":"summary_large_image","twitter_misc":{"Disponibilit\u00e9":"En stock"},"schema":{"@context":"https:\/\/schema.org","@graph":[{"@type":"WebPage","@id":"https:\/\/theuncommonshop.ch\/fr\/product\/yu-gi-oh-yugis-legendary-decks-2\/","url":"https:\/\/theuncommonshop.ch\/fr\/product\/yu-gi-oh-yugis-legendary-decks-2\/","name":"Ach\u00e8te Yu-Gi-Oh ! - Legendary Decks UNLIMITED","isPartOf":{"@id":"https:\/\/theuncommonshop.ch\/fr\/#website"},"primaryImageOfPage":{"@id":"https:\/\/theuncommonshop.ch\/fr\/product\/yu-gi-oh-yugis-legendary-decks-2\/#primaryimage"},"image":{"@id":"https:\/\/theuncommonshop.ch\/fr\/product\/yu-gi-oh-yugis-legendary-decks-2\/#primaryimage"},"thumbnailUrl":"https:\/\/theuncommonshop.ch\/wp-content\/uploads\/2025\/06\/2238364619.jpg","datePublished":"2025-12-30T18:36:06+00:00","dateModified":"2026-03-29T12:32:41+00:00","description":"Ach\u00e8te Yu-Gi-Oh ! - Legendary Decks UNLIMITED en ligne maintenant \u00e0 petit prix! Ton #1 shop pour cartes TCG & Pok\u00e9mon en Suisse \u2713 Livraison gratuite d\u00e8s CHF 29","breadcrumb":{"@id":"https:\/\/theuncommonshop.ch\/fr\/product\/yu-gi-oh-yugis-legendary-decks-2\/#breadcrumb"},"inLanguage":"fr-FR","potentialAction":[{"@type":"ReadAction","target":["https:\/\/theuncommonshop.ch\/fr\/product\/yu-gi-oh-yugis-legendary-decks-2\/"]}]},{"@type":"ImageObject","inLanguage":"fr-FR","@id":"https:\/\/theuncommonshop.ch\/fr\/product\/yu-gi-oh-yugis-legendary-decks-2\/#primaryimage","url":"https:\/\/theuncommonshop.ch\/wp-content\/uploads\/2025\/06\/2238364619.jpg","contentUrl":"https:\/\/theuncommonshop.ch\/wp-content\/uploads\/2025\/06\/2238364619.jpg","width":1654,"height":1200},{"@type":"BreadcrumbList","@id":"https:\/\/theuncommonshop.ch\/fr\/product\/yu-gi-oh-yugis-legendary-decks-2\/#breadcrumb","itemListElement":[{"@type":"ListItem","position":1,"name":"Accueil","item":"https:\/\/theuncommonshop.ch\/fr\/accueil\/"},{"@type":"ListItem","position":2,"name":"Boutique","item":"https:\/\/theuncommonshop.ch\/fr\/boutique\/"},{"@type":"ListItem","position":3,"name":"Yu-Gi-Oh!","item":"https:\/\/theuncommonshop.ch\/fr\/categorie-produit\/yu-gi-oh-fr\/"},{"@type":"ListItem","position":4,"name":"Coffrets & collections","item":"https:\/\/theuncommonshop.ch\/fr\/categorie-produit\/yu-gi-oh-fr\/coffrets-et-collections-yugioh\/"},{"@type":"ListItem","position":5,"name":"Yu-Gi-Oh ! &#8211; Legendary Decks UNLIMITED"}]},{"@type":"WebSite","@id":"https:\/\/theuncommonshop.ch\/fr\/#website","url":"https:\/\/theuncommonshop.ch\/fr\/","name":"The Uncommon Shop","description":"Magic, Pok\u00e9mon and Yu-gi-oh - The Uncommon Shop","potentialAction":[{"@type":"SearchAction","target":{"@type":"EntryPoint","urlTemplate":"https:\/\/theuncommonshop.ch\/fr\/?s={search_term_string}"},"query-input":{"@type":"PropertyValueSpecification","valueRequired":true,"valueName":"search_term_string"}}],"inLanguage":"fr-FR"}]},"og_availability":"instock","product_availability":"instock","product_condition":"new"},"_links":{"self":[{"href":"https:\/\/theuncommonshop.ch\/fr\/wp-json\/wp\/v2\/product\/315090","targetHints":{"allow":["GET"]}}],"collection":[{"href":"https:\/\/theuncommonshop.ch\/fr\/wp-json\/wp\/v2\/product"}],"about":[{"href":"https:\/\/theuncommonshop.ch\/fr\/wp-json\/wp\/v2\/types\/product"}],"replies":[{"embeddable":true,"href":"https:\/\/theuncommonshop.ch\/fr\/wp-json\/wp\/v2\/comments?post=315090"}],"version-history":[{"count":0,"href":"https:\/\/theuncommonshop.ch\/fr\/wp-json\/wp\/v2\/product\/315090\/revisions"}],"wp:featuredmedia":[{"embeddable":true,"href":"https:\/\/theuncommonshop.ch\/fr\/wp-json\/wp\/v2\/media\/255577"}],"wp:attachment":[{"href":"https:\/\/theuncommonshop.ch\/fr\/wp-json\/wp\/v2\/media?parent=315090"}],"wp:term":[{"taxonomy":"product_brand","embeddable":true,"href":"https:\/\/theuncommonshop.ch\/fr\/wp-json\/wp\/v2\/product_brand?post=315090"},{"taxonomy":"product_cat","embeddable":true,"href":"https:\/\/theuncommonshop.ch\/fr\/wp-json\/wp\/v2\/product_cat?post=315090"},{"taxonomy":"product_tag","embeddable":true,"href":"https:\/\/theuncommonshop.ch\/fr\/wp-json\/wp\/v2\/product_tag?post=315090"}],"curies":[{"name":"wp","href":"https:\/\/api.w.org\/{rel}","templated":true}]}}