{"id":314911,"date":"2025-07-15T19:18:55","date_gmt":"2025-07-15T19:18:55","guid":{"rendered":"http:\/\/theuncommonshop.ch\/produkt\/314911\/"},"modified":"2026-03-26T12:53:33","modified_gmt":"2026-03-26T11:53:33","slug":"pokemon-sword-shield-high-class-vstar-universe-s12a-booster-display-2","status":"publish","type":"product","link":"https:\/\/theuncommonshop.ch\/fr\/product\/pokemon-sword-shield-high-class-vstar-universe-s12a-booster-display-2\/","title":{"rendered":"Pok\u00e9mon &#8211; Sword &#038; Shield &#8211; High Class VSTAR Universe (S12A) &#8211; Booster Display"},"content":{"rendered":"<p><strong>Pok\u00e9mon &#8211; Sword &amp; Shield &#8211; High Class VSTAR Universe (S12A) &#8211; Booster Display<\/strong><\/p>\n<p>Il s&#8217;agit du dernier set de l&#8217;\u00e8re Schwert &amp; Schild pour le Japon et il servira de base au set sp\u00e9cial europ\u00e9en d\u00e9but 2023 qui cl\u00f4turera l&#8217;\u00e8re Schwert &amp; Schild au niveau international, Zenit der K\u00f6nige. Comme les pr\u00e9c\u00e9dents sets sp\u00e9ciaux VMAX Climax et Shiny Star V, VSTAR Universe est avant tout un set Reprint avec une grande section Secret Rare de cartes de chasse comprenant des Art Rares et des Special Art Rares. Les Art Rares sont des cartes full art sans texture qui, comme les Alternate Art ou les Character Rares, peignent une magnifique sc\u00e8ne unique avec des Pok\u00e9mon. Les Rares artistiques sp\u00e9ciaux sont bas\u00e9s sur le m\u00eame concept et ajoutent la m\u00e9canique V ou VSTAR.   <\/p>\n<ul>\n<li>10 paquets<\/li>\n<li>1 paquet contient 10 cartes<\/li>\n<\/ul>\n","protected":false},"excerpt":{"rendered":"<p>Pok\u00e9mon &#8211; Sword &amp; Shield &#8211; High Class VSTAR Universe (S12A) &#8211; Booster Display Il s&#8217;agit du dernier set de<\/p>\n","protected":false},"featured_media":86145,"comment_status":"open","ping_status":"closed","template":"","meta":{"_acf_changed":false},"product_brand":[5114,5072],"product_cat":[9805,10055,10143],"product_tag":[],"class_list":{"0":"post-314911","1":"product","2":"type-product","3":"status-publish","4":"has-post-thumbnail","6":"product_brand-pokemon","7":"product_brand-the-pokemon-company","8":"product_cat-booster-displays-pokemon-fr","9":"product_cat-booster-displays-en-japonais","10":"product_cat-swsh125-zenith-supreme","12":"first","13":"outofstock","14":"taxable","15":"shipping-taxable","16":"product-type-simple"},"acf":[],"yoast_head":"<!-- This site is optimized with the Yoast SEO plugin v27.4 - https:\/\/yoast.com\/product\/yoast-seo-wordpress\/ -->\n<title>Ach\u00e8te Pok\u00e9mon - Sword &amp; Shield - High Class VSTAR Universe (S12A) - Booster Display<\/title>\n<meta name=\"description\" content=\"Ach\u00e8te Pok\u00e9mon - Sword &amp; Shield - High Class VSTAR Universe (S12A) - Booster Display en ligne maintenant \u00e0 petit prix! Ton #1 shop pour cartes TCG &amp; Pok\u00e9mon en Suisse \u2713 Livraison gratuite d\u00e8s CHF 29\" \/>\n<meta name=\"robots\" content=\"index, follow, max-snippet:-1, max-image-preview:large, max-video-preview:-1\" \/>\n<link rel=\"canonical\" href=\"https:\/\/theuncommonshop.ch\/fr\/product\/pokemon-sword-shield-high-class-vstar-universe-s12a-booster-display-2\/\" \/>\n<meta property=\"og:locale\" content=\"fr_FR\" \/>\n<meta property=\"og:type\" content=\"article\" \/>\n<meta property=\"og:title\" content=\"Ach\u00e8te Pok\u00e9mon - Sword &amp; Shield - High Class VSTAR Universe (S12A) - Booster Display\" \/>\n<meta property=\"og:description\" content=\"Ach\u00e8te Pok\u00e9mon - Sword &amp; Shield - High Class VSTAR Universe (S12A) - Booster Display en ligne maintenant \u00e0 petit prix! Ton #1 shop pour cartes TCG &amp; Pok\u00e9mon en Suisse \u2713 Livraison gratuite d\u00e8s CHF 29\" \/>\n<meta property=\"og:url\" content=\"https:\/\/theuncommonshop.ch\/fr\/product\/pokemon-sword-shield-high-class-vstar-universe-s12a-booster-display-2\/\" \/>\n<meta property=\"og:site_name\" content=\"Largest trading card shop in Switzerland\" \/>\n<meta property=\"article:modified_time\" content=\"2026-03-26T11:53:33+00:00\" \/>\n<meta property=\"og:image\" content=\"https:\/\/theuncommonshop.ch\/wp-content\/uploads\/2025\/06\/3300335866.jpg\" \/>\n\t<meta property=\"og:image:width\" content=\"307\" \/>\n\t<meta property=\"og:image:height\" content=\"744\" \/>\n\t<meta property=\"og:image:type\" content=\"image\/jpeg\" \/>\n<meta name=\"twitter:card\" content=\"summary_large_image\" \/>\n<meta name=\"twitter:label1\" content=\"Prix\" \/>\n\t<meta name=\"twitter:data1\" content=\"\" \/>\n\t<meta name=\"twitter:label2\" content=\"Disponibilit\u00e9\" \/>\n\t<meta name=\"twitter:data2\" content=\"Rupture de stock\" \/>\n<script type=\"application\/ld+json\" class=\"yoast-schema-graph\">{\"@context\":\"https:\\\/\\\/schema.org\",\"@graph\":[{\"@type\":\"WebPage\",\"@id\":\"https:\\\/\\\/theuncommonshop.ch\\\/fr\\\/product\\\/pokemon-sword-shield-high-class-vstar-universe-s12a-booster-display-2\\\/\",\"url\":\"https:\\\/\\\/theuncommonshop.ch\\\/fr\\\/product\\\/pokemon-sword-shield-high-class-vstar-universe-s12a-booster-display-2\\\/\",\"name\":\"Ach\u00e8te Pok\u00e9mon - Sword & Shield - High Class VSTAR Universe (S12A) - Booster Display\",\"isPartOf\":{\"@id\":\"https:\\\/\\\/theuncommonshop.ch\\\/#website\"},\"primaryImageOfPage\":{\"@id\":\"https:\\\/\\\/theuncommonshop.ch\\\/fr\\\/product\\\/pokemon-sword-shield-high-class-vstar-universe-s12a-booster-display-2\\\/#primaryimage\"},\"image\":{\"@id\":\"https:\\\/\\\/theuncommonshop.ch\\\/fr\\\/product\\\/pokemon-sword-shield-high-class-vstar-universe-s12a-booster-display-2\\\/#primaryimage\"},\"thumbnailUrl\":\"https:\\\/\\\/theuncommonshop.ch\\\/wp-content\\\/uploads\\\/2025\\\/06\\\/3300335866.jpg\",\"datePublished\":\"2025-07-15T19:18:55+00:00\",\"dateModified\":\"2026-03-26T11:53:33+00:00\",\"description\":\"Ach\u00e8te Pok\u00e9mon - Sword & Shield - High Class VSTAR Universe (S12A) - Booster Display en ligne maintenant \u00e0 petit prix! Ton #1 shop pour cartes TCG & Pok\u00e9mon en Suisse \u2713 Livraison gratuite d\u00e8s CHF 29\",\"breadcrumb\":{\"@id\":\"https:\\\/\\\/theuncommonshop.ch\\\/fr\\\/product\\\/pokemon-sword-shield-high-class-vstar-universe-s12a-booster-display-2\\\/#breadcrumb\"},\"inLanguage\":\"fr-FR\",\"potentialAction\":[{\"@type\":\"ReadAction\",\"target\":[\"https:\\\/\\\/theuncommonshop.ch\\\/fr\\\/product\\\/pokemon-sword-shield-high-class-vstar-universe-s12a-booster-display-2\\\/\"]}]},{\"@type\":\"ImageObject\",\"inLanguage\":\"fr-FR\",\"@id\":\"https:\\\/\\\/theuncommonshop.ch\\\/fr\\\/product\\\/pokemon-sword-shield-high-class-vstar-universe-s12a-booster-display-2\\\/#primaryimage\",\"url\":\"https:\\\/\\\/theuncommonshop.ch\\\/wp-content\\\/uploads\\\/2025\\\/06\\\/3300335866.jpg\",\"contentUrl\":\"https:\\\/\\\/theuncommonshop.ch\\\/wp-content\\\/uploads\\\/2025\\\/06\\\/3300335866.jpg\",\"width\":307,\"height\":744},{\"@type\":\"BreadcrumbList\",\"@id\":\"https:\\\/\\\/theuncommonshop.ch\\\/fr\\\/product\\\/pokemon-sword-shield-high-class-vstar-universe-s12a-booster-display-2\\\/#breadcrumb\",\"itemListElement\":[{\"@type\":\"ListItem\",\"position\":1,\"name\":\"Accueil\",\"item\":\"https:\\\/\\\/theuncommonshop.ch\\\/fr\\\/accueil\\\/\"},{\"@type\":\"ListItem\",\"position\":2,\"name\":\"Boutique\",\"item\":\"https:\\\/\\\/theuncommonshop.ch\\\/fr\\\/boutique\\\/\"},{\"@type\":\"ListItem\",\"position\":3,\"name\":\"Pok\u00e9mon\",\"item\":\"https:\\\/\\\/theuncommonshop.ch\\\/fr\\\/categorie-produit\\\/pokemon-fr\\\/\"},{\"@type\":\"ListItem\",\"position\":4,\"name\":\"Produits par lots\",\"item\":\"https:\\\/\\\/theuncommonshop.ch\\\/fr\\\/categorie-produit\\\/pokemon-fr\\\/produits-par-lots\\\/\"},{\"@type\":\"ListItem\",\"position\":5,\"name\":\"\u00c9p\u00e9e & Bouclier\",\"item\":\"https:\\\/\\\/theuncommonshop.ch\\\/fr\\\/categorie-produit\\\/pokemon-fr\\\/produits-par-lots\\\/epee-et-bouclier\\\/\"},{\"@type\":\"ListItem\",\"position\":6,\"name\":\"SWSH12.5 Z\u00e9nith Supr\u00eame\",\"item\":\"https:\\\/\\\/theuncommonshop.ch\\\/fr\\\/categorie-produit\\\/pokemon-fr\\\/produits-par-lots\\\/epee-et-bouclier\\\/swsh125-zenith-supreme\\\/\"},{\"@type\":\"ListItem\",\"position\":7,\"name\":\"Pok\u00e9mon &#8211; Sword &#038; Shield &#8211; High Class VSTAR Universe (S12A) &#8211; Booster Display\"}]},{\"@type\":\"WebSite\",\"@id\":\"https:\\\/\\\/theuncommonshop.ch\\\/#website\",\"url\":\"https:\\\/\\\/theuncommonshop.ch\\\/\",\"name\":\"Largest trading card shop in Switzerland\",\"description\":\"Magic, Pok\u00e9mon and Yu-gi-oh - The Uncommon Shop\",\"potentialAction\":[{\"@type\":\"SearchAction\",\"target\":{\"@type\":\"EntryPoint\",\"urlTemplate\":\"https:\\\/\\\/theuncommonshop.ch\\\/?s={search_term_string}\"},\"query-input\":{\"@type\":\"PropertyValueSpecification\",\"valueRequired\":true,\"valueName\":\"search_term_string\"}}],\"inLanguage\":\"fr-FR\"}]}<\/script>\n<meta property=\"product:price:currency\" content=\"CHF\" \/>\n<meta property=\"og:availability\" content=\"out of stock\" \/>\n<meta property=\"product:availability\" content=\"out of stock\" \/>\n<meta property=\"product:retailer_item_id\" content=\"VSTARUniverseBoosterDisplay\" \/>\n<meta property=\"product:condition\" content=\"new\" \/>\n<!-- \/ Yoast SEO plugin. -->","yoast_head_json":{"title":"Ach\u00e8te Pok\u00e9mon - Sword & Shield - High Class VSTAR Universe (S12A) - Booster Display","description":"Ach\u00e8te Pok\u00e9mon - Sword & Shield - High Class VSTAR Universe (S12A) - Booster Display en ligne maintenant \u00e0 petit prix! Ton #1 shop pour cartes TCG & Pok\u00e9mon en Suisse \u2713 Livraison gratuite d\u00e8s CHF 29","robots":{"index":"index","follow":"follow","max-snippet":"max-snippet:-1","max-image-preview":"max-image-preview:large","max-video-preview":"max-video-preview:-1"},"canonical":"https:\/\/theuncommonshop.ch\/fr\/product\/pokemon-sword-shield-high-class-vstar-universe-s12a-booster-display-2\/","og_locale":"fr_FR","og_type":"article","og_title":"Ach\u00e8te Pok\u00e9mon - Sword & Shield - High Class VSTAR Universe (S12A) - Booster Display","og_description":"Ach\u00e8te Pok\u00e9mon - Sword & Shield - High Class VSTAR Universe (S12A) - Booster Display en ligne maintenant \u00e0 petit prix! Ton #1 shop pour cartes TCG & Pok\u00e9mon en Suisse \u2713 Livraison gratuite d\u00e8s CHF 29","og_url":"https:\/\/theuncommonshop.ch\/fr\/product\/pokemon-sword-shield-high-class-vstar-universe-s12a-booster-display-2\/","og_site_name":"Largest trading card shop in Switzerland","article_modified_time":"2026-03-26T11:53:33+00:00","og_image":[{"width":307,"height":744,"url":"https:\/\/theuncommonshop.ch\/wp-content\/uploads\/2025\/06\/3300335866.jpg","type":"image\/jpeg"}],"twitter_card":"summary_large_image","twitter_misc":{"Prix":"","Disponibilit\u00e9":"Rupture de stock"},"schema":{"@context":"https:\/\/schema.org","@graph":[{"@type":"WebPage","@id":"https:\/\/theuncommonshop.ch\/fr\/product\/pokemon-sword-shield-high-class-vstar-universe-s12a-booster-display-2\/","url":"https:\/\/theuncommonshop.ch\/fr\/product\/pokemon-sword-shield-high-class-vstar-universe-s12a-booster-display-2\/","name":"Ach\u00e8te Pok\u00e9mon - Sword & Shield - High Class VSTAR Universe (S12A) - Booster Display","isPartOf":{"@id":"https:\/\/theuncommonshop.ch\/#website"},"primaryImageOfPage":{"@id":"https:\/\/theuncommonshop.ch\/fr\/product\/pokemon-sword-shield-high-class-vstar-universe-s12a-booster-display-2\/#primaryimage"},"image":{"@id":"https:\/\/theuncommonshop.ch\/fr\/product\/pokemon-sword-shield-high-class-vstar-universe-s12a-booster-display-2\/#primaryimage"},"thumbnailUrl":"https:\/\/theuncommonshop.ch\/wp-content\/uploads\/2025\/06\/3300335866.jpg","datePublished":"2025-07-15T19:18:55+00:00","dateModified":"2026-03-26T11:53:33+00:00","description":"Ach\u00e8te Pok\u00e9mon - Sword & Shield - High Class VSTAR Universe (S12A) - Booster Display en ligne maintenant \u00e0 petit prix! Ton #1 shop pour cartes TCG & Pok\u00e9mon en Suisse \u2713 Livraison gratuite d\u00e8s CHF 29","breadcrumb":{"@id":"https:\/\/theuncommonshop.ch\/fr\/product\/pokemon-sword-shield-high-class-vstar-universe-s12a-booster-display-2\/#breadcrumb"},"inLanguage":"fr-FR","potentialAction":[{"@type":"ReadAction","target":["https:\/\/theuncommonshop.ch\/fr\/product\/pokemon-sword-shield-high-class-vstar-universe-s12a-booster-display-2\/"]}]},{"@type":"ImageObject","inLanguage":"fr-FR","@id":"https:\/\/theuncommonshop.ch\/fr\/product\/pokemon-sword-shield-high-class-vstar-universe-s12a-booster-display-2\/#primaryimage","url":"https:\/\/theuncommonshop.ch\/wp-content\/uploads\/2025\/06\/3300335866.jpg","contentUrl":"https:\/\/theuncommonshop.ch\/wp-content\/uploads\/2025\/06\/3300335866.jpg","width":307,"height":744},{"@type":"BreadcrumbList","@id":"https:\/\/theuncommonshop.ch\/fr\/product\/pokemon-sword-shield-high-class-vstar-universe-s12a-booster-display-2\/#breadcrumb","itemListElement":[{"@type":"ListItem","position":1,"name":"Accueil","item":"https:\/\/theuncommonshop.ch\/fr\/accueil\/"},{"@type":"ListItem","position":2,"name":"Boutique","item":"https:\/\/theuncommonshop.ch\/fr\/boutique\/"},{"@type":"ListItem","position":3,"name":"Pok\u00e9mon","item":"https:\/\/theuncommonshop.ch\/fr\/categorie-produit\/pokemon-fr\/"},{"@type":"ListItem","position":4,"name":"Produits par lots","item":"https:\/\/theuncommonshop.ch\/fr\/categorie-produit\/pokemon-fr\/produits-par-lots\/"},{"@type":"ListItem","position":5,"name":"\u00c9p\u00e9e & Bouclier","item":"https:\/\/theuncommonshop.ch\/fr\/categorie-produit\/pokemon-fr\/produits-par-lots\/epee-et-bouclier\/"},{"@type":"ListItem","position":6,"name":"SWSH12.5 Z\u00e9nith Supr\u00eame","item":"https:\/\/theuncommonshop.ch\/fr\/categorie-produit\/pokemon-fr\/produits-par-lots\/epee-et-bouclier\/swsh125-zenith-supreme\/"},{"@type":"ListItem","position":7,"name":"Pok\u00e9mon &#8211; Sword &#038; Shield &#8211; High Class VSTAR Universe (S12A) &#8211; Booster Display"}]},{"@type":"WebSite","@id":"https:\/\/theuncommonshop.ch\/#website","url":"https:\/\/theuncommonshop.ch\/","name":"Largest trading card shop in Switzerland","description":"Magic, Pok\u00e9mon and Yu-gi-oh - The Uncommon Shop","potentialAction":[{"@type":"SearchAction","target":{"@type":"EntryPoint","urlTemplate":"https:\/\/theuncommonshop.ch\/?s={search_term_string}"},"query-input":{"@type":"PropertyValueSpecification","valueRequired":true,"valueName":"search_term_string"}}],"inLanguage":"fr-FR"}]},"product_price_currency":"CHF","og_availability":"out of stock","product_availability":"out of stock","product_retailer_item_id":"VSTARUniverseBoosterDisplay","product_condition":"new"},"_links":{"self":[{"href":"https:\/\/theuncommonshop.ch\/fr\/wp-json\/wp\/v2\/product\/314911","targetHints":{"allow":["GET"]}}],"collection":[{"href":"https:\/\/theuncommonshop.ch\/fr\/wp-json\/wp\/v2\/product"}],"about":[{"href":"https:\/\/theuncommonshop.ch\/fr\/wp-json\/wp\/v2\/types\/product"}],"replies":[{"embeddable":true,"href":"https:\/\/theuncommonshop.ch\/fr\/wp-json\/wp\/v2\/comments?post=314911"}],"version-history":[{"count":1,"href":"https:\/\/theuncommonshop.ch\/fr\/wp-json\/wp\/v2\/product\/314911\/revisions"}],"predecessor-version":[{"id":314913,"href":"https:\/\/theuncommonshop.ch\/fr\/wp-json\/wp\/v2\/product\/314911\/revisions\/314913"}],"wp:featuredmedia":[{"embeddable":true,"href":"https:\/\/theuncommonshop.ch\/fr\/wp-json\/wp\/v2\/media\/86145"}],"wp:attachment":[{"href":"https:\/\/theuncommonshop.ch\/fr\/wp-json\/wp\/v2\/media?parent=314911"}],"wp:term":[{"taxonomy":"product_brand","embeddable":true,"href":"https:\/\/theuncommonshop.ch\/fr\/wp-json\/wp\/v2\/product_brand?post=314911"},{"taxonomy":"product_cat","embeddable":true,"href":"https:\/\/theuncommonshop.ch\/fr\/wp-json\/wp\/v2\/product_cat?post=314911"},{"taxonomy":"product_tag","embeddable":true,"href":"https:\/\/theuncommonshop.ch\/fr\/wp-json\/wp\/v2\/product_tag?post=314911"}],"curies":[{"name":"wp","href":"https:\/\/api.w.org\/{rel}","templated":true}]}}