{"id":314606,"date":"2025-12-31T00:38:24","date_gmt":"2025-12-31T00:38:24","guid":{"rendered":"http:\/\/theuncommonshop.ch\/produkt\/314606\/"},"modified":"2026-04-24T08:53:24","modified_gmt":"2026-04-24T06:53:24","slug":"warhammer-age-of-sigmar-helsmiths-of-hashut-army-set-en-2","status":"publish","type":"product","link":"https:\/\/theuncommonshop.ch\/fr\/product\/warhammer-age-of-sigmar-helsmiths-of-hashut-army-set-en-2\/","title":{"rendered":"Warhammer Age of Sigmar &#8211; Helsmiths of Hashut &#8211; Army Set &#8211; EN"},"content":{"rendered":"<p>Les Helsmiths de Hashut sortent d&#8217;imposantes ziggourats sous un ciel couvert de smog et de flammes. Ces dudins cruels et avides ont conclu un pacte avec un dieu des t\u00e9n\u00e8bres. Ils sont pass\u00e9s ma\u00eetres dans l&#8217;art terrifiant de lier les d\u00e9mons et utilisent l&#8217;\u00e9nergie de ces \u00eatres destructeurs comme carburant pour leur industrie. Accompagn\u00e9e de machines d\u00e9moniaques tr\u00e9pidantes, leur arm\u00e9e de guerre avance inexorablement. Arm\u00e9s de lames enflamm\u00e9es par la fureur de l&#8217;enfer, ils pillent les royaumes de toutes les ressources et de toutes les richesses, ne laissant derri\u00e8re eux que des terres d\u00e9sol\u00e9es et en feu.    <\/p>\n<p>Cette bo\u00eete g\u00e9ante constitue le noyau d&#8217;une nouvelle arm\u00e9e des Helsmiths of Hashut. Un despote de guerre brutal dirige la force et forge son propre destin. Un Dominator Engine soutient l&#8217;arm\u00e9e avec sa puissance m\u00e9canique, tandis qu&#8217;un Tormentor Bombard d\u00e9cha\u00eene des \u00e9nergies infernales sur le malheureux ennemi. Une Infernal Cohort est pr\u00eate \u00e0 conqu\u00e9rir des objectifs et \u00e0 tenir le territoire pour assurer votre victoire. Ces miniatures forment une arm\u00e9e compl\u00e8te de Helforge Host Spearhead pour des parties rapides et tactiques de Warhammer Age of Sigmar.    <\/p>\n<p>Ce Box Set contient les miniatures en plastique en plusieurs parties suivantes :<\/p>\n<p>&#8211; 1x d\u00e9p\u00f4t de guerre<\/p>\n<p>&#8211; 1x machine Dominator avec canons sacrificiels<\/p>\n<p>&#8211; 1x bombe de tourmenteur<\/p>\n<p>&#8211; 11x miniatures de la cohorte infernale<\/p>\n<p>Les miniatures de cette bo\u00eete offrent \u00e9galement un certain nombre d&#8217;options de construction si vous ne souhaitez pas les utiliser comme arm\u00e9e Spearhead. Le Dominator Engine peut \u00eatre construit avec une paire de Bane Maces ou d&#8217;Immolation Cannons et offre \u00e9galement des options cosm\u00e9tiques pour le plastron et la t\u00eate. <\/p>\n<p>Le Tormentor Bombard peut \u00e9galement \u00eatre construit en tant que Deathshrieker Rocket Battery.<\/p>\n<p>L&#8217;Infernal Cohort peut \u00eatre construit avec des lances ou des lames, et ses boucliers sont interchangeables au sein de l&#8217;unit\u00e9. Il y a des pi\u00e8ces pour construire un porte-\u00e9tendard optionnel, un musicien et un champion qui peut \u00eatre arm\u00e9 d&#8217;un marteau ou d&#8217;une hache \u00e0 deux mains. <\/p>\n<p>Quelle que soit la fa\u00e7on dont vous souhaitez les construire, cette Box Set est un moyen fantastique de d\u00e9marrer votre nouvelle arm\u00e9e de Helsmiths of Hashut et d&#8217;\u00e9conomiser de l&#8217;argent au lieu d&#8217;acheter chaque set s\u00e9par\u00e9ment.<\/p>\n<p>Cette bo\u00eete contient \u00e9galement le nouveau Chaos Battletome : Helsmiths of Hashut, un livre cartonn\u00e9 de 90 pages avec une couverture sp\u00e9ciale, rempli d&#8217;une sombre histoire de fond, de r\u00e8gles et d&#8217;illustrations \u00e9piques.<\/p>\n<p>\u00c9galement inclus dans la bo\u00eete :<\/p>\n<p>&#8211; Chaos Battletome : Helsmiths of Hashut, un livre cartonn\u00e9 de 90 pages avec une couverture souple et des illustrations disponibles uniquement dans ce Box Set.<\/p>\n<p>&#8211; 32x cartes de guerre Helsmiths of Hashut<\/p>\n<p>&#8211; 1x feuille de transfert Helsmiths of Hashut avec 450 transferts d&#8217;eau de haute qualit\u00e9<\/p>\n<p>L&#8217;arc de transfert contient des symboles pour les ziggourats Fureur primordiale, Muspelzharr, Zharr Vyxa et The Forge Anathema, ainsi que d&#8217;autres sceaux maudits et runes pour d\u00e9corer vos miniatures.<\/p>\n<p>Ce kit contient 220 pi\u00e8ces en plastique, 1 base ronde Citadel (25 mm), 1 base ronde Citadel (32 mm), 1 base ronde Citadel (80 mm), 1 base ronde Citadel (100 mm) et 10 bases rondes Citadel (28,5 mm). Ces miniatures doivent \u00eatre assembl\u00e9es et sont livr\u00e9es non peintes &#8211; nous vous recommandons d&#8217;utiliser de la colle \u00e0 plastique Citadel et de la peinture Citadel.<\/p>\n<p>Les miniatures de cette bo\u00eete seront disponibles s\u00e9par\u00e9ment \u00e0 une date ult\u00e9rieure.<\/p>\n<p>Le suppl\u00e9ment contient \u00e9galement un code \u00e0 usage unique pour d\u00e9bloquer le contenu de Chaos Battletome : Helsmiths of Hashut dans l&#8217;application Warhammer Age of Sigmar, qui pourra \u00eatre utilis\u00e9 d\u00e8s que le Battletome sera g\u00e9n\u00e9ralement disponible.<\/p>\n<p><i><br \/><\/i><\/p>\n<div style=\"display: inline !important;\"><\/div>\n","protected":false},"excerpt":{"rendered":"<p>Les Helsmiths de Hashut sortent d&#8217;imposantes ziggourats sous un ciel couvert de smog et de flammes. Ces dudins cruels et<\/p>\n","protected":false},"featured_media":264759,"comment_status":"open","ping_status":"closed","template":"","meta":{"_acf_changed":false},"product_brand":[5078,5154],"product_cat":[9925,9929],"product_tag":[],"class_list":{"0":"post-314606","1":"product","2":"type-product","3":"status-publish","4":"has-post-thumbnail","6":"product_brand-games-workshop","7":"product_brand-warhammer","8":"product_cat-tabletop-fr","9":"product_cat-warhammer-age-of-sigmar-fr","11":"first","12":"outofstock","13":"sale","14":"taxable","15":"shipping-taxable","16":"purchasable","17":"product-type-simple"},"acf":[],"yoast_head":"<!-- This site is optimized with the Yoast SEO plugin v27.4 - https:\/\/yoast.com\/product\/yoast-seo-wordpress\/ -->\n<title>Ach\u00e8te Warhammer Age of Sigmar - Helsmiths of Hashut - Army Set - EN<\/title>\n<meta name=\"description\" content=\"Ach\u00e8te Warhammer Age of Sigmar - Helsmiths of Hashut - Army Set - EN en ligne maintenant \u00e0 petit prix! Ton #1 shop pour cartes TCG &amp; Pok\u00e9mon en Suisse \u2713 Livraison gratuite d\u00e8s CHF 29\" \/>\n<meta name=\"robots\" content=\"index, follow, max-snippet:-1, max-image-preview:large, max-video-preview:-1\" \/>\n<link rel=\"canonical\" href=\"https:\/\/theuncommonshop.ch\/fr\/product\/warhammer-age-of-sigmar-helsmiths-of-hashut-army-set-en-2\/\" \/>\n<meta property=\"og:locale\" content=\"fr_FR\" \/>\n<meta property=\"og:type\" content=\"article\" \/>\n<meta property=\"og:title\" content=\"Ach\u00e8te Warhammer Age of Sigmar - Helsmiths of Hashut - Army Set - EN\" \/>\n<meta property=\"og:description\" content=\"Ach\u00e8te Warhammer Age of Sigmar - Helsmiths of Hashut - Army Set - EN en ligne maintenant \u00e0 petit prix! Ton #1 shop pour cartes TCG &amp; Pok\u00e9mon en Suisse \u2713 Livraison gratuite d\u00e8s CHF 29\" \/>\n<meta property=\"og:url\" content=\"https:\/\/theuncommonshop.ch\/fr\/product\/warhammer-age-of-sigmar-helsmiths-of-hashut-army-set-en-2\/\" \/>\n<meta property=\"og:site_name\" content=\"The Uncommon Shop\" \/>\n<meta property=\"article:modified_time\" content=\"2026-04-24T06:53:24+00:00\" \/>\n<meta property=\"og:image\" content=\"https:\/\/theuncommonshop.ch\/wp-content\/uploads\/2025\/12\/5168822486.jpg\" \/>\n\t<meta property=\"og:image:width\" content=\"918\" \/>\n\t<meta property=\"og:image:height\" content=\"948\" \/>\n\t<meta property=\"og:image:type\" content=\"image\/jpeg\" \/>\n<meta name=\"twitter:card\" content=\"summary_large_image\" \/>\n<meta name=\"twitter:label1\" content=\"Prix\" \/>\n\t<meta name=\"twitter:data1\" content=\"&#067;&#072;&#070;&nbsp;119.95\" \/>\n\t<meta name=\"twitter:label2\" content=\"Disponibilit\u00e9\" \/>\n\t<meta name=\"twitter:data2\" content=\"Rupture de stock\" \/>\n<script type=\"application\/ld+json\" class=\"yoast-schema-graph\">{\"@context\":\"https:\\\/\\\/schema.org\",\"@graph\":[{\"@type\":\"WebPage\",\"@id\":\"https:\\\/\\\/theuncommonshop.ch\\\/fr\\\/product\\\/warhammer-age-of-sigmar-helsmiths-of-hashut-army-set-en-2\\\/\",\"url\":\"https:\\\/\\\/theuncommonshop.ch\\\/fr\\\/product\\\/warhammer-age-of-sigmar-helsmiths-of-hashut-army-set-en-2\\\/\",\"name\":\"Ach\u00e8te Warhammer Age of Sigmar - Helsmiths of Hashut - Army Set - EN\",\"isPartOf\":{\"@id\":\"https:\\\/\\\/theuncommonshop.ch\\\/fr\\\/#website\"},\"primaryImageOfPage\":{\"@id\":\"https:\\\/\\\/theuncommonshop.ch\\\/fr\\\/product\\\/warhammer-age-of-sigmar-helsmiths-of-hashut-army-set-en-2\\\/#primaryimage\"},\"image\":{\"@id\":\"https:\\\/\\\/theuncommonshop.ch\\\/fr\\\/product\\\/warhammer-age-of-sigmar-helsmiths-of-hashut-army-set-en-2\\\/#primaryimage\"},\"thumbnailUrl\":\"https:\\\/\\\/theuncommonshop.ch\\\/wp-content\\\/uploads\\\/2025\\\/12\\\/5168822486.jpg\",\"datePublished\":\"2025-12-31T00:38:24+00:00\",\"dateModified\":\"2026-04-24T06:53:24+00:00\",\"description\":\"Ach\u00e8te Warhammer Age of Sigmar - Helsmiths of Hashut - Army Set - EN en ligne maintenant \u00e0 petit prix! Ton #1 shop pour cartes TCG & Pok\u00e9mon en Suisse \u2713 Livraison gratuite d\u00e8s CHF 29\",\"breadcrumb\":{\"@id\":\"https:\\\/\\\/theuncommonshop.ch\\\/fr\\\/product\\\/warhammer-age-of-sigmar-helsmiths-of-hashut-army-set-en-2\\\/#breadcrumb\"},\"inLanguage\":\"fr-FR\",\"potentialAction\":[{\"@type\":\"ReadAction\",\"target\":[\"https:\\\/\\\/theuncommonshop.ch\\\/fr\\\/product\\\/warhammer-age-of-sigmar-helsmiths-of-hashut-army-set-en-2\\\/\"]}]},{\"@type\":\"ImageObject\",\"inLanguage\":\"fr-FR\",\"@id\":\"https:\\\/\\\/theuncommonshop.ch\\\/fr\\\/product\\\/warhammer-age-of-sigmar-helsmiths-of-hashut-army-set-en-2\\\/#primaryimage\",\"url\":\"https:\\\/\\\/theuncommonshop.ch\\\/wp-content\\\/uploads\\\/2025\\\/12\\\/5168822486.jpg\",\"contentUrl\":\"https:\\\/\\\/theuncommonshop.ch\\\/wp-content\\\/uploads\\\/2025\\\/12\\\/5168822486.jpg\",\"width\":918,\"height\":948},{\"@type\":\"BreadcrumbList\",\"@id\":\"https:\\\/\\\/theuncommonshop.ch\\\/fr\\\/product\\\/warhammer-age-of-sigmar-helsmiths-of-hashut-army-set-en-2\\\/#breadcrumb\",\"itemListElement\":[{\"@type\":\"ListItem\",\"position\":1,\"name\":\"Accueil\",\"item\":\"https:\\\/\\\/theuncommonshop.ch\\\/fr\\\/accueil\\\/\"},{\"@type\":\"ListItem\",\"position\":2,\"name\":\"Boutique\",\"item\":\"https:\\\/\\\/theuncommonshop.ch\\\/fr\\\/boutique\\\/\"},{\"@type\":\"ListItem\",\"position\":3,\"name\":\"Tabletop\",\"item\":\"https:\\\/\\\/theuncommonshop.ch\\\/fr\\\/categorie-produit\\\/tabletop-fr\\\/\"},{\"@type\":\"ListItem\",\"position\":4,\"name\":\"Warhammer Age of Sigmar\",\"item\":\"https:\\\/\\\/theuncommonshop.ch\\\/fr\\\/categorie-produit\\\/tabletop-fr\\\/warhammer-age-of-sigmar-fr\\\/\"},{\"@type\":\"ListItem\",\"position\":5,\"name\":\"Warhammer Age of Sigmar &#8211; Helsmiths of Hashut &#8211; Army Set &#8211; EN\"}]},{\"@type\":\"WebSite\",\"@id\":\"https:\\\/\\\/theuncommonshop.ch\\\/fr\\\/#website\",\"url\":\"https:\\\/\\\/theuncommonshop.ch\\\/fr\\\/\",\"name\":\"The Uncommon Shop\",\"description\":\"Magic, Pok\u00e9mon and Yu-gi-oh - The Uncommon Shop\",\"potentialAction\":[{\"@type\":\"SearchAction\",\"target\":{\"@type\":\"EntryPoint\",\"urlTemplate\":\"https:\\\/\\\/theuncommonshop.ch\\\/fr\\\/?s={search_term_string}\"},\"query-input\":{\"@type\":\"PropertyValueSpecification\",\"valueRequired\":true,\"valueName\":\"search_term_string\"}}],\"inLanguage\":\"fr-FR\"}]}<\/script>\n<meta property=\"product:price:amount\" content=\"119.95\" \/>\n<meta property=\"product:price:currency\" content=\"CHF\" \/>\n<meta property=\"og:availability\" content=\"out of stock\" \/>\n<meta property=\"product:availability\" content=\"out of stock\" \/>\n<meta property=\"product:retailer_item_id\" content=\"SHOP.WarHamAgeOfSigHelsofHashArmyEN\" \/>\n<meta property=\"product:condition\" content=\"new\" \/>\n<!-- \/ Yoast SEO plugin. -->","yoast_head_json":{"title":"Ach\u00e8te Warhammer Age of Sigmar - Helsmiths of Hashut - Army Set - EN","description":"Ach\u00e8te Warhammer Age of Sigmar - Helsmiths of Hashut - Army Set - EN en ligne maintenant \u00e0 petit prix! Ton #1 shop pour cartes TCG & Pok\u00e9mon en Suisse \u2713 Livraison gratuite d\u00e8s CHF 29","robots":{"index":"index","follow":"follow","max-snippet":"max-snippet:-1","max-image-preview":"max-image-preview:large","max-video-preview":"max-video-preview:-1"},"canonical":"https:\/\/theuncommonshop.ch\/fr\/product\/warhammer-age-of-sigmar-helsmiths-of-hashut-army-set-en-2\/","og_locale":"fr_FR","og_type":"article","og_title":"Ach\u00e8te Warhammer Age of Sigmar - Helsmiths of Hashut - Army Set - EN","og_description":"Ach\u00e8te Warhammer Age of Sigmar - Helsmiths of Hashut - Army Set - EN en ligne maintenant \u00e0 petit prix! Ton #1 shop pour cartes TCG & Pok\u00e9mon en Suisse \u2713 Livraison gratuite d\u00e8s CHF 29","og_url":"https:\/\/theuncommonshop.ch\/fr\/product\/warhammer-age-of-sigmar-helsmiths-of-hashut-army-set-en-2\/","og_site_name":"The Uncommon Shop","article_modified_time":"2026-04-24T06:53:24+00:00","og_image":[{"width":918,"height":948,"url":"https:\/\/theuncommonshop.ch\/wp-content\/uploads\/2025\/12\/5168822486.jpg","type":"image\/jpeg"}],"twitter_card":"summary_large_image","twitter_misc":{"Prix":"&#67;&#72;&#70;&nbsp;119.95","Disponibilit\u00e9":"Rupture de stock"},"schema":{"@context":"https:\/\/schema.org","@graph":[{"@type":"WebPage","@id":"https:\/\/theuncommonshop.ch\/fr\/product\/warhammer-age-of-sigmar-helsmiths-of-hashut-army-set-en-2\/","url":"https:\/\/theuncommonshop.ch\/fr\/product\/warhammer-age-of-sigmar-helsmiths-of-hashut-army-set-en-2\/","name":"Ach\u00e8te Warhammer Age of Sigmar - Helsmiths of Hashut - Army Set - EN","isPartOf":{"@id":"https:\/\/theuncommonshop.ch\/fr\/#website"},"primaryImageOfPage":{"@id":"https:\/\/theuncommonshop.ch\/fr\/product\/warhammer-age-of-sigmar-helsmiths-of-hashut-army-set-en-2\/#primaryimage"},"image":{"@id":"https:\/\/theuncommonshop.ch\/fr\/product\/warhammer-age-of-sigmar-helsmiths-of-hashut-army-set-en-2\/#primaryimage"},"thumbnailUrl":"https:\/\/theuncommonshop.ch\/wp-content\/uploads\/2025\/12\/5168822486.jpg","datePublished":"2025-12-31T00:38:24+00:00","dateModified":"2026-04-24T06:53:24+00:00","description":"Ach\u00e8te Warhammer Age of Sigmar - Helsmiths of Hashut - Army Set - EN en ligne maintenant \u00e0 petit prix! Ton #1 shop pour cartes TCG & Pok\u00e9mon en Suisse \u2713 Livraison gratuite d\u00e8s CHF 29","breadcrumb":{"@id":"https:\/\/theuncommonshop.ch\/fr\/product\/warhammer-age-of-sigmar-helsmiths-of-hashut-army-set-en-2\/#breadcrumb"},"inLanguage":"fr-FR","potentialAction":[{"@type":"ReadAction","target":["https:\/\/theuncommonshop.ch\/fr\/product\/warhammer-age-of-sigmar-helsmiths-of-hashut-army-set-en-2\/"]}]},{"@type":"ImageObject","inLanguage":"fr-FR","@id":"https:\/\/theuncommonshop.ch\/fr\/product\/warhammer-age-of-sigmar-helsmiths-of-hashut-army-set-en-2\/#primaryimage","url":"https:\/\/theuncommonshop.ch\/wp-content\/uploads\/2025\/12\/5168822486.jpg","contentUrl":"https:\/\/theuncommonshop.ch\/wp-content\/uploads\/2025\/12\/5168822486.jpg","width":918,"height":948},{"@type":"BreadcrumbList","@id":"https:\/\/theuncommonshop.ch\/fr\/product\/warhammer-age-of-sigmar-helsmiths-of-hashut-army-set-en-2\/#breadcrumb","itemListElement":[{"@type":"ListItem","position":1,"name":"Accueil","item":"https:\/\/theuncommonshop.ch\/fr\/accueil\/"},{"@type":"ListItem","position":2,"name":"Boutique","item":"https:\/\/theuncommonshop.ch\/fr\/boutique\/"},{"@type":"ListItem","position":3,"name":"Tabletop","item":"https:\/\/theuncommonshop.ch\/fr\/categorie-produit\/tabletop-fr\/"},{"@type":"ListItem","position":4,"name":"Warhammer Age of Sigmar","item":"https:\/\/theuncommonshop.ch\/fr\/categorie-produit\/tabletop-fr\/warhammer-age-of-sigmar-fr\/"},{"@type":"ListItem","position":5,"name":"Warhammer Age of Sigmar &#8211; Helsmiths of Hashut &#8211; Army Set &#8211; EN"}]},{"@type":"WebSite","@id":"https:\/\/theuncommonshop.ch\/fr\/#website","url":"https:\/\/theuncommonshop.ch\/fr\/","name":"The Uncommon Shop","description":"Magic, Pok\u00e9mon and Yu-gi-oh - The Uncommon Shop","potentialAction":[{"@type":"SearchAction","target":{"@type":"EntryPoint","urlTemplate":"https:\/\/theuncommonshop.ch\/fr\/?s={search_term_string}"},"query-input":{"@type":"PropertyValueSpecification","valueRequired":true,"valueName":"search_term_string"}}],"inLanguage":"fr-FR"}]},"product_price_amount":"119.95","product_price_currency":"CHF","og_availability":"out of stock","product_availability":"out of stock","product_retailer_item_id":"SHOP.WarHamAgeOfSigHelsofHashArmyEN","product_condition":"new"},"_links":{"self":[{"href":"https:\/\/theuncommonshop.ch\/fr\/wp-json\/wp\/v2\/product\/314606","targetHints":{"allow":["GET"]}}],"collection":[{"href":"https:\/\/theuncommonshop.ch\/fr\/wp-json\/wp\/v2\/product"}],"about":[{"href":"https:\/\/theuncommonshop.ch\/fr\/wp-json\/wp\/v2\/types\/product"}],"replies":[{"embeddable":true,"href":"https:\/\/theuncommonshop.ch\/fr\/wp-json\/wp\/v2\/comments?post=314606"}],"version-history":[{"count":0,"href":"https:\/\/theuncommonshop.ch\/fr\/wp-json\/wp\/v2\/product\/314606\/revisions"}],"wp:featuredmedia":[{"embeddable":true,"href":"https:\/\/theuncommonshop.ch\/fr\/wp-json\/wp\/v2\/media\/264759"}],"wp:attachment":[{"href":"https:\/\/theuncommonshop.ch\/fr\/wp-json\/wp\/v2\/media?parent=314606"}],"wp:term":[{"taxonomy":"product_brand","embeddable":true,"href":"https:\/\/theuncommonshop.ch\/fr\/wp-json\/wp\/v2\/product_brand?post=314606"},{"taxonomy":"product_cat","embeddable":true,"href":"https:\/\/theuncommonshop.ch\/fr\/wp-json\/wp\/v2\/product_cat?post=314606"},{"taxonomy":"product_tag","embeddable":true,"href":"https:\/\/theuncommonshop.ch\/fr\/wp-json\/wp\/v2\/product_tag?post=314606"}],"curies":[{"name":"wp","href":"https:\/\/api.w.org\/{rel}","templated":true}]}}