{"id":314596,"date":"2025-12-31T00:37:00","date_gmt":"2025-12-30T23:37:00","guid":{"rendered":"http:\/\/theuncommonshop.ch\/produkt\/314596\/"},"modified":"2026-04-01T04:53:13","modified_gmt":"2026-04-01T02:53:13","slug":"magic-avatar-the-last-airbender-beginner-box-3","status":"publish","type":"product","link":"https:\/\/theuncommonshop.ch\/fr\/product\/magic-avatar-the-last-airbender-beginner-box-3\/","title":{"rendered":"Magic &#8211; Avatar The Last Airbender &#8211; Beginner Box"},"content":{"rendered":"<p>L&#8217;\u00e9quipe Avatar est de retour ! L&#8217;action, l&#8217;aventure et l&#8217;esprit d&#8217;Avatar &#8211; Le Seigneur des \u00e9l\u00e9ments se r\u00e9veillent dans Magic : The Gathering. Ma\u00eetrisez les nouveaux m\u00e9canismes de ma\u00eetrise de la terre, de l&#8217;air, de l&#8217;eau et du feu pour raconter votre version de l&#8217;histoire et d\u00e9couvrir votre style de jeu Magic. Domptez les \u00e9l\u00e9ments. Ma\u00eetrisez le jeu. Votre voyage Magic : The Gathering commence avec une personne amie \u00e0 vos c\u00f4t\u00e9s ! Jouez votre toute premi\u00e8re partie dans un duel guid\u00e9 entre Aang et Zuko. Choisissez votre camp et envoyez vos forces au combat tout en apprenant les principes de base du jeu. Une fois que vous ma\u00eetrisez les bases, vous pouvez ma\u00eetriser les \u00e9l\u00e9ments restants avec les decks th\u00e9matiques Avatar &#8211; Le Seigneur des \u00e9l\u00e9ments &#8211; il suffit d&#8217;en combiner deux et c&#8217;est parti !   <\/p>\n<p>  Contenu : 2 decks pr\u00eats \u00e0 jouer 2 instructions pas \u00e0 pas 1 guide des r\u00e8gles 2 tapis de jeu 8 decks th\u00e9matiques 2 compteurs de points de vie Spindown<\/p>\n","protected":false},"excerpt":{"rendered":"<p>L&#8217;\u00e9quipe Avatar est de retour ! L&#8217;action, l&#8217;aventure et l&#8217;esprit d&#8217;Avatar &#8211; Le Seigneur des \u00e9l\u00e9ments se r\u00e9veillent dans Magic<\/p>\n","protected":false},"featured_media":262803,"comment_status":"open","ping_status":"closed","template":"","meta":{"_acf_changed":false},"product_brand":[5168],"product_cat":[9973,10165,9977,10163],"product_tag":[],"class_list":{"0":"post-314596","1":"product","2":"type-product","3":"status-publish","4":"has-post-thumbnail","6":"product_brand-magic-the-gathering","7":"product_cat-autres","8":"product_cat-avatar-le-dernier-maitre-de-lair","9":"product_cat-debutant-2","10":"product_cat-divers-mtg","12":"first","13":"instock","14":"sale","15":"taxable","16":"shipping-taxable","17":"purchasable","18":"product-type-variable"},"acf":[],"yoast_head":"<!-- This site is optimized with the Yoast SEO plugin v27.4 - https:\/\/yoast.com\/product\/yoast-seo-wordpress\/ -->\n<title>Ach\u00e8te Magic - Avatar The Last Airbender - Beginner Box<\/title>\n<meta name=\"description\" content=\"Ach\u00e8te Magic - Avatar The Last Airbender - Beginner Box en ligne maintenant \u00e0 petit prix! Ton #1 shop pour cartes TCG &amp; Pok\u00e9mon en Suisse \u2713 Livraison gratuite d\u00e8s CHF 29\" \/>\n<meta name=\"robots\" content=\"index, follow, max-snippet:-1, max-image-preview:large, max-video-preview:-1\" \/>\n<link rel=\"canonical\" href=\"https:\/\/theuncommonshop.ch\/fr\/product\/magic-avatar-the-last-airbender-beginner-box-3\/\" \/>\n<meta property=\"og:locale\" content=\"fr_FR\" \/>\n<meta property=\"og:type\" content=\"article\" \/>\n<meta property=\"og:title\" content=\"Ach\u00e8te Magic - Avatar The Last Airbender - Beginner Box\" \/>\n<meta property=\"og:description\" content=\"Ach\u00e8te Magic - Avatar The Last Airbender - Beginner Box en ligne maintenant \u00e0 petit prix! Ton #1 shop pour cartes TCG &amp; Pok\u00e9mon en Suisse \u2713 Livraison gratuite d\u00e8s CHF 29\" \/>\n<meta property=\"og:url\" content=\"https:\/\/theuncommonshop.ch\/fr\/product\/magic-avatar-the-last-airbender-beginner-box-3\/\" \/>\n<meta property=\"og:site_name\" content=\"Largest trading card shop in Switzerland\" \/>\n<meta property=\"article:modified_time\" content=\"2026-04-01T02:53:13+00:00\" \/>\n<meta property=\"og:image\" content=\"https:\/\/theuncommonshop.ch\/wp-content\/uploads\/2025\/12\/5105260964.jpg\" \/>\n\t<meta property=\"og:image:width\" content=\"1000\" \/>\n\t<meta property=\"og:image:height\" content=\"1000\" \/>\n\t<meta property=\"og:image:type\" content=\"image\/jpeg\" \/>\n<meta name=\"twitter:card\" content=\"summary_large_image\" \/>\n<meta name=\"twitter:label1\" content=\"Disponibilit\u00e9\" \/>\n\t<meta name=\"twitter:data1\" content=\"En stock\" \/>\n<script type=\"application\/ld+json\" class=\"yoast-schema-graph\">{\"@context\":\"https:\\\/\\\/schema.org\",\"@graph\":[{\"@type\":\"WebPage\",\"@id\":\"https:\\\/\\\/theuncommonshop.ch\\\/fr\\\/product\\\/magic-avatar-the-last-airbender-beginner-box-3\\\/\",\"url\":\"https:\\\/\\\/theuncommonshop.ch\\\/fr\\\/product\\\/magic-avatar-the-last-airbender-beginner-box-3\\\/\",\"name\":\"Ach\u00e8te Magic - Avatar The Last Airbender - Beginner Box\",\"isPartOf\":{\"@id\":\"https:\\\/\\\/theuncommonshop.ch\\\/#website\"},\"primaryImageOfPage\":{\"@id\":\"https:\\\/\\\/theuncommonshop.ch\\\/fr\\\/product\\\/magic-avatar-the-last-airbender-beginner-box-3\\\/#primaryimage\"},\"image\":{\"@id\":\"https:\\\/\\\/theuncommonshop.ch\\\/fr\\\/product\\\/magic-avatar-the-last-airbender-beginner-box-3\\\/#primaryimage\"},\"thumbnailUrl\":\"https:\\\/\\\/theuncommonshop.ch\\\/wp-content\\\/uploads\\\/2025\\\/12\\\/5105260964.jpg\",\"datePublished\":\"2025-12-30T23:37:00+00:00\",\"dateModified\":\"2026-04-01T02:53:13+00:00\",\"description\":\"Ach\u00e8te Magic - Avatar The Last Airbender - Beginner Box en ligne maintenant \u00e0 petit prix! Ton #1 shop pour cartes TCG & Pok\u00e9mon en Suisse \u2713 Livraison gratuite d\u00e8s CHF 29\",\"breadcrumb\":{\"@id\":\"https:\\\/\\\/theuncommonshop.ch\\\/fr\\\/product\\\/magic-avatar-the-last-airbender-beginner-box-3\\\/#breadcrumb\"},\"inLanguage\":\"fr-FR\",\"potentialAction\":[{\"@type\":\"ReadAction\",\"target\":[\"https:\\\/\\\/theuncommonshop.ch\\\/fr\\\/product\\\/magic-avatar-the-last-airbender-beginner-box-3\\\/\"]}]},{\"@type\":\"ImageObject\",\"inLanguage\":\"fr-FR\",\"@id\":\"https:\\\/\\\/theuncommonshop.ch\\\/fr\\\/product\\\/magic-avatar-the-last-airbender-beginner-box-3\\\/#primaryimage\",\"url\":\"https:\\\/\\\/theuncommonshop.ch\\\/wp-content\\\/uploads\\\/2025\\\/12\\\/5105260964.jpg\",\"contentUrl\":\"https:\\\/\\\/theuncommonshop.ch\\\/wp-content\\\/uploads\\\/2025\\\/12\\\/5105260964.jpg\",\"width\":1000,\"height\":1000},{\"@type\":\"BreadcrumbList\",\"@id\":\"https:\\\/\\\/theuncommonshop.ch\\\/fr\\\/product\\\/magic-avatar-the-last-airbender-beginner-box-3\\\/#breadcrumb\",\"itemListElement\":[{\"@type\":\"ListItem\",\"position\":1,\"name\":\"Accueil\",\"item\":\"https:\\\/\\\/theuncommonshop.ch\\\/fr\\\/accueil\\\/\"},{\"@type\":\"ListItem\",\"position\":2,\"name\":\"Boutique\",\"item\":\"https:\\\/\\\/theuncommonshop.ch\\\/fr\\\/boutique\\\/\"},{\"@type\":\"ListItem\",\"position\":3,\"name\":\"Magic the Gathering\",\"item\":\"https:\\\/\\\/theuncommonshop.ch\\\/produktkategorie\\\/magic-the-gathering\\\/\"},{\"@type\":\"ListItem\",\"position\":4,\"name\":\"Andere\",\"item\":\"https:\\\/\\\/theuncommonshop.ch\\\/produktkategorie\\\/magic-the-gathering\\\/andere\\\/\"},{\"@type\":\"ListItem\",\"position\":5,\"name\":\"Sonstiges\",\"item\":\"https:\\\/\\\/theuncommonshop.ch\\\/produktkategorie\\\/magic-the-gathering\\\/andere\\\/mtg-sonstiges\\\/\"},{\"@type\":\"ListItem\",\"position\":6,\"name\":\"Magic &#8211; Avatar The Last Airbender &#8211; Beginner Box\"}]},{\"@type\":\"WebSite\",\"@id\":\"https:\\\/\\\/theuncommonshop.ch\\\/#website\",\"url\":\"https:\\\/\\\/theuncommonshop.ch\\\/\",\"name\":\"Largest trading card shop in Switzerland\",\"description\":\"Magic, Pok\u00e9mon and Yu-gi-oh - The Uncommon Shop\",\"potentialAction\":[{\"@type\":\"SearchAction\",\"target\":{\"@type\":\"EntryPoint\",\"urlTemplate\":\"https:\\\/\\\/theuncommonshop.ch\\\/?s={search_term_string}\"},\"query-input\":{\"@type\":\"PropertyValueSpecification\",\"valueRequired\":true,\"valueName\":\"search_term_string\"}}],\"inLanguage\":\"fr-FR\"}]}<\/script>\n<meta property=\"og:availability\" content=\"instock\" \/>\n<meta property=\"product:availability\" content=\"instock\" \/>\n<meta property=\"product:condition\" content=\"new\" \/>\n<!-- \/ Yoast SEO plugin. -->","yoast_head_json":{"title":"Ach\u00e8te Magic - Avatar The Last Airbender - Beginner Box","description":"Ach\u00e8te Magic - Avatar The Last Airbender - Beginner Box en ligne maintenant \u00e0 petit prix! Ton #1 shop pour cartes TCG & Pok\u00e9mon en Suisse \u2713 Livraison gratuite d\u00e8s CHF 29","robots":{"index":"index","follow":"follow","max-snippet":"max-snippet:-1","max-image-preview":"max-image-preview:large","max-video-preview":"max-video-preview:-1"},"canonical":"https:\/\/theuncommonshop.ch\/fr\/product\/magic-avatar-the-last-airbender-beginner-box-3\/","og_locale":"fr_FR","og_type":"article","og_title":"Ach\u00e8te Magic - Avatar The Last Airbender - Beginner Box","og_description":"Ach\u00e8te Magic - Avatar The Last Airbender - Beginner Box en ligne maintenant \u00e0 petit prix! Ton #1 shop pour cartes TCG & Pok\u00e9mon en Suisse \u2713 Livraison gratuite d\u00e8s CHF 29","og_url":"https:\/\/theuncommonshop.ch\/fr\/product\/magic-avatar-the-last-airbender-beginner-box-3\/","og_site_name":"Largest trading card shop in Switzerland","article_modified_time":"2026-04-01T02:53:13+00:00","og_image":[{"width":1000,"height":1000,"url":"https:\/\/theuncommonshop.ch\/wp-content\/uploads\/2025\/12\/5105260964.jpg","type":"image\/jpeg"}],"twitter_card":"summary_large_image","twitter_misc":{"Disponibilit\u00e9":"En stock"},"schema":{"@context":"https:\/\/schema.org","@graph":[{"@type":"WebPage","@id":"https:\/\/theuncommonshop.ch\/fr\/product\/magic-avatar-the-last-airbender-beginner-box-3\/","url":"https:\/\/theuncommonshop.ch\/fr\/product\/magic-avatar-the-last-airbender-beginner-box-3\/","name":"Ach\u00e8te Magic - Avatar The Last Airbender - Beginner Box","isPartOf":{"@id":"https:\/\/theuncommonshop.ch\/#website"},"primaryImageOfPage":{"@id":"https:\/\/theuncommonshop.ch\/fr\/product\/magic-avatar-the-last-airbender-beginner-box-3\/#primaryimage"},"image":{"@id":"https:\/\/theuncommonshop.ch\/fr\/product\/magic-avatar-the-last-airbender-beginner-box-3\/#primaryimage"},"thumbnailUrl":"https:\/\/theuncommonshop.ch\/wp-content\/uploads\/2025\/12\/5105260964.jpg","datePublished":"2025-12-30T23:37:00+00:00","dateModified":"2026-04-01T02:53:13+00:00","description":"Ach\u00e8te Magic - Avatar The Last Airbender - Beginner Box en ligne maintenant \u00e0 petit prix! Ton #1 shop pour cartes TCG & Pok\u00e9mon en Suisse \u2713 Livraison gratuite d\u00e8s CHF 29","breadcrumb":{"@id":"https:\/\/theuncommonshop.ch\/fr\/product\/magic-avatar-the-last-airbender-beginner-box-3\/#breadcrumb"},"inLanguage":"fr-FR","potentialAction":[{"@type":"ReadAction","target":["https:\/\/theuncommonshop.ch\/fr\/product\/magic-avatar-the-last-airbender-beginner-box-3\/"]}]},{"@type":"ImageObject","inLanguage":"fr-FR","@id":"https:\/\/theuncommonshop.ch\/fr\/product\/magic-avatar-the-last-airbender-beginner-box-3\/#primaryimage","url":"https:\/\/theuncommonshop.ch\/wp-content\/uploads\/2025\/12\/5105260964.jpg","contentUrl":"https:\/\/theuncommonshop.ch\/wp-content\/uploads\/2025\/12\/5105260964.jpg","width":1000,"height":1000},{"@type":"BreadcrumbList","@id":"https:\/\/theuncommonshop.ch\/fr\/product\/magic-avatar-the-last-airbender-beginner-box-3\/#breadcrumb","itemListElement":[{"@type":"ListItem","position":1,"name":"Accueil","item":"https:\/\/theuncommonshop.ch\/fr\/accueil\/"},{"@type":"ListItem","position":2,"name":"Boutique","item":"https:\/\/theuncommonshop.ch\/fr\/boutique\/"},{"@type":"ListItem","position":3,"name":"Magic the Gathering","item":"https:\/\/theuncommonshop.ch\/produktkategorie\/magic-the-gathering\/"},{"@type":"ListItem","position":4,"name":"Andere","item":"https:\/\/theuncommonshop.ch\/produktkategorie\/magic-the-gathering\/andere\/"},{"@type":"ListItem","position":5,"name":"Sonstiges","item":"https:\/\/theuncommonshop.ch\/produktkategorie\/magic-the-gathering\/andere\/mtg-sonstiges\/"},{"@type":"ListItem","position":6,"name":"Magic &#8211; Avatar The Last Airbender &#8211; Beginner Box"}]},{"@type":"WebSite","@id":"https:\/\/theuncommonshop.ch\/#website","url":"https:\/\/theuncommonshop.ch\/","name":"Largest trading card shop in Switzerland","description":"Magic, Pok\u00e9mon and Yu-gi-oh - The Uncommon Shop","potentialAction":[{"@type":"SearchAction","target":{"@type":"EntryPoint","urlTemplate":"https:\/\/theuncommonshop.ch\/?s={search_term_string}"},"query-input":{"@type":"PropertyValueSpecification","valueRequired":true,"valueName":"search_term_string"}}],"inLanguage":"fr-FR"}]},"og_availability":"instock","product_availability":"instock","product_condition":"new"},"_links":{"self":[{"href":"https:\/\/theuncommonshop.ch\/fr\/wp-json\/wp\/v2\/product\/314596","targetHints":{"allow":["GET"]}}],"collection":[{"href":"https:\/\/theuncommonshop.ch\/fr\/wp-json\/wp\/v2\/product"}],"about":[{"href":"https:\/\/theuncommonshop.ch\/fr\/wp-json\/wp\/v2\/types\/product"}],"replies":[{"embeddable":true,"href":"https:\/\/theuncommonshop.ch\/fr\/wp-json\/wp\/v2\/comments?post=314596"}],"version-history":[{"count":3,"href":"https:\/\/theuncommonshop.ch\/fr\/wp-json\/wp\/v2\/product\/314596\/revisions"}],"predecessor-version":[{"id":365893,"href":"https:\/\/theuncommonshop.ch\/fr\/wp-json\/wp\/v2\/product\/314596\/revisions\/365893"}],"wp:featuredmedia":[{"embeddable":true,"href":"https:\/\/theuncommonshop.ch\/fr\/wp-json\/wp\/v2\/media\/262803"}],"wp:attachment":[{"href":"https:\/\/theuncommonshop.ch\/fr\/wp-json\/wp\/v2\/media?parent=314596"}],"wp:term":[{"taxonomy":"product_brand","embeddable":true,"href":"https:\/\/theuncommonshop.ch\/fr\/wp-json\/wp\/v2\/product_brand?post=314596"},{"taxonomy":"product_cat","embeddable":true,"href":"https:\/\/theuncommonshop.ch\/fr\/wp-json\/wp\/v2\/product_cat?post=314596"},{"taxonomy":"product_tag","embeddable":true,"href":"https:\/\/theuncommonshop.ch\/fr\/wp-json\/wp\/v2\/product_tag?post=314596"}],"curies":[{"name":"wp","href":"https:\/\/api.w.org\/{rel}","templated":true}]}}