{"id":314587,"date":"2025-12-31T00:35:49","date_gmt":"2025-12-31T00:35:49","guid":{"rendered":"http:\/\/theuncommonshop.ch\/produkt\/314587\/"},"modified":"2026-03-08T22:49:40","modified_gmt":"2026-03-08T21:49:40","slug":"warhammer-age-of-sigmar-spearhead-gloomspite-gitz-snarlpack-huntaz-2","status":"publish","type":"product","link":"https:\/\/theuncommonshop.ch\/fr\/product\/warhammer-age-of-sigmar-spearhead-gloomspite-gitz-snarlpack-huntaz-2\/","title":{"rendered":"Warhammer Age of Sigmar &#8211; Spearhead: Gloomspite Gitz &#8211; Snarlpack Huntaz"},"content":{"rendered":"<p>Lorsqu&#8217;il revendique de nouvelles terres pour sa meute, un chef Fletsch chevauche en avant avec une troupe de reconnaissance tri\u00e9e sur le volet, connue sous le nom de Rudelfletscha-J\u00e4ga. Le chef est accompagn\u00e9 de loyaux Wolfgits, de Rudelfletschas et de Sonn&#8217;nr\u00e4uber-Kriegswag&#8217;n. Ils foncent \u00e0 l&#8217;assaut \u00e0 la vitesse de l&#8217;\u00e9clair et engloutissent leurs ennemis sous une gr\u00eale chaotique de crocs, de griffes et de lances.  <\/p>\n<p>Si vous souhaitez conqu\u00e9rir les royaumes des mortels sous l&#8217;\u0153il vigilant de Fetzgit, cette bo\u00eete est le point de d\u00e9part id\u00e9al pour une collection de Gits de la folie lunaire, ou tout aussi id\u00e9al pour agrandir une arm\u00e9e existante. De plus, elle vous permet d&#8217;\u00e9conomiser de l&#8217;argent par rapport \u00e0 l&#8217;achat de kits individuels. Cette force rapide comme l&#8217;\u00e9clair est dirig\u00e9e par un Fletschaboss assoiff\u00e9 de sang chevauchant un loup, et par sa suite de Wolfgits. Les Fletchs de meute agressifs se lancent \u00e0 l&#8217;assaut des objectifs et affaiblissent les unit\u00e9s ennemies, tandis que les Sonn&#8217;nr\u00e4uber-Kriegswag&#8217;n r\u00e9duisent leurs victimes en miettes. Ces miniatures forment une force compl\u00e8te pour Fer de lance, vous pouvez donc les utiliser d\u00e8s la sortie de la bo\u00eete pour vous plonger dans des parties rapides et tactiques et conqu\u00e9rir de nouveaux pays.    <\/p>\n<p><strong>Dans ce set, vous trouverez 11 miniatures en plastique en plusieurs parties des Gits de la folie lunaire :<\/strong><\/p>\n<p>&#8211; 1x D\u00e9chiqueteur<\/p>\n<p>&#8211; 2x Gits de loup de suite<\/p>\n<p>&#8211; 2x voiture de guerre Sonn&#8217;nr\u00e4uber<\/p>\n<p>&#8211; 6x Glace de la meute<\/p>\n<p>Les miniatures du kit vous offrent de nombreuses possibilit\u00e9s de personnalisation. Les chariots de guerre Sonn&#8217;nr\u00e4uber ont des options cosm\u00e9tiques, y compris des roues, des harnais, des armes et des t\u00eates. Les t\u00eates de loup de la Rudelfletscha sont interchangeables et vous pouvez construire jusqu&#8217;\u00e0 deux champions optionnels pour vos troupes mont\u00e9es d&#8217;\u00e9lite.  <\/p>\n<p>Ce kit comprend 232 pi\u00e8ces en plastique, dont 3x bases con\u00e7ues, 2x bases ovales Citadel (105 mm x 70 mm) et 6x bases ovales Citadel (70 mm x 41,5 mm). Ces miniatures ne sont pas peintes et doivent \u00eatre assembl\u00e9es &#8211; nous vous recommandons d&#8217;utiliser de la colle \u00e0 plastique Citadel et de la peinture Citadel Colour. <\/p>\n<p><i><\/i><\/p>\n<div style=\"display: inline !important;\"><\/div>\n","protected":false},"excerpt":{"rendered":"<p>Lorsqu&#8217;il revendique de nouvelles terres pour sa meute, un chef Fletsch chevauche en avant avec une troupe de reconnaissance tri\u00e9e<\/p>\n","protected":false},"featured_media":264662,"comment_status":"open","ping_status":"closed","template":"","meta":{"_acf_changed":false},"product_brand":[5078,5154],"product_cat":[9925,9929],"product_tag":[],"class_list":{"0":"post-314587","1":"product","2":"type-product","3":"status-publish","4":"has-post-thumbnail","6":"product_brand-games-workshop","7":"product_brand-warhammer","8":"product_cat-tabletop-fr","9":"product_cat-warhammer-age-of-sigmar-fr","11":"first","12":"instock","13":"sale","14":"taxable","15":"shipping-taxable","16":"purchasable","17":"product-type-simple"},"acf":[],"yoast_head":"<!-- This site is optimized with the Yoast SEO plugin v27.4 - https:\/\/yoast.com\/product\/yoast-seo-wordpress\/ -->\n<title>Ach\u00e8te Warhammer Age of Sigmar - Spearhead: Gloomspite Gitz - Snarlpack Huntaz<\/title>\n<meta name=\"description\" content=\"Ach\u00e8te Warhammer Age of Sigmar - Spearhead: Gloomspite Gitz - Snarlpack Huntaz en ligne maintenant \u00e0 petit prix! Ton #1 shop pour cartes TCG &amp; Pok\u00e9mon en Suisse \u2713 Livraison gratuite d\u00e8s CHF 29\" \/>\n<meta name=\"robots\" content=\"index, follow, max-snippet:-1, max-image-preview:large, max-video-preview:-1\" \/>\n<link rel=\"canonical\" href=\"https:\/\/theuncommonshop.ch\/fr\/product\/warhammer-age-of-sigmar-spearhead-gloomspite-gitz-snarlpack-huntaz-2\/\" \/>\n<meta property=\"og:locale\" content=\"fr_FR\" \/>\n<meta property=\"og:type\" content=\"article\" \/>\n<meta property=\"og:title\" content=\"Ach\u00e8te Warhammer Age of Sigmar - Spearhead: Gloomspite Gitz - Snarlpack Huntaz\" \/>\n<meta property=\"og:description\" content=\"Ach\u00e8te Warhammer Age of Sigmar - Spearhead: Gloomspite Gitz - Snarlpack Huntaz en ligne maintenant \u00e0 petit prix! Ton #1 shop pour cartes TCG &amp; Pok\u00e9mon en Suisse \u2713 Livraison gratuite d\u00e8s CHF 29\" \/>\n<meta property=\"og:url\" content=\"https:\/\/theuncommonshop.ch\/fr\/product\/warhammer-age-of-sigmar-spearhead-gloomspite-gitz-snarlpack-huntaz-2\/\" \/>\n<meta property=\"og:site_name\" content=\"Largest trading card shop in Switzerland\" \/>\n<meta property=\"article:modified_time\" content=\"2026-03-08T21:49:40+00:00\" \/>\n<meta property=\"og:image\" content=\"https:\/\/theuncommonshop.ch\/wp-content\/uploads\/2025\/12\/5168887017.jpg\" \/>\n\t<meta property=\"og:image:width\" content=\"918\" \/>\n\t<meta property=\"og:image:height\" content=\"948\" \/>\n\t<meta property=\"og:image:type\" content=\"image\/jpeg\" \/>\n<meta name=\"twitter:card\" content=\"summary_large_image\" \/>\n<meta name=\"twitter:label1\" content=\"Prix\" \/>\n\t<meta name=\"twitter:data1\" content=\"&#067;&#072;&#070;&nbsp;99.95\" \/>\n\t<meta name=\"twitter:label2\" content=\"Disponibilit\u00e9\" \/>\n\t<meta name=\"twitter:data2\" content=\"En stock\" \/>\n<script type=\"application\/ld+json\" class=\"yoast-schema-graph\">{\"@context\":\"https:\\\/\\\/schema.org\",\"@graph\":[{\"@type\":\"WebPage\",\"@id\":\"https:\\\/\\\/theuncommonshop.ch\\\/fr\\\/product\\\/warhammer-age-of-sigmar-spearhead-gloomspite-gitz-snarlpack-huntaz-2\\\/\",\"url\":\"https:\\\/\\\/theuncommonshop.ch\\\/fr\\\/product\\\/warhammer-age-of-sigmar-spearhead-gloomspite-gitz-snarlpack-huntaz-2\\\/\",\"name\":\"Ach\u00e8te Warhammer Age of Sigmar - Spearhead: Gloomspite Gitz - Snarlpack Huntaz\",\"isPartOf\":{\"@id\":\"https:\\\/\\\/theuncommonshop.ch\\\/#website\"},\"primaryImageOfPage\":{\"@id\":\"https:\\\/\\\/theuncommonshop.ch\\\/fr\\\/product\\\/warhammer-age-of-sigmar-spearhead-gloomspite-gitz-snarlpack-huntaz-2\\\/#primaryimage\"},\"image\":{\"@id\":\"https:\\\/\\\/theuncommonshop.ch\\\/fr\\\/product\\\/warhammer-age-of-sigmar-spearhead-gloomspite-gitz-snarlpack-huntaz-2\\\/#primaryimage\"},\"thumbnailUrl\":\"https:\\\/\\\/theuncommonshop.ch\\\/wp-content\\\/uploads\\\/2025\\\/12\\\/5168887017.jpg\",\"datePublished\":\"2025-12-31T00:35:49+00:00\",\"dateModified\":\"2026-03-08T21:49:40+00:00\",\"description\":\"Ach\u00e8te Warhammer Age of Sigmar - Spearhead: Gloomspite Gitz - Snarlpack Huntaz en ligne maintenant \u00e0 petit prix! Ton #1 shop pour cartes TCG & Pok\u00e9mon en Suisse \u2713 Livraison gratuite d\u00e8s CHF 29\",\"breadcrumb\":{\"@id\":\"https:\\\/\\\/theuncommonshop.ch\\\/fr\\\/product\\\/warhammer-age-of-sigmar-spearhead-gloomspite-gitz-snarlpack-huntaz-2\\\/#breadcrumb\"},\"inLanguage\":\"fr-FR\",\"potentialAction\":[{\"@type\":\"ReadAction\",\"target\":[\"https:\\\/\\\/theuncommonshop.ch\\\/fr\\\/product\\\/warhammer-age-of-sigmar-spearhead-gloomspite-gitz-snarlpack-huntaz-2\\\/\"]}]},{\"@type\":\"ImageObject\",\"inLanguage\":\"fr-FR\",\"@id\":\"https:\\\/\\\/theuncommonshop.ch\\\/fr\\\/product\\\/warhammer-age-of-sigmar-spearhead-gloomspite-gitz-snarlpack-huntaz-2\\\/#primaryimage\",\"url\":\"https:\\\/\\\/theuncommonshop.ch\\\/wp-content\\\/uploads\\\/2025\\\/12\\\/5168887017.jpg\",\"contentUrl\":\"https:\\\/\\\/theuncommonshop.ch\\\/wp-content\\\/uploads\\\/2025\\\/12\\\/5168887017.jpg\",\"width\":918,\"height\":948},{\"@type\":\"BreadcrumbList\",\"@id\":\"https:\\\/\\\/theuncommonshop.ch\\\/fr\\\/product\\\/warhammer-age-of-sigmar-spearhead-gloomspite-gitz-snarlpack-huntaz-2\\\/#breadcrumb\",\"itemListElement\":[{\"@type\":\"ListItem\",\"position\":1,\"name\":\"Accueil\",\"item\":\"https:\\\/\\\/theuncommonshop.ch\\\/fr\\\/accueil\\\/\"},{\"@type\":\"ListItem\",\"position\":2,\"name\":\"Boutique\",\"item\":\"https:\\\/\\\/theuncommonshop.ch\\\/fr\\\/boutique\\\/\"},{\"@type\":\"ListItem\",\"position\":3,\"name\":\"Tabletop\",\"item\":\"https:\\\/\\\/theuncommonshop.ch\\\/fr\\\/categorie-produit\\\/tabletop-fr\\\/\"},{\"@type\":\"ListItem\",\"position\":4,\"name\":\"Warhammer Age of Sigmar\",\"item\":\"https:\\\/\\\/theuncommonshop.ch\\\/fr\\\/categorie-produit\\\/tabletop-fr\\\/warhammer-age-of-sigmar-fr\\\/\"},{\"@type\":\"ListItem\",\"position\":5,\"name\":\"Warhammer Age of Sigmar &#8211; Spearhead: Gloomspite Gitz &#8211; Snarlpack Huntaz\"}]},{\"@type\":\"WebSite\",\"@id\":\"https:\\\/\\\/theuncommonshop.ch\\\/#website\",\"url\":\"https:\\\/\\\/theuncommonshop.ch\\\/\",\"name\":\"Largest trading card shop in Switzerland\",\"description\":\"Magic, Pok\u00e9mon and Yu-gi-oh - The Uncommon Shop\",\"potentialAction\":[{\"@type\":\"SearchAction\",\"target\":{\"@type\":\"EntryPoint\",\"urlTemplate\":\"https:\\\/\\\/theuncommonshop.ch\\\/?s={search_term_string}\"},\"query-input\":{\"@type\":\"PropertyValueSpecification\",\"valueRequired\":true,\"valueName\":\"search_term_string\"}}],\"inLanguage\":\"fr-FR\"}]}<\/script>\n<meta property=\"product:price:amount\" content=\"99.95\" \/>\n<meta property=\"product:price:currency\" content=\"CHF\" \/>\n<meta property=\"og:availability\" content=\"instock\" \/>\n<meta property=\"product:availability\" content=\"instock\" \/>\n<meta property=\"product:retailer_item_id\" content=\"WH.WarHamAgeOfSigSnarlpackHuntaz\" \/>\n<meta property=\"product:condition\" content=\"new\" \/>\n<!-- \/ Yoast SEO plugin. -->","yoast_head_json":{"title":"Ach\u00e8te Warhammer Age of Sigmar - Spearhead: Gloomspite Gitz - Snarlpack Huntaz","description":"Ach\u00e8te Warhammer Age of Sigmar - Spearhead: Gloomspite Gitz - Snarlpack Huntaz en ligne maintenant \u00e0 petit prix! Ton #1 shop pour cartes TCG & Pok\u00e9mon en Suisse \u2713 Livraison gratuite d\u00e8s CHF 29","robots":{"index":"index","follow":"follow","max-snippet":"max-snippet:-1","max-image-preview":"max-image-preview:large","max-video-preview":"max-video-preview:-1"},"canonical":"https:\/\/theuncommonshop.ch\/fr\/product\/warhammer-age-of-sigmar-spearhead-gloomspite-gitz-snarlpack-huntaz-2\/","og_locale":"fr_FR","og_type":"article","og_title":"Ach\u00e8te Warhammer Age of Sigmar - Spearhead: Gloomspite Gitz - Snarlpack Huntaz","og_description":"Ach\u00e8te Warhammer Age of Sigmar - Spearhead: Gloomspite Gitz - Snarlpack Huntaz en ligne maintenant \u00e0 petit prix! Ton #1 shop pour cartes TCG & Pok\u00e9mon en Suisse \u2713 Livraison gratuite d\u00e8s CHF 29","og_url":"https:\/\/theuncommonshop.ch\/fr\/product\/warhammer-age-of-sigmar-spearhead-gloomspite-gitz-snarlpack-huntaz-2\/","og_site_name":"Largest trading card shop in Switzerland","article_modified_time":"2026-03-08T21:49:40+00:00","og_image":[{"width":918,"height":948,"url":"https:\/\/theuncommonshop.ch\/wp-content\/uploads\/2025\/12\/5168887017.jpg","type":"image\/jpeg"}],"twitter_card":"summary_large_image","twitter_misc":{"Prix":"&#67;&#72;&#70;&nbsp;99.95","Disponibilit\u00e9":"En stock"},"schema":{"@context":"https:\/\/schema.org","@graph":[{"@type":"WebPage","@id":"https:\/\/theuncommonshop.ch\/fr\/product\/warhammer-age-of-sigmar-spearhead-gloomspite-gitz-snarlpack-huntaz-2\/","url":"https:\/\/theuncommonshop.ch\/fr\/product\/warhammer-age-of-sigmar-spearhead-gloomspite-gitz-snarlpack-huntaz-2\/","name":"Ach\u00e8te Warhammer Age of Sigmar - Spearhead: Gloomspite Gitz - Snarlpack Huntaz","isPartOf":{"@id":"https:\/\/theuncommonshop.ch\/#website"},"primaryImageOfPage":{"@id":"https:\/\/theuncommonshop.ch\/fr\/product\/warhammer-age-of-sigmar-spearhead-gloomspite-gitz-snarlpack-huntaz-2\/#primaryimage"},"image":{"@id":"https:\/\/theuncommonshop.ch\/fr\/product\/warhammer-age-of-sigmar-spearhead-gloomspite-gitz-snarlpack-huntaz-2\/#primaryimage"},"thumbnailUrl":"https:\/\/theuncommonshop.ch\/wp-content\/uploads\/2025\/12\/5168887017.jpg","datePublished":"2025-12-31T00:35:49+00:00","dateModified":"2026-03-08T21:49:40+00:00","description":"Ach\u00e8te Warhammer Age of Sigmar - Spearhead: Gloomspite Gitz - Snarlpack Huntaz en ligne maintenant \u00e0 petit prix! Ton #1 shop pour cartes TCG & Pok\u00e9mon en Suisse \u2713 Livraison gratuite d\u00e8s CHF 29","breadcrumb":{"@id":"https:\/\/theuncommonshop.ch\/fr\/product\/warhammer-age-of-sigmar-spearhead-gloomspite-gitz-snarlpack-huntaz-2\/#breadcrumb"},"inLanguage":"fr-FR","potentialAction":[{"@type":"ReadAction","target":["https:\/\/theuncommonshop.ch\/fr\/product\/warhammer-age-of-sigmar-spearhead-gloomspite-gitz-snarlpack-huntaz-2\/"]}]},{"@type":"ImageObject","inLanguage":"fr-FR","@id":"https:\/\/theuncommonshop.ch\/fr\/product\/warhammer-age-of-sigmar-spearhead-gloomspite-gitz-snarlpack-huntaz-2\/#primaryimage","url":"https:\/\/theuncommonshop.ch\/wp-content\/uploads\/2025\/12\/5168887017.jpg","contentUrl":"https:\/\/theuncommonshop.ch\/wp-content\/uploads\/2025\/12\/5168887017.jpg","width":918,"height":948},{"@type":"BreadcrumbList","@id":"https:\/\/theuncommonshop.ch\/fr\/product\/warhammer-age-of-sigmar-spearhead-gloomspite-gitz-snarlpack-huntaz-2\/#breadcrumb","itemListElement":[{"@type":"ListItem","position":1,"name":"Accueil","item":"https:\/\/theuncommonshop.ch\/fr\/accueil\/"},{"@type":"ListItem","position":2,"name":"Boutique","item":"https:\/\/theuncommonshop.ch\/fr\/boutique\/"},{"@type":"ListItem","position":3,"name":"Tabletop","item":"https:\/\/theuncommonshop.ch\/fr\/categorie-produit\/tabletop-fr\/"},{"@type":"ListItem","position":4,"name":"Warhammer Age of Sigmar","item":"https:\/\/theuncommonshop.ch\/fr\/categorie-produit\/tabletop-fr\/warhammer-age-of-sigmar-fr\/"},{"@type":"ListItem","position":5,"name":"Warhammer Age of Sigmar &#8211; Spearhead: Gloomspite Gitz &#8211; Snarlpack Huntaz"}]},{"@type":"WebSite","@id":"https:\/\/theuncommonshop.ch\/#website","url":"https:\/\/theuncommonshop.ch\/","name":"Largest trading card shop in Switzerland","description":"Magic, Pok\u00e9mon and Yu-gi-oh - The Uncommon Shop","potentialAction":[{"@type":"SearchAction","target":{"@type":"EntryPoint","urlTemplate":"https:\/\/theuncommonshop.ch\/?s={search_term_string}"},"query-input":{"@type":"PropertyValueSpecification","valueRequired":true,"valueName":"search_term_string"}}],"inLanguage":"fr-FR"}]},"product_price_amount":"99.95","product_price_currency":"CHF","og_availability":"instock","product_availability":"instock","product_retailer_item_id":"WH.WarHamAgeOfSigSnarlpackHuntaz","product_condition":"new"},"_links":{"self":[{"href":"https:\/\/theuncommonshop.ch\/fr\/wp-json\/wp\/v2\/product\/314587","targetHints":{"allow":["GET"]}}],"collection":[{"href":"https:\/\/theuncommonshop.ch\/fr\/wp-json\/wp\/v2\/product"}],"about":[{"href":"https:\/\/theuncommonshop.ch\/fr\/wp-json\/wp\/v2\/types\/product"}],"replies":[{"embeddable":true,"href":"https:\/\/theuncommonshop.ch\/fr\/wp-json\/wp\/v2\/comments?post=314587"}],"version-history":[{"count":1,"href":"https:\/\/theuncommonshop.ch\/fr\/wp-json\/wp\/v2\/product\/314587\/revisions"}],"predecessor-version":[{"id":314589,"href":"https:\/\/theuncommonshop.ch\/fr\/wp-json\/wp\/v2\/product\/314587\/revisions\/314589"}],"wp:featuredmedia":[{"embeddable":true,"href":"https:\/\/theuncommonshop.ch\/fr\/wp-json\/wp\/v2\/media\/264662"}],"wp:attachment":[{"href":"https:\/\/theuncommonshop.ch\/fr\/wp-json\/wp\/v2\/media?parent=314587"}],"wp:term":[{"taxonomy":"product_brand","embeddable":true,"href":"https:\/\/theuncommonshop.ch\/fr\/wp-json\/wp\/v2\/product_brand?post=314587"},{"taxonomy":"product_cat","embeddable":true,"href":"https:\/\/theuncommonshop.ch\/fr\/wp-json\/wp\/v2\/product_cat?post=314587"},{"taxonomy":"product_tag","embeddable":true,"href":"https:\/\/theuncommonshop.ch\/fr\/wp-json\/wp\/v2\/product_tag?post=314587"}],"curies":[{"name":"wp","href":"https:\/\/api.w.org\/{rel}","templated":true}]}}