{"id":314583,"date":"2025-12-31T00:37:02","date_gmt":"2025-12-31T00:37:02","guid":{"rendered":"http:\/\/theuncommonshop.ch\/produkt\/314583\/"},"modified":"2026-03-08T22:49:39","modified_gmt":"2026-03-08T21:49:39","slug":"warhammer-age-of-sigmar-spearhead-soulblight-gravelords-deathrattle-tomb-host-2","status":"publish","type":"product","link":"https:\/\/theuncommonshop.ch\/fr\/product\/warhammer-age-of-sigmar-spearhead-soulblight-gravelords-deathrattle-tomb-host-2\/","title":{"rendered":"Warhammer Age of Sigmar &#8211; Spearhead: Soulblight Gravelords &#8211; Deathrattle Tomb Host"},"content":{"rendered":"<div>Les Deathrattle Tomb Hosts incarnent la puissance militaire des royaumes des Tumulus. Ils sont ressuscit\u00e9s lorsque l&#8217;ensemble du royaume de tumulus d&#8217;un roi de Wight est \u00e9vacu\u00e9 pour la guerre et que ses sujets morts-vivants prennent les \u00e9p\u00e9es et les lances sur l&#8217;ordre tacite de leur suzerain \u00e9ternel. <\/div>\n<div>Suivez l&#8217;appel aux armes avec cette bo\u00eete, id\u00e9ale pour commencer une nouvelle collection de Soulblight Gravelords &#8211; ou pour agrandir une arm\u00e9e existante &#8211; et \u00e9conomiser de l&#8217;argent par rapport \u00e0 l&#8217;achat des kits s\u00e9par\u00e9ment. L&#8217;arm\u00e9e est dirig\u00e9e par un Wight King commandant, qui combat \u00e0 la t\u00eate des hordes et est prot\u00e9g\u00e9 par l&#8217;\u00e9lite de la Garde de Barrow. Une unit\u00e9 de Barrow Knights charge en avant pour \u00e9craser les unit\u00e9s fortes et conqu\u00e9rir des objectifs, tandis qu&#8217;une grande unit\u00e9 de Deathrattle Skeletons contr\u00f4le le terrain et prot\u00e8ge les ressources importantes. Ces miniatures forment une arm\u00e9e Spearhead compl\u00e8te, ce qui vous permet de vous lancer imm\u00e9diatement dans des parties tactiques passionnantes et de d\u00e9truire les vivants.   <\/div>\n<div>Ce Box Set contient 40 miniatures de Soulblight Gravelords en plastique en plusieurs parties :<\/div>\n<div>&#8211; 1x Wight King<\/div>\n<div>&#8211; 5x Chevaliers de Barrow<\/div>\n<div>&#8211; 10x Barrow Guard<\/div>\n<div>&#8211; 20x Deathrattle Skeletons avec 4x Tombstones<\/div>\n<div>Les miniatures de cette bo\u00eete sont facilement personnalisables. Les Barrow Knights contiennent des pi\u00e8ces pour construire un champion, un porte-drapeau et un musicien optionnels, et les casques et boucliers sont interchangeables au sein de l&#8217;unit\u00e9. <\/div>\n<div>La Barrow Guard peut inclure un champion optionnel avec une \u00e9p\u00e9e et un bouclier ou une massue, un porte-drapeau et un musicien. Les casques sont interchangeables au sein de l&#8217;unit\u00e9, et ils peuvent \u00e9changer leurs \u00e9p\u00e9es rouill\u00e9es et leurs boucliers caract\u00e9ristiques contre de lourdes gaules \u00e0 deux mains. <\/div>\n<div>Les Deathrattle Skeletons contiennent des pi\u00e8ces permettant de construire jusqu&#8217;\u00e0 deux champions et porte-drapeaux optionnels. Les champions ont le choix entre quatre armes diff\u00e9rentes, tandis que les autres Deathrattle Skeletons peuvent \u00eatre arm\u00e9s soit de lances, soit d&#8217;\u00e9p\u00e9es dentel\u00e9es. Les armes et les boucliers sont interchangeables entre les miniatures, ce qui vous permet de personnaliser facilement votre arm\u00e9e immortelle.  <\/div>\n<div>Le kit contient 287 pi\u00e8ces en plastique, 5 bases ovales Citadel (60 mm x 35 mm), 1 base ronde Citadel (32 mm), 10 bases rondes Citadel (28,5 mm) et 24 bases rondes Citadel (25 mm). Ces miniatures doivent \u00eatre assembl\u00e9es et sont livr\u00e9es non peintes &#8211; nous vous recommandons d&#8217;utiliser de la colle \u00e0 plastique Citadel et de la peinture Citadel.<\/div>\n<p><i><\/i><\/p>\n<div style=\"display: inline !important;\"><\/div>\n","protected":false},"excerpt":{"rendered":"<p>Les Deathrattle Tomb Hosts incarnent la puissance militaire des royaumes des Tumulus. Ils sont ressuscit\u00e9s lorsque l&#8217;ensemble du royaume de<\/p>\n","protected":false},"featured_media":264708,"comment_status":"open","ping_status":"closed","template":"","meta":{"_acf_changed":false},"product_brand":[5078,5154],"product_cat":[9925,9929],"product_tag":[],"class_list":{"0":"post-314583","1":"product","2":"type-product","3":"status-publish","4":"has-post-thumbnail","6":"product_brand-games-workshop","7":"product_brand-warhammer","8":"product_cat-tabletop-fr","9":"product_cat-warhammer-age-of-sigmar-fr","11":"first","12":"outofstock","13":"sale","14":"taxable","15":"shipping-taxable","16":"purchasable","17":"product-type-simple"},"acf":[],"yoast_head":"<!-- This site is optimized with the Yoast SEO plugin v27.5 - https:\/\/yoast.com\/product\/yoast-seo-wordpress\/ -->\n<title>Ach\u00e8te Warhammer Age of Sigmar - Spearhead: Soulblight Gravelords - Deathrattle Tomb Host<\/title>\n<meta name=\"description\" content=\"Ach\u00e8te Warhammer Age of Sigmar - Spearhead: Soulblight Gravelords - Deathrattle Tomb Host en ligne maintenant \u00e0 petit prix! Ton #1 shop pour cartes TCG &amp; Pok\u00e9mon en Suisse \u2713 Livraison gratuite d\u00e8s CHF 29\" \/>\n<meta name=\"robots\" content=\"index, follow, max-snippet:-1, max-image-preview:large, max-video-preview:-1\" \/>\n<link rel=\"canonical\" href=\"https:\/\/theuncommonshop.ch\/fr\/product\/warhammer-age-of-sigmar-spearhead-soulblight-gravelords-deathrattle-tomb-host-2\/\" \/>\n<meta property=\"og:locale\" content=\"fr_FR\" \/>\n<meta property=\"og:type\" content=\"article\" \/>\n<meta property=\"og:title\" content=\"Ach\u00e8te Warhammer Age of Sigmar - Spearhead: Soulblight Gravelords - Deathrattle Tomb Host\" \/>\n<meta property=\"og:description\" content=\"Ach\u00e8te Warhammer Age of Sigmar - Spearhead: Soulblight Gravelords - Deathrattle Tomb Host en ligne maintenant \u00e0 petit prix! Ton #1 shop pour cartes TCG &amp; Pok\u00e9mon en Suisse \u2713 Livraison gratuite d\u00e8s CHF 29\" \/>\n<meta property=\"og:url\" content=\"https:\/\/theuncommonshop.ch\/fr\/product\/warhammer-age-of-sigmar-spearhead-soulblight-gravelords-deathrattle-tomb-host-2\/\" \/>\n<meta property=\"og:site_name\" content=\"The Uncommon Shop\" \/>\n<meta property=\"article:modified_time\" content=\"2026-03-08T21:49:39+00:00\" \/>\n<meta property=\"og:image\" content=\"https:\/\/theuncommonshop.ch\/wp-content\/uploads\/2025\/12\/5168917446.jpg\" \/>\n\t<meta property=\"og:image:width\" content=\"918\" \/>\n\t<meta property=\"og:image:height\" content=\"948\" \/>\n\t<meta property=\"og:image:type\" content=\"image\/jpeg\" \/>\n<meta name=\"twitter:card\" content=\"summary_large_image\" \/>\n<meta name=\"twitter:label1\" content=\"Prix\" \/>\n\t<meta name=\"twitter:data1\" content=\"&#067;&#072;&#070;&nbsp;94.95\" \/>\n\t<meta name=\"twitter:label2\" content=\"Disponibilit\u00e9\" \/>\n\t<meta name=\"twitter:data2\" content=\"Rupture de stock\" \/>\n<script type=\"application\/ld+json\" class=\"yoast-schema-graph\">{\"@context\":\"https:\\\/\\\/schema.org\",\"@graph\":[{\"@type\":\"WebPage\",\"@id\":\"https:\\\/\\\/theuncommonshop.ch\\\/fr\\\/product\\\/warhammer-age-of-sigmar-spearhead-soulblight-gravelords-deathrattle-tomb-host-2\\\/\",\"url\":\"https:\\\/\\\/theuncommonshop.ch\\\/fr\\\/product\\\/warhammer-age-of-sigmar-spearhead-soulblight-gravelords-deathrattle-tomb-host-2\\\/\",\"name\":\"Ach\u00e8te Warhammer Age of Sigmar - Spearhead: Soulblight Gravelords - Deathrattle Tomb Host\",\"isPartOf\":{\"@id\":\"https:\\\/\\\/theuncommonshop.ch\\\/fr\\\/#website\"},\"primaryImageOfPage\":{\"@id\":\"https:\\\/\\\/theuncommonshop.ch\\\/fr\\\/product\\\/warhammer-age-of-sigmar-spearhead-soulblight-gravelords-deathrattle-tomb-host-2\\\/#primaryimage\"},\"image\":{\"@id\":\"https:\\\/\\\/theuncommonshop.ch\\\/fr\\\/product\\\/warhammer-age-of-sigmar-spearhead-soulblight-gravelords-deathrattle-tomb-host-2\\\/#primaryimage\"},\"thumbnailUrl\":\"https:\\\/\\\/theuncommonshop.ch\\\/wp-content\\\/uploads\\\/2025\\\/12\\\/5168917446.jpg\",\"datePublished\":\"2025-12-31T00:37:02+00:00\",\"dateModified\":\"2026-03-08T21:49:39+00:00\",\"description\":\"Ach\u00e8te Warhammer Age of Sigmar - Spearhead: Soulblight Gravelords - Deathrattle Tomb Host en ligne maintenant \u00e0 petit prix! Ton #1 shop pour cartes TCG & Pok\u00e9mon en Suisse \u2713 Livraison gratuite d\u00e8s CHF 29\",\"breadcrumb\":{\"@id\":\"https:\\\/\\\/theuncommonshop.ch\\\/fr\\\/product\\\/warhammer-age-of-sigmar-spearhead-soulblight-gravelords-deathrattle-tomb-host-2\\\/#breadcrumb\"},\"inLanguage\":\"fr-FR\",\"potentialAction\":[{\"@type\":\"ReadAction\",\"target\":[\"https:\\\/\\\/theuncommonshop.ch\\\/fr\\\/product\\\/warhammer-age-of-sigmar-spearhead-soulblight-gravelords-deathrattle-tomb-host-2\\\/\"]}]},{\"@type\":\"ImageObject\",\"inLanguage\":\"fr-FR\",\"@id\":\"https:\\\/\\\/theuncommonshop.ch\\\/fr\\\/product\\\/warhammer-age-of-sigmar-spearhead-soulblight-gravelords-deathrattle-tomb-host-2\\\/#primaryimage\",\"url\":\"https:\\\/\\\/theuncommonshop.ch\\\/wp-content\\\/uploads\\\/2025\\\/12\\\/5168917446.jpg\",\"contentUrl\":\"https:\\\/\\\/theuncommonshop.ch\\\/wp-content\\\/uploads\\\/2025\\\/12\\\/5168917446.jpg\",\"width\":918,\"height\":948},{\"@type\":\"BreadcrumbList\",\"@id\":\"https:\\\/\\\/theuncommonshop.ch\\\/fr\\\/product\\\/warhammer-age-of-sigmar-spearhead-soulblight-gravelords-deathrattle-tomb-host-2\\\/#breadcrumb\",\"itemListElement\":[{\"@type\":\"ListItem\",\"position\":1,\"name\":\"Accueil\",\"item\":\"https:\\\/\\\/theuncommonshop.ch\\\/fr\\\/accueil\\\/\"},{\"@type\":\"ListItem\",\"position\":2,\"name\":\"Boutique\",\"item\":\"https:\\\/\\\/theuncommonshop.ch\\\/fr\\\/boutique\\\/\"},{\"@type\":\"ListItem\",\"position\":3,\"name\":\"Tabletop\",\"item\":\"https:\\\/\\\/theuncommonshop.ch\\\/fr\\\/categorie-produit\\\/tabletop-fr\\\/\"},{\"@type\":\"ListItem\",\"position\":4,\"name\":\"Warhammer Age of Sigmar\",\"item\":\"https:\\\/\\\/theuncommonshop.ch\\\/fr\\\/categorie-produit\\\/tabletop-fr\\\/warhammer-age-of-sigmar-fr\\\/\"},{\"@type\":\"ListItem\",\"position\":5,\"name\":\"Warhammer Age of Sigmar &#8211; Spearhead: Soulblight Gravelords &#8211; Deathrattle Tomb Host\"}]},{\"@type\":\"WebSite\",\"@id\":\"https:\\\/\\\/theuncommonshop.ch\\\/fr\\\/#website\",\"url\":\"https:\\\/\\\/theuncommonshop.ch\\\/fr\\\/\",\"name\":\"The Uncommon Shop\",\"description\":\"Magic, Pok\u00e9mon and Yu-gi-oh - The Uncommon Shop\",\"potentialAction\":[{\"@type\":\"SearchAction\",\"target\":{\"@type\":\"EntryPoint\",\"urlTemplate\":\"https:\\\/\\\/theuncommonshop.ch\\\/fr\\\/?s={search_term_string}\"},\"query-input\":{\"@type\":\"PropertyValueSpecification\",\"valueRequired\":true,\"valueName\":\"search_term_string\"}}],\"inLanguage\":\"fr-FR\"}]}<\/script>\n<meta property=\"product:price:amount\" content=\"94.95\" \/>\n<meta property=\"product:price:currency\" content=\"CHF\" \/>\n<meta property=\"og:availability\" content=\"out of stock\" \/>\n<meta property=\"product:availability\" content=\"out of stock\" \/>\n<meta property=\"product:retailer_item_id\" content=\"WH.WarHamAgeOfSigSoulbGraveDeathTombHo\" \/>\n<meta property=\"product:condition\" content=\"new\" \/>\n<!-- \/ Yoast SEO plugin. -->","yoast_head_json":{"title":"Ach\u00e8te Warhammer Age of Sigmar - Spearhead: Soulblight Gravelords - Deathrattle Tomb Host","description":"Ach\u00e8te Warhammer Age of Sigmar - Spearhead: Soulblight Gravelords - Deathrattle Tomb Host en ligne maintenant \u00e0 petit prix! Ton #1 shop pour cartes TCG & Pok\u00e9mon en Suisse \u2713 Livraison gratuite d\u00e8s CHF 29","robots":{"index":"index","follow":"follow","max-snippet":"max-snippet:-1","max-image-preview":"max-image-preview:large","max-video-preview":"max-video-preview:-1"},"canonical":"https:\/\/theuncommonshop.ch\/fr\/product\/warhammer-age-of-sigmar-spearhead-soulblight-gravelords-deathrattle-tomb-host-2\/","og_locale":"fr_FR","og_type":"article","og_title":"Ach\u00e8te Warhammer Age of Sigmar - Spearhead: Soulblight Gravelords - Deathrattle Tomb Host","og_description":"Ach\u00e8te Warhammer Age of Sigmar - Spearhead: Soulblight Gravelords - Deathrattle Tomb Host en ligne maintenant \u00e0 petit prix! Ton #1 shop pour cartes TCG & Pok\u00e9mon en Suisse \u2713 Livraison gratuite d\u00e8s CHF 29","og_url":"https:\/\/theuncommonshop.ch\/fr\/product\/warhammer-age-of-sigmar-spearhead-soulblight-gravelords-deathrattle-tomb-host-2\/","og_site_name":"The Uncommon Shop","article_modified_time":"2026-03-08T21:49:39+00:00","og_image":[{"width":918,"height":948,"url":"https:\/\/theuncommonshop.ch\/wp-content\/uploads\/2025\/12\/5168917446.jpg","type":"image\/jpeg"}],"twitter_card":"summary_large_image","twitter_misc":{"Prix":"&#67;&#72;&#70;&nbsp;94.95","Disponibilit\u00e9":"Rupture de stock"},"schema":{"@context":"https:\/\/schema.org","@graph":[{"@type":"WebPage","@id":"https:\/\/theuncommonshop.ch\/fr\/product\/warhammer-age-of-sigmar-spearhead-soulblight-gravelords-deathrattle-tomb-host-2\/","url":"https:\/\/theuncommonshop.ch\/fr\/product\/warhammer-age-of-sigmar-spearhead-soulblight-gravelords-deathrattle-tomb-host-2\/","name":"Ach\u00e8te Warhammer Age of Sigmar - Spearhead: Soulblight Gravelords - Deathrattle Tomb Host","isPartOf":{"@id":"https:\/\/theuncommonshop.ch\/fr\/#website"},"primaryImageOfPage":{"@id":"https:\/\/theuncommonshop.ch\/fr\/product\/warhammer-age-of-sigmar-spearhead-soulblight-gravelords-deathrattle-tomb-host-2\/#primaryimage"},"image":{"@id":"https:\/\/theuncommonshop.ch\/fr\/product\/warhammer-age-of-sigmar-spearhead-soulblight-gravelords-deathrattle-tomb-host-2\/#primaryimage"},"thumbnailUrl":"https:\/\/theuncommonshop.ch\/wp-content\/uploads\/2025\/12\/5168917446.jpg","datePublished":"2025-12-31T00:37:02+00:00","dateModified":"2026-03-08T21:49:39+00:00","description":"Ach\u00e8te Warhammer Age of Sigmar - Spearhead: Soulblight Gravelords - Deathrattle Tomb Host en ligne maintenant \u00e0 petit prix! Ton #1 shop pour cartes TCG & Pok\u00e9mon en Suisse \u2713 Livraison gratuite d\u00e8s CHF 29","breadcrumb":{"@id":"https:\/\/theuncommonshop.ch\/fr\/product\/warhammer-age-of-sigmar-spearhead-soulblight-gravelords-deathrattle-tomb-host-2\/#breadcrumb"},"inLanguage":"fr-FR","potentialAction":[{"@type":"ReadAction","target":["https:\/\/theuncommonshop.ch\/fr\/product\/warhammer-age-of-sigmar-spearhead-soulblight-gravelords-deathrattle-tomb-host-2\/"]}]},{"@type":"ImageObject","inLanguage":"fr-FR","@id":"https:\/\/theuncommonshop.ch\/fr\/product\/warhammer-age-of-sigmar-spearhead-soulblight-gravelords-deathrattle-tomb-host-2\/#primaryimage","url":"https:\/\/theuncommonshop.ch\/wp-content\/uploads\/2025\/12\/5168917446.jpg","contentUrl":"https:\/\/theuncommonshop.ch\/wp-content\/uploads\/2025\/12\/5168917446.jpg","width":918,"height":948},{"@type":"BreadcrumbList","@id":"https:\/\/theuncommonshop.ch\/fr\/product\/warhammer-age-of-sigmar-spearhead-soulblight-gravelords-deathrattle-tomb-host-2\/#breadcrumb","itemListElement":[{"@type":"ListItem","position":1,"name":"Accueil","item":"https:\/\/theuncommonshop.ch\/fr\/accueil\/"},{"@type":"ListItem","position":2,"name":"Boutique","item":"https:\/\/theuncommonshop.ch\/fr\/boutique\/"},{"@type":"ListItem","position":3,"name":"Tabletop","item":"https:\/\/theuncommonshop.ch\/fr\/categorie-produit\/tabletop-fr\/"},{"@type":"ListItem","position":4,"name":"Warhammer Age of Sigmar","item":"https:\/\/theuncommonshop.ch\/fr\/categorie-produit\/tabletop-fr\/warhammer-age-of-sigmar-fr\/"},{"@type":"ListItem","position":5,"name":"Warhammer Age of Sigmar &#8211; Spearhead: Soulblight Gravelords &#8211; Deathrattle Tomb Host"}]},{"@type":"WebSite","@id":"https:\/\/theuncommonshop.ch\/fr\/#website","url":"https:\/\/theuncommonshop.ch\/fr\/","name":"The Uncommon Shop","description":"Magic, Pok\u00e9mon and Yu-gi-oh - The Uncommon Shop","potentialAction":[{"@type":"SearchAction","target":{"@type":"EntryPoint","urlTemplate":"https:\/\/theuncommonshop.ch\/fr\/?s={search_term_string}"},"query-input":{"@type":"PropertyValueSpecification","valueRequired":true,"valueName":"search_term_string"}}],"inLanguage":"fr-FR"}]},"product_price_amount":"94.95","product_price_currency":"CHF","og_availability":"out of stock","product_availability":"out of stock","product_retailer_item_id":"WH.WarHamAgeOfSigSoulbGraveDeathTombHo","product_condition":"new"},"_links":{"self":[{"href":"https:\/\/theuncommonshop.ch\/fr\/wp-json\/wp\/v2\/product\/314583","targetHints":{"allow":["GET"]}}],"collection":[{"href":"https:\/\/theuncommonshop.ch\/fr\/wp-json\/wp\/v2\/product"}],"about":[{"href":"https:\/\/theuncommonshop.ch\/fr\/wp-json\/wp\/v2\/types\/product"}],"replies":[{"embeddable":true,"href":"https:\/\/theuncommonshop.ch\/fr\/wp-json\/wp\/v2\/comments?post=314583"}],"version-history":[{"count":0,"href":"https:\/\/theuncommonshop.ch\/fr\/wp-json\/wp\/v2\/product\/314583\/revisions"}],"wp:featuredmedia":[{"embeddable":true,"href":"https:\/\/theuncommonshop.ch\/fr\/wp-json\/wp\/v2\/media\/264708"}],"wp:attachment":[{"href":"https:\/\/theuncommonshop.ch\/fr\/wp-json\/wp\/v2\/media?parent=314583"}],"wp:term":[{"taxonomy":"product_brand","embeddable":true,"href":"https:\/\/theuncommonshop.ch\/fr\/wp-json\/wp\/v2\/product_brand?post=314583"},{"taxonomy":"product_cat","embeddable":true,"href":"https:\/\/theuncommonshop.ch\/fr\/wp-json\/wp\/v2\/product_cat?post=314583"},{"taxonomy":"product_tag","embeddable":true,"href":"https:\/\/theuncommonshop.ch\/fr\/wp-json\/wp\/v2\/product_tag?post=314583"}],"curies":[{"name":"wp","href":"https:\/\/api.w.org\/{rel}","templated":true}]}}