{"id":314561,"date":"2025-12-31T00:34:14","date_gmt":"2025-12-31T00:34:14","guid":{"rendered":"http:\/\/theuncommonshop.ch\/produkt\/314561\/"},"modified":"2026-03-31T18:36:38","modified_gmt":"2026-03-31T16:36:38","slug":"topps-celtics-glasgow-2026-collector-tin-en-2","status":"publish","type":"product","link":"https:\/\/theuncommonshop.ch\/fr\/product\/topps-celtics-glasgow-2026-collector-tin-en-2\/","title":{"rendered":"Topps &#8211; Celtics Glasgow 2026 &#8211; Collector Tin"},"content":{"rendered":"<p>Le Topps Celtics Glasgow Collector&#8217;s Tin 2025-26 contient :<\/p>\n<p>35 x Topps Celtics Glasgow billets<\/p>\n<p>2 x cartes parall\u00e8les par bo\u00eete<\/p>\n<p>Plus la chance d&#8217;obtenir un autographe dans la bo\u00eete &#8220;Lucky Tin&#8221;.<\/p>\n<p>Le Celtics Glasgow Collector&#8217;s Box est une nouveaut\u00e9 excitante dans le monde de la collection de cartes et contient 35 stars du Celtics Glasgow, \u00e0 la fois des h\u00e9ros modernes et des l\u00e9gendes aim\u00e9es par les fans.<\/p>\n<p>Chaque bo\u00eete contient deux cartes parall\u00e8les garanties et offre une chance de recevoir une carte sign\u00e9e dans la bo\u00eete &#8220;Lucky Tin&#8221;.<\/p>\n<p>Commencez votre voyage en rassemblant les meilleurs joueurs de l&#8217;\u00e9quipe nationale avec les cartes de base, y compris les titulaires du Celtic Glasgow et les futurs espoirs.<\/p>\n<p>D\u00e9couvrez le tout nouveau suppl\u00e9ment &#8220;Name in Lights&#8221;, qui pr\u00e9sente un m\u00e9lange passionnant de joueurs nationaux et de l\u00e9gendes du jeu. Quels sont les grands de tous les temps qui se trouvent dans votre bo\u00eete ? <\/p>\n<p>Le Collector Tin est compl\u00e9t\u00e9 par Base Card Autographs, qui propose des cartes d&#8217;autographes tr\u00e8s recherch\u00e9es d&#8217;un grand nombre de figures certifi\u00e9es du Celtic Glasgow, dont la tr\u00e8s rare carte d&#8217;autographes 1\/1 Gold Foilfractor.<\/p>\n<p>Le Celtic Glasgow Collector Tin 2025-26 &#8211; Collector Tin est une superbe \u00e9dition collector comprenant des cartes d&#8217;autographes et des cartes Gold Vault Limited Edition magnifiquement con\u00e7ues. Celles-ci combinent un design de carte dor\u00e9 \u00e9l\u00e9gant avec une liste de contr\u00f4le de premi\u00e8re qualit\u00e9, pla\u00e7ant les meilleurs des meilleurs sur leur pi\u00e9destal l\u00e9gitime. <\/p>\n","protected":false},"excerpt":{"rendered":"<p>Le Topps Celtics Glasgow Collector&#8217;s Tin 2025-26 contient : 35 x Topps Celtics Glasgow billets 2 x cartes parall\u00e8les par<\/p>\n","protected":false},"featured_media":264618,"comment_status":"open","ping_status":"closed","template":"","meta":{"_acf_changed":false},"product_brand":[5130],"product_cat":[10323,9797,10327],"product_tag":[],"class_list":{"0":"post-314561","1":"product","2":"type-product","3":"status-publish","4":"has-post-thumbnail","6":"product_brand-topps","7":"product_cat-cartes-sportives-topps","8":"product_cat-cartes-topps","9":"product_cat-topps-football","11":"first","12":"instock","13":"taxable","14":"shipping-taxable","15":"purchasable","16":"product-type-variable"},"acf":[],"yoast_head":"<!-- This site is optimized with the Yoast SEO plugin v27.4 - https:\/\/yoast.com\/product\/yoast-seo-wordpress\/ -->\n<title>Ach\u00e8te Topps - Celtics Glasgow 2026 - Collector Tin<\/title>\n<meta name=\"description\" content=\"Ach\u00e8te Topps - Celtics Glasgow 2026 - Collector Tin en ligne maintenant \u00e0 petit prix! Ton #1 shop pour cartes TCG &amp; Pok\u00e9mon en Suisse \u2713 Livraison gratuite d\u00e8s CHF 29\" \/>\n<meta name=\"robots\" content=\"index, follow, max-snippet:-1, max-image-preview:large, max-video-preview:-1\" \/>\n<link rel=\"canonical\" href=\"https:\/\/theuncommonshop.ch\/fr\/product\/topps-celtics-glasgow-2026-collector-tin-en-2\/\" \/>\n<meta property=\"og:locale\" content=\"fr_FR\" \/>\n<meta property=\"og:type\" content=\"article\" \/>\n<meta property=\"og:title\" content=\"Ach\u00e8te Topps - Celtics Glasgow 2026 - Collector Tin\" \/>\n<meta property=\"og:description\" content=\"Ach\u00e8te Topps - Celtics Glasgow 2026 - Collector Tin en ligne maintenant \u00e0 petit prix! Ton #1 shop pour cartes TCG &amp; Pok\u00e9mon en Suisse \u2713 Livraison gratuite d\u00e8s CHF 29\" \/>\n<meta property=\"og:url\" content=\"https:\/\/theuncommonshop.ch\/fr\/product\/topps-celtics-glasgow-2026-collector-tin-en-2\/\" \/>\n<meta property=\"og:site_name\" content=\"The Uncommon Shop\" \/>\n<meta property=\"article:modified_time\" content=\"2026-03-31T16:36:38+00:00\" \/>\n<meta property=\"og:image\" content=\"https:\/\/theuncommonshop.ch\/wp-content\/uploads\/2025\/12\/5163837423.webp\" \/>\n\t<meta property=\"og:image:width\" content=\"886\" \/>\n\t<meta property=\"og:image:height\" content=\"1308\" \/>\n\t<meta property=\"og:image:type\" content=\"image\/webp\" \/>\n<meta name=\"twitter:card\" content=\"summary_large_image\" \/>\n<meta name=\"twitter:label1\" content=\"Disponibilit\u00e9\" \/>\n\t<meta name=\"twitter:data1\" content=\"En stock\" \/>\n<script type=\"application\/ld+json\" class=\"yoast-schema-graph\">{\"@context\":\"https:\\\/\\\/schema.org\",\"@graph\":[{\"@type\":\"WebPage\",\"@id\":\"https:\\\/\\\/theuncommonshop.ch\\\/fr\\\/product\\\/topps-celtics-glasgow-2026-collector-tin-en-2\\\/\",\"url\":\"https:\\\/\\\/theuncommonshop.ch\\\/fr\\\/product\\\/topps-celtics-glasgow-2026-collector-tin-en-2\\\/\",\"name\":\"Ach\u00e8te Topps - Celtics Glasgow 2026 - Collector Tin\",\"isPartOf\":{\"@id\":\"https:\\\/\\\/theuncommonshop.ch\\\/fr\\\/#website\"},\"primaryImageOfPage\":{\"@id\":\"https:\\\/\\\/theuncommonshop.ch\\\/fr\\\/product\\\/topps-celtics-glasgow-2026-collector-tin-en-2\\\/#primaryimage\"},\"image\":{\"@id\":\"https:\\\/\\\/theuncommonshop.ch\\\/fr\\\/product\\\/topps-celtics-glasgow-2026-collector-tin-en-2\\\/#primaryimage\"},\"thumbnailUrl\":\"https:\\\/\\\/theuncommonshop.ch\\\/wp-content\\\/uploads\\\/2025\\\/12\\\/5163837423.webp\",\"datePublished\":\"2025-12-31T00:34:14+00:00\",\"dateModified\":\"2026-03-31T16:36:38+00:00\",\"description\":\"Ach\u00e8te Topps - Celtics Glasgow 2026 - Collector Tin en ligne maintenant \u00e0 petit prix! Ton #1 shop pour cartes TCG & Pok\u00e9mon en Suisse \u2713 Livraison gratuite d\u00e8s CHF 29\",\"breadcrumb\":{\"@id\":\"https:\\\/\\\/theuncommonshop.ch\\\/fr\\\/product\\\/topps-celtics-glasgow-2026-collector-tin-en-2\\\/#breadcrumb\"},\"inLanguage\":\"fr-FR\",\"potentialAction\":[{\"@type\":\"ReadAction\",\"target\":[\"https:\\\/\\\/theuncommonshop.ch\\\/fr\\\/product\\\/topps-celtics-glasgow-2026-collector-tin-en-2\\\/\"]}]},{\"@type\":\"ImageObject\",\"inLanguage\":\"fr-FR\",\"@id\":\"https:\\\/\\\/theuncommonshop.ch\\\/fr\\\/product\\\/topps-celtics-glasgow-2026-collector-tin-en-2\\\/#primaryimage\",\"url\":\"https:\\\/\\\/theuncommonshop.ch\\\/wp-content\\\/uploads\\\/2025\\\/12\\\/5163837423.webp\",\"contentUrl\":\"https:\\\/\\\/theuncommonshop.ch\\\/wp-content\\\/uploads\\\/2025\\\/12\\\/5163837423.webp\",\"width\":886,\"height\":1308},{\"@type\":\"BreadcrumbList\",\"@id\":\"https:\\\/\\\/theuncommonshop.ch\\\/fr\\\/product\\\/topps-celtics-glasgow-2026-collector-tin-en-2\\\/#breadcrumb\",\"itemListElement\":[{\"@type\":\"ListItem\",\"position\":1,\"name\":\"Accueil\",\"item\":\"https:\\\/\\\/theuncommonshop.ch\\\/fr\\\/accueil\\\/\"},{\"@type\":\"ListItem\",\"position\":2,\"name\":\"Boutique\",\"item\":\"https:\\\/\\\/theuncommonshop.ch\\\/fr\\\/boutique\\\/\"},{\"@type\":\"ListItem\",\"position\":3,\"name\":\"Autres cartes \u00e0 collectionner\",\"item\":\"https:\\\/\\\/theuncommonshop.ch\\\/fr\\\/categorie-produit\\\/autres-cartes-a-collectionner\\\/\"},{\"@type\":\"ListItem\",\"position\":4,\"name\":\"Cartes Topps\",\"item\":\"https:\\\/\\\/theuncommonshop.ch\\\/fr\\\/categorie-produit\\\/autres-cartes-a-collectionner\\\/cartes-topps\\\/\"},{\"@type\":\"ListItem\",\"position\":5,\"name\":\"Cartes sportives Topps\",\"item\":\"https:\\\/\\\/theuncommonshop.ch\\\/fr\\\/categorie-produit\\\/autres-cartes-a-collectionner\\\/cartes-topps\\\/cartes-sportives-topps\\\/\"},{\"@type\":\"ListItem\",\"position\":6,\"name\":\"Topps Football\",\"item\":\"https:\\\/\\\/theuncommonshop.ch\\\/fr\\\/categorie-produit\\\/autres-cartes-a-collectionner\\\/cartes-topps\\\/cartes-sportives-topps\\\/topps-football\\\/\"},{\"@type\":\"ListItem\",\"position\":7,\"name\":\"Topps &#8211; Celtics Glasgow 2026 &#8211; Collector Tin\"}]},{\"@type\":\"WebSite\",\"@id\":\"https:\\\/\\\/theuncommonshop.ch\\\/fr\\\/#website\",\"url\":\"https:\\\/\\\/theuncommonshop.ch\\\/fr\\\/\",\"name\":\"The Uncommon Shop\",\"description\":\"Magic, Pok\u00e9mon and Yu-gi-oh - The Uncommon Shop\",\"potentialAction\":[{\"@type\":\"SearchAction\",\"target\":{\"@type\":\"EntryPoint\",\"urlTemplate\":\"https:\\\/\\\/theuncommonshop.ch\\\/fr\\\/?s={search_term_string}\"},\"query-input\":{\"@type\":\"PropertyValueSpecification\",\"valueRequired\":true,\"valueName\":\"search_term_string\"}}],\"inLanguage\":\"fr-FR\"}]}<\/script>\n<meta property=\"og:availability\" content=\"instock\" \/>\n<meta property=\"product:availability\" content=\"instock\" \/>\n<meta property=\"product:retailer_item_id\" content=\"SHOP.ToppsCeltics26CollTin.EN\" \/>\n<meta property=\"product:condition\" content=\"new\" \/>\n<!-- \/ Yoast SEO plugin. -->","yoast_head_json":{"title":"Ach\u00e8te Topps - Celtics Glasgow 2026 - Collector Tin","description":"Ach\u00e8te Topps - Celtics Glasgow 2026 - Collector Tin en ligne maintenant \u00e0 petit prix! Ton #1 shop pour cartes TCG & Pok\u00e9mon en Suisse \u2713 Livraison gratuite d\u00e8s CHF 29","robots":{"index":"index","follow":"follow","max-snippet":"max-snippet:-1","max-image-preview":"max-image-preview:large","max-video-preview":"max-video-preview:-1"},"canonical":"https:\/\/theuncommonshop.ch\/fr\/product\/topps-celtics-glasgow-2026-collector-tin-en-2\/","og_locale":"fr_FR","og_type":"article","og_title":"Ach\u00e8te Topps - Celtics Glasgow 2026 - Collector Tin","og_description":"Ach\u00e8te Topps - Celtics Glasgow 2026 - Collector Tin en ligne maintenant \u00e0 petit prix! Ton #1 shop pour cartes TCG & Pok\u00e9mon en Suisse \u2713 Livraison gratuite d\u00e8s CHF 29","og_url":"https:\/\/theuncommonshop.ch\/fr\/product\/topps-celtics-glasgow-2026-collector-tin-en-2\/","og_site_name":"The Uncommon Shop","article_modified_time":"2026-03-31T16:36:38+00:00","og_image":[{"width":886,"height":1308,"url":"https:\/\/theuncommonshop.ch\/wp-content\/uploads\/2025\/12\/5163837423.webp","type":"image\/webp"}],"twitter_card":"summary_large_image","twitter_misc":{"Disponibilit\u00e9":"En stock"},"schema":{"@context":"https:\/\/schema.org","@graph":[{"@type":"WebPage","@id":"https:\/\/theuncommonshop.ch\/fr\/product\/topps-celtics-glasgow-2026-collector-tin-en-2\/","url":"https:\/\/theuncommonshop.ch\/fr\/product\/topps-celtics-glasgow-2026-collector-tin-en-2\/","name":"Ach\u00e8te Topps - Celtics Glasgow 2026 - Collector Tin","isPartOf":{"@id":"https:\/\/theuncommonshop.ch\/fr\/#website"},"primaryImageOfPage":{"@id":"https:\/\/theuncommonshop.ch\/fr\/product\/topps-celtics-glasgow-2026-collector-tin-en-2\/#primaryimage"},"image":{"@id":"https:\/\/theuncommonshop.ch\/fr\/product\/topps-celtics-glasgow-2026-collector-tin-en-2\/#primaryimage"},"thumbnailUrl":"https:\/\/theuncommonshop.ch\/wp-content\/uploads\/2025\/12\/5163837423.webp","datePublished":"2025-12-31T00:34:14+00:00","dateModified":"2026-03-31T16:36:38+00:00","description":"Ach\u00e8te Topps - Celtics Glasgow 2026 - Collector Tin en ligne maintenant \u00e0 petit prix! Ton #1 shop pour cartes TCG & Pok\u00e9mon en Suisse \u2713 Livraison gratuite d\u00e8s CHF 29","breadcrumb":{"@id":"https:\/\/theuncommonshop.ch\/fr\/product\/topps-celtics-glasgow-2026-collector-tin-en-2\/#breadcrumb"},"inLanguage":"fr-FR","potentialAction":[{"@type":"ReadAction","target":["https:\/\/theuncommonshop.ch\/fr\/product\/topps-celtics-glasgow-2026-collector-tin-en-2\/"]}]},{"@type":"ImageObject","inLanguage":"fr-FR","@id":"https:\/\/theuncommonshop.ch\/fr\/product\/topps-celtics-glasgow-2026-collector-tin-en-2\/#primaryimage","url":"https:\/\/theuncommonshop.ch\/wp-content\/uploads\/2025\/12\/5163837423.webp","contentUrl":"https:\/\/theuncommonshop.ch\/wp-content\/uploads\/2025\/12\/5163837423.webp","width":886,"height":1308},{"@type":"BreadcrumbList","@id":"https:\/\/theuncommonshop.ch\/fr\/product\/topps-celtics-glasgow-2026-collector-tin-en-2\/#breadcrumb","itemListElement":[{"@type":"ListItem","position":1,"name":"Accueil","item":"https:\/\/theuncommonshop.ch\/fr\/accueil\/"},{"@type":"ListItem","position":2,"name":"Boutique","item":"https:\/\/theuncommonshop.ch\/fr\/boutique\/"},{"@type":"ListItem","position":3,"name":"Autres cartes \u00e0 collectionner","item":"https:\/\/theuncommonshop.ch\/fr\/categorie-produit\/autres-cartes-a-collectionner\/"},{"@type":"ListItem","position":4,"name":"Cartes Topps","item":"https:\/\/theuncommonshop.ch\/fr\/categorie-produit\/autres-cartes-a-collectionner\/cartes-topps\/"},{"@type":"ListItem","position":5,"name":"Cartes sportives Topps","item":"https:\/\/theuncommonshop.ch\/fr\/categorie-produit\/autres-cartes-a-collectionner\/cartes-topps\/cartes-sportives-topps\/"},{"@type":"ListItem","position":6,"name":"Topps Football","item":"https:\/\/theuncommonshop.ch\/fr\/categorie-produit\/autres-cartes-a-collectionner\/cartes-topps\/cartes-sportives-topps\/topps-football\/"},{"@type":"ListItem","position":7,"name":"Topps &#8211; Celtics Glasgow 2026 &#8211; Collector Tin"}]},{"@type":"WebSite","@id":"https:\/\/theuncommonshop.ch\/fr\/#website","url":"https:\/\/theuncommonshop.ch\/fr\/","name":"The Uncommon Shop","description":"Magic, Pok\u00e9mon and Yu-gi-oh - The Uncommon Shop","potentialAction":[{"@type":"SearchAction","target":{"@type":"EntryPoint","urlTemplate":"https:\/\/theuncommonshop.ch\/fr\/?s={search_term_string}"},"query-input":{"@type":"PropertyValueSpecification","valueRequired":true,"valueName":"search_term_string"}}],"inLanguage":"fr-FR"}]},"og_availability":"instock","product_availability":"instock","product_retailer_item_id":"SHOP.ToppsCeltics26CollTin.EN","product_condition":"new"},"_links":{"self":[{"href":"https:\/\/theuncommonshop.ch\/fr\/wp-json\/wp\/v2\/product\/314561","targetHints":{"allow":["GET"]}}],"collection":[{"href":"https:\/\/theuncommonshop.ch\/fr\/wp-json\/wp\/v2\/product"}],"about":[{"href":"https:\/\/theuncommonshop.ch\/fr\/wp-json\/wp\/v2\/types\/product"}],"replies":[{"embeddable":true,"href":"https:\/\/theuncommonshop.ch\/fr\/wp-json\/wp\/v2\/comments?post=314561"}],"version-history":[{"count":0,"href":"https:\/\/theuncommonshop.ch\/fr\/wp-json\/wp\/v2\/product\/314561\/revisions"}],"wp:featuredmedia":[{"embeddable":true,"href":"https:\/\/theuncommonshop.ch\/fr\/wp-json\/wp\/v2\/media\/264618"}],"wp:attachment":[{"href":"https:\/\/theuncommonshop.ch\/fr\/wp-json\/wp\/v2\/media?parent=314561"}],"wp:term":[{"taxonomy":"product_brand","embeddable":true,"href":"https:\/\/theuncommonshop.ch\/fr\/wp-json\/wp\/v2\/product_brand?post=314561"},{"taxonomy":"product_cat","embeddable":true,"href":"https:\/\/theuncommonshop.ch\/fr\/wp-json\/wp\/v2\/product_cat?post=314561"},{"taxonomy":"product_tag","embeddable":true,"href":"https:\/\/theuncommonshop.ch\/fr\/wp-json\/wp\/v2\/product_tag?post=314561"}],"curies":[{"name":"wp","href":"https:\/\/api.w.org\/{rel}","templated":true}]}}