{"id":314548,"date":"2025-12-31T00:33:21","date_gmt":"2025-12-31T00:33:21","guid":{"rendered":"http:\/\/theuncommonshop.ch\/produkt\/314548\/"},"modified":"2026-03-31T19:03:20","modified_gmt":"2026-03-31T17:03:20","slug":"topps-chrome-disney-mega-box-2025-en-2","status":"publish","type":"product","link":"https:\/\/theuncommonshop.ch\/fr\/product\/topps-chrome-disney-mega-box-2025-en-2\/","title":{"rendered":"Topps &#8211; Chrome Disney &#8211; Mega Box 2025"},"content":{"rendered":"<p>Dans chaque bo\u00eete, vous trouverez 2 encarts exclusifs Zootopia Icons !<\/p>\n<p>4 cartes par paquet, 15 paquets par bo\u00eete<\/p>\n<p>Le monde merveilleux de Disney rencontre la magie de Topps dans ce tout nouveau jeu de cartes \u00e0 collectionner Disney Chrome 2025. Tous vos personnages pr\u00e9f\u00e9r\u00e9s y sont repr\u00e9sent\u00e9s sur une technologie Chrome \u00e9poustouflante et, pour la premi\u00e8re fois, nous vous pr\u00e9sentons des cartes d&#8217;autographes authentiques et rares de certains des plus grands acteurs et doubleurs en direct de l&#8217;histoire \u00e9pique de Disney et Pixar. <\/p>\n<p>Collectionnez le jeu de base de 200 cartes sur une technologie Chrome \u00e9poustouflante. Tous vos personnages Disney et Pixar pr\u00e9f\u00e9r\u00e9s sont inclus &#8211; et pour la premi\u00e8re fois, des cartes de base de h\u00e9ros de Disney Live Action sont \u00e9galement disponibles. Recherchez \u00e9galement des suppl\u00e9ments sp\u00e9ciaux et des cartes de croquis incroyables. Vous trouverez tout cela et bien plus encore dans 2025 Disney Chrome !   <\/p>\n","protected":false},"excerpt":{"rendered":"<p>Dans chaque bo\u00eete, vous trouverez 2 encarts exclusifs Zootopia Icons ! 4 cartes par paquet, 15 paquets par bo\u00eete Le<\/p>\n","protected":false},"featured_media":264581,"comment_status":"open","ping_status":"closed","template":"","meta":{"_acf_changed":false},"product_brand":[5178],"product_cat":[9785,9797,10325],"product_tag":[],"class_list":{"0":"post-314548","1":"product","2":"type-product","3":"status-publish","4":"has-post-thumbnail","6":"product_brand-topps-chrome","7":"product_cat-autres-cartes-a-collectionner","8":"product_cat-cartes-topps","9":"product_cat-cartes-topps-fantasy","11":"first","12":"outofstock","13":"taxable","14":"shipping-taxable","15":"purchasable","16":"product-type-variable"},"acf":[],"yoast_head":"<!-- This site is optimized with the Yoast SEO plugin v27.4 - https:\/\/yoast.com\/product\/yoast-seo-wordpress\/ -->\n<title>Ach\u00e8te Topps - Chrome Disney - Mega Box 2025<\/title>\n<meta name=\"description\" content=\"Ach\u00e8te Topps - Chrome Disney - Mega Box 2025 en ligne maintenant \u00e0 petit prix! Ton #1 shop pour cartes TCG &amp; Pok\u00e9mon en Suisse \u2713 Livraison gratuite d\u00e8s CHF 29\" \/>\n<meta name=\"robots\" content=\"index, follow, max-snippet:-1, max-image-preview:large, max-video-preview:-1\" \/>\n<link rel=\"canonical\" href=\"https:\/\/theuncommonshop.ch\/fr\/product\/topps-chrome-disney-mega-box-2025-en-2\/\" \/>\n<meta property=\"og:locale\" content=\"fr_FR\" \/>\n<meta property=\"og:type\" content=\"article\" \/>\n<meta property=\"og:title\" content=\"Ach\u00e8te Topps - Chrome Disney - Mega Box 2025\" \/>\n<meta property=\"og:description\" content=\"Ach\u00e8te Topps - Chrome Disney - Mega Box 2025 en ligne maintenant \u00e0 petit prix! Ton #1 shop pour cartes TCG &amp; Pok\u00e9mon en Suisse \u2713 Livraison gratuite d\u00e8s CHF 29\" \/>\n<meta property=\"og:url\" content=\"https:\/\/theuncommonshop.ch\/fr\/product\/topps-chrome-disney-mega-box-2025-en-2\/\" \/>\n<meta property=\"og:site_name\" content=\"Largest trading card shop in Switzerland\" \/>\n<meta property=\"article:modified_time\" content=\"2026-03-31T17:03:20+00:00\" \/>\n<meta property=\"og:image\" content=\"https:\/\/theuncommonshop.ch\/wp-content\/uploads\/2025\/12\/5163879342.webp\" \/>\n\t<meta property=\"og:image:width\" content=\"1800\" \/>\n\t<meta property=\"og:image:height\" content=\"1800\" \/>\n\t<meta property=\"og:image:type\" content=\"image\/webp\" \/>\n<meta name=\"twitter:card\" content=\"summary_large_image\" \/>\n<meta name=\"twitter:label1\" content=\"Disponibilit\u00e9\" \/>\n\t<meta name=\"twitter:data1\" content=\"Rupture de stock\" \/>\n<script type=\"application\/ld+json\" class=\"yoast-schema-graph\">{\"@context\":\"https:\\\/\\\/schema.org\",\"@graph\":[{\"@type\":\"WebPage\",\"@id\":\"https:\\\/\\\/theuncommonshop.ch\\\/fr\\\/product\\\/topps-chrome-disney-mega-box-2025-en-2\\\/\",\"url\":\"https:\\\/\\\/theuncommonshop.ch\\\/fr\\\/product\\\/topps-chrome-disney-mega-box-2025-en-2\\\/\",\"name\":\"Ach\u00e8te Topps - Chrome Disney - Mega Box 2025\",\"isPartOf\":{\"@id\":\"https:\\\/\\\/theuncommonshop.ch\\\/#website\"},\"primaryImageOfPage\":{\"@id\":\"https:\\\/\\\/theuncommonshop.ch\\\/fr\\\/product\\\/topps-chrome-disney-mega-box-2025-en-2\\\/#primaryimage\"},\"image\":{\"@id\":\"https:\\\/\\\/theuncommonshop.ch\\\/fr\\\/product\\\/topps-chrome-disney-mega-box-2025-en-2\\\/#primaryimage\"},\"thumbnailUrl\":\"https:\\\/\\\/theuncommonshop.ch\\\/wp-content\\\/uploads\\\/2025\\\/12\\\/5163879342.webp\",\"datePublished\":\"2025-12-31T00:33:21+00:00\",\"dateModified\":\"2026-03-31T17:03:20+00:00\",\"description\":\"Ach\u00e8te Topps - Chrome Disney - Mega Box 2025 en ligne maintenant \u00e0 petit prix! Ton #1 shop pour cartes TCG & Pok\u00e9mon en Suisse \u2713 Livraison gratuite d\u00e8s CHF 29\",\"breadcrumb\":{\"@id\":\"https:\\\/\\\/theuncommonshop.ch\\\/fr\\\/product\\\/topps-chrome-disney-mega-box-2025-en-2\\\/#breadcrumb\"},\"inLanguage\":\"fr-FR\",\"potentialAction\":[{\"@type\":\"ReadAction\",\"target\":[\"https:\\\/\\\/theuncommonshop.ch\\\/fr\\\/product\\\/topps-chrome-disney-mega-box-2025-en-2\\\/\"]}]},{\"@type\":\"ImageObject\",\"inLanguage\":\"fr-FR\",\"@id\":\"https:\\\/\\\/theuncommonshop.ch\\\/fr\\\/product\\\/topps-chrome-disney-mega-box-2025-en-2\\\/#primaryimage\",\"url\":\"https:\\\/\\\/theuncommonshop.ch\\\/wp-content\\\/uploads\\\/2025\\\/12\\\/5163879342.webp\",\"contentUrl\":\"https:\\\/\\\/theuncommonshop.ch\\\/wp-content\\\/uploads\\\/2025\\\/12\\\/5163879342.webp\",\"width\":1800,\"height\":1800},{\"@type\":\"BreadcrumbList\",\"@id\":\"https:\\\/\\\/theuncommonshop.ch\\\/fr\\\/product\\\/topps-chrome-disney-mega-box-2025-en-2\\\/#breadcrumb\",\"itemListElement\":[{\"@type\":\"ListItem\",\"position\":1,\"name\":\"Accueil\",\"item\":\"https:\\\/\\\/theuncommonshop.ch\\\/fr\\\/accueil\\\/\"},{\"@type\":\"ListItem\",\"position\":2,\"name\":\"Boutique\",\"item\":\"https:\\\/\\\/theuncommonshop.ch\\\/fr\\\/boutique\\\/\"},{\"@type\":\"ListItem\",\"position\":3,\"name\":\"Weitere Sammelkarten\",\"item\":\"https:\\\/\\\/theuncommonshop.ch\\\/produktkategorie\\\/weitere-sammelkarten\\\/\"},{\"@type\":\"ListItem\",\"position\":4,\"name\":\"Topps Karten\",\"item\":\"https:\\\/\\\/theuncommonshop.ch\\\/produktkategorie\\\/weitere-sammelkarten\\\/topps-karten\\\/\"},{\"@type\":\"ListItem\",\"position\":5,\"name\":\"Topps Fantasy Karten\",\"item\":\"https:\\\/\\\/theuncommonshop.ch\\\/produktkategorie\\\/weitere-sammelkarten\\\/topps-karten\\\/topps-fantasy-karten\\\/\"},{\"@type\":\"ListItem\",\"position\":6,\"name\":\"Topps &#8211; Chrome Disney &#8211; Mega Box 2025\"}]},{\"@type\":\"WebSite\",\"@id\":\"https:\\\/\\\/theuncommonshop.ch\\\/#website\",\"url\":\"https:\\\/\\\/theuncommonshop.ch\\\/\",\"name\":\"Largest trading card shop in Switzerland\",\"description\":\"Magic, Pok\u00e9mon and Yu-gi-oh - The Uncommon Shop\",\"potentialAction\":[{\"@type\":\"SearchAction\",\"target\":{\"@type\":\"EntryPoint\",\"urlTemplate\":\"https:\\\/\\\/theuncommonshop.ch\\\/?s={search_term_string}\"},\"query-input\":{\"@type\":\"PropertyValueSpecification\",\"valueRequired\":true,\"valueName\":\"search_term_string\"}}],\"inLanguage\":\"fr-FR\"}]}<\/script>\n<meta property=\"og:availability\" content=\"out of stock\" \/>\n<meta property=\"product:availability\" content=\"out of stock\" \/>\n<meta property=\"product:retailer_item_id\" content=\"SHOP.ToppsDisney2025MegaBoxEN\" \/>\n<meta property=\"product:condition\" content=\"new\" \/>\n<!-- \/ Yoast SEO plugin. -->","yoast_head_json":{"title":"Ach\u00e8te Topps - Chrome Disney - Mega Box 2025","description":"Ach\u00e8te Topps - Chrome Disney - Mega Box 2025 en ligne maintenant \u00e0 petit prix! Ton #1 shop pour cartes TCG & Pok\u00e9mon en Suisse \u2713 Livraison gratuite d\u00e8s CHF 29","robots":{"index":"index","follow":"follow","max-snippet":"max-snippet:-1","max-image-preview":"max-image-preview:large","max-video-preview":"max-video-preview:-1"},"canonical":"https:\/\/theuncommonshop.ch\/fr\/product\/topps-chrome-disney-mega-box-2025-en-2\/","og_locale":"fr_FR","og_type":"article","og_title":"Ach\u00e8te Topps - Chrome Disney - Mega Box 2025","og_description":"Ach\u00e8te Topps - Chrome Disney - Mega Box 2025 en ligne maintenant \u00e0 petit prix! Ton #1 shop pour cartes TCG & Pok\u00e9mon en Suisse \u2713 Livraison gratuite d\u00e8s CHF 29","og_url":"https:\/\/theuncommonshop.ch\/fr\/product\/topps-chrome-disney-mega-box-2025-en-2\/","og_site_name":"Largest trading card shop in Switzerland","article_modified_time":"2026-03-31T17:03:20+00:00","og_image":[{"width":1800,"height":1800,"url":"https:\/\/theuncommonshop.ch\/wp-content\/uploads\/2025\/12\/5163879342.webp","type":"image\/webp"}],"twitter_card":"summary_large_image","twitter_misc":{"Disponibilit\u00e9":"Rupture de stock"},"schema":{"@context":"https:\/\/schema.org","@graph":[{"@type":"WebPage","@id":"https:\/\/theuncommonshop.ch\/fr\/product\/topps-chrome-disney-mega-box-2025-en-2\/","url":"https:\/\/theuncommonshop.ch\/fr\/product\/topps-chrome-disney-mega-box-2025-en-2\/","name":"Ach\u00e8te Topps - Chrome Disney - Mega Box 2025","isPartOf":{"@id":"https:\/\/theuncommonshop.ch\/#website"},"primaryImageOfPage":{"@id":"https:\/\/theuncommonshop.ch\/fr\/product\/topps-chrome-disney-mega-box-2025-en-2\/#primaryimage"},"image":{"@id":"https:\/\/theuncommonshop.ch\/fr\/product\/topps-chrome-disney-mega-box-2025-en-2\/#primaryimage"},"thumbnailUrl":"https:\/\/theuncommonshop.ch\/wp-content\/uploads\/2025\/12\/5163879342.webp","datePublished":"2025-12-31T00:33:21+00:00","dateModified":"2026-03-31T17:03:20+00:00","description":"Ach\u00e8te Topps - Chrome Disney - Mega Box 2025 en ligne maintenant \u00e0 petit prix! Ton #1 shop pour cartes TCG & Pok\u00e9mon en Suisse \u2713 Livraison gratuite d\u00e8s CHF 29","breadcrumb":{"@id":"https:\/\/theuncommonshop.ch\/fr\/product\/topps-chrome-disney-mega-box-2025-en-2\/#breadcrumb"},"inLanguage":"fr-FR","potentialAction":[{"@type":"ReadAction","target":["https:\/\/theuncommonshop.ch\/fr\/product\/topps-chrome-disney-mega-box-2025-en-2\/"]}]},{"@type":"ImageObject","inLanguage":"fr-FR","@id":"https:\/\/theuncommonshop.ch\/fr\/product\/topps-chrome-disney-mega-box-2025-en-2\/#primaryimage","url":"https:\/\/theuncommonshop.ch\/wp-content\/uploads\/2025\/12\/5163879342.webp","contentUrl":"https:\/\/theuncommonshop.ch\/wp-content\/uploads\/2025\/12\/5163879342.webp","width":1800,"height":1800},{"@type":"BreadcrumbList","@id":"https:\/\/theuncommonshop.ch\/fr\/product\/topps-chrome-disney-mega-box-2025-en-2\/#breadcrumb","itemListElement":[{"@type":"ListItem","position":1,"name":"Accueil","item":"https:\/\/theuncommonshop.ch\/fr\/accueil\/"},{"@type":"ListItem","position":2,"name":"Boutique","item":"https:\/\/theuncommonshop.ch\/fr\/boutique\/"},{"@type":"ListItem","position":3,"name":"Weitere Sammelkarten","item":"https:\/\/theuncommonshop.ch\/produktkategorie\/weitere-sammelkarten\/"},{"@type":"ListItem","position":4,"name":"Topps Karten","item":"https:\/\/theuncommonshop.ch\/produktkategorie\/weitere-sammelkarten\/topps-karten\/"},{"@type":"ListItem","position":5,"name":"Topps Fantasy Karten","item":"https:\/\/theuncommonshop.ch\/produktkategorie\/weitere-sammelkarten\/topps-karten\/topps-fantasy-karten\/"},{"@type":"ListItem","position":6,"name":"Topps &#8211; Chrome Disney &#8211; Mega Box 2025"}]},{"@type":"WebSite","@id":"https:\/\/theuncommonshop.ch\/#website","url":"https:\/\/theuncommonshop.ch\/","name":"Largest trading card shop in Switzerland","description":"Magic, Pok\u00e9mon and Yu-gi-oh - The Uncommon Shop","potentialAction":[{"@type":"SearchAction","target":{"@type":"EntryPoint","urlTemplate":"https:\/\/theuncommonshop.ch\/?s={search_term_string}"},"query-input":{"@type":"PropertyValueSpecification","valueRequired":true,"valueName":"search_term_string"}}],"inLanguage":"fr-FR"}]},"og_availability":"out of stock","product_availability":"out of stock","product_retailer_item_id":"SHOP.ToppsDisney2025MegaBoxEN","product_condition":"new"},"_links":{"self":[{"href":"https:\/\/theuncommonshop.ch\/fr\/wp-json\/wp\/v2\/product\/314548","targetHints":{"allow":["GET"]}}],"collection":[{"href":"https:\/\/theuncommonshop.ch\/fr\/wp-json\/wp\/v2\/product"}],"about":[{"href":"https:\/\/theuncommonshop.ch\/fr\/wp-json\/wp\/v2\/types\/product"}],"replies":[{"embeddable":true,"href":"https:\/\/theuncommonshop.ch\/fr\/wp-json\/wp\/v2\/comments?post=314548"}],"version-history":[{"count":2,"href":"https:\/\/theuncommonshop.ch\/fr\/wp-json\/wp\/v2\/product\/314548\/revisions"}],"predecessor-version":[{"id":365272,"href":"https:\/\/theuncommonshop.ch\/fr\/wp-json\/wp\/v2\/product\/314548\/revisions\/365272"}],"wp:featuredmedia":[{"embeddable":true,"href":"https:\/\/theuncommonshop.ch\/fr\/wp-json\/wp\/v2\/media\/264581"}],"wp:attachment":[{"href":"https:\/\/theuncommonshop.ch\/fr\/wp-json\/wp\/v2\/media?parent=314548"}],"wp:term":[{"taxonomy":"product_brand","embeddable":true,"href":"https:\/\/theuncommonshop.ch\/fr\/wp-json\/wp\/v2\/product_brand?post=314548"},{"taxonomy":"product_cat","embeddable":true,"href":"https:\/\/theuncommonshop.ch\/fr\/wp-json\/wp\/v2\/product_cat?post=314548"},{"taxonomy":"product_tag","embeddable":true,"href":"https:\/\/theuncommonshop.ch\/fr\/wp-json\/wp\/v2\/product_tag?post=314548"}],"curies":[{"name":"wp","href":"https:\/\/api.w.org\/{rel}","templated":true}]}}