{"id":314483,"date":"2025-12-31T00:28:42","date_gmt":"2025-12-31T00:28:42","guid":{"rendered":"http:\/\/theuncommonshop.ch\/produkt\/314483\/"},"modified":"2026-03-31T19:51:19","modified_gmt":"2026-03-31T17:51:19","slug":"ffg-star-wars-unlimited-secrets-of-power-carbonite-booster-display-en-2","status":"publish","type":"product","link":"https:\/\/theuncommonshop.ch\/fr\/product\/ffg-star-wars-unlimited-secrets-of-power-carbonite-booster-display-en-2\/","title":{"rendered":"FFG &#8211; Star Wars : Unlimited &#8211; Secrets of Power &#8211; Carbonite Booster Display"},"content":{"rendered":"<p>Enrichissez votre collection avec le Booster Display exclusif Carbonite Secrets of Power ! Ce pr\u00e9sentoir en \u00e9dition limit\u00e9e contient 12 boosters et vous apporte des cartes uniques et prestigieuses pour votre deck Star Wars : Unlimited.\n<\/p>\n<p>Contenu :\n<\/p>\n<p>&#8211; 12 boosters en carbonite du set Secrets of Power<br \/>&#8211; Chaque pack contient 1 carte Leader Hyperspace\/Showcase<br \/>&#8211; 6 cartes Premium Foil par pack<br \/>&#8211; 1 carte Foil Rare ou L\u00e9gendaire par pack<br \/>&#8211; 1 carte exclusive de prestige en carbonite par pack\n<\/p>\n<p>Particularit\u00e9s :\n<\/p>\n<p>&#8211; \u00c9dition limit\u00e9e Carbonite &#8211; non r\u00e9imprim\u00e9e<br \/>&#8211; Cartes Prestige exclusives disponibles uniquement dans cette \u00e9dition<br \/>&#8211; Parfaites pour les drafts, les Sealed Events et le domaine comp\u00e9titif<br \/>&#8211; Contient des personnages embl\u00e9matiques de plusieurs \u00e9poques de Star Wars<br \/>&#8211; Focus sur les espions, les politiciens, les criminels et les agents infiltr\u00e9s<br \/>&#8211; Id\u00e9al pour les collectionneurs et les joueurs qui veulent se procurer des cartes rares.<\/p>\n","protected":false},"excerpt":{"rendered":"<p>Enrichissez votre collection avec le Booster Display exclusif Carbonite Secrets of Power ! Ce pr\u00e9sentoir en \u00e9dition limit\u00e9e contient 12<\/p>\n","protected":false},"featured_media":264429,"comment_status":"open","ping_status":"closed","template":"","meta":{"_acf_changed":false},"product_brand":[5086],"product_cat":[9785,9949],"product_tag":[],"class_list":{"0":"post-314483","1":"product","2":"type-product","3":"status-publish","4":"has-post-thumbnail","6":"product_brand-star-wars-unlimited","7":"product_cat-autres-cartes-a-collectionner","8":"product_cat-star-wars","10":"first","11":"instock","12":"taxable","13":"shipping-taxable","14":"purchasable","15":"product-type-variable"},"acf":[],"yoast_head":"<!-- This site is optimized with the Yoast SEO plugin v27.4 - https:\/\/yoast.com\/product\/yoast-seo-wordpress\/ -->\n<title>Ach\u00e8te FFG - Star Wars : Unlimited - Secrets of Power - Carbonite Booster Display<\/title>\n<meta name=\"description\" content=\"Ach\u00e8te FFG - Star Wars : Unlimited - Secrets of Power - Carbonite Booster Display en ligne maintenant \u00e0 petit prix! Ton #1 shop pour cartes TCG &amp; Pok\u00e9mon en Suisse \u2713 Livraison gratuite d\u00e8s CHF 29\" \/>\n<meta name=\"robots\" content=\"index, follow, max-snippet:-1, max-image-preview:large, max-video-preview:-1\" \/>\n<link rel=\"canonical\" href=\"https:\/\/theuncommonshop.ch\/fr\/product\/ffg-star-wars-unlimited-secrets-of-power-carbonite-booster-display-en-2\/\" \/>\n<meta property=\"og:locale\" content=\"fr_FR\" \/>\n<meta property=\"og:type\" content=\"article\" \/>\n<meta property=\"og:title\" content=\"Ach\u00e8te FFG - Star Wars : Unlimited - Secrets of Power - Carbonite Booster Display\" \/>\n<meta property=\"og:description\" content=\"Ach\u00e8te FFG - Star Wars : Unlimited - Secrets of Power - Carbonite Booster Display en ligne maintenant \u00e0 petit prix! Ton #1 shop pour cartes TCG &amp; Pok\u00e9mon en Suisse \u2713 Livraison gratuite d\u00e8s CHF 29\" \/>\n<meta property=\"og:url\" content=\"https:\/\/theuncommonshop.ch\/fr\/product\/ffg-star-wars-unlimited-secrets-of-power-carbonite-booster-display-en-2\/\" \/>\n<meta property=\"og:site_name\" content=\"Largest trading card shop in Switzerland\" \/>\n<meta property=\"article:modified_time\" content=\"2026-03-31T17:51:19+00:00\" \/>\n<meta property=\"og:image\" content=\"https:\/\/theuncommonshop.ch\/wp-content\/uploads\/2025\/12\/5162188609.png\" \/>\n\t<meta property=\"og:image:width\" content=\"400\" \/>\n\t<meta property=\"og:image:height\" content=\"400\" \/>\n\t<meta property=\"og:image:type\" content=\"image\/png\" \/>\n<meta name=\"twitter:card\" content=\"summary_large_image\" \/>\n<meta name=\"twitter:label1\" content=\"Disponibilit\u00e9\" \/>\n\t<meta name=\"twitter:data1\" content=\"En stock\" \/>\n<script type=\"application\/ld+json\" class=\"yoast-schema-graph\">{\"@context\":\"https:\\\/\\\/schema.org\",\"@graph\":[{\"@type\":\"WebPage\",\"@id\":\"https:\\\/\\\/theuncommonshop.ch\\\/fr\\\/product\\\/ffg-star-wars-unlimited-secrets-of-power-carbonite-booster-display-en-2\\\/\",\"url\":\"https:\\\/\\\/theuncommonshop.ch\\\/fr\\\/product\\\/ffg-star-wars-unlimited-secrets-of-power-carbonite-booster-display-en-2\\\/\",\"name\":\"Ach\u00e8te FFG - Star Wars : Unlimited - Secrets of Power - Carbonite Booster Display\",\"isPartOf\":{\"@id\":\"https:\\\/\\\/theuncommonshop.ch\\\/#website\"},\"primaryImageOfPage\":{\"@id\":\"https:\\\/\\\/theuncommonshop.ch\\\/fr\\\/product\\\/ffg-star-wars-unlimited-secrets-of-power-carbonite-booster-display-en-2\\\/#primaryimage\"},\"image\":{\"@id\":\"https:\\\/\\\/theuncommonshop.ch\\\/fr\\\/product\\\/ffg-star-wars-unlimited-secrets-of-power-carbonite-booster-display-en-2\\\/#primaryimage\"},\"thumbnailUrl\":\"https:\\\/\\\/theuncommonshop.ch\\\/wp-content\\\/uploads\\\/2025\\\/12\\\/5162188609.png\",\"datePublished\":\"2025-12-31T00:28:42+00:00\",\"dateModified\":\"2026-03-31T17:51:19+00:00\",\"description\":\"Ach\u00e8te FFG - Star Wars : Unlimited - Secrets of Power - Carbonite Booster Display en ligne maintenant \u00e0 petit prix! Ton #1 shop pour cartes TCG & Pok\u00e9mon en Suisse \u2713 Livraison gratuite d\u00e8s CHF 29\",\"breadcrumb\":{\"@id\":\"https:\\\/\\\/theuncommonshop.ch\\\/fr\\\/product\\\/ffg-star-wars-unlimited-secrets-of-power-carbonite-booster-display-en-2\\\/#breadcrumb\"},\"inLanguage\":\"fr-FR\",\"potentialAction\":[{\"@type\":\"ReadAction\",\"target\":[\"https:\\\/\\\/theuncommonshop.ch\\\/fr\\\/product\\\/ffg-star-wars-unlimited-secrets-of-power-carbonite-booster-display-en-2\\\/\"]}]},{\"@type\":\"ImageObject\",\"inLanguage\":\"fr-FR\",\"@id\":\"https:\\\/\\\/theuncommonshop.ch\\\/fr\\\/product\\\/ffg-star-wars-unlimited-secrets-of-power-carbonite-booster-display-en-2\\\/#primaryimage\",\"url\":\"https:\\\/\\\/theuncommonshop.ch\\\/wp-content\\\/uploads\\\/2025\\\/12\\\/5162188609.png\",\"contentUrl\":\"https:\\\/\\\/theuncommonshop.ch\\\/wp-content\\\/uploads\\\/2025\\\/12\\\/5162188609.png\",\"width\":400,\"height\":400},{\"@type\":\"BreadcrumbList\",\"@id\":\"https:\\\/\\\/theuncommonshop.ch\\\/fr\\\/product\\\/ffg-star-wars-unlimited-secrets-of-power-carbonite-booster-display-en-2\\\/#breadcrumb\",\"itemListElement\":[{\"@type\":\"ListItem\",\"position\":1,\"name\":\"Accueil\",\"item\":\"https:\\\/\\\/theuncommonshop.ch\\\/fr\\\/accueil\\\/\"},{\"@type\":\"ListItem\",\"position\":2,\"name\":\"Boutique\",\"item\":\"https:\\\/\\\/theuncommonshop.ch\\\/fr\\\/boutique\\\/\"},{\"@type\":\"ListItem\",\"position\":3,\"name\":\"Weitere Sammelkarten\",\"item\":\"https:\\\/\\\/theuncommonshop.ch\\\/produktkategorie\\\/weitere-sammelkarten\\\/\"},{\"@type\":\"ListItem\",\"position\":4,\"name\":\"Star Wars\",\"item\":\"https:\\\/\\\/theuncommonshop.ch\\\/produktkategorie\\\/weitere-sammelkarten\\\/star-wars-karten\\\/\"},{\"@type\":\"ListItem\",\"position\":5,\"name\":\"FFG &#8211; Star Wars : Unlimited &#8211; Secrets of Power &#8211; Carbonite Booster Display\"}]},{\"@type\":\"WebSite\",\"@id\":\"https:\\\/\\\/theuncommonshop.ch\\\/#website\",\"url\":\"https:\\\/\\\/theuncommonshop.ch\\\/\",\"name\":\"Largest trading card shop in Switzerland\",\"description\":\"Magic, Pok\u00e9mon and Yu-gi-oh - The Uncommon Shop\",\"potentialAction\":[{\"@type\":\"SearchAction\",\"target\":{\"@type\":\"EntryPoint\",\"urlTemplate\":\"https:\\\/\\\/theuncommonshop.ch\\\/?s={search_term_string}\"},\"query-input\":{\"@type\":\"PropertyValueSpecification\",\"valueRequired\":true,\"valueName\":\"search_term_string\"}}],\"inLanguage\":\"fr-FR\"}]}<\/script>\n<meta property=\"og:availability\" content=\"instock\" \/>\n<meta property=\"product:availability\" content=\"instock\" \/>\n<meta property=\"product:retailer_item_id\" content=\"AL.I.A.SWSecOfPowerCarboDisp.EN\" \/>\n<meta property=\"product:condition\" content=\"new\" \/>\n<!-- \/ Yoast SEO plugin. -->","yoast_head_json":{"title":"Ach\u00e8te FFG - Star Wars : Unlimited - Secrets of Power - Carbonite Booster Display","description":"Ach\u00e8te FFG - Star Wars : Unlimited - Secrets of Power - Carbonite Booster Display en ligne maintenant \u00e0 petit prix! Ton #1 shop pour cartes TCG & Pok\u00e9mon en Suisse \u2713 Livraison gratuite d\u00e8s CHF 29","robots":{"index":"index","follow":"follow","max-snippet":"max-snippet:-1","max-image-preview":"max-image-preview:large","max-video-preview":"max-video-preview:-1"},"canonical":"https:\/\/theuncommonshop.ch\/fr\/product\/ffg-star-wars-unlimited-secrets-of-power-carbonite-booster-display-en-2\/","og_locale":"fr_FR","og_type":"article","og_title":"Ach\u00e8te FFG - Star Wars : Unlimited - Secrets of Power - Carbonite Booster Display","og_description":"Ach\u00e8te FFG - Star Wars : Unlimited - Secrets of Power - Carbonite Booster Display en ligne maintenant \u00e0 petit prix! Ton #1 shop pour cartes TCG & Pok\u00e9mon en Suisse \u2713 Livraison gratuite d\u00e8s CHF 29","og_url":"https:\/\/theuncommonshop.ch\/fr\/product\/ffg-star-wars-unlimited-secrets-of-power-carbonite-booster-display-en-2\/","og_site_name":"Largest trading card shop in Switzerland","article_modified_time":"2026-03-31T17:51:19+00:00","og_image":[{"width":400,"height":400,"url":"https:\/\/theuncommonshop.ch\/wp-content\/uploads\/2025\/12\/5162188609.png","type":"image\/png"}],"twitter_card":"summary_large_image","twitter_misc":{"Disponibilit\u00e9":"En stock"},"schema":{"@context":"https:\/\/schema.org","@graph":[{"@type":"WebPage","@id":"https:\/\/theuncommonshop.ch\/fr\/product\/ffg-star-wars-unlimited-secrets-of-power-carbonite-booster-display-en-2\/","url":"https:\/\/theuncommonshop.ch\/fr\/product\/ffg-star-wars-unlimited-secrets-of-power-carbonite-booster-display-en-2\/","name":"Ach\u00e8te FFG - Star Wars : Unlimited - Secrets of Power - Carbonite Booster Display","isPartOf":{"@id":"https:\/\/theuncommonshop.ch\/#website"},"primaryImageOfPage":{"@id":"https:\/\/theuncommonshop.ch\/fr\/product\/ffg-star-wars-unlimited-secrets-of-power-carbonite-booster-display-en-2\/#primaryimage"},"image":{"@id":"https:\/\/theuncommonshop.ch\/fr\/product\/ffg-star-wars-unlimited-secrets-of-power-carbonite-booster-display-en-2\/#primaryimage"},"thumbnailUrl":"https:\/\/theuncommonshop.ch\/wp-content\/uploads\/2025\/12\/5162188609.png","datePublished":"2025-12-31T00:28:42+00:00","dateModified":"2026-03-31T17:51:19+00:00","description":"Ach\u00e8te FFG - Star Wars : Unlimited - Secrets of Power - Carbonite Booster Display en ligne maintenant \u00e0 petit prix! Ton #1 shop pour cartes TCG & Pok\u00e9mon en Suisse \u2713 Livraison gratuite d\u00e8s CHF 29","breadcrumb":{"@id":"https:\/\/theuncommonshop.ch\/fr\/product\/ffg-star-wars-unlimited-secrets-of-power-carbonite-booster-display-en-2\/#breadcrumb"},"inLanguage":"fr-FR","potentialAction":[{"@type":"ReadAction","target":["https:\/\/theuncommonshop.ch\/fr\/product\/ffg-star-wars-unlimited-secrets-of-power-carbonite-booster-display-en-2\/"]}]},{"@type":"ImageObject","inLanguage":"fr-FR","@id":"https:\/\/theuncommonshop.ch\/fr\/product\/ffg-star-wars-unlimited-secrets-of-power-carbonite-booster-display-en-2\/#primaryimage","url":"https:\/\/theuncommonshop.ch\/wp-content\/uploads\/2025\/12\/5162188609.png","contentUrl":"https:\/\/theuncommonshop.ch\/wp-content\/uploads\/2025\/12\/5162188609.png","width":400,"height":400},{"@type":"BreadcrumbList","@id":"https:\/\/theuncommonshop.ch\/fr\/product\/ffg-star-wars-unlimited-secrets-of-power-carbonite-booster-display-en-2\/#breadcrumb","itemListElement":[{"@type":"ListItem","position":1,"name":"Accueil","item":"https:\/\/theuncommonshop.ch\/fr\/accueil\/"},{"@type":"ListItem","position":2,"name":"Boutique","item":"https:\/\/theuncommonshop.ch\/fr\/boutique\/"},{"@type":"ListItem","position":3,"name":"Weitere Sammelkarten","item":"https:\/\/theuncommonshop.ch\/produktkategorie\/weitere-sammelkarten\/"},{"@type":"ListItem","position":4,"name":"Star Wars","item":"https:\/\/theuncommonshop.ch\/produktkategorie\/weitere-sammelkarten\/star-wars-karten\/"},{"@type":"ListItem","position":5,"name":"FFG &#8211; Star Wars : Unlimited &#8211; Secrets of Power &#8211; Carbonite Booster Display"}]},{"@type":"WebSite","@id":"https:\/\/theuncommonshop.ch\/#website","url":"https:\/\/theuncommonshop.ch\/","name":"Largest trading card shop in Switzerland","description":"Magic, Pok\u00e9mon and Yu-gi-oh - The Uncommon Shop","potentialAction":[{"@type":"SearchAction","target":{"@type":"EntryPoint","urlTemplate":"https:\/\/theuncommonshop.ch\/?s={search_term_string}"},"query-input":{"@type":"PropertyValueSpecification","valueRequired":true,"valueName":"search_term_string"}}],"inLanguage":"fr-FR"}]},"og_availability":"instock","product_availability":"instock","product_retailer_item_id":"AL.I.A.SWSecOfPowerCarboDisp.EN","product_condition":"new"},"_links":{"self":[{"href":"https:\/\/theuncommonshop.ch\/fr\/wp-json\/wp\/v2\/product\/314483","targetHints":{"allow":["GET"]}}],"collection":[{"href":"https:\/\/theuncommonshop.ch\/fr\/wp-json\/wp\/v2\/product"}],"about":[{"href":"https:\/\/theuncommonshop.ch\/fr\/wp-json\/wp\/v2\/types\/product"}],"replies":[{"embeddable":true,"href":"https:\/\/theuncommonshop.ch\/fr\/wp-json\/wp\/v2\/comments?post=314483"}],"version-history":[{"count":2,"href":"https:\/\/theuncommonshop.ch\/fr\/wp-json\/wp\/v2\/product\/314483\/revisions"}],"predecessor-version":[{"id":365607,"href":"https:\/\/theuncommonshop.ch\/fr\/wp-json\/wp\/v2\/product\/314483\/revisions\/365607"}],"wp:featuredmedia":[{"embeddable":true,"href":"https:\/\/theuncommonshop.ch\/fr\/wp-json\/wp\/v2\/media\/264429"}],"wp:attachment":[{"href":"https:\/\/theuncommonshop.ch\/fr\/wp-json\/wp\/v2\/media?parent=314483"}],"wp:term":[{"taxonomy":"product_brand","embeddable":true,"href":"https:\/\/theuncommonshop.ch\/fr\/wp-json\/wp\/v2\/product_brand?post=314483"},{"taxonomy":"product_cat","embeddable":true,"href":"https:\/\/theuncommonshop.ch\/fr\/wp-json\/wp\/v2\/product_cat?post=314483"},{"taxonomy":"product_tag","embeddable":true,"href":"https:\/\/theuncommonshop.ch\/fr\/wp-json\/wp\/v2\/product_tag?post=314483"}],"curies":[{"name":"wp","href":"https:\/\/api.w.org\/{rel}","templated":true}]}}