{"id":314471,"date":"2025-12-31T00:24:12","date_gmt":"2025-12-30T23:24:12","guid":{"rendered":"http:\/\/theuncommonshop.ch\/produkt\/314471\/"},"modified":"2026-03-31T13:13:05","modified_gmt":"2026-03-31T11:13:05","slug":"dragon-ball-super-ultra-bout-series-01-prismatic-clash-b28-booster-display-3","status":"publish","type":"product","link":"https:\/\/theuncommonshop.ch\/fr\/product\/dragon-ball-super-ultra-bout-series-01-prismatic-clash-b28-booster-display-3\/","title":{"rendered":"Dragon Ball Super &#8211; Ultra Bout Series 01 &#8211; Prismatic Clash (B28) &#8211; Booster Display"},"content":{"rendered":"<p>D\u00e9couvrez la prochaine \u00e9tape de l&#8217;\u00e9volution du Dragon Ball Super Card Game avec l&#8217;Ultra Bout Series 01 Prismatic Clash &#8211; un nouveau chapitre passionnant qui apporte des innovations r\u00e9volutionnaires au gameplay et \u00e0 la collection. Ce set introduit une nouvelle couleur de carte blanche, offrant ainsi de toutes nouvelles possibilit\u00e9s pour la construction de decks. La structure du paquet garantit quatre cartes Holo par paquet (au lieu de deux auparavant), ce qui augmente l&#8217;excitation du tirage et la diversit\u00e9 des cartes. Obtenez \u00e0 la fois un nouveau God Rares avec des effets uniques et un ancien SCR magnifiquement r\u00e9-illustr\u00e9 comme deuxi\u00e8me God Rare. Les Concept Rares sont bas\u00e9s sur le th\u00e8me des Showdowns c\u00e9l\u00e8bres et mettent en avant les combats embl\u00e9matiques de Goku, tandis que les leaders de Dragon Ball DAIMA comme Son Goku (Mini) et le Dr Arinsu apportent une touche de modernit\u00e9. Chaque Booster Display contient 24 Booster Packs de 12 cartes chacun et un Box Topper marqueur d&#8217;\u00e9nergie \u00e0 collectionner avec une finition de qualit\u00e9.     <\/p>\n<div><\/div>\n","protected":false},"excerpt":{"rendered":"<p>D\u00e9couvrez la prochaine \u00e9tape de l&#8217;\u00e9volution du Dragon Ball Super Card Game avec l&#8217;Ultra Bout Series 01 Prismatic Clash &#8211;<\/p>\n","protected":false},"featured_media":264291,"comment_status":"open","ping_status":"closed","template":"","meta":{"_acf_changed":false},"product_brand":[5100,5160],"product_cat":[9785,10003,9791],"product_tag":[],"class_list":{"0":"post-314471","1":"product","2":"type-product","3":"status-publish","4":"has-post-thumbnail","6":"product_brand-bandai-tcg","7":"product_brand-dragon-ball-card-game","8":"product_cat-autres-cartes-a-collectionner","9":"product_cat-booster-displays-dbs","10":"product_cat-dragon-ball-dbs","12":"first","13":"outofstock","14":"sale","15":"taxable","16":"shipping-taxable","17":"purchasable","18":"product-type-variable"},"acf":[],"yoast_head":"<!-- This site is optimized with the Yoast SEO plugin v27.5 - https:\/\/yoast.com\/product\/yoast-seo-wordpress\/ -->\n<title>Ach\u00e8te Dragon Ball Super - Ultra Bout Series 01 - Prismatic Clash (B28) - Booster Display<\/title>\n<meta name=\"description\" content=\"Ach\u00e8te Dragon Ball Super - Ultra Bout Series 01 - Prismatic Clash (B28) - Booster Display en ligne maintenant \u00e0 petit prix! Ton #1 shop pour cartes TCG &amp; Pok\u00e9mon en Suisse \u2713 Livraison gratuite d\u00e8s CHF 29\" \/>\n<meta name=\"robots\" content=\"index, follow, max-snippet:-1, max-image-preview:large, max-video-preview:-1\" \/>\n<link rel=\"canonical\" href=\"https:\/\/theuncommonshop.ch\/fr\/product\/dragon-ball-super-ultra-bout-series-01-prismatic-clash-b28-booster-display-3\/\" \/>\n<meta property=\"og:locale\" content=\"fr_FR\" \/>\n<meta property=\"og:type\" content=\"article\" \/>\n<meta property=\"og:title\" content=\"Ach\u00e8te Dragon Ball Super - Ultra Bout Series 01 - Prismatic Clash (B28) - Booster Display\" \/>\n<meta property=\"og:description\" content=\"Ach\u00e8te Dragon Ball Super - Ultra Bout Series 01 - Prismatic Clash (B28) - Booster Display en ligne maintenant \u00e0 petit prix! Ton #1 shop pour cartes TCG &amp; Pok\u00e9mon en Suisse \u2713 Livraison gratuite d\u00e8s CHF 29\" \/>\n<meta property=\"og:url\" content=\"https:\/\/theuncommonshop.ch\/fr\/product\/dragon-ball-super-ultra-bout-series-01-prismatic-clash-b28-booster-display-3\/\" \/>\n<meta property=\"og:site_name\" content=\"The Uncommon Shop\" \/>\n<meta property=\"article:modified_time\" content=\"2026-03-31T11:13:05+00:00\" \/>\n<meta property=\"og:image\" content=\"https:\/\/theuncommonshop.ch\/wp-content\/uploads\/2025\/12\/5152112477.webp\" \/>\n\t<meta property=\"og:image:width\" content=\"900\" \/>\n\t<meta property=\"og:image:height\" content=\"900\" \/>\n\t<meta property=\"og:image:type\" content=\"image\/webp\" \/>\n<meta name=\"twitter:card\" content=\"summary_large_image\" \/>\n<meta name=\"twitter:label1\" content=\"Disponibilit\u00e9\" \/>\n\t<meta name=\"twitter:data1\" content=\"Rupture de stock\" \/>\n<script type=\"application\/ld+json\" class=\"yoast-schema-graph\">{\"@context\":\"https:\\\/\\\/schema.org\",\"@graph\":[{\"@type\":\"WebPage\",\"@id\":\"https:\\\/\\\/theuncommonshop.ch\\\/fr\\\/product\\\/dragon-ball-super-ultra-bout-series-01-prismatic-clash-b28-booster-display-3\\\/\",\"url\":\"https:\\\/\\\/theuncommonshop.ch\\\/fr\\\/product\\\/dragon-ball-super-ultra-bout-series-01-prismatic-clash-b28-booster-display-3\\\/\",\"name\":\"Ach\u00e8te Dragon Ball Super - Ultra Bout Series 01 - Prismatic Clash (B28) - Booster Display\",\"isPartOf\":{\"@id\":\"https:\\\/\\\/theuncommonshop.ch\\\/fr\\\/#website\"},\"primaryImageOfPage\":{\"@id\":\"https:\\\/\\\/theuncommonshop.ch\\\/fr\\\/product\\\/dragon-ball-super-ultra-bout-series-01-prismatic-clash-b28-booster-display-3\\\/#primaryimage\"},\"image\":{\"@id\":\"https:\\\/\\\/theuncommonshop.ch\\\/fr\\\/product\\\/dragon-ball-super-ultra-bout-series-01-prismatic-clash-b28-booster-display-3\\\/#primaryimage\"},\"thumbnailUrl\":\"https:\\\/\\\/theuncommonshop.ch\\\/wp-content\\\/uploads\\\/2025\\\/12\\\/5152112477.webp\",\"datePublished\":\"2025-12-30T23:24:12+00:00\",\"dateModified\":\"2026-03-31T11:13:05+00:00\",\"description\":\"Ach\u00e8te Dragon Ball Super - Ultra Bout Series 01 - Prismatic Clash (B28) - Booster Display en ligne maintenant \u00e0 petit prix! Ton #1 shop pour cartes TCG & Pok\u00e9mon en Suisse \u2713 Livraison gratuite d\u00e8s CHF 29\",\"breadcrumb\":{\"@id\":\"https:\\\/\\\/theuncommonshop.ch\\\/fr\\\/product\\\/dragon-ball-super-ultra-bout-series-01-prismatic-clash-b28-booster-display-3\\\/#breadcrumb\"},\"inLanguage\":\"fr-FR\",\"potentialAction\":[{\"@type\":\"ReadAction\",\"target\":[\"https:\\\/\\\/theuncommonshop.ch\\\/fr\\\/product\\\/dragon-ball-super-ultra-bout-series-01-prismatic-clash-b28-booster-display-3\\\/\"]}]},{\"@type\":\"ImageObject\",\"inLanguage\":\"fr-FR\",\"@id\":\"https:\\\/\\\/theuncommonshop.ch\\\/fr\\\/product\\\/dragon-ball-super-ultra-bout-series-01-prismatic-clash-b28-booster-display-3\\\/#primaryimage\",\"url\":\"https:\\\/\\\/theuncommonshop.ch\\\/wp-content\\\/uploads\\\/2025\\\/12\\\/5152112477.webp\",\"contentUrl\":\"https:\\\/\\\/theuncommonshop.ch\\\/wp-content\\\/uploads\\\/2025\\\/12\\\/5152112477.webp\",\"width\":900,\"height\":900},{\"@type\":\"BreadcrumbList\",\"@id\":\"https:\\\/\\\/theuncommonshop.ch\\\/fr\\\/product\\\/dragon-ball-super-ultra-bout-series-01-prismatic-clash-b28-booster-display-3\\\/#breadcrumb\",\"itemListElement\":[{\"@type\":\"ListItem\",\"position\":1,\"name\":\"Accueil\",\"item\":\"https:\\\/\\\/theuncommonshop.ch\\\/fr\\\/accueil\\\/\"},{\"@type\":\"ListItem\",\"position\":2,\"name\":\"Boutique\",\"item\":\"https:\\\/\\\/theuncommonshop.ch\\\/fr\\\/boutique\\\/\"},{\"@type\":\"ListItem\",\"position\":3,\"name\":\"Autres cartes \u00e0 collectionner\",\"item\":\"https:\\\/\\\/theuncommonshop.ch\\\/fr\\\/categorie-produit\\\/autres-cartes-a-collectionner\\\/\"},{\"@type\":\"ListItem\",\"position\":4,\"name\":\"Dragon Ball\",\"item\":\"https:\\\/\\\/theuncommonshop.ch\\\/fr\\\/categorie-produit\\\/autres-cartes-a-collectionner\\\/dragon-ball-dbs\\\/\"},{\"@type\":\"ListItem\",\"position\":5,\"name\":\"Booster Displays\",\"item\":\"https:\\\/\\\/theuncommonshop.ch\\\/fr\\\/categorie-produit\\\/autres-cartes-a-collectionner\\\/dragon-ball-dbs\\\/booster-displays-dbs\\\/\"},{\"@type\":\"ListItem\",\"position\":6,\"name\":\"Dragon Ball Super &#8211; Ultra Bout Series 01 &#8211; Prismatic Clash (B28) &#8211; Booster Display\"}]},{\"@type\":\"WebSite\",\"@id\":\"https:\\\/\\\/theuncommonshop.ch\\\/fr\\\/#website\",\"url\":\"https:\\\/\\\/theuncommonshop.ch\\\/fr\\\/\",\"name\":\"The Uncommon Shop\",\"description\":\"Magic, Pok\u00e9mon and Yu-gi-oh - The Uncommon Shop\",\"potentialAction\":[{\"@type\":\"SearchAction\",\"target\":{\"@type\":\"EntryPoint\",\"urlTemplate\":\"https:\\\/\\\/theuncommonshop.ch\\\/fr\\\/?s={search_term_string}\"},\"query-input\":{\"@type\":\"PropertyValueSpecification\",\"valueRequired\":true,\"valueName\":\"search_term_string\"}}],\"inLanguage\":\"fr-FR\"}]}<\/script>\n<meta property=\"og:availability\" content=\"out of stock\" \/>\n<meta property=\"product:availability\" content=\"out of stock\" \/>\n<meta property=\"product:retailer_item_id\" content=\"DBS.F.DBSPrismClashB28Disp.EN\" \/>\n<meta property=\"product:condition\" content=\"new\" \/>\n<!-- \/ Yoast SEO plugin. -->","yoast_head_json":{"title":"Ach\u00e8te Dragon Ball Super - Ultra Bout Series 01 - Prismatic Clash (B28) - Booster Display","description":"Ach\u00e8te Dragon Ball Super - Ultra Bout Series 01 - Prismatic Clash (B28) - Booster Display en ligne maintenant \u00e0 petit prix! Ton #1 shop pour cartes TCG & Pok\u00e9mon en Suisse \u2713 Livraison gratuite d\u00e8s CHF 29","robots":{"index":"index","follow":"follow","max-snippet":"max-snippet:-1","max-image-preview":"max-image-preview:large","max-video-preview":"max-video-preview:-1"},"canonical":"https:\/\/theuncommonshop.ch\/fr\/product\/dragon-ball-super-ultra-bout-series-01-prismatic-clash-b28-booster-display-3\/","og_locale":"fr_FR","og_type":"article","og_title":"Ach\u00e8te Dragon Ball Super - Ultra Bout Series 01 - Prismatic Clash (B28) - Booster Display","og_description":"Ach\u00e8te Dragon Ball Super - Ultra Bout Series 01 - Prismatic Clash (B28) - Booster Display en ligne maintenant \u00e0 petit prix! Ton #1 shop pour cartes TCG & Pok\u00e9mon en Suisse \u2713 Livraison gratuite d\u00e8s CHF 29","og_url":"https:\/\/theuncommonshop.ch\/fr\/product\/dragon-ball-super-ultra-bout-series-01-prismatic-clash-b28-booster-display-3\/","og_site_name":"The Uncommon Shop","article_modified_time":"2026-03-31T11:13:05+00:00","og_image":[{"width":900,"height":900,"url":"https:\/\/theuncommonshop.ch\/wp-content\/uploads\/2025\/12\/5152112477.webp","type":"image\/webp"}],"twitter_card":"summary_large_image","twitter_misc":{"Disponibilit\u00e9":"Rupture de stock"},"schema":{"@context":"https:\/\/schema.org","@graph":[{"@type":"WebPage","@id":"https:\/\/theuncommonshop.ch\/fr\/product\/dragon-ball-super-ultra-bout-series-01-prismatic-clash-b28-booster-display-3\/","url":"https:\/\/theuncommonshop.ch\/fr\/product\/dragon-ball-super-ultra-bout-series-01-prismatic-clash-b28-booster-display-3\/","name":"Ach\u00e8te Dragon Ball Super - Ultra Bout Series 01 - Prismatic Clash (B28) - Booster Display","isPartOf":{"@id":"https:\/\/theuncommonshop.ch\/fr\/#website"},"primaryImageOfPage":{"@id":"https:\/\/theuncommonshop.ch\/fr\/product\/dragon-ball-super-ultra-bout-series-01-prismatic-clash-b28-booster-display-3\/#primaryimage"},"image":{"@id":"https:\/\/theuncommonshop.ch\/fr\/product\/dragon-ball-super-ultra-bout-series-01-prismatic-clash-b28-booster-display-3\/#primaryimage"},"thumbnailUrl":"https:\/\/theuncommonshop.ch\/wp-content\/uploads\/2025\/12\/5152112477.webp","datePublished":"2025-12-30T23:24:12+00:00","dateModified":"2026-03-31T11:13:05+00:00","description":"Ach\u00e8te Dragon Ball Super - Ultra Bout Series 01 - Prismatic Clash (B28) - Booster Display en ligne maintenant \u00e0 petit prix! Ton #1 shop pour cartes TCG & Pok\u00e9mon en Suisse \u2713 Livraison gratuite d\u00e8s CHF 29","breadcrumb":{"@id":"https:\/\/theuncommonshop.ch\/fr\/product\/dragon-ball-super-ultra-bout-series-01-prismatic-clash-b28-booster-display-3\/#breadcrumb"},"inLanguage":"fr-FR","potentialAction":[{"@type":"ReadAction","target":["https:\/\/theuncommonshop.ch\/fr\/product\/dragon-ball-super-ultra-bout-series-01-prismatic-clash-b28-booster-display-3\/"]}]},{"@type":"ImageObject","inLanguage":"fr-FR","@id":"https:\/\/theuncommonshop.ch\/fr\/product\/dragon-ball-super-ultra-bout-series-01-prismatic-clash-b28-booster-display-3\/#primaryimage","url":"https:\/\/theuncommonshop.ch\/wp-content\/uploads\/2025\/12\/5152112477.webp","contentUrl":"https:\/\/theuncommonshop.ch\/wp-content\/uploads\/2025\/12\/5152112477.webp","width":900,"height":900},{"@type":"BreadcrumbList","@id":"https:\/\/theuncommonshop.ch\/fr\/product\/dragon-ball-super-ultra-bout-series-01-prismatic-clash-b28-booster-display-3\/#breadcrumb","itemListElement":[{"@type":"ListItem","position":1,"name":"Accueil","item":"https:\/\/theuncommonshop.ch\/fr\/accueil\/"},{"@type":"ListItem","position":2,"name":"Boutique","item":"https:\/\/theuncommonshop.ch\/fr\/boutique\/"},{"@type":"ListItem","position":3,"name":"Autres cartes \u00e0 collectionner","item":"https:\/\/theuncommonshop.ch\/fr\/categorie-produit\/autres-cartes-a-collectionner\/"},{"@type":"ListItem","position":4,"name":"Dragon Ball","item":"https:\/\/theuncommonshop.ch\/fr\/categorie-produit\/autres-cartes-a-collectionner\/dragon-ball-dbs\/"},{"@type":"ListItem","position":5,"name":"Booster Displays","item":"https:\/\/theuncommonshop.ch\/fr\/categorie-produit\/autres-cartes-a-collectionner\/dragon-ball-dbs\/booster-displays-dbs\/"},{"@type":"ListItem","position":6,"name":"Dragon Ball Super &#8211; Ultra Bout Series 01 &#8211; Prismatic Clash (B28) &#8211; Booster Display"}]},{"@type":"WebSite","@id":"https:\/\/theuncommonshop.ch\/fr\/#website","url":"https:\/\/theuncommonshop.ch\/fr\/","name":"The Uncommon Shop","description":"Magic, Pok\u00e9mon and Yu-gi-oh - The Uncommon Shop","potentialAction":[{"@type":"SearchAction","target":{"@type":"EntryPoint","urlTemplate":"https:\/\/theuncommonshop.ch\/fr\/?s={search_term_string}"},"query-input":{"@type":"PropertyValueSpecification","valueRequired":true,"valueName":"search_term_string"}}],"inLanguage":"fr-FR"}]},"og_availability":"out of stock","product_availability":"out of stock","product_retailer_item_id":"DBS.F.DBSPrismClashB28Disp.EN","product_condition":"new"},"_links":{"self":[{"href":"https:\/\/theuncommonshop.ch\/fr\/wp-json\/wp\/v2\/product\/314471","targetHints":{"allow":["GET"]}}],"collection":[{"href":"https:\/\/theuncommonshop.ch\/fr\/wp-json\/wp\/v2\/product"}],"about":[{"href":"https:\/\/theuncommonshop.ch\/fr\/wp-json\/wp\/v2\/types\/product"}],"replies":[{"embeddable":true,"href":"https:\/\/theuncommonshop.ch\/fr\/wp-json\/wp\/v2\/comments?post=314471"}],"version-history":[{"count":0,"href":"https:\/\/theuncommonshop.ch\/fr\/wp-json\/wp\/v2\/product\/314471\/revisions"}],"wp:featuredmedia":[{"embeddable":true,"href":"https:\/\/theuncommonshop.ch\/fr\/wp-json\/wp\/v2\/media\/264291"}],"wp:attachment":[{"href":"https:\/\/theuncommonshop.ch\/fr\/wp-json\/wp\/v2\/media?parent=314471"}],"wp:term":[{"taxonomy":"product_brand","embeddable":true,"href":"https:\/\/theuncommonshop.ch\/fr\/wp-json\/wp\/v2\/product_brand?post=314471"},{"taxonomy":"product_cat","embeddable":true,"href":"https:\/\/theuncommonshop.ch\/fr\/wp-json\/wp\/v2\/product_cat?post=314471"},{"taxonomy":"product_tag","embeddable":true,"href":"https:\/\/theuncommonshop.ch\/fr\/wp-json\/wp\/v2\/product_tag?post=314471"}],"curies":[{"name":"wp","href":"https:\/\/api.w.org\/{rel}","templated":true}]}}