{"id":314385,"date":"2025-12-31T00:06:35","date_gmt":"2025-12-30T23:06:35","guid":{"rendered":"http:\/\/theuncommonshop.ch\/produkt\/314385\/"},"modified":"2026-03-29T16:52:12","modified_gmt":"2026-03-29T14:52:12","slug":"magic-kaldheim-khm-collector-booster-display-3","status":"publish","type":"product","link":"https:\/\/theuncommonshop.ch\/fr\/product\/magic-kaldheim-khm-collector-booster-display-3\/","title":{"rendered":"Magic &#8211; Kaldheim (KHM) &#8211; Collector Booster Display"},"content":{"rendered":"<p data-start=\"81\" data-end=\"469\">Plongez dans le monde glacial de <strong data-start=\"117\" data-end=\"158\"><span class=\"hover:entity-accent entity-underline inline cursor-pointer align-baseline\"><span class=\"whitespace-normal\">Kaldheim.<\/span><\/span><\/strong>un set Magic \u00e9pique inspir\u00e9 de la mythologie nordique, des guerriers l\u00e9gendaires et des dieux puissants. Avec le <strong data-start=\"274\" data-end=\"309\">Collector Booster Display (KHM)<\/strong>, vous disposez d&#8217;un produit haut de gamme sp\u00e9cialement con\u00e7u pour les collectionneurs et les joueurs \u00e0 la recherche de cartes particuli\u00e8rement rares et de variantes de cartes impressionnantes. <\/p>\n<p data-start=\"471\" data-end=\"756\">Le monde de <strong data-start=\"484\" data-end=\"496\">Kaldheim<\/strong> est divis\u00e9 en dix royaumes, peupl\u00e9s de puissants guerriers, de dragons et de dieux. Le set apporte de nouvelles m\u00e9caniques comme <strong data-start=\"621\" data-end=\"633\">Foretell<\/strong>, qui permet de pr\u00e9parer des cartes \u00e0 l&#8217;avance, ainsi que de nombreuses cr\u00e9atures l\u00e9gendaires et des illustrations spectaculaires. <\/p>\n<p data-start=\"758\" data-end=\"1032\"><strong data-start=\"758\" data-end=\"779\">Les Boosters Collector<\/strong> offrent une chance particuli\u00e8rement \u00e9lev\u00e9e d&#8217;obtenir <strong data-start=\"818\" data-end=\"889\">des cartes Foil, des cartes Showcase, des variantes Extended-Art et Borderless<\/strong>. Les <strong data-start=\"932\" data-end=\"971\">cadres Showcase<\/strong> uniques <strong data-start=\"932\" data-end=\"971\">inspir\u00e9s de Viking<\/strong>, qui repr\u00e9sentent des cartes dans le style des anciennes pierres runiques nordiques, sont particuli\u00e8rement appr\u00e9ci\u00e9s. <\/p>\n<h3 data-start=\"1034\" data-end=\"1052\">D\u00e9tails du produit<\/h3>\n<p data-start=\"1054\" data-end=\"1451\">&#8211;  <strong data-start=\"1056\" data-end=\"1064\">Set :<\/strong> Kaldheim<br data-start=\"1073\" data-end=\"1076\">&#8211;  <strong data-start=\"1078\" data-end=\"1091\">Code de l&#8217;ensemble :<\/strong> <strong data-start=\"1092\" data-end=\"1099\">KHM<\/strong><br data-start=\"1099\" data-end=\"1102\">&#8211; <strong data-start=\"1104\" data-end=\"1146\">1 pr\u00e9sentoir contient 12 Collector Booster<\/strong><br data-start=\"1146\" data-end=\"1149\">&#8211; <strong data-start=\"1151\" data-end=\"1197\">15 cartes Magic : The Gathering par Booster<\/strong><br data-start=\"1197\" data-end=\"1200\">&#8211; Contient de nombreuses <strong data-start=\"1221\" data-end=\"1266\">cartes Foil et des variantes sp\u00e9ciales de cartes<\/strong><br data-start=\"1266\" data-end=\"1269\">&#8211; Chance d&#8217;obtenir des <strong data-start=\"1282\" data-end=\"1332\">cartes Showcase, Extended Art et Borderless<\/strong><br data-start=\"1332\" data-end=\"1335\">&#8211; <strong data-start=\"1350\" data-end=\"1385\">Cadre de cartes Showcase nordique<\/strong> unique<br data-start=\"1385\" data-end=\"1388\">&#8211; Parfaitement adapt\u00e9 pour les       <strong data-start=\"1411\" data-end=\"1451\">Collectionneurs et pulls de cartes de qualit\u00e9<\/strong><\/p>\n<p data-start=\"1453\" data-end=\"1665\">Avec le <strong data-start=\"1461\" data-end=\"1526\">Collector Booster Display de Magic : The Gathering Kaldheim (KHM)<\/strong>, vous avez la chance de recevoir des cartes particuli\u00e8rement rares et des variantes impressionnantes de l&#8217;un des mondes les plus \u00e9piques du multivers Magic.<\/p>\n","protected":false},"excerpt":{"rendered":"<p>Plongez dans le monde glacial de Kaldheim.un set Magic \u00e9pique inspir\u00e9 de la mythologie nordique, des guerriers l\u00e9gendaires et des<\/p>\n","protected":false},"featured_media":263726,"comment_status":"open","ping_status":"closed","template":"","meta":{"_acf_changed":false},"product_brand":[5070],"product_cat":[9969,9967],"product_tag":[],"class_list":{"0":"post-314385","1":"product","2":"type-product","3":"status-publish","4":"has-post-thumbnail","6":"product_brand-wizards-of-the-coast","7":"product_cat-booster-displays-fr","8":"product_cat-magic-the-gathering-fr","10":"first","11":"instock","12":"taxable","13":"shipping-taxable","14":"purchasable","15":"product-type-variable"},"acf":[],"yoast_head":"<!-- This site is optimized with the Yoast SEO plugin v27.4 - https:\/\/yoast.com\/product\/yoast-seo-wordpress\/ -->\n<title>Ach\u00e8te Magic - Kaldheim (KHM) - Collector Booster Display<\/title>\n<meta name=\"description\" content=\"Ach\u00e8te Magic - Kaldheim (KHM) - Collector Booster Display en ligne maintenant \u00e0 petit prix! Ton #1 shop pour cartes TCG &amp; Pok\u00e9mon en Suisse \u2713 Livraison gratuite d\u00e8s CHF 29\" \/>\n<meta name=\"robots\" content=\"index, follow, max-snippet:-1, max-image-preview:large, max-video-preview:-1\" \/>\n<link rel=\"canonical\" href=\"https:\/\/theuncommonshop.ch\/fr\/product\/magic-kaldheim-khm-collector-booster-display-3\/\" \/>\n<meta property=\"og:locale\" content=\"fr_FR\" \/>\n<meta property=\"og:type\" content=\"article\" \/>\n<meta property=\"og:title\" content=\"Ach\u00e8te Magic - Kaldheim (KHM) - Collector Booster Display\" \/>\n<meta property=\"og:description\" content=\"Ach\u00e8te Magic - Kaldheim (KHM) - Collector Booster Display en ligne maintenant \u00e0 petit prix! Ton #1 shop pour cartes TCG &amp; Pok\u00e9mon en Suisse \u2713 Livraison gratuite d\u00e8s CHF 29\" \/>\n<meta property=\"og:url\" content=\"https:\/\/theuncommonshop.ch\/fr\/product\/magic-kaldheim-khm-collector-booster-display-3\/\" \/>\n<meta property=\"og:site_name\" content=\"Largest trading card shop in Switzerland\" \/>\n<meta property=\"article:modified_time\" content=\"2026-03-29T14:52:12+00:00\" \/>\n<meta property=\"og:image\" content=\"https:\/\/theuncommonshop.ch\/wp-content\/uploads\/2025\/12\/5125141699.jpg\" \/>\n\t<meta property=\"og:image:width\" content=\"1200\" \/>\n\t<meta property=\"og:image:height\" content=\"900\" \/>\n\t<meta property=\"og:image:type\" content=\"image\/jpeg\" \/>\n<meta name=\"twitter:card\" content=\"summary_large_image\" \/>\n<meta name=\"twitter:label1\" content=\"Disponibilit\u00e9\" \/>\n\t<meta name=\"twitter:data1\" content=\"En stock\" \/>\n<script type=\"application\/ld+json\" class=\"yoast-schema-graph\">{\"@context\":\"https:\\\/\\\/schema.org\",\"@graph\":[{\"@type\":\"WebPage\",\"@id\":\"https:\\\/\\\/theuncommonshop.ch\\\/fr\\\/product\\\/magic-kaldheim-khm-collector-booster-display-3\\\/\",\"url\":\"https:\\\/\\\/theuncommonshop.ch\\\/fr\\\/product\\\/magic-kaldheim-khm-collector-booster-display-3\\\/\",\"name\":\"Ach\u00e8te Magic - Kaldheim (KHM) - Collector Booster Display\",\"isPartOf\":{\"@id\":\"https:\\\/\\\/theuncommonshop.ch\\\/#website\"},\"primaryImageOfPage\":{\"@id\":\"https:\\\/\\\/theuncommonshop.ch\\\/fr\\\/product\\\/magic-kaldheim-khm-collector-booster-display-3\\\/#primaryimage\"},\"image\":{\"@id\":\"https:\\\/\\\/theuncommonshop.ch\\\/fr\\\/product\\\/magic-kaldheim-khm-collector-booster-display-3\\\/#primaryimage\"},\"thumbnailUrl\":\"https:\\\/\\\/theuncommonshop.ch\\\/wp-content\\\/uploads\\\/2025\\\/12\\\/5125141699.jpg\",\"datePublished\":\"2025-12-30T23:06:35+00:00\",\"dateModified\":\"2026-03-29T14:52:12+00:00\",\"description\":\"Ach\u00e8te Magic - Kaldheim (KHM) - Collector Booster Display en ligne maintenant \u00e0 petit prix! Ton #1 shop pour cartes TCG & Pok\u00e9mon en Suisse \u2713 Livraison gratuite d\u00e8s CHF 29\",\"breadcrumb\":{\"@id\":\"https:\\\/\\\/theuncommonshop.ch\\\/fr\\\/product\\\/magic-kaldheim-khm-collector-booster-display-3\\\/#breadcrumb\"},\"inLanguage\":\"fr-FR\",\"potentialAction\":[{\"@type\":\"ReadAction\",\"target\":[\"https:\\\/\\\/theuncommonshop.ch\\\/fr\\\/product\\\/magic-kaldheim-khm-collector-booster-display-3\\\/\"]}]},{\"@type\":\"ImageObject\",\"inLanguage\":\"fr-FR\",\"@id\":\"https:\\\/\\\/theuncommonshop.ch\\\/fr\\\/product\\\/magic-kaldheim-khm-collector-booster-display-3\\\/#primaryimage\",\"url\":\"https:\\\/\\\/theuncommonshop.ch\\\/wp-content\\\/uploads\\\/2025\\\/12\\\/5125141699.jpg\",\"contentUrl\":\"https:\\\/\\\/theuncommonshop.ch\\\/wp-content\\\/uploads\\\/2025\\\/12\\\/5125141699.jpg\",\"width\":1200,\"height\":900},{\"@type\":\"BreadcrumbList\",\"@id\":\"https:\\\/\\\/theuncommonshop.ch\\\/fr\\\/product\\\/magic-kaldheim-khm-collector-booster-display-3\\\/#breadcrumb\",\"itemListElement\":[{\"@type\":\"ListItem\",\"position\":1,\"name\":\"Accueil\",\"item\":\"https:\\\/\\\/theuncommonshop.ch\\\/fr\\\/accueil\\\/\"},{\"@type\":\"ListItem\",\"position\":2,\"name\":\"Boutique\",\"item\":\"https:\\\/\\\/theuncommonshop.ch\\\/fr\\\/boutique\\\/\"},{\"@type\":\"ListItem\",\"position\":3,\"name\":\"Magic the Gathering\",\"item\":\"https:\\\/\\\/theuncommonshop.ch\\\/fr\\\/categorie-produit\\\/magic-the-gathering-fr\\\/\"},{\"@type\":\"ListItem\",\"position\":4,\"name\":\"Booster Displays\",\"item\":\"https:\\\/\\\/theuncommonshop.ch\\\/fr\\\/categorie-produit\\\/magic-the-gathering-fr\\\/booster-displays-fr\\\/\"},{\"@type\":\"ListItem\",\"position\":5,\"name\":\"Magic &#8211; Kaldheim (KHM) &#8211; Collector Booster Display\"}]},{\"@type\":\"WebSite\",\"@id\":\"https:\\\/\\\/theuncommonshop.ch\\\/#website\",\"url\":\"https:\\\/\\\/theuncommonshop.ch\\\/\",\"name\":\"Largest trading card shop in Switzerland\",\"description\":\"Magic, Pok\u00e9mon and Yu-gi-oh - The Uncommon Shop\",\"potentialAction\":[{\"@type\":\"SearchAction\",\"target\":{\"@type\":\"EntryPoint\",\"urlTemplate\":\"https:\\\/\\\/theuncommonshop.ch\\\/?s={search_term_string}\"},\"query-input\":{\"@type\":\"PropertyValueSpecification\",\"valueRequired\":true,\"valueName\":\"search_term_string\"}}],\"inLanguage\":\"fr-FR\"}]}<\/script>\n<meta property=\"og:availability\" content=\"instock\" \/>\n<meta property=\"product:availability\" content=\"instock\" \/>\n<meta property=\"product:condition\" content=\"new\" \/>\n<!-- \/ Yoast SEO plugin. -->","yoast_head_json":{"title":"Ach\u00e8te Magic - Kaldheim (KHM) - Collector Booster Display","description":"Ach\u00e8te Magic - Kaldheim (KHM) - Collector Booster Display en ligne maintenant \u00e0 petit prix! Ton #1 shop pour cartes TCG & Pok\u00e9mon en Suisse \u2713 Livraison gratuite d\u00e8s CHF 29","robots":{"index":"index","follow":"follow","max-snippet":"max-snippet:-1","max-image-preview":"max-image-preview:large","max-video-preview":"max-video-preview:-1"},"canonical":"https:\/\/theuncommonshop.ch\/fr\/product\/magic-kaldheim-khm-collector-booster-display-3\/","og_locale":"fr_FR","og_type":"article","og_title":"Ach\u00e8te Magic - Kaldheim (KHM) - Collector Booster Display","og_description":"Ach\u00e8te Magic - Kaldheim (KHM) - Collector Booster Display en ligne maintenant \u00e0 petit prix! Ton #1 shop pour cartes TCG & Pok\u00e9mon en Suisse \u2713 Livraison gratuite d\u00e8s CHF 29","og_url":"https:\/\/theuncommonshop.ch\/fr\/product\/magic-kaldheim-khm-collector-booster-display-3\/","og_site_name":"Largest trading card shop in Switzerland","article_modified_time":"2026-03-29T14:52:12+00:00","og_image":[{"width":1200,"height":900,"url":"https:\/\/theuncommonshop.ch\/wp-content\/uploads\/2025\/12\/5125141699.jpg","type":"image\/jpeg"}],"twitter_card":"summary_large_image","twitter_misc":{"Disponibilit\u00e9":"En stock"},"schema":{"@context":"https:\/\/schema.org","@graph":[{"@type":"WebPage","@id":"https:\/\/theuncommonshop.ch\/fr\/product\/magic-kaldheim-khm-collector-booster-display-3\/","url":"https:\/\/theuncommonshop.ch\/fr\/product\/magic-kaldheim-khm-collector-booster-display-3\/","name":"Ach\u00e8te Magic - Kaldheim (KHM) - Collector Booster Display","isPartOf":{"@id":"https:\/\/theuncommonshop.ch\/#website"},"primaryImageOfPage":{"@id":"https:\/\/theuncommonshop.ch\/fr\/product\/magic-kaldheim-khm-collector-booster-display-3\/#primaryimage"},"image":{"@id":"https:\/\/theuncommonshop.ch\/fr\/product\/magic-kaldheim-khm-collector-booster-display-3\/#primaryimage"},"thumbnailUrl":"https:\/\/theuncommonshop.ch\/wp-content\/uploads\/2025\/12\/5125141699.jpg","datePublished":"2025-12-30T23:06:35+00:00","dateModified":"2026-03-29T14:52:12+00:00","description":"Ach\u00e8te Magic - Kaldheim (KHM) - Collector Booster Display en ligne maintenant \u00e0 petit prix! Ton #1 shop pour cartes TCG & Pok\u00e9mon en Suisse \u2713 Livraison gratuite d\u00e8s CHF 29","breadcrumb":{"@id":"https:\/\/theuncommonshop.ch\/fr\/product\/magic-kaldheim-khm-collector-booster-display-3\/#breadcrumb"},"inLanguage":"fr-FR","potentialAction":[{"@type":"ReadAction","target":["https:\/\/theuncommonshop.ch\/fr\/product\/magic-kaldheim-khm-collector-booster-display-3\/"]}]},{"@type":"ImageObject","inLanguage":"fr-FR","@id":"https:\/\/theuncommonshop.ch\/fr\/product\/magic-kaldheim-khm-collector-booster-display-3\/#primaryimage","url":"https:\/\/theuncommonshop.ch\/wp-content\/uploads\/2025\/12\/5125141699.jpg","contentUrl":"https:\/\/theuncommonshop.ch\/wp-content\/uploads\/2025\/12\/5125141699.jpg","width":1200,"height":900},{"@type":"BreadcrumbList","@id":"https:\/\/theuncommonshop.ch\/fr\/product\/magic-kaldheim-khm-collector-booster-display-3\/#breadcrumb","itemListElement":[{"@type":"ListItem","position":1,"name":"Accueil","item":"https:\/\/theuncommonshop.ch\/fr\/accueil\/"},{"@type":"ListItem","position":2,"name":"Boutique","item":"https:\/\/theuncommonshop.ch\/fr\/boutique\/"},{"@type":"ListItem","position":3,"name":"Magic the Gathering","item":"https:\/\/theuncommonshop.ch\/fr\/categorie-produit\/magic-the-gathering-fr\/"},{"@type":"ListItem","position":4,"name":"Booster Displays","item":"https:\/\/theuncommonshop.ch\/fr\/categorie-produit\/magic-the-gathering-fr\/booster-displays-fr\/"},{"@type":"ListItem","position":5,"name":"Magic &#8211; Kaldheim (KHM) &#8211; Collector Booster Display"}]},{"@type":"WebSite","@id":"https:\/\/theuncommonshop.ch\/#website","url":"https:\/\/theuncommonshop.ch\/","name":"Largest trading card shop in Switzerland","description":"Magic, Pok\u00e9mon and Yu-gi-oh - The Uncommon Shop","potentialAction":[{"@type":"SearchAction","target":{"@type":"EntryPoint","urlTemplate":"https:\/\/theuncommonshop.ch\/?s={search_term_string}"},"query-input":{"@type":"PropertyValueSpecification","valueRequired":true,"valueName":"search_term_string"}}],"inLanguage":"fr-FR"}]},"og_availability":"instock","product_availability":"instock","product_condition":"new"},"_links":{"self":[{"href":"https:\/\/theuncommonshop.ch\/fr\/wp-json\/wp\/v2\/product\/314385","targetHints":{"allow":["GET"]}}],"collection":[{"href":"https:\/\/theuncommonshop.ch\/fr\/wp-json\/wp\/v2\/product"}],"about":[{"href":"https:\/\/theuncommonshop.ch\/fr\/wp-json\/wp\/v2\/types\/product"}],"replies":[{"embeddable":true,"href":"https:\/\/theuncommonshop.ch\/fr\/wp-json\/wp\/v2\/comments?post=314385"}],"version-history":[{"count":2,"href":"https:\/\/theuncommonshop.ch\/fr\/wp-json\/wp\/v2\/product\/314385\/revisions"}],"predecessor-version":[{"id":360407,"href":"https:\/\/theuncommonshop.ch\/fr\/wp-json\/wp\/v2\/product\/314385\/revisions\/360407"}],"wp:featuredmedia":[{"embeddable":true,"href":"https:\/\/theuncommonshop.ch\/fr\/wp-json\/wp\/v2\/media\/263726"}],"wp:attachment":[{"href":"https:\/\/theuncommonshop.ch\/fr\/wp-json\/wp\/v2\/media?parent=314385"}],"wp:term":[{"taxonomy":"product_brand","embeddable":true,"href":"https:\/\/theuncommonshop.ch\/fr\/wp-json\/wp\/v2\/product_brand?post=314385"},{"taxonomy":"product_cat","embeddable":true,"href":"https:\/\/theuncommonshop.ch\/fr\/wp-json\/wp\/v2\/product_cat?post=314385"},{"taxonomy":"product_tag","embeddable":true,"href":"https:\/\/theuncommonshop.ch\/fr\/wp-json\/wp\/v2\/product_tag?post=314385"}],"curies":[{"name":"wp","href":"https:\/\/api.w.org\/{rel}","templated":true}]}}