{"id":314326,"date":"2025-12-30T23:59:35","date_gmt":"2025-12-30T23:59:35","guid":{"rendered":"http:\/\/theuncommonshop.ch\/produkt\/314326\/"},"modified":"2026-04-01T04:30:36","modified_gmt":"2026-04-01T02:30:36","slug":"riftbound-league-of-legends-tcg-spiritforged-champion-deck-fiora-en-2","status":"publish","type":"product","link":"https:\/\/theuncommonshop.ch\/fr\/product\/riftbound-league-of-legends-tcg-spiritforged-champion-deck-fiora-en-2\/","title":{"rendered":"Riftbound : League of Legends TCG &#8211; Spiritforged Champion Deck &#8211; Fiora"},"content":{"rendered":"<p>Pr\u00e9cision et gr\u00e2ce !<\/p>\n<p>Fiora devient puissante avec son Champion Deck ! Ce deck pr\u00e9-construit de 56 cartes est con\u00e7u pour renforcer votre terrain de jeu avec de puissantes am\u00e9liorations d&#8217;\u00e9tat et pour transformer vos unit\u00e9s ordinaires en puissants combattants. D\u00e9jouez vos adversaires gr\u00e2ce \u00e0 des astuces de combat intelligentes, collectez plus de ressources et battez-vous jusqu&#8217;\u00e0 la victoire.  <\/p>\n<p>Contient 1 booster Riftbound Spiritforged !<\/p>\n<p>Pr\u00eat \u00e0 jouer &#8211; Un deck complet et pr\u00e9-construit de 56 cartes avec Fiora, con\u00e7u pour un gameplay accessible et dynamique.<\/p>\n<p>Brochure incluse &#8211; Apprenez \u00e0 jouer avec des instructions faciles \u00e0 comprendre sur les r\u00e8gles et la construction des decks.<\/p>\n<p>Pr\u00e9cision et gr\u00e2ce ! &#8211; Utilisez des mouvements astucieux pour devenir plus puissant \u00e0 chaque tour et obtenir plus de ressources tout en d\u00e9truisant vos adversaires au combat. <\/p>\n<p>Bo\u00eete de couverture en papier personnalis\u00e9e &#8211; Une bo\u00eete de couverture robuste et pliable, livr\u00e9e \u00e0 plat, qui s&#8217;assemble rapidement pour que vos cartes soient en s\u00e9curit\u00e9 et transportables.<\/p>\n<p>Des extras pour vous garder dans le jeu &#8211; Comprend un tapis de jeu pleine grandeur, un Booster Pack \u00e0 personnaliser et des conseils sur la construction de decks.<\/p>\n<p>Con\u00e7u pour la pr\u00e9sentation &#8211; Un pr\u00e9sentoir \u00e0 une seule rang\u00e9e (4 decks) qui peut \u00eatre pr\u00e9sent\u00e9 \u00e0 c\u00f4t\u00e9 d&#8217;autres pr\u00e9sentoirs de decks ! Chaque platine dispose <\/p>\n<p>&nbsp;<\/p>\n","protected":false},"excerpt":{"rendered":"<p>Pr\u00e9cision et gr\u00e2ce ! Fiora devient puissante avec son Champion Deck ! Ce deck pr\u00e9-construit de 56 cartes est con\u00e7u<\/p>\n","protected":false},"featured_media":263524,"comment_status":"open","ping_status":"closed","template":"","meta":{"_acf_changed":false},"product_brand":[5152],"product_cat":[9981],"product_tag":[],"class_list":{"0":"post-314326","1":"product","2":"type-product","3":"status-publish","4":"has-post-thumbnail","6":"product_brand-league-of-legends-riftbound","7":"product_cat-league-of-legends-riftbound","9":"first","10":"instock","11":"taxable","12":"shipping-taxable","13":"purchasable","14":"product-type-variable"},"acf":[],"yoast_head":"<!-- This site is optimized with the Yoast SEO plugin v27.4 - https:\/\/yoast.com\/product\/yoast-seo-wordpress\/ -->\n<title>Ach\u00e8te Riftbound : League of Legends TCG - Spiritforged Champion Deck - Fiora<\/title>\n<meta name=\"description\" content=\"Ach\u00e8te Riftbound : League of Legends TCG - Spiritforged Champion Deck - Fiora en ligne maintenant \u00e0 petit prix! Ton #1 shop pour cartes TCG &amp; Pok\u00e9mon en Suisse \u2713 Livraison gratuite d\u00e8s CHF 29\" \/>\n<meta name=\"robots\" content=\"index, follow, max-snippet:-1, max-image-preview:large, max-video-preview:-1\" \/>\n<link rel=\"canonical\" href=\"https:\/\/theuncommonshop.ch\/fr\/product\/riftbound-league-of-legends-tcg-spiritforged-champion-deck-fiora-en-2\/\" \/>\n<meta property=\"og:locale\" content=\"fr_FR\" \/>\n<meta property=\"og:type\" content=\"article\" \/>\n<meta property=\"og:title\" content=\"Ach\u00e8te Riftbound : League of Legends TCG - Spiritforged Champion Deck - Fiora\" \/>\n<meta property=\"og:description\" content=\"Ach\u00e8te Riftbound : League of Legends TCG - Spiritforged Champion Deck - Fiora en ligne maintenant \u00e0 petit prix! Ton #1 shop pour cartes TCG &amp; Pok\u00e9mon en Suisse \u2713 Livraison gratuite d\u00e8s CHF 29\" \/>\n<meta property=\"og:url\" content=\"https:\/\/theuncommonshop.ch\/fr\/product\/riftbound-league-of-legends-tcg-spiritforged-champion-deck-fiora-en-2\/\" \/>\n<meta property=\"og:site_name\" content=\"Largest trading card shop in Switzerland\" \/>\n<meta property=\"article:modified_time\" content=\"2026-04-01T02:30:36+00:00\" \/>\n<meta property=\"og:image\" content=\"https:\/\/theuncommonshop.ch\/wp-content\/uploads\/2025\/12\/5116880745.png\" \/>\n\t<meta property=\"og:image:width\" content=\"1024\" \/>\n\t<meta property=\"og:image:height\" content=\"1024\" \/>\n\t<meta property=\"og:image:type\" content=\"image\/png\" \/>\n<meta name=\"twitter:card\" content=\"summary_large_image\" \/>\n<meta name=\"twitter:label1\" content=\"Disponibilit\u00e9\" \/>\n\t<meta name=\"twitter:data1\" content=\"En stock\" \/>\n<script type=\"application\/ld+json\" class=\"yoast-schema-graph\">{\"@context\":\"https:\\\/\\\/schema.org\",\"@graph\":[{\"@type\":\"WebPage\",\"@id\":\"https:\\\/\\\/theuncommonshop.ch\\\/fr\\\/product\\\/riftbound-league-of-legends-tcg-spiritforged-champion-deck-fiora-en-2\\\/\",\"url\":\"https:\\\/\\\/theuncommonshop.ch\\\/fr\\\/product\\\/riftbound-league-of-legends-tcg-spiritforged-champion-deck-fiora-en-2\\\/\",\"name\":\"Ach\u00e8te Riftbound : League of Legends TCG - Spiritforged Champion Deck - Fiora\",\"isPartOf\":{\"@id\":\"https:\\\/\\\/theuncommonshop.ch\\\/#website\"},\"primaryImageOfPage\":{\"@id\":\"https:\\\/\\\/theuncommonshop.ch\\\/fr\\\/product\\\/riftbound-league-of-legends-tcg-spiritforged-champion-deck-fiora-en-2\\\/#primaryimage\"},\"image\":{\"@id\":\"https:\\\/\\\/theuncommonshop.ch\\\/fr\\\/product\\\/riftbound-league-of-legends-tcg-spiritforged-champion-deck-fiora-en-2\\\/#primaryimage\"},\"thumbnailUrl\":\"https:\\\/\\\/theuncommonshop.ch\\\/wp-content\\\/uploads\\\/2025\\\/12\\\/5116880745.png\",\"datePublished\":\"2025-12-30T23:59:35+00:00\",\"dateModified\":\"2026-04-01T02:30:36+00:00\",\"description\":\"Ach\u00e8te Riftbound : League of Legends TCG - Spiritforged Champion Deck - Fiora en ligne maintenant \u00e0 petit prix! Ton #1 shop pour cartes TCG & Pok\u00e9mon en Suisse \u2713 Livraison gratuite d\u00e8s CHF 29\",\"breadcrumb\":{\"@id\":\"https:\\\/\\\/theuncommonshop.ch\\\/fr\\\/product\\\/riftbound-league-of-legends-tcg-spiritforged-champion-deck-fiora-en-2\\\/#breadcrumb\"},\"inLanguage\":\"fr-FR\",\"potentialAction\":[{\"@type\":\"ReadAction\",\"target\":[\"https:\\\/\\\/theuncommonshop.ch\\\/fr\\\/product\\\/riftbound-league-of-legends-tcg-spiritforged-champion-deck-fiora-en-2\\\/\"]}]},{\"@type\":\"ImageObject\",\"inLanguage\":\"fr-FR\",\"@id\":\"https:\\\/\\\/theuncommonshop.ch\\\/fr\\\/product\\\/riftbound-league-of-legends-tcg-spiritforged-champion-deck-fiora-en-2\\\/#primaryimage\",\"url\":\"https:\\\/\\\/theuncommonshop.ch\\\/wp-content\\\/uploads\\\/2025\\\/12\\\/5116880745.png\",\"contentUrl\":\"https:\\\/\\\/theuncommonshop.ch\\\/wp-content\\\/uploads\\\/2025\\\/12\\\/5116880745.png\",\"width\":1024,\"height\":1024},{\"@type\":\"BreadcrumbList\",\"@id\":\"https:\\\/\\\/theuncommonshop.ch\\\/fr\\\/product\\\/riftbound-league-of-legends-tcg-spiritforged-champion-deck-fiora-en-2\\\/#breadcrumb\",\"itemListElement\":[{\"@type\":\"ListItem\",\"position\":1,\"name\":\"Accueil\",\"item\":\"https:\\\/\\\/theuncommonshop.ch\\\/fr\\\/accueil\\\/\"},{\"@type\":\"ListItem\",\"position\":2,\"name\":\"Boutique\",\"item\":\"https:\\\/\\\/theuncommonshop.ch\\\/fr\\\/boutique\\\/\"},{\"@type\":\"ListItem\",\"position\":3,\"name\":\"Weitere Sammelkarten\",\"item\":\"https:\\\/\\\/theuncommonshop.ch\\\/produktkategorie\\\/weitere-sammelkarten\\\/\"},{\"@type\":\"ListItem\",\"position\":4,\"name\":\"League of Legends: Riftbound\",\"item\":\"https:\\\/\\\/theuncommonshop.ch\\\/produktkategorie\\\/weitere-sammelkarten\\\/riftbound-karten\\\/\"},{\"@type\":\"ListItem\",\"position\":5,\"name\":\"Riftbound : League of Legends TCG &#8211; Spiritforged Champion Deck &#8211; Fiora\"}]},{\"@type\":\"WebSite\",\"@id\":\"https:\\\/\\\/theuncommonshop.ch\\\/#website\",\"url\":\"https:\\\/\\\/theuncommonshop.ch\\\/\",\"name\":\"Largest trading card shop in Switzerland\",\"description\":\"Magic, Pok\u00e9mon and Yu-gi-oh - The Uncommon Shop\",\"potentialAction\":[{\"@type\":\"SearchAction\",\"target\":{\"@type\":\"EntryPoint\",\"urlTemplate\":\"https:\\\/\\\/theuncommonshop.ch\\\/?s={search_term_string}\"},\"query-input\":{\"@type\":\"PropertyValueSpecification\",\"valueRequired\":true,\"valueName\":\"search_term_string\"}}],\"inLanguage\":\"fr-FR\"}]}<\/script>\n<meta property=\"og:availability\" content=\"instock\" \/>\n<meta property=\"product:availability\" content=\"instock\" \/>\n<meta property=\"product:retailer_item_id\" content=\"PRE.RiftboundSpiritforgedDeckFioraEN\" \/>\n<meta property=\"product:condition\" content=\"new\" \/>\n<!-- \/ Yoast SEO plugin. -->","yoast_head_json":{"title":"Ach\u00e8te Riftbound : League of Legends TCG - Spiritforged Champion Deck - Fiora","description":"Ach\u00e8te Riftbound : League of Legends TCG - Spiritforged Champion Deck - Fiora en ligne maintenant \u00e0 petit prix! Ton #1 shop pour cartes TCG & Pok\u00e9mon en Suisse \u2713 Livraison gratuite d\u00e8s CHF 29","robots":{"index":"index","follow":"follow","max-snippet":"max-snippet:-1","max-image-preview":"max-image-preview:large","max-video-preview":"max-video-preview:-1"},"canonical":"https:\/\/theuncommonshop.ch\/fr\/product\/riftbound-league-of-legends-tcg-spiritforged-champion-deck-fiora-en-2\/","og_locale":"fr_FR","og_type":"article","og_title":"Ach\u00e8te Riftbound : League of Legends TCG - Spiritforged Champion Deck - Fiora","og_description":"Ach\u00e8te Riftbound : League of Legends TCG - Spiritforged Champion Deck - Fiora en ligne maintenant \u00e0 petit prix! Ton #1 shop pour cartes TCG & Pok\u00e9mon en Suisse \u2713 Livraison gratuite d\u00e8s CHF 29","og_url":"https:\/\/theuncommonshop.ch\/fr\/product\/riftbound-league-of-legends-tcg-spiritforged-champion-deck-fiora-en-2\/","og_site_name":"Largest trading card shop in Switzerland","article_modified_time":"2026-04-01T02:30:36+00:00","og_image":[{"width":1024,"height":1024,"url":"https:\/\/theuncommonshop.ch\/wp-content\/uploads\/2025\/12\/5116880745.png","type":"image\/png"}],"twitter_card":"summary_large_image","twitter_misc":{"Disponibilit\u00e9":"En stock"},"schema":{"@context":"https:\/\/schema.org","@graph":[{"@type":"WebPage","@id":"https:\/\/theuncommonshop.ch\/fr\/product\/riftbound-league-of-legends-tcg-spiritforged-champion-deck-fiora-en-2\/","url":"https:\/\/theuncommonshop.ch\/fr\/product\/riftbound-league-of-legends-tcg-spiritforged-champion-deck-fiora-en-2\/","name":"Ach\u00e8te Riftbound : League of Legends TCG - Spiritforged Champion Deck - Fiora","isPartOf":{"@id":"https:\/\/theuncommonshop.ch\/#website"},"primaryImageOfPage":{"@id":"https:\/\/theuncommonshop.ch\/fr\/product\/riftbound-league-of-legends-tcg-spiritforged-champion-deck-fiora-en-2\/#primaryimage"},"image":{"@id":"https:\/\/theuncommonshop.ch\/fr\/product\/riftbound-league-of-legends-tcg-spiritforged-champion-deck-fiora-en-2\/#primaryimage"},"thumbnailUrl":"https:\/\/theuncommonshop.ch\/wp-content\/uploads\/2025\/12\/5116880745.png","datePublished":"2025-12-30T23:59:35+00:00","dateModified":"2026-04-01T02:30:36+00:00","description":"Ach\u00e8te Riftbound : League of Legends TCG - Spiritforged Champion Deck - Fiora en ligne maintenant \u00e0 petit prix! Ton #1 shop pour cartes TCG & Pok\u00e9mon en Suisse \u2713 Livraison gratuite d\u00e8s CHF 29","breadcrumb":{"@id":"https:\/\/theuncommonshop.ch\/fr\/product\/riftbound-league-of-legends-tcg-spiritforged-champion-deck-fiora-en-2\/#breadcrumb"},"inLanguage":"fr-FR","potentialAction":[{"@type":"ReadAction","target":["https:\/\/theuncommonshop.ch\/fr\/product\/riftbound-league-of-legends-tcg-spiritforged-champion-deck-fiora-en-2\/"]}]},{"@type":"ImageObject","inLanguage":"fr-FR","@id":"https:\/\/theuncommonshop.ch\/fr\/product\/riftbound-league-of-legends-tcg-spiritforged-champion-deck-fiora-en-2\/#primaryimage","url":"https:\/\/theuncommonshop.ch\/wp-content\/uploads\/2025\/12\/5116880745.png","contentUrl":"https:\/\/theuncommonshop.ch\/wp-content\/uploads\/2025\/12\/5116880745.png","width":1024,"height":1024},{"@type":"BreadcrumbList","@id":"https:\/\/theuncommonshop.ch\/fr\/product\/riftbound-league-of-legends-tcg-spiritforged-champion-deck-fiora-en-2\/#breadcrumb","itemListElement":[{"@type":"ListItem","position":1,"name":"Accueil","item":"https:\/\/theuncommonshop.ch\/fr\/accueil\/"},{"@type":"ListItem","position":2,"name":"Boutique","item":"https:\/\/theuncommonshop.ch\/fr\/boutique\/"},{"@type":"ListItem","position":3,"name":"Weitere Sammelkarten","item":"https:\/\/theuncommonshop.ch\/produktkategorie\/weitere-sammelkarten\/"},{"@type":"ListItem","position":4,"name":"League of Legends: Riftbound","item":"https:\/\/theuncommonshop.ch\/produktkategorie\/weitere-sammelkarten\/riftbound-karten\/"},{"@type":"ListItem","position":5,"name":"Riftbound : League of Legends TCG &#8211; Spiritforged Champion Deck &#8211; Fiora"}]},{"@type":"WebSite","@id":"https:\/\/theuncommonshop.ch\/#website","url":"https:\/\/theuncommonshop.ch\/","name":"Largest trading card shop in Switzerland","description":"Magic, Pok\u00e9mon and Yu-gi-oh - The Uncommon Shop","potentialAction":[{"@type":"SearchAction","target":{"@type":"EntryPoint","urlTemplate":"https:\/\/theuncommonshop.ch\/?s={search_term_string}"},"query-input":{"@type":"PropertyValueSpecification","valueRequired":true,"valueName":"search_term_string"}}],"inLanguage":"fr-FR"}]},"og_availability":"instock","product_availability":"instock","product_retailer_item_id":"PRE.RiftboundSpiritforgedDeckFioraEN","product_condition":"new"},"_links":{"self":[{"href":"https:\/\/theuncommonshop.ch\/fr\/wp-json\/wp\/v2\/product\/314326","targetHints":{"allow":["GET"]}}],"collection":[{"href":"https:\/\/theuncommonshop.ch\/fr\/wp-json\/wp\/v2\/product"}],"about":[{"href":"https:\/\/theuncommonshop.ch\/fr\/wp-json\/wp\/v2\/types\/product"}],"replies":[{"embeddable":true,"href":"https:\/\/theuncommonshop.ch\/fr\/wp-json\/wp\/v2\/comments?post=314326"}],"version-history":[{"count":4,"href":"https:\/\/theuncommonshop.ch\/fr\/wp-json\/wp\/v2\/product\/314326\/revisions"}],"predecessor-version":[{"id":365881,"href":"https:\/\/theuncommonshop.ch\/fr\/wp-json\/wp\/v2\/product\/314326\/revisions\/365881"}],"wp:featuredmedia":[{"embeddable":true,"href":"https:\/\/theuncommonshop.ch\/fr\/wp-json\/wp\/v2\/media\/263524"}],"wp:attachment":[{"href":"https:\/\/theuncommonshop.ch\/fr\/wp-json\/wp\/v2\/media?parent=314326"}],"wp:term":[{"taxonomy":"product_brand","embeddable":true,"href":"https:\/\/theuncommonshop.ch\/fr\/wp-json\/wp\/v2\/product_brand?post=314326"},{"taxonomy":"product_cat","embeddable":true,"href":"https:\/\/theuncommonshop.ch\/fr\/wp-json\/wp\/v2\/product_cat?post=314326"},{"taxonomy":"product_tag","embeddable":true,"href":"https:\/\/theuncommonshop.ch\/fr\/wp-json\/wp\/v2\/product_tag?post=314326"}],"curies":[{"name":"wp","href":"https:\/\/api.w.org\/{rel}","templated":true}]}}