{"id":314295,"date":"2025-12-30T23:47:38","date_gmt":"2025-12-30T23:47:38","guid":{"rendered":"http:\/\/theuncommonshop.ch\/produkt\/314295\/"},"modified":"2026-03-08T22:48:15","modified_gmt":"2026-03-08T21:48:15","slug":"warhammer-40-000-codex-space-marines-2","status":"publish","type":"product","link":"https:\/\/theuncommonshop.ch\/fr\/product\/warhammer-40-000-codex-space-marines-2\/","title":{"rendered":"Warhammer 40.000 &#8211; Codex: Space Marines"},"content":{"rendered":"<p>Les Space Marines sont des guerriers g\u00e9n\u00e9tiquement am\u00e9lior\u00e9s, cr\u00e9\u00e9s pour \u00eatre les ultimes troupes de choc de l&#8217;humanit\u00e9. Officiellement connus sous le nom d&#8217;Adeptus Astartes, les Space Marines d\u00e9fendent l&#8217;Empire depuis plus de dix mille ans. Ils partent en guerre avec le meilleur \u00e9quipement de guerre que l&#8217;Empire puisse offrir, compl\u00e9tant ainsi leur force, leur agilit\u00e9 et leur r\u00e9sistance am\u00e9lior\u00e9es. Leur esprit, leur corps et leur \u00e2me sont aguerris pour supporter une guerre incessante, ils affrontent les menaces les plus monstrueuses de toute la galaxie et ne connaissent pas la peur.   <\/p>\n<p>Ces chevaliers guerriers sont tous membres d&#8217;un ordre, une confr\u00e9rie tr\u00e8s soud\u00e9e qui envoie des forces de Space Marines dans toute la galaxie. Soutenus par des v\u00e9hicules de transport, des chars de combat, des robots de combat, des v\u00e9hicules d&#8217;attaque et une puissante artillerie, ils lancent des attaques fulgurantes \u00e0 une vitesse et une puissance \u00e9poustouflantes. Les Space Marines sont la col\u00e8re manifest\u00e9e de l&#8217;Empereur, et tous ses ennemis les craignent comme des anges de la mort.  <\/p>\n<p>Le Codex : Space Marines est un guide indispensable pour tous ceux qui veulent collectionner les Adeptus Astartes et gagner la gloire dans les batailles sur Tabletop. Vous trouverez dans ce livre toutes les r\u00e8gles n\u00e9cessaires pour jouer une arm\u00e9e de Space Marines dans les jeux Warhammer 40.000 &#8211; y compris les campagnes de croisade narratives et les escarmouches de Combat Patrol &#8211; ainsi que des pages de documents de r\u00e9f\u00e9rence et d&#8217;illustrations d\u00e9crivant en d\u00e9tail comment les Space Marines sont fabriqu\u00e9s, font la guerre, marquent leurs grades et d\u00e9corent leurs armures, sans oublier la diversit\u00e9 vertigineuse des diff\u00e9rents ordres. <\/p>\n<p>Dans ce livre de 216 pages \u00e0 couverture rigide, vous trouverez :<\/p>\n<p>&#8211; De nombreuses informations sur les Space Marines de l&#8217;Empire, de leurs am\u00e9liorations g\u00e9n\u00e9tiques aux exploits d&#8217;ordres c\u00e9l\u00e8bres.<\/p>\n<p>&#8211; Des illustrations passionnantes montrant l&#8217;Adeptus Astartes dans des batailles \u00e9piques contre d&#8217;innombrables ennemis<\/p>\n<p>&#8211; 93 fiches techniques d\u00e9taillant le profil, l&#8217;\u00e9quipement et les capacit\u00e9s uniques de chaque unit\u00e9 des Space Marines, des \u00e9claireurs nouvellement recrut\u00e9s aux puissants Dreadnoughts.<\/p>\n<p>&#8211; Sept d\u00e9tachements th\u00e9matiques, comme l&#8217;Anvil Siege Force et le Vanguard Spearhead, chacun avec ses propres r\u00e8gles sp\u00e9ciales.<\/p>\n<p>&#8211; Des r\u00e8gles de croisade qui permettent \u00e0 vos h\u00e9ros d&#8217;honorer de puissants serments tout en vainquant les ennemis de l&#8217;humanit\u00e9 et en obtenant gloire et honneur.<\/p>\n<p>&#8211; Des r\u00e8gles ind\u00e9pendantes pour les patrouilles de combat et un guide de peinture pour jouer \u00e0 des jeux rapides avec la Strike Force Octavius.<\/p>\n<p>&#8211; Une pr\u00e9sentation &#8220;Eavy Metal&#8221; avec des miniatures Citadel superbement peintes qui vous inspireront et pr\u00e9sentent une vari\u00e9t\u00e9 d&#8217;ordres Space Marines.<\/p>\n<p>Ce livre contient \u00e9galement un code \u00e0 usage unique qui vous permet de d\u00e9bloquer du contenu du Codex : Space Marines dans Warhammer 40.000 : The App.<\/p>\n","protected":false},"excerpt":{"rendered":"<p>Les Space Marines sont des guerriers g\u00e9n\u00e9tiquement am\u00e9lior\u00e9s, cr\u00e9\u00e9s pour \u00eatre les ultimes troupes de choc de l&#8217;humanit\u00e9. Officiellement connus<\/p>\n","protected":false},"featured_media":263139,"comment_status":"open","ping_status":"closed","template":"","meta":{"_acf_changed":false},"product_brand":[5078,5154],"product_cat":[9925,9927],"product_tag":[],"class_list":{"0":"post-314295","1":"product","2":"type-product","3":"status-publish","4":"has-post-thumbnail","6":"product_brand-games-workshop","7":"product_brand-warhammer","8":"product_cat-tabletop-fr","9":"product_cat-warhammer-40k-fr","11":"first","12":"outofstock","13":"sale","14":"taxable","15":"shipping-taxable","16":"purchasable","17":"product-type-variable"},"acf":[],"yoast_head":"<!-- This site is optimized with the Yoast SEO plugin v27.5 - https:\/\/yoast.com\/product\/yoast-seo-wordpress\/ -->\n<title>Ach\u00e8te Warhammer 40.000 - Codex: Space Marines<\/title>\n<meta name=\"description\" content=\"Ach\u00e8te Warhammer 40.000 - Codex: Space Marines en ligne maintenant \u00e0 petit prix! Ton #1 shop pour cartes TCG &amp; Pok\u00e9mon en Suisse \u2713 Livraison gratuite d\u00e8s CHF 29\" \/>\n<meta name=\"robots\" content=\"index, follow, max-snippet:-1, max-image-preview:large, max-video-preview:-1\" \/>\n<link rel=\"canonical\" href=\"https:\/\/theuncommonshop.ch\/fr\/product\/warhammer-40-000-codex-space-marines-2\/\" \/>\n<meta property=\"og:locale\" content=\"fr_FR\" \/>\n<meta property=\"og:type\" content=\"article\" \/>\n<meta property=\"og:title\" content=\"Ach\u00e8te Warhammer 40.000 - Codex: Space Marines\" \/>\n<meta property=\"og:description\" content=\"Ach\u00e8te Warhammer 40.000 - Codex: Space Marines en ligne maintenant \u00e0 petit prix! Ton #1 shop pour cartes TCG &amp; Pok\u00e9mon en Suisse \u2713 Livraison gratuite d\u00e8s CHF 29\" \/>\n<meta property=\"og:url\" content=\"https:\/\/theuncommonshop.ch\/fr\/product\/warhammer-40-000-codex-space-marines-2\/\" \/>\n<meta property=\"og:site_name\" content=\"The Uncommon Shop\" \/>\n<meta property=\"article:modified_time\" content=\"2026-03-08T21:48:15+00:00\" \/>\n<meta property=\"og:image\" content=\"https:\/\/theuncommonshop.ch\/wp-content\/uploads\/2025\/12\/5109632871.jpg\" \/>\n\t<meta property=\"og:image:width\" content=\"918\" \/>\n\t<meta property=\"og:image:height\" content=\"948\" \/>\n\t<meta property=\"og:image:type\" content=\"image\/jpeg\" \/>\n<meta name=\"twitter:card\" content=\"summary_large_image\" \/>\n<meta name=\"twitter:label1\" content=\"Disponibilit\u00e9\" \/>\n\t<meta name=\"twitter:data1\" content=\"Rupture de stock\" \/>\n<script type=\"application\/ld+json\" class=\"yoast-schema-graph\">{\"@context\":\"https:\\\/\\\/schema.org\",\"@graph\":[{\"@type\":\"WebPage\",\"@id\":\"https:\\\/\\\/theuncommonshop.ch\\\/fr\\\/product\\\/warhammer-40-000-codex-space-marines-2\\\/\",\"url\":\"https:\\\/\\\/theuncommonshop.ch\\\/fr\\\/product\\\/warhammer-40-000-codex-space-marines-2\\\/\",\"name\":\"Ach\u00e8te Warhammer 40.000 - Codex: Space Marines\",\"isPartOf\":{\"@id\":\"https:\\\/\\\/theuncommonshop.ch\\\/fr\\\/#website\"},\"primaryImageOfPage\":{\"@id\":\"https:\\\/\\\/theuncommonshop.ch\\\/fr\\\/product\\\/warhammer-40-000-codex-space-marines-2\\\/#primaryimage\"},\"image\":{\"@id\":\"https:\\\/\\\/theuncommonshop.ch\\\/fr\\\/product\\\/warhammer-40-000-codex-space-marines-2\\\/#primaryimage\"},\"thumbnailUrl\":\"https:\\\/\\\/theuncommonshop.ch\\\/wp-content\\\/uploads\\\/2025\\\/12\\\/5109632871.jpg\",\"datePublished\":\"2025-12-30T23:47:38+00:00\",\"dateModified\":\"2026-03-08T21:48:15+00:00\",\"description\":\"Ach\u00e8te Warhammer 40.000 - Codex: Space Marines en ligne maintenant \u00e0 petit prix! Ton #1 shop pour cartes TCG & Pok\u00e9mon en Suisse \u2713 Livraison gratuite d\u00e8s CHF 29\",\"breadcrumb\":{\"@id\":\"https:\\\/\\\/theuncommonshop.ch\\\/fr\\\/product\\\/warhammer-40-000-codex-space-marines-2\\\/#breadcrumb\"},\"inLanguage\":\"fr-FR\",\"potentialAction\":[{\"@type\":\"ReadAction\",\"target\":[\"https:\\\/\\\/theuncommonshop.ch\\\/fr\\\/product\\\/warhammer-40-000-codex-space-marines-2\\\/\"]}]},{\"@type\":\"ImageObject\",\"inLanguage\":\"fr-FR\",\"@id\":\"https:\\\/\\\/theuncommonshop.ch\\\/fr\\\/product\\\/warhammer-40-000-codex-space-marines-2\\\/#primaryimage\",\"url\":\"https:\\\/\\\/theuncommonshop.ch\\\/wp-content\\\/uploads\\\/2025\\\/12\\\/5109632871.jpg\",\"contentUrl\":\"https:\\\/\\\/theuncommonshop.ch\\\/wp-content\\\/uploads\\\/2025\\\/12\\\/5109632871.jpg\",\"width\":918,\"height\":948},{\"@type\":\"BreadcrumbList\",\"@id\":\"https:\\\/\\\/theuncommonshop.ch\\\/fr\\\/product\\\/warhammer-40-000-codex-space-marines-2\\\/#breadcrumb\",\"itemListElement\":[{\"@type\":\"ListItem\",\"position\":1,\"name\":\"Accueil\",\"item\":\"https:\\\/\\\/theuncommonshop.ch\\\/fr\\\/accueil\\\/\"},{\"@type\":\"ListItem\",\"position\":2,\"name\":\"Boutique\",\"item\":\"https:\\\/\\\/theuncommonshop.ch\\\/fr\\\/boutique\\\/\"},{\"@type\":\"ListItem\",\"position\":3,\"name\":\"Tabletop\",\"item\":\"https:\\\/\\\/theuncommonshop.ch\\\/fr\\\/categorie-produit\\\/tabletop-fr\\\/\"},{\"@type\":\"ListItem\",\"position\":4,\"name\":\"Warhammer 40k\",\"item\":\"https:\\\/\\\/theuncommonshop.ch\\\/fr\\\/categorie-produit\\\/tabletop-fr\\\/warhammer-40k-fr\\\/\"},{\"@type\":\"ListItem\",\"position\":5,\"name\":\"Warhammer 40.000 &#8211; Codex: Space Marines\"}]},{\"@type\":\"WebSite\",\"@id\":\"https:\\\/\\\/theuncommonshop.ch\\\/fr\\\/#website\",\"url\":\"https:\\\/\\\/theuncommonshop.ch\\\/fr\\\/\",\"name\":\"The Uncommon Shop\",\"description\":\"Magic, Pok\u00e9mon and Yu-gi-oh - The Uncommon Shop\",\"potentialAction\":[{\"@type\":\"SearchAction\",\"target\":{\"@type\":\"EntryPoint\",\"urlTemplate\":\"https:\\\/\\\/theuncommonshop.ch\\\/fr\\\/?s={search_term_string}\"},\"query-input\":{\"@type\":\"PropertyValueSpecification\",\"valueRequired\":true,\"valueName\":\"search_term_string\"}}],\"inLanguage\":\"fr-FR\"}]}<\/script>\n<meta property=\"og:availability\" content=\"out of stock\" \/>\n<meta property=\"product:availability\" content=\"out of stock\" \/>\n<meta property=\"product:condition\" content=\"new\" \/>\n<!-- \/ Yoast SEO plugin. -->","yoast_head_json":{"title":"Ach\u00e8te Warhammer 40.000 - Codex: Space Marines","description":"Ach\u00e8te Warhammer 40.000 - Codex: Space Marines en ligne maintenant \u00e0 petit prix! Ton #1 shop pour cartes TCG & Pok\u00e9mon en Suisse \u2713 Livraison gratuite d\u00e8s CHF 29","robots":{"index":"index","follow":"follow","max-snippet":"max-snippet:-1","max-image-preview":"max-image-preview:large","max-video-preview":"max-video-preview:-1"},"canonical":"https:\/\/theuncommonshop.ch\/fr\/product\/warhammer-40-000-codex-space-marines-2\/","og_locale":"fr_FR","og_type":"article","og_title":"Ach\u00e8te Warhammer 40.000 - Codex: Space Marines","og_description":"Ach\u00e8te Warhammer 40.000 - Codex: Space Marines en ligne maintenant \u00e0 petit prix! Ton #1 shop pour cartes TCG & Pok\u00e9mon en Suisse \u2713 Livraison gratuite d\u00e8s CHF 29","og_url":"https:\/\/theuncommonshop.ch\/fr\/product\/warhammer-40-000-codex-space-marines-2\/","og_site_name":"The Uncommon Shop","article_modified_time":"2026-03-08T21:48:15+00:00","og_image":[{"width":918,"height":948,"url":"https:\/\/theuncommonshop.ch\/wp-content\/uploads\/2025\/12\/5109632871.jpg","type":"image\/jpeg"}],"twitter_card":"summary_large_image","twitter_misc":{"Disponibilit\u00e9":"Rupture de stock"},"schema":{"@context":"https:\/\/schema.org","@graph":[{"@type":"WebPage","@id":"https:\/\/theuncommonshop.ch\/fr\/product\/warhammer-40-000-codex-space-marines-2\/","url":"https:\/\/theuncommonshop.ch\/fr\/product\/warhammer-40-000-codex-space-marines-2\/","name":"Ach\u00e8te Warhammer 40.000 - Codex: Space Marines","isPartOf":{"@id":"https:\/\/theuncommonshop.ch\/fr\/#website"},"primaryImageOfPage":{"@id":"https:\/\/theuncommonshop.ch\/fr\/product\/warhammer-40-000-codex-space-marines-2\/#primaryimage"},"image":{"@id":"https:\/\/theuncommonshop.ch\/fr\/product\/warhammer-40-000-codex-space-marines-2\/#primaryimage"},"thumbnailUrl":"https:\/\/theuncommonshop.ch\/wp-content\/uploads\/2025\/12\/5109632871.jpg","datePublished":"2025-12-30T23:47:38+00:00","dateModified":"2026-03-08T21:48:15+00:00","description":"Ach\u00e8te Warhammer 40.000 - Codex: Space Marines en ligne maintenant \u00e0 petit prix! Ton #1 shop pour cartes TCG & Pok\u00e9mon en Suisse \u2713 Livraison gratuite d\u00e8s CHF 29","breadcrumb":{"@id":"https:\/\/theuncommonshop.ch\/fr\/product\/warhammer-40-000-codex-space-marines-2\/#breadcrumb"},"inLanguage":"fr-FR","potentialAction":[{"@type":"ReadAction","target":["https:\/\/theuncommonshop.ch\/fr\/product\/warhammer-40-000-codex-space-marines-2\/"]}]},{"@type":"ImageObject","inLanguage":"fr-FR","@id":"https:\/\/theuncommonshop.ch\/fr\/product\/warhammer-40-000-codex-space-marines-2\/#primaryimage","url":"https:\/\/theuncommonshop.ch\/wp-content\/uploads\/2025\/12\/5109632871.jpg","contentUrl":"https:\/\/theuncommonshop.ch\/wp-content\/uploads\/2025\/12\/5109632871.jpg","width":918,"height":948},{"@type":"BreadcrumbList","@id":"https:\/\/theuncommonshop.ch\/fr\/product\/warhammer-40-000-codex-space-marines-2\/#breadcrumb","itemListElement":[{"@type":"ListItem","position":1,"name":"Accueil","item":"https:\/\/theuncommonshop.ch\/fr\/accueil\/"},{"@type":"ListItem","position":2,"name":"Boutique","item":"https:\/\/theuncommonshop.ch\/fr\/boutique\/"},{"@type":"ListItem","position":3,"name":"Tabletop","item":"https:\/\/theuncommonshop.ch\/fr\/categorie-produit\/tabletop-fr\/"},{"@type":"ListItem","position":4,"name":"Warhammer 40k","item":"https:\/\/theuncommonshop.ch\/fr\/categorie-produit\/tabletop-fr\/warhammer-40k-fr\/"},{"@type":"ListItem","position":5,"name":"Warhammer 40.000 &#8211; Codex: Space Marines"}]},{"@type":"WebSite","@id":"https:\/\/theuncommonshop.ch\/fr\/#website","url":"https:\/\/theuncommonshop.ch\/fr\/","name":"The Uncommon Shop","description":"Magic, Pok\u00e9mon and Yu-gi-oh - The Uncommon Shop","potentialAction":[{"@type":"SearchAction","target":{"@type":"EntryPoint","urlTemplate":"https:\/\/theuncommonshop.ch\/fr\/?s={search_term_string}"},"query-input":{"@type":"PropertyValueSpecification","valueRequired":true,"valueName":"search_term_string"}}],"inLanguage":"fr-FR"}]},"og_availability":"out of stock","product_availability":"out of stock","product_condition":"new"},"_links":{"self":[{"href":"https:\/\/theuncommonshop.ch\/fr\/wp-json\/wp\/v2\/product\/314295","targetHints":{"allow":["GET"]}}],"collection":[{"href":"https:\/\/theuncommonshop.ch\/fr\/wp-json\/wp\/v2\/product"}],"about":[{"href":"https:\/\/theuncommonshop.ch\/fr\/wp-json\/wp\/v2\/types\/product"}],"replies":[{"embeddable":true,"href":"https:\/\/theuncommonshop.ch\/fr\/wp-json\/wp\/v2\/comments?post=314295"}],"version-history":[{"count":0,"href":"https:\/\/theuncommonshop.ch\/fr\/wp-json\/wp\/v2\/product\/314295\/revisions"}],"wp:featuredmedia":[{"embeddable":true,"href":"https:\/\/theuncommonshop.ch\/fr\/wp-json\/wp\/v2\/media\/263139"}],"wp:attachment":[{"href":"https:\/\/theuncommonshop.ch\/fr\/wp-json\/wp\/v2\/media?parent=314295"}],"wp:term":[{"taxonomy":"product_brand","embeddable":true,"href":"https:\/\/theuncommonshop.ch\/fr\/wp-json\/wp\/v2\/product_brand?post=314295"},{"taxonomy":"product_cat","embeddable":true,"href":"https:\/\/theuncommonshop.ch\/fr\/wp-json\/wp\/v2\/product_cat?post=314295"},{"taxonomy":"product_tag","embeddable":true,"href":"https:\/\/theuncommonshop.ch\/fr\/wp-json\/wp\/v2\/product_tag?post=314295"}],"curies":[{"name":"wp","href":"https:\/\/api.w.org\/{rel}","templated":true}]}}