{"id":314273,"date":"2025-12-30T23:41:52","date_gmt":"2025-12-30T23:41:52","guid":{"rendered":"http:\/\/theuncommonshop.ch\/?post_type=product&#038;p=314273"},"modified":"2026-03-31T18:39:50","modified_gmt":"2026-03-31T16:39:50","slug":"topps-chrome-sapphire-edition-bundesliga-24-25-hobby-box","status":"publish","type":"product","link":"https:\/\/theuncommonshop.ch\/fr\/product\/topps-chrome-sapphire-edition-bundesliga-24-25-hobby-box\/","title":{"rendered":"Topps Chrome &#8211; Sapphire Edition Bundesliga 24\/25 &#8211; Hobby Box"},"content":{"rendered":"<p>2025 Topps Chrome\u00ae Sapphire Bundesliga &#8211; Hobby Box<\/p>\n<p>Topps est fier de pr\u00e9senter : Topps Chrome Sapphire &#8211; Bundesliga 2024\/25 ! Cette \u00e9dition premium regorge de hits et offre une s\u00e9lection \u00e9poustouflante d&#8217;encarts et de parall\u00e8les qui mettent en avant les meilleurs talents de la Bundesliga. Composez le set de base avec une s\u00e9lection exceptionnelle de rookies et de stars confirm\u00e9es. Chaque joueur est disponible dans une s\u00e9lection impressionnante de parall\u00e8les Sapphire qui portent cette collection \u00e0 un niveau sup\u00e9rieur.   <\/p>\n<p>Sapphire Selections met en lumi\u00e8re les joueurs les plus influents de la ligue et offre une s\u00e9lection impressionnante de talents d&#8217;\u00e9lite. L&#8217;ensemble d&#8217;inserts est couronn\u00e9 par les ultra-rares cartes Infinite Sapphire repr\u00e9sentant les plus grands noms de la Bundesliga. <\/p>\n<p>Cherchez des cartes d&#8217;autographes \u00e0 couper le souffle, repr\u00e9sentant \u00e0 la fois des joueurs vedettes et des d\u00e9butants passionnants, dans le design classique de Base Autograph. Sapphire Selections Autographs contient les signatures des meilleurs talents de la Bundesliga ainsi qu&#8217;une s\u00e9rie de versions parall\u00e8les limit\u00e9es. <\/p>\n<p>8 paquets par bo\u00eete, 4 cartes par paquet.<\/p>\n","protected":false},"excerpt":{"rendered":"<p>2025 Topps Chrome\u00ae Sapphire Bundesliga &#8211; Hobby Box Topps est fier de pr\u00e9senter : Topps Chrome Sapphire &#8211; Bundesliga 2024\/25<\/p>\n","protected":false},"featured_media":262937,"comment_status":"open","ping_status":"closed","template":"","meta":{"_acf_changed":false},"product_brand":[5130],"product_cat":[10323,9797,10327],"product_tag":[],"class_list":{"0":"post-314273","1":"product","2":"type-product","3":"status-publish","4":"has-post-thumbnail","6":"product_brand-topps","7":"product_cat-cartes-sportives-topps","8":"product_cat-cartes-topps","9":"product_cat-topps-football","11":"first","12":"outofstock","13":"taxable","14":"shipping-taxable","15":"purchasable","16":"product-type-variable"},"acf":[],"yoast_head":"<!-- This site is optimized with the Yoast SEO plugin v27.5 - https:\/\/yoast.com\/product\/yoast-seo-wordpress\/ -->\n<title>Ach\u00e8te Topps Chrome - Sapphire Edition Bundesliga 24\/25 - Hobby Box<\/title>\n<meta name=\"description\" content=\"Ach\u00e8te Topps Chrome - Sapphire Edition Bundesliga 24\/25 - Hobby Box en ligne maintenant \u00e0 petit prix! Ton #1 shop pour cartes TCG &amp; Pok\u00e9mon en Suisse \u2713 Livraison gratuite d\u00e8s CHF 29\" \/>\n<meta name=\"robots\" content=\"index, follow, max-snippet:-1, max-image-preview:large, max-video-preview:-1\" \/>\n<link rel=\"canonical\" href=\"https:\/\/theuncommonshop.ch\/fr\/product\/topps-chrome-sapphire-edition-bundesliga-24-25-hobby-box\/\" \/>\n<meta property=\"og:locale\" content=\"fr_FR\" \/>\n<meta property=\"og:type\" content=\"article\" \/>\n<meta property=\"og:title\" content=\"Ach\u00e8te Topps Chrome - Sapphire Edition Bundesliga 24\/25 - Hobby Box\" \/>\n<meta property=\"og:description\" content=\"Ach\u00e8te Topps Chrome - Sapphire Edition Bundesliga 24\/25 - Hobby Box en ligne maintenant \u00e0 petit prix! Ton #1 shop pour cartes TCG &amp; Pok\u00e9mon en Suisse \u2713 Livraison gratuite d\u00e8s CHF 29\" \/>\n<meta property=\"og:url\" content=\"https:\/\/theuncommonshop.ch\/fr\/product\/topps-chrome-sapphire-edition-bundesliga-24-25-hobby-box\/\" \/>\n<meta property=\"og:site_name\" content=\"The Uncommon Shop\" \/>\n<meta property=\"article:modified_time\" content=\"2026-03-31T16:39:50+00:00\" \/>\n<meta property=\"og:image\" content=\"https:\/\/theuncommonshop.ch\/wp-content\/uploads\/2025\/12\/5109365004.webp\" \/>\n\t<meta property=\"og:image:width\" content=\"2356\" \/>\n\t<meta property=\"og:image:height\" content=\"2476\" \/>\n\t<meta property=\"og:image:type\" content=\"image\/webp\" \/>\n<meta name=\"twitter:card\" content=\"summary_large_image\" \/>\n<meta name=\"twitter:label1\" content=\"Disponibilit\u00e9\" \/>\n\t<meta name=\"twitter:data1\" content=\"Rupture de stock\" \/>\n<script type=\"application\/ld+json\" class=\"yoast-schema-graph\">{\"@context\":\"https:\\\/\\\/schema.org\",\"@graph\":[{\"@type\":\"WebPage\",\"@id\":\"https:\\\/\\\/theuncommonshop.ch\\\/fr\\\/product\\\/topps-chrome-sapphire-edition-bundesliga-24-25-hobby-box\\\/\",\"url\":\"https:\\\/\\\/theuncommonshop.ch\\\/fr\\\/product\\\/topps-chrome-sapphire-edition-bundesliga-24-25-hobby-box\\\/\",\"name\":\"Ach\u00e8te Topps Chrome - Sapphire Edition Bundesliga 24\\\/25 - Hobby Box\",\"isPartOf\":{\"@id\":\"https:\\\/\\\/theuncommonshop.ch\\\/fr\\\/#website\"},\"primaryImageOfPage\":{\"@id\":\"https:\\\/\\\/theuncommonshop.ch\\\/fr\\\/product\\\/topps-chrome-sapphire-edition-bundesliga-24-25-hobby-box\\\/#primaryimage\"},\"image\":{\"@id\":\"https:\\\/\\\/theuncommonshop.ch\\\/fr\\\/product\\\/topps-chrome-sapphire-edition-bundesliga-24-25-hobby-box\\\/#primaryimage\"},\"thumbnailUrl\":\"https:\\\/\\\/theuncommonshop.ch\\\/wp-content\\\/uploads\\\/2025\\\/12\\\/5109365004.webp\",\"datePublished\":\"2025-12-30T23:41:52+00:00\",\"dateModified\":\"2026-03-31T16:39:50+00:00\",\"description\":\"Ach\u00e8te Topps Chrome - Sapphire Edition Bundesliga 24\\\/25 - Hobby Box en ligne maintenant \u00e0 petit prix! Ton #1 shop pour cartes TCG & Pok\u00e9mon en Suisse \u2713 Livraison gratuite d\u00e8s CHF 29\",\"breadcrumb\":{\"@id\":\"https:\\\/\\\/theuncommonshop.ch\\\/fr\\\/product\\\/topps-chrome-sapphire-edition-bundesliga-24-25-hobby-box\\\/#breadcrumb\"},\"inLanguage\":\"fr-FR\",\"potentialAction\":[{\"@type\":\"ReadAction\",\"target\":[\"https:\\\/\\\/theuncommonshop.ch\\\/fr\\\/product\\\/topps-chrome-sapphire-edition-bundesliga-24-25-hobby-box\\\/\"]}]},{\"@type\":\"ImageObject\",\"inLanguage\":\"fr-FR\",\"@id\":\"https:\\\/\\\/theuncommonshop.ch\\\/fr\\\/product\\\/topps-chrome-sapphire-edition-bundesliga-24-25-hobby-box\\\/#primaryimage\",\"url\":\"https:\\\/\\\/theuncommonshop.ch\\\/wp-content\\\/uploads\\\/2025\\\/12\\\/5109365004.webp\",\"contentUrl\":\"https:\\\/\\\/theuncommonshop.ch\\\/wp-content\\\/uploads\\\/2025\\\/12\\\/5109365004.webp\",\"width\":2356,\"height\":2476},{\"@type\":\"BreadcrumbList\",\"@id\":\"https:\\\/\\\/theuncommonshop.ch\\\/fr\\\/product\\\/topps-chrome-sapphire-edition-bundesliga-24-25-hobby-box\\\/#breadcrumb\",\"itemListElement\":[{\"@type\":\"ListItem\",\"position\":1,\"name\":\"Accueil\",\"item\":\"https:\\\/\\\/theuncommonshop.ch\\\/fr\\\/accueil\\\/\"},{\"@type\":\"ListItem\",\"position\":2,\"name\":\"Boutique\",\"item\":\"https:\\\/\\\/theuncommonshop.ch\\\/fr\\\/boutique\\\/\"},{\"@type\":\"ListItem\",\"position\":3,\"name\":\"Autres cartes \u00e0 collectionner\",\"item\":\"https:\\\/\\\/theuncommonshop.ch\\\/fr\\\/categorie-produit\\\/autres-cartes-a-collectionner\\\/\"},{\"@type\":\"ListItem\",\"position\":4,\"name\":\"Cartes Topps\",\"item\":\"https:\\\/\\\/theuncommonshop.ch\\\/fr\\\/categorie-produit\\\/autres-cartes-a-collectionner\\\/cartes-topps\\\/\"},{\"@type\":\"ListItem\",\"position\":5,\"name\":\"Cartes sportives Topps\",\"item\":\"https:\\\/\\\/theuncommonshop.ch\\\/fr\\\/categorie-produit\\\/autres-cartes-a-collectionner\\\/cartes-topps\\\/cartes-sportives-topps\\\/\"},{\"@type\":\"ListItem\",\"position\":6,\"name\":\"Topps Football\",\"item\":\"https:\\\/\\\/theuncommonshop.ch\\\/fr\\\/categorie-produit\\\/autres-cartes-a-collectionner\\\/cartes-topps\\\/cartes-sportives-topps\\\/topps-football\\\/\"},{\"@type\":\"ListItem\",\"position\":7,\"name\":\"Topps Chrome &#8211; Sapphire Edition Bundesliga 24\\\/25 &#8211; Hobby Box\"}]},{\"@type\":\"WebSite\",\"@id\":\"https:\\\/\\\/theuncommonshop.ch\\\/fr\\\/#website\",\"url\":\"https:\\\/\\\/theuncommonshop.ch\\\/fr\\\/\",\"name\":\"The Uncommon Shop\",\"description\":\"Magic, Pok\u00e9mon and Yu-gi-oh - The Uncommon Shop\",\"potentialAction\":[{\"@type\":\"SearchAction\",\"target\":{\"@type\":\"EntryPoint\",\"urlTemplate\":\"https:\\\/\\\/theuncommonshop.ch\\\/fr\\\/?s={search_term_string}\"},\"query-input\":{\"@type\":\"PropertyValueSpecification\",\"valueRequired\":true,\"valueName\":\"search_term_string\"}}],\"inLanguage\":\"fr-FR\"}]}<\/script>\n<meta property=\"og:availability\" content=\"out of stock\" \/>\n<meta property=\"product:availability\" content=\"out of stock\" \/>\n<meta property=\"product:retailer_item_id\" content=\"AL.SHOPBundesliga.EN\" \/>\n<meta property=\"product:condition\" content=\"new\" \/>\n<!-- \/ Yoast SEO plugin. -->","yoast_head_json":{"title":"Ach\u00e8te Topps Chrome - Sapphire Edition Bundesliga 24\/25 - Hobby Box","description":"Ach\u00e8te Topps Chrome - Sapphire Edition Bundesliga 24\/25 - Hobby Box en ligne maintenant \u00e0 petit prix! Ton #1 shop pour cartes TCG & Pok\u00e9mon en Suisse \u2713 Livraison gratuite d\u00e8s CHF 29","robots":{"index":"index","follow":"follow","max-snippet":"max-snippet:-1","max-image-preview":"max-image-preview:large","max-video-preview":"max-video-preview:-1"},"canonical":"https:\/\/theuncommonshop.ch\/fr\/product\/topps-chrome-sapphire-edition-bundesliga-24-25-hobby-box\/","og_locale":"fr_FR","og_type":"article","og_title":"Ach\u00e8te Topps Chrome - Sapphire Edition Bundesliga 24\/25 - Hobby Box","og_description":"Ach\u00e8te Topps Chrome - Sapphire Edition Bundesliga 24\/25 - Hobby Box en ligne maintenant \u00e0 petit prix! Ton #1 shop pour cartes TCG & Pok\u00e9mon en Suisse \u2713 Livraison gratuite d\u00e8s CHF 29","og_url":"https:\/\/theuncommonshop.ch\/fr\/product\/topps-chrome-sapphire-edition-bundesliga-24-25-hobby-box\/","og_site_name":"The Uncommon Shop","article_modified_time":"2026-03-31T16:39:50+00:00","og_image":[{"width":2356,"height":2476,"url":"https:\/\/theuncommonshop.ch\/wp-content\/uploads\/2025\/12\/5109365004.webp","type":"image\/webp"}],"twitter_card":"summary_large_image","twitter_misc":{"Disponibilit\u00e9":"Rupture de stock"},"schema":{"@context":"https:\/\/schema.org","@graph":[{"@type":"WebPage","@id":"https:\/\/theuncommonshop.ch\/fr\/product\/topps-chrome-sapphire-edition-bundesliga-24-25-hobby-box\/","url":"https:\/\/theuncommonshop.ch\/fr\/product\/topps-chrome-sapphire-edition-bundesliga-24-25-hobby-box\/","name":"Ach\u00e8te Topps Chrome - Sapphire Edition Bundesliga 24\/25 - Hobby Box","isPartOf":{"@id":"https:\/\/theuncommonshop.ch\/fr\/#website"},"primaryImageOfPage":{"@id":"https:\/\/theuncommonshop.ch\/fr\/product\/topps-chrome-sapphire-edition-bundesliga-24-25-hobby-box\/#primaryimage"},"image":{"@id":"https:\/\/theuncommonshop.ch\/fr\/product\/topps-chrome-sapphire-edition-bundesliga-24-25-hobby-box\/#primaryimage"},"thumbnailUrl":"https:\/\/theuncommonshop.ch\/wp-content\/uploads\/2025\/12\/5109365004.webp","datePublished":"2025-12-30T23:41:52+00:00","dateModified":"2026-03-31T16:39:50+00:00","description":"Ach\u00e8te Topps Chrome - Sapphire Edition Bundesliga 24\/25 - Hobby Box en ligne maintenant \u00e0 petit prix! Ton #1 shop pour cartes TCG & Pok\u00e9mon en Suisse \u2713 Livraison gratuite d\u00e8s CHF 29","breadcrumb":{"@id":"https:\/\/theuncommonshop.ch\/fr\/product\/topps-chrome-sapphire-edition-bundesliga-24-25-hobby-box\/#breadcrumb"},"inLanguage":"fr-FR","potentialAction":[{"@type":"ReadAction","target":["https:\/\/theuncommonshop.ch\/fr\/product\/topps-chrome-sapphire-edition-bundesliga-24-25-hobby-box\/"]}]},{"@type":"ImageObject","inLanguage":"fr-FR","@id":"https:\/\/theuncommonshop.ch\/fr\/product\/topps-chrome-sapphire-edition-bundesliga-24-25-hobby-box\/#primaryimage","url":"https:\/\/theuncommonshop.ch\/wp-content\/uploads\/2025\/12\/5109365004.webp","contentUrl":"https:\/\/theuncommonshop.ch\/wp-content\/uploads\/2025\/12\/5109365004.webp","width":2356,"height":2476},{"@type":"BreadcrumbList","@id":"https:\/\/theuncommonshop.ch\/fr\/product\/topps-chrome-sapphire-edition-bundesliga-24-25-hobby-box\/#breadcrumb","itemListElement":[{"@type":"ListItem","position":1,"name":"Accueil","item":"https:\/\/theuncommonshop.ch\/fr\/accueil\/"},{"@type":"ListItem","position":2,"name":"Boutique","item":"https:\/\/theuncommonshop.ch\/fr\/boutique\/"},{"@type":"ListItem","position":3,"name":"Autres cartes \u00e0 collectionner","item":"https:\/\/theuncommonshop.ch\/fr\/categorie-produit\/autres-cartes-a-collectionner\/"},{"@type":"ListItem","position":4,"name":"Cartes Topps","item":"https:\/\/theuncommonshop.ch\/fr\/categorie-produit\/autres-cartes-a-collectionner\/cartes-topps\/"},{"@type":"ListItem","position":5,"name":"Cartes sportives Topps","item":"https:\/\/theuncommonshop.ch\/fr\/categorie-produit\/autres-cartes-a-collectionner\/cartes-topps\/cartes-sportives-topps\/"},{"@type":"ListItem","position":6,"name":"Topps Football","item":"https:\/\/theuncommonshop.ch\/fr\/categorie-produit\/autres-cartes-a-collectionner\/cartes-topps\/cartes-sportives-topps\/topps-football\/"},{"@type":"ListItem","position":7,"name":"Topps Chrome &#8211; Sapphire Edition Bundesliga 24\/25 &#8211; Hobby Box"}]},{"@type":"WebSite","@id":"https:\/\/theuncommonshop.ch\/fr\/#website","url":"https:\/\/theuncommonshop.ch\/fr\/","name":"The Uncommon Shop","description":"Magic, Pok\u00e9mon and Yu-gi-oh - The Uncommon Shop","potentialAction":[{"@type":"SearchAction","target":{"@type":"EntryPoint","urlTemplate":"https:\/\/theuncommonshop.ch\/fr\/?s={search_term_string}"},"query-input":{"@type":"PropertyValueSpecification","valueRequired":true,"valueName":"search_term_string"}}],"inLanguage":"fr-FR"}]},"og_availability":"out of stock","product_availability":"out of stock","product_retailer_item_id":"AL.SHOPBundesliga.EN","product_condition":"new"},"_links":{"self":[{"href":"https:\/\/theuncommonshop.ch\/fr\/wp-json\/wp\/v2\/product\/314273","targetHints":{"allow":["GET"]}}],"collection":[{"href":"https:\/\/theuncommonshop.ch\/fr\/wp-json\/wp\/v2\/product"}],"about":[{"href":"https:\/\/theuncommonshop.ch\/fr\/wp-json\/wp\/v2\/types\/product"}],"replies":[{"embeddable":true,"href":"https:\/\/theuncommonshop.ch\/fr\/wp-json\/wp\/v2\/comments?post=314273"}],"version-history":[{"count":0,"href":"https:\/\/theuncommonshop.ch\/fr\/wp-json\/wp\/v2\/product\/314273\/revisions"}],"wp:featuredmedia":[{"embeddable":true,"href":"https:\/\/theuncommonshop.ch\/fr\/wp-json\/wp\/v2\/media\/262937"}],"wp:attachment":[{"href":"https:\/\/theuncommonshop.ch\/fr\/wp-json\/wp\/v2\/media?parent=314273"}],"wp:term":[{"taxonomy":"product_brand","embeddable":true,"href":"https:\/\/theuncommonshop.ch\/fr\/wp-json\/wp\/v2\/product_brand?post=314273"},{"taxonomy":"product_cat","embeddable":true,"href":"https:\/\/theuncommonshop.ch\/fr\/wp-json\/wp\/v2\/product_cat?post=314273"},{"taxonomy":"product_tag","embeddable":true,"href":"https:\/\/theuncommonshop.ch\/fr\/wp-json\/wp\/v2\/product_tag?post=314273"}],"curies":[{"name":"wp","href":"https:\/\/api.w.org\/{rel}","templated":true}]}}