{"id":314257,"date":"2025-12-30T23:40:35","date_gmt":"2025-12-30T23:40:35","guid":{"rendered":"http:\/\/theuncommonshop.ch\/?post_type=product&#038;p=314257"},"modified":"2026-03-31T19:12:31","modified_gmt":"2026-03-31T17:12:31","slug":"topps-the-worst-of-garbage-pail-kids-40th-anniversary-hobby-box","status":"publish","type":"product","link":"https:\/\/theuncommonshop.ch\/fr\/product\/topps-the-worst-of-garbage-pail-kids-40th-anniversary-hobby-box\/","title":{"rendered":"Topps &#8211; The Worst of Garbage Pail Kids &#8211; 40th Anniversary &#8211; Hobby Box"},"content":{"rendered":"<p>Pr\u00e9parez-vous \u00e0 faire la f\u00eate, car nous c\u00e9l\u00e9brons le 40e anniversaire des Garbage Pail Kids !<\/p>\n<p>Collectionnez l&#8217;ensemble de base de 100 pi\u00e8ces avec les personnages GPK les plus populaires de tous les temps ! Chaque carte du set porte le logo du 40e anniversaire de GPK. Cherchez des cartes d\u00e9dicac\u00e9es rares d&#8217;artistes, des suppl\u00e9ments de collection et des parall\u00e8les exclusifs comme le rare parall\u00e8le du 40e anniversaire Rubin ! Profitez \u00e9galement de l&#8217;occasion pour faire cr\u00e9er votre propre carte GPK pour une future publication de produit GPK !   <\/p>\n<p>Le set de base de 100 pi\u00e8ces comprend des noms A, des gags de noms B et des noms C rares issus des sets de la s\u00e9rie originale des 4 derni\u00e8res ann\u00e9es, ainsi que de toutes nouvelles \u0153uvres d&#8217;art d&#8217;Adam Bomb. Les cartes Homage to Garbahj sont un hommage au personnage le plus connu de GPK, Adam Bomb ! Collectionnez les 40 \u0153uvres d&#8217;art de diff\u00e9rents artistes repr\u00e9sentant Adam Bomb dans des styles artistiques caract\u00e9ristiques et in\u00e9dits.  <\/p>\n<p>Comme toujours, soyez \u00e0 l&#8217;aff\u00fbt des cartes \u00e0 sketches originales pour le 40e anniversaire de GPK. Recherchez des cartes \u00e0 sketches super rares en \u00e9dition sp\u00e9ciale pour le 40e anniversaire de Tom Bunk, Smokin&#8217; Joe et d&#8217;autres ! <\/p>\n<p>8 paquets par bo\u00eete &#8211; 5 cartes par paquet<\/p>\n","protected":false},"excerpt":{"rendered":"<p>Pr\u00e9parez-vous \u00e0 faire la f\u00eate, car nous c\u00e9l\u00e9brons le 40e anniversaire des Garbage Pail Kids ! Collectionnez l&#8217;ensemble de base<\/p>\n","protected":false},"featured_media":262898,"comment_status":"open","ping_status":"closed","template":"","meta":{"_acf_changed":false},"product_brand":[5130],"product_cat":[9785,9797,10325],"product_tag":[],"class_list":{"0":"post-314257","1":"product","2":"type-product","3":"status-publish","4":"has-post-thumbnail","6":"product_brand-topps","7":"product_cat-autres-cartes-a-collectionner","8":"product_cat-cartes-topps","9":"product_cat-cartes-topps-fantasy","11":"first","12":"outofstock","13":"sale","14":"taxable","15":"shipping-taxable","16":"purchasable","17":"product-type-variable"},"acf":[],"yoast_head":"<!-- This site is optimized with the Yoast SEO plugin v27.4 - https:\/\/yoast.com\/product\/yoast-seo-wordpress\/ -->\n<title>Ach\u00e8te Topps - The Worst of Garbage Pail Kids - 40th Anniversary - Hobby Box<\/title>\n<meta name=\"description\" content=\"Ach\u00e8te Topps - The Worst of Garbage Pail Kids - 40th Anniversary - Hobby Box en ligne maintenant \u00e0 petit prix! Ton #1 shop pour cartes TCG &amp; Pok\u00e9mon en Suisse \u2713 Livraison gratuite d\u00e8s CHF 29\" \/>\n<meta name=\"robots\" content=\"index, follow, max-snippet:-1, max-image-preview:large, max-video-preview:-1\" \/>\n<link rel=\"canonical\" href=\"https:\/\/theuncommonshop.ch\/fr\/product\/topps-the-worst-of-garbage-pail-kids-40th-anniversary-hobby-box\/\" \/>\n<meta property=\"og:locale\" content=\"fr_FR\" \/>\n<meta property=\"og:type\" content=\"article\" \/>\n<meta property=\"og:title\" content=\"Ach\u00e8te Topps - The Worst of Garbage Pail Kids - 40th Anniversary - Hobby Box\" \/>\n<meta property=\"og:description\" content=\"Ach\u00e8te Topps - The Worst of Garbage Pail Kids - 40th Anniversary - Hobby Box en ligne maintenant \u00e0 petit prix! Ton #1 shop pour cartes TCG &amp; Pok\u00e9mon en Suisse \u2713 Livraison gratuite d\u00e8s CHF 29\" \/>\n<meta property=\"og:url\" content=\"https:\/\/theuncommonshop.ch\/fr\/product\/topps-the-worst-of-garbage-pail-kids-40th-anniversary-hobby-box\/\" \/>\n<meta property=\"og:site_name\" content=\"Largest trading card shop in Switzerland\" \/>\n<meta property=\"article:modified_time\" content=\"2026-03-31T17:12:31+00:00\" \/>\n<meta property=\"og:image\" content=\"https:\/\/theuncommonshop.ch\/wp-content\/uploads\/2025\/12\/5109321748.webp\" \/>\n\t<meta property=\"og:image:width\" content=\"2356\" \/>\n\t<meta property=\"og:image:height\" content=\"2476\" \/>\n\t<meta property=\"og:image:type\" content=\"image\/webp\" \/>\n<meta name=\"twitter:card\" content=\"summary_large_image\" \/>\n<meta name=\"twitter:label1\" content=\"Disponibilit\u00e9\" \/>\n\t<meta name=\"twitter:data1\" content=\"Rupture de stock\" \/>\n<script type=\"application\/ld+json\" class=\"yoast-schema-graph\">{\"@context\":\"https:\\\/\\\/schema.org\",\"@graph\":[{\"@type\":\"WebPage\",\"@id\":\"https:\\\/\\\/theuncommonshop.ch\\\/fr\\\/product\\\/topps-the-worst-of-garbage-pail-kids-40th-anniversary-hobby-box\\\/\",\"url\":\"https:\\\/\\\/theuncommonshop.ch\\\/fr\\\/product\\\/topps-the-worst-of-garbage-pail-kids-40th-anniversary-hobby-box\\\/\",\"name\":\"Ach\u00e8te Topps - The Worst of Garbage Pail Kids - 40th Anniversary - Hobby Box\",\"isPartOf\":{\"@id\":\"https:\\\/\\\/theuncommonshop.ch\\\/#website\"},\"primaryImageOfPage\":{\"@id\":\"https:\\\/\\\/theuncommonshop.ch\\\/fr\\\/product\\\/topps-the-worst-of-garbage-pail-kids-40th-anniversary-hobby-box\\\/#primaryimage\"},\"image\":{\"@id\":\"https:\\\/\\\/theuncommonshop.ch\\\/fr\\\/product\\\/topps-the-worst-of-garbage-pail-kids-40th-anniversary-hobby-box\\\/#primaryimage\"},\"thumbnailUrl\":\"https:\\\/\\\/theuncommonshop.ch\\\/wp-content\\\/uploads\\\/2025\\\/12\\\/5109321748.webp\",\"datePublished\":\"2025-12-30T23:40:35+00:00\",\"dateModified\":\"2026-03-31T17:12:31+00:00\",\"description\":\"Ach\u00e8te Topps - The Worst of Garbage Pail Kids - 40th Anniversary - Hobby Box en ligne maintenant \u00e0 petit prix! Ton #1 shop pour cartes TCG & Pok\u00e9mon en Suisse \u2713 Livraison gratuite d\u00e8s CHF 29\",\"breadcrumb\":{\"@id\":\"https:\\\/\\\/theuncommonshop.ch\\\/fr\\\/product\\\/topps-the-worst-of-garbage-pail-kids-40th-anniversary-hobby-box\\\/#breadcrumb\"},\"inLanguage\":\"fr-FR\",\"potentialAction\":[{\"@type\":\"ReadAction\",\"target\":[\"https:\\\/\\\/theuncommonshop.ch\\\/fr\\\/product\\\/topps-the-worst-of-garbage-pail-kids-40th-anniversary-hobby-box\\\/\"]}]},{\"@type\":\"ImageObject\",\"inLanguage\":\"fr-FR\",\"@id\":\"https:\\\/\\\/theuncommonshop.ch\\\/fr\\\/product\\\/topps-the-worst-of-garbage-pail-kids-40th-anniversary-hobby-box\\\/#primaryimage\",\"url\":\"https:\\\/\\\/theuncommonshop.ch\\\/wp-content\\\/uploads\\\/2025\\\/12\\\/5109321748.webp\",\"contentUrl\":\"https:\\\/\\\/theuncommonshop.ch\\\/wp-content\\\/uploads\\\/2025\\\/12\\\/5109321748.webp\",\"width\":2356,\"height\":2476},{\"@type\":\"BreadcrumbList\",\"@id\":\"https:\\\/\\\/theuncommonshop.ch\\\/fr\\\/product\\\/topps-the-worst-of-garbage-pail-kids-40th-anniversary-hobby-box\\\/#breadcrumb\",\"itemListElement\":[{\"@type\":\"ListItem\",\"position\":1,\"name\":\"Accueil\",\"item\":\"https:\\\/\\\/theuncommonshop.ch\\\/fr\\\/accueil\\\/\"},{\"@type\":\"ListItem\",\"position\":2,\"name\":\"Boutique\",\"item\":\"https:\\\/\\\/theuncommonshop.ch\\\/fr\\\/boutique\\\/\"},{\"@type\":\"ListItem\",\"position\":3,\"name\":\"Weitere Sammelkarten\",\"item\":\"https:\\\/\\\/theuncommonshop.ch\\\/produktkategorie\\\/weitere-sammelkarten\\\/\"},{\"@type\":\"ListItem\",\"position\":4,\"name\":\"Topps Karten\",\"item\":\"https:\\\/\\\/theuncommonshop.ch\\\/produktkategorie\\\/weitere-sammelkarten\\\/topps-karten\\\/\"},{\"@type\":\"ListItem\",\"position\":5,\"name\":\"Topps Fantasy Karten\",\"item\":\"https:\\\/\\\/theuncommonshop.ch\\\/produktkategorie\\\/weitere-sammelkarten\\\/topps-karten\\\/topps-fantasy-karten\\\/\"},{\"@type\":\"ListItem\",\"position\":6,\"name\":\"Topps &#8211; The Worst of Garbage Pail Kids &#8211; 40th Anniversary &#8211; Hobby Box\"}]},{\"@type\":\"WebSite\",\"@id\":\"https:\\\/\\\/theuncommonshop.ch\\\/#website\",\"url\":\"https:\\\/\\\/theuncommonshop.ch\\\/\",\"name\":\"Largest trading card shop in Switzerland\",\"description\":\"Magic, Pok\u00e9mon and Yu-gi-oh - The Uncommon Shop\",\"potentialAction\":[{\"@type\":\"SearchAction\",\"target\":{\"@type\":\"EntryPoint\",\"urlTemplate\":\"https:\\\/\\\/theuncommonshop.ch\\\/?s={search_term_string}\"},\"query-input\":{\"@type\":\"PropertyValueSpecification\",\"valueRequired\":true,\"valueName\":\"search_term_string\"}}],\"inLanguage\":\"fr-FR\"}]}<\/script>\n<meta property=\"og:availability\" content=\"out of stock\" \/>\n<meta property=\"product:availability\" content=\"out of stock\" \/>\n<meta property=\"product:retailer_item_id\" content=\"AL.SHOPGrabage.EN\" \/>\n<meta property=\"product:condition\" content=\"new\" \/>\n<!-- \/ Yoast SEO plugin. -->","yoast_head_json":{"title":"Ach\u00e8te Topps - The Worst of Garbage Pail Kids - 40th Anniversary - Hobby Box","description":"Ach\u00e8te Topps - The Worst of Garbage Pail Kids - 40th Anniversary - Hobby Box en ligne maintenant \u00e0 petit prix! Ton #1 shop pour cartes TCG & Pok\u00e9mon en Suisse \u2713 Livraison gratuite d\u00e8s CHF 29","robots":{"index":"index","follow":"follow","max-snippet":"max-snippet:-1","max-image-preview":"max-image-preview:large","max-video-preview":"max-video-preview:-1"},"canonical":"https:\/\/theuncommonshop.ch\/fr\/product\/topps-the-worst-of-garbage-pail-kids-40th-anniversary-hobby-box\/","og_locale":"fr_FR","og_type":"article","og_title":"Ach\u00e8te Topps - The Worst of Garbage Pail Kids - 40th Anniversary - Hobby Box","og_description":"Ach\u00e8te Topps - The Worst of Garbage Pail Kids - 40th Anniversary - Hobby Box en ligne maintenant \u00e0 petit prix! Ton #1 shop pour cartes TCG & Pok\u00e9mon en Suisse \u2713 Livraison gratuite d\u00e8s CHF 29","og_url":"https:\/\/theuncommonshop.ch\/fr\/product\/topps-the-worst-of-garbage-pail-kids-40th-anniversary-hobby-box\/","og_site_name":"Largest trading card shop in Switzerland","article_modified_time":"2026-03-31T17:12:31+00:00","og_image":[{"width":2356,"height":2476,"url":"https:\/\/theuncommonshop.ch\/wp-content\/uploads\/2025\/12\/5109321748.webp","type":"image\/webp"}],"twitter_card":"summary_large_image","twitter_misc":{"Disponibilit\u00e9":"Rupture de stock"},"schema":{"@context":"https:\/\/schema.org","@graph":[{"@type":"WebPage","@id":"https:\/\/theuncommonshop.ch\/fr\/product\/topps-the-worst-of-garbage-pail-kids-40th-anniversary-hobby-box\/","url":"https:\/\/theuncommonshop.ch\/fr\/product\/topps-the-worst-of-garbage-pail-kids-40th-anniversary-hobby-box\/","name":"Ach\u00e8te Topps - The Worst of Garbage Pail Kids - 40th Anniversary - Hobby Box","isPartOf":{"@id":"https:\/\/theuncommonshop.ch\/#website"},"primaryImageOfPage":{"@id":"https:\/\/theuncommonshop.ch\/fr\/product\/topps-the-worst-of-garbage-pail-kids-40th-anniversary-hobby-box\/#primaryimage"},"image":{"@id":"https:\/\/theuncommonshop.ch\/fr\/product\/topps-the-worst-of-garbage-pail-kids-40th-anniversary-hobby-box\/#primaryimage"},"thumbnailUrl":"https:\/\/theuncommonshop.ch\/wp-content\/uploads\/2025\/12\/5109321748.webp","datePublished":"2025-12-30T23:40:35+00:00","dateModified":"2026-03-31T17:12:31+00:00","description":"Ach\u00e8te Topps - The Worst of Garbage Pail Kids - 40th Anniversary - Hobby Box en ligne maintenant \u00e0 petit prix! Ton #1 shop pour cartes TCG & Pok\u00e9mon en Suisse \u2713 Livraison gratuite d\u00e8s CHF 29","breadcrumb":{"@id":"https:\/\/theuncommonshop.ch\/fr\/product\/topps-the-worst-of-garbage-pail-kids-40th-anniversary-hobby-box\/#breadcrumb"},"inLanguage":"fr-FR","potentialAction":[{"@type":"ReadAction","target":["https:\/\/theuncommonshop.ch\/fr\/product\/topps-the-worst-of-garbage-pail-kids-40th-anniversary-hobby-box\/"]}]},{"@type":"ImageObject","inLanguage":"fr-FR","@id":"https:\/\/theuncommonshop.ch\/fr\/product\/topps-the-worst-of-garbage-pail-kids-40th-anniversary-hobby-box\/#primaryimage","url":"https:\/\/theuncommonshop.ch\/wp-content\/uploads\/2025\/12\/5109321748.webp","contentUrl":"https:\/\/theuncommonshop.ch\/wp-content\/uploads\/2025\/12\/5109321748.webp","width":2356,"height":2476},{"@type":"BreadcrumbList","@id":"https:\/\/theuncommonshop.ch\/fr\/product\/topps-the-worst-of-garbage-pail-kids-40th-anniversary-hobby-box\/#breadcrumb","itemListElement":[{"@type":"ListItem","position":1,"name":"Accueil","item":"https:\/\/theuncommonshop.ch\/fr\/accueil\/"},{"@type":"ListItem","position":2,"name":"Boutique","item":"https:\/\/theuncommonshop.ch\/fr\/boutique\/"},{"@type":"ListItem","position":3,"name":"Weitere Sammelkarten","item":"https:\/\/theuncommonshop.ch\/produktkategorie\/weitere-sammelkarten\/"},{"@type":"ListItem","position":4,"name":"Topps Karten","item":"https:\/\/theuncommonshop.ch\/produktkategorie\/weitere-sammelkarten\/topps-karten\/"},{"@type":"ListItem","position":5,"name":"Topps Fantasy Karten","item":"https:\/\/theuncommonshop.ch\/produktkategorie\/weitere-sammelkarten\/topps-karten\/topps-fantasy-karten\/"},{"@type":"ListItem","position":6,"name":"Topps &#8211; The Worst of Garbage Pail Kids &#8211; 40th Anniversary &#8211; Hobby Box"}]},{"@type":"WebSite","@id":"https:\/\/theuncommonshop.ch\/#website","url":"https:\/\/theuncommonshop.ch\/","name":"Largest trading card shop in Switzerland","description":"Magic, Pok\u00e9mon and Yu-gi-oh - The Uncommon Shop","potentialAction":[{"@type":"SearchAction","target":{"@type":"EntryPoint","urlTemplate":"https:\/\/theuncommonshop.ch\/?s={search_term_string}"},"query-input":{"@type":"PropertyValueSpecification","valueRequired":true,"valueName":"search_term_string"}}],"inLanguage":"fr-FR"}]},"og_availability":"out of stock","product_availability":"out of stock","product_retailer_item_id":"AL.SHOPGrabage.EN","product_condition":"new"},"_links":{"self":[{"href":"https:\/\/theuncommonshop.ch\/fr\/wp-json\/wp\/v2\/product\/314257","targetHints":{"allow":["GET"]}}],"collection":[{"href":"https:\/\/theuncommonshop.ch\/fr\/wp-json\/wp\/v2\/product"}],"about":[{"href":"https:\/\/theuncommonshop.ch\/fr\/wp-json\/wp\/v2\/types\/product"}],"replies":[{"embeddable":true,"href":"https:\/\/theuncommonshop.ch\/fr\/wp-json\/wp\/v2\/comments?post=314257"}],"version-history":[{"count":2,"href":"https:\/\/theuncommonshop.ch\/fr\/wp-json\/wp\/v2\/product\/314257\/revisions"}],"predecessor-version":[{"id":365311,"href":"https:\/\/theuncommonshop.ch\/fr\/wp-json\/wp\/v2\/product\/314257\/revisions\/365311"}],"wp:featuredmedia":[{"embeddable":true,"href":"https:\/\/theuncommonshop.ch\/fr\/wp-json\/wp\/v2\/media\/262898"}],"wp:attachment":[{"href":"https:\/\/theuncommonshop.ch\/fr\/wp-json\/wp\/v2\/media?parent=314257"}],"wp:term":[{"taxonomy":"product_brand","embeddable":true,"href":"https:\/\/theuncommonshop.ch\/fr\/wp-json\/wp\/v2\/product_brand?post=314257"},{"taxonomy":"product_cat","embeddable":true,"href":"https:\/\/theuncommonshop.ch\/fr\/wp-json\/wp\/v2\/product_cat?post=314257"},{"taxonomy":"product_tag","embeddable":true,"href":"https:\/\/theuncommonshop.ch\/fr\/wp-json\/wp\/v2\/product_tag?post=314257"}],"curies":[{"name":"wp","href":"https:\/\/api.w.org\/{rel}","templated":true}]}}