{"id":314250,"date":"2025-12-30T23:35:39","date_gmt":"2025-12-30T23:35:39","guid":{"rendered":"http:\/\/theuncommonshop.ch\/produkt\/314250\/"},"modified":"2026-04-01T02:29:46","modified_gmt":"2026-04-01T00:29:46","slug":"magic-avatar-the-last-airbender-tla-play-booster-pack-2","status":"publish","type":"product","link":"https:\/\/theuncommonshop.ch\/fr\/product\/magic-avatar-the-last-airbender-tla-play-booster-pack-2\/","title":{"rendered":"Magic &#8211; Avatar The Last Airbender (TLA) &#8211; Play Booster Pack"},"content":{"rendered":"<p>L&#8217;\u00e9quipe Avatar est de retour ! L&#8217;action, l&#8217;aventure et l&#8217;esprit d&#8217;Avatar &#8211; Le Seigneur des \u00e9l\u00e9ments se r\u00e9veillent dans Magic : The Gathering. Ma\u00eetrisez les nouvelles m\u00e9caniques Ma\u00eetrise de la Terre, Ma\u00eetrise de l&#8217;Air, Ma\u00eetrise de l&#8217;Eau et Ma\u00eetrise du Feu pour raconter votre version de l&#8217;histoire et d\u00e9couvrir votre style de jeu Magic. Ma\u00eetrisez les \u00e9l\u00e9ments. Ma\u00eetrisez le jeu. Les Boosters de jeu sont le moyen id\u00e9al de d\u00e9couvrir Magic : The Gathering | Avatar der Herr der Elemente dans un environnement de jeu. Ils sont parfaits pour les \u00e9v\u00e9nements limit\u00e9s ou les parties d\u00e9contract\u00e9es entre amis, et chaque Booster favorise le plaisir de la construction de deck et du jeu &#8211; et contient au moins une carte Foil.      <\/p>\n","protected":false},"excerpt":{"rendered":"<p>L&#8217;\u00e9quipe Avatar est de retour ! L&#8217;action, l&#8217;aventure et l&#8217;esprit d&#8217;Avatar &#8211; Le Seigneur des \u00e9l\u00e9ments se r\u00e9veillent dans Magic<\/p>\n","protected":false},"featured_media":300906,"comment_status":"open","ping_status":"closed","template":"","meta":{"_acf_changed":false},"product_brand":[5168],"product_cat":[10165,9985,9967],"product_tag":[],"class_list":{"0":"post-314250","1":"product","2":"type-product","3":"status-publish","4":"has-post-thumbnail","6":"product_brand-magic-the-gathering","7":"product_cat-avatar-le-dernier-maitre-de-lair","8":"product_cat-booster-packs-fr","9":"product_cat-magic-the-gathering-fr","11":"first","12":"instock","13":"taxable","14":"shipping-taxable","15":"purchasable","16":"product-type-variable"},"acf":[],"yoast_head":"<!-- This site is optimized with the Yoast SEO plugin v27.4 - https:\/\/yoast.com\/product\/yoast-seo-wordpress\/ -->\n<title>Ach\u00e8te Magic - Avatar The Last Airbender (TLA) - Play Booster Pack<\/title>\n<meta name=\"description\" content=\"Ach\u00e8te Magic - Avatar The Last Airbender (TLA) - Play Booster Pack en ligne maintenant \u00e0 petit prix! Ton #1 shop pour cartes TCG &amp; Pok\u00e9mon en Suisse \u2713 Livraison gratuite d\u00e8s CHF 29\" \/>\n<meta name=\"robots\" content=\"index, follow, max-snippet:-1, max-image-preview:large, max-video-preview:-1\" \/>\n<link rel=\"canonical\" href=\"https:\/\/theuncommonshop.ch\/fr\/product\/magic-avatar-the-last-airbender-tla-play-booster-pack-2\/\" \/>\n<meta property=\"og:locale\" content=\"fr_FR\" \/>\n<meta property=\"og:type\" content=\"article\" \/>\n<meta property=\"og:title\" content=\"Ach\u00e8te Magic - Avatar The Last Airbender (TLA) - Play Booster Pack\" \/>\n<meta property=\"og:description\" content=\"Ach\u00e8te Magic - Avatar The Last Airbender (TLA) - Play Booster Pack en ligne maintenant \u00e0 petit prix! Ton #1 shop pour cartes TCG &amp; Pok\u00e9mon en Suisse \u2713 Livraison gratuite d\u00e8s CHF 29\" \/>\n<meta property=\"og:url\" content=\"https:\/\/theuncommonshop.ch\/fr\/product\/magic-avatar-the-last-airbender-tla-play-booster-pack-2\/\" \/>\n<meta property=\"og:site_name\" content=\"Largest trading card shop in Switzerland\" \/>\n<meta property=\"article:modified_time\" content=\"2026-04-01T00:29:46+00:00\" \/>\n<meta property=\"og:image\" content=\"https:\/\/theuncommonshop.ch\/wp-content\/uploads\/2025\/12\/AVP.jpg\" \/>\n\t<meta property=\"og:image:width\" content=\"559\" \/>\n\t<meta property=\"og:image:height\" content=\"1000\" \/>\n\t<meta property=\"og:image:type\" content=\"image\/jpeg\" \/>\n<meta name=\"twitter:card\" content=\"summary_large_image\" \/>\n<meta name=\"twitter:label1\" content=\"Disponibilit\u00e9\" \/>\n\t<meta name=\"twitter:data1\" content=\"En stock\" \/>\n<script type=\"application\/ld+json\" class=\"yoast-schema-graph\">{\"@context\":\"https:\\\/\\\/schema.org\",\"@graph\":[{\"@type\":\"WebPage\",\"@id\":\"https:\\\/\\\/theuncommonshop.ch\\\/fr\\\/product\\\/magic-avatar-the-last-airbender-tla-play-booster-pack-2\\\/\",\"url\":\"https:\\\/\\\/theuncommonshop.ch\\\/fr\\\/product\\\/magic-avatar-the-last-airbender-tla-play-booster-pack-2\\\/\",\"name\":\"Ach\u00e8te Magic - Avatar The Last Airbender (TLA) - Play Booster Pack\",\"isPartOf\":{\"@id\":\"https:\\\/\\\/theuncommonshop.ch\\\/#website\"},\"primaryImageOfPage\":{\"@id\":\"https:\\\/\\\/theuncommonshop.ch\\\/fr\\\/product\\\/magic-avatar-the-last-airbender-tla-play-booster-pack-2\\\/#primaryimage\"},\"image\":{\"@id\":\"https:\\\/\\\/theuncommonshop.ch\\\/fr\\\/product\\\/magic-avatar-the-last-airbender-tla-play-booster-pack-2\\\/#primaryimage\"},\"thumbnailUrl\":\"https:\\\/\\\/theuncommonshop.ch\\\/wp-content\\\/uploads\\\/2025\\\/12\\\/AVP.jpg\",\"datePublished\":\"2025-12-30T23:35:39+00:00\",\"dateModified\":\"2026-04-01T00:29:46+00:00\",\"description\":\"Ach\u00e8te Magic - Avatar The Last Airbender (TLA) - Play Booster Pack en ligne maintenant \u00e0 petit prix! Ton #1 shop pour cartes TCG & Pok\u00e9mon en Suisse \u2713 Livraison gratuite d\u00e8s CHF 29\",\"breadcrumb\":{\"@id\":\"https:\\\/\\\/theuncommonshop.ch\\\/fr\\\/product\\\/magic-avatar-the-last-airbender-tla-play-booster-pack-2\\\/#breadcrumb\"},\"inLanguage\":\"fr-FR\",\"potentialAction\":[{\"@type\":\"ReadAction\",\"target\":[\"https:\\\/\\\/theuncommonshop.ch\\\/fr\\\/product\\\/magic-avatar-the-last-airbender-tla-play-booster-pack-2\\\/\"]}]},{\"@type\":\"ImageObject\",\"inLanguage\":\"fr-FR\",\"@id\":\"https:\\\/\\\/theuncommonshop.ch\\\/fr\\\/product\\\/magic-avatar-the-last-airbender-tla-play-booster-pack-2\\\/#primaryimage\",\"url\":\"https:\\\/\\\/theuncommonshop.ch\\\/wp-content\\\/uploads\\\/2025\\\/12\\\/AVP.jpg\",\"contentUrl\":\"https:\\\/\\\/theuncommonshop.ch\\\/wp-content\\\/uploads\\\/2025\\\/12\\\/AVP.jpg\",\"width\":559,\"height\":1000},{\"@type\":\"BreadcrumbList\",\"@id\":\"https:\\\/\\\/theuncommonshop.ch\\\/fr\\\/product\\\/magic-avatar-the-last-airbender-tla-play-booster-pack-2\\\/#breadcrumb\",\"itemListElement\":[{\"@type\":\"ListItem\",\"position\":1,\"name\":\"Accueil\",\"item\":\"https:\\\/\\\/theuncommonshop.ch\\\/fr\\\/accueil\\\/\"},{\"@type\":\"ListItem\",\"position\":2,\"name\":\"Boutique\",\"item\":\"https:\\\/\\\/theuncommonshop.ch\\\/fr\\\/boutique\\\/\"},{\"@type\":\"ListItem\",\"position\":3,\"name\":\"Magic the Gathering\",\"item\":\"https:\\\/\\\/theuncommonshop.ch\\\/produktkategorie\\\/magic-the-gathering\\\/\"},{\"@type\":\"ListItem\",\"position\":4,\"name\":\"Produkte nach Sets\",\"item\":\"https:\\\/\\\/theuncommonshop.ch\\\/produktkategorie\\\/magic-the-gathering\\\/produkte-nach-sets-mtg\\\/\"},{\"@type\":\"ListItem\",\"position\":5,\"name\":\"Avatar \u2013 Der Herr der Elemente\",\"item\":\"https:\\\/\\\/theuncommonshop.ch\\\/produktkategorie\\\/magic-the-gathering\\\/produkte-nach-sets-mtg\\\/mtg-avatar-herr-der-elemente\\\/\"},{\"@type\":\"ListItem\",\"position\":6,\"name\":\"Magic &#8211; Avatar The Last Airbender (TLA) &#8211; Play Booster Pack\"}]},{\"@type\":\"WebSite\",\"@id\":\"https:\\\/\\\/theuncommonshop.ch\\\/#website\",\"url\":\"https:\\\/\\\/theuncommonshop.ch\\\/\",\"name\":\"Largest trading card shop in Switzerland\",\"description\":\"Magic, Pok\u00e9mon and Yu-gi-oh - The Uncommon Shop\",\"potentialAction\":[{\"@type\":\"SearchAction\",\"target\":{\"@type\":\"EntryPoint\",\"urlTemplate\":\"https:\\\/\\\/theuncommonshop.ch\\\/?s={search_term_string}\"},\"query-input\":{\"@type\":\"PropertyValueSpecification\",\"valueRequired\":true,\"valueName\":\"search_term_string\"}}],\"inLanguage\":\"fr-FR\"}]}<\/script>\n<meta property=\"og:availability\" content=\"instock\" \/>\n<meta property=\"product:availability\" content=\"instock\" \/>\n<meta property=\"product:condition\" content=\"new\" \/>\n<!-- \/ Yoast SEO plugin. -->","yoast_head_json":{"title":"Ach\u00e8te Magic - Avatar The Last Airbender (TLA) - Play Booster Pack","description":"Ach\u00e8te Magic - Avatar The Last Airbender (TLA) - Play Booster Pack en ligne maintenant \u00e0 petit prix! Ton #1 shop pour cartes TCG & Pok\u00e9mon en Suisse \u2713 Livraison gratuite d\u00e8s CHF 29","robots":{"index":"index","follow":"follow","max-snippet":"max-snippet:-1","max-image-preview":"max-image-preview:large","max-video-preview":"max-video-preview:-1"},"canonical":"https:\/\/theuncommonshop.ch\/fr\/product\/magic-avatar-the-last-airbender-tla-play-booster-pack-2\/","og_locale":"fr_FR","og_type":"article","og_title":"Ach\u00e8te Magic - Avatar The Last Airbender (TLA) - Play Booster Pack","og_description":"Ach\u00e8te Magic - Avatar The Last Airbender (TLA) - Play Booster Pack en ligne maintenant \u00e0 petit prix! Ton #1 shop pour cartes TCG & Pok\u00e9mon en Suisse \u2713 Livraison gratuite d\u00e8s CHF 29","og_url":"https:\/\/theuncommonshop.ch\/fr\/product\/magic-avatar-the-last-airbender-tla-play-booster-pack-2\/","og_site_name":"Largest trading card shop in Switzerland","article_modified_time":"2026-04-01T00:29:46+00:00","og_image":[{"width":559,"height":1000,"url":"https:\/\/theuncommonshop.ch\/wp-content\/uploads\/2025\/12\/AVP.jpg","type":"image\/jpeg"}],"twitter_card":"summary_large_image","twitter_misc":{"Disponibilit\u00e9":"En stock"},"schema":{"@context":"https:\/\/schema.org","@graph":[{"@type":"WebPage","@id":"https:\/\/theuncommonshop.ch\/fr\/product\/magic-avatar-the-last-airbender-tla-play-booster-pack-2\/","url":"https:\/\/theuncommonshop.ch\/fr\/product\/magic-avatar-the-last-airbender-tla-play-booster-pack-2\/","name":"Ach\u00e8te Magic - Avatar The Last Airbender (TLA) - Play Booster Pack","isPartOf":{"@id":"https:\/\/theuncommonshop.ch\/#website"},"primaryImageOfPage":{"@id":"https:\/\/theuncommonshop.ch\/fr\/product\/magic-avatar-the-last-airbender-tla-play-booster-pack-2\/#primaryimage"},"image":{"@id":"https:\/\/theuncommonshop.ch\/fr\/product\/magic-avatar-the-last-airbender-tla-play-booster-pack-2\/#primaryimage"},"thumbnailUrl":"https:\/\/theuncommonshop.ch\/wp-content\/uploads\/2025\/12\/AVP.jpg","datePublished":"2025-12-30T23:35:39+00:00","dateModified":"2026-04-01T00:29:46+00:00","description":"Ach\u00e8te Magic - Avatar The Last Airbender (TLA) - Play Booster Pack en ligne maintenant \u00e0 petit prix! Ton #1 shop pour cartes TCG & Pok\u00e9mon en Suisse \u2713 Livraison gratuite d\u00e8s CHF 29","breadcrumb":{"@id":"https:\/\/theuncommonshop.ch\/fr\/product\/magic-avatar-the-last-airbender-tla-play-booster-pack-2\/#breadcrumb"},"inLanguage":"fr-FR","potentialAction":[{"@type":"ReadAction","target":["https:\/\/theuncommonshop.ch\/fr\/product\/magic-avatar-the-last-airbender-tla-play-booster-pack-2\/"]}]},{"@type":"ImageObject","inLanguage":"fr-FR","@id":"https:\/\/theuncommonshop.ch\/fr\/product\/magic-avatar-the-last-airbender-tla-play-booster-pack-2\/#primaryimage","url":"https:\/\/theuncommonshop.ch\/wp-content\/uploads\/2025\/12\/AVP.jpg","contentUrl":"https:\/\/theuncommonshop.ch\/wp-content\/uploads\/2025\/12\/AVP.jpg","width":559,"height":1000},{"@type":"BreadcrumbList","@id":"https:\/\/theuncommonshop.ch\/fr\/product\/magic-avatar-the-last-airbender-tla-play-booster-pack-2\/#breadcrumb","itemListElement":[{"@type":"ListItem","position":1,"name":"Accueil","item":"https:\/\/theuncommonshop.ch\/fr\/accueil\/"},{"@type":"ListItem","position":2,"name":"Boutique","item":"https:\/\/theuncommonshop.ch\/fr\/boutique\/"},{"@type":"ListItem","position":3,"name":"Magic the Gathering","item":"https:\/\/theuncommonshop.ch\/produktkategorie\/magic-the-gathering\/"},{"@type":"ListItem","position":4,"name":"Produkte nach Sets","item":"https:\/\/theuncommonshop.ch\/produktkategorie\/magic-the-gathering\/produkte-nach-sets-mtg\/"},{"@type":"ListItem","position":5,"name":"Avatar \u2013 Der Herr der Elemente","item":"https:\/\/theuncommonshop.ch\/produktkategorie\/magic-the-gathering\/produkte-nach-sets-mtg\/mtg-avatar-herr-der-elemente\/"},{"@type":"ListItem","position":6,"name":"Magic &#8211; Avatar The Last Airbender (TLA) &#8211; Play Booster Pack"}]},{"@type":"WebSite","@id":"https:\/\/theuncommonshop.ch\/#website","url":"https:\/\/theuncommonshop.ch\/","name":"Largest trading card shop in Switzerland","description":"Magic, Pok\u00e9mon and Yu-gi-oh - The Uncommon Shop","potentialAction":[{"@type":"SearchAction","target":{"@type":"EntryPoint","urlTemplate":"https:\/\/theuncommonshop.ch\/?s={search_term_string}"},"query-input":{"@type":"PropertyValueSpecification","valueRequired":true,"valueName":"search_term_string"}}],"inLanguage":"fr-FR"}]},"og_availability":"instock","product_availability":"instock","product_condition":"new"},"_links":{"self":[{"href":"https:\/\/theuncommonshop.ch\/fr\/wp-json\/wp\/v2\/product\/314250","targetHints":{"allow":["GET"]}}],"collection":[{"href":"https:\/\/theuncommonshop.ch\/fr\/wp-json\/wp\/v2\/product"}],"about":[{"href":"https:\/\/theuncommonshop.ch\/fr\/wp-json\/wp\/v2\/types\/product"}],"replies":[{"embeddable":true,"href":"https:\/\/theuncommonshop.ch\/fr\/wp-json\/wp\/v2\/comments?post=314250"}],"version-history":[{"count":1,"href":"https:\/\/theuncommonshop.ch\/fr\/wp-json\/wp\/v2\/product\/314250\/revisions"}],"predecessor-version":[{"id":314256,"href":"https:\/\/theuncommonshop.ch\/fr\/wp-json\/wp\/v2\/product\/314250\/revisions\/314256"}],"wp:featuredmedia":[{"embeddable":true,"href":"https:\/\/theuncommonshop.ch\/fr\/wp-json\/wp\/v2\/media\/300906"}],"wp:attachment":[{"href":"https:\/\/theuncommonshop.ch\/fr\/wp-json\/wp\/v2\/media?parent=314250"}],"wp:term":[{"taxonomy":"product_brand","embeddable":true,"href":"https:\/\/theuncommonshop.ch\/fr\/wp-json\/wp\/v2\/product_brand?post=314250"},{"taxonomy":"product_cat","embeddable":true,"href":"https:\/\/theuncommonshop.ch\/fr\/wp-json\/wp\/v2\/product_cat?post=314250"},{"taxonomy":"product_tag","embeddable":true,"href":"https:\/\/theuncommonshop.ch\/fr\/wp-json\/wp\/v2\/product_tag?post=314250"}],"curies":[{"name":"wp","href":"https:\/\/api.w.org\/{rel}","templated":true}]}}