{"id":314200,"date":"2025-12-30T23:22:00","date_gmt":"2025-12-30T22:22:00","guid":{"rendered":"http:\/\/theuncommonshop.ch\/produkt\/314200\/"},"modified":"2026-03-08T22:47:51","modified_gmt":"2026-03-08T21:47:51","slug":"gundam-card-game-heroic-beginnings-st01a-assemble-starter-deck-en-2","status":"publish","type":"product","link":"https:\/\/theuncommonshop.ch\/fr\/product\/gundam-card-game-heroic-beginnings-st01a-assemble-starter-deck-en-2\/","title":{"rendered":"Gundam Card Game &#8211; Heroic Beginnings (ST01A) &#8211; Assemble Starter Deck &#8211; EN"},"content":{"rendered":"<p>Les Starter Sets GUNDAM ASSEMBLE contiennent les m\u00eames cartes et le m\u00eame contenu que les Starter Decks, mais avec en plus 3 GUNDAM ASSEMBLE diff\u00e9rents (miniatures Gunpla) ! Chaque GUNDAM ASSEMBLE est fourni sous la forme d&#8217;un runner (cadre en plastique jetable contenant des pi\u00e8ces de mod\u00e8le) que l&#8217;utilisateur peut assembler. Les utilisateurs peuvent les personnaliser avec de la peinture et plus encore pour cr\u00e9er une exp\u00e9rience unique !  <\/p>\n<p>&#8211; Chaque deck contient 1 pack bonus contenant 1 des 16 cartes de ce deck dans une finition holographique sp\u00e9ciale full art. Certains decks contiennent toutes les cartes dans cette version ! <\/p>\n<p>&#8211; Heroic Beginnings [ST01] Un deck bleu et blanc \u00e9quilibr\u00e9 avec des h\u00e9ros des s\u00e9ries classiques et nouvelles de Gundam &#8211; Amuro Ray\/Gundam et Suletta Mercury\/Gundam Aerial.<\/p>\n<p>3x GUNDAM ASSEMBLE (miniatures de Gunpla)<\/p>\n<p>1x deck de 50 cartes pr\u00eat \u00e0 jouer<\/p>\n<p>10x cartes de ressources<\/p>\n<p>8x cartes jetons<\/p>\n<p>1x marqueur de dommages papier<\/p>\n<p>2x feuille de r\u00e8gles\/de jeu<\/p>\n<p>1x Bonus Packs<\/p>\n","protected":false},"excerpt":{"rendered":"<p>Les Starter Sets GUNDAM ASSEMBLE contiennent les m\u00eames cartes et le m\u00eame contenu que les Starter Decks, mais avec en<\/p>\n","protected":false},"featured_media":260404,"comment_status":"open","ping_status":"closed","template":"","meta":{"_acf_changed":false},"product_brand":[5100],"product_cat":[10287],"product_tag":[],"class_list":{"0":"post-314200","1":"product","2":"type-product","3":"status-publish","4":"has-post-thumbnail","6":"product_brand-bandai-tcg","7":"product_cat-gundam","9":"first","10":"outofstock","11":"taxable","12":"shipping-taxable","13":"purchasable","14":"product-type-variable"},"acf":[],"yoast_head":"<!-- This site is optimized with the Yoast SEO plugin v27.4 - https:\/\/yoast.com\/product\/yoast-seo-wordpress\/ -->\n<title>Ach\u00e8te Gundam Card Game - Heroic Beginnings (ST01A) - Assemble Starter Deck - EN<\/title>\n<meta name=\"description\" content=\"Ach\u00e8te Gundam Card Game - Heroic Beginnings (ST01A) - Assemble Starter Deck - EN en ligne maintenant \u00e0 petit prix! Ton #1 shop pour cartes TCG &amp; Pok\u00e9mon en Suisse \u2713 Livraison gratuite d\u00e8s CHF 29\" \/>\n<meta name=\"robots\" content=\"index, follow, max-snippet:-1, max-image-preview:large, max-video-preview:-1\" \/>\n<link rel=\"canonical\" href=\"https:\/\/theuncommonshop.ch\/fr\/product\/gundam-card-game-heroic-beginnings-st01a-assemble-starter-deck-en-2\/\" \/>\n<meta property=\"og:locale\" content=\"fr_FR\" \/>\n<meta property=\"og:type\" content=\"article\" \/>\n<meta property=\"og:title\" content=\"Ach\u00e8te Gundam Card Game - Heroic Beginnings (ST01A) - Assemble Starter Deck - EN\" \/>\n<meta property=\"og:description\" content=\"Ach\u00e8te Gundam Card Game - Heroic Beginnings (ST01A) - Assemble Starter Deck - EN en ligne maintenant \u00e0 petit prix! Ton #1 shop pour cartes TCG &amp; Pok\u00e9mon en Suisse \u2713 Livraison gratuite d\u00e8s CHF 29\" \/>\n<meta property=\"og:url\" content=\"https:\/\/theuncommonshop.ch\/fr\/product\/gundam-card-game-heroic-beginnings-st01a-assemble-starter-deck-en-2\/\" \/>\n<meta property=\"og:site_name\" content=\"The Uncommon Shop\" \/>\n<meta property=\"article:modified_time\" content=\"2026-03-08T21:47:51+00:00\" \/>\n<meta property=\"og:image\" content=\"https:\/\/theuncommonshop.ch\/wp-content\/uploads\/2025\/12\/5062728809.jpg\" \/>\n\t<meta property=\"og:image:width\" content=\"1000\" \/>\n\t<meta property=\"og:image:height\" content=\"924\" \/>\n\t<meta property=\"og:image:type\" content=\"image\/jpeg\" \/>\n<meta name=\"twitter:card\" content=\"summary_large_image\" \/>\n<meta name=\"twitter:label1\" content=\"Disponibilit\u00e9\" \/>\n\t<meta name=\"twitter:data1\" content=\"Rupture de stock\" \/>\n<script type=\"application\/ld+json\" class=\"yoast-schema-graph\">{\"@context\":\"https:\\\/\\\/schema.org\",\"@graph\":[{\"@type\":\"WebPage\",\"@id\":\"https:\\\/\\\/theuncommonshop.ch\\\/fr\\\/product\\\/gundam-card-game-heroic-beginnings-st01a-assemble-starter-deck-en-2\\\/\",\"url\":\"https:\\\/\\\/theuncommonshop.ch\\\/fr\\\/product\\\/gundam-card-game-heroic-beginnings-st01a-assemble-starter-deck-en-2\\\/\",\"name\":\"Ach\u00e8te Gundam Card Game - Heroic Beginnings (ST01A) - Assemble Starter Deck - EN\",\"isPartOf\":{\"@id\":\"https:\\\/\\\/theuncommonshop.ch\\\/fr\\\/#website\"},\"primaryImageOfPage\":{\"@id\":\"https:\\\/\\\/theuncommonshop.ch\\\/fr\\\/product\\\/gundam-card-game-heroic-beginnings-st01a-assemble-starter-deck-en-2\\\/#primaryimage\"},\"image\":{\"@id\":\"https:\\\/\\\/theuncommonshop.ch\\\/fr\\\/product\\\/gundam-card-game-heroic-beginnings-st01a-assemble-starter-deck-en-2\\\/#primaryimage\"},\"thumbnailUrl\":\"https:\\\/\\\/theuncommonshop.ch\\\/wp-content\\\/uploads\\\/2025\\\/12\\\/5062728809.jpg\",\"datePublished\":\"2025-12-30T22:22:00+00:00\",\"dateModified\":\"2026-03-08T21:47:51+00:00\",\"description\":\"Ach\u00e8te Gundam Card Game - Heroic Beginnings (ST01A) - Assemble Starter Deck - EN en ligne maintenant \u00e0 petit prix! Ton #1 shop pour cartes TCG & Pok\u00e9mon en Suisse \u2713 Livraison gratuite d\u00e8s CHF 29\",\"breadcrumb\":{\"@id\":\"https:\\\/\\\/theuncommonshop.ch\\\/fr\\\/product\\\/gundam-card-game-heroic-beginnings-st01a-assemble-starter-deck-en-2\\\/#breadcrumb\"},\"inLanguage\":\"fr-FR\",\"potentialAction\":[{\"@type\":\"ReadAction\",\"target\":[\"https:\\\/\\\/theuncommonshop.ch\\\/fr\\\/product\\\/gundam-card-game-heroic-beginnings-st01a-assemble-starter-deck-en-2\\\/\"]}]},{\"@type\":\"ImageObject\",\"inLanguage\":\"fr-FR\",\"@id\":\"https:\\\/\\\/theuncommonshop.ch\\\/fr\\\/product\\\/gundam-card-game-heroic-beginnings-st01a-assemble-starter-deck-en-2\\\/#primaryimage\",\"url\":\"https:\\\/\\\/theuncommonshop.ch\\\/wp-content\\\/uploads\\\/2025\\\/12\\\/5062728809.jpg\",\"contentUrl\":\"https:\\\/\\\/theuncommonshop.ch\\\/wp-content\\\/uploads\\\/2025\\\/12\\\/5062728809.jpg\",\"width\":1000,\"height\":924},{\"@type\":\"BreadcrumbList\",\"@id\":\"https:\\\/\\\/theuncommonshop.ch\\\/fr\\\/product\\\/gundam-card-game-heroic-beginnings-st01a-assemble-starter-deck-en-2\\\/#breadcrumb\",\"itemListElement\":[{\"@type\":\"ListItem\",\"position\":1,\"name\":\"Accueil\",\"item\":\"https:\\\/\\\/theuncommonshop.ch\\\/fr\\\/accueil\\\/\"},{\"@type\":\"ListItem\",\"position\":2,\"name\":\"Boutique\",\"item\":\"https:\\\/\\\/theuncommonshop.ch\\\/fr\\\/boutique\\\/\"},{\"@type\":\"ListItem\",\"position\":3,\"name\":\"Autres cartes \u00e0 collectionner\",\"item\":\"https:\\\/\\\/theuncommonshop.ch\\\/fr\\\/categorie-produit\\\/autres-cartes-a-collectionner\\\/\"},{\"@type\":\"ListItem\",\"position\":4,\"name\":\"Gundam\",\"item\":\"https:\\\/\\\/theuncommonshop.ch\\\/fr\\\/categorie-produit\\\/autres-cartes-a-collectionner\\\/gundam\\\/\"},{\"@type\":\"ListItem\",\"position\":5,\"name\":\"Gundam Card Game &#8211; Heroic Beginnings (ST01A) &#8211; Assemble Starter Deck &#8211; EN\"}]},{\"@type\":\"WebSite\",\"@id\":\"https:\\\/\\\/theuncommonshop.ch\\\/fr\\\/#website\",\"url\":\"https:\\\/\\\/theuncommonshop.ch\\\/fr\\\/\",\"name\":\"The Uncommon Shop\",\"description\":\"Magic, Pok\u00e9mon and Yu-gi-oh - The Uncommon Shop\",\"potentialAction\":[{\"@type\":\"SearchAction\",\"target\":{\"@type\":\"EntryPoint\",\"urlTemplate\":\"https:\\\/\\\/theuncommonshop.ch\\\/fr\\\/?s={search_term_string}\"},\"query-input\":{\"@type\":\"PropertyValueSpecification\",\"valueRequired\":true,\"valueName\":\"search_term_string\"}}],\"inLanguage\":\"fr-FR\"}]}<\/script>\n<meta property=\"og:availability\" content=\"out of stock\" \/>\n<meta property=\"product:availability\" content=\"out of stock\" \/>\n<meta property=\"product:retailer_item_id\" content=\"66173\" \/>\n<meta property=\"product:condition\" content=\"new\" \/>\n<!-- \/ Yoast SEO plugin. -->","yoast_head_json":{"title":"Ach\u00e8te Gundam Card Game - Heroic Beginnings (ST01A) - Assemble Starter Deck - EN","description":"Ach\u00e8te Gundam Card Game - Heroic Beginnings (ST01A) - Assemble Starter Deck - EN en ligne maintenant \u00e0 petit prix! Ton #1 shop pour cartes TCG & Pok\u00e9mon en Suisse \u2713 Livraison gratuite d\u00e8s CHF 29","robots":{"index":"index","follow":"follow","max-snippet":"max-snippet:-1","max-image-preview":"max-image-preview:large","max-video-preview":"max-video-preview:-1"},"canonical":"https:\/\/theuncommonshop.ch\/fr\/product\/gundam-card-game-heroic-beginnings-st01a-assemble-starter-deck-en-2\/","og_locale":"fr_FR","og_type":"article","og_title":"Ach\u00e8te Gundam Card Game - Heroic Beginnings (ST01A) - Assemble Starter Deck - EN","og_description":"Ach\u00e8te Gundam Card Game - Heroic Beginnings (ST01A) - Assemble Starter Deck - EN en ligne maintenant \u00e0 petit prix! Ton #1 shop pour cartes TCG & Pok\u00e9mon en Suisse \u2713 Livraison gratuite d\u00e8s CHF 29","og_url":"https:\/\/theuncommonshop.ch\/fr\/product\/gundam-card-game-heroic-beginnings-st01a-assemble-starter-deck-en-2\/","og_site_name":"The Uncommon Shop","article_modified_time":"2026-03-08T21:47:51+00:00","og_image":[{"width":1000,"height":924,"url":"https:\/\/theuncommonshop.ch\/wp-content\/uploads\/2025\/12\/5062728809.jpg","type":"image\/jpeg"}],"twitter_card":"summary_large_image","twitter_misc":{"Disponibilit\u00e9":"Rupture de stock"},"schema":{"@context":"https:\/\/schema.org","@graph":[{"@type":"WebPage","@id":"https:\/\/theuncommonshop.ch\/fr\/product\/gundam-card-game-heroic-beginnings-st01a-assemble-starter-deck-en-2\/","url":"https:\/\/theuncommonshop.ch\/fr\/product\/gundam-card-game-heroic-beginnings-st01a-assemble-starter-deck-en-2\/","name":"Ach\u00e8te Gundam Card Game - Heroic Beginnings (ST01A) - Assemble Starter Deck - EN","isPartOf":{"@id":"https:\/\/theuncommonshop.ch\/fr\/#website"},"primaryImageOfPage":{"@id":"https:\/\/theuncommonshop.ch\/fr\/product\/gundam-card-game-heroic-beginnings-st01a-assemble-starter-deck-en-2\/#primaryimage"},"image":{"@id":"https:\/\/theuncommonshop.ch\/fr\/product\/gundam-card-game-heroic-beginnings-st01a-assemble-starter-deck-en-2\/#primaryimage"},"thumbnailUrl":"https:\/\/theuncommonshop.ch\/wp-content\/uploads\/2025\/12\/5062728809.jpg","datePublished":"2025-12-30T22:22:00+00:00","dateModified":"2026-03-08T21:47:51+00:00","description":"Ach\u00e8te Gundam Card Game - Heroic Beginnings (ST01A) - Assemble Starter Deck - EN en ligne maintenant \u00e0 petit prix! Ton #1 shop pour cartes TCG & Pok\u00e9mon en Suisse \u2713 Livraison gratuite d\u00e8s CHF 29","breadcrumb":{"@id":"https:\/\/theuncommonshop.ch\/fr\/product\/gundam-card-game-heroic-beginnings-st01a-assemble-starter-deck-en-2\/#breadcrumb"},"inLanguage":"fr-FR","potentialAction":[{"@type":"ReadAction","target":["https:\/\/theuncommonshop.ch\/fr\/product\/gundam-card-game-heroic-beginnings-st01a-assemble-starter-deck-en-2\/"]}]},{"@type":"ImageObject","inLanguage":"fr-FR","@id":"https:\/\/theuncommonshop.ch\/fr\/product\/gundam-card-game-heroic-beginnings-st01a-assemble-starter-deck-en-2\/#primaryimage","url":"https:\/\/theuncommonshop.ch\/wp-content\/uploads\/2025\/12\/5062728809.jpg","contentUrl":"https:\/\/theuncommonshop.ch\/wp-content\/uploads\/2025\/12\/5062728809.jpg","width":1000,"height":924},{"@type":"BreadcrumbList","@id":"https:\/\/theuncommonshop.ch\/fr\/product\/gundam-card-game-heroic-beginnings-st01a-assemble-starter-deck-en-2\/#breadcrumb","itemListElement":[{"@type":"ListItem","position":1,"name":"Accueil","item":"https:\/\/theuncommonshop.ch\/fr\/accueil\/"},{"@type":"ListItem","position":2,"name":"Boutique","item":"https:\/\/theuncommonshop.ch\/fr\/boutique\/"},{"@type":"ListItem","position":3,"name":"Autres cartes \u00e0 collectionner","item":"https:\/\/theuncommonshop.ch\/fr\/categorie-produit\/autres-cartes-a-collectionner\/"},{"@type":"ListItem","position":4,"name":"Gundam","item":"https:\/\/theuncommonshop.ch\/fr\/categorie-produit\/autres-cartes-a-collectionner\/gundam\/"},{"@type":"ListItem","position":5,"name":"Gundam Card Game &#8211; Heroic Beginnings (ST01A) &#8211; Assemble Starter Deck &#8211; EN"}]},{"@type":"WebSite","@id":"https:\/\/theuncommonshop.ch\/fr\/#website","url":"https:\/\/theuncommonshop.ch\/fr\/","name":"The Uncommon Shop","description":"Magic, Pok\u00e9mon and Yu-gi-oh - The Uncommon Shop","potentialAction":[{"@type":"SearchAction","target":{"@type":"EntryPoint","urlTemplate":"https:\/\/theuncommonshop.ch\/fr\/?s={search_term_string}"},"query-input":{"@type":"PropertyValueSpecification","valueRequired":true,"valueName":"search_term_string"}}],"inLanguage":"fr-FR"}]},"og_availability":"out of stock","product_availability":"out of stock","product_retailer_item_id":"66173","product_condition":"new"},"_links":{"self":[{"href":"https:\/\/theuncommonshop.ch\/fr\/wp-json\/wp\/v2\/product\/314200","targetHints":{"allow":["GET"]}}],"collection":[{"href":"https:\/\/theuncommonshop.ch\/fr\/wp-json\/wp\/v2\/product"}],"about":[{"href":"https:\/\/theuncommonshop.ch\/fr\/wp-json\/wp\/v2\/types\/product"}],"replies":[{"embeddable":true,"href":"https:\/\/theuncommonshop.ch\/fr\/wp-json\/wp\/v2\/comments?post=314200"}],"version-history":[{"count":0,"href":"https:\/\/theuncommonshop.ch\/fr\/wp-json\/wp\/v2\/product\/314200\/revisions"}],"wp:featuredmedia":[{"embeddable":true,"href":"https:\/\/theuncommonshop.ch\/fr\/wp-json\/wp\/v2\/media\/260404"}],"wp:attachment":[{"href":"https:\/\/theuncommonshop.ch\/fr\/wp-json\/wp\/v2\/media?parent=314200"}],"wp:term":[{"taxonomy":"product_brand","embeddable":true,"href":"https:\/\/theuncommonshop.ch\/fr\/wp-json\/wp\/v2\/product_brand?post=314200"},{"taxonomy":"product_cat","embeddable":true,"href":"https:\/\/theuncommonshop.ch\/fr\/wp-json\/wp\/v2\/product_cat?post=314200"},{"taxonomy":"product_tag","embeddable":true,"href":"https:\/\/theuncommonshop.ch\/fr\/wp-json\/wp\/v2\/product_tag?post=314200"}],"curies":[{"name":"wp","href":"https:\/\/api.w.org\/{rel}","templated":true}]}}